{"id":368,"date":"2020-10-20T21:17:49","date_gmt":"2020-10-20T19:17:49","guid":{"rendered":"https:\/\/www.leaplytics.de\/?page_id=368"},"modified":"2020-10-20T21:32:37","modified_gmt":"2020-10-20T19:32:37","slug":"%d8%a8%d8%b5%d9%85%d8%a9","status":"publish","type":"page","link":"https:\/\/www.leaplytics.de\/ar\/%d8%a8%d8%b5%d9%85%d8%a9\/","title":{"rendered":"\u0628\u0635\u0645\u0629"},"content":{"rendered":"<p>Angaben gemaben gem\u00e4\u00df \u00a7 5 TMG<\/p><p>\u0634\u0631\u0643\u0629 \u0644\u064a\u0628 \u0644\u0627\u064a\u062a\u064a\u0643\u0633 \u0627\u0644\u0645\u062d\u062f\u0648\u062f\u0629<br \/>\u0633\u062a\u064a\u0641\u0627\u0646 \u0628\u0631\u0648\u0633\u0644\u0631 \u0648\u062f\u0648\u0645\u064a\u0646\u064a\u0643 \u062c\u0627\u0644\u0634\u064a\u0645\u0631<br \/>\u0627\u0644\u0637\u0631\u064a\u0642 \u0627\u0644\u0623\u0644\u0645\u0627\u0646\u064a \u0631\u0642\u0645 18<br \/>63128 \u062f\u064a\u062a\u0632\u064a\u0646\u0628\u0627\u062e<br \/>\u0627\u0644\u0645\u0627\u0646\u064a\u0627<br \/><\/p><p><b>Vertretreten durch:<\/b> \u0633\u062a\u064a\u0641\u0627\u0646 \u0628\u0631\u0648\u0633\u0644\u0631 \u0648\u062f\u0648\u0645\u064a\u0646\u064a\u0643 \u062c\u0627\u0644\u0634\u064a\u0645\u0631<br \/><\/p><p><b>\u0643\u0648\u0646\u062a\u0627\u0643\u062a<\/b><br\/>\u0627\u0644\u0628\u0631\u064a\u062f \u0627\u0644\u0625\u0644\u0643\u062a\u0631\u0648\u0646\u064a: <img decoding=\"async\" class=\"dsgvoaio_emailpng\" src=\"https:\/\/www.leaplytics.de\/wp-content\/dsgvo-all-in-one-wp-pro\/sserdaliame.png\"><br\/><\/p><p><b>\u0627\u0644\u062a\u0633\u062c\u064a\u0644<\/b><br\/>\u0631\u064a\u062c\u0631\u062c\u0631\u064a\u062e\u062a Amtsgericht Offenbach am Main<br\/>\u0631\u0642\u0645 \u0627\u0644\u062a\u0633\u062c\u064a\u0644: HRB 53774<br\/><\/p><p><b>Umsatzstesteuer-ID:<\/b> \u062f\u064a344747402<\/p><b>\u0647\u0641\u062a\u0648\u0646\u063a\u0633\u0627\u0648\u0634\u0644\u0648\u0633<\/b><br \/><b>\u0647\u0627\u0641\u062a\u0648\u0646\u062c \u0641\u0648\u0631 \u0644\u064a\u0646\u0643\u0633<\/b><p>\u064a\u062d\u062a\u0648\u064a Unser Angebot \u0627\u0644\u062e\u0627\u0635 \u0628\u0646\u0627 \u0639\u0644\u0649 \u0631\u0648\u0627\u0628\u0637 \u0644\u0645\u0648\u0627\u0642\u0639 \u0648\u064a\u0628 \u062e\u0627\u0631\u062c\u064a\u0629\u060c \u0648\u0627\u0644\u062a\u064a \u0644\u0627 \u0646\u0631\u064a\u062f \u0623\u0646 \u064a\u0643\u0648\u0646 \u0644\u0647\u0627 \u062a\u0623\u062b\u064a\u0631 \u0639\u0644\u0649 \u0647\u0630\u0647 \u0627\u0644\u0631\u0648\u0627\u0628\u0637. \u0644\u0630\u0644\u0643 \u0644\u0627 \u064a\u062c\u0648\u0632 \u0644\u0646\u0627 \u0623\u0646 \u0646\u0637\u0644\u0628 \u0645\u0646 \u0647\u0630\u0647 \u0627\u0644\u0631\u0648\u0627\u0628\u0637 \u0627\u0644\u062d\u0631\u0629 \u0623\u0646 \u0646\u0623\u062e\u0630\u0647\u0627. \u0628\u0627\u0644\u0646\u0633\u0628\u0629 \u0644\u0644\u0645\u0648\u0627\u062f \u0627\u0644\u062a\u064a \u062a\u062d\u062a\u0648\u064a \u0639\u0644\u0649 \u0645\u0634\u0627\u0647\u062f\u0627\u062a \u063a\u064a\u0631 \u0645\u062a\u0635\u0644\u0629 \u0628\u0627\u0644\u0635\u0641\u062d\u0627\u062a \u064a\u062c\u0628 \u0623\u0646 \u064a\u0643\u0648\u0646 \u0647\u0646\u0627\u0643 \u0645\u0627 \u0647\u0648 \u0623\u0643\u062b\u0631 \u0645\u0646 \u0630\u0644\u0643. Die verlinktten Seiten wurden zum Zeitpunkt der Verlinkung auf m\u00f6gliche Rechtsverst\u00f6\u00dfe \u00fcberpr\u00fcft. \u0644\u0645 \u064a\u062a\u0645 \u0627\u0644\u0625\u0628\u0644\u0627\u063a \u0639\u0646 \u0623\u064a \u0645\u0646 \u0627\u0644\u0641\u0642\u0631\u0627\u062a \u0627\u0644\u0648\u0627\u0631\u062f\u0629 \u0641\u064a Rechtswidrige Inhalte zum Zeitpunkt der Verlinkung. \u0625\u0646 \u0627\u0644\u062a\u062d\u0643\u0645 \u0627\u0644\u062f\u0627\u0626\u0645 \u0641\u064a \u0627\u0644\u062a\u062d\u0643\u0645 \u0627\u0644\u062f\u0627\u0626\u0645 \u0641\u064a \u0627\u0644\u0645\u0634\u0627\u0647\u062f \u0627\u0644\u062a\u064a \u062a\u0645 \u0631\u0628\u0637\u0647\u0627 \u0628\u0627\u0644\u0631\u0627\u0628\u0637 \u0644\u064a\u0633 \u0623\u0645\u0631\u0627\u064b \u0636\u0631\u0648\u0631\u064a\u0627\u064b. \u0641\u064a \u062d\u0627\u0644\u0629 \u0648\u062c\u0648\u062f \u0631\u0648\u0627\u0628\u0637 \u063a\u064a\u0631 \u0645\u062a\u0648\u0641\u0631\u0629 \u0639\u0644\u0649 \u0645\u0648\u0642\u0639 Rechtsverletzungen\u060c \u0641\u0625\u0646 \u0627\u0644\u0631\u0648\u0627\u0628\u0637 \u063a\u064a\u0631 \u0645\u062a\u0648\u0641\u0631\u0629.<\/p><b>\u0647\u0641\u062a\u0648\u0646\u062c \u0641\u0648\u0631 \u0625\u0646\u0647\u0627\u0644\u062a:<\/b><p>Die Inhalte unserer Seiten wurden mit gr\u00f6\u00dfer Sorgfalt erstellt. \u0644\u0627 \u064a\u062c\u0648\u0632 \u0644\u0646\u0627 \u0623\u0646 \u0646\u0637\u0644\u0628 \u0645\u0646 \u0623\u062c\u0644 \u0627\u0644\u062d\u0635\u0648\u0644 \u0639\u0644\u0649 \u0645\u0639\u0644\u0648\u0645\u0627\u062a \u062f\u0642\u064a\u0642\u0629 \u0648\u0643\u0627\u0645\u0644\u0629 \u0648\u062f\u0642\u064a\u0642\u0629 \u0639\u0646 \u0627\u0644\u0645\u062d\u062a\u0648\u0649 \u0623\u0646 \u0646\u0623\u062e\u0630\u0647\u0627 \u0639\u0644\u0649 \u0645\u062d\u0645\u0644 \u0627\u0644\u062c\u062f. \u0648\u0628\u0635\u0641\u062a\u0646\u0627 \u0634\u0631\u0643\u0629 Diensteanbieter\u060c \u0641\u0625\u0646\u0646\u0627 \u0646\u0644\u062a\u0632\u0645 \u0628\u0645\u0648\u062c\u0628 \u0627\u0644\u0641\u0642\u0631\u0629 7 \u0645\u0646 \u0627\u0644\u0645\u0627\u062f\u0629 7 \u0645\u0646 \u0642\u0627\u0646\u0648\u0646 \u062d\u0645\u0627\u064a\u0629 \u0627\u0644\u0628\u064a\u0627\u0646\u0627\u062a \u0627\u0644\u0634\u062e\u0635\u064a\u0629 (7 Abs.1 TMG) \u0641\u064a\u0645\u0627 \u064a\u062a\u0639\u0644\u0642 \u0628\u0627\u0644\u0628\u064a\u0627\u0646\u0627\u062a \u0627\u0644\u0648\u0627\u0631\u062f\u0629 \u0641\u064a \u0647\u0630\u0647 \u0627\u0644\u0635\u0641\u062d\u0627\u062a \u0628\u0645\u0627 \u064a\u062a\u0648\u0627\u0641\u0642 \u0645\u0639 \u062c\u0645\u064a\u0639 \u0627\u0644\u0642\u0648\u0627\u0639\u062f \u0627\u0644\u0639\u0627\u0645\u0629. \u0648\u0641\u0642\u064b\u0627 \u0644\u0644\u0641\u0642\u0631\u0629 8 \u0645\u0643\u0631\u0631 10 \u0645\u0646 \u0627\u0644\u0642\u0627\u0646\u0648\u0646 \u0631\u0642\u0645 8 \u0645\u0643\u0631\u0631 \u0645\u0646 \u0642\u0627\u0646\u0648\u0646 \u062d\u0645\u0627\u064a\u0629 \u0627\u0644\u0628\u064a\u0627\u0646\u0627\u062a \u0627\u0644\u0634\u062e\u0635\u064a\u0629 \u0644\u0627 \u064a\u062d\u0642 \u0644\u0646\u0627 \u0643\u0645\u062f\u064a\u0631 \u0639\u0627\u0645 \u0623\u0646 \u0646\u0637\u0644\u0628 \u0645\u0646 \u0623\u064a \u0634\u062e\u0635 \u0623\u0646 \u064a\u0642\u0648\u0645 \u0628\u062a\u0632\u0648\u064a\u062f\u0646\u0627 \u0628\u0645\u0639\u0644\u0648\u0645\u0627\u062a \u0645\u062c\u0627\u0646\u064a\u0629 \u0623\u0648 \u0645\u0639\u0644\u0648\u0645\u0627\u062a \u063a\u064a\u0631 \u0631\u0633\u0645\u064a\u0629 \u0623\u0648 \u0623\u0646 \u0646\u0637\u0644\u0628 \u0645\u0646 \u0623\u064a \u0634\u062e\u0635 \u0623\u0646 \u064a\u0642\u0648\u0645 \u0628\u062a\u0632\u0648\u064a\u062f\u0646\u0627 \u0628\u0645\u0639\u0644\u0648\u0645\u0627\u062a \u063a\u064a\u0631 \u0631\u0633\u0645\u064a\u0629. \u0644\u0627 \u064a\u0645\u0643\u0646 \u0623\u0646 \u062a\u0643\u0648\u0646 \u0647\u0646\u0627\u0643 \u062d\u0627\u062c\u0629 \u0625\u0644\u0649 \u0625\u0639\u0627\u062f\u0629 \u0627\u0644\u0646\u0638\u0631 \u0641\u064a \u0627\u0644\u0645\u0639\u0644\u0648\u0645\u0627\u062a \u0627\u0644\u062a\u064a \u064a\u062a\u0645 \u0627\u0644\u062d\u0635\u0648\u0644 \u0639\u0644\u064a\u0647\u0627 \u0645\u0646 \u062e\u0644\u0627\u0644 \u0627\u0633\u062a\u062e\u062f\u0627\u0645 \u0627\u0644\u0645\u0639\u0644\u0648\u0645\u0627\u062a \u0641\u064a \u062c\u0645\u064a\u0639 \u0623\u0646\u062d\u0627\u0621 \u0627\u0644\u0639\u0627\u0644\u0645. \u0644\u0627 \u064a\u0645\u0643\u0646 \u0627\u0644\u062d\u0635\u0648\u0644 \u0639\u0644\u0649 \u062d\u0642 \u0627\u0644\u0644\u062c\u0648\u0621 \u0625\u0644\u0649 \u0645\u062d\u0643\u0645\u0629 \u0627\u0644\u0639\u062f\u0644 \u0627\u0644\u062f\u0648\u0644\u064a\u0629 \u0625\u0644\u0627 \u0641\u064a \u0627\u0644\u0644\u062d\u0638\u0629 \u0627\u0644\u062a\u064a \u064a\u062a\u0645 \u0641\u064a\u0647\u0627 \u0627\u062a\u062e\u0627\u0630 \u0642\u0631\u0627\u0631 \u0628\u0634\u0623\u0646\u0647\u0627. \u0641\u064a \u062d\u0627\u0644\u0629 \u0648\u062c\u0648\u062f \u0623\u064a \u0645\u0646 \u0647\u0630\u0647 \u0627\u0644\u062d\u0627\u0644\u0627\u062a \u0644\u0627 \u064a\u0645\u0643\u0646 \u0623\u0646 \u064a\u0643\u0648\u0646 \u0647\u0646\u0627\u0643 \u0623\u064a \u0645\u0634\u0643\u0644\u0629 \u0641\u064a \u0647\u0630\u0627 \u0627\u0644\u0635\u062f\u062f.<\/p><b>\u0623\u0648\u0631\u0647\u064a\u0628\u0631\u0631\u064a\u062e\u062a<\/b><br \/><p>Die durch durch die die Seitenbetreiber erstellten Inhalte und Werke auf diesen Seiten unterliegen dem deutschen Urheberrecht. Die Vervielf\u00e4ltigung, Bearbeitung, Verbreitung und jede Art der Verwertung au\u00dferhalb der Grenzen des Urheberrechtes bed\u00fcrfen der schriftlichen Zustimmung des jeweiligen Autors bzw. Erstellers. \u0627\u0644\u062a\u0646\u0632\u064a\u0644\u0627\u062a \u0648 Kopien dieser Seite \u0647\u064a \u0641\u0642\u0637 \u0644\u0644\u0623\u0641\u0631\u0627\u062f\u060c \u0648\u0644\u064a\u0633 \u0644\u0644\u0645\u0634\u062a\u0631\u0643\u064a\u0646 \u0641\u064a \u0627\u0644\u0642\u0637\u0627\u0639 \u0627\u0644\u062e\u0627\u0635. \u0625\u0630\u0627 \u0643\u0627\u0646\u062a \u0627\u0644\u062a\u0646\u0632\u064a\u0644\u0627\u062a \u0639\u0644\u0649 \u0647\u0630\u0627 \u0627\u0644\u0645\u0648\u0642\u0639 \u0644\u064a\u0633\u062a \u0645\u0646 \u0642\u0628\u0644 Betreiber\u060c \u0641\u064a\u0646\u0628\u063a\u064a \u0623\u0646 \u064a\u062a\u0645 \u0627\u0644\u062a\u0639\u0627\u0645\u0644 \u0645\u0639\u0647\u0627. Insbesondere werden Inhalte Dritter as solche gekennzeichnet. \u0625\u0630\u0627 \u0643\u0646\u062a \u062a\u0631\u063a\u0628 \u0641\u064a \u0627\u0644\u062d\u0635\u0648\u0644 \u0639\u0644\u0649 \u0645\u0639\u0644\u0648\u0645\u0627\u062a \u062d\u0648\u0644 \u0643\u064a\u0641\u064a\u0629 \u0627\u0644\u062a\u0639\u0627\u0645\u0644 \u0645\u0639 Urheberrechtsverletzung\u060c \u0641\u0642\u0645 \u0628\u062a\u0648\u0636\u064a\u062d \u0628\u0639\u0636 \u0627\u0644\u0646\u0635\u0627\u0626\u062d. \u0641\u064a \u062d\u0627\u0644\u0629 \u0648\u062c\u0648\u062f \u0623\u064a \u0645\u0644\u0627\u062d\u0638\u0627\u062a \u0639\u0644\u0649 Rechtsverletzungen\u060c \u0641\u0625\u0646\u0646\u0627 \u0646\u0648\u062f \u0623\u0646 \u0646\u0648\u0636\u062d \u0644\u0643 \u0645\u0627 \u064a\u0644\u064a.<\/p>","protected":false},"excerpt":{"rendered":"","protected":false},"author":1,"featured_media":0,"parent":0,"menu_order":0,"comment_status":"closed","ping_status":"closed","template":"","meta":{"footnotes":""},"class_list":["post-368","page","type-page","status-publish","hentry","latest_post"],"_links":{"self":[{"href":"https:\/\/www.leaplytics.de\/ar\/wp-json\/wp\/v2\/pages\/368","targetHints":{"allow":["GET"]}}],"collection":[{"href":"https:\/\/www.leaplytics.de\/ar\/wp-json\/wp\/v2\/pages"}],"about":[{"href":"https:\/\/www.leaplytics.de\/ar\/wp-json\/wp\/v2\/types\/page"}],"author":[{"embeddable":true,"href":"https:\/\/www.leaplytics.de\/ar\/wp-json\/wp\/v2\/users\/1"}],"replies":[{"embeddable":true,"href":"https:\/\/www.leaplytics.de\/ar\/wp-json\/wp\/v2\/comments?post=368"}],"version-history":[{"count":0,"href":"https:\/\/www.leaplytics.de\/ar\/wp-json\/wp\/v2\/pages\/368\/revisions"}],"wp:attachment":[{"href":"https:\/\/www.leaplytics.de\/ar\/wp-json\/wp\/v2\/media?parent=368"}],"curies":[{"name":"\u062f\u0628\u0644\u064a\u0648 \u0628\u064a","href":"https:\/\/api.w.org\/{rel}","templated":true}]}}