{"id":11871,"date":"2023-06-17T21:49:52","date_gmt":"2023-06-17T19:49:52","guid":{"rendered":"https:\/\/www.leaplytics.de\/?page_id=11871"},"modified":"2023-11-03T11:27:35","modified_gmt":"2023-11-03T10:27:35","slug":"zaciname-prohlizec-markdown-power-bi","status":"publish","type":"page","link":"https:\/\/www.leaplytics.de\/cs\/zaciname-prohlizec-markdown-power-bi\/","title":{"rendered":"Za\u010d\u00edn\u00e1me - Markdown Viewer"},"content":{"rendered":"<p>Po na\u010dten\u00ed na\u0161\u00ed vizualizace si jist\u011b kladete ot\u00e1zku, co te\u010f d\u011blat. Pr\u00e1v\u011b to v\u00e1m vysv\u011btl\u00edme v tomto tutori\u00e1lu.<\/p>\n\n\n\n<h3 class=\"wp-block-heading\">1. P\u0159et\u00e1hn\u011bte vizu\u00e1ln\u00ed zobrazen\u00ed na pracovn\u00ed list<\/h3>\n\n\n<div class=\"wp-block-image\">\n<figure class=\"alignleft size-full\"><img loading=\"lazy\" decoding=\"async\" width=\"281\" height=\"350\" src=\"https:\/\/www.leaplytics.de\/wp-content\/uploads\/2023\/11\/md.png\" alt=\"\" class=\"wp-image-12805\" srcset=\"https:\/\/www.leaplytics.de\/wp-content\/uploads\/2023\/11\/md.png 281w, https:\/\/www.leaplytics.de\/wp-content\/uploads\/2023\/11\/md-241x300.png 241w, https:\/\/www.leaplytics.de\/wp-content\/uploads\/2023\/11\/md-48x60.png 48w\" sizes=\"auto, (max-width: 281px) 100vw, 281px\" \/><\/figure><\/div>\n\n\n<div class=\"wp-block-columns is-layout-flex wp-container-core-columns-is-layout-1 wp-block-columns-is-layout-flex\">\n<div class=\"wp-block-column is-layout-flow wp-block-column-is-layout-flow\" style=\"flex-basis:66.66%\">\n<p>Otev\u0159ete aplikaci Microsoft Power BI a p\u0159\u00edslu\u0161nou sestavu nebo pracovn\u00ed list, kde chcete pou\u017e\u00edt vizu\u00e1ln\u00ed n\u00e1stroj \"Markdown Viewer\". Otev\u0159ete pracovn\u00ed list v re\u017eimu \u00faprav a v \u010d\u00e1sti \"Vizualizace\" najdete vizualizaci \"Markdown Viewer\", stejn\u011b jako v\u0161echny ostatn\u00ed zakoupen\u00e9 produkty LeapLytics. Kliknut\u00edm na vizualizaci ji um\u00edst\u00edte na pracovn\u00ed list (<em>Vzhled vizu\u00e1ln\u00edho zobrazen\u00ed m\u016f\u017eete pozd\u011bji zm\u011bnit v podokn\u011b \"Form\u00e1t\".<\/em>).<\/p>\n<\/div>\n<\/div>\n\n\n\n<div style=\"height:16px\" aria-hidden=\"true\" class=\"wp-block-spacer\"><\/div>\n\n\n\n<h3 class=\"wp-block-heading\">2. Panel nemovitost\u00ed<\/h3>\n\n\n<div class=\"wp-block-image\">\n<figure class=\"alignleft size-full\"><img loading=\"lazy\" decoding=\"async\" width=\"187\" height=\"411\" src=\"https:\/\/www.leaplytics.de\/wp-content\/uploads\/2023\/11\/md2.png\" alt=\"\" class=\"wp-image-12806\" srcset=\"https:\/\/www.leaplytics.de\/wp-content\/uploads\/2023\/11\/md2.png 187w, https:\/\/www.leaplytics.de\/wp-content\/uploads\/2023\/11\/md2-136x300.png 136w, https:\/\/www.leaplytics.de\/wp-content\/uploads\/2023\/11\/md2-27x60.png 27w\" sizes=\"auto, (max-width: 187px) 100vw, 187px\" \/><\/figure><\/div>\n\n\n<div class=\"wp-block-columns is-layout-flex wp-container-core-columns-is-layout-2 wp-block-columns-is-layout-flex\">\n<div class=\"wp-block-column is-layout-flow wp-block-column-is-layout-flow\" style=\"flex-basis:33.33%\">\n<p>Po um\u00edst\u011bn\u00ed jedn\u00e9 nebo v\u00edce instanc\u00ed vizu\u00e1ln\u00edho prvku na ovl\u00e1dac\u00ed panel se na prav\u00e9 stran\u011b zobraz\u00ed panel vlastnost\u00ed. Panel vlastnost\u00ed je rozd\u011blen na \u010d\u00e1sti \"Pole\", \"Form\u00e1t\" a \"Anal\u00fdza\".<\/p>\n\n\n\n<p>V n\u00e1sleduj\u00edc\u00edch kapitol\u00e1ch se dozv\u00edte, jak pou\u017e\u00edvat vizu\u00e1ln\u00ed n\u00e1stroj LeapLytics \"Markdown Viewer\" a jak jej spr\u00e1vn\u011b p\u0159izp\u016fsobit sv\u00fdm pot\u0159eb\u00e1m pomoc\u00ed vlastnost\u00ed.<\/p>\n<\/div>\n<\/div>\n\n\n\n<div style=\"height:16px\" aria-hidden=\"true\" class=\"wp-block-spacer\"><\/div>\n\n\n\n<h3 class=\"wp-block-heading\">3. P\u0159idejte opat\u0159en\u00ed<\/h3>\n\n\n<div class=\"wp-block-image\">\n<figure class=\"alignleft size-full\"><img loading=\"lazy\" decoding=\"async\" width=\"364\" height=\"409\" src=\"https:\/\/www.leaplytics.de\/wp-content\/uploads\/2023\/11\/md3.png\" alt=\"\" class=\"wp-image-12807\" srcset=\"https:\/\/www.leaplytics.de\/wp-content\/uploads\/2023\/11\/md3.png 364w, https:\/\/www.leaplytics.de\/wp-content\/uploads\/2023\/11\/md3-267x300.png 267w, https:\/\/www.leaplytics.de\/wp-content\/uploads\/2023\/11\/md3-53x60.png 53w\" sizes=\"auto, (max-width: 364px) 100vw, 364px\" \/><\/figure><\/div>\n\n\n<div class=\"wp-block-columns is-layout-flex wp-container-core-columns-is-layout-3 wp-block-columns-is-layout-flex\">\n<div class=\"wp-block-column is-layout-flow wp-block-column-is-layout-flow\" style=\"flex-basis:66.66%\">\n<p>Vyberte rozm\u011br z \u010d\u00e1sti \"Data\" kliknut\u00edm na n\u011bj nebo jeho p\u0159eta\u017een\u00edm do pole \"Data\" ve vizu\u00e1ln\u00edm zobrazen\u00ed.<\/p>\n\n\n\n<p><strong>P\u0159i pou\u017eit\u00ed na\u0161eho prohl\u00ed\u017ee\u010de Markdown je t\u0159eba zajistit, aby data dimenze byla ve form\u00e1tu Markdown.<\/strong><\/p>\n<\/div>\n<\/div>\n\n\n\n<div style=\"height:16px\" aria-hidden=\"true\" class=\"wp-block-spacer\"><\/div>\n\n\n\n<h3 class=\"wp-block-heading\">4. V\u00fdsledek<\/h3>\n\n\n\n<figure class=\"wp-block-image size-large\"><img loading=\"lazy\" decoding=\"async\" width=\"1024\" height=\"407\" src=\"https:\/\/www.leaplytics.de\/wp-content\/uploads\/2023\/11\/grafik-2-1024x407.png\" alt=\"\" class=\"wp-image-12810\" srcset=\"https:\/\/www.leaplytics.de\/wp-content\/uploads\/2023\/11\/grafik-2-1024x407.png 1024w, https:\/\/www.leaplytics.de\/wp-content\/uploads\/2023\/11\/grafik-2-300x119.png 300w, https:\/\/www.leaplytics.de\/wp-content\/uploads\/2023\/11\/grafik-2-768x305.png 768w, https:\/\/www.leaplytics.de\/wp-content\/uploads\/2023\/11\/grafik-2-1536x610.png 1536w, https:\/\/www.leaplytics.de\/wp-content\/uploads\/2023\/11\/grafik-2-151x60.png 151w, https:\/\/www.leaplytics.de\/wp-content\/uploads\/2023\/11\/grafik-2.png 1880w\" sizes=\"auto, (max-width: 1024px) 100vw, 1024px\" \/><\/figure>","protected":false},"excerpt":{"rendered":"<p>Po na\u010dten\u00ed na\u0161\u00ed vizualizace si jist\u011b kladete ot\u00e1zku, co te\u010f d\u011blat. Pr\u00e1v\u011b to v\u00e1m vysv\u011btl\u00edme v tomto tutori\u00e1lu. 1. P\u0159eta\u017een\u00ed vizualizace na pracovn\u00ed list Otev\u0159ete aplikaci Microsoft Power BI a p\u0159\u00edslu\u0161nou sestavu nebo pracovn\u00ed list, kde chcete vizualizaci \"Markdown Viewer\" pou\u017e\u00edt. Otev\u0159ete pracovn\u00ed list v aplikaci ... <\/p>","protected":false},"author":2,"featured_media":0,"parent":0,"menu_order":0,"comment_status":"closed","ping_status":"closed","template":"","meta":{"footnotes":""},"class_list":["post-11871","page","type-page","status-publish","hentry","latest_post"],"_links":{"self":[{"href":"https:\/\/www.leaplytics.de\/cs\/wp-json\/wp\/v2\/pages\/11871","targetHints":{"allow":["GET"]}}],"collection":[{"href":"https:\/\/www.leaplytics.de\/cs\/wp-json\/wp\/v2\/pages"}],"about":[{"href":"https:\/\/www.leaplytics.de\/cs\/wp-json\/wp\/v2\/types\/page"}],"author":[{"embeddable":true,"href":"https:\/\/www.leaplytics.de\/cs\/wp-json\/wp\/v2\/users\/2"}],"replies":[{"embeddable":true,"href":"https:\/\/www.leaplytics.de\/cs\/wp-json\/wp\/v2\/comments?post=11871"}],"version-history":[{"count":0,"href":"https:\/\/www.leaplytics.de\/cs\/wp-json\/wp\/v2\/pages\/11871\/revisions"}],"wp:attachment":[{"href":"https:\/\/www.leaplytics.de\/cs\/wp-json\/wp\/v2\/media?parent=11871"}],"curies":[{"name":"wp","href":"https:\/\/api.w.org\/{rel}","templated":true}]}}