{"id":11926,"date":"2023-07-18T10:22:34","date_gmt":"2023-07-18T08:22:34","guid":{"rendered":"https:\/\/www.leaplytics.de\/?page_id=11926"},"modified":"2024-10-29T12:39:50","modified_gmt":"2024-10-29T11:39:50","slug":"markdown-viewer-visual-pro-power-bi","status":"publish","type":"page","link":"https:\/\/www.leaplytics.de\/cs\/markdown-viewer-visual-pro-power-bi\/","title":{"rendered":"Prohl\u00ed\u017ee\u010d Markdown Visual pro Power BI"},"content":{"rendered":"<p>P\u0159edstavujeme vlastn\u00ed vizu\u00e1ln\u00ed n\u00e1stroj Markdown-to-HTML pro Power BI: vypr\u00e1v\u011bjte sv\u016fj datov\u00fd p\u0159\u00edb\u011bh pomoc\u00ed plnohodnotn\u00e9ho textov\u00e9ho editoru na sv\u00e9m datov\u00e9m panelu! Vyzdvihn\u011bte relevantn\u00ed informace prost\u0159ednictv\u00edm form\u00e1tovan\u00e9ho textu ve sv\u00e9m z\u00e1\u017eitku z vizualizace dat!<\/p>\n\n\n\n<p>Jsme r\u00e1di, \u017ee m\u016f\u017eeme p\u0159edstavit \u0159e\u0161en\u00ed, kter\u00e9 m\u011bn\u00ed pravidla hry a umo\u017e\u0148uje u\u017eivatel\u016fm Power BI bezprobl\u00e9mov\u011b integrovat kr\u00e1sn\u011b form\u00e1tovan\u00fd text do sv\u00fdch sestav a \u0159\u00eddic\u00edch panel\u016f.<\/p>\n\n\n\n<h3 class=\"wp-block-heading has-text-align-left\">V\u00fdhody<\/h3>\n\n\n\n<h5 class=\"wp-block-heading\">Uvoln\u011bte s\u00edlu n\u00e1stroje Markdown<\/h5>\n\n\n\n<p>\u0160iroce roz\u0161\u00ed\u0159en\u00fd zna\u010dkovac\u00ed jazyk s jednoduch\u00fdmi a v\u00fdrazn\u00fdmi mo\u017enostmi form\u00e1tov\u00e1n\u00ed textu v\u00e1m umo\u017en\u00ed vytv\u00e1\u0159et nadpisy, seznamy, odkazy a dal\u0161\u00ed form\u00e1tovan\u00e9 textov\u00e9 prvky p\u0159\u00edmo vedle va\u0161ich vizualizac\u00ed dat!<\/p>\n\n\n\n<h5 class=\"wp-block-heading\">Vytv\u00e1\u0159en\u00ed p\u0159esv\u011bd\u010div\u00fdch vizu\u00e1ln\u00edch p\u0159\u00edb\u011bh\u016f<\/h5>\n\n\n\n<p>Vlastn\u00ed vizualizace Markdown-to-HTML umo\u017e\u0148uje vytv\u00e1\u0159et poutav\u00e9 p\u0159\u00edb\u011bhy o datech plynul\u00fdm spojen\u00edm bohat\u011b form\u00e1tovan\u00e9ho textu s vizualizacemi. P\u0159\u00edmo vedle sv\u00fdch dat m\u016f\u017eete poskytnout podrobn\u00e1 vysv\u011btlen\u00ed, post\u0159ehy a podp\u016frnou dokumentaci, \u010d\u00edm\u017e zv\u00fd\u0161\u00edte srozumitelnost a p\u016fsobivost sv\u00e9ho sd\u011blen\u00ed.<\/p>\n\n\n\n<h5 class=\"wp-block-heading\">Zjednodu\u0161en\u00e1 integrace<\/h5>\n\n\n\n<p>N\u00e1\u0161 vlastn\u00ed vizu\u00e1l se hladce integruje do prost\u0159ed\u00ed Power BI a zaji\u0161\u0165uje u\u017eivatelsky p\u0159\u00edv\u011btiv\u00e9 prost\u0159ed\u00ed. Sta\u010d\u00ed zadat k\u00f3d Markdown nebo se p\u0159ipojit ke zdroji dat obsahuj\u00edc\u00edmu obsah Markdown a n\u00e1\u0161 vizu\u00e1l se postar\u00e1 o zbytek.<\/p>\n\n\n\n<h5 class=\"wp-block-heading\">P\u0159izp\u016fsobte si sv\u016fj styl<\/h5>\n\n\n\n<p>N\u00e1\u0161 vlastn\u00ed vizu\u00e1l Markdown-to-HTML nab\u00edz\u00ed rozs\u00e1hl\u00e9 mo\u017enosti p\u0159izp\u016fsoben\u00ed, kter\u00e9 do n\u011bj vnesou jedine\u010dnou identitu va\u0161\u00ed zna\u010dky. P\u0159izp\u016fsobte vzhled vizu\u00e1lu, jako jsou p\u00edsma, barvy a pozad\u00ed, aby byl v souladu s va\u0161\u00ed zna\u010dkou nebo t\u00e9matem zpr\u00e1vy a soudr\u017en\u011b a profesion\u00e1ln\u011b prezentoval identitu va\u0161\u00ed organizace.<\/p>\n\n\n\n<h5 class=\"wp-block-heading\">Podpora spolupr\u00e1ce a sd\u00edlen\u00ed znalost\u00ed<\/h5>\n\n\n\n<p>Podpo\u0159te spolupr\u00e1ci, sd\u00edlen\u00ed znalost\u00ed a zefektivn\u011bn\u00ed pracovn\u00edch postup\u016f ve va\u0161\u00ed organizaci pomoc\u00ed tohoto obl\u00edben\u00e9ho form\u00e1tu pro spolupr\u00e1ci a sd\u00edlen\u00ed znalost\u00ed.<\/p>\n\n\n\n<p>Vylep\u0161ete svou hru na vizualizaci dat pomoc\u00ed na\u0161eho vlastn\u00edho vizu\u00e1ln\u00edho zobrazen\u00ed Markdown-to-HTML pro Power BI. Prezentujte sv\u00e9 poznatky a anal\u00fdzy vizu\u00e1ln\u011b ohromuj\u00edc\u00edm a poutav\u00fdm zp\u016fsobem, kter\u00fd zaujme va\u0161e publikum. A\u0165 u\u017e jste datov\u00fd analytik, obchodn\u00ed profesion\u00e1l nebo vedouc\u00ed pracovn\u00edk, tento vizu\u00e1l je navr\u017een tak, aby v\u00e1m pomohl bez n\u00e1mahy sd\u011blit slo\u017eit\u00e9 my\u0161lenky a zap\u016fsobit na v\u00e1s.<\/p>\n\n\n\n<p>Jste p\u0159ipraveni zm\u011bnit sv\u00e9 reporty a panely Power BI? St\u00e1hn\u011bte si je\u0161t\u011b dnes na\u0161i aplikaci Markdown-to-HTML Custom Visual a odhalte sv\u011bt dynamick\u00fdch mo\u017enost\u00ed form\u00e1tov\u00e1n\u00ed textu.<\/p>\n\n\n\n<p><em>Dodejte sv\u00fdm datov\u00fdm prezentac\u00edm dokonalou kombinaci vizu\u00e1ln\u00ed estetiky a informativn\u00edho obsahu. Vyzkou\u0161ejte budoucnost vypr\u00e1v\u011bn\u00ed p\u0159\u00edb\u011bh\u016f o datech s n\u00e1stroji Markdown a Power BI.<\/em><\/p>\n\n\n\n<p><\/p>\n\n\n\n<h3 class=\"wp-block-heading\">Po\u017e\u00e1dejte o zku\u0161ebn\u00ed licenci<\/h3>\n\n\n<div class=\"wpforms-container wpforms-container-full\" id=\"wpforms-11888\"><form id=\"wpforms-form-11888\" class=\"wpforms-validate wpforms-form wpforms-ajax-form\" data-formid=\"11888\" method=\"post\" enctype=\"multipart\/form-data\" action=\"\/cs\/wp-json\/wp\/v2\/pages\/11926\" data-token=\"a7b6840c56f0e27e58a8eb6487a5a9ac\" data-token-time=\"1775810884\" data-trp-original-action=\"\/cs\/wp-json\/wp\/v2\/pages\/11926\"><noscript class=\"wpforms-error-noscript\">Chcete-li vyplnit tento formul\u00e1\u0159, pros\u00edm povolte v prohl\u00ed\u017ee\u010di JavaScript.<\/noscript><div class=\"wpforms-field-container\"><div id=\"wpforms-11888-field_0-container\" class=\"wpforms-field wpforms-field-name\" data-field-id=\"0\"><label class=\"wpforms-field-label\">N\u00e1zev <span class=\"wpforms-required-label\">*<\/span><\/label><div class=\"wpforms-field-row wpforms-field-medium\"><div class=\"wpforms-field-row-block wpforms-first wpforms-one-half\"><input type=\"text\" id=\"wpforms-11888-field_0\" class=\"wpforms-field-name-first wpforms-field-required\" name=\"wpforms[fields][0][first]\" required><label for=\"wpforms-11888-field_0\" class=\"wpforms-field-sublabel after\">K\u0159estn\u00ed jm\u00e9no<\/label><\/div><div class=\"wpforms-field-row-block wpforms-one-half\"><input type=\"text\" id=\"wpforms-11888-field_0-last\" class=\"wpforms-field-name-last wpforms-field-required\" name=\"wpforms[fields][0][last]\" required><label for=\"wpforms-11888-field_0-last\" class=\"wpforms-field-sublabel after\">P\u0159\u00edjmen\u00ed<\/label><\/div><\/div><\/div><div id=\"wpforms-11888-field_1-container\" class=\"wpforms-field wpforms-field-email\" data-field-id=\"1\"><label class=\"wpforms-field-label\" for=\"wpforms-11888-field_1\">Obchodn\u00ed e-mail <span class=\"wpforms-required-label\">*<\/span><\/label><input type=\"email\" id=\"wpforms-11888-field_1\" class=\"wpforms-field-medium wpforms-field-required\" data-rule-restricted-email=\"1\" name=\"wpforms[fields][1]\" spellcheck=\"false\" required><\/div><div id=\"wpforms-11888-field_4-container\" class=\"wpforms-field wpforms-field-text\" data-field-id=\"4\"><label class=\"wpforms-field-label\" for=\"wpforms-11888-field_4\">Spole\u010dnost <span class=\"wpforms-required-label\">*<\/span><\/label><input type=\"text\" id=\"wpforms-11888-field_4\" class=\"wpforms-field-medium wpforms-field-required\" name=\"wpforms[fields][4]\" required><\/div><div id=\"wpforms-11888-field_3-container\" class=\"wpforms-field wpforms-field-gdpr-checkbox\" data-field-id=\"3\"><label class=\"wpforms-field-label\">Dohoda o GDPR <span class=\"wpforms-required-label\">*<\/span><\/label><ul id=\"wpforms-11888-field_3\" class=\"wpforms-field-required\"><li class=\"choice-1\"><input type=\"checkbox\" id=\"wpforms-11888-field_3_1\" name=\"wpforms[fields][3][]\" value=\"I consent to having this website store my submitted information so they can respond to my inquiry.\" required><label class=\"wpforms-field-label-inline\" for=\"wpforms-11888-field_3_1\">Souhlas\u00edm s t\u00edm, aby tyto webov\u00e9 str\u00e1nky ukl\u00e1daly mnou zaslan\u00e9 informace a mohly tak odpov\u011bd\u011bt na m\u016fj dotaz.<\/label><\/li><\/ul><\/div><\/div><!-- .wpforms-field-container --><div class=\"wpforms-recaptcha-container wpforms-is-recaptcha wpforms-is-recaptcha-type-v3\" ><input type=\"hidden\" name=\"wpforms[recaptcha]\" value=\"\"><\/div><div class=\"wpforms-submit-container\" ><input type=\"hidden\" name=\"wpforms[id]\" value=\"11888\"><input type=\"hidden\" name=\"page_title\" value=\"\"><input type=\"hidden\" name=\"page_url\" value=\"https:\/\/www.leaplytics.de\/cs\/wp-json\/wp\/v2\/pages\/11926\"><input type=\"hidden\" name=\"url_referer\" value=\"\"><button type=\"submit\" name=\"wpforms[submit]\" id=\"wpforms-submit-11888\" class=\"wpforms-submit\" data-alt-text=\"Sending...\" data-submit-text=\"Submit\" aria-live=\"assertive\" value=\"wpforms-submit\">Odeslat<\/button><img loading=\"lazy\" decoding=\"async\" src=\"https:\/\/www.leaplytics.de\/wp-content\/plugins\/wpforms-lite\/assets\/images\/submit-spin.svg\" class=\"wpforms-submit-spinner\" style=\"display: none;\" width=\"26\" height=\"26\" alt=\"Na\u010d\u00edt\u00e1n\u00ed\"><\/div><input type=\"hidden\" name=\"trp-form-language\" value=\"cs\"\/><\/form><\/div>  <!-- .wpforms-container -->\n\n\n\n<div style=\"height:50px\" aria-hidden=\"true\" class=\"wp-block-spacer\"><\/div>\n\n\n\n<h3 class=\"wp-block-heading has-text-align-left\" id=\"tutorial\">Za\u010d\u00edn\u00e1me<\/h3>\n\n\n\n<p><em>Jak mohu za\u010d\u00edt?<\/em> Zku\u0161ebn\u00ed licenci si m\u016f\u017eete vy\u017e\u00e1dat v\u00fd\u0161e. A kdy\u017e jste obdr\u017eeli licen\u010dn\u00ed k\u00f3d? Sta\u010d\u00ed kliknout n\u00ed\u017ee a spustit n\u00e1\u0161 v\u00fdukov\u00fd program.<\/p>\n\n\n\n<figure class=\"wp-block-embed is-type-wp-embed is-provider-leaplytics wp-block-embed-leaplytics\"><div class=\"wp-block-embed__wrapper\">\n<blockquote class=\"wp-embedded-content\" data-secret=\"IL8vEweSWi\"><a href=\"https:\/\/www.leaplytics.de\/cs\/zaciname-prohlizec-markdown-power-bi\/\">Za\u010d\u00edn\u00e1me - Markdown Viewer<\/a><\/blockquote><iframe loading=\"lazy\" class=\"wp-embedded-content\" sandbox=\"allow-scripts\" security=\"restricted\" style=\"position: absolute; clip: rect(1px, 1px, 1px, 1px);\" title=\"&quot;Za\u010d\u00edn\u00e1me - Markdown Viewer&quot; - LeapLytics\" src=\"https:\/\/www.leaplytics.de\/getting-started-markdown-viewer-power-bi\/embed\/#?secret=huMdA44Ho4#?secret=IL8vEweSWi\" data-secret=\"IL8vEweSWi\" width=\"600\" height=\"338\" frameborder=\"0\" marginwidth=\"0\" marginheight=\"0\" scrolling=\"no\"><\/iframe>\n<\/div><\/figure>","protected":false},"excerpt":{"rendered":"<p>P\u0159edstavujeme vlastn\u00ed vizu\u00e1ln\u00ed n\u00e1stroj Markdown-to-HTML pro Power BI: vypr\u00e1v\u011bjte sv\u016fj datov\u00fd p\u0159\u00edb\u011bh pomoc\u00ed plnohodnotn\u00e9ho textov\u00e9ho editoru na sv\u00e9m datov\u00e9m panelu! Vyzdvihn\u011bte relevantn\u00ed informace prost\u0159ednictv\u00edm form\u00e1tovan\u00e9ho textu ve sv\u00e9m z\u00e1\u017eitku z vizualizace dat! Jsme nad\u0161eni, \u017ee m\u016f\u017eeme p\u0159edstavit p\u0159evratn\u00e9 \u0159e\u0161en\u00ed, kter\u00e9 u\u017eivatel\u016fm Power BI umo\u017e\u0148uje bezprobl\u00e9mov\u011b integrovat kr\u00e1sn\u011b form\u00e1tovan\u00fd text do sv\u00fdch sestav a ... <\/p>","protected":false},"author":2,"featured_media":0,"parent":0,"menu_order":0,"comment_status":"closed","ping_status":"closed","template":"","meta":{"footnotes":""},"class_list":["post-11926","page","type-page","status-publish","hentry","latest_post"],"_links":{"self":[{"href":"https:\/\/www.leaplytics.de\/cs\/wp-json\/wp\/v2\/pages\/11926","targetHints":{"allow":["GET"]}}],"collection":[{"href":"https:\/\/www.leaplytics.de\/cs\/wp-json\/wp\/v2\/pages"}],"about":[{"href":"https:\/\/www.leaplytics.de\/cs\/wp-json\/wp\/v2\/types\/page"}],"author":[{"embeddable":true,"href":"https:\/\/www.leaplytics.de\/cs\/wp-json\/wp\/v2\/users\/2"}],"replies":[{"embeddable":true,"href":"https:\/\/www.leaplytics.de\/cs\/wp-json\/wp\/v2\/comments?post=11926"}],"version-history":[{"count":3,"href":"https:\/\/www.leaplytics.de\/cs\/wp-json\/wp\/v2\/pages\/11926\/revisions"}],"predecessor-version":[{"id":13652,"href":"https:\/\/www.leaplytics.de\/cs\/wp-json\/wp\/v2\/pages\/11926\/revisions\/13652"}],"wp:attachment":[{"href":"https:\/\/www.leaplytics.de\/cs\/wp-json\/wp\/v2\/media?parent=11926"}],"curies":[{"name":"wp","href":"https:\/\/api.w.org\/{rel}","templated":true}]}}