{"id":12086,"date":"2023-08-02T17:05:19","date_gmt":"2023-08-02T15:05:19","guid":{"rendered":"https:\/\/www.leaplytics.de\/?page_id=12086"},"modified":"2023-08-06T14:32:15","modified_gmt":"2023-08-06T12:32:15","slug":"migrace-qlikview-na-power-bi","status":"publish","type":"page","link":"https:\/\/www.leaplytics.de\/cs\/migrace-qlikview-na-power-bi\/","title":{"rendered":"Migrace QlikView na Power BI - n\u00e1\u0161 p\u0159\u00edstup"},"content":{"rendered":"<p>Pou\u017e\u00edv\u00e1te v sou\u010dasn\u00e9 dob\u011b QlikView, ale zva\u017eujete p\u0159echod na Power BI?  Ve spole\u010dnosti LeapLytics se specializujeme na poskytov\u00e1n\u00ed odborn\u00fdch migra\u010dn\u00edch slu\u017eeb, kter\u00e9 v\u00e1m pomohou plynule p\u0159ej\u00edt z QlikView na Power BI. N\u00e1\u0161 t\u00fdm kvalifikovan\u00fdch odborn\u00edk\u016f m\u00e1 rozs\u00e1hl\u00e9 zku\u0161enosti se zvl\u00e1d\u00e1n\u00edm takov\u00fdchto migrac\u00ed a zaji\u0161\u0165uje hladk\u00fd a efektivn\u00ed proces pro va\u0161i organizaci.<\/p>\n\n\n\n<h3 class=\"wp-block-heading\"><strong>Pro\u010d p\u0159ej\u00edt z QlikView na Power BI?<\/strong><\/h3>\n\n\n\n<p>Vzhledem k tomu, \u017ee se technologie business intelligence neust\u00e1le vyv\u00edjej\u00ed, je pro organizace \u010dasto v\u00fdhodn\u00e9 p\u0159ej\u00edt na modern\u011bj\u0161\u00ed a robustn\u011bj\u0161\u00ed platformy, jako je Power BI. Zde je n\u011bkolik p\u00e1dn\u00fdch d\u016fvod\u016f, pro\u010d zv\u00e1\u017eit p\u0159echod z QlikView na Power BI:<\/p>\n\n\n\n<ol class=\"wp-block-list\">\n<li><strong>Vylep\u0161en\u00e1 vizualizace dat:<\/strong> Power BI nab\u00edz\u00ed \u0161irokou \u0161k\u00e1lu vizualiza\u010dn\u00edch mo\u017enost\u00ed, kter\u00e9 v\u00e1m umo\u017en\u00ed prezentovat data pronikav\u011bj\u0161\u00edm a interaktivn\u011bj\u0161\u00edm zp\u016fsobem, co\u017e va\u0161im rozhodovac\u00edm pracovn\u00edk\u016fm poskytne lep\u0161\u00ed p\u0159ehled.<\/li>\n\n\n\n<li><strong>Integrace s ekosyst\u00e9mem Microsoft:<\/strong> Pokud va\u0161e organizace ji\u017e pou\u017e\u00edv\u00e1 n\u00e1stroje spole\u010dnosti Microsoft, jako je Excel, SharePoint nebo Office 365, Power BI se s t\u011bmito platformami bezprobl\u00e9mov\u011b integruje a zefektiv\u0148uje va\u0161e pracovn\u00ed postupy.<\/li>\n\n\n\n<li><strong>\u0160k\u00e1lovatelnost a v\u00fdkon:<\/strong> S rostouc\u00edmi pot\u0159ebami dat zvl\u00e1dne Power BI velk\u00e9 datov\u00e9 soubory a slo\u017eit\u00e9 dotazy s pozoruhodnou efektivitou a rychlost\u00ed.<\/li>\n\n\n\n<li><strong>Mo\u017enosti cloudu:<\/strong> D\u00edky cloudov\u00fdm funkc\u00edm Power BI m\u016f\u017eete snadno sd\u00edlet reporty a spolupracovat s kolegy, co\u017e v\u00e1m zajist\u00ed p\u0159\u00edstup k d\u016fle\u017eit\u00fdm informac\u00edm v re\u00e1ln\u00e9m \u010dase.<\/li>\n\n\n\n<li><strong>Pravideln\u00e9 aktualizace a podpora:<\/strong> Aplikace Power BI dost\u00e1v\u00e1 od spole\u010dnosti Microsoft \u010dast\u00e9 aktualizace a vylep\u0161en\u00ed, tak\u017ee m\u00e1te p\u0159\u00edstup k nejnov\u011bj\u0161\u00edm funkc\u00edm a vylep\u0161en\u00edm.<\/li>\n<\/ol>\n\n\n\n<h3 class=\"wp-block-heading\"><strong>\u00davahy o \u00fasp\u011b\u0161n\u00e9 migraci QlikView na Power BI<\/strong><\/h3>\n\n\n\n<p>Migrace z jedn\u00e9 platformy business intelligence na jinou m\u016f\u017ee b\u00fdt slo\u017eit\u00fd \u00fakol. Pro zaji\u0161t\u011bn\u00ed \u00fasp\u011b\u0161n\u00e9 migrace je nezbytn\u00e9 v\u011bnovat pozornost n\u00e1sleduj\u00edc\u00edm kl\u00ed\u010dov\u00fdm aspekt\u016fm:<\/p>\n\n\n\n<ol class=\"wp-block-list\">\n<li><strong>Hodnocen\u00ed dat:<\/strong> Analyzujte st\u00e1vaj\u00edc\u00ed data QlikView a ur\u010dete jejich strukturu, kvalitu a relevanci pro migraci. Identifikujte potenci\u00e1ln\u00ed po\u017eadavky na \u010di\u0161t\u011bn\u00ed a transformaci dat.<\/li>\n\n\n\n<li><strong>Mapov\u00e1n\u00ed \u00falo\u017ei\u0161\u0165, sestav a \u0159\u00eddic\u00edch panel\u016f:<\/strong> D\u016fkladn\u011b se seznamte se sv\u00fdmi sou\u010dasn\u00fdmi \u00falo\u017ei\u0161ti, sestavami a \u0159\u00eddic\u00edmi panely QlikView. Vytvo\u0159te pl\u00e1n mapov\u00e1n\u00ed pro replikaci t\u011bchto vizualizac\u00ed v Power BI s vyu\u017eit\u00edm jeho jedine\u010dn\u00fdch funkc\u00ed.<\/li>\n\n\n\n<li><strong>Modelov\u00e1n\u00ed dat v aplikaci Power BI:<\/strong> Navrhn\u011bte efektivn\u00ed datov\u00fd model v aplikaci Power BI, kter\u00fd odpov\u00edd\u00e1 va\u0161im obchodn\u00edm po\u017eadavk\u016fm a optimalizuje v\u00fdkon.<\/li>\n\n\n\n<li><strong>Zabezpe\u010den\u00ed a opr\u00e1vn\u011bn\u00ed:<\/strong> Definujte bezpe\u010dnostn\u00ed role a opr\u00e1vn\u011bn\u00ed v aplikaci Power BI, abyste zajistili vhodnou spr\u00e1vu a omezen\u00ed p\u0159\u00edstupu k dat\u016fm.<\/li>\n\n\n\n<li><strong>\u0160kolen\u00ed a p\u0159ijet\u00ed u\u017eivatel\u016f:<\/strong> P\u0159ipravte sv\u016fj t\u00fdm na migraci poskytnut\u00edm komplexn\u00edho \u0161kolen\u00ed o vlastnostech a funkc\u00edch Power BI.<\/li>\n\n\n\n<li><strong>Testov\u00e1n\u00ed a zaji\u0161t\u011bn\u00ed kvality:<\/strong> Prove\u010fte d\u016fkladn\u00e9 testov\u00e1n\u00ed, abyste zjistili a vy\u0159e\u0161ili p\u0159\u00edpadn\u00e9 probl\u00e9my p\u0159ed uveden\u00edm \u0159e\u0161en\u00ed do provozu.<\/li>\n\n\n\n<li><strong>Podpora po migraci:<\/strong> Nab\u00eddn\u011bte pr\u016fb\u011b\u017enou podporu p\u0159i \u0159e\u0161en\u00ed p\u0159\u00edpadn\u00fdch probl\u00e9m\u016f po migraci a pom\u00e1hejte u\u017eivatel\u016fm pln\u011b vyu\u017e\u00edvat mo\u017enosti Power BI.<\/li>\n<\/ol>\n\n\n\n<h3 class=\"wp-block-heading\"><strong>Pro\u010d LeapLytics pro migraci z QlikView na Power BI?<\/strong><\/h3>\n\n\n\n<p>Ve spole\u010dnosti LeapLytics jsme hrd\u00ed na to, \u017ee se zam\u011b\u0159ujeme na z\u00e1kazn\u00edky a \u017ee hluboce rozum\u00edme n\u00e1stroj\u016fm QlikView i Power BI. N\u00e1\u0161 t\u00fdm odborn\u00edk\u016f disponuje dovednostmi a znalostmi pot\u0159ebn\u00fdmi k bezprobl\u00e9mov\u00e9mu zvl\u00e1dnut\u00ed procesu migrace, co\u017e zajist\u00ed minim\u00e1ln\u00ed naru\u0161en\u00ed va\u0161eho obchodn\u00edho provozu. Kdy\u017e si vyberete n\u00e1s, z\u00edsk\u00e1te n\u00e1sleduj\u00edc\u00ed v\u00fdhody:<\/p>\n\n\n\n<ul class=\"wp-block-list\">\n<li><strong>Zku\u0161enosti a odbornost:<\/strong> Na\u0161i zku\u0161en\u00ed odborn\u00edci \u00fasp\u011b\u0161n\u011b provedli \u0159adu migrac\u00ed QlikView do Power BI, tak\u017ee jsou zb\u011bhl\u00ed ve zvl\u00e1d\u00e1n\u00ed v\u0161ech slo\u017eitost\u00ed, kter\u00e9 mohou nastat.<\/li>\n\n\n\n<li><strong>\u0158e\u0161en\u00ed na m\u00edru:<\/strong> Ch\u00e1peme, \u017ee pot\u0159eby ka\u017ed\u00e9 organizace jsou jedine\u010dn\u00e9. Proto nab\u00edz\u00edme individu\u00e1ln\u00ed migra\u010dn\u00ed strategie, kter\u00e9 odpov\u00eddaj\u00ed va\u0161im specifick\u00fdm po\u017eadavk\u016fm.<\/li>\n\n\n\n<li><strong>Zabezpe\u010den\u00ed dat:<\/strong> Prioritou je pro n\u00e1s bezpe\u010dnost va\u0161ich citliv\u00fdch informac\u00ed a dodr\u017eov\u00e1n\u00ed osv\u011bd\u010den\u00fdch postup\u016f v oboru, abychom va\u0161e data ochr\u00e1nili b\u011bhem migrace i po n\u00ed.<\/li>\n\n\n\n<li><strong>Pr\u016fb\u011b\u017en\u00e1 podpora:<\/strong> N\u00e1\u0161 z\u00e1vazek k va\u0161emu \u00fasp\u011bchu p\u0159esahuje r\u00e1mec procesu migrace. Poskytujeme pr\u016fb\u011b\u017enou podporu p\u0159i \u0159e\u0161en\u00ed jak\u00fdchkoli probl\u00e9m\u016f a pom\u00e1h\u00e1me s osvojen\u00edm Power BI.<\/li>\n<\/ul>\n\n\n\n<p>Spole\u010dnost LeapLytics je va\u0161\u00edm d\u016fv\u011bryhodn\u00fdm partnerem, kter\u00fd v\u00e1m umo\u017en\u00ed co nejplynulej\u0161\u00ed p\u0159echod z QlikView na Power BI. Kontaktujte n\u00e1s je\u0161t\u011b dnes, abyste se dozv\u011bd\u011bli v\u00edce o na\u0161ich migra\u010dn\u00edch slu\u017eb\u00e1ch a ud\u011blali prvn\u00ed krok k uvoln\u011bn\u00ed skute\u010dn\u00e9ho potenci\u00e1lu va\u0161ich dat.<\/p>\n\n\n\n<h4 class=\"wp-block-heading\"><strong>Kontaktujte n\u00e1s je\u0161t\u011b dnes<\/strong><\/h4>\n\n\n\n<p>M\u00e1te dotazy k migraci z QlikView do Power BI nebo z\u00e1jem o na\u0161e slu\u017eby? Nev\u00e1hejte n\u00e1s kontaktovat a po\u017e\u00e1dat o konzultaci. Jsme zde, abychom v\u00e1m pomohli s hladk\u00fdm a \u00fasp\u011b\u0161n\u00fdm p\u0159echodem na Power BI. Spojte se s na\u0161imi odborn\u00edky a <a href=\"https:\/\/www.leaplytics.de\/cs\/kontakt\/\"><strong>po\u0161lete n\u00e1m zpr\u00e1vu<\/strong><\/a>.<\/p>\n\n\n\n<p>(<em>Nev\u00e1hejte se na n\u00e1s obr\u00e1tit i v p\u0159\u00edpad\u011b, \u017ee pot\u0159ebujete poradit s jin\u00fdm aspektem business intelligence, anal\u00fdzy dat nebo vizualizace. N\u00e1\u0161 t\u00fdm je dob\u0159e p\u0159ipraven pomoci v\u00e1m v r\u016fzn\u00fdch \u010dinnostech souvisej\u00edc\u00edch s daty.<\/em>)<\/p>","protected":false},"excerpt":{"rendered":"<p>Pou\u017e\u00edv\u00e1te v sou\u010dasn\u00e9 dob\u011b QlikView, ale zva\u017eujete p\u0159echod na Power BI? Ve spole\u010dnosti LeapLytics se specializujeme na poskytov\u00e1n\u00ed odborn\u00fdch migra\u010dn\u00edch slu\u017eeb, kter\u00e9 v\u00e1m pomohou plynule p\u0159ej\u00edt z QlikView na Power BI. N\u00e1\u0161 t\u00fdm kvalifikovan\u00fdch odborn\u00edk\u016f m\u00e1 rozs\u00e1hl\u00e9 zku\u0161enosti se zvl\u00e1d\u00e1n\u00edm takov\u00fdchto migrac\u00ed a zaji\u0161\u0165uje hladk\u00fd a efektivn\u00ed proces pro va\u0161i organizaci. Pro\u010d migrovat z ... <\/p>","protected":false},"author":2,"featured_media":0,"parent":0,"menu_order":0,"comment_status":"closed","ping_status":"closed","template":"","meta":{"footnotes":""},"class_list":["post-12086","page","type-page","status-publish","hentry","latest_post"],"_links":{"self":[{"href":"https:\/\/www.leaplytics.de\/cs\/wp-json\/wp\/v2\/pages\/12086","targetHints":{"allow":["GET"]}}],"collection":[{"href":"https:\/\/www.leaplytics.de\/cs\/wp-json\/wp\/v2\/pages"}],"about":[{"href":"https:\/\/www.leaplytics.de\/cs\/wp-json\/wp\/v2\/types\/page"}],"author":[{"embeddable":true,"href":"https:\/\/www.leaplytics.de\/cs\/wp-json\/wp\/v2\/users\/2"}],"replies":[{"embeddable":true,"href":"https:\/\/www.leaplytics.de\/cs\/wp-json\/wp\/v2\/comments?post=12086"}],"version-history":[{"count":0,"href":"https:\/\/www.leaplytics.de\/cs\/wp-json\/wp\/v2\/pages\/12086\/revisions"}],"wp:attachment":[{"href":"https:\/\/www.leaplytics.de\/cs\/wp-json\/wp\/v2\/media?parent=12086"}],"curies":[{"name":"wp","href":"https:\/\/api.w.org\/{rel}","templated":true}]}}