{"id":12944,"date":"2023-12-18T23:03:40","date_gmt":"2023-12-18T22:03:40","guid":{"rendered":"https:\/\/www.leaplytics.de\/?page_id=12944"},"modified":"2023-12-18T23:03:40","modified_gmt":"2023-12-18T22:03:40","slug":"ehs-risk-management-power-bi-pro-tezebni-a-ropny-prumysl","status":"publish","type":"page","link":"https:\/\/www.leaplytics.de\/cs\/ehs-risk-management-power-bi-pro-tezebni-a-ropny-prumysl\/","title":{"rendered":"Power BI pro \u0159\u00edzen\u00ed rizik v oblasti BOZP v t\u011b\u017eebn\u00edm a ropn\u00e9m pr\u016fmyslu"},"content":{"rendered":"<h3 class=\"wp-block-heading\">\u00davod<\/h3>\n\n\n\n<p>Odv\u011btv\u00ed, jako je t\u011b\u017eebn\u00ed a ropn\u00fd pr\u016fmysl, jsou pro sv\u011btovou ekonomiku kl\u00ed\u010dov\u00e1, proto\u017ee dod\u00e1vaj\u00ed zdroje a energii. Pot\u00fdkaj\u00ed se v\u0161ak s probl\u00e9my v oblasti environment\u00e1ln\u00edch, zdravotn\u00edch a bezpe\u010dnostn\u00edch rizik (EHS). Spole\u010dnosti nyn\u00ed pova\u017euj\u00ed d\u016fkladn\u00e9 \u0159\u00edzen\u00ed rizik v oblasti BOZP za z\u00e1klad \u00fasp\u011bchu. Tento \u010dl\u00e1nek se zab\u00fdv\u00e1 t\u00edm, jak m\u016f\u017ee na\u0161e matice rizik Power BI zlep\u0161it \u0159\u00edzen\u00ed rizik EHS.<\/p>\n\n\n\n<h3 class=\"wp-block-heading\"><strong>Porozum\u011bn\u00ed \u0159\u00edzen\u00ed rizik v oblasti BOZP<\/strong><\/h3>\n\n\n\n<p>V t\u011b\u017eebn\u00edm a ropn\u00e9m pr\u016fmyslu jsou hlavn\u00edmi probl\u00e9my environment\u00e1ln\u00ed, zdravotn\u00ed a bezpe\u010dnostn\u00ed rizika. Pat\u0159\u00ed mezi n\u011b naru\u0161en\u00ed \u017eivotn\u00edho prost\u0159ed\u00ed, zne\u010di\u0161t\u011bn\u00ed, nehody a pr\u00e1vn\u00ed probl\u00e9my. Pro udr\u017eiteln\u00fd a \u00fasp\u011b\u0161n\u00fd provoz je nezbytn\u00e9 p\u0159\u00edsn\u00e9 \u0159\u00edzen\u00ed rizik v oblasti BOZP.<\/p>\n\n\n\n<h3 class=\"wp-block-heading\"><strong>Matice rizik Power BI<\/strong><\/h3>\n\n\n\n<p>Matice rizik je siln\u00fdm n\u00e1strojem pro \u0159e\u0161en\u00ed rizik v oblasti BOZP pomoc\u00ed Power BI. Zde se dozv\u00edte, jak pom\u00e1h\u00e1:<\/p>\n\n\n\n<ol class=\"wp-block-list\">\n<li><strong>Identifikace rizik:<\/strong> shroma\u017e\u010fuje \u00fadaje pro zji\u0161t\u011bn\u00ed bezpe\u010dnostn\u00edch, compliance nebo zdravotn\u00edch rizik.<\/li>\n\n\n\n<li><strong>Vizualizace:<\/strong> Kategorizuje rizika a pom\u00e1h\u00e1 rozhodovac\u00edm org\u00e1n\u016fm vid\u011bt nal\u00e9hav\u00e9 probl\u00e9my.<\/li>\n\n\n\n<li><strong>Sledov\u00e1n\u00ed v\u00fdkonu:<\/strong> Udr\u017euje aktualizovan\u00e9 \u00fadaje EHS pro proaktivn\u00ed \u0159\u00edzen\u00ed rizik.<\/li>\n\n\n\n<li><strong>Interaktivn\u00ed ovl\u00e1dac\u00ed panely: <\/strong>Zobrazen\u00ed metrik rizik, incident\u016f a trend\u016f v re\u00e1ln\u00e9m \u010dase pro snadn\u011bj\u0161\u00ed sledov\u00e1n\u00ed v\u00fdkonnosti.<\/li>\n<\/ol>\n\n\n\n<div class=\"wp-block-buttons is-layout-flex wp-block-buttons-is-layout-flex\" id=\"https:\/\/www.leaplytics.de\/frontpage\/project-management-custom-visuals-microsoft-powerbi\/risk-heatmap-custom-visual-for-power-bi\/\">\n<div class=\"wp-block-button has-custom-width wp-block-button__width-75 has-custom-font-size is-style-fill\" style=\"font-size:18px\"><a class=\"wp-block-button__link has-background wp-element-button\" href=\"https:\/\/www.leaplytics.de\/cs\/titulni-stranka\/rizeni-projektu-vlastni-vizualizace-microsoft-powerbi\/vlastni-vizualni-mapa-rizik-pro-power-bi\/\" style=\"background-color:#22316d\" rel=\"https:\/\/www.leaplytics.de\/frontpage\/project-management-custom-visuals-microsoft-powerbi\/risk-heatmap-custom-visual-for-power-bi\/\">Pod\u00edvejte se na na\u0161i vlastn\u00ed vizu\u00e1ln\u00ed matici rizik pro Power BI zde!<\/a><\/div>\n<\/div>\n\n\n\n<p><\/p>\n\n\n\n<h3 class=\"wp-block-heading\"><strong>Zvy\u0161ov\u00e1n\u00ed v\u00fdkonnosti prost\u0159ednictv\u00edm \u0159\u00edzen\u00ed rizik v oblasti BOZP<\/strong><\/h3>\n\n\n\n<p>Efektivn\u00ed \u0159\u00edzen\u00ed rizik v oblasti BOZP zlep\u0161uje v\u00fdkonnost:<\/p>\n\n\n\n<ul class=\"wp-block-list\">\n<li><strong>Provozn\u00ed efektivita:<\/strong> Sni\u017euje po\u010det nehod, poruch za\u0159\u00edzen\u00ed a ekologick\u00fdch hav\u00e1ri\u00ed. T\u00edm se zvy\u0161uje efektivita a zkracuj\u00ed prostoje.<\/li>\n\n\n\n<li><strong>\u00daspora n\u00e1klad\u016f:<\/strong> Minimalizuje po\u010det incident\u016f, sni\u017euje pokuty, pr\u00e1vn\u00ed poplatky a n\u00e1klady na \u00faklid.<\/li>\n\n\n\n<li><strong>Udr\u017eitelnost a pov\u011bst:<\/strong> Prokazuje z\u00e1vazek k udr\u017eitelnosti. To zvy\u0161uje pov\u011bst a p\u0159ita\u017elivost pro investory a z\u00e1kazn\u00edky.<\/li>\n\n\n\n<li><strong>Dodr\u017eov\u00e1n\u00ed p\u0159edpis\u016f:<\/strong> Dodr\u017euje pravidla EHS, udr\u017euje dobr\u00e9 vztahy s regula\u010dn\u00edmi org\u00e1ny a vyh\u00fdb\u00e1 se sankc\u00edm.<\/li>\n\n\n\n<li><strong>Pohoda zam\u011bstnanc\u016f:<\/strong> up\u0159ednost\u0148uje bezpe\u010dnost a zdrav\u00ed zam\u011bstnavatele. Zvy\u0161uje tak motivaci a produktivitu, sni\u017euje fluktuaci a absenci.<\/li>\n<\/ul>\n\n\n\n<h3 class=\"wp-block-heading\"><strong>Z\u00e1v\u011br<\/strong><\/h3>\n\n\n\n<p>\u0158\u00edzen\u00ed rizik v oblasti BOZP je z\u00e1sadn\u00ed pro vynikaj\u00edc\u00ed provoz. Na\u0161e matice rizik v Power BI je skv\u011bl\u00fdm n\u00e1strojem pro efektivn\u00ed \u0159\u00edzen\u00ed rizik. \u0158\u00edzen\u00ed rizik EHS pom\u00e1h\u00e1 spole\u010dnostem dosahovat lep\u0161\u00edch v\u00fdsledk\u016f a sni\u017eovat n\u00e1klady. Pom\u00e1h\u00e1 jim tak\u00e9 plnit p\u0159edpisy a budovat kulturu udr\u017eitelnosti a bezpe\u010dnosti. Tv\u00e1\u0159\u00ed v tv\u00e1\u0159 dne\u0161n\u00edm v\u00fdzv\u00e1m je \u0159\u00edzen\u00ed rizik EHS prost\u0159ednictv\u00edm Power BI kl\u00ed\u010dem k \u00fasp\u011bchu.<\/p>","protected":false},"excerpt":{"rendered":"<p>Introduction Industries such as mining and petroleum are crucial for the global economy, supplying resources and energy. But, they face challenges in environmental, health, and safety (EHS) risks. Companies now view solid EHS risk management,fundamental for success. This article looks at how our Power BI Risk Matrix can enhance EHS risk management. Understanding EHS Risk &hellip; <\/p>","protected":false},"author":55,"featured_media":12952,"parent":0,"menu_order":0,"comment_status":"closed","ping_status":"closed","template":"","meta":{"footnotes":""},"class_list":["post-12944","page","type-page","status-publish","has-post-thumbnail","hentry","latest_post"],"_links":{"self":[{"href":"https:\/\/www.leaplytics.de\/cs\/wp-json\/wp\/v2\/pages\/12944","targetHints":{"allow":["GET"]}}],"collection":[{"href":"https:\/\/www.leaplytics.de\/cs\/wp-json\/wp\/v2\/pages"}],"about":[{"href":"https:\/\/www.leaplytics.de\/cs\/wp-json\/wp\/v2\/types\/page"}],"author":[{"embeddable":true,"href":"https:\/\/www.leaplytics.de\/cs\/wp-json\/wp\/v2\/users\/55"}],"replies":[{"embeddable":true,"href":"https:\/\/www.leaplytics.de\/cs\/wp-json\/wp\/v2\/comments?post=12944"}],"version-history":[{"count":0,"href":"https:\/\/www.leaplytics.de\/cs\/wp-json\/wp\/v2\/pages\/12944\/revisions"}],"wp:featuredmedia":[{"embeddable":true,"href":"https:\/\/www.leaplytics.de\/cs\/wp-json\/wp\/v2\/media\/12952"}],"wp:attachment":[{"href":"https:\/\/www.leaplytics.de\/cs\/wp-json\/wp\/v2\/media?parent=12944"}],"curies":[{"name":"wp","href":"https:\/\/api.w.org\/{rel}","templated":true}]}}