{"id":12961,"date":"2023-12-18T23:03:43","date_gmt":"2023-12-18T22:03:43","guid":{"rendered":"https:\/\/www.leaplytics.de\/?page_id=12961"},"modified":"2024-01-02T12:05:32","modified_gmt":"2024-01-02T11:05:32","slug":"identifikace-nebezpeci-power-bi-v-letecke-doprave","status":"publish","type":"page","link":"https:\/\/www.leaplytics.de\/cs\/identifikace-nebezpeci-power-bi-v-letecke-doprave\/","title":{"rendered":"Power BI: Identifikace nebezpe\u010d\u00ed v letectv\u00ed, plavb\u011b a doprav\u011b"},"content":{"rendered":"<h2 class=\"wp-block-heading has-medium-font-size\"><strong>\u00davod<\/strong><\/h2>\n\n\n\n<p>V letectv\u00ed, plavb\u011b a doprav\u011b je z\u00e1sadn\u00ed identifikace nebezpe\u010d\u00ed a \u0159\u00edzen\u00ed rizik. Na\u0161e matice rizik v Power BI se pro tento \u00fa\u010del jev\u00ed jako cenn\u00fd n\u00e1stroj.<\/p>\n\n\n\n<p>N\u00e1stroj vynik\u00e1 identifikac\u00ed nebezpe\u010d\u00ed a zjednodu\u0161en\u00edm prezentace dat pro rychl\u00e9 rozpozn\u00e1n\u00ed. Tato schopnost umo\u017e\u0148uje okam\u017eitou akci a zvy\u0161uje bezpe\u010dnost provozu.<\/p>\n\n\n\n<h2 class=\"wp-block-heading has-medium-font-size\"><strong>Navigace v oblasti leteck\u00fdch nebezpe\u010d\u00ed<\/strong><\/h2>\n\n\n\n<p>V letectv\u00ed jsou b\u011b\u017en\u00fdmi riziky probl\u00e9my s dr\u00e1hou nebo n\u00e1razy pt\u00e1k\u016f. Mezi kl\u00ed\u010dov\u00e9 ukazatele v\u00fdkonnosti pat\u0159\u00ed \u010detnost t\u00e9m\u011b\u0159 nehod a \u00fa\u010dinnost bezpe\u010dnostn\u00edho \u0161kolen\u00ed. Kl\u00ed\u010dov\u00e1 je nap\u0159\u00edklad spolehlivost komunika\u010dn\u00edho syst\u00e9mu.<\/p>\n\n\n\n<h2 class=\"wp-block-heading has-medium-font-size\"><strong>Zaji\u0161t\u011bn\u00ed bezpe\u010dnosti p\u0159i plavb\u00e1ch<\/strong><\/h2>\n\n\n\n<p>V p\u0159\u00edpad\u011b v\u00fdletn\u00edch plaveb mohou nebezpe\u010d\u00ed zahrnovat sr\u00e1\u017eky lod\u00ed nebo mimo\u0159\u00e1dn\u00e9 zdravotn\u00ed situace. Mezi kl\u00ed\u010dov\u00e9 ukazatele v\u00fdkonnosti pat\u0159\u00ed sledov\u00e1n\u00ed doby reakce na mimo\u0159\u00e1dn\u00e9 ud\u00e1losti a dostate\u010dn\u00e9 z\u00e1soby zdravotnick\u00fdch prost\u0159edk\u016f. Zaji\u0161t\u011bn\u00ed bezpe\u010dnosti cestuj\u00edc\u00edch je proto kl\u00ed\u010dov\u00e9.<\/p>\n\n\n\n<h2 class=\"wp-block-heading has-medium-font-size\"><strong>Zabezpe\u010den\u00ed dopravn\u00edch operac\u00ed<\/strong><\/h2>\n\n\n\n<p>V odv\u011btv\u00ed dopravy mohou rizika zahrnovat nehody nebo naru\u0161en\u00ed dodavatelsk\u00e9ho \u0159et\u011bzce. Kl\u00ed\u010dov\u00fdmi ukazateli v\u00fdkonnosti jsou m\u00edra nehodovosti, dodr\u017eov\u00e1n\u00ed pl\u00e1nu \u00fadr\u017eby a \u00fa\u010dinnost pohotovostn\u00edch pl\u00e1n\u016f. Z\u00e1sadn\u00ed je nap\u0159\u00edklad sledov\u00e1n\u00ed \u00fa\u010dinnosti program\u016f \u0161kolen\u00ed \u0159idi\u010d\u016f.<\/p>\n\n\n\n<h2 class=\"wp-block-heading has-medium-font-size\"><strong>Matice rizik pro Power BI<\/strong><\/h2>\n\n\n\n<p>Zde se dozv\u00edte, jak matice rizik zdokonaluje \u0159\u00edzen\u00ed rizik:<\/p>\n\n\n\n<p><strong>Osa pravd\u011bpodobnosti:<\/strong> Na t\u00e9to ose se hodnot\u00ed pravd\u011bpodobnost, s jakou k riziku dojde, a to od n\u00edzk\u00e9 po vysokou. Pom\u00e1h\u00e1 pochopit pravd\u011bpodobnost v\u00fdskytu potenci\u00e1ln\u00edch rizik v t\u011bchto odv\u011btv\u00edch.<\/p>\n\n\n\n<p><strong>Osa dopadu:<\/strong> Tato osa se zab\u00fdv\u00e1 t\u00edm, jak z\u00e1va\u017en\u00e9 m\u016f\u017ee b\u00fdt riziko, a je klasifikov\u00e1na jako n\u00edzk\u00e9, st\u0159edn\u00ed nebo vysok\u00e9. Pom\u00e1h\u00e1 organizac\u00edm v oblasti letectv\u00ed, plavby a dopravy analyzovat, jak velkou \u0161kodu by riziko mohlo zp\u016fsobit.<\/p>\n\n\n\n<p>Kombinac\u00ed pravd\u011bpodobnosti a dopadu z\u00edsk\u00e1 ka\u017ed\u00e9 riziko bodov\u00e9 ohodnocen\u00ed. To pom\u00e1h\u00e1 se\u0159adit rizika podle toho, jak jsou z\u00e1va\u017en\u00e1. V\u010dasn\u00e9 \u0159\u00edzen\u00ed rizik s vysokou prioritou minimalizuje hrozby a naru\u0161en\u00ed provozu.<\/p>\n\n\n\n<p>D\u00edky matici rizik mohou organizace v t\u011bchto odv\u011btv\u00edch:<\/p>\n\n\n\n<ol class=\"wp-block-list\">\n<li><strong>Vytvo\u0159en\u00ed ovl\u00e1dac\u00edch panel\u016f:<\/strong> Vytv\u00e1\u0159ejte p\u0159ehledy v re\u00e1ln\u00e9m \u010dase zobrazuj\u00edc\u00ed bezpe\u010dnostn\u00ed metriky, incidenty a trendy. D\u00edky tomu mohou mana\u017ee\u0159i rizik snadno zjistit, jak se bezpe\u010dnost vyv\u00edj\u00ed.<\/li>\n\n\n\n<li><strong>Vizualizace dat o rizic\u00edch:<\/strong> Pomoc\u00ed tabulek a graf\u016f zobrazte sk\u00f3re rizik z matice rizik. To pom\u00e1h\u00e1 pochopit, jak z\u00e1va\u017en\u00e1 jsou identifikovan\u00e1 rizika.<\/li>\n\n\n\n<li><strong>Monitorov\u00e1n\u00ed:<\/strong> Pomoc\u00ed n\u00e1stroje Power BI zkontrolujte, zda spl\u0148ujete bezpe\u010dnostn\u00ed p\u0159edpisy. Najd\u011bte tak\u00e9 oblasti, kter\u00e9 vy\u017eaduj\u00ed v\u00edce bezpe\u010dnostn\u00edch opat\u0159en\u00ed v letectv\u00ed, plavb\u011b lod\u00ed a doprav\u011b.<\/li>\n\n\n\n<li><strong>Identifikace trend\u016f: <\/strong>Pod\u00edvejte se na \u00fadaje o rizic\u00edch. Pomoc\u00ed matice rizik m\u016f\u017eete pochopit p\u0159\u00ed\u010diny nehod a rozpoznat p\u0159etrv\u00e1vaj\u00edc\u00ed bezpe\u010dnostn\u00ed probl\u00e9my. To umo\u017e\u0148uje p\u0159ij\u00edmat informovan\u00e1 rozhodnut\u00ed pro neust\u00e1l\u00e9 zlep\u0161ov\u00e1n\u00ed bezpe\u010dnosti.<\/li>\n<\/ol>\n\n\n\n<div class=\"wp-block-buttons is-layout-flex wp-block-buttons-is-layout-flex\">\n<div class=\"wp-block-button has-custom-font-size\" style=\"font-size:18px\"><a class=\"wp-block-button__link has-background wp-element-button\" href=\"https:\/\/www.leaplytics.de\/cs\/titulni-stranka\/rizeni-projektu-vlastni-vizualizace-microsoft-powerbi\/vlastni-vizualni-mapa-rizik-pro-power-bi\/\" style=\"background-color:#22316d\" rel=\"https:\/\/www.leaplytics.de\/frontpage\/project-management-custom-visuals-microsoft-powerbi\/risk-heatmap-custom-visual-for-power-bi\/\">Pod\u00edvejte se na na\u0161i vlastn\u00ed vizu\u00e1ln\u00ed matici rizik pro Power BI zde!<\/a><\/div>\n<\/div>\n\n\n\n<figure class=\"wp-block-image size-full\"><img loading=\"lazy\" decoding=\"async\" width=\"1024\" height=\"576\" src=\"https:\/\/www.leaplytics.de\/wp-content\/uploads\/2023\/12\/Risk-Matrix.jpg\" alt=\"\" class=\"wp-image-12965\" srcset=\"https:\/\/www.leaplytics.de\/wp-content\/uploads\/2023\/12\/Risk-Matrix.jpg 1024w, https:\/\/www.leaplytics.de\/wp-content\/uploads\/2023\/12\/Risk-Matrix-300x169.jpg 300w, https:\/\/www.leaplytics.de\/wp-content\/uploads\/2023\/12\/Risk-Matrix-768x432.jpg 768w, https:\/\/www.leaplytics.de\/wp-content\/uploads\/2023\/12\/Risk-Matrix-107x60.jpg 107w\" sizes=\"auto, (max-width: 1024px) 100vw, 1024px\" \/><\/figure>\n\n\n\n<h2 class=\"wp-block-heading has-medium-font-size\"><strong>Z\u00e1v\u011br<\/strong><\/h2>\n\n\n\n<p>Matice rizik pro Power BI poskytuje cenn\u00e9 informace o rizikov\u00fdch oblastech. Pom\u00e1h\u00e1 zam\u011b\u0159it se na zdroje a zv\u00fd\u0161it bezpe\u010dnost. N\u00e1stroj umo\u017e\u0148uje odborn\u00edk\u016fm \u010dinit informovan\u00e1 rozhodnut\u00ed a zvl\u00e1dat rizika.<\/p>\n\n\n\n<p>Matice rizik je v\u00fdznamn\u00fdm p\u0159\u00ednosem pro letectv\u00ed, plavby a dopravu. Zp\u0159\u00edstup\u0148uje a zefektiv\u0148uje identifikaci a \u0159\u00edzen\u00ed rizik. D\u00edky tomu mohou spole\u010dnosti udr\u017eovat bezpe\u010dn\u00fd a plynul\u00fd provoz v t\u011bchto \u017eivotn\u011b d\u016fle\u017eit\u00fdch odv\u011btv\u00edch.<\/p>","protected":false},"excerpt":{"rendered":"<p>\u00davod V letectv\u00ed, lodn\u00ed doprav\u011b a doprav\u011b je z\u00e1sadn\u00ed identifikace nebezpe\u010d\u00ed a \u0159\u00edzen\u00ed rizik. Na\u0161e matice rizik v Power BI se pro tento \u00fa\u010del jev\u00ed jako cenn\u00fd n\u00e1stroj. N\u00e1stroj vynik\u00e1 p\u0159i identifikaci nebezpe\u010d\u00ed a zjednodu\u0161uje prezentaci dat pro rychl\u00e9 rozpozn\u00e1n\u00ed. Tato schopnost umo\u017e\u0148uje okam\u017eitou akci, \u010d\u00edm\u017e se zvy\u0161uje bezpe\u010dnost provozu. Navigace v oblasti leteck\u00fdch rizik V letectv\u00ed se b\u011b\u017en\u011b vyskytuj\u00ed ... <\/p>","protected":false},"author":55,"featured_media":12962,"parent":0,"menu_order":0,"comment_status":"closed","ping_status":"closed","template":"","meta":{"footnotes":""},"class_list":["post-12961","page","type-page","status-publish","has-post-thumbnail","hentry","latest_post"],"_links":{"self":[{"href":"https:\/\/www.leaplytics.de\/cs\/wp-json\/wp\/v2\/pages\/12961","targetHints":{"allow":["GET"]}}],"collection":[{"href":"https:\/\/www.leaplytics.de\/cs\/wp-json\/wp\/v2\/pages"}],"about":[{"href":"https:\/\/www.leaplytics.de\/cs\/wp-json\/wp\/v2\/types\/page"}],"author":[{"embeddable":true,"href":"https:\/\/www.leaplytics.de\/cs\/wp-json\/wp\/v2\/users\/55"}],"replies":[{"embeddable":true,"href":"https:\/\/www.leaplytics.de\/cs\/wp-json\/wp\/v2\/comments?post=12961"}],"version-history":[{"count":0,"href":"https:\/\/www.leaplytics.de\/cs\/wp-json\/wp\/v2\/pages\/12961\/revisions"}],"wp:featuredmedia":[{"embeddable":true,"href":"https:\/\/www.leaplytics.de\/cs\/wp-json\/wp\/v2\/media\/12962"}],"wp:attachment":[{"href":"https:\/\/www.leaplytics.de\/cs\/wp-json\/wp\/v2\/media?parent=12961"}],"curies":[{"name":"wp","href":"https:\/\/api.w.org\/{rel}","templated":true}]}}