{"id":13004,"date":"2023-12-18T23:06:58","date_gmt":"2023-12-18T22:06:58","guid":{"rendered":"https:\/\/www.leaplytics.de\/?page_id=13004"},"modified":"2024-04-09T20:48:32","modified_gmt":"2024-04-09T18:48:32","slug":"temata-power-bi","status":"publish","type":"page","link":"https:\/\/www.leaplytics.de\/cs\/temata-power-bi\/","title":{"rendered":"T\u00e9mata Power BI"},"content":{"rendered":"<p><a href=\"https:\/\/www.leaplytics.de\/cs\/ehs-risk-management-power-bi-pro-tezebni-a-ropny-prumysl\/\">\u0158\u00edzen\u00ed rizik v oblasti BOZP v aplikaci Power BI<\/a><\/p>\n\n\n\n<p><a href=\"https:\/\/www.leaplytics.de\/cs\/identifikace-nebezpeci-power-bi-v-letecke-doprave\/\">Identifikace nebezpe\u010d\u00ed v letectv\u00ed, plavb\u011b a doprav\u011b v Power BI<\/a><\/p>\n\n\n\n<p><a href=\"https:\/\/www.leaplytics.de\/cs\/matice-rizik-osha-v-energetice-bi\/\">Matice rizik OSHA v aplikaci Power BI<\/a><\/p>\n\n\n\n<p><a href=\"https:\/\/www.leaplytics.de\/cs\/matice-rizik-esg-s-microsoft-power-bi\/\">Matice rizik ESG v aplikaci Power BI<\/a><\/p>\n\n\n\n<p><a href=\"https:\/\/www.leaplytics.de\/cs\/rizeni-kvality-dodavatele-s-power-bi\/\">Zaji\u0161\u0165ov\u00e1n\u00ed \/ \u0159\u00edzen\u00ed kvality dodavatel\u016f pomoc\u00ed Power BI<\/a><\/p>\n\n\n\n<p><a href=\"https:\/\/www.leaplytics.de\/cs\/rizeni-rizik-kyberneticke-bezpecnosti-v-oblasti-energetiky\/\">Power BI: \u0158\u00edzen\u00ed rizik kybernetick\u00e9 bezpe\u010dnosti<\/a><\/p>\n\n\n\n<p><a href=\"https:\/\/www.leaplytics.de\/cs\/power-bi-rizeni-financnich-rizik\/\">Power BI: \u0158\u00edzen\u00ed finan\u010dn\u00edch rizik v sektoru finan\u010dn\u00edch slu\u017eeb<\/a><\/p>\n\n\n\n<p><a href=\"https:\/\/www.leaplytics.de\/cs\/nechte-power-bi-skokove-zlepsit-rizeni-projektu\/\">Nechte Power BI skokov\u011b zlep\u0161it \u0159\u00edzen\u00ed projekt\u016f<\/a><\/p>\n\n\n\n<p><a href=\"https:\/\/www.leaplytics.de\/cs\/vizualizace-textoveho-prohlizece-pro-power-bi\/\">Vizualizace prohl\u00ed\u017ee\u010de textu pro Power BI<\/a><\/p>\n\n\n\n<p><a href=\"https:\/\/www.leaplytics.de\/cs\/matice-prilezitosti-pro-power-bi\/\">Matice p\u0159\u00edle\u017eitost\u00ed pro Power BI<\/a><\/p>","protected":false},"excerpt":{"rendered":"<p>\u0158\u00edzen\u00ed rizik EHS v Power BI Identifikace nebezpe\u010d\u00ed v odv\u011btv\u00ed letectv\u00ed, plavby a dopravy v Power BI Matice rizik OSHA v Power BI Matice rizik ESG v Power BI Zaji\u0161t\u011bn\u00ed \/ \u0159\u00edzen\u00ed kvality dodavatel\u016f pomoc\u00ed Power BI Power BI: \u0158\u00edzen\u00ed rizik kybernetick\u00e9 bezpe\u010dnosti Power BI: \u0158\u00edzen\u00ed finan\u010dn\u00edch rizik v odv\u011btv\u00ed finan\u010dn\u00edch slu\u017eeb Nechte Power BI ... <\/p>","protected":false},"author":2,"featured_media":0,"parent":0,"menu_order":0,"comment_status":"closed","ping_status":"closed","template":"","meta":{"footnotes":""},"class_list":["post-13004","page","type-page","status-publish","hentry","latest_post"],"_links":{"self":[{"href":"https:\/\/www.leaplytics.de\/cs\/wp-json\/wp\/v2\/pages\/13004","targetHints":{"allow":["GET"]}}],"collection":[{"href":"https:\/\/www.leaplytics.de\/cs\/wp-json\/wp\/v2\/pages"}],"about":[{"href":"https:\/\/www.leaplytics.de\/cs\/wp-json\/wp\/v2\/types\/page"}],"author":[{"embeddable":true,"href":"https:\/\/www.leaplytics.de\/cs\/wp-json\/wp\/v2\/users\/2"}],"replies":[{"embeddable":true,"href":"https:\/\/www.leaplytics.de\/cs\/wp-json\/wp\/v2\/comments?post=13004"}],"version-history":[{"count":4,"href":"https:\/\/www.leaplytics.de\/cs\/wp-json\/wp\/v2\/pages\/13004\/revisions"}],"predecessor-version":[{"id":13338,"href":"https:\/\/www.leaplytics.de\/cs\/wp-json\/wp\/v2\/pages\/13004\/revisions\/13338"}],"wp:attachment":[{"href":"https:\/\/www.leaplytics.de\/cs\/wp-json\/wp\/v2\/media?parent=13004"}],"curies":[{"name":"wp","href":"https:\/\/api.w.org\/{rel}","templated":true}]}}