{"id":13065,"date":"2024-01-02T13:16:49","date_gmt":"2024-01-02T12:16:49","guid":{"rendered":"https:\/\/www.leaplytics.de\/?page_id=13065"},"modified":"2024-01-02T13:16:50","modified_gmt":"2024-01-02T12:16:50","slug":"rizeni-rizik-kyberneticke-bezpecnosti-v-oblasti-energetiky","status":"publish","type":"page","link":"https:\/\/www.leaplytics.de\/cs\/rizeni-rizik-kyberneticke-bezpecnosti-v-oblasti-energetiky\/","title":{"rendered":"Power BI: \u0158\u00edzen\u00ed rizik kybernetick\u00e9 bezpe\u010dnosti"},"content":{"rendered":"<h3 class=\"wp-block-heading has-medium-font-size\">\u00davod<\/h3>\n\n\n\n<p>V dne\u0161n\u00edm rychl\u00e9m digit\u00e1ln\u00edm sv\u011bt\u011b je \u0159\u00edzen\u00ed rizik kybernetick\u00e9 bezpe\u010dnosti kl\u00ed\u010dov\u00e9. Tento \u010dl\u00e1nek se zab\u00fdv\u00e1 kl\u00ed\u010dov\u00fdmi poznatky o \u0159\u00edzen\u00ed rizik kybernetick\u00e9 bezpe\u010dnosti. Zd\u016fraz\u0148ujeme, \u017ee je t\u0159eba, aby organizace p\u0159ijaly strategie \u0159\u00edzen\u00ed rizik v Power BI.<\/p>\n\n\n\n<h3 class=\"wp-block-heading has-medium-font-size\">Pochopen\u00ed a optimalizace strategi\u00ed kybernetick\u00e9 bezpe\u010dnosti<\/h3>\n\n\n\n<p>Organizace po cel\u00e9m sv\u011bt\u011b investuj\u00ed do iniciativ v oblasti kybernetick\u00e9 bezpe\u010dnosti, aby zm\u00edrnily rizika a sn\u00ed\u017eily n\u00e1klady t\u00edm, \u017ee zabr\u00e1n\u00ed \u00fanik\u016fm dat a nepl\u00e1novan\u00fdm odst\u00e1vk\u00e1m. Z\u00e1kladn\u00edm aspektem je pochopen\u00ed typ\u016f rizik, kter\u00fdm \u010del\u00ed. To podnik\u016fm umo\u017e\u0148uje p\u0159izp\u016fsobit \u00fa\u010dinn\u00e9 strategie \u0159\u00edzen\u00ed rizik.<\/p>\n\n\n\n<p><strong>Krok 1 - Granul\u00e1rn\u00ed klasifikace rizik: <\/strong><br>\u00da\u010dinn\u00e9 \u0159\u00edzen\u00ed rizik zahrnuje p\u0159esnou klasifikaci rizik. Tento granul\u00e1rn\u00ed p\u0159\u00edstup umo\u017e\u0148uje organizac\u00edm identifikovat a klasifikovat potenci\u00e1ln\u00ed hrozby.<\/p>\n\n\n\n<p><strong>Krok 2 - Proaktivn\u00ed detekce rizik: <\/strong><br>Kl\u00ed\u010dov\u00fd je proaktivn\u00ed p\u0159\u00edstup k odhalov\u00e1n\u00ed rizik. Organizace mus\u00ed identifikovat potenci\u00e1ln\u00ed hrozby d\u0159\u00edve, ne\u017e se vystup\u0148uj\u00ed, a zv\u00fd\u0161it tak svou bezpe\u010dnostn\u00ed p\u0159ipravenost.<\/p>\n\n\n\n<p><strong>Krok 3 - \u00da\u010dinn\u00e9 zm\u00edrn\u011bn\u00ed rizik: <\/strong><br>\u00da\u010dinn\u00e9 zm\u00edr\u0148ov\u00e1n\u00ed rizik posuzuje rizika na z\u00e1klad\u011b pravd\u011bpodobnosti a dopadu. Vhodn\u00e9 p\u0159id\u011blen\u00ed zdroj\u016f minimalizuje pravd\u011bpodobnost v\u00fdskytu a optimalizuje \u0159\u00edzen\u00ed rizik.<\/p>\n\n\n\n<h3 class=\"wp-block-heading has-medium-font-size\">Kl\u00ed\u010dov\u00e9 ukazatele v\u00fdkonnosti (KPI) v oblasti kybernetick\u00e9 bezpe\u010dnosti<\/h3>\n\n\n\n<p>Integrace kl\u00ed\u010dov\u00fdch ukazatel\u016f v\u00fdkonnosti do \u0159\u00edzen\u00ed rizik kybernetick\u00e9 bezpe\u010dnosti poskytuje u\u017eite\u010dn\u00e9 poznatky:<\/p>\n\n\n\n<ul class=\"wp-block-list\">\n<li> Rychl\u00e1 reakce na incident: Kl\u00ed\u010dem k udr\u017een\u00ed situace pod kontrolou je okam\u017eit\u00e9 jedn\u00e1n\u00ed v p\u0159\u00edpad\u011b probl\u00e9mu. (KPI: <strong>Doba odezvy<\/strong>)<\/li>\n<\/ul>\n\n\n\n<ul class=\"wp-block-list\">\n<li> Vyhled\u00e1v\u00e1n\u00ed zranitelnost\u00ed: Rychl\u00e1 identifikace a \u0159e\u0161en\u00ed slab\u00fdch m\u00edst zaji\u0161\u0165uje vy\u0161\u0161\u00ed digit\u00e1ln\u00ed bezpe\u010dnost. (KPI: <strong>Zji\u0161t\u011bn\u00e1 rizika<\/strong>\/mitigrov\u00e1no)<\/li>\n<\/ul>\n\n\n\n<ul class=\"wp-block-list\">\n<li>Kontrola \u0159e\u0161en\u00ed rizik: Kontrola \u00fa\u010dinnosti pl\u00e1n\u016f na zm\u00edrn\u011bn\u00ed rizik zaji\u0161\u0165uje neust\u00e1l\u00e9 zlep\u0161ov\u00e1n\u00ed. (KPI: <strong>Vyskytla se rizika<\/strong>, dopad [finan\u010dn\u00edho] rizika)<\/li>\n<\/ul>\n\n\n\n<h3 class=\"wp-block-heading has-medium-font-size\">Matice rizik pro Power BI<\/h3>\n\n\n\n<figure class=\"wp-block-image size-full\"><img loading=\"lazy\" decoding=\"async\" width=\"1024\" height=\"576\" src=\"https:\/\/www.leaplytics.de\/wp-content\/uploads\/2024\/01\/Risk-Matrix.jpg\" alt=\"\" class=\"wp-image-13066\" srcset=\"https:\/\/www.leaplytics.de\/wp-content\/uploads\/2024\/01\/Risk-Matrix.jpg 1024w, https:\/\/www.leaplytics.de\/wp-content\/uploads\/2024\/01\/Risk-Matrix-300x169.jpg 300w, https:\/\/www.leaplytics.de\/wp-content\/uploads\/2024\/01\/Risk-Matrix-768x432.jpg 768w, https:\/\/www.leaplytics.de\/wp-content\/uploads\/2024\/01\/Risk-Matrix-107x60.jpg 107w\" sizes=\"auto, (max-width: 1024px) 100vw, 1024px\" \/><\/figure>\n\n\n\n<p>Jak matice rizik v aplikaci Power BI hodnot\u00ed rizika:<\/p>\n\n\n\n<p>Pochopen\u00ed pravd\u011bpodobnosti a potenci\u00e1ln\u00edho dopadu rizika pom\u00e1h\u00e1 vytvo\u0159it hodnot\u00edc\u00ed tabulku rizik.  Kombinac\u00ed t\u011bchto dimenz\u00ed mohou organizace stanovit priority z\u00e1va\u017en\u00fdch rizik.<\/p>\n\n\n\n<p>V podob\u011b na\u0161\u00ed matice rizik pro Power BI poskytujeme n\u00e1sleduj\u00edc\u00ed \u0159e\u0161en\u00ed:<\/p>\n\n\n\n<ul class=\"wp-block-list\">\n<li> Dashboardy v re\u00e1ln\u00e9m \u010dase: M\u016f\u017eeme vytvo\u0159it \u0159\u00eddic\u00ed panely zobrazuj\u00edc\u00ed bezpe\u010dnostn\u00ed informace v re\u00e1ln\u00e9m \u010dase. D\u00edky tomu m\u016f\u017eeme kdykoli zjistit, jak je situace bezpe\u010dn\u00e1.<\/li>\n<\/ul>\n\n\n\n<ul class=\"wp-block-list\">\n<li>Vizualizace dat o rizic\u00edch: Matrice a integrovan\u00e9 grafy zobrazuj\u00ed m\u00edry rizika. D\u00edky tomu ka\u017ed\u00fd snadno pochop\u00ed, jak z\u00e1va\u017en\u00e1 jsou rizika.<\/li>\n<\/ul>\n\n\n\n<ul class=\"wp-block-list\">\n<li> Monitorov\u00e1n\u00ed a identifikace trend\u016f: Pomoc\u00ed matice rizik m\u016f\u017eeme kontrolovat, zda dodr\u017eujeme bezpe\u010dnostn\u00ed pravidla. Pom\u00e1h\u00e1 n\u00e1m naj\u00edt oblasti, kter\u00e9 pot\u0159ebuj\u00ed v\u00edce bezpe\u010dnostn\u00edch opat\u0159en\u00ed, a pochopit trendy pro lep\u0161\u00ed bezpe\u010dnost.<\/li>\n<\/ul>\n\n\n\n<div class=\"wp-block-buttons is-layout-flex wp-block-buttons-is-layout-flex\">\n<div class=\"wp-block-button has-custom-font-size\" style=\"font-size:18px\"><a class=\"wp-block-button__link has-background wp-element-button\" href=\"https:\/\/www.leaplytics.de\/cs\/titulni-stranka\/rizeni-projektu-vlastni-vizualizace-microsoft-powerbi\/vlastni-vizualni-mapa-rizik-pro-power-bi\/\" style=\"background-color:#22316d\" rel=\"https:\/\/www.leaplytics.de\/frontpage\/project-management-custom-visuals-microsoft-powerbi\/risk-heatmap-custom-visual-for-power-bi\/\">Pod\u00edvejte se na na\u0161i vlastn\u00ed vizu\u00e1ln\u00ed matici rizik pro Power BI zde!<\/a><\/div>\n<\/div>\n\n\n\n<p><\/p>\n\n\n\n<h3 class=\"wp-block-heading has-medium-font-size\">Z\u00e1v\u011br<\/h3>\n\n\n\n<p>Tv\u00e1\u0159\u00ed v tv\u00e1\u0159 vyv\u00edjej\u00edc\u00edm se digit\u00e1ln\u00edm hrozb\u00e1m pot\u0159ebuj\u00ed organizace optim\u00e1ln\u00ed strategie \u0159\u00edzen\u00ed rizik. Pochopen\u00ed rozm\u011br\u016f rizik je nevyhnuteln\u00e9. P\u0159ijet\u00ed proaktivn\u00edho p\u0159\u00edstupu ke zm\u00edrn\u011bn\u00ed hrozeb posiluje kybernetickou bezpe\u010dnost podnik\u016f. D\u016fraz je kladen na zjednodu\u0161en\u00ed proces\u016f pro inteligentn\u00ed a efektivn\u00ed p\u0159\u00edstup ke kybernetick\u00e9 bezpe\u010dnosti.<\/p>","protected":false},"excerpt":{"rendered":"<p>\u00davod V dne\u0161n\u00edm rychl\u00e9m digit\u00e1ln\u00edm sv\u011bt\u011b je \u0159\u00edzen\u00ed rizik kybernetick\u00e9 bezpe\u010dnosti kl\u00ed\u010dov\u00e9. Tento \u010dl\u00e1nek se zab\u00fdv\u00e1 kl\u00ed\u010dov\u00fdmi poznatky t\u00fdkaj\u00edc\u00edmi se \u0159\u00edzen\u00ed rizik kybernetick\u00e9 bezpe\u010dnosti. Zd\u016fraz\u0148ujeme, \u017ee je t\u0159eba, aby organizace p\u0159ijaly strategie \u0159\u00edzen\u00ed rizik v Power BI. Pochopen\u00ed a optimalizace strategi\u00ed kybernetick\u00e9 bezpe\u010dnosti Organizace po cel\u00e9m sv\u011bt\u011b investuj\u00ed do iniciativ v oblasti kybernetick\u00e9 bezpe\u010dnosti, aby zm\u00edrnily rizika a sn\u00ed\u017eily n\u00e1klady t\u00edm, \u017ee zabr\u00e1n\u00ed \u00faniku dat ... <\/p>","protected":false},"author":55,"featured_media":13070,"parent":0,"menu_order":0,"comment_status":"closed","ping_status":"closed","template":"","meta":{"footnotes":""},"class_list":["post-13065","page","type-page","status-publish","has-post-thumbnail","hentry","latest_post"],"_links":{"self":[{"href":"https:\/\/www.leaplytics.de\/cs\/wp-json\/wp\/v2\/pages\/13065","targetHints":{"allow":["GET"]}}],"collection":[{"href":"https:\/\/www.leaplytics.de\/cs\/wp-json\/wp\/v2\/pages"}],"about":[{"href":"https:\/\/www.leaplytics.de\/cs\/wp-json\/wp\/v2\/types\/page"}],"author":[{"embeddable":true,"href":"https:\/\/www.leaplytics.de\/cs\/wp-json\/wp\/v2\/users\/55"}],"replies":[{"embeddable":true,"href":"https:\/\/www.leaplytics.de\/cs\/wp-json\/wp\/v2\/comments?post=13065"}],"version-history":[{"count":0,"href":"https:\/\/www.leaplytics.de\/cs\/wp-json\/wp\/v2\/pages\/13065\/revisions"}],"wp:featuredmedia":[{"embeddable":true,"href":"https:\/\/www.leaplytics.de\/cs\/wp-json\/wp\/v2\/media\/13070"}],"wp:attachment":[{"href":"https:\/\/www.leaplytics.de\/cs\/wp-json\/wp\/v2\/media?parent=13065"}],"curies":[{"name":"wp","href":"https:\/\/api.w.org\/{rel}","templated":true}]}}