{"id":13103,"date":"2024-01-22T16:06:43","date_gmt":"2024-01-22T15:06:43","guid":{"rendered":"https:\/\/www.leaplytics.de\/?page_id=13103"},"modified":"2024-01-22T16:06:43","modified_gmt":"2024-01-22T15:06:43","slug":"seznam-zmen-matice-rizik-power-bi","status":"publish","type":"page","link":"https:\/\/www.leaplytics.de\/cs\/seznam-zmen-matice-rizik-power-bi\/","title":{"rendered":"Seznam zm\u011bn - Matice rizik Power BI"},"content":{"rendered":"<p>09\/23 - Vlastn\u00ed barvy dla\u017edic: Webov\u00e9 rozhran\u00ed je nyn\u00ed k dispozici online na adrese <a href=\"https:\/\/www.leaplytics.de\/cs\/custom-colors\/\" target=\"_blank\" rel=\"noreferrer noopener\">https:\/\/www.leaplytics.de\/custom-colors\/<\/a>.<\/p>\n\n\n\n<p>07\/23 - Podm\u00edn\u011bn\u00e9 form\u00e1tov\u00e1n\u00ed: P\u0159izp\u016fsobit barvu rizik na z\u00e1klad\u011b ur\u010dit\u00fdch podm\u00ednek (nap\u0159. odd\u011blen\u00ed, priorita nebo stav).<\/p>\n\n\n\n<p>23. 6. - \u0160t\u00edtky osy: Byla p\u0159id\u00e1na podpora speci\u00e1ln\u00edch znak\u016f.<\/p>\n\n\n\n<p>05\/23 - Maxim\u00e1ln\u00ed po\u010det rizik na dla\u017edici: Zv\u00fd\u0161en na 100.<\/p>\n\n\n\n<p>05\/23 - K dispozici je v\u00edce druh\u016f rizik.<\/p>\n\n\n\n<p>23. 3. - Pr\u016fzkumem k optimalizaci rizik: Kliknut\u00edm prav\u00fdm tla\u010d\u00edtkem my\u0161i na riziko p\u0159ejdete na konkr\u00e9tn\u00ed str\u00e1nku.<\/p>","protected":false},"excerpt":{"rendered":"<p>09\/23 &#8211; Custom Tile Colors: The web interface is now available online at https:\/\/www.leaplytics.de\/custom-colors\/. 07\/23 &#8211; Conditional formatting: Customize the color of risks based on certain conditions (e.g. department, priority or status) 06\/23 &#8211; Axis Labels: Support for special characters has been added. 05\/23 &#8211; Maximum Number of Risks per Tile: Increased to 100. 05\/23 &hellip; <\/p>","protected":false},"author":2,"featured_media":0,"parent":0,"menu_order":0,"comment_status":"closed","ping_status":"closed","template":"","meta":{"footnotes":""},"class_list":["post-13103","page","type-page","status-publish","hentry","latest_post"],"_links":{"self":[{"href":"https:\/\/www.leaplytics.de\/cs\/wp-json\/wp\/v2\/pages\/13103","targetHints":{"allow":["GET"]}}],"collection":[{"href":"https:\/\/www.leaplytics.de\/cs\/wp-json\/wp\/v2\/pages"}],"about":[{"href":"https:\/\/www.leaplytics.de\/cs\/wp-json\/wp\/v2\/types\/page"}],"author":[{"embeddable":true,"href":"https:\/\/www.leaplytics.de\/cs\/wp-json\/wp\/v2\/users\/2"}],"replies":[{"embeddable":true,"href":"https:\/\/www.leaplytics.de\/cs\/wp-json\/wp\/v2\/comments?post=13103"}],"version-history":[{"count":2,"href":"https:\/\/www.leaplytics.de\/cs\/wp-json\/wp\/v2\/pages\/13103\/revisions"}],"predecessor-version":[{"id":13441,"href":"https:\/\/www.leaplytics.de\/cs\/wp-json\/wp\/v2\/pages\/13103\/revisions\/13441"}],"wp:attachment":[{"href":"https:\/\/www.leaplytics.de\/cs\/wp-json\/wp\/v2\/media?parent=13103"}],"curies":[{"name":"wp","href":"https:\/\/api.w.org\/{rel}","templated":true}]}}