{"id":13130,"date":"2024-02-19T14:11:39","date_gmt":"2024-02-19T13:11:39","guid":{"rendered":"https:\/\/www.leaplytics.de\/?page_id=13130"},"modified":"2024-02-20T10:03:59","modified_gmt":"2024-02-20T09:03:59","slug":"nechte-power-bi-skokove-zlepsit-rizeni-projektu","status":"publish","type":"page","link":"https:\/\/www.leaplytics.de\/cs\/nechte-power-bi-skokove-zlepsit-rizeni-projektu\/","title":{"rendered":"Nechte Power BI skokov\u011b zlep\u0161it \u0159\u00edzen\u00ed projekt\u016f"},"content":{"rendered":"<p>V dynamick\u00e9m prost\u0159ed\u00ed projektov\u00e9ho \u0159\u00edzen\u00ed, kde je nejd\u016fle\u017eit\u011bj\u0161\u00ed p\u0159esnost a p\u0159edv\u00eddavost, je vyu\u017eit\u00ed technologi\u00ed kl\u00ed\u010dov\u00e9. Microsoft Power BI se uk\u00e1zal jako n\u00e1stroj, kter\u00fd m\u011bn\u00ed pravidla hry. Power BI nab\u00edz\u00ed projektov\u00fdm mana\u017eer\u016fm dynamickou platformu pro zlep\u0161en\u00ed jejich rozhodovac\u00edch proces\u016f.<\/p>\n\n\n\n<p>V tomto obs\u00e1hl\u00e9m pr\u016fvodci se budeme zab\u00fdvat t\u00edm, jak Power BI m\u016f\u017ee ka\u017edou f\u00e1zi zkvalitnit.<sup>1 <\/sup>\u0159\u00edzen\u00ed projekt\u016f. Hovo\u0159\u00edme o z\u00e1kladn\u00edch aspektech v\u00fdkonn\u00e9ho panelu pro \u0159\u00edzen\u00ed projekt\u016f.<\/p>\n\n\n\n<h3 class=\"wp-block-heading\" style=\"font-size:30px\">F\u00e1ze pl\u00e1nov\u00e1n\u00ed projektu<\/h3>\n\n\n\n<p class=\"has-medium-font-size\">1. <strong>Definujte skute\u010dn\u00fd probl\u00e9m:<\/strong><\/p>\n\n\n\n<p>Ne\u017e se pust\u00edte do projektu, je d\u016fle\u017eit\u00e9 p\u0159esn\u011b ur\u010dit probl\u00e9m, kter\u00fd se sna\u017e\u00edte vy\u0159e\u0161it. Power BI v\u00e1m v tom pom\u016f\u017ee t\u00edm, \u017ee v\u00e1m pom\u016f\u017ee analyzovat historick\u00e1 data, identifikovat vzorce a odhalit z\u00e1kladn\u00ed probl\u00e9my. Vizualizujte faktory \u00fasp\u011bchu a ne\u00fasp\u011bchu minul\u00fdch projekt\u016f, abyste mohli \u010dinit informovan\u00e1 rozhodnut\u00ed.<\/p>\n\n\n\n<p class=\"has-medium-font-size\">2. <strong>Identifikace z\u00fa\u010dastn\u011bn\u00fdch stran:<\/strong><\/p>\n\n\n\n<p>Mo\u017enosti Power BI se roz\u0161i\u0159uj\u00ed i na spr\u00e1vu zainteresovan\u00fdch stran. Vytv\u00e1\u0159ejte vizualizace, kter\u00e9 upozor\u0148uj\u00ed na r\u016fzn\u00e9 funkce nebo osoby, jich\u017e se projekt t\u00fdk\u00e1. Pomoc\u00ed interaktivn\u00edch organiza\u010dn\u00edch sch\u00e9mat p\u0159edstavte jejich p\u0159\u00ednos a o\u010dek\u00e1v\u00e1n\u00ed. Zajist\u00edme tak slad\u011bn\u00ed od sam\u00e9ho po\u010d\u00e1tku.<\/p>\n\n\n\n<p class=\"has-medium-font-size\">3. <strong>Definujte c\u00edle projektu:<\/strong><\/p>\n\n\n\n<p>Vytvo\u0159en\u00ed jasn\u00fdch a zvl\u00e1dnuteln\u00fdch c\u00edl\u016f je n\u00e1ro\u010dn\u00e9. O\u010dek\u00e1v\u00e1n\u00ed a c\u00edle zainteresovan\u00fdch stran se mohou v pr\u016fb\u011bhu projektu tak\u00e9 m\u011bnit. Flexibilita aplikace Power BI v\u00e1m umo\u017en\u00ed upravovat c\u00edle podle toho, jak shroma\u017e\u010fujete dal\u0161\u00ed informace. M\u016f\u017eete nap\u0159\u00edklad vytvo\u0159it vizualizace, kter\u00e9 aktualizuj\u00ed c\u00edle na z\u00e1klad\u011b dat v re\u00e1ln\u00e9m \u010dase.<\/p>\n\n\n\n<p class=\"has-medium-font-size\">4. <strong>Ur\u010den\u00ed rozsahu, zdroj\u016f a hlavn\u00edch \u00fakol\u016f:<\/strong><\/p>\n\n\n\n<p>Vizualizujte rozsah a \u00fakoly projektu, odhadn\u011bte \u010dasov\u00fd harmonogram a n\u00e1klady. To v\u00e1m pom\u016f\u017ee zajistit jasnou p\u0159edstavu o po\u017eadavc\u00edch na zdroje. Pomoc\u00ed aplikace Power BI rozd\u011blte slo\u017eit\u00e9 \u010dinnosti pomoc\u00ed struktury rozd\u011blen\u00ed prac\u00ed (Work Breakdown Structure - WBS).<\/p>\n\n\n\n<p class=\"has-medium-font-size\">5. <strong>P\u0159ipravte se na kompromisy:<\/strong><\/p>\n\n\n\n<p>Power BI pom\u00e1h\u00e1 p\u0159i hled\u00e1n\u00ed rovnov\u00e1hy mezi \u010dasem, n\u00e1klady a kvalitou. Integrujte sv\u00e1 data a vytvo\u0159te vizualizace, kter\u00e9 ukazuj\u00ed, jak zm\u011bny t\u011bchto prom\u011bnn\u00fdch ovliv\u0148uj\u00ed v\u00fdsledky projektu. Tato transparentnost usnad\u0148uje informovan\u00e9 rozhodov\u00e1n\u00ed a sla\u010fov\u00e1n\u00ed zainteresovan\u00fdch stran.<\/p>\n\n\n\n<h3 class=\"wp-block-heading\" style=\"font-size:30px\">F\u00e1ze budov\u00e1n\u00ed projektu<\/h3>\n\n\n\n<p class=\"has-medium-font-size\">6. <strong>Sestavte sv\u016fj t\u00fdm:<\/strong><\/p>\n\n\n\n<p>Vyu\u017eijte n\u00e1stroj Power BI k posouzen\u00ed po\u017eadovan\u00fdch dovednost\u00ed a vizualizaci slo\u017een\u00ed t\u00fdmu. Pomoc\u00ed vizualizac\u00ed zjist\u00edte nedostatky v dovednostech, napl\u00e1nujete \u0161kolen\u00ed a p\u0159iprav\u00edte t\u00fdm na \u00fasp\u011bch.<\/p>\n\n\n\n<p class=\"has-medium-font-size\">7. <strong>Zad\u00e1n\u00ed pl\u00e1nu:<\/strong><\/p>\n\n\n\n<p>Vytv\u00e1\u0159ejte vizu\u00e1ly, kter\u00e9 usnad\u0148uj\u00ed transparentn\u00ed komunikaci v t\u00fdmu. Vizualizujte \u00fakoly, pot\u0159ebn\u00e9 dovednosti a individu\u00e1ln\u00ed soubory dovednost\u00ed, a zajist\u011bte tak soudr\u017enou t\u00fdmovou dynamiku.<\/p>\n\n\n\n<p class=\"has-medium-font-size\">8. <strong>Vytvo\u0159en\u00ed pl\u00e1nu:<\/strong><\/p>\n\n\n\n<p>Mo\u017enosti Power BI se roz\u0161i\u0159uj\u00ed i na pl\u00e1nov\u00e1n\u00ed projekt\u016f pomoc\u00ed Ganttov\u00fdch diagram\u016f. Vytv\u00e1\u0159ejte vizualizace, kter\u00e9 zn\u00e1zor\u0148uj\u00ed \u010dasov\u00e9 osy, identifikuj\u00ed kritick\u00e9 cesty a p\u0159izp\u016fsobuj\u00ed se pevn\u00fdm term\u00edn\u016fm. Udr\u017eujte realistick\u00fd harmonogram v r\u00e1mci omezen\u00ed.<\/p>\n\n\n\n<p class=\"has-medium-font-size\">9. <strong>Uspo\u0159\u00e1dejte zahajovac\u00ed sch\u016fzku:<\/strong><\/p>\n\n\n\n<p>V\u011bt\u0161inu vizualizac\u00ed Power BI lze exportovat do aplikace MS PowerPoint. B\u011bhem zahajovac\u00ed sch\u016fzky pou\u017eijte vizualizace Power BI k vysv\u011btlen\u00ed pl\u00e1nu, c\u00edl\u016f a \u010dasov\u00e9ho r\u00e1mce projektu. Vyzv\u011bte \u010dleny t\u00fdmu, aby poskytli sv\u00e9 p\u0159\u00edsp\u011bvky, a podpo\u0159te tak spolupr\u00e1ci a spole\u010dn\u00e9 porozum\u011bn\u00ed.<\/p>\n\n\n\n<p class=\"has-medium-font-size\">10. <strong>Sestaven\u00ed rozpo\u010dtu:<\/strong><\/p>\n\n\n\n<p>Pomoc\u00ed n\u00e1stroje Power BI vytvo\u0159te komplexn\u00ed rozpo\u010det. Vizualizujte n\u00e1klady nap\u0159\u00ed\u010d kategoriemi, zji\u0161\u0165ujte n\u00e1zory z\u00fa\u010dastn\u011bn\u00fdch stran a zachovejte flexibilitu v r\u00e1mci rozpo\u010dtov\u00fdch omezen\u00ed.<\/p>\n\n\n\n<h3 class=\"wp-block-heading\" style=\"font-size:30px\">F\u00e1ze realizace projektu<\/h3>\n\n\n\n<p class=\"has-medium-font-size\">11. <strong>Sledov\u00e1n\u00ed a kontrola procesu a rozpo\u010dtu:<\/strong><\/p>\n\n\n\n<p>Nainstalujte si do Power BI vizu\u00e1ln\u00ed prvky pro sledov\u00e1n\u00ed projekt\u016f, jako je nap\u0159\u00edklad na\u0161e matice rizik Power BI. Vizualizace rizik spolu s pr\u016fb\u011bhem projektu umo\u017e\u0148uje komplexn\u00ed pohled na potenci\u00e1ln\u00ed probl\u00e9my. Zde je n\u00e1vod, jak na to:<\/p>\n\n\n\n<p><strong>Posouzen\u00ed dopadu a pravd\u011bpodobnosti rizika:<\/strong> Matice rizik pro Power BI pom\u00e1h\u00e1 p\u0159i posuzov\u00e1n\u00ed dopadu a pravd\u011bpodobnosti ka\u017ed\u00e9ho rizika. Pomoc\u00ed barevn\u011b ozna\u010den\u00fdch bun\u011bk m\u016f\u017eete zn\u00e1zornit z\u00e1va\u017enost rizik. To umo\u017e\u0148uje rychlou identifikaci oblast\u00ed s vysok\u00fdm dopadem.<\/p>\n\n\n\n<p><strong>Sledov\u00e1n\u00ed rozpo\u010dtu v re\u00e1ln\u00e9m \u010dase:<\/strong> Kombinujte vizu\u00e1ln\u00ed zobrazen\u00ed sledov\u00e1n\u00ed rozpo\u010dtu s matic\u00ed rizik. P\u0159i\u0159a\u010fte rozpo\u010dtov\u00e9 d\u016fsledky ka\u017ed\u00e9mu identifikovan\u00e9mu riziku a z\u00edskejte tak komplexn\u00ed p\u0159ehled o mo\u017en\u00fdch finan\u010dn\u00edch dopadech. S v\u00fdvojem rizik se vizualizace rozpo\u010dtu aktualizuj\u00ed v re\u00e1ln\u00e9m \u010dase, co\u017e zaji\u0161\u0165uje p\u0159esn\u00e9 finan\u010dn\u00ed sledov\u00e1n\u00ed.<\/p>\n\n\n\n<p><strong>Pr\u016fzkum pro podrobnou anal\u00fdzu:<\/strong> Roz\u0161\u00ed\u0159en\u00ed matice rizik pomoc\u00ed funkc\u00ed drill-through. Hloubkov\u00fd ponor do konkr\u00e9tn\u00edho rizika m\u016f\u017ee zahrnovat podrobnou anal\u00fdzu, zobrazen\u00ed p\u0159\u00edslu\u0161n\u00fdch finan\u010dn\u00edch d\u016fsledk\u016f a po\u017eadovan\u00fdch strategi\u00ed zm\u00edrn\u011bn\u00ed.<\/p>\n\n\n\n<div class=\"wp-block-buttons is-layout-flex wp-block-buttons-is-layout-flex\">\n<div class=\"wp-block-button has-custom-font-size\" style=\"font-size:18px\"><a class=\"wp-block-button__link has-background wp-element-button\" href=\"https:\/\/www.leaplytics.de\/cs\/titulni-stranka\/rizeni-projektu-vlastni-vizualizace-microsoft-powerbi\/vlastni-vizualni-mapa-rizik-pro-power-bi\/\" style=\"background-color:#22316d\">Pod\u00edvejte se na na\u0161i vlastn\u00ed vizu\u00e1ln\u00ed matici rizik pro Power BI zde!<\/a><\/div>\n<\/div>\n\n\n\n<p><\/p>\n\n\n\n<p class=\"has-medium-font-size\">12. <strong>Flexibiln\u00ed reakce na zm\u011bny:<\/strong><\/p>\n\n\n\n<p>Datov\u00e9 funkce Power BI v re\u00e1ln\u00e9m \u010dase v\u00e1m umo\u017en\u00ed rychle reagovat na zm\u011bny. Vizualizujte data a identifikujte potenci\u00e1ln\u00ed probl\u00e9my, co\u017e umo\u017e\u0148uje proaktivn\u00ed rozhodov\u00e1n\u00ed a korekce.<\/p>\n\n\n\n<p class=\"has-medium-font-size\">13. <strong>Zpr\u00e1va o pokroku:<\/strong><\/p>\n\n\n\n<p>Vytv\u00e1\u0159et vizualizace pro z\u00fa\u010dastn\u011bn\u00e9 strany a poskytovat jim pravideln\u00e9 aktualizace a zpr\u00e1vy o stavu. Export vizualizac\u00ed do aplikace PowerPoint v\u00e1m usnadn\u00ed pravideln\u00e9 sch\u016fzky o stavu. Power BI umo\u017e\u0148uje p\u0159izp\u016fsobit zpr\u00e1vy na z\u00e1klad\u011b preferenc\u00ed z\u00fa\u010dastn\u011bn\u00fdch stran, co\u017e podporuje transparentnost a d\u016fv\u011bru.<\/p>\n\n\n\n<p class=\"has-medium-font-size\">14. <strong>Po\u0159\u00e1dejte t\u00fddenn\u00ed t\u00fdmov\u00e9 sch\u016fzky:<\/strong><\/p>\n\n\n\n<p>Pou\u017eijte Power BI ke strukturov\u00e1n\u00ed t\u00fdmov\u00fdch sch\u016fzek na z\u00e1klad\u011b kl\u00ed\u010dov\u00fdch ukazatel\u016f. Vizualizujte \u00fadaje o v\u00fdkonnosti, diskutujte o nespln\u011bn\u00fdch c\u00edlech a oslavujte \u00fasp\u011bchy. Tento n\u00e1stroj pom\u00e1h\u00e1 udr\u017eet zam\u011b\u0159en\u00ed na z\u00e1kladn\u00ed \u010dinnosti a udr\u017euje t\u00fdm v souladu.<\/p>\n\n\n\n<p class=\"has-medium-font-size\">15. <strong>Spr\u00e1va probl\u00e9m\u016f:<\/strong><\/p>\n\n\n\n<p>Vizualizace Power BI mohou pomoci identifikovat a zvl\u00e1dat vznikaj\u00edc\u00ed probl\u00e9my. Sledujte dynamiku t\u00fdmu a projektov\u00e9 metriky a \u0159e\u0161te probl\u00e9my d\u0159\u00edve, ne\u017e eskaluj\u00ed. Matice rizik zde pom\u00e1h\u00e1 sledovat a \u0159e\u0161it rizika, aby se p\u0159ede\u0161lo nep\u0159\u00edzniv\u00fdm v\u00fdsledk\u016fm.<\/p>\n\n\n\n<h3 class=\"wp-block-heading\" style=\"font-size:30px\">F\u00e1ze ukon\u010den\u00ed projektu<\/h3>\n\n\n\n<p class=\"has-medium-font-size\">16. <strong>Vyhodnocen\u00ed v\u00fdkonnosti projektu:<\/strong><\/p>\n\n\n\n<p>Pomoc\u00ed n\u00e1stroje Power BI m\u016f\u017eete porovn\u00e1vat pr\u016fb\u011bh projektu s p\u016fvodn\u011b stanoven\u00fdm rozsahem. Vizualizujte v\u00fdkonnostn\u00ed ukazatele a iniciujte diskusi se z\u00fa\u010dastn\u011bn\u00fdmi stranami o dokon\u010den\u00ed a \u00fasp\u011b\u0161nosti projektu. Porovn\u00e1vejte tak\u00e9 metriky projektu s p\u0159edchoz\u00edmi \u00fasp\u011bchy nebo ne\u00fasp\u011bchy projektu.<\/p>\n\n\n\n<p class=\"has-medium-font-size\">17. <strong>Uzav\u0159en\u00ed projektu:<\/strong><\/p>\n\n\n\n<p>Vizualizujte si jednotliv\u00e9 kroky p\u0159i dokon\u010dov\u00e1n\u00ed projektu. Power BI pom\u00e1h\u00e1 dokumentovat a komunikovat procesy uzav\u00edr\u00e1n\u00ed projekt\u016f. Zaji\u0161\u0165ujeme tedy hladk\u00fd p\u0159echod v\u00fdstup\u016f.<\/p>\n\n\n\n<h3 class=\"wp-block-heading\" style=\"font-size:30px\">Hl\u00e1\u0161en\u00ed<\/h3>\n\n\n\n<p>Integrujte Power BI do ka\u017ed\u00e9 f\u00e1ze projektu a vytvo\u0159te komplexn\u00ed a dynamick\u00fd panel projektu. Ne ka\u017ed\u00fd vizu\u00e1l je nutnost\u00ed, ale pou\u017eit\u00ed Power BI v\u00e1m pom\u016f\u017ee m\u00edt p\u0159ehled o projektu v ka\u017ed\u00e9 jeho f\u00e1zi. Umo\u017en\u011bte sv\u00e9mu t\u00fdmu z\u00edskat u\u017eite\u010dn\u00e9 informace, podpo\u0159te spolupr\u00e1ci a zorientujte se ve slo\u017eitostech \u0159\u00edzen\u00ed projekt\u016f. \u00dasp\u011bch projektu u\u017e nen\u00ed jen c\u00edlem, s Power BI je to vizualizovan\u00e1 cesta.<\/p>\n\n\n\n<p><\/p>\n\n\n\n<hr class=\"wp-block-separator has-alpha-channel-opacity\"\/>\n\n\n\n<p class=\"has-small-font-size\"><sup>1<\/sup> F\u00e1ze projektu v tomto \u010dl\u00e1nku vych\u00e1zej\u00ed z n\u00e1sleduj\u00edc\u00edho \u010dl\u00e1nku: <a href=\"https:\/\/hbr.org\/2016\/11\/the-four-phases-of-project-management\">Harvard Business Review. (2016, 3. listopadu). <em>\u010cty\u0159i f\u00e1ze \u0159\u00edzen\u00ed projekt\u016f<\/em>.<\/a><\/p>","protected":false},"excerpt":{"rendered":"<p>In the dynamic landscape of project management, where precision and foresight are paramount, leveraging technology is crucial. Microsoft Power BI has emerged as a game-changer. Power BI offers project managers a dynamic platform to enhance their decision-making processes. In this comprehensive guide, we will explore how Power BI can level up each phase1 of project &hellip; <\/p>","protected":false},"author":55,"featured_media":13133,"parent":0,"menu_order":0,"comment_status":"closed","ping_status":"closed","template":"","meta":{"footnotes":"[]"},"class_list":["post-13130","page","type-page","status-publish","has-post-thumbnail","hentry","latest_post"],"_links":{"self":[{"href":"https:\/\/www.leaplytics.de\/cs\/wp-json\/wp\/v2\/pages\/13130","targetHints":{"allow":["GET"]}}],"collection":[{"href":"https:\/\/www.leaplytics.de\/cs\/wp-json\/wp\/v2\/pages"}],"about":[{"href":"https:\/\/www.leaplytics.de\/cs\/wp-json\/wp\/v2\/types\/page"}],"author":[{"embeddable":true,"href":"https:\/\/www.leaplytics.de\/cs\/wp-json\/wp\/v2\/users\/55"}],"replies":[{"embeddable":true,"href":"https:\/\/www.leaplytics.de\/cs\/wp-json\/wp\/v2\/comments?post=13130"}],"version-history":[{"count":7,"href":"https:\/\/www.leaplytics.de\/cs\/wp-json\/wp\/v2\/pages\/13130\/revisions"}],"predecessor-version":[{"id":13144,"href":"https:\/\/www.leaplytics.de\/cs\/wp-json\/wp\/v2\/pages\/13130\/revisions\/13144"}],"wp:featuredmedia":[{"embeddable":true,"href":"https:\/\/www.leaplytics.de\/cs\/wp-json\/wp\/v2\/media\/13133"}],"wp:attachment":[{"href":"https:\/\/www.leaplytics.de\/cs\/wp-json\/wp\/v2\/media?parent=13130"}],"curies":[{"name":"wp","href":"https:\/\/api.w.org\/{rel}","templated":true}]}}