{"id":13189,"date":"2024-03-05T14:07:59","date_gmt":"2024-03-05T13:07:59","guid":{"rendered":"https:\/\/www.leaplytics.de\/?page_id=13189"},"modified":"2024-03-05T14:08:00","modified_gmt":"2024-03-05T13:08:00","slug":"opentext-textovy-prohlizec-vizualni-pro-power-bi","status":"publish","type":"page","link":"https:\/\/www.leaplytics.de\/cs\/opentext-textovy-prohlizec-vizualni-pro-power-bi\/","title":{"rendered":"Vizu\u00e1ln\u00ed prohl\u00ed\u017ee\u010d textu OpenText pro Power BI"},"content":{"rendered":"<p>Hled\u00e1te vizualizaci dat, kter\u00e1 p\u0159evede v\u00e1\u0161 soubor s p\u0159\u00edponou OpenText na kr\u00e1sn\u011b form\u00e1tovan\u00fd text? Plnohodnotn\u00fd textov\u00fd editor, kter\u00fd lze bezprobl\u00e9mov\u011b integrovat do \u0159\u00eddic\u00edho panelu.<\/p>\n\n\n\n<p>Vyv\u00edj\u00edme vizualizace pro Power BI, kter\u00e9 \u0159e\u0161\u00ed bolestiv\u00e9 probl\u00e9my na\u0161ich klient\u016f. D\u00edky na\u0161im vizualizac\u00edm Power BI s certifikac\u00ed MS se sna\u017e\u00edme usnadnit a zefektivnit \u017eivot na\u0161ich klient\u016f!<\/p>\n\n\n\n<p>V sou\u010dasn\u00e9 dob\u011b pracujeme na prohl\u00ed\u017ee\u010di textu, kter\u00fd p\u0159ev\u00e1d\u00ed data OpenText na kr\u00e1sn\u011b form\u00e1tovan\u00fd text.<\/p>\n\n\n\n<p>N\u00ed\u017ee uve\u010fte sv\u00e9 kontaktn\u00ed \u00fadaje a za\u0159a\u010fte se do na\u0161eho \u010dekac\u00edho seznamu, abyste byli informov\u00e1ni, a\u017e bude vizu\u00e1ln\u00ed prohl\u00ed\u017ee\u010d text\u016f OpenText p\u0159ipraven k pou\u017eit\u00ed!<\/p>\n\n\n\n<div class=\"wpforms-container wpforms-container-full\" id=\"wpforms-13195\"><form id=\"wpforms-form-13195\" class=\"wpforms-validate wpforms-form wpforms-ajax-form\" data-formid=\"13195\" method=\"post\" enctype=\"multipart\/form-data\" action=\"\/cs\/wp-json\/wp\/v2\/pages\/13189\" data-token=\"f9ff104fd44ad46dcbd70a21bb7ea9cb\" data-token-time=\"1775817090\" data-trp-original-action=\"\/cs\/wp-json\/wp\/v2\/pages\/13189\"><noscript class=\"wpforms-error-noscript\">Chcete-li vyplnit tento formul\u00e1\u0159, pros\u00edm povolte v prohl\u00ed\u017ee\u010di JavaScript.<\/noscript><div class=\"wpforms-field-container\"><div id=\"wpforms-13195-field_0-container\" class=\"wpforms-field wpforms-field-name\" data-field-id=\"0\"><label class=\"wpforms-field-label\">N\u00e1zev <span class=\"wpforms-required-label\">*<\/span><\/label><div class=\"wpforms-field-row wpforms-field-medium\"><div class=\"wpforms-field-row-block wpforms-first wpforms-one-half\"><input type=\"text\" id=\"wpforms-13195-field_0\" class=\"wpforms-field-name-first wpforms-field-required\" name=\"wpforms[fields][0][first]\" required><label for=\"wpforms-13195-field_0\" class=\"wpforms-field-sublabel after\">K\u0159estn\u00ed jm\u00e9no<\/label><\/div><div class=\"wpforms-field-row-block wpforms-one-half\"><input type=\"text\" id=\"wpforms-13195-field_0-last\" class=\"wpforms-field-name-last wpforms-field-required\" name=\"wpforms[fields][0][last]\" required><label for=\"wpforms-13195-field_0-last\" class=\"wpforms-field-sublabel after\">P\u0159\u00edjmen\u00ed<\/label><\/div><\/div><\/div><div id=\"wpforms-13195-field_1-container\" class=\"wpforms-field wpforms-field-email\" data-field-id=\"1\"><label class=\"wpforms-field-label\" for=\"wpforms-13195-field_1\">Obchodn\u00ed e-mail <span class=\"wpforms-required-label\">*<\/span><\/label><input type=\"email\" id=\"wpforms-13195-field_1\" class=\"wpforms-field-medium wpforms-field-required\" data-rule-restricted-email=\"1\" name=\"wpforms[fields][1]\" spellcheck=\"false\" required><\/div><div id=\"wpforms-13195-field_4-container\" class=\"wpforms-field wpforms-field-text\" data-field-id=\"4\"><label class=\"wpforms-field-label\" for=\"wpforms-13195-field_4\">Spole\u010dnost <span class=\"wpforms-required-label\">*<\/span><\/label><input type=\"text\" id=\"wpforms-13195-field_4\" class=\"wpforms-field-medium wpforms-field-required\" name=\"wpforms[fields][4]\" required><\/div><div id=\"wpforms-13195-field_3-container\" class=\"wpforms-field wpforms-field-gdpr-checkbox\" data-field-id=\"3\"><label class=\"wpforms-field-label\">Dohoda o GDPR <span class=\"wpforms-required-label\">*<\/span><\/label><ul id=\"wpforms-13195-field_3\" class=\"wpforms-field-required\"><li class=\"choice-1\"><input type=\"checkbox\" id=\"wpforms-13195-field_3_1\" name=\"wpforms[fields][3][]\" value=\"I consent to having this website store my submitted information so they can respond to my inquiry.\" required><label class=\"wpforms-field-label-inline\" for=\"wpforms-13195-field_3_1\">Souhlas\u00edm s t\u00edm, aby tyto webov\u00e9 str\u00e1nky ukl\u00e1daly mnou zaslan\u00e9 informace a mohly tak odpov\u011bd\u011bt na m\u016fj dotaz.<\/label><\/li><\/ul><\/div><\/div><!-- .wpforms-field-container --><div class=\"wpforms-recaptcha-container wpforms-is-recaptcha wpforms-is-recaptcha-type-v3\" ><input type=\"hidden\" name=\"wpforms[recaptcha]\" value=\"\"><\/div><div class=\"wpforms-submit-container\" ><input type=\"hidden\" name=\"wpforms[id]\" value=\"13195\"><input type=\"hidden\" name=\"page_title\" value=\"\"><input type=\"hidden\" name=\"page_url\" value=\"https:\/\/www.leaplytics.de\/cs\/wp-json\/wp\/v2\/pages\/13189\"><input type=\"hidden\" name=\"url_referer\" value=\"\"><button type=\"submit\" name=\"wpforms[submit]\" id=\"wpforms-submit-13195\" class=\"wpforms-submit\" data-alt-text=\"Sending...\" data-submit-text=\"Submit\" aria-live=\"assertive\" value=\"wpforms-submit\">Odeslat<\/button><img loading=\"lazy\" decoding=\"async\" src=\"https:\/\/www.leaplytics.de\/wp-content\/plugins\/wpforms-lite\/assets\/images\/submit-spin.svg\" class=\"wpforms-submit-spinner\" style=\"display: none;\" width=\"26\" height=\"26\" alt=\"Na\u010d\u00edt\u00e1n\u00ed\"><\/div><input type=\"hidden\" name=\"trp-form-language\" value=\"cs\"\/><\/form><\/div>  <!-- .wpforms-container -->","protected":false},"excerpt":{"rendered":"<p>Are you looking for a data visual that converts your OpenText file into beautifully formatted text? A full-fledged text editor that can be seamlessly integrated into your dashboard. We develop visuals for Power BI addressing the pain points of our clients. With our MS-certified Power BI visuals we pursue to make the lifes of our &hellip; <\/p>","protected":false},"author":55,"featured_media":0,"parent":0,"menu_order":0,"comment_status":"closed","ping_status":"closed","template":"","meta":{"footnotes":""},"class_list":["post-13189","page","type-page","status-publish","hentry","latest_post"],"_links":{"self":[{"href":"https:\/\/www.leaplytics.de\/cs\/wp-json\/wp\/v2\/pages\/13189","targetHints":{"allow":["GET"]}}],"collection":[{"href":"https:\/\/www.leaplytics.de\/cs\/wp-json\/wp\/v2\/pages"}],"about":[{"href":"https:\/\/www.leaplytics.de\/cs\/wp-json\/wp\/v2\/types\/page"}],"author":[{"embeddable":true,"href":"https:\/\/www.leaplytics.de\/cs\/wp-json\/wp\/v2\/users\/55"}],"replies":[{"embeddable":true,"href":"https:\/\/www.leaplytics.de\/cs\/wp-json\/wp\/v2\/comments?post=13189"}],"version-history":[{"count":2,"href":"https:\/\/www.leaplytics.de\/cs\/wp-json\/wp\/v2\/pages\/13189\/revisions"}],"predecessor-version":[{"id":13218,"href":"https:\/\/www.leaplytics.de\/cs\/wp-json\/wp\/v2\/pages\/13189\/revisions\/13218"}],"wp:attachment":[{"href":"https:\/\/www.leaplytics.de\/cs\/wp-json\/wp\/v2\/media?parent=13189"}],"curies":[{"name":"wp","href":"https:\/\/api.w.org\/{rel}","templated":true}]}}