{"id":13221,"date":"2024-03-05T14:11:00","date_gmt":"2024-03-05T13:11:00","guid":{"rendered":"https:\/\/www.leaplytics.de\/?page_id=13221"},"modified":"2024-03-05T14:11:01","modified_gmt":"2024-03-05T13:11:01","slug":"vizualizace-textoveho-prohlizece-pro-power-bi","status":"publish","type":"page","link":"https:\/\/www.leaplytics.de\/cs\/vizualizace-textoveho-prohlizece-pro-power-bi\/","title":{"rendered":"Vizualizace prohl\u00ed\u017ee\u010de textu pro Power BI"},"content":{"rendered":"<p>Zde je p\u0159ehled na\u0161ich aktu\u00e1ln\u00edch textov\u00fdch vizu\u00e1ln\u00edch projekt\u016f pro Power BI:<\/p>\n\n\n\n<p><a href=\"https:\/\/www.leaplytics.de\/cs\/vizualni-prohlizec-textu-rtf-pro-power-bi\/\" target=\"_blank\" rel=\"noreferrer noopener\">https:\/\/www.leaplytics.de\/rtf-text-viewer-visual-for-power-b<\/a><a href=\"https:\/\/www.leaplytics.de\/cs\/vizualni-prohlizec-textu-rtf-pro-power-bi\/\">i\/<\/a><br><a href=\"https:\/\/www.leaplytics.de\/cs\/vizualni-prohlizec-textu-csv-pro-power-bi\/\">https:\/\/www.leaplytics.de\/csv-text-viewer-visual-for-power-bi\/<\/a><br><a href=\"https:\/\/www.leaplytics.de\/cs\/html-prohlizec-textu-vizualni-pro-power-bi\/\">https:\/\/www.leaplytics.de\/html-text-viewer-visual-for-power-bi\/<\/a><br><a href=\"https:\/\/www.leaplytics.de\/cs\/xml-textovy-prohlizec-vizualni-pro-power-bi\/\">https:\/\/www.leaplytics.de\/xml-text-viewer-visual-for-power-bi\/<\/a><br><a href=\"https:\/\/www.leaplytics.de\/cs\/json-textovy-prohlizec-vizualni-pro-power-bi\/\">https:\/\/www.leaplytics.de\/json-text-viewer-visual-for-power-bi\/<\/a><br><a href=\"https:\/\/www.leaplytics.de\/cs\/vizualni-prohlizec-textu-smartsheet-pro-power-bi\/\">https:\/\/www.leaplytics.de\/smartsheet-text-viewer-visual-for-power-bi\/<\/a><br><a href=\"https:\/\/www.leaplytics.de\/cs\/vizualni-prohlizec-textu-jira-pro-power-bi\/\">https:\/\/www.leaplytics.de\/jira-text-viewer-visual-for-power-bi\/<\/a><br><a href=\"https:\/\/www.leaplytics.de\/cs\/vizualni-prohlizec-textu-planview-pro-power-bi\/\">https:\/\/www.leaplytics.de\/planview-text-viewer-visual-for-power-bi\/<\/a><br><a href=\"https:\/\/www.leaplytics.de\/cs\/monday-com-textovy-prohlizec-vizualni-pro-power-bi\/\">https:\/\/www.leaplytics.de\/monday-com-text-viewer-visual-for-power-bi\/<\/a><br><a href=\"https:\/\/www.leaplytics.de\/cs\/vizualni-prohlizec-textu-workfront-pro-power-bi\/\">https:\/\/www.leaplytics.de\/workfront-text-viewer-visual-for-power-bi\/<\/a><br><a href=\"https:\/\/www.leaplytics.de\/cs\/vizualni-prohlizec-textu-primavera-pro-power-bi\/\">https:\/\/www.leaplytics.de\/primavera-text-viewer-visual-for-power-bi\/<\/a><br><a href=\"https:\/\/www.leaplytics.de\/cs\/planisware-textovy-prohlizec-vizualni-pro-power-bi\/\">https:\/\/www.leaplytics.de\/planisware-text-viewer-visual-for-power-bi\/<\/a><br><a href=\"https:\/\/www.leaplytics.de\/cs\/opentext-textovy-prohlizec-vizualni-pro-power-bi\/\">https:\/\/www.leaplytics.de\/opentext-text-viewer-visual-for-power-bi\/<\/a><br><a href=\"https:\/\/www.leaplytics.de\/cs\/formatovat-textovy-prohlizec-vizualne-pro-power-bi\/\">https:\/\/www.leaplytics.de\/format-text-viewer-visual-for-power-bi\/<\/a><br><a href=\"https:\/\/www.leaplytics.de\/cs\/klikaci-prohlizec-textu-vizualni-pro-power-bi\/\">https:\/\/www.leaplytics.de\/clickup-text-viewer-visual-for-power-bi\/<\/a><\/p>","protected":false},"excerpt":{"rendered":"<p>Zde je p\u0159ehled na\u0161ich aktu\u00e1ln\u00edch textov\u00fdch vizu\u00e1ln\u00edch projekt\u016f pro Power BI: https:\/\/www.leaplytics.de\/rtf-text-viewer-visual-for-power-bi\/https:\/\/www.leaplytics.de\/csv-text-viewer-visual-for-power-bi\/https:\/\/www.leaplytics.de\/html-text-viewer-visual-for-power-bi\/https:\/\/www.leaplytics.de\/xml-text-viewer-visual-for-power-bi\/https:\/\/www.leaplytics.de\/json-text-viewer-visual-for-power-bi\/https:\/\/www.leaplytics.de\/smartsheet-text-viewer-visual-for-power-bi\/https:\/\/www.leaplytics.de\/jira-text-viewer-visual-for-power-bi\/https:\/\/www.leaplytics.de\/planview-text-viewer-visual-for-power-bi\/https:\/\/www.leaplytics.de\/monday-com-text-viewer-visual-for-power-bi\/https:\/\/www.leaplytics.de\/workfront-text-viewer-visual-for-power-bi\/https:\/\/www.leaplytics.de\/primavera-text-viewer-visual-for-power-bi\/https:\/\/www.leaplytics.de\/planisware-text-viewer-visual-for-power-bi\/https:\/\/www.leaplytics.de\/opentext-text-viewer-visual-for-power-bi\/https:\/\/www.leaplytics.de\/format-text-viewer-visual-for-power-bi\/https:\/\/www.leaplytics.de\/clickup-.<\/p>","protected":false},"author":2,"featured_media":0,"parent":0,"menu_order":0,"comment_status":"closed","ping_status":"closed","template":"","meta":{"footnotes":""},"class_list":["post-13221","page","type-page","status-publish","hentry","latest_post"],"_links":{"self":[{"href":"https:\/\/www.leaplytics.de\/cs\/wp-json\/wp\/v2\/pages\/13221","targetHints":{"allow":["GET"]}}],"collection":[{"href":"https:\/\/www.leaplytics.de\/cs\/wp-json\/wp\/v2\/pages"}],"about":[{"href":"https:\/\/www.leaplytics.de\/cs\/wp-json\/wp\/v2\/types\/page"}],"author":[{"embeddable":true,"href":"https:\/\/www.leaplytics.de\/cs\/wp-json\/wp\/v2\/users\/2"}],"replies":[{"embeddable":true,"href":"https:\/\/www.leaplytics.de\/cs\/wp-json\/wp\/v2\/comments?post=13221"}],"version-history":[{"count":1,"href":"https:\/\/www.leaplytics.de\/cs\/wp-json\/wp\/v2\/pages\/13221\/revisions"}],"predecessor-version":[{"id":13222,"href":"https:\/\/www.leaplytics.de\/cs\/wp-json\/wp\/v2\/pages\/13221\/revisions\/13222"}],"wp:attachment":[{"href":"https:\/\/www.leaplytics.de\/cs\/wp-json\/wp\/v2\/media?parent=13221"}],"curies":[{"name":"wp","href":"https:\/\/api.w.org\/{rel}","templated":true}]}}