{"id":13321,"date":"2024-04-09T20:47:19","date_gmt":"2024-04-09T18:47:19","guid":{"rendered":"https:\/\/www.leaplytics.de\/?page_id=13321"},"modified":"2024-04-17T15:17:27","modified_gmt":"2024-04-17T13:17:27","slug":"matice-prilezitosti-pro-power-bi","status":"publish","type":"page","link":"https:\/\/www.leaplytics.de\/cs\/matice-prilezitosti-pro-power-bi\/","title":{"rendered":"Matice p\u0159\u00edle\u017eitost\u00ed pro Power BI - Vyu\u017eit\u00ed k uvoln\u011bn\u00ed va\u0161\u00ed konkuren\u010dn\u00ed v\u00fdhody"},"content":{"rendered":"<p>Pro projektov\u00e9 mana\u017eery a mana\u017eery rizik je vyu\u017eit\u00ed p\u0159\u00edle\u017eitost\u00ed stejn\u011b d\u016fle\u017eit\u00e9 jako zm\u00edrn\u011bn\u00ed rizik. P\u0159izp\u016fsoben\u00edm na\u0161\u00ed vizu\u00e1ln\u00ed matice rizik pro Power BI ji m\u016f\u017eeme p\u0159ev\u00e9st na matici p\u0159\u00edle\u017eitost\u00ed. Tento p\u0159\u00edstup umo\u017e\u0148uje identifikovat a vyu\u017e\u00edt p\u0159\u00edle\u017eitosti, kter\u00e9 jsou zdrojem konkuren\u010dn\u00ed v\u00fdhody.<\/p>\n\n\n\n<figure class=\"wp-block-embed is-type-video is-provider-youtube wp-block-embed-youtube wp-embed-aspect-16-9 wp-has-aspect-ratio\"><div class=\"wp-block-embed__wrapper\">\n<iframe loading=\"lazy\" title=\"Matice p\u0159\u00edle\u017eitost\u00ed pro Power BI - LeapLytics\" width=\"770\" height=\"433\" src=\"https:\/\/www.youtube.com\/embed\/VzEAOzIjrZY?feature=oembed\" frameborder=\"0\" allow=\"accelerometer; autoplay; clipboard-write; encrypted-media; gyroscope; picture-in-picture; web-share\" referrerpolicy=\"strict-origin-when-cross-origin\" allowfullscreen><\/iframe>\n<\/div><figcaption class=\"wp-element-caption\">V na\u0161em videu na YouTube ukazujeme, jak nastavit matici p\u0159\u00edle\u017eitost\u00ed v aplikaci Power BI.<\/figcaption><\/figure>\n\n\n\n<h3 class=\"wp-block-heading has-medium-font-size\"><strong>Pro\u010d je \u0159\u00edzen\u00ed p\u0159\u00edle\u017eitost\u00ed d\u016fle\u017eit\u00e9<\/strong><\/h3>\n\n\n\n<p>\u0158\u00edzen\u00ed p\u0159\u00edle\u017eitost\u00ed je pro podniky usiluj\u00edc\u00ed o udr\u017eiteln\u00fd r\u016fst a konkuren\u010dn\u00ed v\u00fdhodu z\u00e1sadn\u00ed. Jde o identifikaci a vyu\u017eit\u00ed p\u0159\u00edle\u017eitost\u00ed. Organizace mohou vyu\u017e\u00edt tr\u017en\u00edch trend\u016f, inovac\u00ed a nov\u00fdch technologi\u00ed. Umo\u017e\u0148uje tak\u00e9 neust\u00e1l\u00e9 zlep\u0161ov\u00e1n\u00ed kvality v\u00fdrobk\u016f a slu\u017eeb. Efektivn\u00ed \u0159\u00edzen\u00ed p\u0159\u00edle\u017eitost\u00ed nav\u00edc umo\u017e\u0148uje podnik\u016fm udr\u017eet si n\u00e1skok p\u0159ed konkurenc\u00ed. Kl\u00ed\u010dov\u00e9 je p\u0159izp\u016fsobit se m\u011bn\u00edc\u00edm se pot\u0159eb\u00e1m a preferenc\u00edm z\u00e1kazn\u00edk\u016f.<\/p>\n\n\n\n<h3 class=\"wp-block-heading has-medium-font-size\"><strong>Identifikace p\u0159\u00edle\u017eitost\u00ed z r\u016fzn\u00fdch zdroj\u016f<\/strong><\/h3>\n\n\n\n<p>Abychom mohli identifikovat p\u0159\u00edle\u017eitosti, mus\u00edme vyu\u017e\u00edt v\u0161echny zdroje, o kter\u00fdch v\u00edme.<\/p>\n\n\n\n<div class=\"wp-block-columns is-layout-flex wp-container-core-columns-is-layout-1 wp-block-columns-is-layout-flex\">\n<div class=\"wp-block-column is-layout-flow wp-block-column-is-layout-flow\" style=\"flex-basis:2%\">\n<p><strong>1.<\/strong><\/p>\n<\/div>\n\n\n\n<div class=\"wp-block-column is-layout-flow wp-block-column-is-layout-flow\" style=\"flex-basis:98%\">\n<p><strong>Zhodno\u0165te sv\u00e9 konkuren\u010dn\u00ed prost\u0159ed\u00ed:<\/strong> Hodnocen\u00ed podnikatelsk\u00e9ho prost\u0159ed\u00ed spo\u010d\u00edv\u00e1 v anal\u00fdze siln\u00fdch a slab\u00fdch str\u00e1nek konkurent\u016f, jejich postaven\u00ed na trhu a strategi\u00ed. Mocn\u00fdm n\u00e1strojem m\u016f\u017ee b\u00fdt srovn\u00e1vac\u00ed anal\u00fdza nebo anal\u00fdza SWOT. Z\u00edsk\u00e1n\u00ed p\u0159ehledu o osv\u011bd\u010den\u00fdch postupech konkurence m\u016f\u017ee odhalit potenci\u00e1ln\u00ed p\u0159\u00edle\u017eitosti.<\/p>\n<\/div>\n<\/div>\n\n\n\n<div class=\"wp-block-columns is-layout-flex wp-container-core-columns-is-layout-2 wp-block-columns-is-layout-flex\">\n<div class=\"wp-block-column is-layout-flow wp-block-column-is-layout-flow\" style=\"flex-basis:2%\">\n<p><strong>2.<\/strong><\/p>\n<\/div>\n\n\n\n<div class=\"wp-block-column is-layout-flow wp-block-column-is-layout-flow\" style=\"flex-basis:98%\">\n<p><strong>Pochopen\u00ed pot\u0159eb z\u00e1kazn\u00edk\u016f p\u0159edem: <\/strong>Sledujte trendy na trhu, chov\u00e1n\u00ed spot\u0159ebitel\u016f a nov\u00e9 preference. Pr\u016fzkum trhu, zp\u011btn\u00e1 vazba od z\u00e1kazn\u00edk\u016f a anal\u00fdza n\u00e1kupn\u00edch zvyklost\u00ed pom\u00e1haj\u00ed p\u0159edv\u00eddat pot\u0159eby z\u00e1kazn\u00edk\u016f.<\/p>\n<\/div>\n<\/div>\n\n\n\n<div class=\"wp-block-columns is-layout-flex wp-container-core-columns-is-layout-3 wp-block-columns-is-layout-flex\">\n<div class=\"wp-block-column is-layout-flow wp-block-column-is-layout-flow\" style=\"flex-basis:2%\">\n<p><strong>3.<\/strong><\/p>\n<\/div>\n\n\n\n<div class=\"wp-block-column is-layout-flow wp-block-column-is-layout-flow\" style=\"flex-basis:98%\">\n<p><strong>Podporovat inovace a zav\u00e1d\u011bt postupy sd\u00edlen\u00ed znalost\u00ed:<\/strong> Podporovat kulturu inovac\u00ed a kreativity. Spojen\u00ed lid\u00ed z r\u016fzn\u00fdch segment\u016f m\u016f\u017ee b\u00fdt hlavn\u00edm motorem sd\u00edlen\u00ed znalost\u00ed. To m\u016f\u017ee v\u00e9st k inovativn\u011bj\u0161\u00edm n\u00e1pad\u016fm d\u00edky netradi\u010dn\u00edmu my\u0161len\u00ed.<\/p>\n<\/div>\n<\/div>\n\n\n\n<div class=\"wp-block-columns is-layout-flex wp-container-core-columns-is-layout-4 wp-block-columns-is-layout-flex\">\n<div class=\"wp-block-column is-layout-flow wp-block-column-is-layout-flow\" style=\"flex-basis:2%\">\n<p><strong>4.<\/strong><\/p>\n<\/div>\n\n\n\n<div class=\"wp-block-column is-layout-flow wp-block-column-is-layout-flow\" style=\"flex-basis:98%\">\n<p><strong>Identifikace prostoje a hled\u00e1n\u00ed p\u0159\u00ed\u010din:<\/strong> Nevyu\u017eit\u00e9 zdroje, procesy nebo schopnosti v organizaci se ozna\u010duj\u00ed jako nevyu\u017eit\u00e9. C\u00edlem je identifikovat oblasti, v nich\u017e doch\u00e1z\u00ed k propadu, a prozkoumat jejich p\u0159\u00ed\u010diny. T\u00edmto zp\u016fsobem m\u016f\u017eete odhalit skryt\u00e9 p\u0159\u00edle\u017eitosti k optimalizaci a zlep\u0161en\u00ed. Jako identifika\u010dn\u00ed strategie mohou slou\u017eit audity proces\u016f a zp\u011btn\u00e1 vazba od zam\u011bstnanc\u016f.<\/p>\n<\/div>\n<\/div>\n\n\n\n<div class=\"wp-block-columns is-layout-flex wp-container-core-columns-is-layout-5 wp-block-columns-is-layout-flex\">\n<div class=\"wp-block-column is-layout-flow wp-block-column-is-layout-flow\" style=\"flex-basis:2%\">\n<p><strong>5.<\/strong><\/p>\n<\/div>\n\n\n\n<div class=\"wp-block-column is-layout-flow wp-block-column-is-layout-flow\" style=\"flex-basis:98%\">\n<p><strong>Nezapom\u00ednejte na sv\u00e1 rizika, mohou zakr\u00fdt p\u0159\u00edle\u017eitosti: <\/strong>Na rizika se obvykle pohl\u00ed\u017e\u00ed jako na potenci\u00e1ln\u00ed hrozby pro obchodn\u00ed operace. Mohou v\u0161ak tak\u00e9 odhalit skryt\u00e9 p\u0159\u00edle\u017eitosti. P\u0159i anal\u00fdze a \u0159\u00edzen\u00ed rizik zva\u017ete, \u017ee byste n\u011bkter\u00e1 z nich mohli prom\u011bnit v p\u0159\u00edle\u017eitosti. Nap\u0159\u00edklad zafixovan\u00e9 hrozby kybernetick\u00e9 bezpe\u010dnosti mohou v\u00e9st k vy\u0161\u0161\u00ed d\u016fv\u011b\u0159e a loajalit\u011b z\u00e1kazn\u00edk\u016f.<\/p>\n<\/div>\n<\/div>\n\n\n\n<div class=\"wp-block-columns is-layout-flex wp-container-core-columns-is-layout-6 wp-block-columns-is-layout-flex\">\n<div class=\"wp-block-column is-layout-flow wp-block-column-is-layout-flow\" style=\"flex-basis:2%\">\n<p><strong>6.<\/strong><\/p>\n<\/div>\n\n\n\n<div class=\"wp-block-column is-layout-flow wp-block-column-is-layout-flow\" style=\"flex-basis:98%\">\n<p><strong>Sta\u0148te se pr\u016fkopn\u00edkem udr\u017eiteln\u00e9ho rozvoje ve sv\u00e9m oboru:<\/strong> P\u0159ijet\u00ed udr\u017eitelnosti m\u016f\u017ee otev\u0159\u00edt nov\u00e9 p\u0159\u00edle\u017eitosti pro inovace, \u00faspory n\u00e1klad\u016f a diferenciaci. Najd\u011bte zp\u016fsoby, jak sn\u00ed\u017eit emise a optimalizovat vyu\u017eit\u00ed zdroj\u016f. V\u00fdsledkem budou \u00faspory n\u00e1klad\u016f, v\u011brnost z\u00e1kazn\u00edk\u016f a lep\u0161\u00ed pov\u011bst zna\u010dky.<\/p>\n<\/div>\n<\/div>\n\n\n\n<h3 class=\"wp-block-heading has-medium-font-size\"><strong>V\u00fdhody spr\u00e1vy p\u0159\u00edle\u017eitost\u00ed<\/strong><\/h3>\n\n\n\n<p>Efektivn\u00ed \u0159\u00edzen\u00ed p\u0159\u00edle\u017eitost\u00ed p\u0159in\u00e1\u0161\u00ed mnoho v\u00fdhod. V\u010detn\u011b vy\u0161\u0161\u00ed ziskovosti, lep\u0161\u00edho postaven\u00ed na trhu, v\u011bt\u0161\u00ed spokojenosti z\u00e1kazn\u00edk\u016f a udr\u017eiteln\u00e9ho r\u016fstu firmy. Aktivn\u00ed identifikac\u00ed a vyu\u017e\u00edv\u00e1n\u00edm p\u0159\u00edle\u017eitost\u00ed mohou organizace podporovat inovace. Podporuj\u00ed kulturu neust\u00e1l\u00e9ho zlep\u0161ov\u00e1n\u00ed a maximalizuj\u00ed svou konkuren\u010dn\u00ed v\u00fdhodu.<\/p>\n\n\n\n<h3 class=\"wp-block-heading has-medium-font-size\"><strong>Porozum\u011bn\u00ed matici p\u0159\u00edle\u017eitost\u00ed<\/strong><\/h3>\n\n\n\n<p>Matrice p\u0159\u00edle\u017eitost\u00ed v j\u00e1dru odr\u00e1\u017e\u00ed zn\u00e1mou matici rizik. Posuzuje potenci\u00e1ln\u00ed p\u0159\u00edle\u017eitosti s ohledem na jejich pravd\u011bpodobnost a dopad. Matice usnad\u0148uje odhalov\u00e1n\u00ed, hodnocen\u00ed a \u0159\u00edzen\u00ed p\u0159\u00edle\u017eitost\u00ed. Veden\u00ed organizac\u00ed ke zv\u00fd\u0161en\u00ed v\u00fdkonnosti a r\u016fstu je nejvy\u0161\u0161\u00ed prioritou.<\/p>\n\n\n\n<div class=\"wp-block-columns is-layout-flex wp-container-core-columns-is-layout-7 wp-block-columns-is-layout-flex\">\n<div class=\"wp-block-column is-vertically-aligned-center is-layout-flow wp-block-column-is-layout-flow\" style=\"flex-basis:150px\">\n<figure class=\"wp-block-image size-full is-resized\"><img loading=\"lazy\" decoding=\"async\" width=\"255\" height=\"259\" src=\"https:\/\/www.leaplytics.de\/wp-content\/uploads\/2024\/04\/Bild3.jpg\" alt=\"\" class=\"wp-image-13324\" style=\"width:100px\" srcset=\"https:\/\/www.leaplytics.de\/wp-content\/uploads\/2024\/04\/Bild3.jpg 255w, https:\/\/www.leaplytics.de\/wp-content\/uploads\/2024\/04\/Bild3-59x60.jpg 59w\" sizes=\"auto, (max-width: 255px) 100vw, 255px\" \/><\/figure>\n<\/div>\n\n\n\n<div class=\"wp-block-column is-layout-flow wp-block-column-is-layout-flow\" style=\"flex-basis:66.66%\">\n<p><strong>Mo\u017enost zobrazen\u00ed n\u00e1pov\u011bdy pomoc\u00ed najet\u00ed my\u0161\u00ed<\/strong><\/p>\n\n\n\n<p>Po najet\u00ed na datov\u00e9 body se zobraz\u00ed podrobn\u00e9 informace. To umo\u017e\u0148uje u\u017eivatel\u016fm proniknout hloub\u011bji do konkr\u00e9tn\u00edch p\u0159\u00edle\u017eitost\u00ed. Tato funkce zlep\u0161uje rozhodov\u00e1n\u00ed t\u00edm, \u017ee poskytuje komplexn\u00ed p\u0159ehled na prvn\u00ed pohled.<\/p>\n<\/div>\n<\/div>\n\n\n\n<div class=\"wp-block-columns is-layout-flex wp-container-core-columns-is-layout-8 wp-block-columns-is-layout-flex\">\n<div class=\"wp-block-column is-vertically-aligned-center is-layout-flow wp-block-column-is-layout-flow\" style=\"flex-basis:150px\">\n<figure class=\"wp-block-image size-large is-resized\"><img loading=\"lazy\" decoding=\"async\" width=\"1024\" height=\"1024\" src=\"https:\/\/www.leaplytics.de\/wp-content\/uploads\/2022\/06\/Indicator-Settings-1024x1024.png\" alt=\"\" class=\"wp-image-8461\" style=\"width:128px;height:auto\" srcset=\"https:\/\/www.leaplytics.de\/wp-content\/uploads\/2022\/06\/Indicator-Settings-1024x1024.png 1024w, https:\/\/www.leaplytics.de\/wp-content\/uploads\/2022\/06\/Indicator-Settings-300x300.png 300w, https:\/\/www.leaplytics.de\/wp-content\/uploads\/2022\/06\/Indicator-Settings-150x150.png 150w, https:\/\/www.leaplytics.de\/wp-content\/uploads\/2022\/06\/Indicator-Settings-768x768.png 768w, https:\/\/www.leaplytics.de\/wp-content\/uploads\/2022\/06\/Indicator-Settings-1536x1536.png 1536w, https:\/\/www.leaplytics.de\/wp-content\/uploads\/2022\/06\/Indicator-Settings-370x370.png 370w, https:\/\/www.leaplytics.de\/wp-content\/uploads\/2022\/06\/Indicator-Settings-60x60.png 60w, https:\/\/www.leaplytics.de\/wp-content\/uploads\/2022\/06\/Indicator-Settings.png 1854w\" sizes=\"auto, (max-width: 1024px) 100vw, 1024px\" \/><\/figure>\n<\/div>\n\n\n\n<div class=\"wp-block-column is-layout-flow wp-block-column-is-layout-flow\">\n<p class=\"has-medium-font-size\"><strong>Podm\u00edn\u011bn\u00e9 form\u00e1tov\u00e1n\u00ed<\/strong><\/p>\n\n\n\n<p>Pomoc\u00ed pravidel podm\u00edn\u011bn\u00e9ho form\u00e1tov\u00e1n\u00ed m\u016f\u017eete zv\u00fdraznit v\u00fdznamn\u00e9 p\u0159\u00edle\u017eitosti na z\u00e1klad\u011b p\u0159edem definovan\u00fdch krit\u00e9ri\u00ed. Tato funkce zvy\u0161uje p\u0159ehlednost a up\u0159ednost\u0148uje vyu\u017eiteln\u00e9 poznatky pro strategick\u00e9 pl\u00e1nov\u00e1n\u00ed a realizaci. Podm\u00edn\u011bn\u00e9 form\u00e1tov\u00e1n\u00ed m\u016f\u017ee nav\u00edc matici roz\u0161\u00ed\u0159it o dal\u0161\u00ed rozm\u011br. Nap\u0159\u00edklad posouzen\u00edm proveditelnosti ka\u017ed\u00e9 p\u0159\u00edle\u017eitosti pomoc\u00ed barevn\u00fdch k\u00f3d\u016f. R\u016fzn\u00e9 odst\u00edny barev mohou p\u0159edstavovat r\u016fzn\u00e9 \u00farovn\u011b proveditelnosti. Z\u00fa\u010dastn\u011bn\u00e9 strany tak z\u00edskaj\u00ed cenn\u00e9 informace o proveditelnosti ka\u017ed\u00e9 p\u0159\u00edle\u017eitosti.<\/p>\n<\/div>\n<\/div>\n\n\n\n<div class=\"wp-block-columns is-layout-flex wp-container-core-columns-is-layout-9 wp-block-columns-is-layout-flex\">\n<div class=\"wp-block-column is-vertically-aligned-center is-layout-flow wp-block-column-is-layout-flow\" style=\"flex-basis:150px\">\n<figure class=\"wp-block-image size-full is-resized\"><img loading=\"lazy\" decoding=\"async\" width=\"355\" height=\"218\" src=\"https:\/\/www.leaplytics.de\/wp-content\/uploads\/2024\/04\/Bild2.jpg\" alt=\"\" class=\"wp-image-13323\" style=\"width:128px\" srcset=\"https:\/\/www.leaplytics.de\/wp-content\/uploads\/2024\/04\/Bild2.jpg 355w, https:\/\/www.leaplytics.de\/wp-content\/uploads\/2024\/04\/Bild2-300x184.jpg 300w, https:\/\/www.leaplytics.de\/wp-content\/uploads\/2024\/04\/Bild2-98x60.jpg 98w\" sizes=\"auto, (max-width: 355px) 100vw, 355px\" \/><\/figure>\n<\/div>\n\n\n\n<div class=\"wp-block-column is-layout-flow wp-block-column-is-layout-flow\" style=\"flex-basis:66.66%\">\n<p><strong>Mo\u017enost pr\u016fniku pro v\u00edce informac\u00ed<\/strong><\/p>\n\n\n\n<p>Proch\u00e1zejte vrstvami dat pomoc\u00ed funkce proch\u00e1zen\u00ed. Ta umo\u017e\u0148uje u\u017eivatel\u016fm prozkoumat z\u00e1kladn\u00ed faktory ovliv\u0148uj\u00edc\u00ed jednotliv\u00e9 p\u0159\u00edle\u017eitosti. Tato mo\u017enost hloubkov\u00e9ho pronik\u00e1n\u00ed podporuje d\u016fkladn\u00e9 pochopen\u00ed potenci\u00e1ln\u00edch faktor\u016f a d\u016fsledk\u016f.<\/p>\n<\/div>\n<\/div>\n\n\n\n<div class=\"wp-block-columns is-layout-flex wp-container-core-columns-is-layout-10 wp-block-columns-is-layout-flex\">\n<div class=\"wp-block-column is-vertically-aligned-center is-layout-flow wp-block-column-is-layout-flow\" style=\"flex-basis:150px\">\n<figure class=\"wp-block-image size-large is-resized\"><img loading=\"lazy\" decoding=\"async\" width=\"1024\" height=\"1024\" src=\"https:\/\/www.leaplytics.de\/wp-content\/uploads\/2022\/05\/Color-Settings-1024x1024.png\" alt=\"\" class=\"wp-image-7710\" style=\"width:128px\" srcset=\"https:\/\/www.leaplytics.de\/wp-content\/uploads\/2022\/05\/Color-Settings-1024x1024.png 1024w, https:\/\/www.leaplytics.de\/wp-content\/uploads\/2022\/05\/Color-Settings-300x300.png 300w, https:\/\/www.leaplytics.de\/wp-content\/uploads\/2022\/05\/Color-Settings-150x150.png 150w, https:\/\/www.leaplytics.de\/wp-content\/uploads\/2022\/05\/Color-Settings-768x768.png 768w, https:\/\/www.leaplytics.de\/wp-content\/uploads\/2022\/05\/Color-Settings-1536x1536.png 1536w, https:\/\/www.leaplytics.de\/wp-content\/uploads\/2022\/05\/Color-Settings-2048x2048.png 2048w, https:\/\/www.leaplytics.de\/wp-content\/uploads\/2022\/05\/Color-Settings-370x370.png 370w, https:\/\/www.leaplytics.de\/wp-content\/uploads\/2022\/05\/Color-Settings-60x60.png 60w, https:\/\/www.leaplytics.de\/wp-content\/uploads\/2022\/05\/Color-Settings-600x600.png 600w, https:\/\/www.leaplytics.de\/wp-content\/uploads\/2022\/05\/Color-Settings-100x100.png 100w\" sizes=\"auto, (max-width: 1024px) 100vw, 1024px\" \/><\/figure>\n<\/div>\n\n\n\n<div class=\"wp-block-column is-layout-flow wp-block-column-is-layout-flow\" style=\"flex-basis:66.66%\">\n<p><strong>Vlastn\u00ed barevn\u00fd design<\/strong><\/p>\n\n\n\n<p>P\u0159izp\u016fsobte si matici pomoc\u00ed vlastn\u00edch barevn\u00fdch sch\u00e9mat. To napom\u00e1h\u00e1 p\u0159ehlednosti a umo\u017e\u0148uje p\u0159izp\u016fsoben\u00ed individu\u00e1ln\u00edm po\u017eadavk\u016fm.<\/p>\n<\/div>\n<\/div>\n\n\n\n<div class=\"wp-block-columns is-layout-flex wp-container-core-columns-is-layout-11 wp-block-columns-is-layout-flex\">\n<div class=\"wp-block-column is-vertically-aligned-center is-layout-flow wp-block-column-is-layout-flow\" style=\"flex-basis:150px\">\n<figure class=\"wp-block-image size-large\"><img loading=\"lazy\" decoding=\"async\" width=\"1024\" height=\"1018\" src=\"https:\/\/www.leaplytics.de\/wp-content\/uploads\/2022\/06\/Axis-Settings-1024x1018.png\" alt=\"\" class=\"wp-image-8460\" srcset=\"https:\/\/www.leaplytics.de\/wp-content\/uploads\/2022\/06\/Axis-Settings-1024x1018.png 1024w, https:\/\/www.leaplytics.de\/wp-content\/uploads\/2022\/06\/Axis-Settings-300x298.png 300w, https:\/\/www.leaplytics.de\/wp-content\/uploads\/2022\/06\/Axis-Settings-150x150.png 150w, https:\/\/www.leaplytics.de\/wp-content\/uploads\/2022\/06\/Axis-Settings-768x763.png 768w, https:\/\/www.leaplytics.de\/wp-content\/uploads\/2022\/06\/Axis-Settings-1536x1527.png 1536w, https:\/\/www.leaplytics.de\/wp-content\/uploads\/2022\/06\/Axis-Settings-60x60.png 60w, https:\/\/www.leaplytics.de\/wp-content\/uploads\/2022\/06\/Axis-Settings.png 1827w\" sizes=\"auto, (max-width: 1024px) 100vw, 1024px\" \/><\/figure>\n<\/div>\n\n\n\n<div class=\"wp-block-column is-layout-flow wp-block-column-is-layout-flow\" style=\"flex-basis:66.66%\">\n<p><strong>P\u0159izp\u016fsobiteln\u00e9 nastaven\u00ed m\u0159\u00ed\u017eky, os a indik\u00e1tor\u016f<\/strong><\/p>\n\n\n\n<p>P\u0159izp\u016fsobte rozlo\u017een\u00ed matice preferenc\u00edm organizace a specifick\u00fdm po\u017eadavk\u016fm projektu. Upravte \u010d\u00e1ry m\u0159\u00ed\u017eky, popisky os a zna\u010dky indik\u00e1tor\u016f tak, aby byly optim\u00e1ln\u011b \u010diteln\u00e9 a p\u0159ehledn\u00e9.<\/p>\n<\/div>\n<\/div>\n\n\n\n<div class=\"wp-block-buttons is-layout-flex wp-block-buttons-is-layout-flex\">\n<div class=\"wp-block-button has-custom-font-size\" style=\"font-size:18px\"><a class=\"wp-block-button__link has-background wp-element-button\" href=\"https:\/\/www.leaplytics.de\/cs\/titulni-stranka\/rizeni-projektu-vlastni-vizualizace-microsoft-powerbi\/vlastni-vizualni-mapa-rizik-pro-power-bi\/\" style=\"background-color:#22316d\">Kliknut\u00edm sem se dostanete na na\u0161i vlastn\u00ed vizu\u00e1ln\u00ed matici rizik pro Power BI!<\/a><\/div>\n<\/div>\n\n\n\n<figure class=\"wp-block-image size-full\"><img loading=\"lazy\" decoding=\"async\" width=\"152\" height=\"37\" src=\"https:\/\/www.leaplytics.de\/wp-content\/uploads\/2022\/05\/PBI-Certified.png\" alt=\"\" class=\"wp-image-8358\" srcset=\"https:\/\/www.leaplytics.de\/wp-content\/uploads\/2022\/05\/PBI-Certified.png 152w, https:\/\/www.leaplytics.de\/wp-content\/uploads\/2022\/05\/PBI-Certified-150x37.png 150w\" sizes=\"auto, (max-width: 152px) 100vw, 152px\" \/><\/figure>\n\n\n\n<p><\/p>\n\n\n\n<h3 class=\"wp-block-heading has-medium-font-size\"><strong>Odemyk\u00e1n\u00ed konkuren\u010dn\u00ed v\u00fdhody<\/strong><\/h3>\n\n\n\n<p>Podniky z\u00edsk\u00e1vaj\u00ed strategickou v\u00fdhodu na dne\u0161n\u00edm trhu pomoc\u00ed matice p\u0159\u00edle\u017eitost\u00ed. Proaktivn\u00ed identifikace a \u0159\u00edzen\u00ed p\u0159\u00edle\u017eitost\u00ed je hnac\u00ed silou inovac\u00ed, r\u016fstu a trval\u00e9 v\u00fdhody. Matice p\u0159\u00edle\u017eitost\u00ed v Power BI umo\u017e\u0148uje podnik\u016fm spravovat p\u0159\u00edle\u017eitosti pomoc\u00ed intuitivn\u00edch funkc\u00ed.<\/p>\n\n\n\n<h3 class=\"wp-block-heading has-medium-font-size\"><strong>Z\u00e1v\u011br<\/strong><\/h3>\n\n\n\n<p>Matice p\u0159\u00edle\u017eitost\u00ed je mocn\u00fd n\u00e1stroj pro strategick\u00e9 rozhodov\u00e1n\u00ed. Organizac\u00edm umo\u017e\u0148uje dos\u00e1hnout trval\u00e9 konkuren\u010dn\u00ed v\u00fdhody. D\u00edky robustn\u00edm funkc\u00edm vybavuje organizace tak, aby se jim da\u0159ilo na konkuren\u010dn\u00edm trhu. Vyu\u017eijte ji pro r\u016fst a inovace a odemkn\u011bte skryt\u00fd potenci\u00e1l.<\/p>","protected":false},"excerpt":{"rendered":"<p>For project and risk managers, harnessing opportunities is just as crucial as mitigating risks. By adapting our Risk Matrix visual for Power BI, we can convert it into an Opportunity Matrix. This approach empowers to identify and capitalize on opportunities that drive competitive advantage. Why Opportunity Management Matters Opportunity management is essential for businesses seeking &hellip; <\/p>","protected":false},"author":55,"featured_media":13426,"parent":0,"menu_order":0,"comment_status":"closed","ping_status":"closed","template":"","meta":{"footnotes":""},"class_list":["post-13321","page","type-page","status-publish","has-post-thumbnail","hentry","latest_post"],"_links":{"self":[{"href":"https:\/\/www.leaplytics.de\/cs\/wp-json\/wp\/v2\/pages\/13321","targetHints":{"allow":["GET"]}}],"collection":[{"href":"https:\/\/www.leaplytics.de\/cs\/wp-json\/wp\/v2\/pages"}],"about":[{"href":"https:\/\/www.leaplytics.de\/cs\/wp-json\/wp\/v2\/types\/page"}],"author":[{"embeddable":true,"href":"https:\/\/www.leaplytics.de\/cs\/wp-json\/wp\/v2\/users\/55"}],"replies":[{"embeddable":true,"href":"https:\/\/www.leaplytics.de\/cs\/wp-json\/wp\/v2\/comments?post=13321"}],"version-history":[{"count":11,"href":"https:\/\/www.leaplytics.de\/cs\/wp-json\/wp\/v2\/pages\/13321\/revisions"}],"predecessor-version":[{"id":13424,"href":"https:\/\/www.leaplytics.de\/cs\/wp-json\/wp\/v2\/pages\/13321\/revisions\/13424"}],"wp:featuredmedia":[{"embeddable":true,"href":"https:\/\/www.leaplytics.de\/cs\/wp-json\/wp\/v2\/media\/13426"}],"wp:attachment":[{"href":"https:\/\/www.leaplytics.de\/cs\/wp-json\/wp\/v2\/media?parent=13321"}],"curies":[{"name":"wp","href":"https:\/\/api.w.org\/{rel}","templated":true}]}}