{"id":13482,"date":"2024-06-03T18:15:40","date_gmt":"2024-06-03T16:15:40","guid":{"rendered":"https:\/\/www.leaplytics.de\/?page_id=13482"},"modified":"2024-06-03T18:15:41","modified_gmt":"2024-06-03T16:15:41","slug":"10-nejlepsich-nastroju-pro-rizeni-rizik-ktere-by-mel-znat-kazdy-projektovy-manazer-v-roce-2024","status":"publish","type":"page","link":"https:\/\/www.leaplytics.de\/cs\/10-nejlepsich-nastroju-pro-rizeni-rizik-ktere-by-mel-znat-kazdy-projektovy-manazer-v-roce-2024\/","title":{"rendered":"N\u00e1stroje pro \u0159\u00edzen\u00ed rizik - 10 nejlep\u0161\u00edch, kter\u00e9 by m\u011bl zn\u00e1t ka\u017ed\u00fd projektov\u00fd mana\u017eer v roce 2024"},"content":{"rendered":"<p>Neo\u010dek\u00e1van\u00e9 probl\u00e9my nebo rizika mohou \u010dasto zhatit i ty nejl\u00e9pe p\u0159ipraven\u00e9 projektov\u00e9 pl\u00e1ny. Proto je efektivn\u00ed \u0159\u00edzen\u00ed rizik pro ka\u017ed\u00e9ho projektov\u00e9ho mana\u017eera kl\u00ed\u010dov\u00e9. Pomoc\u00ed spr\u00e1vn\u00fdch n\u00e1stroj\u016f a technik m\u016f\u017eete rizika v\u010das identifikovat, vyhodnotit a zm\u00edrnit. Zde je 10 nejlep\u0161\u00edch n\u00e1stroj\u016f a technik \u0159\u00edzen\u00ed rizik, kter\u00e9 by m\u011bl zn\u00e1t ka\u017ed\u00fd projektov\u00fd mana\u017eer:<\/p>\n\n\n\n<div class=\"wp-block-columns is-layout-flex wp-container-core-columns-is-layout-1 wp-block-columns-is-layout-flex\">\n<div class=\"wp-block-column is-vertically-aligned-center is-layout-flow wp-block-column-is-layout-flow\" style=\"flex-basis:150px\"><div class=\"wp-block-image wp-duotone-rgb949494-ffffff-1\">\n<figure class=\"aligncenter size-full is-resized\"><img loading=\"lazy\" decoding=\"async\" width=\"640\" height=\"427\" src=\"https:\/\/www.leaplytics.de\/wp-content\/uploads\/2024\/05\/excel-logo-8033473_640.webp\" alt=\"\" class=\"wp-image-13483\" style=\"width:170px\" srcset=\"https:\/\/www.leaplytics.de\/wp-content\/uploads\/2024\/05\/excel-logo-8033473_640.webp 640w, https:\/\/www.leaplytics.de\/wp-content\/uploads\/2024\/05\/excel-logo-8033473_640-300x200.webp 300w, https:\/\/www.leaplytics.de\/wp-content\/uploads\/2024\/05\/excel-logo-8033473_640-90x60.webp 90w\" sizes=\"auto, (max-width: 640px) 100vw, 640px\" \/><\/figure><\/div><\/div>\n\n\n\n<div class=\"wp-block-column is-layout-flow wp-block-column-is-layout-flow\" style=\"flex-basis:66.66%\">\n<p><strong>Microsoft Excel<\/strong><\/p>\n\n\n\n<p>Microsoft Excel je z\u00e1kladn\u00edm n\u00e1strojem pro \u0159\u00edzen\u00ed rizik. Je u\u017eivatelsky p\u0159\u00edv\u011btiv\u00fd a \u0161iroce dostupn\u00fd. Excel umo\u017e\u0148uje projektov\u00fdm mana\u017eer\u016fm vytv\u00e1\u0159et podrobn\u00e9 seznamy potenci\u00e1ln\u00edch rizik a sledovat jejich stav v pr\u016fb\u011bhu cel\u00e9ho \u017eivotn\u00edho cyklu projektu. Pomoc\u00ed aplikace Excel m\u016f\u017eete nap\u0159\u00edklad sestavit seznam v\u0161ech mo\u017en\u00fdch rizik projektu a nast\u00ednit strategie \u0159e\u0161en\u00ed ka\u017ed\u00e9ho z nich. Excel odhal\u00ed sv\u016fj skute\u010dn\u00fd potenci\u00e1l, kdy\u017e spolupracuje s dal\u0161\u00edmi v\u00fdkonn\u00fdmi n\u00e1stroji.<\/p>\n<\/div>\n<\/div>\n\n\n\n<div class=\"wp-block-columns is-layout-flex wp-container-core-columns-is-layout-2 wp-block-columns-is-layout-flex\">\n<div class=\"wp-block-column is-vertically-aligned-center is-layout-flow wp-block-column-is-layout-flow\" style=\"flex-basis:150px\"><div class=\"wp-block-image wp-duotone-grayscale\">\n<figure class=\"aligncenter size-full is-resized\"><img loading=\"lazy\" decoding=\"async\" width=\"225\" height=\"300\" src=\"https:\/\/www.leaplytics.de\/wp-content\/uploads\/2024\/05\/power-bi-icon-logo-E1B451ED39-seeklogo.com_.png\" alt=\"\" class=\"wp-image-13484\" style=\"width:76px;height:auto\" srcset=\"https:\/\/www.leaplytics.de\/wp-content\/uploads\/2024\/05\/power-bi-icon-logo-E1B451ED39-seeklogo.com_.png 225w, https:\/\/www.leaplytics.de\/wp-content\/uploads\/2024\/05\/power-bi-icon-logo-E1B451ED39-seeklogo.com_-45x60.png 45w\" sizes=\"auto, (max-width: 225px) 100vw, 225px\" \/><\/figure><\/div><\/div>\n\n\n\n<div class=\"wp-block-column is-layout-flow wp-block-column-is-layout-flow\" style=\"flex-basis:66.66%\">\n<p><strong>Microsoft Power BI<\/strong><\/p>\n\n\n\n<p>Power BI je v\u00fdkonn\u00fd n\u00e1stroj pro vizualizaci dat, kter\u00fd transformuje slo\u017eit\u00e1 data do p\u0159ehledn\u00fdch vizualizac\u00ed. Excel a Power BI se k sob\u011b dokonale hod\u00ed. Excel pom\u00e1h\u00e1 s ukl\u00e1d\u00e1n\u00edm a spr\u00e1vou dat a Power BI podporuje interaktivn\u00ed vizualizace report\u016f. Takov\u00e9 interaktivn\u00ed \u0159\u00eddic\u00ed panely upozor\u0148uj\u00ed na va\u0161e rizika a dopady. P\u0159edstavte si, \u017ee pomoc\u00ed barevn\u00fdch graf\u016f zobraz\u00edte rizika va\u0161eho nejnov\u011bj\u0161\u00edho projektu, co\u017e v\u0161em usnadn\u00ed pochopen\u00ed a jedn\u00e1n\u00ed.<\/p>\n<\/div>\n<\/div>\n\n\n\n<div class=\"wp-block-columns is-layout-flex wp-container-core-columns-is-layout-3 wp-block-columns-is-layout-flex\">\n<div class=\"wp-block-column is-vertically-aligned-center is-layout-flow wp-block-column-is-layout-flow\" style=\"flex-basis:150px\"><div class=\"wp-block-image wp-duotone-858585-ffffff-2\">\n<figure class=\"aligncenter size-full is-resized\"><img loading=\"lazy\" decoding=\"async\" width=\"96\" height=\"96\" src=\"https:\/\/www.leaplytics.de\/wp-content\/uploads\/2024\/05\/Bild1.svg_.jpg\" alt=\"\" class=\"wp-image-13485\" style=\"width:120px\" srcset=\"https:\/\/www.leaplytics.de\/wp-content\/uploads\/2024\/05\/Bild1.svg_.jpg 96w, https:\/\/www.leaplytics.de\/wp-content\/uploads\/2024\/05\/Bild1.svg_-60x60.jpg 60w\" sizes=\"auto, (max-width: 96px) 100vw, 96px\" \/><\/figure><\/div><\/div>\n\n\n\n<div class=\"wp-block-column is-layout-flow wp-block-column-is-layout-flow\" style=\"flex-basis:66.66%\">\n<p><strong>Registr rizik<\/strong><\/p>\n\n\n\n<p>Registr rizik je d\u016fle\u017eit\u00fdm dokumentem p\u0159i \u0159\u00edzen\u00ed rizik. Pom\u00e1h\u00e1 projektov\u00fdm mana\u017eer\u016fm uchov\u00e1vat v\u0161echna identifikovan\u00e1 rizika na jednom m\u00edst\u011b. P\u0159edstavte si jej jako obs\u00e1hl\u00fd z\u00e1pisn\u00edk, kde jsou zaznamen\u00e1ny v\u0161echny mo\u017en\u00e9 probl\u00e9my a odpov\u00eddaj\u00edc\u00ed strategie jejich zm\u00edrn\u011bn\u00ed. T\u00edm zajist\u00edte, \u017ee rizika nebudou p\u0159ehl\u00ed\u017eena a budou pr\u016fb\u011b\u017en\u011b monitorov\u00e1na.<\/p>\n<\/div>\n<\/div>\n\n\n\n<div class=\"wp-block-columns is-layout-flex wp-container-core-columns-is-layout-4 wp-block-columns-is-layout-flex\">\n<div class=\"wp-block-column is-vertically-aligned-center is-layout-flow wp-block-column-is-layout-flow\" style=\"flex-basis:150px\"><div class=\"wp-block-image wp-duotone-unset-3\">\n<figure class=\"aligncenter size-full is-resized\"><img loading=\"lazy\" decoding=\"async\" width=\"1827\" height=\"1816\" src=\"https:\/\/www.leaplytics.de\/wp-content\/uploads\/2022\/06\/Axis-Settings.png\" alt=\"\" class=\"wp-image-8460\" style=\"width:110px\" srcset=\"https:\/\/www.leaplytics.de\/wp-content\/uploads\/2022\/06\/Axis-Settings.png 1827w, https:\/\/www.leaplytics.de\/wp-content\/uploads\/2022\/06\/Axis-Settings-300x298.png 300w, https:\/\/www.leaplytics.de\/wp-content\/uploads\/2022\/06\/Axis-Settings-1024x1018.png 1024w, https:\/\/www.leaplytics.de\/wp-content\/uploads\/2022\/06\/Axis-Settings-150x150.png 150w, https:\/\/www.leaplytics.de\/wp-content\/uploads\/2022\/06\/Axis-Settings-768x763.png 768w, https:\/\/www.leaplytics.de\/wp-content\/uploads\/2022\/06\/Axis-Settings-1536x1527.png 1536w, https:\/\/www.leaplytics.de\/wp-content\/uploads\/2022\/06\/Axis-Settings-60x60.png 60w\" sizes=\"auto, (max-width: 1827px) 100vw, 1827px\" \/><\/figure><\/div><\/div>\n\n\n\n<div class=\"wp-block-column is-layout-flow wp-block-column-is-layout-flow\" style=\"flex-basis:66.66%\">\n<p><strong>Matice rizik<\/strong><\/p>\n\n\n\n<p>Matice rizik je vizu\u00e1ln\u00ed n\u00e1stroj, kter\u00fd pom\u00e1h\u00e1 projektov\u00fdm mana\u017eer\u016fm stanovit priority rizik na z\u00e1klad\u011b jejich pravd\u011bpodobnosti a dopadu. Vynesen\u00edm rizik do matice lze rychle zjistit, kter\u00e1 z nich vy\u017eaduj\u00ed okam\u017eitou pozornost. Matice rizik je jen jedn\u00edm z vizu\u00e1ln\u00edch n\u00e1stroj\u016f, kter\u00e9 by m\u011bly b\u00fdt sou\u010d\u00e1st\u00ed ovl\u00e1dac\u00edho panelu Power BI ka\u017ed\u00e9ho mana\u017eera rizik.<\/p>\n<\/div>\n<\/div>\n\n\n\n<div class=\"wp-block-columns is-layout-flex wp-container-core-columns-is-layout-5 wp-block-columns-is-layout-flex\">\n<div class=\"wp-block-column is-vertically-aligned-center is-layout-flow wp-block-column-is-layout-flow\" style=\"flex-basis:150px\"><div class=\"wp-block-image wp-duotone-858585-ffffff-4\">\n<figure class=\"aligncenter size-full is-resized\"><img loading=\"lazy\" decoding=\"async\" width=\"500\" height=\"500\" src=\"https:\/\/www.leaplytics.de\/wp-content\/uploads\/2024\/05\/kisspng-computer-icons-normal-distribution-probability-dis-5adcdc96034e34.1804701715244238300136-removebg-preview.png\" alt=\"\" class=\"wp-image-13487\" style=\"width:110px\" srcset=\"https:\/\/www.leaplytics.de\/wp-content\/uploads\/2024\/05\/kisspng-computer-icons-normal-distribution-probability-dis-5adcdc96034e34.1804701715244238300136-removebg-preview.png 500w, https:\/\/www.leaplytics.de\/wp-content\/uploads\/2024\/05\/kisspng-computer-icons-normal-distribution-probability-dis-5adcdc96034e34.1804701715244238300136-removebg-preview-300x300.png 300w, https:\/\/www.leaplytics.de\/wp-content\/uploads\/2024\/05\/kisspng-computer-icons-normal-distribution-probability-dis-5adcdc96034e34.1804701715244238300136-removebg-preview-150x150.png 150w, https:\/\/www.leaplytics.de\/wp-content\/uploads\/2024\/05\/kisspng-computer-icons-normal-distribution-probability-dis-5adcdc96034e34.1804701715244238300136-removebg-preview-370x370.png 370w, https:\/\/www.leaplytics.de\/wp-content\/uploads\/2024\/05\/kisspng-computer-icons-normal-distribution-probability-dis-5adcdc96034e34.1804701715244238300136-removebg-preview-60x60.png 60w\" sizes=\"auto, (max-width: 500px) 100vw, 500px\" \/><\/figure><\/div><\/div>\n\n\n\n<div class=\"wp-block-column is-layout-flow wp-block-column-is-layout-flow\" style=\"flex-basis:66.66%\">\n<p><strong>Simulace Monte Carlo<\/strong><\/p>\n\n\n\n<p>Simulace Monte Carlo je pokro\u010dilej\u0161\u00ed n\u00e1stroj, kter\u00fd vyu\u017e\u00edv\u00e1 statistick\u00e9 metody k p\u0159edv\u00edd\u00e1n\u00ed dopadu rizik. Je to jako mnohokr\u00e1t hodit kostkou a zjistit nej\u010dast\u011bj\u0161\u00ed v\u00fdsledky. Tento n\u00e1stroj v\u00e1m pom\u016f\u017ee p\u0159edv\u00eddat potenci\u00e1ln\u00ed probl\u00e9my a podle toho pl\u00e1novat. Simulace Monte Carlo je u\u017eite\u010dn\u00e1 zejm\u00e9na u slo\u017eit\u00fdch projekt\u016f s v\u00edce prom\u011bnn\u00fdmi. K realizaci simulace Monte Carlo v\u00e1m poslou\u017e\u00ed program Microsoft Excel.<\/p>\n<\/div>\n<\/div>\n\n\n\n<div class=\"wp-block-columns is-layout-flex wp-container-core-columns-is-layout-6 wp-block-columns-is-layout-flex\">\n<div class=\"wp-block-column is-vertically-aligned-center is-layout-flow wp-block-column-is-layout-flow\" style=\"flex-basis:150px\"><div class=\"wp-block-image wp-duotone-858585-ffffff-5\">\n<figure class=\"aligncenter size-full is-resized\"><img loading=\"lazy\" decoding=\"async\" width=\"256\" height=\"256\" src=\"https:\/\/www.leaplytics.de\/wp-content\/uploads\/2024\/05\/pedigree-1-337562-removebg-preview.png\" alt=\"\" class=\"wp-image-13495\" style=\"width:110px\" srcset=\"https:\/\/www.leaplytics.de\/wp-content\/uploads\/2024\/05\/pedigree-1-337562-removebg-preview.png 256w, https:\/\/www.leaplytics.de\/wp-content\/uploads\/2024\/05\/pedigree-1-337562-removebg-preview-150x150.png 150w, https:\/\/www.leaplytics.de\/wp-content\/uploads\/2024\/05\/pedigree-1-337562-removebg-preview-60x60.png 60w\" sizes=\"auto, (max-width: 256px) 100vw, 256px\" \/><\/figure><\/div><\/div>\n\n\n\n<div class=\"wp-block-column is-layout-flow wp-block-column-is-layout-flow\" style=\"flex-basis:66.66%\">\n<p><strong>PERT (technika hodnocen\u00ed programu)<\/strong><\/p>\n\n\n\n<p>PERT je technika, kter\u00e1 pom\u00e1h\u00e1 projektov\u00fdm mana\u017eer\u016fm pochopit, jak mohou \u010das a rizika ovlivnit harmonogramy projekt\u016f. D\u00edky zmapov\u00e1n\u00ed v\u0161ech krok\u016f a \u00fakol\u016f v projektu a anal\u00fdze mo\u017en\u00fdch zpo\u017ed\u011bn\u00ed poskytuje PERT jasn\u011bj\u0161\u00ed p\u0159edstavu o \u010dasov\u00e9m pl\u00e1nu projektu. Nap\u0159\u00edklad anal\u00fdza rizik projektu a jejich dopadu na dobu trv\u00e1n\u00ed jednotliv\u00fdch \u00fakol\u016f m\u016f\u017ee pomoci minimalizovat zpo\u017ed\u011bn\u00ed projektu.<\/p>\n<\/div>\n<\/div>\n\n\n\n<div class=\"wp-block-columns is-layout-flex wp-container-core-columns-is-layout-7 wp-block-columns-is-layout-flex\">\n<div class=\"wp-block-column is-vertically-aligned-center is-layout-flow wp-block-column-is-layout-flow\" style=\"flex-basis:150px\"><div class=\"wp-block-image wp-duotone-858585-ffffff-6\">\n<figure class=\"aligncenter size-full is-resized\"><img loading=\"lazy\" decoding=\"async\" width=\"512\" height=\"512\" src=\"https:\/\/www.leaplytics.de\/wp-content\/uploads\/2024\/05\/4940750.png\" alt=\"\" class=\"wp-image-13489\" style=\"width:110px\" srcset=\"https:\/\/www.leaplytics.de\/wp-content\/uploads\/2024\/05\/4940750.png 512w, https:\/\/www.leaplytics.de\/wp-content\/uploads\/2024\/05\/4940750-300x300.png 300w, https:\/\/www.leaplytics.de\/wp-content\/uploads\/2024\/05\/4940750-150x150.png 150w, https:\/\/www.leaplytics.de\/wp-content\/uploads\/2024\/05\/4940750-370x370.png 370w, https:\/\/www.leaplytics.de\/wp-content\/uploads\/2024\/05\/4940750-60x60.png 60w\" sizes=\"auto, (max-width: 512px) 100vw, 512px\" \/><\/figure><\/div><\/div>\n\n\n\n<div class=\"wp-block-column is-layout-flow wp-block-column-is-layout-flow\" style=\"flex-basis:66.66%\">\n<p><strong>SWOT anal\u00fdza<\/strong><\/p>\n\n\n\n<p>Anal\u00fdza SWOT je n\u00e1stroj strategick\u00e9ho pl\u00e1nov\u00e1n\u00ed, kter\u00fd zkoum\u00e1 siln\u00e9 a slab\u00e9 str\u00e1nky, p\u0159\u00edle\u017eitosti a hrozby. Tento holistick\u00fd pohled pom\u00e1h\u00e1 projektov\u00fdm mana\u017eer\u016fm pochopit vnit\u0159n\u00ed i vn\u011bj\u0161\u00ed faktory, kter\u00e9 by mohly m\u00edt na projekt vliv. Je to jako skenov\u00e1n\u00ed podnikatelsk\u00e9ho prost\u0159ed\u00ed, kter\u00e9 v\u00e1m umo\u017en\u00ed p\u0159ij\u00edmat lep\u0161\u00ed rozhodnut\u00ed.<\/p>\n<\/div>\n<\/div>\n\n\n\n<div class=\"wp-block-columns is-layout-flex wp-container-core-columns-is-layout-8 wp-block-columns-is-layout-flex\">\n<div class=\"wp-block-column is-vertically-aligned-center is-layout-flow wp-block-column-is-layout-flow\" style=\"flex-basis:150px\"><div class=\"wp-block-image wp-duotone-858585-ffffff-7\">\n<figure class=\"aligncenter size-full is-resized\"><img loading=\"lazy\" decoding=\"async\" width=\"512\" height=\"512\" src=\"https:\/\/www.leaplytics.de\/wp-content\/uploads\/2024\/05\/bow_tie_icon_126607.png\" alt=\"\" class=\"wp-image-13490\" style=\"width:110px\" srcset=\"https:\/\/www.leaplytics.de\/wp-content\/uploads\/2024\/05\/bow_tie_icon_126607.png 512w, https:\/\/www.leaplytics.de\/wp-content\/uploads\/2024\/05\/bow_tie_icon_126607-300x300.png 300w, https:\/\/www.leaplytics.de\/wp-content\/uploads\/2024\/05\/bow_tie_icon_126607-150x150.png 150w, https:\/\/www.leaplytics.de\/wp-content\/uploads\/2024\/05\/bow_tie_icon_126607-370x370.png 370w, https:\/\/www.leaplytics.de\/wp-content\/uploads\/2024\/05\/bow_tie_icon_126607-60x60.png 60w\" sizes=\"auto, (max-width: 512px) 100vw, 512px\" \/><\/figure><\/div><\/div>\n\n\n\n<div class=\"wp-block-column is-layout-flow wp-block-column-is-layout-flow\" style=\"flex-basis:66.66%\">\n<p><strong>Diagram mot\u00fdlka<\/strong><\/p>\n\n\n\n<p>Diagram Bowtie je vizu\u00e1ln\u00ed n\u00e1stroj, kter\u00fd ukazuje, jak k rizik\u016fm doch\u00e1z\u00ed a jak\u00e9 maj\u00ed dopady. Pom\u00e1h\u00e1 pochopit p\u0159\u00ed\u010diny rizik a zp\u016fsoby, jak jim p\u0159edch\u00e1zet. Zahrnut\u00ed Bowtie diagramu do panelu Power BI v\u00e1m pom\u016f\u017ee pochopit z\u00e1kladn\u00ed s\u00edly va\u0161eho portfolia rizik.<\/p>\n<\/div>\n<\/div>\n\n\n\n<div class=\"wp-block-columns is-layout-flex wp-container-core-columns-is-layout-9 wp-block-columns-is-layout-flex\">\n<div class=\"wp-block-column is-vertically-aligned-center is-layout-flow wp-block-column-is-layout-flow\" style=\"flex-basis:150px\"><div class=\"wp-block-image wp-duotone-858585-ffffff-8\">\n<figure class=\"aligncenter size-full is-resized\"><img loading=\"lazy\" decoding=\"async\" width=\"200\" height=\"200\" src=\"https:\/\/www.leaplytics.de\/wp-content\/uploads\/2024\/05\/3732359-200.png\" alt=\"\" class=\"wp-image-13491\" style=\"width:110px\" srcset=\"https:\/\/www.leaplytics.de\/wp-content\/uploads\/2024\/05\/3732359-200.png 200w, https:\/\/www.leaplytics.de\/wp-content\/uploads\/2024\/05\/3732359-200-150x150.png 150w, https:\/\/www.leaplytics.de\/wp-content\/uploads\/2024\/05\/3732359-200-60x60.png 60w\" sizes=\"auto, (max-width: 200px) 100vw, 200px\" \/><\/figure><\/div><\/div>\n\n\n\n<div class=\"wp-block-column is-layout-flow wp-block-column-is-layout-flow\" style=\"flex-basis:66.66%\">\n<p><strong>Struktura rozd\u011blen\u00ed rizik (RBS)<\/strong><\/p>\n\n\n\n<p>RBS je hierarchick\u00fd r\u00e1mec, kter\u00fd kategorizuje rizika do r\u016fzn\u00fdch skupin. Tento organiza\u010dn\u00ed n\u00e1stroj pom\u00e1h\u00e1 projektov\u00fdm mana\u017eer\u016fm systematicky identifikovat a \u0159\u00eddit rizika. Rizika m\u016f\u017eete nap\u0159\u00edklad kategorizovat v souvislosti s jejich zdrojem nebo oblast\u00ed dopadu.<\/p>\n<\/div>\n<\/div>\n\n\n\n<div class=\"wp-block-columns is-layout-flex wp-container-core-columns-is-layout-10 wp-block-columns-is-layout-flex\">\n<div class=\"wp-block-column is-vertically-aligned-center is-layout-flow wp-block-column-is-layout-flow\" style=\"flex-basis:150px\"><div class=\"wp-block-image wp-duotone-858585-ffffff-9\">\n<figure class=\"aligncenter size-full is-resized\"><img loading=\"lazy\" decoding=\"async\" width=\"513\" height=\"486\" src=\"https:\/\/www.leaplytics.de\/wp-content\/uploads\/2024\/05\/6272532-middle-removebg-preview.png\" alt=\"\" class=\"wp-image-13493\" style=\"width:110px\" srcset=\"https:\/\/www.leaplytics.de\/wp-content\/uploads\/2024\/05\/6272532-middle-removebg-preview.png 513w, https:\/\/www.leaplytics.de\/wp-content\/uploads\/2024\/05\/6272532-middle-removebg-preview-300x284.png 300w, https:\/\/www.leaplytics.de\/wp-content\/uploads\/2024\/05\/6272532-middle-removebg-preview-63x60.png 63w\" sizes=\"auto, (max-width: 513px) 100vw, 513px\" \/><\/figure><\/div><\/div>\n\n\n\n<div class=\"wp-block-column is-layout-flow wp-block-column-is-layout-flow\" style=\"flex-basis:66.66%\">\n<p><strong>Anal\u00fdza sc\u00e9n\u00e1\u0159\u016f<\/strong><\/p>\n\n\n\n<p>Anal\u00fdza sc\u00e9n\u00e1\u0159\u016f pom\u00e1h\u00e1 projektov\u00fdm mana\u017eer\u016fm pl\u00e1novat r\u016fzn\u00e9 potenci\u00e1ln\u00ed situace. Promy\u0161len\u00edm r\u016fzn\u00fdch sc\u00e9n\u00e1\u0159\u016f lze vytvo\u0159it strategie pro jejich \u0159e\u0161en\u00ed. D\u00edky pl\u00e1nov\u00e1n\u00ed podle sc\u00e9n\u00e1\u0159\u016f si uv\u011bdom\u00edte nejen pr\u016fm\u011brn\u00fd v\u00fdsledek, ale i extr\u00e9mn\u00ed d\u016fsledky.<\/p>\n<\/div>\n<\/div>\n\n\n\n<h3 class=\"wp-block-heading has-medium-font-size\">Kl\u00ed\u010dov\u00fd poznatek<\/h3>\n\n\n\n<p>T\u011bchto 10 nejlep\u0161\u00edch n\u00e1stroj\u016f pom\u00e1h\u00e1 projektov\u00fdm mana\u017eer\u016fm l\u00e9pe vid\u011bt a zvl\u00e1dat rizika. Zaji\u0161\u0165uj\u00ed hladk\u00fd pr\u016fb\u011bh a dobr\u00e9 dokon\u010den\u00ed projekt\u016f. Pomoc\u00ed t\u011bchto n\u00e1stroj\u016f m\u016f\u017eete v\u010das odhalit probl\u00e9my a vy\u0159e\u0161it je d\u0159\u00edve, ne\u017e se stanou velk\u00fdmi. Va\u0161e projekty tak z\u016fstanou na spr\u00e1vn\u00e9 cest\u011b.<\/p>","protected":false},"excerpt":{"rendered":"<p>Unexpected problems, or risks, can often derail even the best-laid project plans. This is why effective risk management is crucial for every project manager. With the right tools and techniques, you can identify, assess, and mitigate risks early. Here are the top 10 risk management tools and techniques every project manager should know about: Microsoft &hellip; <\/p>","protected":false},"author":55,"featured_media":0,"parent":0,"menu_order":0,"comment_status":"closed","ping_status":"closed","template":"","meta":{"footnotes":""},"class_list":["post-13482","page","type-page","status-publish","hentry","latest_post"],"_links":{"self":[{"href":"https:\/\/www.leaplytics.de\/cs\/wp-json\/wp\/v2\/pages\/13482","targetHints":{"allow":["GET"]}}],"collection":[{"href":"https:\/\/www.leaplytics.de\/cs\/wp-json\/wp\/v2\/pages"}],"about":[{"href":"https:\/\/www.leaplytics.de\/cs\/wp-json\/wp\/v2\/types\/page"}],"author":[{"embeddable":true,"href":"https:\/\/www.leaplytics.de\/cs\/wp-json\/wp\/v2\/users\/55"}],"replies":[{"embeddable":true,"href":"https:\/\/www.leaplytics.de\/cs\/wp-json\/wp\/v2\/comments?post=13482"}],"version-history":[{"count":4,"href":"https:\/\/www.leaplytics.de\/cs\/wp-json\/wp\/v2\/pages\/13482\/revisions"}],"predecessor-version":[{"id":13499,"href":"https:\/\/www.leaplytics.de\/cs\/wp-json\/wp\/v2\/pages\/13482\/revisions\/13499"}],"wp:attachment":[{"href":"https:\/\/www.leaplytics.de\/cs\/wp-json\/wp\/v2\/media?parent=13482"}],"curies":[{"name":"wp","href":"https:\/\/api.w.org\/{rel}","templated":true}]}}