{"id":13717,"date":"2025-05-12T15:34:59","date_gmt":"2025-05-12T13:34:59","guid":{"rendered":"https:\/\/www.leaplytics.de\/?page_id=13717"},"modified":"2025-05-12T15:35:01","modified_gmt":"2025-05-12T13:35:01","slug":"posudky","status":"publish","type":"page","link":"https:\/\/www.leaplytics.de\/cs\/posudky\/","title":{"rendered":"Zku\u0161enosti"},"content":{"rendered":"<p><em>&#8220;<strong>Ji\u017e v\u00edce ne\u017e rok pou\u017e\u00edv\u00e1me v Power BI vizu\u00e1ln\u00ed n\u00e1stroj LeapLytics Risk Matrix \/ Heatmap.<\/strong><br>Pro n\u00e1\u0161 t\u00fdm se stal nepostradateln\u00fdm n\u00e1strojem. Jeho intuitivn\u00ed design a p\u0159izp\u016fsobiteln\u00e9 funkce n\u00e1m umo\u017e\u0148uj\u00ed efektivn\u011b vizualizovat a prioritizovat rizika, co\u017e n\u00e1m umo\u017e\u0148uje zam\u011b\u0159it se na nejkriti\u010dt\u011bj\u0161\u00ed oblasti. Mo\u017enost p\u0159izp\u016fsobit matici na\u0161im specifick\u00fdm pot\u0159eb\u00e1m v\u00fdrazn\u011b zlep\u0161ila na\u0161e procesy hodnocen\u00ed rizik. Tento dopln\u011bk v\u0159ele doporu\u010duji v\u0161em t\u00fdm\u016fm, kter\u00e9 cht\u011bj\u00ed roz\u0161\u00ed\u0159it sv\u00e9 mo\u017enosti \u0159\u00edzen\u00ed rizik v r\u00e1mci Power BI.\"<\/em> (Anonym)<\/p>\n\n\n\n<p><em>&#8220;<strong>Zm\u011bna hry<\/strong> - Tato aplikace u\u0161et\u0159ila stovky hodin v\u00fdvoje, \u0159e\u0161en\u00ed probl\u00e9m\u016f a dal\u0161\u00edch probl\u00e9m\u016f, kter\u00e9 jsou spojeny s vytv\u00e1\u0159en\u00edm aplikace od za\u010d\u00e1tku. Tuto aplikaci bylo velmi snadn\u00e9 zapojit do aplikace, kterou jsme vytv\u00e1\u0159eli, a je tak\u00e9 vizu\u00e1ln\u011b atraktivn\u00ed a snadno pou\u017eiteln\u00e1. V\u0159ele doporu\u010duji v\u0161em ostatn\u00edm, kte\u0159\u00ed cht\u011bj\u00ed u\u0161et\u0159it hodiny v\u00fdvoje a \u010das a z\u00edskat n\u011bco, co je ji\u017e otestov\u00e1no v bitv\u011b!\"<\/em> (Anonym)<\/p>\n\n\n\n<p><em>\"Vizu\u00e1ln\u00ed matice rizik v platform\u011b Power BI byla pou\u017eita jako <strong>strategick\u00fd n\u00e1stroj<\/strong> pro \u0159\u00edzen\u00ed kritick\u00fdch \u010dinnost\u00ed \u00fadr\u017eby a poskytuje rychlou a efektivn\u00ed vizualizaci rizik spojen\u00fdch s jednotliv\u00fdmi aktivy. Matice vizu\u00e1ln\u011b mapuje kriti\u010dnost aktiv na z\u00e1klad\u011b \u00farovn\u011b jejich dopadu a pravd\u011bpodobnosti selh\u00e1n\u00ed, co\u017e p\u0159\u00edmo podporuje stanoven\u00ed priorit n\u00e1pravn\u00fdch a preventivn\u00edch opat\u0159en\u00ed. <br>Tato funkce pom\u00e1h\u00e1 identifikovat polo\u017eky \u00fadr\u017eby s nejvy\u0161\u0161\u00ed provozn\u00ed d\u016fle\u017eitost\u00ed, co\u017e p\u0159isp\u00edv\u00e1 k asertivn\u011bj\u0161\u00edmu \u0159\u00edzen\u00ed zdroj\u016f, t\u00fdm\u016f a term\u00edn\u016f, zejm\u00e9na ve slo\u017eit\u00fdch sc\u00e9n\u00e1\u0159\u00edch, jako jsou odst\u00e1vky nebo mimo\u0159\u00e1dn\u00e9 z\u00e1sahy. Interaktivn\u00ed a p\u0159izp\u016fsobiteln\u00e9 rozhran\u00ed nav\u00edc umo\u017e\u0148uje aktualizace a simulace v re\u00e1ln\u00e9m \u010dase, tak\u017ee rozhodovac\u00ed proces je rychlej\u0161\u00ed a v\u00edce zalo\u017een\u00fd na datech.<br>Pou\u017eit\u00ed tohoto vizu\u00e1ln\u00edho zobrazen\u00ed tak\u00e9 posiluje \u0159\u00edzen\u00ed \u00fadr\u017eby zalo\u017een\u00e9 na rizic\u00edch a sla\u010fuje technick\u00e9 \u00fasil\u00ed se strategick\u00fdmi c\u00edli organizace v oblasti spolehlivosti a dostupnosti aktiv.\"<\/em> (CENIBRA)<\/p>\n\n\n\n<p><em>&#8220;<strong>Fantastick\u00fd vizu\u00e1l<\/strong> - Vyzkou\u0161el jsem tento vizu\u00e1ln\u00ed n\u00e1stroj pro v\u00edce sestav a je tak snadn\u00fd na pou\u017e\u00edv\u00e1n\u00ed, ale p\u0159itom tak v\u00fdkonn\u00fd. Vizu\u00e1ln\u00ed zn\u00e1zorn\u011bn\u00ed rizik v t\u00e9to matici mi u\u0161et\u0159ilo nespo\u010det hodin, proto\u017ee mohu zam\u011b\u0159it svou pozornost na \u00faseky, kter\u00e9 jsou ozna\u010deny jako vysoce rizikov\u00e9. Spole\u010dnost Leaplytics tak\u00e9 velmi ochotn\u011b reaguje na e-maily. Tento dopln\u011bk od spole\u010dnosti Leaplytics v\u0159ele doporu\u010duji.\"<\/em> (Anonym)<\/p>\n\n\n\n<p><em>&#8220;<strong>D\u0159\u00edv jsem m\u011bl r\u00e1d heatmapy, te\u010f je miluju.<\/strong> - \u010casto jsem m\u011bl probl\u00e9my, kdy\u017e jsem se sna\u017eil vytvo\u0159it tepelnou mapu. Tato m\u00e1 silnou vypov\u00eddac\u00ed schopnost a jej\u00ed pou\u017eit\u00ed je opravdu snadn\u00e9.\"<\/em> (Raphael de Taranto)<\/p>\n\n\n\n<p><em>&#8220;<strong>Vynikaj\u00edc\u00ed aplikace<\/strong> - Tuto aplikaci mus\u00edte m\u00edt, pokud pracujete s riziky. Snadno se nastavuje a je velmi dob\u0159e konfigurovateln\u00e1 podle va\u0161ich pot\u0159eb.\"<\/em> (Roy Varghese)<\/p>\n\n\n\n<p><em>&#8220;<strong>Skv\u011bl\u00fd p\u0159\u00edstrojov\u00fd panel pro hl\u00e1\u0161en\u00ed rizik<\/strong> - Tento panel poskytuje vynikaj\u00edc\u00ed vizu\u00e1ln\u00ed p\u0159ehled o rizic\u00edch a za\u010dlenili jsme jej do mnoha panel\u016f pro vykazov\u00e1n\u00ed podnikov\u00fdch rizik. Spole\u010dnost LeapLytics nad\u00e1le vylep\u0161uje funkce panelu, v\u010detn\u011b mo\u017enosti barevn\u00e9ho odli\u0161en\u00ed bodov\u00fdch bod\u016f. V\u0159ele doporu\u010dujeme tento z\u00e1suvn\u00fd modul aplikace heatmap rizik ke zlep\u0161en\u00ed \u0159\u00eddic\u00edch panel\u016f Power BI. Plusem je tak\u00e9 rychlost reakce na dotazy a podpora.\"<\/em> (Becky Sterrett)<\/p>\n\n\n\n<p><em>&#8220;<strong>Velk\u00e1 mapa rizik<\/strong> - N\u00e1stroj \"heatmap\" rizik byl velmi u\u017eite\u010dn\u00fd p\u0159i sd\u011blov\u00e1n\u00ed podnikov\u00fdch rizik a jejich \u00farovn\u011b z\u00fa\u010dastn\u011bn\u00fdm stran\u00e1m. Snadno se pou\u017e\u00edv\u00e1 a m\u00e1 dobrou vizu\u00e1ln\u00ed podobu.\"<\/em> (Anonym)<\/p>\n\n\n\n<p class=\"has-text-align-left\"><em>&#8220;<strong>Tento n\u00e1stroj je u\u017eivatelsky p\u0159\u00edv\u011btiv\u00fd<\/strong> a efektivn\u011b prezentuje hodnocen\u00ed rizik v jasn\u00e9m a srozumiteln\u00e9m form\u00e1tu.\"<\/em> (Scott Nicol)<\/p>\n\n\n\n<p><em>&#8220;<strong>Skv\u011bl\u00fd n\u00e1stroj<\/strong> - Tento n\u00e1stroj n\u00e1m pomohl v neust\u00e1l\u00e9m \u00fasil\u00ed o zefektivn\u011bn\u00ed procesu hodnocen\u00ed rizik. Poskytuje skv\u011bl\u00fd vizu\u00e1ln\u00ed n\u00e1stroj pro rychl\u00e9 posouzen\u00ed rizikov\u00e9ho profilu.\"<\/em> (Anonym)<\/p>\n\n\n\n<p><em>&#8220;<strong>Matice rizik<\/strong> - Byl jsem opravdu r\u00e1d, \u017ee jsem tento n\u00e1stroj na\u0161el a jak funguje z hlediska \u0159\u00edzen\u00ed rizik \/ pod\u00e1v\u00e1n\u00ed zpr\u00e1v - je to skv\u011bl\u00fd zp\u016fsob, jak vizualizovat a proch\u00e1zet registry rizik se zam\u011b\u0159en\u00edm na kl\u00ed\u010dov\u00e1 \/ zv\u00fd\u0161en\u00e1 rizika. Tak\u00e9 s t\u00fdmem se mi skv\u011ble spolupracovalo, poskytoval mi podporu a zapojoval m\u011b do \u0159e\u0161en\u00ed toho, jak jej pou\u017e\u00edv\u00e1m a jak jej vylep\u0161it.\"<\/em> (Anonym)<\/p>\n\n\n\n<p><em>&#8220;<strong>Funguje p\u0159esn\u011b podle o\u010dek\u00e1v\u00e1n\u00ed a reklamy.<\/strong> - Licenci na tuto aplikaci jsem zakoupil t\u00e9m\u011b\u0159 p\u0159ed 9 m\u011bs\u00edci, nainstaloval ji do n\u011bkolika zpr\u00e1v, kter\u00e9 pou\u017e\u00edvaj\u00ed stovky lid\u00ed po cel\u00e9m sv\u011bt\u011b, a od u\u017eivatel\u016f jsem m\u011bl jen pozitivn\u00ed ohlasy.\"<\/em> (Small, Roy)<\/p>\n\n\n\n<p><em>&#8220;<strong>Skv\u011bl\u00fd n\u00e1stroj pro zobrazen\u00ed historie matice rizik<\/strong> - Jeden z nejlep\u0161\u00edch speci\u00e1ln\u00edch n\u00e1stroj\u016f pro spr\u00e1vu z\u00e1znam\u016f matice rizik a jejich profesion\u00e1ln\u00ed zobrazen\u00ed Tento n\u00e1stroj jsem navrhl a p\u0159edstavil veden\u00ed spole\u010dnosti 1- Skv\u011bl\u00fd design 2- Flexibilita 3- Snadn\u00e9 pou\u017eit\u00ed 4- Doporu\u010duji vyu\u017e\u00edt Vlastn\u011b je to to, co jsem hledal D\u011bkuji, Stefan Preusler D\u011bkuji, t\u00fdm LeapLytics GmbH\"<\/em> (\u0645\u062d\u064a\u064a \u0627\u0644\u062f\u064a\u0646)<\/p>\n\n\n\n<p><em>&#8220;<strong>Rozhodn\u011b stoj\u00ed za to<\/strong> - V\u0161e, \u010deho jsme cht\u011bli dos\u00e1hnout pomoc\u00ed matice rizik, jsme mohli realizovat pomoc\u00ed t\u00e9to vizualizace. Rozhodn\u011b to stoj\u00ed za to.\"<\/em> (Anonym)<\/p>\n\n\n\n<p><em>&#8220;<strong>Skv\u011bl\u00e9 \u0159e\u0161en\u00ed pro auditory!<\/strong> - Vizu\u00e1ln\u00ed objekt dokonale spl\u0148uje po\u017eadavky na matici rizik pro auditory.\" (David L\u00f3pez Morales)<\/em><\/p>\n\n\n\n<p><em>&#8220;<strong>Dobr\u00fd vizu\u00e1ln\u00ed dojem<\/strong> na podporu rozhovor\u016f o rizic\u00edch.\"<\/em> (Elleke Bosworth)<\/p>\n\n\n\n<p><em>&#8220;<strong>Skv\u011bl\u00fd vizu\u00e1l<\/strong> - Hledal jsem funk\u010dn\u00ed \u0159e\u0161en\u00ed pro vizualizaci sv\u00fdch rizik. Tato vizualizace mi skv\u011ble funguje a je p\u0159ipravena k pou\u017eit\u00ed b\u011bhem n\u011bkolika minut. Interaktivita funguje dob\u0159e a p\u016fsob\u00ed jako \"skute\u010dn\u00e1\".\"<\/em> (Anonym)<\/p>\n\n\n\n<p><em>&#8220;<strong>Skv\u011bl\u00fd vizu\u00e1ln\u00ed n\u00e1stroj pro vyhodnocov\u00e1n\u00ed rizik<\/strong> - \u00da\u017easn\u00fd n\u00e1stroj pro vizualizaci mapy rizik, velmi efektivn\u00ed a snadno p\u0159\u00edstupn\u00fd.\"<\/em> (Anonym)<\/p>\n\n\n\n<p><em>&#8220;<strong>Nezbytn\u00fd n\u00e1stroj pro Risk Mgmt<\/strong> - Tento n\u00e1stroj je u\u017eivatelsky p\u0159\u00edv\u011btiv\u00fd a efektivn\u011b prezentuje sk\u00f3re rizik v jasn\u00e9m a srozumiteln\u00e9m form\u00e1tu.\"<\/em> (Anonym)<\/p>\n\n\n\n<p><em>&#8220;<strong>Velmi u\u017eite\u010dn\u00fd n\u00e1stroj pro \u0159\u00edzen\u00ed rizik<\/strong> - Risk Heatmap pova\u017euji za velmi u\u017eite\u010dn\u00fd n\u00e1stroj v na\u0161em procesu \u0159\u00edzen\u00ed rizik. Pom\u00e1h\u00e1 vizualizovat rizika jednoduch\u00fdm a srozumiteln\u00fdm zp\u016fsobem jak pro p\u0159edstavenstvo, tak i pro zbytek spole\u010dnosti. Tak\u00e9 se snadno pou\u017e\u00edv\u00e1 a \u010dlov\u011bk si rychle osvoj\u00ed, jak nastaven\u00ed funguje.\"<\/em> (Anonym)<\/p>\n\n\n\n<p><em>&#8220;<strong>Skv\u011bl\u00fd mal\u00fd dopln\u011bk!<\/strong> - Tepelnou mapu LeapLytics pou\u017e\u00edv\u00e1me ji\u017e rok. Snadno se pou\u017e\u00edv\u00e1, je cenov\u011b v\u00fdhodn\u00e1 a vizu\u00e1ln\u00ed podoba vypad\u00e1 na na\u0161em panelu rizik skv\u011ble.\"<\/em> (Anonym)<\/p>\n\n\n\n<p><em>&#8220;<strong>Perfektn\u00ed<\/strong> - Es muy buena, vers\u00e1til y pr\u00e1ctica.\"<\/em> (Cynthia Mercedes Anaya Manrique)<\/p>\n\n\n\n<p><em>&#8220;<strong>Skv\u011bl\u00fd vizu\u00e1l a odezva<\/strong> - Poskytuje n\u00e1m vizu\u00e1ln\u00ed obraz, kter\u00fd jsme pot\u0159ebovali, a odpov\u011b\u010f na na\u0161e ot\u00e1zky byla rychl\u00e1 a u\u017eite\u010dn\u00e1.\"<\/em> (Anonym)<\/p>\n\n\n\n<p><em>&#8220;<strong>Solid <\/strong>- Solidn\u00ed vizu\u00e1l\"<\/em> (Anonym)<\/p>","protected":false},"excerpt":{"rendered":"<p>\"Vizu\u00e1ln\u00ed n\u00e1stroj LeapLytics Risk Matrix \/ Heatmap pou\u017e\u00edv\u00e1me v Power BI ji\u017e v\u00edce ne\u017e rok.Pro n\u00e1\u0161 t\u00fdm se stal nepostradateln\u00fdm n\u00e1strojem. Jeho intuitivn\u00ed design a p\u0159izp\u016fsobiteln\u00e9 funkce n\u00e1m umo\u017e\u0148uj\u00ed efektivn\u011b vizualizovat a prioritizovat rizika, co\u017e n\u00e1m umo\u017e\u0148uje zam\u011b\u0159it se na nejkriti\u010dt\u011bj\u0161\u00ed oblasti. Mo\u017enost p\u0159izp\u016fsobit si matici ... <\/p>","protected":false},"author":2,"featured_media":0,"parent":0,"menu_order":0,"comment_status":"closed","ping_status":"closed","template":"","meta":{"footnotes":""},"class_list":["post-13717","page","type-page","status-publish","hentry","latest_post"],"_links":{"self":[{"href":"https:\/\/www.leaplytics.de\/cs\/wp-json\/wp\/v2\/pages\/13717","targetHints":{"allow":["GET"]}}],"collection":[{"href":"https:\/\/www.leaplytics.de\/cs\/wp-json\/wp\/v2\/pages"}],"about":[{"href":"https:\/\/www.leaplytics.de\/cs\/wp-json\/wp\/v2\/types\/page"}],"author":[{"embeddable":true,"href":"https:\/\/www.leaplytics.de\/cs\/wp-json\/wp\/v2\/users\/2"}],"replies":[{"embeddable":true,"href":"https:\/\/www.leaplytics.de\/cs\/wp-json\/wp\/v2\/comments?post=13717"}],"version-history":[{"count":5,"href":"https:\/\/www.leaplytics.de\/cs\/wp-json\/wp\/v2\/pages\/13717\/revisions"}],"predecessor-version":[{"id":13725,"href":"https:\/\/www.leaplytics.de\/cs\/wp-json\/wp\/v2\/pages\/13717\/revisions\/13725"}],"wp:attachment":[{"href":"https:\/\/www.leaplytics.de\/cs\/wp-json\/wp\/v2\/media?parent=13717"}],"curies":[{"name":"wp","href":"https:\/\/api.w.org\/{rel}","templated":true}]}}