{"id":13808,"date":"2025-07-14T10:32:30","date_gmt":"2025-07-14T08:32:30","guid":{"rendered":"https:\/\/www.leaplytics.de\/?page_id=13808"},"modified":"2025-07-14T10:32:31","modified_gmt":"2025-07-14T08:32:31","slug":"gantt-leaplytics-power-bi","status":"publish","type":"page","link":"https:\/\/www.leaplytics.de\/cs\/gantt-leaplytics-power-bi\/","title":{"rendered":"Gantt LeapLytics - Power BI"},"content":{"rendered":"<p>Je to jednoduch\u00e9. Umo\u017en\u00edme v\u00e1m o\u017eivit \u010dasov\u00e9 pl\u00e1ny a harmonogramy projekt\u016f p\u0159\u00edmo v prost\u0159ed\u00ed Power BI. Na\u0161e vizualizace Leaplytics Gantt Chart transformuje komplexn\u00ed projektov\u00e1 data do profesion\u00e1ln\u00edch, interaktivn\u00edch a komplexn\u00edch vizualizac\u00ed \u010dasov\u00fdch os. Zobrazte harmonogramy projekt\u016f z aplikac\u00ed Microsoft Project, Primavera P6, Jira, Asana a Azure DevOps p\u0159esn\u011b tak, jak bylo zam\u00fd\u0161leno.<\/p>\n<blockquote>\n<p>\"Kone\u010dn\u011b Gantt\u016fv diagram, kter\u00fd v Power BI skute\u010dn\u011b funguje! Mo\u017enost zobrazovat \u010dasov\u00e9 osy na\u0161ich projekt\u016f se z\u00e1vislostmi a sledov\u00e1n\u00edm postupu p\u0159\u00edmo v na\u0161ich \u0159\u00eddic\u00edch panelech nam\u00edsto statick\u00fdch sn\u00edmk\u016f obrazovky zm\u011bnila na\u0161e prezentace projekt\u016f.\"<br \/>- <strong>Johnson M., mana\u017eer Business Intelligence<\/strong> <em>(Stavebnictv\u00ed)<\/em><\/p>\n<\/blockquote>\n<h2 id=\"what-s-in-it-for-you-\">Co z toho budete m\u00edt?<\/h2>\n<p>Odemkn\u011bte si profesion\u00e1ln\u00ed vizualizaci projekt\u016f pro ovl\u00e1dac\u00ed panely Power BI:<\/p>\n<p><strong>Kr\u00e1sn\u00e1 vizualizace projekt\u016f:<\/strong> P\u0159ev\u00e1d\u011bjte nezpracovan\u00e1 projektov\u00e1 data z aplikac\u00ed Microsoft Project, Primavera P6, Jira, Asana a Azure DevOps do profesion\u00e1ln\u011b vykreslen\u00fdch Ganttov\u00fdch diagram\u016f.<\/p>\n<p><strong>Eliminace ru\u010dn\u00ed pr\u00e1ce:<\/strong> U\u017e nemus\u00edte exportovat sn\u00edmky obrazovky nebo ru\u010dn\u011b vytv\u00e1\u0159et grafy \u010dasov\u00e9 osy. Va\u0161e st\u00e1vaj\u00edc\u00ed projektov\u00e1 data se zobraz\u00ed jako interaktivn\u00ed Ganttovy grafy.<\/p>\n<p><strong>Zap\u016fsobit na zainteresovan\u00e9 strany:<\/strong> Prezentujte profesion\u00e1ln\u00ed projektov\u00e9 p\u0159ehledy, kter\u00e9 zachovaj\u00ed d\u016fv\u011bryhodnost na sch\u016fzk\u00e1ch vedouc\u00edch pracovn\u00edk\u016f a p\u0159i prezentac\u00edch pro z\u00fa\u010dastn\u011bn\u00e9 strany.<\/p>\n<p><strong>U\u0161et\u0159ete \u010das:<\/strong> P\u0159esta\u0148te tr\u00e1vit hodiny ru\u010dn\u00edm vytv\u00e1\u0159en\u00edm \u010dasov\u00e9 osy. P\u0159ipojte data projektu a sledujte, jak se seznamy \u00fakol\u016f m\u011bn\u00ed v komplexn\u00ed Ganttovy vizualizace.<\/p>\n<blockquote>\n<p>\"D\u0159\u00edve jsme tr\u00e1vili 12 hodin t\u00fddn\u011b vytv\u00e1\u0159en\u00edm p\u0159ehled\u016f \u010dasov\u00e9 osy z na\u0161ich n\u00e1stroj\u016f pro \u0159\u00edzen\u00ed projekt\u016f. Nyn\u00ed se v\u0161e automaticky zobrazuje jako kr\u00e1sn\u00e9 interaktivn\u00ed Ganttovy grafy. Na\u0161e zpr\u00e1vy o stavu projektu vypadaj\u00ed op\u011bt profesion\u00e1ln\u011b.\"<br \/>- <strong>Rodriguez A., \u0159editel analytiky<\/strong> <em>(Technologie ve zdravotnictv\u00ed)<\/em><\/p>\n<\/blockquote>\n<h2 id=\"how-you-can-benefit\">Jak z toho m\u016f\u017eete t\u011b\u017eit<\/h2>\n<p>U\u017eivatel\u00e9, kte\u0159\u00ed si osvojili n\u00e1\u0161 vizu\u00e1ln\u00ed report Leaplytics Gantt Chart:<\/p>\n<p><strong>Eliminovan\u00e9 no\u010dn\u00ed m\u016fry z \u010dasov\u00e9 osy:<\/strong> U\u017e \u017e\u00e1dn\u00e9 ru\u010dn\u00ed vytv\u00e1\u0159en\u00ed graf\u016f nebo statick\u00fdch sn\u00edmk\u016f \u010dasov\u00e9 osy v prezentac\u00edch.<\/p>\n<p><strong>V\u011bt\u0161\u00ed roz\u0161\u00ed\u0159en\u00ed p\u0159\u00edstrojov\u00e9 desky:<\/strong> Z\u00fa\u010dastn\u011bn\u00e9 strany se v\u00edce zapojuj\u00ed do interaktivn\u00edch Ganttov\u00fdch diagram\u016f, kter\u00e9 mohou prozkoumat a pochopit.<\/p>\n<p><strong>Zv\u00fd\u0161en\u00e1 profesn\u00ed d\u016fv\u011bryhodnost:<\/strong> Mana\u017eersk\u00e9 prezentace vypadaj\u00ed uhlazen\u011b a udr\u017euj\u00ed va\u0161i pov\u011bst profesion\u00e1la v oblasti dat.<\/p>\n<p><strong>Jednotn\u00e9 zobrazen\u00ed projektu:<\/strong> Zobrazte projektov\u00e1 data z r\u016fzn\u00fdch podnikov\u00fdch platforem v jednom ucelen\u00e9m interaktivn\u00edm Ganttov\u011b grafu Power BI.<\/p>\n<h2 id=\"key-features\">Kl\u00ed\u010dov\u00e9 vlastnosti<\/h2>\n<p><strong>Podpora v\u00edce platforem:<\/strong> Podporuje Microsoft Project, Primavera P6, Jira, Asana, Azure DevOps a jak\u00e1koli tabulkov\u00e1 projektov\u00e1 data.<\/p>\n<p><strong>Pokro\u010dil\u00fd motor \u010dasov\u00e9 osy:<\/strong><\/p>\n<ul>\n<li>Inteligentn\u00ed polohov\u00e1n\u00ed \u00faloh a \u0161k\u00e1lov\u00e1n\u00ed data<\/li>\n<li>Inteligentn\u00ed hierarchick\u00e1 spr\u00e1va \u00fakol\u016f pro komplexn\u00ed projekty<\/li>\n<\/ul>\n<p><strong>Profesion\u00e1ln\u00ed vizualizace projekt\u016f:<\/strong> <\/p>\n<ul>\n<li>Vykresluje spr\u00e1vn\u00e9 sloupce \u00fakol\u016f, z\u00e1vislost\u00ed, miln\u00edk\u016f a sledov\u00e1n\u00ed postupu, kter\u00e9 respektuj\u00ed t\u00e9mata Power BI.<\/li>\n<li>Interaktivn\u00ed navigace po \u010dasov\u00e9 ose s mo\u017enost\u00ed p\u0159ibl\u00ed\u017een\u00ed a posunu<\/li>\n<\/ul>\n<p><strong>Funkce podnikov\u00e9ho projektu:<\/strong><\/p>\n<ul>\n<li>Z\u00e1vislosti \u00faloh se \u0161ipkami vztah\u016f<\/li>\n<li>Sledov\u00e1n\u00ed pokroku a stavu dokon\u010den\u00ed<\/li>\n<li>Vizualizace p\u0159i\u0159azen\u00ed zdroj\u016f<\/li>\n<li>Anal\u00fdza kritick\u00e9 cesty<\/li>\n<\/ul>\n<p><strong>Optimalizovan\u00fd v\u00fdkon:<\/strong> Efektivn\u00ed vykreslov\u00e1n\u00ed velk\u00fdch datov\u00fdch sad projekt\u016f s v\u00edce ne\u017e 1000 \u00falohami a slo\u017eit\u00fdmi s\u00edt\u011bmi z\u00e1vislost\u00ed.<\/p>\n<p><strong>Bezprobl\u00e9mov\u00e1 integrace Power BI:<\/strong> Funguje jako jak\u00fdkoli jin\u00fd vizu\u00e1ln\u00ed n\u00e1stroj Power BI, respektuje filtry, slicery a k\u0159\u00ed\u017eov\u00e9 filtrov\u00e1n\u00ed.<\/p>\n<p><strong>Intuitivn\u00ed konfigurace:<\/strong> Jednoduch\u00fd form\u00e1tovac\u00ed panel s rozbalovac\u00edmi mo\u017enostmi pro pole \u00faloh, data a mo\u017enosti vizualizace.<\/p>\n<p><strong>P\u0159ipraveno pro podniky:<\/strong> Robustn\u00ed licen\u010dn\u00ed syst\u00e9m ur\u010den\u00fd pro podnikov\u00e9 nasazen\u00ed s pokro\u010dil\u00fdmi funkcemi pro spr\u00e1vu projekt\u016f.<\/p>\n<h2 id=\"your-team-will-thank-you\">V\u00e1\u0161 t\u00fdm v\u00e1m pod\u011bkuje<\/h2>\n<p><em>U\u017e v\u00e1s nebav\u00ed statick\u00e9 sn\u00edmky obrazovek projekt\u016f v prezentac\u00edch pro vedouc\u00ed pracovn\u00edky?<\/em> U\u017e se v\u00e1m n\u011bkdy stalo, \u017ee jste se sna\u017eili vysv\u011btlit stav projektu pomoc\u00ed nudn\u00fdch tabulkov\u00fdch p\u0159ehled\u016f, kdy\u017e va\u0161e zainteresovan\u00e9 strany pot\u0159ebovaly vid\u011bt \u010dasov\u00fd harmonogram? N\u00e1\u0161 vizu\u00e1ln\u00ed Gantt\u016fv diagram Leaplytics p\u0159edstavuje \u0159e\u0161en\u00ed, na kter\u00e9 jste \u010dekali. Je to vizu\u00e1l, kter\u00fd jsme si jako profesion\u00e1lov\u00e9 v oblasti \u0159\u00edzen\u00ed projekt\u016f v\u017edy p\u0159\u00e1li, aby existoval, kdy\u017e se sna\u017e\u00edme efektivn\u011b komunikovat o stavu projektu.<\/p>\n<blockquote>\n<p>\"Mo\u017enost zobrazit sprinty a z\u00e1vislosti projektu Azure DevOps pomoc\u00ed spr\u00e1vn\u00e9 Ganttovy vizualizace zp\u016fsobila revoluci v tom, jak prezentujeme stav projektu vedouc\u00edm pracovn\u00edk\u016fm. \u010casov\u00e1 osa je interaktivn\u00ed a nastaven\u00ed bylo neuv\u011b\u0159iteln\u011b snadn\u00e9.\"<br \/>- <strong>Chen L., vedouc\u00ed datov\u00fd analytik<\/strong> <em>(V\u00fdvoj softwaru)<\/em><\/p>\n<\/blockquote>\n<h2 id=\"letter-from-the-ceo\">Dopis gener\u00e1ln\u00edho \u0159editele<\/h2>\n<p>Ahoj v\u0161ichni...<\/p>\n<p>Jsem Stefan, gener\u00e1ln\u00ed \u0159editel spole\u010dnosti LeapLytics.<\/p>\n<p>Vizualizace projekt\u016f v Power BI je ji\u017e n\u011bkolik let p\u0159etrv\u00e1vaj\u00edc\u00edm probl\u00e9mem. Organizace investuj\u00ed velk\u00e9 prost\u0159edky do platforem, jako jsou Microsoft Project, Primavera P6, Jira a Azure DevOps, aby mohly spravovat komplexn\u00ed harmonogramy a z\u00e1vislosti projekt\u016f. Kdy\u017e v\u0161ak tato projektov\u00e1 data vstoup\u00ed do Power BI, st\u00e1vaj\u00ed se z nich ne\u010diteln\u00e9 tabulky nebo vy\u017eaduj\u00ed ru\u010dn\u00ed tvorbu graf\u016f.<\/p>\n<p>Tento nesoulad mezi sofistikovan\u00fdmi n\u00e1stroji pro \u0159\u00edzen\u00ed projekt\u016f a z\u00e1kladn\u00edm projektov\u00fdm reportingem Power BI frustroval nespo\u010det projektov\u00fdch mana\u017eer\u016f p\u0159i prezentac\u00edch pro vedouc\u00ed pracovn\u00edky. Podkop\u00e1v\u00e1 to d\u016fv\u011bryhodnost a zp\u016fsobuje, \u017ee cenn\u00e9 projektov\u00e9 poznatky jsou v dashboardech prakticky neviditeln\u00e9.<\/p>\n<p>Tradi\u010dn\u00ed vizualizace BI jednodu\u0161e nebyly navr\u017eeny pro komplexn\u00ed realitu modern\u00edho \u0159\u00edzen\u00ed projekt\u016f, kde \u00fakoly maj\u00ed z\u00e1vislosti, sledov\u00e1n\u00ed postupu, p\u0159i\u0159azen\u00ed zdroj\u016f a \u010dasov\u00e1 omezen\u00ed. Zde za\u010d\u00edn\u00e1 frustrace.<\/p>\n<p>N\u00e1\u0161 vizu\u00e1ln\u00ed n\u00e1stroj Leaplytics Gantt Chart pro Power BI tento z\u00e1sadn\u00ed probl\u00e9m \u0159e\u0161\u00ed. Jsme p\u0159esv\u011bd\u010deni, \u017ee va\u0161e projektov\u00e1 data by m\u011bla komunikovat jasn\u011b a profesion\u00e1ln\u011b v\u0161ude, v\u010detn\u011b ovl\u00e1dac\u00edch panel\u016f Power BI.<\/p>\n<p>Jde o to, abyste zachovali investice, kter\u00e9 jste vlo\u017eili do sofistikovan\u00e9ho pl\u00e1nov\u00e1n\u00ed projektu, a prezentovali je s vizu\u00e1ln\u00ed p\u0159ehlednost\u00ed, kterou zainteresovan\u00e9 strany o\u010dek\u00e1vaj\u00ed. Tuto vizu\u00e1ln\u00ed prezentaci jsme navrhli tak, aby zvl\u00e1dla slo\u017eitost re\u00e1ln\u00fdch projektov\u00fdch dat a z\u00e1rove\u0148 zachovala jednoduch\u00e9 nastaven\u00ed.<\/p>\n<p>To je n\u00e1\u0161 p\u0159\u00edsp\u011bvek k odstran\u011bn\u00ed no\u010dn\u00ed m\u016fry vizualizace projekt\u016f, kter\u00e1 u\u017eivatele Power BI tr\u00e1pila p\u0159\u00edli\u0161 dlouho.<\/p>\n<p>S pozdravem,<br \/><strong>Stefan Preusler<\/strong><br \/>Spoluzakladatel a gener\u00e1ln\u00ed \u0159editel spole\u010dnosti LeapLytics GmbH<\/p>\n<hr>\n<h2 id=\"ready-to-transform-your-project-visualization-\">Jste p\u0159ipraveni zm\u011bnit vizualizaci sv\u00e9ho projektu?<\/h2>\n<p><a href=\"https:\/\/www.leaplytics.de\/cs\/\"><strong>\u017d\u00e1dost o zku\u0161ebn\u00ed licenci<\/strong><\/a><\/p>\n<h2 id=\"getting-started\">Za\u010d\u00edn\u00e1me<\/h2>\n<p>Z\u00edskali jste \u0159idi\u010dsk\u00fd pr\u016fkaz nebo se jen chcete dozv\u011bd\u011bt v\u00edce?<br \/>Kliknut\u00edm n\u00ed\u017ee z\u00edsk\u00e1te p\u0159\u00edstup k na\u0161emu komplexn\u00edmu pr\u016fvodci:<\/p>\n<p><a href=\"https:\/\/www.leaplytics.de\/cs\/getting-started-gantt-chart-power-bi\/?utm_source=extension&amp;utm_medium=power-bi&amp;utm_campaign=gantt-chart\"><strong>Za\u010d\u00edn\u00e1me - Leaplytics Gantt Chart Visual pro Power BI<\/strong><\/a><\/p>\n<hr>\n<p><em>P\u0159etvo\u0159te sv\u00e1 projektov\u00e1 data do profesion\u00e1ln\u00edch vizualizac\u00ed \u010dasov\u00e9 osy, kter\u00fdm z\u00fa\u010dastn\u011bn\u00e9 strany skute\u010dn\u011b rozum\u00ed.<\/em> <\/p>","protected":false},"excerpt":{"rendered":"<p>It&#39;s straightforward. We empower you to bring your project timelines and schedules to life directly within Power BI. Our Leaplytics Gantt Chart visual transforms complex project data into professional, interactive, and comprehensive timeline visualizations. Display project schedules from Microsoft Project, Primavera P6, Jira, Asana, and Azure DevOps exactly as intended. &quot;Finally, a Gantt chart that &hellip; <\/p>","protected":false},"author":2,"featured_media":0,"parent":0,"menu_order":0,"comment_status":"closed","ping_status":"closed","template":"","meta":{"footnotes":""},"class_list":["post-13808","page","type-page","status-publish","hentry","latest_post"],"_links":{"self":[{"href":"https:\/\/www.leaplytics.de\/cs\/wp-json\/wp\/v2\/pages\/13808","targetHints":{"allow":["GET"]}}],"collection":[{"href":"https:\/\/www.leaplytics.de\/cs\/wp-json\/wp\/v2\/pages"}],"about":[{"href":"https:\/\/www.leaplytics.de\/cs\/wp-json\/wp\/v2\/types\/page"}],"author":[{"embeddable":true,"href":"https:\/\/www.leaplytics.de\/cs\/wp-json\/wp\/v2\/users\/2"}],"replies":[{"embeddable":true,"href":"https:\/\/www.leaplytics.de\/cs\/wp-json\/wp\/v2\/comments?post=13808"}],"version-history":[{"count":1,"href":"https:\/\/www.leaplytics.de\/cs\/wp-json\/wp\/v2\/pages\/13808\/revisions"}],"predecessor-version":[{"id":13809,"href":"https:\/\/www.leaplytics.de\/cs\/wp-json\/wp\/v2\/pages\/13808\/revisions\/13809"}],"wp:attachment":[{"href":"https:\/\/www.leaplytics.de\/cs\/wp-json\/wp\/v2\/media?parent=13808"}],"curies":[{"name":"wp","href":"https:\/\/api.w.org\/{rel}","templated":true}]}}