{"id":14251,"date":"2025-12-05T17:32:08","date_gmt":"2025-12-05T16:32:08","guid":{"rendered":"https:\/\/www.leaplytics.de\/?page_id=14251"},"modified":"2025-12-05T17:49:46","modified_gmt":"2025-12-05T16:49:46","slug":"business-intelligence","status":"publish","type":"page","link":"https:\/\/www.leaplytics.de\/cs\/business-intelligence\/","title":{"rendered":"Business Intelligence"},"content":{"rendered":"<p>Probl\u00e9m je v tom, \u017ee v\u011bt\u0161ina spole\u010dnost\u00ed m\u00e1 data v\u0161ude. Tabulky. Datab\u00e1ze. Cloudov\u00e9 aplikace. Ale m\u00edt data nen\u00ed tot\u00e9\u017e jako je pou\u017e\u00edvat. Pot\u0159ebujete vid\u011bt, co je d\u016fle\u017eit\u00e9. Rychle. Ani\u017e byste se museli hodiny hrabat v p\u0159ehledech. Bez \u010dek\u00e1n\u00ed na to, a\u017e v\u00e1m IT odd\u011blen\u00ed vytvo\u0159\u00ed \u0159\u00eddic\u00ed panel. Bez h\u00e1d\u00e1n\u00ed, jestli jsou va\u0161e projekty na dobr\u00e9 cest\u011b, nebo jsou p\u0159ed krachem.<\/p>\n\n<p>To je to, co business intelligence d\u011bl\u00e1, kdy\u017e je spr\u00e1vn\u011b provedena. Prom\u011bn\u00ed va\u0161e nep\u0159ehledn\u00e1 data v jasn\u00e9 odpov\u011bdi. Na prvn\u00ed pohled.<\/p>\n\n\n<hr class=\"wp-block-separator has-alpha-channel-opacity\"\/>\n\n\n<h2>Co nab\u00edz\u00edme<\/h2>\n\n<p>Vytv\u00e1\u0159\u00edme n\u00e1stroje pro dv\u011b nejv\u00fdkonn\u011bj\u0161\u00ed platformy BI na trhu: <strong>Microsoft Power BI<\/strong> a <strong>Qlik Sense<\/strong>. Nav\u00edc pom\u00e1h\u00e1me firm\u00e1m p\u0159ej\u00edt ze star\u0161\u00edch syst\u00e9m\u016f na modern\u00ed.Bez ohledu na to, jakou platformu pou\u017e\u00edv\u00e1te, je n\u00e1\u0161 c\u00edl jednoduch\u00fd: pom\u00e1h\u00e1me v\u00e1m rychleji p\u0159ij\u00edmat lep\u0161\u00ed rozhodnut\u00ed.<\/p>\n\n\n<hr class=\"wp-block-separator has-alpha-channel-opacity\"\/>\n\n\n<!-- SECTION 1: POWER BI -->\n\n<h2>Aplikace a vizualizace Power BI<\/h2>\n\n<p>Power BI je st\u011b\u017eejn\u00ed analytick\u00fd n\u00e1stroj spole\u010dnosti Microsoft. Pou\u017e\u00edvaj\u00ed ho miliony lid\u00ed. Po vybalen\u00ed z krabice mu v\u0161ak chyb\u00ed n\u011bkter\u00e9 d\u016fle\u017eit\u00e9 vizu\u00e1ln\u00ed prvky pro \u0159\u00edzen\u00ed projekt\u016f a vykazov\u00e1n\u00ed stavu.<\/p>\n\n<p>To jsme opravili.<\/p>\n\n<p>Na\u0161e vizualizace Power BI jsou <strong>Certifik\u00e1t spole\u010dnosti Microsoft<\/strong>. To znamen\u00e1, \u017ee spl\u0148uj\u00ed nejvy\u0161\u0161\u00ed bezpe\u010dnostn\u00ed standardy. Exportuj\u00ed se do form\u00e1tu PDF a PowerPoint. A pracuj\u00ed se v\u0161emi va\u0161imi st\u00e1vaj\u00edc\u00edmi sestavami.<\/p>\n\n<p><a href=\"https:\/\/www.leaplytics.de\/cs\/vizualizace-aplikaci-power-bi\/\">Prozkoumejte v\u0161echny vizualizace Power BI<\/a><\/p>\n\n<hr class=\"wp-block-separator has-alpha-channel-opacity\"\/>\n\n\n<!-- SECTION 2: QLIK SENSE -->\n\n<h2>Roz\u0161\u00ed\u0159en\u00ed a ovl\u00e1dac\u00ed panely Qlik Sense<\/h2>\n\n<p>Qlik Sense je vytvo\u0159en pro zkoum\u00e1n\u00ed. Vy kladete ot\u00e1zky, on hled\u00e1 odpov\u011bdi. Ale pokud jde o vizualizace pro \u0159\u00edzen\u00ed projekt\u016f, pot\u0159ebuje pomoc.<\/p>\n\n<p>Na\u0161e roz\u0161\u00ed\u0159en\u00ed vypl\u0148uj\u00ed mezery. Jsou ur\u010dena pro projektov\u00e9 mana\u017eery, portfolio mana\u017eery a v\u0161echny, kte\u0159\u00ed pot\u0159ebuj\u00ed sledovat stav v\u00edce iniciativ.<\/p>\n\n\n<h3 class=\"wp-block-heading\">Dashboard pro \u0159\u00edzen\u00ed projekt\u016f<\/h3>\n\n\n<p>R\u016fzn\u00ed lid\u00e9 pot\u0159ebuj\u00ed r\u016fzn\u00e9 pohledy. Portfolio mana\u017eer pot\u0159ebuje celkov\u00fd pohled. Projektov\u00fd mana\u017eer pot\u0159ebuje detaily.<\/p>\n\n<p>N\u00e1\u0161 p\u0159\u00edstup zalo\u017een\u00fd na p\u0159\u00edstrojov\u00e9 desce zobrazuje spr\u00e1vn\u00e9 informace spr\u00e1vn\u00fdm lidem na spr\u00e1vn\u00e9 \u00farovni. Jedn\u00edm pohledem zjist\u00edte, \u010demu je t\u0159eba v\u011bnovat pozornost.<\/p>\n\n<ul>\n<li>Zpr\u00e1vy o stavu projektu se semaforem a matic\u00ed rizik<\/li>\n<li>Zobrazen\u00ed miln\u00edk\u016f zobrazuj\u00edc\u00ed dosa\u017een\u00ed c\u00edle<\/li>\n<li>P\u0159\u00edstrojov\u00e9 panely na \u00farovni portfolia pro vedouc\u00ed pracovn\u00edky<\/li>\n<\/ul>\n\n<p><a href=\"https:\/\/www.leaplytics.de\/cs\/titulni-stranka\/ovladaci-panel-pro-rizeni-projektu-qlik-sense\/\">Dal\u0161\u00ed informace o n\u00e1stroji pro \u0159\u00edzen\u00ed projekt\u016f<\/a><\/p>\n\n\n<h3 class=\"wp-block-heading\">Roz\u0161\u00ed\u0159en\u00ed Qlik Sense<\/h3>\n\n\n<p>Ka\u017ed\u00e9 roz\u0161\u00ed\u0159en\u00ed \u0159e\u0161\u00ed konkr\u00e9tn\u00ed probl\u00e9m. M\u016f\u017eete je pou\u017e\u00edvat samostatn\u011b nebo je zkombinovat do kompletn\u00ed sady pro spr\u00e1vu projekt\u016f.<\/p>\n\n<p><a href=\"https:\/\/www.leaplytics.de\/cs\/titulni-stranka\/rozsireni-qlik-sense\/\">Prozkoumejte v\u0161echna roz\u0161\u00ed\u0159en\u00ed Qlik Sense<\/a><\/p>\n\n\n<hr class=\"wp-block-separator has-alpha-channel-opacity\"\/>\n\n<!-- SECTION 3: MIGRATIONS -->\n\n<h2>Migrace QlikView na Power BI<\/h2>\n\n<p>St\u00e1le pou\u017e\u00edv\u00e1te QlikView? Je to solidn\u00ed software. Ale sv\u011bt se posunul d\u00e1l.<\/p>\n\n<p>Power BI se integruje se v\u0161emi n\u00e1stroji spole\u010dnosti Microsoft. B\u011b\u017e\u00ed v cloudu. Dost\u00e1v\u00e1 pravideln\u00e9 aktualizace. A je to m\u00edsto, kde vznik\u00e1 v\u011bt\u0161ina nov\u00fdch projekt\u016f BI.<\/p>\n\n<p>Migrace zn\u00ed d\u011bsiv\u011b. Nemus\u00ed b\u00fdt.<\/p>\n\n\n<h3 class=\"wp-block-heading\">Pro\u010d spole\u010dnosti migruj\u00ed<\/h3>\n\n\n<ul>\n<li><strong>Lep\u0161\u00ed vizualizace:<\/strong> Power BI m\u00e1 modern\u00ed mo\u017enosti vizualizace dat<\/li>\n<li><strong>Integrace se spole\u010dnost\u00ed Microsoft:<\/strong> Bezprobl\u00e9mov\u00e1 spolupr\u00e1ce s aplikacemi Excel, Teams, SharePoint a Azure<\/li>\n<li><strong>Cloud-first:<\/strong> P\u0159\u00edstup ke zpr\u00e1v\u00e1m odkudkoli<\/li>\n<li><strong>\u0160k\u00e1lovatelnost:<\/strong> Roste s va\u0161imi pot\u0159ebami dat<\/li>\n<li><strong>Pravideln\u00e9 aktualizace:<\/strong> Nov\u00e9 funkce ka\u017ed\u00fd m\u011bs\u00edc<\/li>\n<\/ul>\n\n\n<h3 class=\"wp-block-heading\">Co zpracov\u00e1v\u00e1me<\/h3>\n\n\n<ul>\n<li><strong>Vyhodnocen\u00ed \u00fadaj\u016f:<\/strong> Uv\u011bdomte si, co m\u00e1te a co je t\u0159eba p\u0159esunout.<\/li>\n<li><strong>Mapov\u00e1n\u00ed:<\/strong> P\u0159ipojen\u00ed star\u00fdch sestav k nov\u00fdm \u0159\u00eddic\u00edm panel\u016fm<\/li>\n<li><strong>Modelov\u00e1n\u00ed dat:<\/strong> Vytvo\u0159en\u00ed spr\u00e1vn\u00e9 struktury v aplikaci Power BI<\/li>\n<li><strong>Zabezpe\u010den\u00ed:<\/strong> Nastaven\u00ed opr\u00e1vn\u011bn\u00ed, kter\u00e1 odpov\u00eddaj\u00ed va\u0161im pot\u0159eb\u00e1m<\/li>\n<li><strong>\u0160kolen\u00ed:<\/strong> Seznamte sv\u016fj t\u00fdm s nov\u00fdmi n\u00e1stroji<\/li>\n<li><strong>Testov\u00e1n\u00ed:<\/strong> Ne\u017e p\u0159epnete vyp\u00edna\u010d, ujist\u011bte se, \u017ee v\u0161e funguje.<\/li>\n<li><strong>Podpora:<\/strong> Pokud n\u00e1s budete pot\u0159ebovat, jsme tu pro v\u00e1s i po spu\u0161t\u011bn\u00ed.<\/li>\n<\/ul>\n\n<p><a href=\"https:\/\/www.leaplytics.de\/cs\/migrace-qlikview-na-power-bi\/\">Dal\u0161\u00ed informace o migraci QlikView<\/a><\/p>\n\n\n<hr class=\"wp-block-separator has-alpha-channel-opacity\"\/>\n\n\n<h2>Pro\u010d pracovat s n\u00e1mi<\/h2>\n\n<p>N\u00e1stroje BI vytv\u00e1\u0159\u00edme ji\u017e \u0159adu let. Na\u0161e vizualizace pou\u017e\u00edvaj\u00ed spole\u010dnosti po cel\u00e9m sv\u011bt\u011b. V \u010dem se li\u0161\u00edme:<\/p>\n\n<ul>\n<li><strong>Certifikovan\u00e9:<\/strong> Na\u0161e vizualizace Power BI spl\u0148uj\u00ed bezpe\u010dnostn\u00ed standardy spole\u010dnosti Microsoft<\/li>\n<li><strong>Nen\u00ed nutn\u00e9 \u017e\u00e1dn\u00e9 k\u00f3dov\u00e1n\u00ed:<\/strong> V\u0161e funguje prost\u0159ednictv\u00edm konfigurace typu \"uka\u017e a klikni<\/li>\n<li><strong>Vyzkou\u0161ejte p\u0159ed n\u00e1kupem:<\/strong> Bezplatn\u00e9 zku\u0161ebn\u00ed verze v\u0161ech na\u0161ich produkt\u016f<\/li>\n<li><strong>Skute\u010dn\u00e1 podpora:<\/strong> M\u00e1te ot\u00e1zky? Odpov\u00edd\u00e1me na n\u011b<\/li>\n<\/ul>\n\n<p><a href=\"https:\/\/www.leaplytics.de\/cs\/posudky\/\">Pod\u00edvejte se, co \u0159\u00edkaj\u00ed na\u0161i z\u00e1kazn\u00edci<\/a><\/p>\n\n\n<hr class=\"wp-block-separator has-alpha-channel-opacity\"\/>\n\n\n<h2>Jste p\u0159ipraveni za\u010d\u00edt?<\/h2>\n\n<p>Vyberte si platformu. Vyzkou\u0161ejte vizu\u00e1ln\u00ed str\u00e1nku. Zjist\u011bte, zda to vy\u0159e\u0161\u00ed v\u00e1\u0161 probl\u00e9m.<\/p>\n\n<p>M\u00e1te ot\u00e1zky? <a href=\"https:\/\/www.leaplytics.de\/cs\/kontakt\/\">Kontaktujte n\u00e1s<\/a> nebo se pod\u00edvejte na na\u0161e <a href=\"https:\/\/www.leaplytics.de\/cs\/faq\/\">\u010cASTO KLADEN\u00c9 DOTAZY<\/a>.<\/p>","protected":false},"excerpt":{"rendered":"<p>Probl\u00e9m je v tom, \u017ee v\u011bt\u0161ina spole\u010dnost\u00ed m\u00e1 data v\u0161ude. Tabulky. Datab\u00e1ze. Cloudov\u00e9 aplikace. Ale m\u00edt data nen\u00ed tot\u00e9\u017e jako je pou\u017e\u00edvat. Pot\u0159ebujete vid\u011bt, co je d\u016fle\u017eit\u00e9. Rychle. Ani\u017e byste se museli hodiny hrabat v p\u0159ehledech. Bez \u010dek\u00e1n\u00ed na to, a\u017e v\u00e1m IT odd\u011blen\u00ed vytvo\u0159\u00ed \u0159\u00eddic\u00ed panel. Bez h\u00e1d\u00e1n\u00ed, zda jsou va\u0161e projekty na dobr\u00e9 cest\u011b, nebo jsou p\u0159ed krachem. ... <\/p>","protected":false},"author":2,"featured_media":0,"parent":0,"menu_order":0,"comment_status":"closed","ping_status":"closed","template":"","meta":{"footnotes":""},"class_list":["post-14251","page","type-page","status-publish","hentry","latest_post"],"_links":{"self":[{"href":"https:\/\/www.leaplytics.de\/cs\/wp-json\/wp\/v2\/pages\/14251","targetHints":{"allow":["GET"]}}],"collection":[{"href":"https:\/\/www.leaplytics.de\/cs\/wp-json\/wp\/v2\/pages"}],"about":[{"href":"https:\/\/www.leaplytics.de\/cs\/wp-json\/wp\/v2\/types\/page"}],"author":[{"embeddable":true,"href":"https:\/\/www.leaplytics.de\/cs\/wp-json\/wp\/v2\/users\/2"}],"replies":[{"embeddable":true,"href":"https:\/\/www.leaplytics.de\/cs\/wp-json\/wp\/v2\/comments?post=14251"}],"version-history":[{"count":12,"href":"https:\/\/www.leaplytics.de\/cs\/wp-json\/wp\/v2\/pages\/14251\/revisions"}],"predecessor-version":[{"id":14272,"href":"https:\/\/www.leaplytics.de\/cs\/wp-json\/wp\/v2\/pages\/14251\/revisions\/14272"}],"wp:attachment":[{"href":"https:\/\/www.leaplytics.de\/cs\/wp-json\/wp\/v2\/media?parent=14251"}],"curies":[{"name":"wp","href":"https:\/\/api.w.org\/{rel}","templated":true}]}}