{"id":14255,"date":"2025-12-05T17:33:46","date_gmt":"2025-12-05T16:33:46","guid":{"rendered":"https:\/\/www.leaplytics.de\/?page_id=14255"},"modified":"2025-12-19T00:03:08","modified_gmt":"2025-12-18T23:03:08","slug":"umela-inteligence","status":"publish","type":"page","link":"https:\/\/www.leaplytics.de\/cs\/umela-inteligence\/","title":{"rendered":"Um\u011bl\u00e1 inteligence"},"content":{"rendered":"<h2>Um\u011bl\u00e1 inteligence, kter\u00e1 skute\u010dn\u011b funguje pro va\u0161i firmu<\/h2>\n\n<p>V\u0161ichni mluv\u00ed o um\u011bl\u00e9 inteligenci. V\u011bt\u0161ina z nich je jen humbuk. My se zam\u011b\u0159ujeme na to, co skute\u010dn\u011b funguje.<\/p>\n<p>Um\u011bl\u00e1 inteligence je dobr\u00e1 ve specifick\u00fdch v\u011bcech: \u010dten\u00ed dokument\u016f, hled\u00e1n\u00ed vzor\u016f, zpracov\u00e1n\u00ed dat, zvl\u00e1d\u00e1n\u00ed rutinn\u00edch \u00fakol\u016f. V\u011bci, kter\u00e9 denn\u011b zab\u00edraj\u00ed \u010das va\u0161eho t\u00fdmu.<\/p>\n<p>Vytv\u00e1\u0159\u00edme syst\u00e9my um\u011bl\u00e9 inteligence, kter\u00e9 p\u0159esn\u011b tohle d\u011blaj\u00ed. \u017d\u00e1dn\u00e1 magie. \u017d\u00e1dn\u00e1 m\u00f3dn\u00ed slova. Jen praktick\u00e9 n\u00e1stroje, kter\u00e9 zefektivn\u00ed v\u00e1\u0161 t\u00fdm.<\/p>\n\n\n<hr class=\"wp-block-separator has-alpha-channel-opacity\"\/>\n\n\n\n<h3 class=\"wp-block-heading\">Probl\u00e9m, kter\u00fd \u0159e\u0161\u00edme<\/h3>\n\n\n<p>V\u00e1\u0161 t\u00fdm je zanepr\u00e1zdn\u011bn. P\u0159\u00edli\u0161 zanepr\u00e1zdn\u011bn\u00fd.<\/p>\n<p>Chyt\u0159\u00ed lid\u00e9 tr\u00e1v\u00ed hodiny prac\u00ed, kter\u00e1 nepot\u0159ebuje jejich odborn\u00e9 znalosti. \u010cten\u00ed dokument\u016f. Zad\u00e1v\u00e1n\u00edm dat. Odpov\u00edd\u00e1n\u00edm na stejn\u00e9 ot\u00e1zky. Honbou za schv\u00e1len\u00edm. Sestavov\u00e1n\u00ed v\u00fdkaz\u016f.<\/p>\n<p>D\u016fle\u017eit\u00e1 pr\u00e1ce je vyt\u011bsn\u011bna. Strategie trp\u00ed. Anal\u00fdza se usp\u011bch\u00e1. Rozhodnut\u00ed se p\u0159ij\u00edmaj\u00ed bez dostatku informac\u00ed, proto\u017ee je nikdo nestihl naj\u00edt.<\/p>\n<p>Nen\u00ed to probl\u00e9m lid\u00ed. Je to probl\u00e9m objemu. Rutinn\u00ed pr\u00e1ce je prost\u011b p\u0159\u00edli\u0161 mnoho a hodin m\u00e1lo.<\/p>\n\n\n<hr class=\"wp-block-separator has-alpha-channel-opacity\"\/>\n\n\n\n<h3 class=\"wp-block-heading\">Jak AI skute\u010dn\u011b pom\u00e1h\u00e1<\/h3>\n\n\n<p>Um\u011bl\u00e1 inteligence se postar\u00e1 o rutinu, tak\u017ee se v\u00e1\u0161 t\u00fdm m\u016f\u017ee soust\u0159edit na to, co je d\u016fle\u017eit\u00e9.<\/p>\n<p>Vzor je jednoduch\u00fd:<\/p>\n\n<p><strong>P\u0159ich\u00e1zej\u00ed data.<\/strong><br \/>\nDokumenty. E-maily. Formul\u00e1\u0159e. Transakce. V\u011bci, kter\u00e9 ka\u017ed\u00fd den zaplavuj\u00ed va\u0161e syst\u00e9my.<\/p>\n\n<p><strong>Um\u011bl\u00e1 inteligence je zpracov\u00e1v\u00e1.<\/strong><br \/>\nStoj\u00ed v n\u011bm. V\u00fd\u0148atek. Klasifikuje. Kontroluje. Rychleji ne\u017e \u010dlov\u011bk, ani\u017e by se unavil nebo n\u011bco p\u0159ehl\u00e9dl.<\/p>\n\n<p><strong>Vytvo\u0159\u00ed se v\u00fdstup.<\/strong><br \/>\nShrnut\u00ed. Upozorn\u011bn\u00ed. N\u00e1vrhy. Doporu\u010den\u00ed. Informace, kter\u00e9 v\u00e1\u0161 t\u00fdm m\u016f\u017ee skute\u010dn\u011b vyu\u017e\u00edt.<\/p>\n\n<p><strong>P\u0159ij\u00edm\u00e1 se opat\u0159en\u00ed.<\/strong><br \/>\nRutinn\u00ed \u00fakoly prob\u00edhaj\u00ed automaticky. V\u00fdjimky jsou sv\u011b\u0159eny lidem. Spr\u00e1vn\u00ed lid\u00e9 vid\u00ed spr\u00e1vn\u00e9 v\u011bci ve spr\u00e1vn\u00fd \u010das.<\/p>\n\n<p><strong>Zp\u011btn\u00e1 vazba na v\u00fdsledky.<\/strong><br \/>\nSyst\u00e9m se nau\u010d\u00ed, co funguje. Postupem \u010dasu se zlep\u0161uje. Va\u0161e procesy se zlep\u0161uj\u00ed.<\/p>\n\n<p>Nejde o nahrazen\u00ed lid\u00ed. Jde o odstran\u011bn\u00ed pr\u00e1ce, kter\u00e1 by lidi v\u016fbec nem\u011bla pot\u0159ebovat.<\/p>\n\n\n<hr class=\"wp-block-separator has-alpha-channel-opacity\"\/>\n\n\n\n<h3 class=\"wp-block-heading\">Um\u011bl\u00e1 inteligence pro ka\u017ed\u00e9 odd\u011blen\u00ed<\/h3>\n\n\n<p>R\u016fzn\u00e9 t\u00fdmy maj\u00ed r\u016fzn\u00e9 v\u00fdzvy. Ale vzorec je stejn\u00fd: p\u0159\u00edli\u0161 mnoho rutinn\u00ed pr\u00e1ce, m\u00e1lo \u010dasu na to, co je d\u016fle\u017eit\u00e9.<\/p>\n<p>Vytv\u00e1\u0159\u00edme \u0159e\u0161en\u00ed AI na m\u00edru tomu, jak jednotliv\u00e1 odd\u011blen\u00ed skute\u010dn\u011b pracuj\u00ed.<\/p>\n\n\n<hr class=\"wp-block-separator has-alpha-channel-opacity\"\/>\n\n\n\n<h4 class=\"wp-block-heading\">Finance<\/h4>\n\n\n<p>Finan\u010dn\u00ed t\u00fdmy se top\u00ed v dokumentech a datech. Faktury. V\u00fdkazy. Odsouhlasen\u00ed. P\u0159edpov\u011bdi.<\/p>\n<p>Um\u011bl\u00e1 inteligence automaticky \u010dte finan\u010dn\u00ed dokumenty. Zpracov\u00e1v\u00e1 faktury bez ru\u010dn\u00edho zad\u00e1v\u00e1n\u00ed. Vyhled\u00e1v\u00e1 anom\u00e1lie v transakc\u00edch. Navrhuje vysv\u011btlen\u00ed odchylek. P\u0159edpov\u00edd\u00e1 na z\u00e1klad\u011b vzorc\u016f, nikoli odhad\u016f.<\/p>\n<p>V\u00e1\u0161 finan\u010dn\u00ed t\u00fdm p\u0159estane ps\u00e1t a za\u010dne analyzovat.<\/p>\n\n<p><a href=\"https:\/\/www.leaplytics.de\/cs\/finance-ai\/\">Viz UI pro finance \u2192<\/a><\/p>\n\n\n<hr class=\"wp-block-separator has-alpha-channel-opacity\"\/>\n\n\n\n<h4 class=\"wp-block-heading\">Pr\u00e1vn\u00ed \/ Pr\u00e1vo<\/h4>\n\n\n<p>Pr\u00e1vn\u00ed pr\u00e1ce je pr\u00e1ce s textem. Smlouvy. Dokumenty. V\u00fdzkum. Kontrola dodr\u017eov\u00e1n\u00ed p\u0159edpis\u016f.<\/p>\n<p>Um\u011bl\u00e1 inteligence \u010dte smlouvy a vyb\u00edr\u00e1 kl\u00ed\u010dov\u00e1 ustanoven\u00ed. Ozna\u010duje rizika a chyb\u011bj\u00edc\u00ed podm\u00ednky. Prov\u011b\u0159uje dokumenty v r\u00e1mci soudn\u00edch spor\u016f rychleji, ne\u017e by to dok\u00e1zal jak\u00fdkoli t\u00fdm. Navrhuje prvn\u00ed verze standardn\u00edch dokument\u016f. Sleduje zm\u011bny v pr\u00e1vn\u00edch p\u0159edpisech.<\/p>\n<p>Va\u0161i pr\u00e1vn\u00edci se soust\u0159ed\u00ed na \u00fasudek a strategii, nikoli na \u010dten\u00ed ka\u017ed\u00e9 str\u00e1nky.<\/p>\n\n<p><a href=\"https:\/\/www.leaplytics.de\/cs\/pravni-pravo-ai\/\">Viz AI pro pr\u00e1vn\u00ed z\u00e1le\u017eitosti \u2192<\/a><\/p>\n\n\n<hr class=\"wp-block-separator has-alpha-channel-opacity\"\/>\n\n\n\n<h4 class=\"wp-block-heading\">Marketing a prodej<\/h4>\n\n\n<p>Marketingov\u00e9 a prodejn\u00ed t\u00fdmy se donekone\u010dna hon\u00ed za potenci\u00e1ln\u00edmi z\u00e1kazn\u00edky a vytv\u00e1\u0159ej\u00ed obsah. Dal\u0161\u00ed kan\u00e1ly. V\u00edce zpr\u00e1v. V\u00edce dat k anal\u00fdze.<\/p>\n<p>Um\u011bl\u00e1 inteligence vyhodnocuje v\u00fdsledky, tak\u017ee z\u00e1stupci nejprve pracuj\u00ed s t\u011bmi nejlep\u0161\u00edmi. Varianty obsahu p\u0159iprav\u00ed b\u011bhem n\u011bkolika sekund. Segmentuje z\u00e1kazn\u00edky na z\u00e1klad\u011b skute\u010dn\u00e9ho chov\u00e1n\u00ed. P\u0159edpov\u00edd\u00e1 pipeline na z\u00e1klad\u011b dat, ne nad\u011bje. Automaticky optimalizuje kampan\u011b.<\/p>\n<p>V\u00e1\u0161 t\u00fdm m\u00edsto t\u0159\u00edd\u011bn\u00ed a psan\u00ed prod\u00e1v\u00e1 a vytv\u00e1\u0159\u00ed strategie.<\/p>\n\n<p><a href=\"https:\/\/www.leaplytics.de\/cs\/marketing-prodej-ai\/\">Viz AI pro marketing a prodej \u2192<\/a><\/p>\n\n\n<hr class=\"wp-block-separator has-alpha-channel-opacity\"\/>\n\n\n\n<h4 class=\"wp-block-heading\">Lidsk\u00e9 zdroje<\/h4>\n\n\n<p>Person\u00e1ln\u00ed t\u00fdmy se zab\u00fdvaj\u00ed lidmi, ale v\u011bt\u0161inu \u010dasu tr\u00e1v\u00ed pap\u00edrov\u00e1n\u00edm. Aplikace. N\u00e1stup do zam\u011bstn\u00e1n\u00ed. Ot\u00e1zky t\u00fdkaj\u00edc\u00ed se z\u00e1sad. Dodr\u017eov\u00e1n\u00ed p\u0159edpis\u016f.<\/p>\n<p>Um\u011bl\u00e1 inteligence prov\u011b\u0159uje \u017eivotopisy a vyhled\u00e1v\u00e1 nejlep\u0161\u00ed kandid\u00e1ty. Okam\u017eit\u011b odpov\u00edd\u00e1 na ot\u00e1zky zam\u011bstnanc\u016f. Automatizuje kontroln\u00ed seznamy pro n\u00e1stup do zam\u011bstn\u00e1n\u00ed. Sleduje dodr\u017eov\u00e1n\u00ed p\u0159edpis\u016f bez nutnosti manu\u00e1ln\u00ed kontroly. Odhaluje rizika pro udr\u017een\u00ed zam\u011bstnanc\u016f d\u0159\u00edve, ne\u017e lid\u00e9 odejdou.<\/p>\n<p>V\u00e1\u0161 t\u00fdm lidsk\u00fdch zdroj\u016f se soust\u0159ed\u00ed na lidi, ne na pap\u00edrov\u00e1n\u00ed.<\/p>\n\n<p><a href=\"https:\/\/www.leaplytics.de\/cs\/lidske-zdroje-ai\/\">Viz AI pro lidsk\u00e9 zdroje \u2192<\/a><\/p>\n\n\n<hr class=\"wp-block-separator has-alpha-channel-opacity\"\/>\n\n\n\n<h4 class=\"wp-block-heading\">Operace<\/h4>\n\n\n<p>Opera\u010dn\u00ed t\u00fdmy v\u0161e koordinuj\u00ed. Dodavatelsk\u00e9 \u0159et\u011bzce. Pl\u00e1ny. Kvalitu. Tis\u00edce pohybliv\u00fdch \u010d\u00e1st\u00ed, kter\u00e9 mus\u00ed spolupracovat.<\/p>\n<p>AI p\u0159edpov\u00edd\u00e1 popt\u00e1vku a optimalizuje z\u00e1soby. Pl\u00e1nuje zdroje na z\u00e1klad\u011b skute\u010dn\u00fdch omezen\u00ed. Pr\u016fb\u011b\u017en\u011b sleduje kvalitu. Odhaluje \u00fazk\u00e1 m\u00edsta d\u0159\u00edve, ne\u017e se z nich stanou probl\u00e9my. Automaticky vytv\u00e1\u0159\u00ed provozn\u00ed reporty.<\/p>\n<p>V\u00e1\u0161 provozn\u00ed t\u00fdm \u0159e\u0161\u00ed probl\u00e9my, m\u00edsto aby je sledoval.<\/p>\n\n<p><a href=\"https:\/\/www.leaplytics.de\/cs\/operace-ai\/\">Viz UI pro operace \u2192<\/a><\/p>\n\n\n<hr class=\"wp-block-separator has-alpha-channel-opacity\"\/>\n\n\n\n<h4 class=\"wp-block-heading\">Z\u00edsk\u00e1v\u00e1n\u00ed zdroj\u016f a zad\u00e1v\u00e1n\u00ed zak\u00e1zek<\/h4>\n\n\n<p>N\u00e1kupn\u00ed t\u00fdmy nakupuj\u00ed a \u0159\u00edd\u00ed dodavatele. Objedn\u00e1vky. Smlouvy. V\u00fddaje. Rizika. Nikdy nen\u00ed dostatek \u010dasu na strategickou pr\u00e1ci.<\/p>\n<p>Um\u011bl\u00e1 inteligence vyhodnocuje dodavatele a odhaluje rizika. Automaticky zpracov\u00e1v\u00e1 n\u00e1kupn\u00ed objedn\u00e1vky. Sleduje smluvn\u00ed podm\u00ednky a term\u00edny prodlou\u017een\u00ed. Analyzuje v\u00fddaje a hled\u00e1 \u00faspory. Pr\u016fb\u011b\u017en\u011b sleduje v\u00fdkonnost dodavatel\u016f.<\/p>\n<p>V\u00e1\u0161 t\u00fdm pro zad\u00e1v\u00e1n\u00ed zak\u00e1zek vyjedn\u00e1v\u00e1 a vytv\u00e1\u0159\u00ed strategie nam\u00edsto zpracov\u00e1n\u00ed.<\/p>\n\n<p><a href=\"https:\/\/www.leaplytics.de\/cs\/zadavani-verejnych-zakazek-ai\/\">Viz AI pro z\u00edsk\u00e1v\u00e1n\u00ed zdroj\u016f a zad\u00e1v\u00e1n\u00ed ve\u0159ejn\u00fdch zak\u00e1zek \u2192<\/a><\/p>\n\n\n<hr class=\"wp-block-separator has-alpha-channel-opacity\"\/>\n\n\n\n<h3 class=\"wp-block-heading\">Co AI neud\u011bl\u00e1<\/h3>\n\n\n<p>Up\u0159\u00edmn\u011b si uv\u011bdomujeme limity.<\/p>\n<p>Um\u011bl\u00e1 inteligence nenahrazuje v\u00e1\u0161 t\u00fdm. Neposuzuje rozhodnut\u00ed. Ne\u0159e\u0161\u00ed citliv\u00e9 situace, kter\u00e9 vy\u017eaduj\u00ed lidsk\u00fd p\u0159\u00edstup. Nevytv\u00e1\u0159\u00ed strategii ani nevytv\u00e1\u0159\u00ed vztahy.<\/p>\n<p>Um\u011bl\u00e1 inteligence zvl\u00e1d\u00e1 rutinu. \u010cten\u00ed. Zpracov\u00e1n\u00ed. Porovn\u00e1v\u00e1n\u00ed vzor\u016f. Prvn\u00ed n\u00e1vrh.<\/p>\n<p>Va\u0161i lid\u00e9 p\u0159em\u00fd\u0161lej\u00ed, rozhoduj\u00ed a d\u011blaj\u00ed pr\u00e1ci, kter\u00e1 skute\u010dn\u011b vy\u017eaduje jejich odborn\u00e9 znalosti.<\/p>\n<p>To nen\u00ed omezen\u00ed - o to jde. Um\u011bl\u00e1 inteligence d\u011bl\u00e1 to, v \u010dem je dobr\u00e1, aby lid\u00e9 mohli d\u011blat to, v \u010dem jsou dob\u0159\u00ed.<\/p>\n\n\n<hr class=\"wp-block-separator has-alpha-channel-opacity\"\/>\n\n\n\n<h3 class=\"wp-block-heading\">Pro\u010d pracovat s n\u00e1mi<\/h3>\n\n\n<p>Neprod\u00e1v\u00e1me um\u011blou inteligenci pro ni samotnou. \u0158e\u0161\u00edme probl\u00e9my.<\/p>\n\n<p><strong>Pou\u017e\u00edv\u00e1me to, co prod\u00e1v\u00e1me.<\/strong><br \/>\nNa\u0161e vlastn\u00ed podnik\u00e1n\u00ed funguje na um\u011bl\u00e9 inteligenci. Zpracov\u00e1n\u00ed olova. Zpracov\u00e1n\u00ed dokument\u016f. Anal\u00fdza. V\u00edme, co funguje, proto\u017ee jsme na tom ka\u017ed\u00fd den z\u00e1visl\u00ed.<\/p>\n\n<p><strong>Zam\u011b\u0159ujeme se na v\u00fdsledky.<\/strong><br \/>\nNe technologie pro technologii. Pt\u00e1me se: jak\u00e1 pr\u00e1ce v\u00e1m ub\u00edr\u00e1 \u010das? Co se v\u00e1m neda\u0159\u00ed? Pak vytvo\u0159\u00edme um\u011blou inteligenci, kter\u00e1 to naprav\u00ed.<\/p>\n\n<p><strong>Vytv\u00e1\u0159\u00edme pro va\u0161e pracovn\u00ed postupy.<\/strong><br \/>\n\u017d\u00e1dn\u00e9 univerz\u00e1ln\u00ed produkty. Zkoum\u00e1me, jak v\u00e1\u0161 t\u00fdm skute\u010dn\u011b pracuje, a vytv\u00e1\u0159\u00edme syst\u00e9my, kter\u00e9 mu vyhovuj\u00ed.<\/p>\n\n<p><strong>Up\u0159\u00edmn\u011b \u0159\u00edk\u00e1me, \u017ee jsme fit.<\/strong><br \/>\nN\u011bkdy nen\u00ed \u0159e\u0161en\u00edm um\u011bl\u00e1 inteligence. Pokud je v\u00e1\u0161 probl\u00e9m l\u00e9pe \u0159e\u0161iteln\u00fd jin\u00fdm zp\u016fsobem, \u0159ekneme v\u00e1m to.<\/p>\n\n\n<hr class=\"wp-block-separator has-alpha-channel-opacity\"\/>\n\n\n\n<h3 class=\"wp-block-heading\">Jste p\u0159ipraveni zjistit, co je mo\u017en\u00e9?<\/h3>\n\n\n<p>P\u0159em\u00fd\u0161lejte o \u010dase sv\u00e9ho t\u00fdmu.<\/p>\n<p>Jak\u00e9 \u00fakoly se opakuj\u00ed? Kter\u00e1 pr\u00e1ce nepot\u0159ebuje lidskou odbornost, ale p\u0159esto se j\u00ed dost\u00e1v\u00e1? Co vypad\u00e1v\u00e1 z pr\u00e1ce, kdy\u017e je pr\u00e1ce hodn\u011b?<\/p>\n<p>V tom v\u00e1m m\u016f\u017ee pomoci um\u011bl\u00e1 inteligence. Ne jednou. Te\u010f.<\/p>\n<p>Poj\u010fme si promluvit o va\u0161ich konkr\u00e9tn\u00edch probl\u00e9mech a zjistit, zda m\u00e1 AI smysl.<\/p>\n\n<p><a href=\"https:\/\/www.leaplytics.de\/cs\/kontakt\/\">Obra\u0165te se na n\u00e1s<\/a><\/p>","protected":false},"excerpt":{"rendered":"<p>AI That Actually Works for Your Business Everyone talks about AI. Most of it is hype. We focus on what actually works. AI is good at specific things: reading documents, finding patterns, processing data, handling routine tasks. Things that eat up your team&#8217;s time every day. We build AI systems that do exactly that. No &hellip; <\/p>","protected":false},"author":2,"featured_media":0,"parent":0,"menu_order":0,"comment_status":"closed","ping_status":"closed","template":"","meta":{"footnotes":""},"class_list":["post-14255","page","type-page","status-publish","hentry","latest_post"],"_links":{"self":[{"href":"https:\/\/www.leaplytics.de\/cs\/wp-json\/wp\/v2\/pages\/14255","targetHints":{"allow":["GET"]}}],"collection":[{"href":"https:\/\/www.leaplytics.de\/cs\/wp-json\/wp\/v2\/pages"}],"about":[{"href":"https:\/\/www.leaplytics.de\/cs\/wp-json\/wp\/v2\/types\/page"}],"author":[{"embeddable":true,"href":"https:\/\/www.leaplytics.de\/cs\/wp-json\/wp\/v2\/users\/2"}],"replies":[{"embeddable":true,"href":"https:\/\/www.leaplytics.de\/cs\/wp-json\/wp\/v2\/comments?post=14255"}],"version-history":[{"count":14,"href":"https:\/\/www.leaplytics.de\/cs\/wp-json\/wp\/v2\/pages\/14255\/revisions"}],"predecessor-version":[{"id":14420,"href":"https:\/\/www.leaplytics.de\/cs\/wp-json\/wp\/v2\/pages\/14255\/revisions\/14420"}],"wp:attachment":[{"href":"https:\/\/www.leaplytics.de\/cs\/wp-json\/wp\/v2\/media?parent=14255"}],"curies":[{"name":"wp","href":"https:\/\/api.w.org\/{rel}","templated":true}]}}