{"id":14409,"date":"2025-12-18T23:54:54","date_gmt":"2025-12-18T22:54:54","guid":{"rendered":"https:\/\/www.leaplytics.de\/?page_id=14409"},"modified":"2025-12-19T01:47:36","modified_gmt":"2025-12-19T00:47:36","slug":"lidske-zdroje-ai","status":"publish","type":"page","link":"https:\/\/www.leaplytics.de\/cs\/lidske-zdroje-ai\/","title":{"rendered":"Um\u011bl\u00e1 inteligence v oblasti lidsk\u00fdch zdroj\u016f"},"content":{"rendered":"<h2>V\u00e1\u0161 t\u00fdm HR m\u00e1 p\u0159\u00edli\u0161 mnoho pr\u00e1ce. AI m\u016f\u017ee pomoci.<\/h2>\n\n<p>Person\u00e1ln\u00ed pr\u00e1ce je pr\u00e1ce s lidmi. Ale je to tak\u00e9 pap\u00edrov\u00e1n\u00ed. Aplikace. N\u00e1stupn\u00ed dokumenty. Ot\u00e1zky t\u00fdkaj\u00edc\u00ed se z\u00e1sad. \u017d\u00e1dosti o dovolenou. Hodnocen\u00ed v\u00fdkonnosti. Formul\u00e1\u0159e o v\u00fdhod\u00e1ch.<\/p>\n<p>V\u011bt\u0161ina z nich se \u0159\u00edd\u00ed vzory. Prov\u011b\u0159te \u017eivotopis. Odpov\u011bzte na ot\u00e1zku t\u00fdkaj\u00edc\u00ed se politiky. Zpracujte \u017e\u00e1dost. Odesl\u00e1n\u00ed upom\u00ednky. Znovu.<\/p>\n<p>Um\u011bl\u00e1 inteligence je na to stav\u011bn\u00e1. Aplikace \u010dte rychleji ne\u017e \u010dlov\u011bk. Nikdy nezapomene na dal\u0161\u00ed kroky. Poka\u017ed\u00e9 dokonale odpov\u00ed na stejnou ot\u00e1zku.<\/p>\n<p>Nenahrazuje to v\u00e1\u0161 t\u00fdm lidsk\u00fdch zdroj\u016f. Pouze je zrychl\u00ed. \u0158e\u0161\u00ed rutinn\u00ed z\u00e1le\u017eitosti, tak\u017ee se va\u0161i lid\u00e9 mohou soust\u0159edit na to, co je d\u016fle\u017eit\u00e9 - na va\u0161e lidi.<\/p>\n\n\n<hr class=\"wp-block-separator has-alpha-channel-opacity\"\/>\n\n\n\n<h3 class=\"wp-block-heading\">Realita dne\u0161n\u00ed person\u00e1ln\u00ed pr\u00e1ce<\/h3>\n\n\n<p>Person\u00e1ln\u00ed t\u00fdmy jsou p\u0159et\u00ed\u017een\u00e9. Dal\u0161\u00ed n\u00e1bor zam\u011bstnanc\u016f. V\u00edce dodr\u017eov\u00e1n\u00ed p\u0159edpis\u016f. V\u00edce o\u010dek\u00e1v\u00e1n\u00ed zam\u011bstnanc\u016f. M\u00e9n\u011b zdroj\u016f.<\/p>\n<p>Personalist\u00e9 se top\u00ed v \u017eivotopisech na ka\u017edou volnou pozici. Person\u00e1ln\u00ed mana\u017ee\u0159i odpov\u00eddaj\u00ed na st\u00e1le stejn\u00e9 ot\u00e1zky. N\u00e1stup je no\u010dn\u00ed m\u016frou. Hodnocen\u00ed v\u00fdkonnosti se hromad\u00ed.<\/p>\n<p>Strategick\u00e1 pr\u00e1ce je odsunuta stranou. Zku\u0161enosti zam\u011bstnanc\u016f trp\u00ed. Dob\u0159\u00ed kandid\u00e1ti odch\u00e1zej\u00ed, proto\u017ee proces trv\u00e1 p\u0159\u00edli\u0161 dlouho.<\/p>\n<p>Ne proto, \u017ee by lid\u00e9 nebyli dob\u0159\u00ed ve sv\u00e9 pr\u00e1ci. Proto\u017ee je prost\u011b p\u0159\u00edli\u0161 mnoho administrativn\u00ed pr\u00e1ce a m\u00e1lo \u010dasu na lidi.<\/p>\n\n\n<hr class=\"wp-block-separator has-alpha-channel-opacity\"\/>\n\n\n\n<h3 class=\"wp-block-heading\">Kde m\u00e1 um\u011bl\u00e1 inteligence skute\u010dn\u00fd v\u00fdznam<\/h3>\n\n\n<p>Um\u011bl\u00e1 inteligence funguje nejl\u00e9pe tam, kde se pr\u00e1ce opakuje a kde jsou jasn\u00e9 vzory. HR m\u00e1 oboj\u00ed.<\/p>\n<p>Zde je p\u011bt oblast\u00ed, ve kter\u00fdch AI p\u0159in\u00e1\u0161\u00ed skute\u010dn\u00e9 v\u00fdsledky - ne reklamn\u00ed \u0161umy, ale skute\u010dn\u00e9 \u00faspory \u010dasu a lep\u0161\u00ed v\u00fdsledky.<\/p>\n\n\n<hr class=\"wp-block-separator has-alpha-channel-opacity\"\/>\n\n\n\n<h4 class=\"wp-block-heading\">1. N\u00e1bor a z\u00edsk\u00e1v\u00e1n\u00ed talent\u016f<\/h4>\n\n\n<p>Na ka\u017edou volnou pozici se hl\u00e1s\u00ed stovky uchaze\u010d\u016f. N\u011bkdo je mus\u00ed v\u0161echny p\u0159e\u010d\u00edst. Prov\u011b\u0159it kvalifikaci. Napl\u00e1novat pohovory. Nav\u00e1zat kontakt s kandid\u00e1ty.<\/p>\n<p>Dob\u0159\u00ed kandid\u00e1ti nebudou \u010dekat. Zat\u00edmco vy je\u0161t\u011b prov\u011b\u0159ujete, oni u\u017e p\u0159ijali jinou nab\u00eddku.<\/p>\n\n\n<h5 class=\"wp-block-heading\">Co d\u011bl\u00e1 um\u011bl\u00e1 inteligence<\/h5>\n\n\n<p><strong>Obrazovky se automaticky obnov\u00ed.<\/strong><br \/>\nDovednosti. Zku\u0161enosti. Kvalifikace. Um\u011bl\u00e1 inteligence p\u0159e\u010dte ka\u017edou \u017e\u00e1dost a se\u0159ad\u00ed kandid\u00e1ty podle vhodnosti. Nejlep\u0161\u00ed kandid\u00e1ti se okam\u017eit\u011b objev\u00ed.<\/p>\n\n<p><strong>p\u0159i\u0159azuje kandid\u00e1ty k rol\u00edm.<\/strong><br \/>\nNejen kl\u00ed\u010dov\u00e1 slova - skute\u010dn\u00fd fit. Um\u011bl\u00e1 inteligence rozum\u00ed po\u017eadavk\u016fm na pracovn\u00ed m\u00edsto a vyhled\u00e1v\u00e1 kandid\u00e1ty, jejich\u017e zku\u0161enosti jim skute\u010dn\u011b odpov\u00eddaj\u00ed.<\/p>\n\n<p><strong>Automaticky pl\u00e1nuje rozhovory.<\/strong><br \/>\nKandid\u00e1t si vybere \u010das. Kalend\u00e1\u0159 zkontroluje dostupnost. Rozhovor je rezervov\u00e1n. \u017d\u00e1dn\u00e9 e-maily.<\/p>\n\n<p><strong>Odpov\u011bdi na ot\u00e1zky kandid\u00e1t\u016f.<\/strong><br \/>\n\"Jak prob\u00edh\u00e1 pohovor?\" \"Jak\u00e9 nab\u00edz\u00edte benefity?\" Um\u011bl\u00e1 inteligence odpov\u00edd\u00e1 okam\u017eit\u011b, 24 hodin denn\u011b, 7 dn\u00ed v t\u00fddnu. Uchaze\u010di se c\u00edt\u00ed zapojeni.<\/p>\n\n<p><strong>Optimalizuje zve\u0159ej\u0148ov\u00e1n\u00ed pracovn\u00edch nab\u00eddek.<\/strong><br \/>\nNa z\u00e1klad\u011b toho, co p\u0159itahuje kvalifikovan\u00e9 uchaze\u010de, navrhne um\u011bl\u00e1 inteligence vylep\u0161en\u00ed popis\u016f va\u0161ich pracovn\u00edch pozic.<\/p>\n\n\n<h5 class=\"wp-block-heading\">Co to pro v\u00e1s znamen\u00e1<\/h5>\n\n\n<ul>\n<li><strong>Pro \u0159editele lidsk\u00fdch zdroj\u016f:<\/strong> Rychlej\u0161\u00ed doba pot\u0159ebn\u00e1 k n\u00e1boru. Ni\u017e\u0161\u00ed n\u00e1klady na jednoho zam\u011bstnance. Lep\u0161\u00ed zku\u0161enosti s uchaze\u010di. Men\u0161\u00ed vyho\u0159en\u00ed n\u00e1bor\u00e1\u0159\u016f.<\/li>\n<li><strong>Pro n\u00e1bor\u00e1\u0159e:<\/strong> P\u0159esta\u0148te \u010d\u00edst stovky nekvalifikovan\u00fdch \u017eivotopis\u016f. Zam\u011b\u0159te se na pohovory se skv\u011bl\u00fdmi kandid\u00e1ty a jejich uzav\u00edr\u00e1n\u00ed.<\/li>\n<li><strong>Pro mana\u017eery n\u00e1boru:<\/strong> Rychleji se seznamte s kvalifikovan\u00fdmi kandid\u00e1ty. Obsazujte pozice d\u0159\u00edve, ne\u017e se projekty zastav\u00ed.<\/li>\n<\/ul>\n\n<p><a href=\"https:\/\/www.leaplytics.de\/cs\/nabor-talentu-ai\/\">Dal\u0161\u00ed informace o AI pro n\u00e1bor a z\u00edsk\u00e1v\u00e1n\u00ed talent\u016f \u2192<\/a><\/p>\n\n\n<hr class=\"wp-block-separator has-alpha-channel-opacity\"\/>\n\n\n\n<h4 class=\"wp-block-heading\">2. N\u00e1stup zam\u011bstnanc\u016f<\/h4>\n\n\n<p>Nov\u00ed zam\u011bstnanci znamenaj\u00ed pap\u00edrov\u00e1n\u00ed. Da\u0148ov\u00e9 formul\u00e1\u0159e. P\u0159ihla\u0161ov\u00e1n\u00ed k benefit\u016fm. \u017d\u00e1dosti o vybaven\u00ed. P\u0159id\u011blen\u00ed \u0161kolen\u00ed. Potvrzen\u00ed o p\u0159ijet\u00ed z\u00e1sad.<\/p>\n<p>Pokud je n\u00e1stup do zam\u011bstn\u00e1n\u00ed nep\u0159ehledn\u00fd, nov\u00ed zam\u011bstnanci se c\u00edt\u00ed ztraceni. Na prvn\u00edm dojmu z\u00e1le\u017e\u00ed - a ten je \u010dasto hrozn\u00fd.<\/p>\n\n\n<h5 class=\"wp-block-heading\">Co d\u011bl\u00e1 um\u011bl\u00e1 inteligence<\/h5>\n\n\n<p><strong>Automaticky zpracov\u00e1v\u00e1 dokumenty.<\/strong><br \/>\nP\u0159edlo\u017een\u00e9 formul\u00e1\u0159e. Z\u00edskan\u00e1 data. Informace sm\u011brov\u00e1ny do spr\u00e1vn\u00fdch syst\u00e9m\u016f. \u017d\u00e1dn\u00e9 ru\u010dn\u00ed zad\u00e1v\u00e1n\u00ed dat.<\/p>\n\n<p><strong>P\u0159i\u0159ad\u00ed \u0161kolen\u00ed automaticky.<\/strong><br \/>\nNa z\u00e1klad\u011b role, um\u00edst\u011bn\u00ed a po\u017eadavk\u016f vytv\u00e1\u0159\u00ed um\u011bl\u00e1 inteligence personalizovan\u00e9 pl\u00e1ny n\u00e1stupu. Nic nezme\u0161k\u00e1te.<\/p>\n\n<p><strong>Dokon\u010den\u00ed stop.<\/strong><br \/>\nKter\u00e9 \u00fakoly jsou hotov\u00e9? Jak\u00e9 \u00fakoly \u010dekaj\u00ed na spln\u011bn\u00ed? Um\u011bl\u00e1 inteligence sleduje pokrok a automaticky zas\u00edl\u00e1 upom\u00ednky.<\/p>\n\n<p><strong>Odpov\u00edd\u00e1 na ot\u00e1zky nov\u00fdch zam\u011bstnanc\u016f.<\/strong><br \/>\n\"Kde m\u00e1m zaparkovat?\" \"Jak nastav\u00edm e-mail?\" \"Kdy za\u010d\u00ednaj\u00ed d\u00e1vky?\" Um\u011bl\u00e1 inteligence odpov\u00edd\u00e1 okam\u017eit\u011b a poskytuje p\u0159esn\u00e9 informace.<\/p>\n\n<p><strong>Vytv\u00e1\u0159\u00ed konzistentn\u00ed z\u00e1\u017eitky.<\/strong><br \/>\nKa\u017ed\u00fd nov\u00fd zam\u011bstnanec dostane stejn\u011b kvalitn\u00ed onboarding. U\u017e \u017e\u00e1dn\u00e9 \"z\u00e1le\u017e\u00ed na tom, kdo v\u00e1m pomohl\".<\/p>\n\n\n<h5 class=\"wp-block-heading\">Co to pro v\u00e1s znamen\u00e1<\/h5>\n\n\n<ul>\n<li><strong>Pro \u0159editele lidsk\u00fdch zdroj\u016f:<\/strong> D\u016fsledn\u00fd onboarding ve velk\u00e9m m\u011b\u0159\u00edtku. Rychlej\u0161\u00ed dosa\u017een\u00ed produktivity. Lep\u0161\u00ed udr\u017een\u00ed nov\u00fdch zam\u011bstnanc\u016f.<\/li>\n<li><strong>Pro mana\u017eery lidsk\u00fdch zdroj\u016f:<\/strong> P\u0159esta\u0148te se honit za pap\u00edrov\u00e1n\u00edm. Zam\u011b\u0159te se na to, aby se nov\u00ed zam\u011bstnanci c\u00edtili v\u00edt\u00e1ni.<\/li>\n<li><strong>Pro nov\u00e9 zam\u011bstnance:<\/strong> Jasn\u00fd postup. Rychl\u00e9 odpov\u011bdi. Profesion\u00e1ln\u00ed zku\u0161enosti od prvn\u00edho dne.<\/li>\n<\/ul>\n\n<p><a href=\"https:\/\/www.leaplytics.de\/cs\/onboarding-zamestnancu-ai\/\">Dal\u0161\u00ed informace o AI pro n\u00e1stup zam\u011bstnanc\u016f \u2192<\/a><\/p>\n\n\n<hr class=\"wp-block-separator has-alpha-channel-opacity\"\/>\n\n\n\n<h4 class=\"wp-block-heading\">3. Samoobsluha a podpora zam\u011bstnanc\u016f<\/h4>\n\n\n<p>Zam\u011bstnanci maj\u00ed ot\u00e1zky. O z\u00e1sad\u00e1ch. O benefitech. O dovolen\u00e9. O v\u00fddaj\u00edch. O v\u0161em.<\/p>\n<p>Person\u00e1ln\u00ed odd\u011blen\u00ed odpov\u00edd\u00e1 na stejn\u00e9 ot\u00e1zky stokr\u00e1t. Zam\u011bstnanci mezit\u00edm \u010dekaj\u00ed na odpov\u011bdi na jednoduch\u00e9 v\u011bci.<\/p>\n\n\n<h5 class=\"wp-block-heading\">Co d\u011bl\u00e1 um\u011bl\u00e1 inteligence<\/h5>\n\n\n<p><strong>Okam\u017eit\u00e9 odpov\u011bdi na ot\u00e1zky t\u00fdkaj\u00edc\u00ed se z\u00e1sad.<\/strong><br \/>\n\"Kolik dn\u00ed dovolen\u00e9 m\u00e1m?\" \"Jak\u00fd je limit v\u00fddaj\u016f?\" \"Jak mohu po\u017e\u00e1dat o rodi\u010dovskou dovolenou?\" UI zn\u00e1 va\u0161e z\u00e1sady a p\u0159esn\u011b odpov\u00edd\u00e1.<\/p>\n\n<p><strong>Zpracov\u00e1v\u00e1 b\u011b\u017en\u00e9 po\u017eadavky.<\/strong><br \/>\n\u017d\u00e1dosti o dovolenou. Zm\u011bny adresy. \u017d\u00e1dosti o doklady. UI vy\u0159izuje standardn\u00ed \u017e\u00e1dosti bez \u00fa\u010dasti person\u00e1ln\u00edho odd\u011blen\u00ed.<\/p>\n\n<p><strong>Prov\u00e1z\u00ed zam\u011bstnance procesy.<\/strong><br \/>\nPomoc krok za krokem p\u0159i registraci benefit\u016f, zad\u00e1v\u00e1n\u00ed v\u00fddaj\u016f nebo p\u0159i jak\u00e9mkoli procesu v oblasti lidsk\u00fdch zdroj\u016f. \u017d\u00e1dn\u00e9 zmatky.<\/p>\n\n<p><strong>V p\u0159\u00edpad\u011b pot\u0159eby eskaluje situaci.<\/strong><br \/>\nSlo\u017eit\u00e1 situace? Citliv\u00fd probl\u00e9m? Um\u011bl\u00e1 inteligence rozpozn\u00e1 limity a p\u0159epoj\u00ed se na \u010dlov\u011bka s kontextem.<\/p>\n\n<p><strong>K dispozici 24 hodin denn\u011b, 7 dn\u00ed v t\u00fddnu.<\/strong><br \/>\nZam\u011bstnanci v r\u016fzn\u00fdch \u010dasov\u00fdch p\u00e1smech. Ot\u00e1zky v noci. Um\u011bl\u00e1 inteligence je v\u017edy k dispozici.<\/p>\n\n\n<h5 class=\"wp-block-heading\">Co to pro v\u00e1s znamen\u00e1<\/h5>\n\n\n<ul>\n<li><strong>Pro \u0159editele lidsk\u00fdch zdroj\u016f:<\/strong> Sn\u00ed\u017een\u00ed objemu letenek HR. V\u011bt\u0161\u00ed spokojenost zam\u011bstnanc\u016f. Zam\u011b\u0159en\u00ed HR t\u00fdmu na strategickou pr\u00e1ci.<\/li>\n<li><strong>Pro mana\u017eery lidsk\u00fdch zdroj\u016f:<\/strong> P\u0159esta\u0148te odpov\u00eddat na stejn\u00e9 ot\u00e1zky. Vy\u0159izujte v\u00fdjimky, ne rutinn\u00ed dotazy.<\/li>\n<li><strong>Pro zam\u011bstnance:<\/strong> Okam\u017eit\u00e9 odpov\u011bdi. \u017d\u00e1dn\u00e9 \u010dek\u00e1n\u00ed. Jasn\u00e9 pokyny, kdy\u017e je pot\u0159ebuj\u00ed.<\/li>\n<\/ul>\n\n<p><a href=\"https:\/\/www.leaplytics.de\/cs\/podpora-samoobsluhy-pro-zamestnance-ai\/\">Dal\u0161\u00ed informace o AI pro samoobsluhu zam\u011bstnanc\u016f \u2192<\/a><\/p>\n\n\n<hr class=\"wp-block-separator has-alpha-channel-opacity\"\/>\n\n\n\n<h4 class=\"wp-block-heading\">4. \u0158\u00edzen\u00ed v\u00fdkonu a anal\u00fdza<\/h4>\n\n\n<p>Hodnocen\u00ed v\u00fdkonnosti trv\u00e1 v\u011b\u010dnost. Shroma\u017e\u010fov\u00e1n\u00ed zp\u011btn\u00e9 vazby. Anal\u00fdza vzorc\u016f. Identifikace probl\u00e9m\u016f. Psan\u00ed shrnut\u00ed.<\/p>\n<p>A ne\u017e dojde k p\u0159ezkoum\u00e1n\u00ed, probl\u00e9my u\u017e n\u011bkolik m\u011bs\u00edc\u016f hnisaj\u00ed.<\/p>\n\n\n<h5 class=\"wp-block-heading\">Co d\u011bl\u00e1 um\u011bl\u00e1 inteligence<\/h5>\n\n\n<p><strong>Analyzuje vzorce zp\u011btn\u00e9 vazby.<\/strong><br \/>\n360 recenz\u00ed. Odpov\u011bdi z pr\u016fzkumu. Pozn\u00e1mky mana\u017eer\u016f. UI identifikuje t\u00e9mata a trendy nap\u0159\u00ed\u010d zp\u011btnou vazbou.<\/p>\n\n<p><strong>Identifikuje nedostatky v dovednostech.<\/strong><br \/>\nNa z\u00e1klad\u011b \u00fadaj\u016f o v\u00fdkonnosti a po\u017eadavk\u016f na role um\u011bl\u00e1 inteligence zjist\u00ed, kde je t\u0159eba prov\u00e9st v\u00fdvoj.<\/p>\n\n<p><strong>P\u0159edpov\u00edd\u00e1 rizika zadr\u017een\u00ed.<\/strong><br \/>\nKles\u00e1 anga\u017eovanost? M\u011bn\u00ed se vzorce v\u00fdkonu? Um\u011bl\u00e1 inteligence odhal\u00ed varovn\u00e9 sign\u00e1ly d\u0159\u00edve, ne\u017e zam\u011bstnanci odejdou.<\/p>\n\n<p><strong>Generuje shrnut\u00ed recenz\u00ed.<\/strong><br \/>\nUI na z\u00e1klad\u011b shrom\u00e1\u017ed\u011bn\u00fdch \u00fadaj\u016f vypracov\u00e1v\u00e1 shrnut\u00ed v\u00fdkonnosti. Mana\u017ee\u0159i si je prohl\u00e9dnou a p\u0159izp\u016fsob\u00ed.<\/p>\n\n<p><strong>Sleduje c\u00edle a pokrok.<\/strong><br \/>\nSledov\u00e1n\u00ed c\u00edle. P\u0159ipomenut\u00ed miln\u00edk\u016f. Viditelnost pokroku. Um\u011bl\u00e1 inteligence udr\u017euje \u0159\u00edzen\u00ed v\u00fdkonu na spr\u00e1vn\u00e9 cest\u011b.<\/p>\n\n\n<h5 class=\"wp-block-heading\">Co to pro v\u00e1s znamen\u00e1<\/h5>\n\n\n<ul>\n<li><strong>Pro \u0159editele lidsk\u00fdch zdroj\u016f:<\/strong> Rozhodov\u00e1n\u00ed o talentech na z\u00e1klad\u011b dat. V\u010dasn\u00e9 varov\u00e1n\u00ed p\u0159ed udr\u017een\u00edm zam\u011bstnanc\u016f. Rozvojov\u00e9 programy, kter\u00e9 \u0159e\u0161\u00ed skute\u010dn\u00e9 nedostatky.<\/li>\n<li><strong>Pro mana\u017eery:<\/strong> M\u00e9n\u011b \u010dasu na revizn\u00ed pap\u00edrov\u00e1n\u00ed. Lep\u0161\u00ed p\u0159ehled o v\u00fdkonnosti t\u00fdmu. D\u0159\u00edv\u011bj\u0161\u00ed odhalen\u00ed probl\u00e9m\u016f.<\/li>\n<li><strong>Pro zam\u011bstnance:<\/strong> Jasn\u011bj\u0161\u00ed zp\u011btn\u00e1 vazba. V\u00fdvoj v souladu s aktu\u00e1ln\u00edmi pot\u0159ebami. C\u00edle, kter\u00e9 z\u016fst\u00e1vaj\u00ed viditeln\u00e9.<\/li>\n<\/ul>\n\n<p><a href=\"https:\/\/www.leaplytics.de\/cs\/analytika-rizeni-vykonnosti-ai\/\">Dal\u0161\u00ed informace o AI pro \u0159\u00edzen\u00ed v\u00fdkonu \u2192<\/a><\/p>\n\n\n<hr class=\"wp-block-separator has-alpha-channel-opacity\"\/>\n\n\n\n<h4 class=\"wp-block-heading\">5. Spr\u00e1va lidsk\u00fdch zdroj\u016f a dodr\u017eov\u00e1n\u00ed p\u0159edpis\u016f<\/h4>\n\n\n<p>Person\u00e1ln\u00ed odd\u011blen\u00ed funguje na z\u00e1klad\u011b dokument\u016f a pravidel. Soubory zam\u011bstnanc\u016f. Po\u017eadavky na dodr\u017eov\u00e1n\u00ed p\u0159edpis\u016f. Aktualizace z\u00e1sad. Ohla\u0161ovac\u00ed povinnosti.<\/p>\n<p>Zme\u0161k\u00e1n\u00ed n\u011b\u010deho m\u016f\u017ee b\u00fdt drah\u00e9. Audity jsou stresuj\u00edc\u00ed. Dodr\u017eov\u00e1n\u00ed p\u0159edpis\u016f je pr\u00e1ce na pln\u00fd \u00favazek.<\/p>\n\n\n<h5 class=\"wp-block-heading\">Co d\u011bl\u00e1 um\u011bl\u00e1 inteligence<\/h5>\n\n\n<p><strong>Organizuje dokumenty zam\u011bstnanc\u016f.<\/strong><br \/>\nSmlouvy. Certifikace. Z\u00e1znamy o \u0161kolen\u00ed. UI v\u0161e spr\u00e1vn\u011b zalo\u017e\u00ed a zajist\u00ed, aby to bylo mo\u017en\u00e9 naj\u00edt.<\/p>\n\n<p><strong>Sleduje po\u017eadavky na dodr\u017eov\u00e1n\u00ed p\u0159edpis\u016f.<\/strong><br \/>\nKon\u010d\u00ed platnost certifik\u00e1t\u016f? M\u00e1te zpo\u017ed\u011bn\u00e9 \u0161kolen\u00ed? Chyb\u00ed po\u017eadovan\u00e9 dokumenty? AI monitoruje a upozor\u0148uje.<\/p>\n\n<p><strong>sleduje zm\u011bny pr\u00e1vn\u00edch p\u0159edpis\u016f.<\/strong><br \/>\nAktualizace pracovn\u00edho pr\u00e1va? Nov\u00fd po\u017eadavek na dodr\u017eov\u00e1n\u00ed p\u0159edpis\u016f? UI sleduje zm\u011bny, kter\u00e9 maj\u00ed vliv na va\u0161e z\u00e1sady.<\/p>\n\n<p><strong>Generuje zpr\u00e1vy o lidsk\u00fdch zdroj\u00edch.<\/strong><br \/>\nPo\u010det zam\u011bstnanc\u016f. Fluktuace. Ukazatele rozmanitosti. Stav dodr\u017eov\u00e1n\u00ed p\u0159edpis\u016f. UI vytv\u00e1\u0159\u00ed reporty automaticky.<\/p>\n\n<p><strong>Prov\u00e1d\u00ed audity dokumentace.<\/strong><br \/>\nJsou slo\u017eky zam\u011bstnanc\u016f \u00fapln\u00e9? Jsou podeps\u00e1na po\u017eadovan\u00e1 potvrzen\u00ed? UI kontroluje a ozna\u010duje nedostatky.<\/p>\n\n\n<h5 class=\"wp-block-heading\">Co to pro v\u00e1s znamen\u00e1<\/h5>\n\n\n<ul>\n<li><strong>Pro \u0159editele lidsk\u00fdch zdroj\u016f:<\/strong> Z\u00e1znamy p\u0159ipraven\u00e9 k auditu. Sn\u00ed\u017een\u00ed rizika nedodr\u017een\u00ed p\u0159edpis\u016f. Jasn\u00fd p\u0159ehled o metrik\u00e1ch lidsk\u00fdch zdroj\u016f.<\/li>\n<li><strong>Pro mana\u017eery lidsk\u00fdch zdroj\u016f:<\/strong> P\u0159esta\u0148te hledat dokumenty. V\u011b\u0159te, \u017ee dodr\u017eov\u00e1n\u00ed p\u0159edpis\u016f je sledov\u00e1no. Zam\u011b\u0159te se na lidi, ne na pap\u00edrov\u00e1n\u00ed.<\/li>\n<li><strong>Pro podnikatele:<\/strong> Sn\u00ed\u017een\u00ed pr\u00e1vn\u00edho rizika. Spr\u00e1vn\u00e1 dokumentace. D\u016fkaz, \u017ee d\u011bl\u00e1te v\u011bci spr\u00e1vn\u011b.<\/li>\n<\/ul>\n\n<p><em>D\u016fle\u017eit\u00e9: UI zvl\u00e1d\u00e1 administrativu, ale posouzen\u00ed lidsk\u00fdch zdroj\u016f v z\u00e1le\u017eitostech lid\u00ed z\u016fst\u00e1v\u00e1 z\u00e1sadn\u00ed. Citliv\u00e1 rozhodnut\u00ed v\u017edy vy\u017eaduj\u00ed \u00fa\u010dast \u010dlov\u011bka.<\/em><\/p>\n\n<p><a href=\"https:\/\/www.leaplytics.de\/cs\/dodrzovani-predpisu-v-oblasti-spravy-lidskych-zdroju-ai\/\">Dal\u0161\u00ed informace o AI pro spr\u00e1vu lidsk\u00fdch zdroj\u016f a dodr\u017eov\u00e1n\u00ed p\u0159edpis\u016f \u2192<\/a><\/p>\n\n\n<hr class=\"wp-block-separator has-alpha-channel-opacity\"\/>\n\n\n\n<h3 class=\"wp-block-heading\">Co AI neud\u011bl\u00e1<\/h3>\n\n\n<p>\u0158ekn\u011bme si jasn\u011b, jak\u00e9 jsou limity.<\/p>\n<p>Um\u011bl\u00e1 inteligence nenahrazuje odborn\u00edky na lidsk\u00e9 zdroje. Nem\u00e1 mo\u017enost v\u00e9st obt\u00ed\u017enou konverzaci. Ne\u0159e\u0161\u00ed citliv\u00e9 situace zam\u011bstnanc\u016f. Nerozhoduje o kari\u00e9\u0159e lid\u00ed.<\/p>\n<p>Zvl\u00e1d\u00e1 rutinu. Prov\u011brka. Pl\u00e1nov\u00e1n\u00ed. Politick\u00e9 ot\u00e1zky. Sledov\u00e1n\u00ed dokument\u016f.<\/p>\n<p>V\u00e1\u0161 t\u00fdm lidsk\u00fdch zdroj\u016f st\u00e1le vykon\u00e1v\u00e1 lidskou pr\u00e1ci. Jen ji d\u011blaj\u00ed l\u00e9pe, proto\u017ee jim odpad\u00e1 administrativn\u00ed z\u00e1t\u011b\u017e.<\/p>\n\n\n<hr class=\"wp-block-separator has-alpha-channel-opacity\"\/>\n\n\n\n<h3 class=\"wp-block-heading\">Podtr\u017eeno, se\u010dteno<\/h3>\n\n\n<p>HR t\u00fdmy, kter\u00e9 dob\u0159e vyu\u017e\u00edvaj\u00ed AI, nepracuj\u00ed m\u00e9n\u011b. Pracuj\u00ed jinak.<\/p>\n<p>M\u00edsto toho, aby prov\u011b\u0159ovali stovky \u017eivotopis\u016f, d\u011blaj\u00ed pohovory se skv\u011bl\u00fdmi kandid\u00e1ty. M\u00edsto odpov\u00edd\u00e1n\u00ed na opakuj\u00edc\u00ed se ot\u00e1zky \u0159e\u0161\u00ed skute\u010dn\u00e9 probl\u00e9my zam\u011bstnanc\u016f. Nam\u00edsto pap\u00edrov\u00e1n\u00ed se soust\u0159ed\u00ed na lidi.<\/p>\n<p>V\u00fdsledek:<\/p>\n<ul>\n<li>Rychlej\u0161\u00ed n\u00e1bor lep\u0161\u00edch kandid\u00e1t\u016f<\/li>\n<li>Lep\u0161\u00ed zku\u0161enosti zam\u011bstnanc\u016f<\/li>\n<li>Ni\u017e\u0161\u00ed administrativn\u00ed n\u00e1klady<\/li>\n<li>Odborn\u00edci na lidsk\u00e9 zdroje vykon\u00e1vaj\u00ed pr\u00e1ci, kter\u00e1 skute\u010dn\u011b pot\u0159ebuje jejich odborn\u00e9 znalosti.<\/li>\n<li>Dodr\u017eov\u00e1n\u00ed p\u0159edpis\u016f bez neust\u00e1l\u00e9ho stresu<\/li>\n<\/ul>\n<p>Nejde o to, abyste nahradili sv\u016fj t\u00fdm. Jde o to, aby byl efektivn\u011bj\u0161\u00ed.<\/p>\n\n\n<hr class=\"wp-block-separator has-alpha-channel-opacity\"\/>\n\n\n\n<h3 class=\"wp-block-heading\">Jste p\u0159ipraveni zjistit, co je mo\u017en\u00e9?<\/h3>\n\n\n<p>Ka\u017ed\u00fd t\u00fdm lidsk\u00fdch zdroj\u016f je jin\u00fd. Va\u0161e procesy nejsou stejn\u00e9 jako u ostatn\u00edch. Va\u0161e z\u00e1sady maj\u00ed sv\u00e9 vlastn\u00ed zvl\u00e1\u0161tnosti. Va\u0161e priority z\u00e1vis\u00ed na va\u0161\u00ed firm\u011b.<\/p>\n<p>Neprod\u00e1v\u00e1me univerz\u00e1ln\u00ed \u0159e\u0161en\u00ed. Zab\u00fdv\u00e1me se va\u0161imi specifick\u00fdmi probl\u00e9my v oblasti lidsk\u00fdch zdroj\u016f. Zji\u0161\u0165ujeme, kde m\u016f\u017ee um\u011bl\u00e1 inteligence skute\u010dn\u011b pomoci. Vytv\u00e1\u0159\u00edme syst\u00e9my, kter\u00e9 odpov\u00eddaj\u00ed tomu, jak pracujete.<\/p>\n<p>\u017d\u00e1dn\u00fd humbuk. \u017d\u00e1dn\u00e9 sliby, kter\u00e9 nem\u016f\u017eeme splnit. Jen praktick\u00e1 um\u011bl\u00e1 inteligence, kter\u00e1 zefektivn\u00ed v\u00e1\u0161 t\u00fdm HR.<\/p>\n\n<p><a href=\"https:\/\/www.leaplytics.de\/cs\/kontakt\/\">Poj\u010fme si promluvit o va\u0161ich person\u00e1ln\u00edch operac\u00edch<\/a><\/p>\n\n<p><a href=\"https:\/\/www.leaplytics.de\/cs\/umela-inteligence\/\">Zobrazit v\u0161echny slu\u017eby AI<\/a><\/p>","protected":false},"excerpt":{"rendered":"<p>V\u00e1\u0161 t\u00fdm HR m\u00e1 p\u0159\u00edli\u0161 mnoho pr\u00e1ce. AI m\u016f\u017ee pomoci. Person\u00e1ln\u00ed pr\u00e1ce je pr\u00e1ce s lidmi. Ale je to tak\u00e9 pap\u00edrov\u00e1n\u00ed. Aplikace. N\u00e1stupn\u00ed dokumenty. Ot\u00e1zky t\u00fdkaj\u00edc\u00ed se z\u00e1sad. \u017d\u00e1dosti o dovolenou. Hodnocen\u00ed v\u00fdkonnosti. Formul\u00e1\u0159e o v\u00fdhod\u00e1ch. V\u011bt\u0161ina z nich se \u0159\u00edd\u00ed \u0161ablonami. Prov\u011b\u0159te \u017eivotopis. Odpov\u011bzte na ot\u00e1zku t\u00fdkaj\u00edc\u00ed se z\u00e1sad. Zpracujte \u017e\u00e1dost. Odesl\u00e1n\u00ed upom\u00ednky. Znovu. Um\u011bl\u00e1 inteligence je na to stav\u011bn\u00e1. Je to ... <\/p>","protected":false},"author":2,"featured_media":0,"parent":0,"menu_order":0,"comment_status":"closed","ping_status":"closed","template":"","meta":{"footnotes":""},"class_list":["post-14409","page","type-page","status-publish","hentry","latest_post"],"_links":{"self":[{"href":"https:\/\/www.leaplytics.de\/cs\/wp-json\/wp\/v2\/pages\/14409","targetHints":{"allow":["GET"]}}],"collection":[{"href":"https:\/\/www.leaplytics.de\/cs\/wp-json\/wp\/v2\/pages"}],"about":[{"href":"https:\/\/www.leaplytics.de\/cs\/wp-json\/wp\/v2\/types\/page"}],"author":[{"embeddable":true,"href":"https:\/\/www.leaplytics.de\/cs\/wp-json\/wp\/v2\/users\/2"}],"replies":[{"embeddable":true,"href":"https:\/\/www.leaplytics.de\/cs\/wp-json\/wp\/v2\/comments?post=14409"}],"version-history":[{"count":3,"href":"https:\/\/www.leaplytics.de\/cs\/wp-json\/wp\/v2\/pages\/14409\/revisions"}],"predecessor-version":[{"id":14458,"href":"https:\/\/www.leaplytics.de\/cs\/wp-json\/wp\/v2\/pages\/14409\/revisions\/14458"}],"wp:attachment":[{"href":"https:\/\/www.leaplytics.de\/cs\/wp-json\/wp\/v2\/media?parent=14409"}],"curies":[{"name":"wp","href":"https:\/\/api.w.org\/{rel}","templated":true}]}}