{"id":14411,"date":"2025-12-18T23:54:38","date_gmt":"2025-12-18T22:54:38","guid":{"rendered":"https:\/\/www.leaplytics.de\/?page_id=14411"},"modified":"2025-12-19T02:12:42","modified_gmt":"2025-12-19T01:12:42","slug":"zadavani-verejnych-zakazek-ai","status":"publish","type":"page","link":"https:\/\/www.leaplytics.de\/cs\/zadavani-verejnych-zakazek-ai\/","title":{"rendered":"Sourcing \/ n\u00e1kupn\u00ed um\u011bl\u00e1 inteligence"},"content":{"rendered":"<h2>V\u00e1\u0161 n\u00e1kupn\u00ed t\u00fdm m\u00e1 p\u0159\u00edli\u0161 mnoho pr\u00e1ce. AI m\u016f\u017ee pomoci.<\/h2>\n\n<p>Zad\u00e1v\u00e1n\u00ed ve\u0159ejn\u00fdch zak\u00e1zek je pr\u00e1ce sourcingov\u00e1. Dodavatel\u00e9. Smlouvy. Objedn\u00e1vky. Schvalov\u00e1n\u00ed. Sledov\u00e1n\u00ed v\u00fddaj\u016f. Neust\u00e1l\u00fd kolob\u011bh hled\u00e1n\u00ed, n\u00e1kupu a spr\u00e1vy.<\/p>\n<p>V\u011bt\u0161ina z nich se \u0159\u00edd\u00ed vzory. Najd\u011bte si dodavatele. Z\u00edskejte cenov\u00e9 nab\u00eddky. Zpracujte objedn\u00e1vku. Zkontrolujte fakturu. Prodlou\u017een\u00ed smlouvy. Opakujte.<\/p>\n<p>Um\u011bl\u00e1 inteligence je na to stav\u011bn\u00e1. Analyzuje dodavatele rychleji ne\u017e \u010dlov\u011bk. Nikdy nezme\u0161k\u00e1 prodlou\u017een\u00ed smlouvy. V datech, kter\u00e1 nikdo nem\u00e1 \u010das prov\u011b\u0159it, odhal\u00ed p\u0159\u00edle\u017eitosti k \u00faspor\u00e1m.<\/p>\n<p>Nenahrazuje to v\u00e1\u0161 t\u00fdm pro zad\u00e1v\u00e1n\u00ed zak\u00e1zek. Pouze je zrychl\u00ed. \u0158e\u0161\u00ed rutinn\u00ed z\u00e1le\u017eitosti, tak\u017ee se va\u0161i lid\u00e9 mohou soust\u0159edit na strategick\u00e9 z\u00e1sobov\u00e1n\u00ed a vztahy.<\/p>\n\n\n<hr class=\"wp-block-separator has-alpha-channel-opacity\"\/>\n\n\n\n<h3 class=\"wp-block-heading\">Realita pr\u00e1ce v oblasti ve\u0159ejn\u00fdch zak\u00e1zek v sou\u010dasnosti<\/h3>\n\n\n<p>T\u00fdmy ve\u0159ejn\u00fdch zak\u00e1zek jsou p\u0159et\u00ed\u017een\u00e9. V\u00edce dodavatel\u016f. V\u00edce po\u017eadavk\u016f na dodr\u017eov\u00e1n\u00ed p\u0159edpis\u016f. V\u011bt\u0161\u00ed tlak na sni\u017eov\u00e1n\u00ed n\u00e1klad\u016f. M\u00e9n\u011b \u010dasu na strategickou pr\u00e1ci.<\/p>\n<p>Kupuj\u00edc\u00ed tr\u00e1v\u00ed hodiny transak\u010dn\u00ed prac\u00ed, m\u00edsto aby vyjedn\u00e1vali lep\u0161\u00ed nab\u00eddky. Prodlou\u017een\u00ed smluv se pl\u00ed\u017e\u00ed. \u00dadaje o v\u00fddaj\u00edch le\u017e\u00ed v syst\u00e9mech, ale nikdo je neanalyzuje. Maverick spending se d\u011bje, proto\u017ee proces je p\u0159\u00edli\u0161 pomal\u00fd.<\/p>\n<p>P\u0159\u00edle\u017eitosti k \u00faspo\u0159e se promarn\u00ed. Rizika dodavatel\u016f z\u016fst\u00e1vaj\u00ed nepov\u0161imnuta. V\u0161ichni jsou zanepr\u00e1zdn\u011bni zpracov\u00e1n\u00edm, nikoli optimalizac\u00ed.<\/p>\n<p>Ne proto, \u017ee by lid\u00e9 nebyli dob\u0159\u00ed ve sv\u00e9 pr\u00e1ci. Proto\u017ee je prost\u011b p\u0159\u00edli\u0161 mnoho transak\u010dn\u00ed pr\u00e1ce a m\u00e1lo \u010dasu na strategii.<\/p>\n\n\n<hr class=\"wp-block-separator has-alpha-channel-opacity\"\/>\n\n\n\n<h3 class=\"wp-block-heading\">Kde m\u00e1 um\u011bl\u00e1 inteligence skute\u010dn\u00fd v\u00fdznam<\/h3>\n\n\n<p>Um\u011bl\u00e1 inteligence funguje nejl\u00e9pe tam, kde jsou k dispozici data a vzory. Ve\u0159ejn\u00e9 zak\u00e1zky maj\u00ed oboj\u00ed.<\/p>\n<p>Zde je p\u011bt oblast\u00ed, ve kter\u00fdch AI p\u0159in\u00e1\u0161\u00ed skute\u010dn\u00e9 v\u00fdsledky - ne humbuk, ale skute\u010dn\u011b nalezen\u00e9 \u00faspory a u\u0161et\u0159en\u00fd \u010das.<\/p>\n\n\n<hr class=\"wp-block-separator has-alpha-channel-opacity\"\/>\n\n\n\n<h4 class=\"wp-block-heading\">1. Zji\u0161\u0165ov\u00e1n\u00ed a hodnocen\u00ed dodavatel\u016f<\/h4>\n\n\n<p>Hled\u00e1n\u00ed dobr\u00fdch dodavatel\u016f vy\u017eaduje \u010das. Zkoum\u00e1n\u00ed mo\u017enost\u00ed. Ov\u011b\u0159en\u00ed kvalifikace. Posouzen\u00ed rizik. Z\u00edsk\u00e1n\u00ed cenov\u00fdch nab\u00eddek.<\/p>\n<p>A z\u016fstat u stejn\u00fdch dodavatel\u016f, proto\u017ee \"jsme je v\u017edycky pou\u017e\u00edvali\"? To jsou vyhozen\u00e9 pen\u00edze.<\/p>\n\n\n<h5 class=\"wp-block-heading\">Co d\u011bl\u00e1 um\u011bl\u00e1 inteligence<\/h5>\n\n\n<p><strong>identifikuje potenci\u00e1ln\u00ed dodavatele.<\/strong><br \/>\nNa z\u00e1klad\u011b va\u0161ich po\u017eadavk\u016f um\u011bl\u00e1 inteligence vyhled\u00e1 a navrhne dodavatele, kter\u00e9 jste mo\u017en\u00e1 nena\u0161li. Nov\u00e9 mo\u017enosti v\u00fdhodn\u011bj\u0161\u00edch nab\u00eddek.<\/p>\n\n<p><strong>Posuzuje riziko dodavatele.<\/strong><br \/>\nFinan\u010dn\u00ed stabilita. Historie dodr\u017eov\u00e1n\u00ed p\u0159edpis\u016f. Zpr\u00e1vy a pov\u011bst. Um\u011bl\u00e1 inteligence shroma\u017e\u010fuje informace a ozna\u010duje potenci\u00e1ln\u00ed rizika.<\/p>\n\n<p><strong>Hodnocen\u00ed kvalifikace dodavatele.<\/strong><br \/>\nCertifikace. Schopnosti. Dosavadn\u00ed v\u00fdsledky. Um\u011bl\u00e1 inteligence automaticky vyhodnot\u00ed dodavatele podle va\u0161ich krit\u00e9ri\u00ed.<\/p>\n\n<p><strong>Inteligentn\u011b porovn\u00e1v\u00e1 citace.<\/strong><br \/>\nNejen cena-celkov\u00e9 n\u00e1klady. Podm\u00ednky. Ukazatele kvality. Um\u011bl\u00e1 inteligence v\u00e1m pom\u016f\u017ee porovn\u00e1vat jablka s jablky.<\/p>\n\n<p><strong>sleduje informace o trhu.<\/strong><br \/>\nCenov\u00e9 trendy. Podm\u00ednky nab\u00eddky. Zm\u011bny v odv\u011btv\u00ed. UI sleduje tr\u017en\u00ed faktory, kter\u00e9 ovliv\u0148uj\u00ed va\u0161e rozhodov\u00e1n\u00ed o zdroj\u00edch.<\/p>\n\n\n<h5 class=\"wp-block-heading\">Co to pro v\u00e1s znamen\u00e1<\/h5>\n\n\n<ul>\n<li><strong>Pro CPO:<\/strong> Lep\u0161\u00ed v\u00fdb\u011br dodavatel\u016f. Ni\u017e\u0161\u00ed riziko. Konkurenceschopn\u011bj\u0161\u00ed ceny. Strategick\u00e9 z\u00e1sobov\u00e1n\u00ed nam\u00edsto reaktivn\u00edho n\u00e1kupu.<\/li>\n<li><strong>Pro mana\u017eery ve\u0159ejn\u00fdch zak\u00e1zek:<\/strong> Rychlej\u0161\u00ed hodnocen\u00ed dodavatel\u016f. D\u016fv\u011bra ve v\u00fdb\u011br dodavatele. \u010cas na vyjedn\u00e1v\u00e1n\u00ed m\u00edsto pr\u016fzkumu.<\/li>\n<li><strong>Pro podnikatele:<\/strong> Lep\u0161\u00ed dodavatel\u00e9. Lep\u0161\u00ed ceny. M\u00e9n\u011b p\u0159eru\u0161en\u00ed dod\u00e1vek.<\/li>\n<\/ul>\n\n<p><a href=\"https:\/\/www.leaplytics.de\/cs\/hodnoceni-dodavatelu-ai\/\">Dal\u0161\u00ed informace o AI pro vyhled\u00e1v\u00e1n\u00ed a hodnocen\u00ed dodavatel\u016f \u2192<\/a><\/p>\n\n\n<hr class=\"wp-block-separator has-alpha-channel-opacity\"\/>\n\n\n\n<h4 class=\"wp-block-heading\">2. Po\u017eadavky na n\u00e1kup a objedn\u00e1v\u00e1n\u00ed<\/h4>\n\n\n<p>Objedn\u00e1vky proud\u00ed neust\u00e1le. Po\u017eadavky z ka\u017ed\u00e9ho odd\u011blen\u00ed. Schvalov\u00e1n\u00ed, kter\u00e9 je t\u0159eba vy\u0159izovat. Zak\u00e1zky, kter\u00e9 je t\u0159eba vytvo\u0159it. Potvrzen\u00ed, kter\u00e1 je t\u0159eba sledovat.<\/p>\n<p>Pokud je proces pomal\u00fd, lid\u00e9 ho obch\u00e1zej\u00ed. Doch\u00e1z\u00ed k rozma\u0159il\u00e9mu utr\u00e1cen\u00ed. Dodr\u017eov\u00e1n\u00ed p\u0159edpis\u016f trp\u00ed.<\/p>\n\n\n<h5 class=\"wp-block-heading\">Co d\u011bl\u00e1 um\u011bl\u00e1 inteligence<\/h5>\n\n\n<p><strong>Automaticky zpracov\u00e1v\u00e1 po\u017eadavky.<\/strong><br \/>\nStandardn\u00ed po\u017eadavek? UI provede validaci, p\u0159ed\u00e1 ji ke schv\u00e1len\u00ed a vytvo\u0159\u00ed PO. U b\u011b\u017en\u00fdch objedn\u00e1vek nen\u00ed nutn\u00e1 ru\u010dn\u00ed manipulace.<\/p>\n\n<p><strong>Inteligentn\u011b sm\u011bruje schvalov\u00e1n\u00ed.<\/strong><br \/>\nNa z\u00e1klad\u011b \u010d\u00e1stky, kategorie a z\u00e1sad odes\u00edl\u00e1 um\u011bl\u00e1 inteligence \u017e\u00e1dosti spr\u00e1vn\u00fdm schvalovatel\u016fm. \u017d\u00e1dn\u00e9 zmatky v tom, kdo co schvaluje.<\/p>\n\n<p><strong>Navrhuje preferovan\u00e9 dodavatele.<\/strong><br \/>\nPro b\u011b\u017en\u00e9 n\u00e1kupy doporu\u010duje AI smluvn\u00ed dodavatele s nejv\u00fdhodn\u011bj\u0161\u00edmi podm\u00ednkami. Integrovan\u00e1 funkce dodr\u017eov\u00e1n\u00ed p\u0159edpis\u016f.<\/p>\n\n<p><strong>Ov\u011b\u0159uje proti smlouv\u00e1m.<\/strong><br \/>\nJe tato cena spr\u00e1vn\u00e1? Pou\u017e\u00edv\u00e1me dohodnut\u00e9 podm\u00ednky? UI kontroluje objedn\u00e1vky podle smluvn\u00edch podm\u00ednek.<\/p>\n\n<p><strong>Sleduje stav objedn\u00e1vky.<\/strong><br \/>\nKde je moje objedn\u00e1vka? Kdy doraz\u00ed? UI sleduje stav a aktivn\u011b upozor\u0148uje na zpo\u017ed\u011bn\u00ed.<\/p>\n\n\n<h5 class=\"wp-block-heading\">Co to pro v\u00e1s znamen\u00e1<\/h5>\n\n\n<ul>\n<li><strong>Pro CPO:<\/strong> Vy\u0161\u0161\u00ed dodr\u017eov\u00e1n\u00ed smluv. M\u00e9n\u011b sv\u00e9voln\u00fdch v\u00fddaj\u016f. Rychlej\u0161\u00ed cykly zad\u00e1v\u00e1n\u00ed ve\u0159ejn\u00fdch zak\u00e1zek.<\/li>\n<li><strong>Pro kupuj\u00edc\u00ed:<\/strong> P\u0159esta\u0148te zpracov\u00e1vat rutinn\u00ed objedn\u00e1vky ru\u010dn\u011b. Zam\u011b\u0159te se na slo\u017eit\u00e9 n\u00e1kupy, kter\u00e9 vy\u017eaduj\u00ed odborn\u00e9 znalosti.<\/li>\n<li><strong>Pro \u017eadatele:<\/strong> Rychlej\u0161\u00ed objedn\u00e1vky. Jasn\u00fd stav. Snadn\u00fd proces, kter\u00fd lid\u00e9 skute\u010dn\u011b dodr\u017euj\u00ed.<\/li>\n<\/ul>\n\n<p><a href=\"https:\/\/www.leaplytics.de\/cs\/objednavani-nakupnich-pozadavku-ai\/\">Zjist\u011bte v\u00edce o AI pro zad\u00e1v\u00e1n\u00ed po\u017eadavk\u016f na n\u00e1kup a objedn\u00e1v\u00e1n\u00ed \u2192<\/a><\/p>\n\n\n<hr class=\"wp-block-separator has-alpha-channel-opacity\"\/>\n\n\n\n<h4 class=\"wp-block-heading\">3. Spr\u00e1va smluv<\/h4>\n\n\n<p>Smlouvy se hromad\u00ed. Smlouvy s dodavateli. Smlouvy o poskytov\u00e1n\u00ed slu\u017eeb. Licen\u010dn\u00ed smlouvy. Ka\u017ed\u00e1 s jin\u00fdmi podm\u00ednkami, daty a z\u00e1vazky.<\/p>\n<p>Obnoven\u00ed se zme\u0161k\u00e1. Na podm\u00ednky se zapom\u00edn\u00e1. Nikdo nev\u00ed, na \u010dem jsme se vlastn\u011b dohodli.<\/p>\n\n\n<h5 class=\"wp-block-heading\">Co d\u011bl\u00e1 um\u011bl\u00e1 inteligence<\/h5>\n\n\n<p><strong>Automaticky extrahuje kl\u00ed\u010dov\u00e9 v\u00fdrazy.<\/strong><br \/>\nCeny. Svazky. Ukon\u010dovac\u00ed dolo\u017eky. Term\u00edny obnoven\u00ed. UI \u010dte smlouvy a vyb\u00edr\u00e1 z nich to, co je d\u016fle\u017eit\u00e9.<\/p>\n\n<p><strong>Sleduje data obnoven\u00ed.<\/strong><br \/>\nBl\u00ed\u017e\u00ed se automatick\u00e9 obnoven\u00ed? Uzav\u00edr\u00e1 se v\u00fdpov\u011bdn\u00ed lh\u016fta? Um\u011bl\u00e1 inteligence v\u00e1s upozorn\u00ed p\u0159ed uplynut\u00edm lh\u016ft.<\/p>\n\n<p><strong>Porovn\u00e1v\u00e1 smluvn\u00ed podm\u00ednky.<\/strong><br \/>\nJak si tato smlouva stoj\u00ed v porovn\u00e1n\u00ed s ostatn\u00edmi? S tr\u017en\u00edmi standardy? UI upozor\u0148uje na odchylky.<\/p>\n\n<p><strong>kontroluje dodr\u017eov\u00e1n\u00ed podm\u00ednek.<\/strong><br \/>\nPln\u00edme objemov\u00e9 z\u00e1vazky? Dodr\u017euje dodavatel SLA? UI sleduje pln\u011bn\u00ed smlouvy.<\/p>\n\n<p><strong>Navrhuje body pro vyjedn\u00e1v\u00e1n\u00ed.<\/strong><br \/>\nNa z\u00e1klad\u011b anal\u00fdzy smlouvy a \u00fadaj\u016f o trhu identifikuje um\u011bl\u00e1 inteligence podm\u00ednky, kter\u00e9 je t\u0159eba p\u0159i prodlou\u017een\u00ed smlouvy dodr\u017eet.<\/p>\n\n\n<h5 class=\"wp-block-heading\">Co to pro v\u00e1s znamen\u00e1<\/h5>\n\n\n<ul>\n<li><strong>Pro CPO:<\/strong> \u017d\u00e1dn\u00e9 zme\u0161kan\u00e9 obnoven\u00ed. Lep\u0161\u00ed vyjedn\u00e1vac\u00ed pozice. P\u0159ehled o smluvn\u00edch z\u00e1vazc\u00edch.<\/li>\n<li><strong>Pro mana\u017eery ve\u0159ejn\u00fdch zak\u00e1zek:<\/strong> Zjist\u011bte, co je obsa\u017eeno ve smlouv\u00e1ch, ani\u017e byste museli \u010d\u00edst ka\u017edou str\u00e1nku. P\u0159ipravte se na obnoven\u00ed pomoc\u00ed dat.<\/li>\n<li><strong>Pro podnikatele:<\/strong> Lep\u0161\u00ed smluvn\u00ed podm\u00ednky. Zodpov\u011bdnost dodavatel\u016f. Pen\u00edze nez\u016fst\u00e1vaj\u00ed na stole.<\/li>\n<\/ul>\n\n<p><a href=\"https:\/\/www.leaplytics.de\/cs\/sprava-smluv-ai\/\">Dal\u0161\u00ed informace o AI pro spr\u00e1vu smluv \u2192<\/a><\/p>\n\n\n<hr class=\"wp-block-separator has-alpha-channel-opacity\"\/>\n\n\n\n<h4 class=\"wp-block-heading\">4. Anal\u00fdza a optimalizace v\u00fddaj\u016f<\/h4>\n\n\n<p>V\u0161ude utr\u00e1c\u00edte pen\u00edze. Ale kde p\u0159esn\u011b? U kter\u00fdch dodavatel\u016f? Za jak\u00fdch podm\u00ednek? Za jak\u00e9 ceny ve srovn\u00e1n\u00ed s trhem?<\/p>\n<p>Bez viditelnosti nelze optimalizovat. A ru\u010dn\u00ed anal\u00fdza v\u00fddaj\u016f? Na to nem\u00e1 nikdo \u010das.<\/p>\n\n\n<h5 class=\"wp-block-heading\">Co d\u011bl\u00e1 um\u011bl\u00e1 inteligence<\/h5>\n\n\n<p><strong>Automaticky kategorizuje v\u00fddaje.<\/strong><br \/>\nKa\u017ed\u00e1 transakce je klasifikov\u00e1na. Podle kategori\u00ed. Podle dodavatele. Podle odd\u011blen\u00ed. \u010cist\u00e1 data bez ru\u010dn\u00edho ozna\u010dov\u00e1n\u00ed.<\/p>\n\n<p><strong>identifikuje mo\u017enosti \u00faspor.<\/strong><br \/>\nRozd\u00edly v cen\u011b stejn\u00e9 polo\u017eky. Dodavatel\u00e9 si \u00fa\u010dtuj\u00ed v\u00edce ne\u017e ostatn\u00ed. Mo\u017enosti objemov\u00e9 konsolidace. Um\u011bl\u00e1 inteligence najde pen\u00edze.<\/p>\n\n<p><strong>Zji\u0161\u0165uje maverick v\u00fddaje.<\/strong><br \/>\nN\u00e1kupy mimo zak\u00e1zky. Nep\u0159ednostn\u00ed dodavatel\u00e9. Poru\u0161en\u00ed z\u00e1sad. UI odhal\u00ed v\u00fddaje, kter\u00e9 nejsou v souladu s p\u0159edpisy.<\/p>\n\n<p><strong>Srovn\u00e1n\u00ed s trhem.<\/strong><br \/>\nPlat\u00edme p\u0159\u00edli\u0161 mnoho? Jak si stoj\u00ed na\u0161e ceny? Um\u011bl\u00e1 inteligence poskytuje kontext pro va\u0161e v\u00fddaje.<\/p>\n\n<p><strong>P\u0159edpov\u011bdi budouc\u00edch v\u00fddaj\u016f.<\/strong><br \/>\nNa z\u00e1klad\u011b vzorc\u016f a z\u00e1vazk\u016f um\u011bl\u00e1 inteligence odhaduje, kolik utrat\u00edte. Lep\u0161\u00ed sestavov\u00e1n\u00ed rozpo\u010dtu.<\/p>\n\n\n<h5 class=\"wp-block-heading\">Co to pro v\u00e1s znamen\u00e1<\/h5>\n\n\n<ul>\n<li><strong>Pro CPO:<\/strong> Jasn\u00e1 viditelnost v\u00fddaj\u016f. Kvantifikovan\u00e9 mo\u017enosti \u00faspor. Data pro vyjedn\u00e1v\u00e1n\u00ed.<\/li>\n<li><strong>Pro mana\u017eery ve\u0159ejn\u00fdch zak\u00e1zek:<\/strong> Zjist\u011bte, kam jdou pen\u00edze, ani\u017e byste museli sestavovat v\u00fdkazy. Zam\u011b\u0159te se na kategorie s vysok\u00fdm dopadem.<\/li>\n<li><strong>Pro oblast financ\u00ed:<\/strong> Lep\u0161\u00ed p\u0159esnost rozpo\u010dtu. Opr\u00e1vn\u011bn\u00e9 investice do ve\u0159ejn\u00fdch zak\u00e1zek. Zdokumentovan\u00e9 \u00faspory.<\/li>\n<\/ul>\n\n<p><a href=\"https:\/\/www.leaplytics.de\/cs\/analyza-vydaju-optimalizace-ai\/\">Dal\u0161\u00ed informace o AI pro anal\u00fdzu a optimalizaci v\u00fddaj\u016f \u2192<\/a><\/p>\n\n\n<hr class=\"wp-block-separator has-alpha-channel-opacity\"\/>\n\n\n\n<h4 class=\"wp-block-heading\">5. V\u00fdkonnost dodavatele a \u0159\u00edzen\u00ed rizik<\/h4>\n\n\n<p>Jste z\u00e1visl\u00ed na dodavatel\u00edch. Kdy\u017e sel\u017eou oni, sel\u017eete i vy. Pozdn\u00ed dod\u00e1vky. Probl\u00e9my s kvalitou. Finan\u010dn\u00ed probl\u00e9my. Poru\u0161en\u00ed p\u0159edpis\u016f.<\/p>\n<p>Monitorovat ka\u017ed\u00e9ho dodavatele ru\u010dn\u011b? Nemo\u017en\u00e9. Ale ignorovat rizika? Nebezpe\u010dn\u00e9.<\/p>\n\n\n<h5 class=\"wp-block-heading\">Co d\u011bl\u00e1 um\u011bl\u00e1 inteligence<\/h5>\n\n\n<p><strong>sleduje v\u00fdkonnost dodavatel\u016f.<\/strong><br \/>\nV\u010dasn\u00e9 dod\u00e1n\u00ed. Metriky kvality. Rychlost reakce. UI pr\u016fb\u011b\u017en\u011b sleduje \u00fadaje o v\u00fdkonnosti.<\/p>\n\n<p><strong>Vyhodnocuje vztahy s dodavateli.<\/strong><br \/>\nUI hodnot\u00ed dodavatele na z\u00e1klad\u011b v\u00fdkonnosti, rizik a hodnoty. Pod\u00edvejte se, kdo pln\u00ed a kdo ne.<\/p>\n\n<p><strong>Detekuje rizikov\u00e9 sign\u00e1ly.<\/strong><br \/>\nFinan\u010dn\u00ed pot\u00ed\u017ee? Negativn\u00ed zpr\u00e1vy? Probl\u00e9my s dodr\u017eov\u00e1n\u00edm p\u0159edpis\u016f? Um\u011bl\u00e1 inteligence sleduje vn\u011bj\u0161\u00ed sign\u00e1ly a v\u010das v\u00e1s upozorn\u00ed.<\/p>\n\n<p><strong>P\u0159edpov\u00edd\u00e1 p\u0159eru\u0161en\u00ed dod\u00e1vek.<\/strong><br \/>\nNa z\u00e1klad\u011b vzor\u016f a vn\u011bj\u0161\u00edch faktor\u016f ozna\u010d\u00ed um\u011bl\u00e1 inteligence dodavatele, u nich\u017e se pravd\u011bpodobn\u011b vyskytnou probl\u00e9my.<\/p>\n\n<p><strong>Sleduje stav shody.<\/strong><br \/>\nAktu\u00e1ln\u00ed certifikace? Platn\u00e9 poji\u0161t\u011bn\u00ed? Jsou ve spisu po\u017eadovan\u00e9 dokumenty? UI sleduje a upozor\u0148uje na vypr\u0161en\u00ed platnosti.<\/p>\n\n\n<h5 class=\"wp-block-heading\">Co to pro v\u00e1s znamen\u00e1<\/h5>\n\n\n<ul>\n<li><strong>Pro CPO:<\/strong> Proaktivn\u00ed \u0159\u00edzen\u00ed rizik. Zodpov\u011bdnost dodavatele na z\u00e1klad\u011b dat. Chr\u00e1n\u011bn\u00fd dodavatelsk\u00fd \u0159et\u011bzec.<\/li>\n<li><strong>Pro mana\u017eery ve\u0159ejn\u00fdch zak\u00e1zek:<\/strong> Zjist\u011bte, kter\u00e9 dodavatele sledovat. D\u016fkazy pro obt\u00ed\u017en\u00e9 rozhovory s dodavateli.<\/li>\n<li><strong>Pro podnikatele:<\/strong> M\u00e9n\u011b p\u0159eru\u0161en\u00ed dod\u00e1vek. Lep\u0161\u00ed kvalita dodavatel\u016f. Sn\u00ed\u017een\u00ed rizikovosti.<\/li>\n<\/ul>\n\n<p><em>D\u016fle\u017eit\u00e9: Um\u011bl\u00e1 inteligence poskytuje p\u0159ehled a anal\u00fdzu, ale \u0159\u00edzen\u00ed vztah\u016f s dodavateli st\u00e1le vy\u017eaduje lidsk\u00fd \u00fasudek. Strategick\u00e1 rozhodnut\u00ed o partnerstv\u00ed z\u016fst\u00e1vaj\u00ed na va\u0161em t\u00fdmu.<\/em><\/p>\n\n<p><a href=\"https:\/\/www.leaplytics.de\/cs\/rizeni-rizik-spojenych-s-vykonem-dodavatele-ai\/\">Dal\u0161\u00ed informace o AI pro \u0159\u00edzen\u00ed v\u00fdkonnosti a rizik dodavatel\u016f \u2192<\/a><\/p>\n\n\n<hr class=\"wp-block-separator has-alpha-channel-opacity\"\/>\n\n\n\n<h3 class=\"wp-block-heading\">Co AI neud\u011bl\u00e1<\/h3>\n\n\n<p>\u0158ekn\u011bme si jasn\u011b, jak\u00e9 jsou limity.<\/p>\n<p>Um\u011bl\u00e1 inteligence nenahrazuje odborn\u00edky na ve\u0159ejn\u00e9 zak\u00e1zky. Nevyjedn\u00e1v\u00e1 o slo\u017eit\u00fdch obchodech. Ne\u0159\u00edd\u00ed strategick\u00e9 vztahy s dodavateli. Neposuzuje kompromisy mezi cenou, kvalitou a rizikem.<\/p>\n<p>Zvl\u00e1d\u00e1 rutinu. V\u00fdzkum. Anal\u00fdzu. Monitorov\u00e1n\u00ed. Zpracov\u00e1n\u00ed transakc\u00ed.<\/p>\n<p>V\u00e1\u0161 t\u00fdm pro zad\u00e1v\u00e1n\u00ed ve\u0159ejn\u00fdch zak\u00e1zek st\u00e1le vykon\u00e1v\u00e1 strategickou pr\u00e1ci. Jen ji d\u011blaj\u00ed l\u00e9pe, proto\u017ee maj\u00ed k dispozici data a \u010das.<\/p>\n\n\n<hr class=\"wp-block-separator has-alpha-channel-opacity\"\/>\n\n\n\n<h3 class=\"wp-block-heading\">Podtr\u017eeno, se\u010dteno<\/h3>\n\n\n<p>T\u00fdmy ve\u0159ejn\u00fdch zak\u00e1zek, kter\u00e9 dob\u0159e vyu\u017e\u00edvaj\u00ed um\u011blou inteligenci, nepracuj\u00ed m\u00e9n\u011b. Pracuj\u00ed jinak.<\/p>\n<p>M\u00edsto vy\u0159izov\u00e1n\u00ed objedn\u00e1vek vyjedn\u00e1vaj\u00ed lep\u0161\u00ed nab\u00eddky. M\u00edsto hled\u00e1n\u00ed dat analyzuj\u00ed a jednaj\u00ed. M\u00edsto reakce na probl\u00e9my dodavatel\u016f jim p\u0159edch\u00e1zej\u00ed.<\/p>\n<p>V\u00fdsledek:<\/p>\n<ul>\n<li>Zji\u0161t\u011bn\u00e9 a zachycen\u00e9 skute\u010dn\u00e9 \u00faspory<\/li>\n<li>Rychlej\u0161\u00ed cykly zad\u00e1v\u00e1n\u00ed zak\u00e1zek<\/li>\n<li>Ni\u017e\u0161\u00ed riziko dodavatele<\/li>\n<li>Odborn\u00edci na ve\u0159ejn\u00e9 zak\u00e1zky, kte\u0159\u00ed vykon\u00e1vaj\u00ed pr\u00e1ci, je\u017e skute\u010dn\u011b pot\u0159ebuje jejich odborn\u00e9 znalosti.<\/li>\n<li>Strategick\u00e9 z\u00e1sobov\u00e1n\u00ed nam\u00edsto transak\u010dn\u00edho n\u00e1kupu<\/li>\n<\/ul>\n<p>Nejde o to, abyste nahradili sv\u016fj t\u00fdm. Jde o to, aby byl efektivn\u011bj\u0161\u00ed.<\/p>\n\n\n<hr class=\"wp-block-separator has-alpha-channel-opacity\"\/>\n\n\n\n<h3 class=\"wp-block-heading\">Jste p\u0159ipraveni zjistit, co je mo\u017en\u00e9?<\/h3>\n\n\n<p>Ka\u017ed\u00fd n\u00e1kupn\u00ed t\u00fdm je jin\u00fd. Va\u0161e kategorie nejsou stejn\u00e9 jako kategorie ostatn\u00edch. Va\u0161e dodavatelsk\u00e1 z\u00e1kladna m\u00e1 sv\u00e9 vlastn\u00ed charakteristiky. Va\u0161e priority z\u00e1vis\u00ed na va\u0161em podnik\u00e1n\u00ed.<\/p>\n<p>Neprod\u00e1v\u00e1me univerz\u00e1ln\u00ed \u0159e\u0161en\u00ed. Zab\u00fdv\u00e1me se va\u0161imi specifick\u00fdmi probl\u00e9my p\u0159i zad\u00e1v\u00e1n\u00ed ve\u0159ejn\u00fdch zak\u00e1zek. Zji\u0161\u0165ujeme, kde m\u016f\u017ee um\u011bl\u00e1 inteligence skute\u010dn\u011b pomoci. Vytv\u00e1\u0159\u00edme syst\u00e9my, kter\u00e9 odpov\u00eddaj\u00ed tomu, jak pracujete.<\/p>\n<p>\u017d\u00e1dn\u00fd humbuk. \u017d\u00e1dn\u00e9 sliby, kter\u00e9 nem\u016f\u017eeme splnit. Jen praktick\u00e1 um\u011bl\u00e1 inteligence, kter\u00e1 zefektivn\u00ed pr\u00e1ci va\u0161eho n\u00e1kupn\u00edho t\u00fdmu.<\/p>\n\n<p><a href=\"https:\/\/www.leaplytics.de\/cs\/kontakt\/\">Poj\u010fme si promluvit o va\u0161ich ve\u0159ejn\u00fdch zak\u00e1zk\u00e1ch<\/a><\/p>\n\n<p><a href=\"https:\/\/www.leaplytics.de\/cs\/umela-inteligence\/\">Zobrazit v\u0161echny slu\u017eby AI<\/a><\/p>","protected":false},"excerpt":{"rendered":"<p>Your Procurement Team Has Too Much Work. AI Can Help. Procurement work is sourcing work. Suppliers. Contracts. Orders. Approvals. Spend tracking. A constant cycle of finding, buying, and managing. Most of it follows patterns. Find a supplier. Get quotes. Process the order. Check the invoice. Renew the contract. Repeat. AI is built for this. It &hellip; <\/p>","protected":false},"author":2,"featured_media":0,"parent":0,"menu_order":0,"comment_status":"closed","ping_status":"closed","template":"","meta":{"footnotes":""},"class_list":["post-14411","page","type-page","status-publish","hentry","latest_post"],"_links":{"self":[{"href":"https:\/\/www.leaplytics.de\/cs\/wp-json\/wp\/v2\/pages\/14411","targetHints":{"allow":["GET"]}}],"collection":[{"href":"https:\/\/www.leaplytics.de\/cs\/wp-json\/wp\/v2\/pages"}],"about":[{"href":"https:\/\/www.leaplytics.de\/cs\/wp-json\/wp\/v2\/types\/page"}],"author":[{"embeddable":true,"href":"https:\/\/www.leaplytics.de\/cs\/wp-json\/wp\/v2\/users\/2"}],"replies":[{"embeddable":true,"href":"https:\/\/www.leaplytics.de\/cs\/wp-json\/wp\/v2\/comments?post=14411"}],"version-history":[{"count":3,"href":"https:\/\/www.leaplytics.de\/cs\/wp-json\/wp\/v2\/pages\/14411\/revisions"}],"predecessor-version":[{"id":14525,"href":"https:\/\/www.leaplytics.de\/cs\/wp-json\/wp\/v2\/pages\/14411\/revisions\/14525"}],"wp:attachment":[{"href":"https:\/\/www.leaplytics.de\/cs\/wp-json\/wp\/v2\/media?parent=14411"}],"curies":[{"name":"wp","href":"https:\/\/api.w.org\/{rel}","templated":true}]}}