{"id":14429,"date":"2025-12-19T01:30:35","date_gmt":"2025-12-19T00:30:35","guid":{"rendered":"https:\/\/www.leaplytics.de\/?page_id=14429"},"modified":"2025-12-19T01:30:36","modified_gmt":"2025-12-19T00:30:36","slug":"zpracovani-financnich-dokumentu-ai","status":"publish","type":"page","link":"https:\/\/www.leaplytics.de\/cs\/zpracovani-financnich-dokumentu-ai\/","title":{"rendered":"Zpracov\u00e1n\u00ed finan\u010dn\u00edch dokument\u016f AI"},"content":{"rendered":"<h2>Um\u011bl\u00e1 inteligence pro zpracov\u00e1n\u00ed finan\u010dn\u00edch dokument\u016f: P\u0159esta\u0148te ps\u00e1t. Za\u010dn\u011bte analyzovat.<\/h2>\n\n<p>V\u00e1\u0161 finan\u010dn\u00ed t\u00fdm zpracov\u00e1v\u00e1 stovky nebo tis\u00edce dokument\u016f m\u011bs\u00ed\u010dn\u011b. Faktury. \u00da\u010dtenky. Bankovn\u00ed v\u00fdpisy. V\u00fdkazy v\u00fddaj\u016f. N\u00e1kupn\u00ed objedn\u00e1vky. Smlouvy.<\/p>\n<p>N\u011bkdo mus\u00ed p\u0159e\u010d\u00edst ka\u017ed\u00fd z nich. Vyt\u00e1hn\u011bte data. Zadejte je do syst\u00e9mu. Zkontrolujte jejich spr\u00e1vnost. P\u0159i\u0159a\u010fte je k ostatn\u00edm dokument\u016fm. Spr\u00e1vn\u011b je za\u0159adit do spisu.<\/p>\n<p>To nen\u00ed pr\u00e1ce v oblasti financ\u00ed. To je zad\u00e1v\u00e1n\u00ed dat. Ale ka\u017ed\u00fd den to zabere hodiny.<\/p>\n<p>Um\u011bl\u00e1 inteligence \u010dte dokumenty rychleji ne\u017e \u010dlov\u011bk. Vytahuje data bez p\u0159eklep\u016f. Nikdy se neunav\u00ed nad dokumentem 473. A pracuje 24 hodin denn\u011b, 7 dn\u00ed v t\u00fddnu.<\/p>\n<p>Nejde o to, abyste nahradili sv\u016fj t\u00fdm. Jde o to uvolnit je od zpracov\u00e1n\u00ed dokument\u016f, aby mohli d\u011blat skute\u010dnou \u00fa\u010detn\u00ed pr\u00e1ci.<\/p>\n\n\n<hr class=\"wp-block-separator has-alpha-channel-opacity\"\/>\n\n\n\n<h3 class=\"wp-block-heading\">Probl\u00e9m dokument\u016f ve financ\u00edch<\/h3>\n\n\n<p>Dokumenty p\u0159ich\u00e1zej\u00ed ve v\u0161ech mo\u017en\u00fdch form\u00e1tech:<\/p>\n<ul>\n<li>P\u0159\u00edlohy e-mail\u016f od stovek r\u016fzn\u00fdch dodavatel\u016f<\/li>\n<li>Naskenovan\u00e9 pap\u00edrov\u00e9 dokumenty z podatelny<\/li>\n<li>Fotografie \u00fa\u010dtenek od zam\u011bstnanc\u016f<\/li>\n<li>PDF soubory, kter\u00e9 jsou ve skute\u010dnosti obr\u00e1zky, nikoliv text, kter\u00fd lze prohled\u00e1vat.<\/li>\n<li>V\u00edcestr\u00e1nkov\u00e9 v\u00fdkazy s tabulkami a \u0159\u00e1dkov\u00fdmi polo\u017ekami<\/li>\n<li>Ru\u010dn\u011b psan\u00e9 pozn\u00e1mky na dodac\u00edch listech<\/li>\n<\/ul>\n\n<p>Ka\u017ed\u00fd prodejce form\u00e1tuje faktury jinak. Ka\u017ed\u00e1 banka m\u00e1 vlastn\u00ed vzhled v\u00fdpisu. Ka\u017ed\u00fd zam\u011bstnanec fot\u00ed \u00fa\u010dtenky z jin\u00e9ho \u00fahlu.<\/p>\n<p>V\u00e1\u0161 t\u00fdm mus\u00ed v\u0161e zvl\u00e1dnout. Z\u00edskejte kl\u00ed\u010dov\u00e9 informace. P\u0159eneste je do syst\u00e9mu ERP nebo \u00fa\u010detn\u00edho syst\u00e9mu. Zajist\u011bte, aby nic nepropadlo.<\/p>\n<p>Nen\u00ed to n\u00e1ro\u010dn\u00e1 pr\u00e1ce. Je jen \u010dasov\u011b n\u00e1ro\u010dn\u00e1. A kdy\u017e se zv\u00fd\u0161\u00ed objem, pot\u0159ebujete v\u00edce lid\u00ed nebo pracovat d\u00e9le.<\/p>\n\n\n<hr class=\"wp-block-separator has-alpha-channel-opacity\"\/>\n\n\n\n<h3 class=\"wp-block-heading\">Co d\u011bl\u00e1 um\u011bl\u00e1 inteligence pro zpracov\u00e1n\u00ed dokument\u016f<\/h3>\n\n\n\n<h4 class=\"wp-block-heading\">\u010cte libovoln\u00fd form\u00e1t dokumentu<\/h4>\n\n\n<p>Um\u011bl\u00e1 inteligence nepot\u0159ebuje \u0161ablony. Nepot\u0159ebuje strukturovan\u00e1 data. \u010cte:<\/p>\n<ul>\n<li><strong>PDF:<\/strong> textov\u00e9 i naskenovan\u00e9 obr\u00e1zky<\/li>\n<li><strong>Obr\u00e1zky:<\/strong> JPEG, PNG, TIFF z libovoln\u00e9ho zdroje<\/li>\n<li><strong>E-maily:<\/strong> Text t\u011bla, p\u0159\u00edlohy, podpisy<\/li>\n<li><strong>Fotografie:<\/strong> Dokonce i rozmazan\u00e9 \u00fa\u010dtenky z telefon\u016f<\/li>\n<li><strong>V\u00edcestr\u00e1nkov\u00e9 dokumenty:<\/strong> V\u00fdpisy o des\u00edtk\u00e1ch stran<\/li>\n<\/ul>\n\n<p>Zvl\u00e1d\u00e1 r\u016fzn\u00e9 jazyky. R\u016fzn\u00e9 m\u011bny. R\u016fzn\u00e9 form\u00e1ty dat. R\u016fzn\u00e1 rozvr\u017een\u00ed dokument\u016f.<\/p>\n<p>Zm\u011bnil v\u00e1\u0161 dodavatel \u0161ablonu faktury? UI se p\u0159izp\u016fsob\u00ed automaticky. Nen\u00ed t\u0159eba nic p\u0159eprogramov\u00e1vat.<\/p>\n\n\n<h4 class=\"wp-block-heading\">Extrahuje p\u0159esn\u011b to, co pot\u0159ebujete<\/h4>\n\n\n<p>V p\u0159\u00edpad\u011b faktur AI vyt\u00e1hne:<\/p>\n<ul>\n<li>N\u00e1zev a adresa prodejce<\/li>\n<li>\u010c\u00edslo a datum faktury<\/li>\n<li>Datum splatnosti a platebn\u00ed podm\u00ednky<\/li>\n<li>\u0158\u00e1dkov\u00e9 polo\u017eky s popisy a \u010d\u00e1stkami<\/li>\n<li>D\u00edl\u010d\u00ed sou\u010dty, da\u0148, celkov\u00e1 \u010d\u00e1stka<\/li>\n<li>\u010c\u00edsla OP, pokud se na n\u011b odkazuje<\/li>\n<li>\u00dadaje o bankovn\u00edm \u00fa\u010dtu pro platbu<\/li>\n<\/ul>\n\n<p>U \u00fa\u010dtenek se vyb\u00edr\u00e1:<\/p>\n<ul>\n<li>N\u00e1zev a um\u00edst\u011bn\u00ed obchodn\u00edka<\/li>\n<li>Datum a \u010das<\/li>\n<li>Celkov\u00e1 \u010d\u00e1stka<\/li>\n<li>V\u00fd\u0161e dan\u011b<\/li>\n<li>Zp\u016fsob platby<\/li>\n<li>N\u00e1kupy v polo\u017ek\u00e1ch<\/li>\n<\/ul>\n\n<p>U bankovn\u00edch v\u00fdpis\u016f je to:<\/p>\n<ul>\n<li>\u010c\u00edslo \u00fa\u010dtu<\/li>\n<li>V\u00fdkazov\u00e9 obdob\u00ed<\/li>\n<li>Po\u010d\u00e1te\u010dn\u00ed a kone\u010dn\u00e9 z\u016fstatky<\/li>\n<li>Ka\u017ed\u00e1 transakce s datem, popisem a \u010d\u00e1stkou<\/li>\n<li>Poplatky a \u00faroky<\/li>\n<\/ul>\n\n<p>Um\u011bl\u00e1 inteligence nenal\u00e9z\u00e1 pouze text. Ch\u00e1pe, co data znamenaj\u00ed. Pozn\u00e1 rozd\u00edl mezi \u010d\u00edslem faktury a \u010d\u00edslem zak\u00e1zky. Mezi mezisou\u010dtem a celkovou \u010d\u00e1stkou. Mezi debetem a kreditem.<\/p>\n\n\n<h4 class=\"wp-block-heading\">Automaticky ov\u011b\u0159uje data<\/h4>\n\n\n<p>Um\u011bl\u00e1 inteligence se jen tak nevyt\u00e1hne a jde d\u00e1l. Kontroluje:<\/p>\n\n<p><strong>P\u0159esnost matematiky:<\/strong><br \/>\nS\u010d\u00edtaj\u00ed se polo\u017eky do mezisou\u010dtu? Rovn\u00e1 se mezisou\u010det plus da\u0148 celkov\u00e9 \u010d\u00e1stce? Pokud ne, dokument se ozna\u010d\u00ed.<\/p>\n\n<p><strong>Shoda kmenov\u00fdch dat:<\/strong><br \/>\nJe tento dodavatel ve va\u0161em syst\u00e9mu? Shoduje se adresa? Je \u010d\u00edslo \u00fa\u010dtu spr\u00e1vn\u00e9? Nezn\u00e1m\u00ed dodavatel\u00e9 jsou ozna\u010deni ke kontrole.<\/p>\n\n<p><strong>Referen\u010dn\u00ed validace:<\/strong><br \/>\nExistuje toto \u010d\u00edslo PO? Je ur\u010deno pro tohoto dodavatele? Odpov\u00edd\u00e1 \u010d\u00e1stka? Neshody vyvol\u00e1vaj\u00ed upozorn\u011bn\u00ed.<\/p>\n\n<p><strong>Detekce duplicit:<\/strong><br \/>\nByla tato faktura p\u0159edlo\u017eena ji\u017e d\u0159\u00edve? Stejn\u00fd dodavatel, stejn\u00e1 \u010d\u00e1stka, stejn\u00e9 datum? UI zachyt\u00ed duplicitn\u00ed pokusy o platbu.<\/p>\n\n<p><strong>Kontroly p\u0159im\u011b\u0159enosti:<\/strong><br \/>\nJe tato \u010d\u00e1stka mnohem vy\u0161\u0161\u00ed, ne\u017e je u tohoto prodejce obvykl\u00e9? Je datum splatnosti ji\u017e minulost\u00ed? Vypad\u00e1 n\u011bco neobvykle? UI ozna\u010duje odlehl\u00e9 hodnoty.<\/p>\n\n<p>Bez potvrzen\u00ed se nic neobejde. V\u00e1\u0161 t\u00fdm uvid\u00ed pouze dokumenty, kter\u00e9 bu\u010f pro\u0161ly v\u0161emi kontrolami, nebo vy\u017eaduj\u00ed specifick\u00e9 lidsk\u00e9 posouzen\u00ed.<\/p>\n\n\n<h4 class=\"wp-block-heading\">Inteligentn\u00ed sm\u011brov\u00e1n\u00ed dokument\u016f<\/h4>\n\n\n<p>Po zpracov\u00e1n\u00ed mus\u00ed b\u00fdt dokumenty odesl\u00e1ny na spr\u00e1vn\u00e9 m\u00edsto:<\/p>\n\n<p><strong>Schv\u00e1len\u00ed sm\u011brov\u00e1n\u00ed:<\/strong><br \/>\nV\u00fddaje na marketing? Jde na vrub marketingov\u00e9ho mana\u017eera. V\u00edce ne\u017e $5,000? Jde \u0159editeli. Kapit\u00e1lov\u00e9 v\u00fddaje? Jde k finan\u010dn\u00edmu \u0159editeli. UI zn\u00e1 va\u0161i schvalovac\u00ed matici.<\/p>\n\n<p><strong>P\u0159id\u011blen\u00ed odd\u011blen\u00ed:<\/strong><br \/>\nNa z\u00e1klad\u011b GL k\u00f3d\u016f, n\u00e1kladov\u00fdch st\u0159edisek nebo obsahu dokumentu je AI p\u0159esm\u011brov\u00e1na do spr\u00e1vn\u00e9ho odd\u011blen\u00ed ke k\u00f3dov\u00e1n\u00ed a schv\u00e1len\u00ed.<\/p>\n\n<p><strong>Zpracov\u00e1n\u00ed v\u00fdjimek:<\/strong><br \/>\nNe\u00fasp\u011b\u0161n\u00e1 validace? P\u0159ejde do fronty specialist\u016f AP. Nov\u00fd dodavatel? P\u0159ejde do odd\u011blen\u00ed ve\u0159ejn\u00fdch zak\u00e1zek. Neobvykl\u00e1 \u010d\u00e1stka? P\u0159ejde na kontrolora. Ka\u017ed\u00fd typ v\u00fdjimky m\u00e1 svou vlastn\u00ed cestu.<\/p>\n\n<p><strong>Prioritn\u00ed t\u0159\u00edd\u011bn\u00ed:<\/strong><br \/>\nSleva za v\u010dasnou platbu? Vysok\u00e1 priorita. Faktura po splatnosti? Vysok\u00e1 priorita. Standardn\u00ed 30denn\u00ed lh\u016fty? Norm\u00e1ln\u00ed fronta. Um\u011bl\u00e1 inteligence up\u0159ednost\u0148uje to, co je d\u016fle\u017eit\u00e9.<\/p>\n\n<p>U\u017e \u017e\u00e1dn\u00e9 dokumenty, kter\u00e9 le\u017e\u00ed v e-mailu jedn\u00e9 osoby a \u010dekaj\u00ed na ru\u010dn\u00ed t\u0159\u00edd\u011bn\u00ed. V\u0161e automaticky putuje tam, kam m\u00e1.<\/p>\n\n\n<h4 class=\"wp-block-heading\">Automaticky vytv\u00e1\u0159\u00ed auditn\u00ed z\u00e1znamy<\/h4>\n\n\n<p>U ka\u017ed\u00e9ho dokumentu UI zaznamen\u00e1:<\/p>\n<ul>\n<li>Kdy\u017e byl p\u0159ijat<\/li>\n<li>Jak\u00e1 data byla z\u00edsk\u00e1na<\/li>\n<li>Jak\u00e9 validace byly provedeny<\/li>\n<li>Co pro\u0161lo nebo nepro\u0161lo<\/li>\n<li>Kdo p\u0159ezkoumal v\u00fdjimky<\/li>\n<li>Jak\u00e1 rozhodnut\u00ed byla p\u0159ijata<\/li>\n<li>Kdy\u017e byla odesl\u00e1na do syst\u00e9mu<\/li>\n<\/ul>\n\n<p>Kompletn\u00ed dokumentace. Nen\u00ed nutn\u00e9 ru\u010dn\u00ed p\u0159ihla\u0161ov\u00e1n\u00ed. V\u0161e je p\u0159ipraveno pro auditn\u00ed kontrolu.<\/p>\n\n\n<hr class=\"wp-block-separator has-alpha-channel-opacity\"\/>\n\n\n\n<h3 class=\"wp-block-heading\">Co to pro v\u00e1s znamen\u00e1<\/h3>\n\n\n\n<h4 class=\"wp-block-heading\">Pro finan\u010dn\u00ed \u0159editele a vedouc\u00ed pracovn\u00edky v oblasti financ\u00ed<\/h4>\n\n\n<p><strong>Ni\u017e\u0161\u00ed n\u00e1klady na transakci:<\/strong><br \/>\nRu\u010dn\u00ed zpracov\u00e1n\u00ed faktury stoj\u00ed $10-$30 v z\u00e1vislosti na slo\u017eitosti. S um\u011blou inteligenc\u00ed klesne na $2-$5. V m\u011b\u0159\u00edtku se to rychle s\u010d\u00edt\u00e1.<\/p>\n\n<p><strong>Zvl\u00e1dnout r\u016fst bez r\u016fstu po\u010dtu zam\u011bstnanc\u016f:<\/strong><br \/>\nV\u00e1\u0161 podnik zdvojn\u00e1sobuje objem transakc\u00ed? Um\u011bl\u00e1 inteligence se okam\u017eit\u011b roz\u0161\u00ed\u0159\u00ed. \u017d\u00e1dn\u00e9 naj\u00edm\u00e1n\u00ed. \u017d\u00e1dn\u00e9 \u0161kolen\u00ed. \u017d\u00e1dn\u00e1 doba n\u00e1stupu.<\/p>\n\n<p><strong>Rychlej\u0161\u00ed \u010dasy cykl\u016f:<\/strong><br \/>\nDokumenty se zpracov\u00e1vaj\u00ed je\u0161t\u011b t\u00fd\u017e den, m\u00edsto aby se na n\u011b \u010dekalo n\u011bkolik dn\u00ed ve front\u00e1ch. Zachycen\u00ed slev za d\u0159\u00edv\u011bj\u0161\u00ed platby. Lep\u0161\u00ed p\u0159ehled o pen\u011b\u017en\u00edch toc\u00edch.<\/p>\n\n<p><strong>Lep\u0161\u00ed kvalita dat:<\/strong><br \/>\n\u017d\u00e1dn\u00e9 p\u0159eklepy. \u017d\u00e1dn\u00e1 chyb\u011bj\u00edc\u00ed pole. \u017d\u00e1dn\u00e1 p\u0159ehozen\u00e1 \u010d\u00edsla. \u010cist\u0161\u00ed data znamenaj\u00ed lep\u0161\u00ed v\u00fdkaznictv\u00ed a m\u00e9n\u011b oprav.<\/p>\n\n<p><strong>Viditelnost v re\u00e1ln\u00e9m \u010dase:<\/strong><br \/>\nPod\u00edvejte se, co p\u0159esn\u011b se p\u0159ipravuje. Kolik faktur \u010dek\u00e1 na schv\u00e1len\u00ed? Jak\u00fd je celkov\u00fd z\u00e1vazek? U\u017e \u017e\u00e1dn\u00e9 sledov\u00e1n\u00ed v tabulk\u00e1ch.<\/p>\n\n\n<h4 class=\"wp-block-heading\">Pro t\u00fdmy AP\/AR<\/h4>\n\n\n<p><strong>P\u0159esta\u0148te zad\u00e1vat data:<\/strong><br \/>\nU\u017e \u017e\u00e1dn\u00e9 p\u0159episov\u00e1n\u00ed z PDF. U\u017e \u017e\u00e1dn\u00e1 dvojit\u00e1 kontrola \u010d\u00edsel. O extrakci se postar\u00e1 um\u011bl\u00e1 inteligence. Vy se postar\u00e1te o v\u00fdjimky a rozhodnut\u00ed.<\/p>\n\n<p><strong>Zam\u011b\u0159te se na \u0159e\u0161en\u00ed probl\u00e9m\u016f:<\/strong><br \/>\nM\u00edsto zpracov\u00e1n\u00ed 50 standardn\u00edch faktur zpracujete 5 faktur, kter\u00e9 je t\u0159eba posoudit. Spory s dodavateli. Chyb\u011bj\u00edc\u00ed PO. Cenov\u00e9 ot\u00e1zky. Zaj\u00edmav\u00e9 v\u011bci.<\/p>\n\n<p><strong>M\u00e9n\u011b opakovan\u00e9ho stresu:<\/strong><br \/>\nPsan\u00ed stovek faktur zp\u016fsobuje skute\u010dnou fyzickou z\u00e1t\u011b\u017e. Um\u011bl\u00e1 inteligence nem\u00e1 karp\u00e1ln\u00ed tunel. V\u00e1\u0161 t\u00fdm z\u016fstane zdrav\u011bj\u0161\u00ed.<\/p>\n\n<p><strong>Snadno zvl\u00e1dnete dopravn\u00ed \u0161pi\u010dku:<\/strong><br \/>\nN\u00e1r\u016fst na konci m\u011bs\u00edce? N\u00e1por na konci \u010dtvrtlet\u00ed? Um\u011bl\u00e1 inteligence nezpomaluje. \u017d\u00e1dn\u00e9 p\u0159es\u010dasy nejsou pot\u0159eba. \u017d\u00e1dn\u00fd stres z toho, zda se dostanete p\u0159es hromadu.<\/p>\n\n<p><strong>Rychlej\u0161\u00ed reakce prodejc\u016f:<\/strong><br \/>\n\"Kde je moje platba?\" M\u016f\u017eete odpov\u011bd\u011bt okam\u017eit\u011b, proto\u017ee v\u0161e je v syst\u00e9mu. \u017d\u00e1dn\u00e9 hled\u00e1n\u00ed v e-mailech nebo hromad\u00e1ch pap\u00edr\u016f.<\/p>\n\n\n<h4 class=\"wp-block-heading\">Pro celou firmu<\/h4>\n\n\n<p><strong>M\u00e9n\u011b pokut za pozdn\u00ed platby:<\/strong><br \/>\nRychlej\u0161\u00ed zpracov\u00e1n\u00ed dokument\u016f znamen\u00e1 v\u010dasn\u00e9 proveden\u00ed plateb. U\u017e \u017e\u00e1dn\u00e9 $50 poplatky z prodlen\u00ed, proto\u017ee faktura le\u017eela t\u00fdden v e-mailu.<\/p>\n\n<p><strong>Dal\u0161\u00ed slevy za v\u010dasnou platbu:<\/strong><br \/>\n\"2\/10 \u010dist\u00e9ho 30\" znamen\u00e1 skute\u010dnou \u00fasporu. Um\u011bl\u00e1 inteligence je zpracov\u00e1v\u00e1 dostate\u010dn\u011b rychle, aby tyto slevy skute\u010dn\u011b zachytila.<\/p>\n\n<p><strong>Lep\u0161\u00ed vztahy s dodavateli:<\/strong><br \/>\nD\u016fsledn\u00e9 a v\u010dasn\u00e9 zpracov\u00e1n\u00ed z v\u00e1s ud\u011bl\u00e1 lep\u0161\u00edho z\u00e1kazn\u00edka. Prodejci oce\u0148uj\u00ed p\u0159edv\u00eddatelnost.<\/p>\n\n<p><strong>Rychlej\u0161\u00ed propl\u00e1cen\u00ed n\u00e1klad\u016f zam\u011bstnanc\u016fm:<\/strong><br \/>\nZpr\u00e1vy o v\u00fddaj\u00edch se zpracov\u00e1vaj\u00ed v \u0159\u00e1du dn\u016f, nikoli t\u00fddn\u016f. \u0160\u0165astn\u011bj\u0161\u00ed zam\u011bstnanci, kte\u0159\u00ed ne\u010dekaj\u00ed na sv\u00e9 pen\u00edze.<\/p>\n\n\n<hr class=\"wp-block-separator has-alpha-channel-opacity\"\/>\n\n\n\n<h3 class=\"wp-block-heading\">B\u011b\u017en\u00e9 sc\u00e9n\u00e1\u0159e zpracov\u00e1n\u00ed dokument\u016f<\/h3>\n\n\n\n<h4 class=\"wp-block-heading\">Zpracov\u00e1n\u00ed faktur<\/h4>\n\n\n<p>Faktura p\u0159ijde e-mailem. AI:<\/p>\n<ol>\n<li>V\u00fdpis v\u0161ech \u00fadaj\u016f z faktur b\u011bhem n\u011bkolika sekund<\/li>\n<li>kontroluje prodejce podle hlavn\u00edho seznamu<\/li>\n<li>Shoduje se s PO, pokud existuje<\/li>\n<li>Ov\u011b\u0159uje \u010d\u00e1stky a v\u00fdpo\u010dty<\/li>\n<li>Zp\u016fsoby schvalov\u00e1n\u00ed na z\u00e1klad\u011b \u010d\u00e1stky a odd\u011blen\u00ed<\/li>\n<li>Vytvo\u0159\u00ed polo\u017eku AP v syst\u00e9mu<\/li>\n<li>oznamuje schvalovateli jeho preferovanou metodou<\/li>\n<\/ol>\n\n<p>Celkov\u00fd \u010das: Celkov\u00fd \u010das: m\u00e9n\u011b ne\u017e jedna minuta. Zapojen\u00ed \u010dlov\u011bka: Pouze rozhodnut\u00ed o schv\u00e1len\u00ed.<\/p>\n\n\n<h4 class=\"wp-block-heading\">Zpracov\u00e1n\u00ed zpr\u00e1v o v\u00fddaj\u00edch<\/h4>\n\n\n<p>Zam\u011bstnanec p\u0159edlo\u017e\u00ed zpr\u00e1vu o v\u00fddaj\u00edch s 12 \u00fa\u010dtenkami. AI:<\/p>\n<ol>\n<li>\u010cte v\u0161echny \u00fa\u010dtenky, v\u010detn\u011b fotografi\u00ed zma\u010dkan\u00e9ho pap\u00edru.<\/li>\n<li>Z ka\u017ed\u00e9 polo\u017eky vyb\u00edr\u00e1 obchodn\u00edka, datum a \u010d\u00e1stku.<\/li>\n<li>Kontrola souladu se z\u00e1sadami spole\u010dnosti (limity \u010d\u00e1stek, povolen\u00e9 kategorie).<\/li>\n<li>Ozna\u010d\u00ed v\u0161echny polo\u017eky mimo z\u00e1sady<\/li>\n<li>Automaticky vypl\u0148uje zpr\u00e1vu o v\u00fddaj\u00edch<\/li>\n<li>Sm\u011b\u0159uje ke schv\u00e1len\u00ed mana\u017eerovi<\/li>\n<li>Fronty na \u00fahradu<\/li>\n<\/ol>\n\n<p>Zam\u011bstnanec nic nep\u00ed\u0161e. Mana\u017eer vid\u00ed \u010dist\u00fd p\u0159ehled s p\u0159ilo\u017een\u00fdmi \u00fa\u010dtenkami. \u00dahrada prob\u00edh\u00e1 rychleji.<\/p>\n\n\n<h4 class=\"wp-block-heading\">Odsouhlasen\u00ed v\u00fdkaz\u016f<\/h4>\n\n\n<p>P\u0159ijde m\u011bs\u00ed\u010dn\u00ed v\u00fdpis z \u00fa\u010dtu. Um\u011bl\u00e1 inteligence:<\/p>\n<ol>\n<li>Vyt\u00e1hne z v\u00fdpisu ka\u017edou transakci<\/li>\n<li>Odpov\u00edd\u00e1 transakc\u00edm ve va\u0161em syst\u00e9mu<\/li>\n<li>Identifikuje neshodn\u00e9 polo\u017eky na obou stran\u00e1ch<\/li>\n<li>ozna\u010duje neobvykl\u00e9 transakce (vysok\u00e9 \u010d\u00e1stky, nezn\u00e1m\u00ed p\u0159\u00edjemci).<\/li>\n<li>Vytvo\u0159\u00ed zpr\u00e1vu o odsouhlasen\u00ed, kter\u00e1 ukazuje, co se shoduje a co ne.<\/li>\n<li>P\u0159edkl\u00e1d\u00e1 v\u00fdjimky pro lidskou kontrolu<\/li>\n<\/ol>\n\n<p>To, co d\u0159\u00edve trvalo hodiny, nyn\u00ed trv\u00e1 minuty. V\u00e1\u0161 t\u00fdm se soust\u0159ed\u00ed pouze na polo\u017eky, kter\u00e9 se automaticky neshoduj\u00ed.<\/p>\n\n\n<hr class=\"wp-block-separator has-alpha-channel-opacity\"\/>\n\n\n\n<h3 class=\"wp-block-heading\">Co AI neum\u00ed<\/h3>\n\n\n<p>\u0158ekn\u011bme si up\u0159\u00edmn\u011b, jak\u00e1 jsou omezen\u00ed:<\/p>\n\n<p><strong>Nedok\u00e1\u017ee si poradit se skute\u010dn\u011b jedine\u010dn\u00fdmi situacemi:<\/strong><br \/>\nStandardn\u00ed faktury? Perfektn\u00ed. Ale jednor\u00e1zov\u00e1 licen\u010dn\u00ed smlouva s neobvykl\u00fdmi platebn\u00edmi podm\u00ednkami? St\u00e1le pot\u0159ebuje lidskou kontrolu.<\/p>\n\n<p><strong>Nem\u016f\u017ee rozhodovat:<\/strong><br \/>\nM\u011bli bychom tuto spornou fakturu zaplatit? M\u00e1 cenu udr\u017eovat tento vztah s dodavatelem? To jsou obchodn\u00ed rozhodnut\u00ed, ne rozhodnut\u00ed o zpracov\u00e1n\u00ed.<\/p>\n\n<p><strong>Nedok\u00e1\u017ee p\u0159e\u010d\u00edst zcela zni\u010den\u00e9 dokumenty:<\/strong><br \/>\nPokud \u010d\u00edsla nepozn\u00e1 \u010dlov\u011bk, nepozn\u00e1 je ani um\u011bl\u00e1 inteligence. \u0160patn\u011b po\u0161kozen\u00e9 dokumenty st\u00e1le vy\u017eaduj\u00ed lidsk\u00fd z\u00e1sah.<\/p>\n\n<p><strong>Nezvl\u00e1d\u00e1 \u00fastn\u00ed dohody:<\/strong><br \/>\n\"\u0158ekl jsem jim, \u017ee zaplat\u00edme do p\u00e1tku\" m\u00e1 v\u00fdznam pouze tehdy, je-li to dolo\u017eeno. UI pracuje s t\u00edm, co je naps\u00e1no, ne s t\u00edm, co bylo \u0159e\u010deno.<\/p>\n\n<p><strong>K extrakci pot\u0159ebuje jasn\u00e1 data:<\/strong><br \/>\nPokud v dokumentu chyb\u00ed kritick\u00e9 informace, um\u011bl\u00e1 inteligence je ozna\u010d\u00ed, ale nedok\u00e1\u017ee data vymyslet. N\u011bkdo mus\u00ed chyb\u011bj\u00edc\u00ed \u010d\u00edslo faktury je\u0161t\u011b naj\u00edt.<\/p>\n\n<p>Um\u011bl\u00e1 inteligence zvl\u00e1d\u00e1 rutinn\u00ed zpracov\u00e1n\u00ed skv\u011ble. V\u0161e ostatn\u00ed st\u00e1le vy\u017eaduje odborn\u00e9 znalosti va\u0161eho t\u00fdmu.<\/p>\n\n\n<hr class=\"wp-block-separator has-alpha-channel-opacity\"\/>\n\n\n\n<h3 class=\"wp-block-heading\">Za\u010d\u00edn\u00e1me<\/h3>\n\n\n<p>Um\u011bl\u00e1 inteligence p\u0159i zpracov\u00e1n\u00ed dokument\u016f funguje nejl\u00e9pe, kdy\u017e za\u010dnete soust\u0159ed\u011bn\u011b:<\/p>\n\n<p><strong>Nejprve vyberte jeden typ dokumentu:<\/strong><br \/>\nNesna\u017ete se automatizovat v\u0161e najednou. Za\u010dn\u011bte s nejobjemn\u011bj\u0161\u00edm typem dokumentu. Obvykle se jedn\u00e1 o faktury nebo v\u00fddajov\u00e9 doklady.<\/p>\n\n<p><strong>Za\u010dn\u011bte s nej\u010dist\u0161\u00edmi daty:<\/strong><br \/>\nNejjednodu\u0161\u0161\u00ed jsou hlavn\u00ed dodavatel\u00e9 s jednotn\u00fdm form\u00e1tov\u00e1n\u00edm. Nejd\u0159\u00edve v nich z\u00edskejte v\u00edt\u011bzstv\u00ed a pak je roz\u0161i\u0159te na variabiln\u011bj\u0161\u00ed dokumenty.<\/p>\n\n<p><strong>Zpo\u010d\u00e1tku informujte lidi:<\/strong><br \/>\nNechte um\u011blou inteligenci pracovat, ale nejprve nechte sv\u016fj t\u00fdm v\u0161e zkontrolovat. Vybudujte si d\u016fv\u011bru v syst\u00e9m. Vyla\u010fte valida\u010dn\u00ed pravidla.<\/p>\n\n<p><strong>Zm\u011b\u0159te \u00fasporu \u010dasu:<\/strong><br \/>\nSledujte, jak dlouho trvalo zpracov\u00e1n\u00ed p\u0159ed a po n\u011bm. M\u011b\u0159en\u00ed chybovosti. Zdokumentujte zlep\u0161en\u00ed. To dokazuje hodnotu.<\/p>\n\n<p><strong>Postupn\u011b se roz\u0161i\u0159ujte:<\/strong><br \/>\nJakmile jeden typ dokumentu funguje dob\u0159e, p\u0159idejte dal\u0161\u00ed. Postupn\u011b budujte mo\u017enosti automatizovan\u00e9ho zpracov\u00e1n\u00ed.<\/p>\n\n<p>Nen\u00ed to v\u0161echno nebo nic. M\u016f\u017eete za\u010d\u00edt v mal\u00e9m, prok\u00e1zat hodnotu a pak ji zv\u00fd\u0161it.<\/p>\n\n\n<hr class=\"wp-block-separator has-alpha-channel-opacity\"\/>\n\n\n\n<h3 class=\"wp-block-heading\">Jste p\u0159ipraveni p\u0159estat zpracov\u00e1vat dokumenty ru\u010dn\u011b?<\/h3>\n\n\n<p>Ka\u017ed\u00e9 finan\u010dn\u00ed odd\u011blen\u00ed m\u00e1 jin\u00e9 objemy dokument\u016f, form\u00e1ty a pracovn\u00ed postupy. Univerz\u00e1ln\u00ed \u0159e\u0161en\u00ed nefunguj\u00ed.<\/p>\n<p>Pod\u00edv\u00e1me se na va\u0161e aktu\u00e1ln\u00ed dokumenty. Va\u0161e syst\u00e9my. Va\u0161e schvalovac\u00ed procesy. Va\u0161e pot\u0159eby v oblasti zpracov\u00e1n\u00ed v\u00fdjimek.<\/p>\n<p>Pak vytvo\u0159\u00edme zpracov\u00e1n\u00ed dokument\u016f s um\u011blou inteligenc\u00ed, kter\u00e9 odpov\u00edd\u00e1 tomu, jak skute\u010dn\u011b pracujete. Ne teorie. Ne obecn\u00e9 \u0161ablony. Va\u0161e konkr\u00e9tn\u00ed pracovn\u00ed postupy.<\/p>\n<p>Za\u010d\u00edn\u00e1me v mal\u00e9m. Doka\u017ete, \u017ee to funguje. Pak to roz\u0161\u00ed\u0159\u00edme. \u017d\u00e1dn\u00e9 velk\u00e9 po\u010d\u00e1te\u010dn\u00ed investice. \u017d\u00e1dn\u00e9 naru\u0161en\u00ed b\u011b\u017en\u00e9ho provozu.<\/p>\n\n<p><strong><a href=\"https:\/\/www.leaplytics.de\/cs\/kontakt\/\">Promluvte si s n\u00e1mi o zpracov\u00e1n\u00ed dokument\u016f<\/a><\/strong><\/p>\n\n<p><a href=\"https:\/\/www.leaplytics.de\/cs\/finance-ai\/\">Zp\u011bt na p\u0159ehled AI v oblasti financ\u00ed<\/a><\/p>","protected":false},"excerpt":{"rendered":"<p>AI for Financial Document Processing: Stop Typing. Start Analyzing. Your finance team processes hundreds or thousands of documents every month. Invoices. Receipts. Bank statements. Expense reports. Purchase orders. Contracts. Someone has to read every one. Extract the data. Type it into your system. Check it&#8217;s correct. Match it to other documents. File it properly. That&#8217;s &hellip; <\/p>","protected":false},"author":2,"featured_media":0,"parent":0,"menu_order":0,"comment_status":"closed","ping_status":"closed","template":"","meta":{"footnotes":""},"class_list":["post-14429","page","type-page","status-publish","hentry","latest_post"],"_links":{"self":[{"href":"https:\/\/www.leaplytics.de\/cs\/wp-json\/wp\/v2\/pages\/14429","targetHints":{"allow":["GET"]}}],"collection":[{"href":"https:\/\/www.leaplytics.de\/cs\/wp-json\/wp\/v2\/pages"}],"about":[{"href":"https:\/\/www.leaplytics.de\/cs\/wp-json\/wp\/v2\/types\/page"}],"author":[{"embeddable":true,"href":"https:\/\/www.leaplytics.de\/cs\/wp-json\/wp\/v2\/users\/2"}],"replies":[{"embeddable":true,"href":"https:\/\/www.leaplytics.de\/cs\/wp-json\/wp\/v2\/comments?post=14429"}],"version-history":[{"count":1,"href":"https:\/\/www.leaplytics.de\/cs\/wp-json\/wp\/v2\/pages\/14429\/revisions"}],"predecessor-version":[{"id":14430,"href":"https:\/\/www.leaplytics.de\/cs\/wp-json\/wp\/v2\/pages\/14429\/revisions\/14430"}],"wp:attachment":[{"href":"https:\/\/www.leaplytics.de\/cs\/wp-json\/wp\/v2\/media?parent=14429"}],"curies":[{"name":"wp","href":"https:\/\/api.w.org\/{rel}","templated":true}]}}