{"id":14441,"date":"2025-12-19T01:44:46","date_gmt":"2025-12-19T00:44:46","guid":{"rendered":"https:\/\/www.leaplytics.de\/?page_id=14441"},"modified":"2025-12-19T01:44:47","modified_gmt":"2025-12-19T00:44:47","slug":"podpora-samoobsluhy-pro-zamestnance-ai","status":"publish","type":"page","link":"https:\/\/www.leaplytics.de\/cs\/podpora-samoobsluhy-pro-zamestnance-ai\/","title":{"rendered":"Samoobsluha zam\u011bstnanc\u016f a podpora AI"},"content":{"rendered":"<h2>AI pro samoobsluhu a podporu zam\u011bstnanc\u016f: P\u0159esta\u0148te odpov\u00eddat na stejn\u00e9 ot\u00e1zky<\/h2>\n\n<p>V\u00e1\u0161 t\u00fdm lidsk\u00fdch zdroj\u016f odpov\u00edd\u00e1 na dotazy cel\u00fd den. Stejn\u00e9 ot\u00e1zky. St\u00e1le dokola.<\/p>\n<p>\"Kolik dn\u00ed dovolen\u00e9 m\u00e1m?\" \"Jak\u00e1 je politika v\u00fddaj\u016f?\" \"Jak mohu aktualizovat svou adresu?\" \"Kdy za\u010d\u00ednaj\u00ed otev\u0159en\u00e9 registrace benefit\u016f?\" \"Mohu pracovat na d\u00e1lku?\"<\/p>\n<p>Ka\u017ed\u00e1 ot\u00e1zka trv\u00e1 5 minut. E-mail tam a zp\u011bt. Vyhled\u00e1n\u00ed z\u00e1sad. Kontrola syst\u00e9mu. Nen\u00ed to slo\u017eit\u00e9, jen se to opakuje.<\/p>\n<p>Ale 50 ot\u00e1zek denn\u011b? To jsou v\u00edce ne\u017e 4 hodiny. Ka\u017ed\u00fd den. Str\u00e1ven\u00e9 odpov\u00edd\u00e1n\u00edm na v\u011bci, kter\u00e9 by si zam\u011bstnanci mohli naj\u00edt sami, kdyby byly informace dostupn\u00e9.<\/p>\n<p>Zam\u011bstnanci zat\u00edm \u010dekaj\u00ed. N\u011bkdy i cel\u00e9 hodiny. N\u011bkdy i n\u011bkolik dn\u00ed. Na jednoduch\u00e9 odpov\u011bdi, kter\u00e9 by v\u016fbec nem\u011bly vy\u017eadovat zapojen\u00ed person\u00e1ln\u00edho odd\u011blen\u00ed.<\/p>\n<p>Um\u011bl\u00e1 inteligence to napravuje. Odpov\u00edd\u00e1 okam\u017eit\u011b. P\u0159esn\u011b. 24\/7. V p\u0159\u00edpad\u011b b\u011b\u017en\u00fdch dotaz\u016f a po\u017eadavk\u016f dostanou zam\u011bstnanci to, co pot\u0159ebuj\u00ed, bez person\u00e1ln\u00edho odd\u011blen\u00ed. U slo\u017eit\u00fdch ot\u00e1zek se HR zapoj\u00ed s ji\u017e zachycen\u00fdm kontextem.<\/p>\n<p>V\u00e1\u0161 t\u00fdm p\u0159estane b\u00fdt asisten\u010dn\u00ed slu\u017ebou a za\u010dne d\u011blat skute\u010dnou pr\u00e1ci v oblasti lidsk\u00fdch zdroj\u016f.<\/p>\n\n\n<hr class=\"wp-block-separator has-alpha-channel-opacity\"\/>\n\n\n\n<h3 class=\"wp-block-heading\">Probl\u00e9m s dne\u0161n\u00ed podporou zam\u011bstnanc\u016f<\/h3>\n\n\n<p>Person\u00e1ln\u00ed odd\u011blen\u00ed je pro ka\u017ed\u00e9ho prvn\u00edm telefonn\u00edm \u010d\u00edslem ve v\u0161ech z\u00e1le\u017eitostech. Politick\u00e9 ot\u00e1zky. Syst\u00e9mov\u00e9 ot\u00e1zky. Dotazy na benefity. Procesn\u00ed dotazy. \u017divotn\u00ed zm\u011bny. Formul\u00e1\u0159e. Schvalov\u00e1n\u00ed.<\/p>\n<p>V\u011bt\u0161ina z nich je jednoduch\u00e1. Odpov\u011b\u010f se nach\u00e1z\u00ed v z\u00e1sad\u00e1ch nebo syst\u00e9mu. Zam\u011bstnanci v\u0161ak nev\u011bd\u00ed, kde ji hledat. Nebo se o to pokou\u0161eli a nemohli ji naj\u00edt. Tak se zeptaj\u00ed person\u00e1ln\u00edho odd\u011blen\u00ed.<\/p>\n<p>Person\u00e1ln\u00ed odd\u011blen\u00ed mus\u00ed p\u0159estat d\u011blat to, co d\u011bl\u00e1. Pod\u00edvejte se na to. Reagujte. Opakujte. Cel\u00fd den.<\/p>\n<p>Ot\u00e1zky jsou n\u00e1sleduj\u00edc\u00ed. Pond\u011bln\u00ed r\u00e1no pot\u00e9, co lid\u00e9 o v\u00edkendu p\u0159em\u00fd\u0161lej\u00ed o pracovn\u00edch a \u017eivotn\u00edch z\u00e1le\u017eitostech. Obdob\u00ed otev\u0159en\u00fdch z\u00e1pis\u016f. Po ozn\u00e1men\u00edch spole\u010dnosti. P\u0159i zm\u011bn\u00e1ch z\u00e1sad.<\/p>\n<p>V klidn\u00fdch obdob\u00edch se to d\u00e1 zvl\u00e1dnout. V ru\u0161n\u00fdch obdob\u00edch se HR top\u00ed. Doba odezvy se prodlu\u017euje na dny. Zam\u011bstnanci jsou frustrovan\u00ed. Person\u00e1ln\u00ed odd\u011blen\u00ed je ve stresu. Pr\u00e1ce, kter\u00e1 vy\u017eaduje soust\u0159ed\u011bn\u00ed, je neust\u00e1le p\u0159eru\u0161ov\u00e1na.<\/p>\n<p>A tady je jedna v\u011bc: v\u011bt\u0161ina zam\u011bstnanc\u016f nechce obt\u011b\u017eovat person\u00e1ln\u00ed odd\u011blen\u00ed. Rad\u011bji by si odpov\u011bdi na\u0161li sami. Ale samoobslu\u017en\u00e9 n\u00e1stroje jsou hrozn\u00e9. Vyhled\u00e1v\u00e1n\u00ed nefunguje. Dokumenty jsou roztrou\u0161en\u00e9. Navigace je nep\u0159ehledn\u00e1. Proto to vzdaj\u00ed a po\u0161lou e-mail na odd\u011blen\u00ed lidsk\u00fdch zdroj\u016f.<\/p>\n<p>Nejde o probl\u00e9m lid\u00ed na obou stran\u00e1ch. Je to probl\u00e9m syst\u00e9mu. A ten \u0159e\u0161\u00ed um\u011bl\u00e1 inteligence.<\/p>\n\n\n<hr class=\"wp-block-separator has-alpha-channel-opacity\"\/>\n\n\n\n<h3 class=\"wp-block-heading\">Co d\u011bl\u00e1 um\u011bl\u00e1 inteligence pro podporu zam\u011bstnanc\u016f<\/h3>\n\n\n<p>Um\u011bl\u00e1 inteligence nenahrazuje person\u00e1ln\u00ed odd\u011blen\u00ed pro podporu zam\u011bstnanc\u016f. \u0158e\u0161\u00ed rutinn\u00ed z\u00e1le\u017eitosti, tak\u017ee se personalist\u00e9 mohou soust\u0159edit na to, co skute\u010dn\u011b pot\u0159ebuje lidsk\u00e9 posouzen\u00ed. Zde je n\u00e1vod, jak na to.<\/p>\n\n\n<h4 class=\"wp-block-heading\">Okam\u017eit\u00e9 odpov\u011bdi na ot\u00e1zky t\u00fdkaj\u00edc\u00ed se z\u00e1sad<\/h4>\n\n\n<p>Zam\u011bstnanec se pt\u00e1: \"Kolik dn\u00ed dovolen\u00e9 mi je\u0161t\u011b zb\u00fdv\u00e1?\"<\/p>\n<p>Um\u011bl\u00e1 inteligence zkontroluje syst\u00e9m. Zjist\u00ed sv\u016fj akru\u00e1ln\u00ed z\u016fstatek. Reaguje: \"Zb\u00fdv\u00e1 v\u00e1m 12 dn\u00ed dovolen\u00e9. V\u00e1\u0161 z\u016fstatek se obnov\u00ed 1. ledna. Chcete podat \u017e\u00e1dost o dovolenou?\"<\/p>\n<p>Nebo: \"Jak\u00fd je limit v\u00fddaj\u016f na stravov\u00e1n\u00ed klient\u016f?\"<\/p>\n<p>Um\u011bl\u00e1 inteligence zn\u00e1 z\u00e1sady v\u00fddaj\u016f. \"Stravov\u00e1n\u00ed klient\u016f je schv\u00e1leno do v\u00fd\u0161e $75 na osobu. Alkohol vy\u017eaduje schv\u00e1len\u00ed \u0159editelem. \u00da\u010dtenky p\u0159edkl\u00e1dejte prost\u0159ednictv\u00edm v\u00fddajov\u00e9ho syst\u00e9mu do 30 dn\u016f.\"<\/p>\n<p>Nebo: \"Mohu v p\u00e1tek pracovat z domova?\"<\/p>\n<p>UI zn\u00e1 z\u00e1sady pr\u00e1ce na d\u00e1lku pro jednotliv\u00e1 odd\u011blen\u00ed. \"Va\u0161e odd\u011blen\u00ed povoluje a\u017e 2 dny vzd\u00e1len\u00e9 pr\u00e1ce t\u00fddn\u011b se souhlasem vedouc\u00edho. Chcete-li po\u017e\u00e1dat o schv\u00e1len\u00ed, zde je formul\u00e1\u0159: [odkaz]\"<\/p>\n<p>Tyto odpov\u011bdi p\u0159ich\u00e1zej\u00ed okam\u017eit\u011b. Nemus\u00edte \u010dekat na odpov\u011b\u010f person\u00e1ln\u00edho odd\u011blen\u00ed. \u017d\u00e1dn\u00e9 hled\u00e1n\u00ed v dokumentech. Sta\u010d\u00ed se zeptat a dostanete odpov\u011b\u010f.<\/p>\n<p>Um\u011bl\u00e1 inteligence neodhaduje. Zn\u00e1 va\u0161e z\u00e1sady. Je vy\u0161kolena na z\u00e1klad\u011b va\u0161\u00ed p\u0159\u00edru\u010dky, z\u00e1sadn\u00edch dokument\u016f a \u010dasto kladen\u00fdch ot\u00e1zek. Kdy\u017e se z\u00e1sady zm\u011bn\u00ed, aktualizujete znalostn\u00ed datab\u00e1zi um\u011bl\u00e9 inteligence. Hotovo.<\/p>\n\n\n<h4 class=\"wp-block-heading\">Zpracov\u00e1n\u00ed b\u011b\u017en\u00fdch po\u017eadavk\u016f bez \u00fa\u010dasti person\u00e1ln\u00edho odd\u011blen\u00ed<\/h4>\n\n\n<p>Spousta po\u017eadavk\u016f person\u00e1ln\u00edho odd\u011blen\u00ed je standardn\u00ed. Nen\u00ed nutn\u00e9 je posuzovat. Sta\u010d\u00ed je zpracovat.<\/p>\n<p>Zm\u011bna adresy. Zm\u011bna jm\u00e9na. Aktualizace nouzov\u00e9ho kontaktu. \u017d\u00e1dost o doklad. Da\u0148ov\u00fd formul\u00e1\u0159. V\u00fdplatn\u00ed p\u00e1ska. Dopis s potvrzen\u00edm o d\u00e1vk\u00e1ch.<\/p>\n<p>Zam\u011bstnanec obvykle pod\u00e1v\u00e1 \u017e\u00e1dost. Person\u00e1ln\u00ed odd\u011blen\u00ed ji zpracuje ru\u010dn\u011b. Aktualizuje syst\u00e9m. Odes\u00edl\u00e1 potvrzen\u00ed. Jeden po\u017eadavek trv\u00e1 10-15 minut.<\/p>\n<p>Um\u011bl\u00e1 inteligence se o to postar\u00e1 automaticky.<\/p>\n<p>Zam\u011bstnanec: \"P\u0159est\u011bhoval jsem se. Pot\u0159ebuji aktualizovat svou adresu.\"<\/p>\n<p>AI: \"S t\u00edm v\u00e1m mohu pomoci. Jak\u00e1 je va\u0161e nov\u00e1 adresa?\"<\/p>\n<p>Zam\u011bstnanec ji poskytuje. AI ov\u011b\u0159\u00ed form\u00e1t. Aktualizuje HRIS. Aktualizuje mzdov\u00fd syst\u00e9m. Potvrzuje: \"Va\u0161e adresa je aktualizov\u00e1na. Va\u0161e p\u0159\u00ed\u0161t\u00ed v\u00fdplata bude odr\u00e1\u017eet novou adresu.\"<\/p>\n<p>Nebo: \"Pot\u0159ebuji potvrzen\u00ed o zam\u011bstn\u00e1n\u00ed k \u017e\u00e1dosti o hypot\u00e9ku.\"<\/p>\n<p>AI: \"J\u00e1 v\u00e1m to vygeneruji. Bude obsahovat n\u00e1zev va\u0161\u00ed pr\u00e1ce, datum n\u00e1stupu a aktu\u00e1ln\u00ed plat. Je to tak?\" Zam\u011bstnanec potvrd\u00ed. UI vygeneruje dopis. Ode\u0161le ho. Hotovo.<\/p>\n<p>Person\u00e1ln\u00ed odd\u011blen\u00ed se nezapojuje, pokud se nejedn\u00e1 o neobvyklou z\u00e1le\u017eitost nebo pokud nen\u00ed t\u0159eba schv\u00e1len\u00ed. Standardn\u00ed \u017e\u00e1dosti se prost\u011b zpracuj\u00ed.<\/p>\n\n\n<h4 class=\"wp-block-heading\">Podpora \u0159\u00edzen\u00fdch proces\u016f<\/h4>\n\n\n<p>N\u011bkter\u00e9 v\u011bci nejsou jedinou ot\u00e1zkou - jsou procesem. P\u0159ihl\u00e1\u0161en\u00ed k benefit\u016fm. \u017d\u00e1dosti o dovolenou. Hodnocen\u00ed v\u00fdkonnosti. P\u0159edkl\u00e1d\u00e1n\u00ed v\u00fddaj\u016f.<\/p>\n<p>Ty lidi matou. Jak\u00e9 kroky? Jak\u00e9 formul\u00e1\u0159e? Co se vy\u017eaduje? Co je nepovinn\u00e9? Kam se pod\u00e1v\u00e1 \u017e\u00e1dost?<\/p>\n<p>Um\u011bl\u00e1 inteligence vede zam\u011bstnance krok za krokem.<\/p>\n<p>Zam\u011bstnanec: \"Odch\u00e1z\u00edm na rodi\u010dovskou dovolenou. Co mus\u00edm ud\u011blat?\"<\/p>\n<p>AI: \"Provedu v\u00e1s procesem rodi\u010dovsk\u00e9 dovolen\u00e9. Nejprve si potvrd\u00edme n\u011bkter\u00e9 podrobnosti. Kdy m\u00e1te term\u00edn porodu?\"<\/p>\n<p>Odpov\u011bdi zam\u011bstnanc\u016f. AI pokra\u010duje: \"M\u00e1te n\u00e1rok na 12 t\u00fddn\u016f placen\u00e9 rodi\u010dovsk\u00e9 dovolen\u00e9. \u017d\u00e1dost byste m\u011bli podat nejm\u00e9n\u011b 30 dn\u00ed p\u0159ed n\u00e1stupem na dovolenou. Zde je uvedeno, co mus\u00edte ud\u011blat:<\/p>\n<ol>\n<li>Vypl\u0148te formul\u00e1\u0159 \u017e\u00e1dosti o rodi\u010dovskou dovolenou [odkaz].<\/li>\n<li>Poskytn\u011bte l\u00e9ka\u0159skou dokumentaci od sv\u00e9ho l\u00e9ka\u0159e<\/li>\n<li>Sejd\u011bte se se sv\u00fdm mana\u017eerem a napl\u00e1nujte pokryt\u00ed<\/li>\n<li>Koordinace s person\u00e1ln\u00edm odd\u011blen\u00edm ohledn\u011b pokra\u010dov\u00e1n\u00ed benefit\u016f<\/li>\n<\/ol>\n<p>Chcete, abych v\u00e1m formul\u00e1\u0159 poslal hned?\"<\/p>\n<p>\u017d\u00e1dn\u00fd zmatek. \u017d\u00e1dn\u00e9 vynechan\u00e9 kroky. Jasn\u00e9 pokyny od za\u010d\u00e1tku do konce.<\/p>\n<p>To plat\u00ed pro v\u0161echny slo\u017eit\u00e9 procesy v oblasti lidsk\u00fdch zdroj\u016f. Um\u011bl\u00e1 inteligence zn\u00e1 jednotliv\u00e9 kroky. V\u00ed, co je pot\u0159eba. Dok\u00e1\u017ee lidi prov\u00e9st cel\u00fdm procesem, ani\u017e by HR odd\u011blen\u00ed muselo ka\u017ed\u00e9ho \u010dlov\u011bka v\u00e9st za ruku zvl\u00e1\u0161\u0165.<\/p>\n\n\n<h4 class=\"wp-block-heading\">Chytr\u00e1 eskalace na lidi<\/h4>\n\n\n<p>Um\u011bl\u00e1 inteligence nezvl\u00e1dne v\u0161echno. N\u011bkter\u00e9 v\u011bci mus\u00ed posoudit \u010dlov\u011bk. N\u011bkter\u00e9 v\u011bci jsou citliv\u00e9. N\u011bkter\u00e9 v\u011bci jsou prost\u011b p\u0159\u00edli\u0161 slo\u017eit\u00e9 nebo jedine\u010dn\u00e9.<\/p>\n<p>Um\u011bl\u00e1 inteligence zn\u00e1 sv\u00e9 limity. Kdy\u017e ot\u00e1zka p\u0159es\u00e1hne r\u00e1mec rutiny, p\u0159ejde na HR, ale s kontextem.<\/p>\n<p>Zam\u011bstnanec: \"\u0158e\u0161\u00edm situaci obt\u011b\u017eov\u00e1n\u00ed s m\u00fdm nad\u0159\u00edzen\u00fdm.\"<\/p>\n<p>AI okam\u017eit\u011b: \"Okam\u017eit\u011b v\u00e1s spoj\u00edm s person\u00e1ln\u00edm odd\u011blen\u00edm. Tohle vy\u017eaduje p\u0159\u00edmou lidskou podporu. Pros\u00edm, o\u010dek\u00e1vejte telefon\u00e1t od [person\u00e1ln\u00ed pracovn\u00edk] do hodiny. Pokud je to nal\u00e9hav\u00e9, m\u016f\u017eete se s nimi spojit tak\u00e9 na adrese [kontaktn\u00ed \u00fadaje].\"<\/p>\n<p>Um\u011bl\u00e1 inteligence konverzaci zaznamen\u00e1. P\u0159esm\u011bruje ji na spr\u00e1vnou osobu. Ozna\u010d\u00ed ji jako prioritn\u00ed. Person\u00e1ln\u00ed odd\u011blen\u00ed vid\u00ed kontext a m\u016f\u017ee vhodn\u011b reagovat.<\/p>\n<p>Nebo m\u00e9n\u011b citliv\u00e9, ale slo\u017eit\u00e9: \"Moje situace je v\u00fdjime\u010dn\u00e1 - st\u011bhuji se do jin\u00e9 zem\u011b kv\u016fli man\u017eelov\u011b pr\u00e1ci.\"<\/p>\n<p>AI: \"To je slo\u017eit\u00e1 situace s mezin\u00e1rodn\u00edmi d\u016fsledky. P\u0159ed\u00e1v\u00e1m to person\u00e1ln\u00edmu odd\u011blen\u00ed, kter\u00e9 m\u016f\u017ee probrat va\u0161e mo\u017enosti. Ozvou se v\u00e1m do 24 hodin. Mezit\u00edm v\u00e1m p\u0159in\u00e1\u0161\u00edme n\u011bkolik obecn\u00fdch informac\u00ed o mezin\u00e1rodn\u00edch p\u0159evodech: [odkaz]\"<\/p>\n<p>Um\u011bl\u00e1 inteligence nep\u0159edst\u00edr\u00e1, \u017ee zvl\u00e1dne v\u0161echno. V\u00ed, kdy m\u00e1 zapojit \u010dlov\u011bka. Zachycuje v\u0161ak kontext, tak\u017ee personalist\u00e9 nemus\u00ed za\u010d\u00ednat od nuly.<\/p>\n\n\n<h4 class=\"wp-block-heading\">Dostupnost 24\/7<\/h4>\n\n\n<p>Ot\u00e1zky t\u00fdkaj\u00edc\u00ed se lidsk\u00fdch zdroj\u016f se ne\u0159e\u0161\u00ed pouze od pond\u011bl\u00ed do p\u00e1tku od 9 do 5 hodin.<\/p>\n<p>Ned\u011bln\u00ed ve\u010der: \"Po\u010dkej, v kolik hodin z\u00edtra za\u010d\u00edn\u00e1 m\u016fj pohovor?\"<\/p>\n<p>23:00: \"Pr\u00e1v\u011b jsem si vzpomn\u011bl, \u017ee mus\u00edm do z\u00edt\u0159ka odevzdat tu zpr\u00e1vu o v\u00fddaj\u00edch.\"<\/p>\n<p>Brzy r\u00e1no: \"M\u016f\u017eu dnes vz\u00edt d\u00edt\u011b k l\u00e9ka\u0159i, ani\u017e bych vyu\u017eil volno?\"<\/p>\n<p>Obvykle se \u010dek\u00e1, a\u017e bude k dispozici person\u00e1ln\u00ed odd\u011blen\u00ed. V t\u00e9 dob\u011b u\u017e m\u016f\u017ee b\u00fdt pozd\u011b nebo na to doty\u010dn\u00fd p\u0159ijde s\u00e1m.<\/p>\n<p>Um\u011bl\u00e1 inteligence je tu v\u017edy. Noci. V\u00edkendy. Sv\u00e1tky. Ot\u00e1zky jsou zodpov\u011bzeny, kdy\u017e je lid\u00e9 pot\u0159ebuj\u00ed, ne kdy\u017e je HR n\u00e1hodou v kancel\u00e1\u0159i.<\/p>\n<p>To je zvl\u00e1\u0161t\u011b cenn\u00e9 pro spole\u010dnosti s v\u00edce \u010dasov\u00fdmi p\u00e1smy, pracovn\u00edky na sm\u011bny nebo glob\u00e1ln\u00edmi t\u00fdmy.<\/p>\n\n\n<hr class=\"wp-block-separator has-alpha-channel-opacity\"\/>\n\n\n\n<h3 class=\"wp-block-heading\">Co to pro v\u00e1s znamen\u00e1<\/h3>\n\n\n\n<h4 class=\"wp-block-heading\">Pro \u0159editele lidsk\u00fdch zdroj\u016f a vedouc\u00ed pracovn\u00edky<\/h4>\n\n\n<ul>\n<li><strong>Sn\u00ed\u017een\u00ed objemu letenek HR.<\/strong> 60-80% dotaz\u016f vy\u0159izovan\u00fdch AI. Kapacita va\u0161eho t\u00fdmu se efektivn\u011b zvy\u0161uje.<\/li>\n<li><strong>V\u011bt\u0161\u00ed spokojenost zam\u011bstnanc\u016f.<\/strong> Okam\u017eit\u00e9 odpov\u011bdi. \u017d\u00e1dn\u00e9 \u010dek\u00e1n\u00ed. Jasn\u00e9 pokyny. Zam\u011bstnanci c\u00edt\u00ed podporu.<\/li>\n<li><strong>Person\u00e1ln\u00ed odd\u011blen\u00ed zam\u011b\u0159en\u00e9 na strategickou pr\u00e1ci.<\/strong> Neodpov\u00eddat cel\u00fd den na stejn\u00e9 ot\u00e1zky. Skute\u010dn\u00e9 zlep\u0161ov\u00e1n\u00ed program\u016f pro lidi.<\/li>\n<li><strong>Konzistentn\u00ed informace.<\/strong> Poka\u017ed\u00e9 stejn\u00e9 odpov\u011bdi. \u017d\u00e1dn\u00e9 probl\u00e9my typu \"z\u00e1le\u017e\u00ed na tom, koho se zept\u00e1te\".<\/li>\n<li><strong>P\u0159ehled o probl\u00e9mech zam\u011bstnanc\u016f.<\/strong> Na co se lid\u00e9 ptaj\u00ed? Kde doch\u00e1z\u00ed k nejasnostem? Data v\u00e1m uk\u00e1\u017eou, kde je t\u0159eba zlep\u0161it komunikaci.<\/li>\n<li><strong>Roz\u0161i\u0159te podporu, ani\u017e byste museli zvy\u0161ovat po\u010det zam\u011bstnanc\u016f.<\/strong> Spole\u010dnost roste 30%? AI zvl\u00e1dne zv\u00fd\u0161en\u00fd objem bez nutnosti p\u0159id\u00e1vat person\u00e1ln\u00ed pracovn\u00edky.<\/li>\n<\/ul>\n\n\n<h4 class=\"wp-block-heading\">Pro mana\u017eery a specialisty v oblasti lidsk\u00fdch zdroj\u016f<\/h4>\n\n\n<ul>\n<li><strong>P\u0159esta\u0148te odpov\u00eddat na opakuj\u00edc\u00ed se ot\u00e1zky.<\/strong> Um\u011bl\u00e1 inteligence zvl\u00e1d\u00e1 rutinu. Vy se star\u00e1te o slo\u017eit\u00e9 a citliv\u00e9 z\u00e1le\u017eitosti.<\/li>\n<li><strong>Vy\u0159izujte v\u00fdjimky, nikoli b\u011b\u017en\u00e9 dotazy.<\/strong> Va\u0161e odborn\u00e9 znalosti se pou\u017e\u00edvaj\u00ed tam, kde je to d\u016fle\u017eit\u00e9, ne p\u0159i vyhled\u00e1v\u00e1n\u00ed z\u00e1sad.<\/li>\n<li><strong>M\u00e9n\u011b p\u0159eru\u0161ov\u00e1n\u00ed.<\/strong> M\u00e9n\u011b neust\u00e1l\u00fdch ping\u016f. V\u00edce \u010dasu na soust\u0159ed\u011bnou pr\u00e1ci na projektech, kter\u00e9 skute\u010dn\u011b zlep\u0161uj\u00ed HR.<\/li>\n<li><strong>Kontext, kdy doch\u00e1z\u00ed k eskalaci.<\/strong> Kdy\u017e se na v\u00e1s obr\u00e1t\u00ed, m\u00e1te k dispozici historii konverzace. Nemus\u00edte za\u010d\u00ednat od za\u010d\u00e1tku.<\/li>\n<li><strong>Uspokojiv\u011bj\u0161\u00ed pr\u00e1ce.<\/strong> M\u00e9n\u011b administrace. V\u00edce \u0159e\u0161en\u00ed probl\u00e9m\u016f, v\u00edce strategie, v\u00edce skute\u010dn\u00e9 pr\u00e1ce s lidmi.<\/li>\n<\/ul>\n\n\n<h4 class=\"wp-block-heading\">Pro zam\u011bstnance<\/h4>\n\n\n<ul>\n<li><strong>Okam\u017eit\u00e9 odpov\u011bdi.<\/strong> Na jednoduch\u00e9 ot\u00e1zky nemus\u00edte \u010dekat hodiny nebo dny. Zeptejte se a dozv\u00edte se to okam\u017eit\u011b.<\/li>\n<li><strong>\u017d\u00e1dn\u00e9 \u010dek\u00e1n\u00ed na pracovn\u00ed dobu.<\/strong> Ot\u00e1zka v dev\u011bt hodin ve\u010der? Odpov\u011b\u010f z\u00edsk\u00e1te ve 21:00.<\/li>\n<li><strong>Jasn\u00e9 pokyny.<\/strong> Nejen odpov\u011bdi - pomoc p\u0159i cel\u00fdch procesech. V\u00edte, co a jak d\u011blat.<\/li>\n<li><strong>Men\u0161\u00ed t\u0159en\u00ed.<\/strong> Standardn\u00ed po\u017eadavky se zpracov\u00e1vaj\u00ed automaticky. Zm\u011b\u0148te svou adresu bez nutnosti pos\u00edlat e-mail na person\u00e1ln\u00ed odd\u011blen\u00ed a \u010dekat.<\/li>\n<li><strong>C\u00edt\u00edte se podporov\u00e1ni.<\/strong> Kdy\u017e pot\u0159ebujete pomoc, je v\u00e1m k dispozici. Nikoliv \"po\u0161lete l\u00edstek a \u010dekejte\".<\/li>\n<\/ul>\n\n\n<hr class=\"wp-block-separator has-alpha-channel-opacity\"\/>\n\n\n\n<h3 class=\"wp-block-heading\">Co AI neud\u011bl\u00e1<\/h3>\n\n\n<p>Ujasn\u011bme si hranice.<\/p>\n<p>Um\u011bl\u00e1 inteligence nezvl\u00e1d\u00e1 citliv\u00e9 z\u00e1le\u017eitosti. Obt\u011b\u017eov\u00e1n\u00ed. Diskriminace. Probl\u00e9my s v\u00fdkonem. Mezilidsk\u00e9 konflikty. Obavy o du\u0161evn\u00ed zdrav\u00ed. Ty se okam\u017eit\u011b obracej\u00ed na lidi.<\/p>\n<p>Um\u011bl\u00e1 inteligence ned\u011bl\u00e1 v\u00fdjimky ze z\u00e1sad. \"M\u016f\u017eu si pros\u00edm vz\u00edt je\u0161t\u011b jeden den dovolen\u00e9, i kdy\u017e u\u017e m\u00e1m sv\u016fj limit?\" To je po\u017eadavek \u010dlov\u011bka, ne um\u011bl\u00e9 inteligence.<\/p>\n<p>Um\u011bl\u00e1 inteligence neposkytuje rady ve slo\u017eit\u00fdch osobn\u00edch situac\u00edch. \"M\u00e1m p\u0159ijmout novou pracovn\u00ed nab\u00eddku intern\u011b, nebo z\u016fstat na st\u00e1vaj\u00edc\u00ed pozici?\" To pot\u0159ebuje person\u00e1ln\u00ed poradenstv\u00ed, ne automatick\u00e9 odpov\u011bdi.<\/p>\n<p>Zvl\u00e1d\u00e1 rutinu. Vyhled\u00e1v\u00e1n\u00ed z\u00e1sad. Jednoduch\u00e9 po\u017eadavky. Veden\u00ed proces\u016f. 80%, kter\u00e9 nevy\u017eaduj\u00ed lidsk\u00fd \u00fasudek.<\/p>\n<p>Ostatn\u00ed 20% - slo\u017eit\u00e9, citliv\u00e9, jedine\u010dn\u00e9 - st\u00e1le pat\u0159\u00ed va\u0161emu person\u00e1ln\u00edmu t\u00fdmu. Nyn\u00ed v\u0161ak maj\u00ed \u010das se jimi skute\u010dn\u011b \u0159\u00e1dn\u011b zab\u00fdvat, proto\u017ee nejsou zahlceni rutinn\u00edmi dotazy.<\/p>\n\n\n<hr class=\"wp-block-separator has-alpha-channel-opacity\"\/>\n\n\n\n<h3 class=\"wp-block-heading\">Dopad v re\u00e1ln\u00e9m sv\u011bt\u011b<\/h3>\n\n\n<p>Jak to vlastn\u011b vypad\u00e1?<\/p>\n<p>Spole\u010dnost s 800 zam\u011bstnanci zav\u00e1d\u00ed um\u011blou inteligenci pro podporu zam\u011bstnanc\u016f. P\u0159edt\u00edm: Person\u00e1ln\u00ed odd\u011blen\u00ed dost\u00e1valo 150-200 dotaz\u016f t\u00fddn\u011b. HR str\u00e1vilo 30-40 hodin t\u00fddn\u011b jen odpov\u00edd\u00e1n\u00edm na dotazy.<\/p>\n<p>Po: 120-150 z t\u011bchto dotaz\u016f vy\u0159izuje AI automaticky. Person\u00e1ln\u00ed odd\u011blen\u00ed vy\u0159izuje pouze 30-50. To je \u00faspora 20-30 hodin t\u00fddn\u011b. V podstat\u011b se uvolnila kapacita jednoho pln\u00e9ho \u00favazku.<\/p>\n<p>Zvy\u0161uje se spokojenost zam\u011bstnanc\u016f s person\u00e1ln\u00ed podporou. Doba odpov\u011bdi na b\u011b\u017en\u00e9 dotazy se zkracuje z hodin na sekundy. Zlep\u0161uje se i doba odezvy na slo\u017eit\u00e9 ot\u00e1zky - proto\u017ee HR odd\u011blen\u00ed m\u00e1 \u010das se jimi \u0159\u00e1dn\u011b zab\u00fdvat.<\/p>\n<p>Person\u00e1ln\u00ed odd\u011blen\u00ed pracuje na v\u011bcech, na kter\u00fdch skute\u010dn\u011b z\u00e1le\u017e\u00ed. Zlep\u0161en\u00ed programu benefit\u016f. \u0160kolen\u00ed mana\u017eer\u016f. Iniciativy na udr\u017een\u00ed zam\u011bstnanc\u016f. V\u011bci, kter\u00e9 byly odsunuty stranou, kdy\u017e se topili v dotazech.<\/p>\n<p>To nen\u00ed hypotetick\u00e9. Tohle se stane, kdy\u017e AI spr\u00e1vn\u011b zvl\u00e1dne podporu zam\u011bstnanc\u016f.<\/p>\n\n\n<hr class=\"wp-block-separator has-alpha-channel-opacity\"\/>\n\n\n\n<h3 class=\"wp-block-heading\">Za\u010d\u00edn\u00e1me<\/h3>\n\n\n<p>Nemus\u00edte v\u0161e automatizovat. Za\u010dn\u011bte s velk\u00fdm objemem dotaz\u016f s n\u00edzkou slo\u017eitost\u00ed.<\/p>\n<p>Pro v\u011bt\u0161inu spole\u010dnost\u00ed jsou to ot\u00e1zky t\u00fdkaj\u00edc\u00ed se politiky. Z\u016fstatky dovolen\u00e9. Z\u00e1klady benefit\u016f. Z\u00e1sady pro v\u00fddaje. Za\u010dn\u011bte tam.<\/p>\n<p>Nebo jde o jednoduch\u00e9 \u017e\u00e1dosti. Zm\u011bny adres. \u017d\u00e1dosti o dokumenty. Sta\u017een\u00ed formul\u00e1\u0159e. Ty automatizujte jako prvn\u00ed.<\/p>\n<p>Nebo je to mo\u017en\u00e1 procesn\u00ed veden\u00ed. P\u0159ihla\u0161ov\u00e1n\u00ed k benefit\u016fm. \u017d\u00e1dosti o dovolenou. V\u00fddaje. Pomozte lidem s jejich vy\u0159izov\u00e1n\u00edm bez veden\u00ed person\u00e1ln\u00edho odd\u011blen\u00ed.<\/p>\n<p>Vyberte si jednu kategorii. Implementujte um\u011blou inteligenci. Zm\u011b\u0159te sn\u00ed\u017een\u00ed objemu. M\u011b\u0159en\u00ed spokojenosti zam\u011bstnanc\u016f. Pak roz\u0161i\u0159te.<\/p>\n<p>Pot\u0159eby podpory zam\u011bstnanc\u016f ka\u017ed\u00e9 spole\u010dnosti jsou jin\u00e9. Va\u0161e z\u00e1sady jsou jedine\u010dn\u00e9. Va\u0161e syst\u00e9my maj\u00ed specifick\u00e9 zvl\u00e1\u0161tnosti. Va\u0161i zam\u011bstnanci maj\u00ed ur\u010dit\u00e9 zvyklosti.<\/p>\n<p>Proto AI pro podporu zam\u011bstnanc\u016f nen\u00ed plug-and-play. Mus\u00ed se nau\u010dit va\u0161e z\u00e1sady. Integrovat se s va\u0161imi syst\u00e9my. P\u0159izp\u016fsobit se va\u0161im proces\u016fm.<\/p>\n\n\n<hr class=\"wp-block-separator has-alpha-channel-opacity\"\/>\n\n\n\n<h3 class=\"wp-block-heading\">Podtr\u017eeno, se\u010dteno<\/h3>\n\n\n<p>HR t\u00fdmy by nem\u011bly b\u00fdt asisten\u010dn\u00edmi pracovi\u0161ti. M\u011bly by b\u00fdt strategick\u00fdmi partnery, kte\u0159\u00ed pom\u00e1haj\u00ed firm\u011b v oblasti talent\u016f, kultury a program\u016f pro lidi.<\/p>\n<p>Nemohou v\u0161ak b\u00fdt strategi\u010dt\u00ed, kdy\u017e se ut\u00e1p\u011bj\u00ed v rutinn\u00edch dotazech. A pr\u00e1v\u011b zde p\u0159ich\u00e1z\u00ed na \u0159adu um\u011bl\u00e1 inteligence.<\/p>\n<p>Um\u011bl\u00e1 inteligence zvl\u00e1d\u00e1 rutinu. Vyhled\u00e1v\u00e1n\u00ed z\u00e1sad. Jednoduch\u00e9 po\u017eadavky. Z\u00e1kladn\u00ed pokyny. Okam\u017eit\u011b. D\u016fsledn\u011b. 24\/7.<\/p>\n<p>Person\u00e1ln\u00ed odd\u011blen\u00ed \u0159e\u0161\u00ed komplexn\u00ed z\u00e1le\u017eitosti. Citliv\u00e9. Jedine\u010dn\u00e9. V\u011bci, kter\u00e9 skute\u010dn\u011b vy\u017eaduj\u00ed lidsk\u00fd \u00fasudek a odborn\u00e9 znalosti.<\/p>\n<p>V\u00fdsledkem je lep\u0161\u00ed podpora zam\u011bstnanc\u016f, lep\u0161\u00ed pr\u00e1ce person\u00e1ln\u00edho odd\u011blen\u00ed a vy\u0161\u0161\u00ed p\u0159\u00ednos person\u00e1ln\u00ed funkce pro organizaci.<\/p>\n<p>To nen\u00ed humbuk. To je to, co um\u011bl\u00e1 inteligence d\u011bl\u00e1 pro podporu zam\u011bstnanc\u016f, kdy\u017e je spr\u00e1vn\u011b implementov\u00e1na.<\/p>\n\n\n<hr class=\"wp-block-separator has-alpha-channel-opacity\"\/>\n\n\n\n<h3 class=\"wp-block-heading\">Jste p\u0159ipraveni sn\u00ed\u017eit objem dotaz\u016f v oblasti lidsk\u00fdch zdroj\u016f?<\/h3>\n\n\n<p>Neprod\u00e1v\u00e1me generick\u00e9 chatboty. Zkoum\u00e1me va\u0161e specifick\u00e9 vzorce dotaz\u016f. Va\u0161e z\u00e1sady. Va\u0161e syst\u00e9my. Va\u0161e procesy.<\/p>\n<p>Pot\u00e9 vytvo\u0159\u00edme AI, kter\u00e1 bude odpov\u00eddat tomu, jak va\u0161i zam\u011bstnanci skute\u010dn\u011b pot\u0159ebuj\u00ed podporu. \u017d\u00e1dn\u00fd obecn\u00fd bot s nej\u010dast\u011bj\u0161\u00edmi dotazy - skute\u010dn\u00e1 podpora, kter\u00e1 funguje.<\/p>\n<p>\u017d\u00e1dn\u00fd humbuk. \u017d\u00e1dn\u00fd p\u0159ehnan\u00fd prodej. Jen praktick\u00e1 um\u011bl\u00e1 inteligence, kter\u00e1 zlep\u0161uje podporu zam\u011bstnanc\u016f a zvy\u0161uje strategi\u010dnost pr\u00e1ce person\u00e1ln\u00edho odd\u011blen\u00ed.<\/p>\n\n<p><a href=\"https:\/\/www.leaplytics.de\/cs\/kontakt\/\">Poj\u010fme si promluvit o probl\u00e9mech s podporou zam\u011bstnanc\u016f<\/a><\/p>\n\n<p><a href=\"https:\/\/www.leaplytics.de\/cs\/lidske-zdroje-ai\/\">Zp\u011bt na HR AI Solutions<\/a><\/p>","protected":false},"excerpt":{"rendered":"<p>AI for Employee Self-Service &#038; Support: Stop Answering the Same Questions Your HR team answers questions all day. The same questions. Over and over. &#8220;How many vacation days do I have?&#8221; &#8220;What&#8217;s the expense policy?&#8221; &#8220;How do I update my address?&#8221; &#8220;When do benefits open enrollment start?&#8221; &#8220;Can I work remotely?&#8221; Each question takes 5 &hellip; <\/p>","protected":false},"author":2,"featured_media":0,"parent":0,"menu_order":0,"comment_status":"closed","ping_status":"closed","template":"","meta":{"footnotes":""},"class_list":["post-14441","page","type-page","status-publish","hentry","latest_post"],"_links":{"self":[{"href":"https:\/\/www.leaplytics.de\/cs\/wp-json\/wp\/v2\/pages\/14441","targetHints":{"allow":["GET"]}}],"collection":[{"href":"https:\/\/www.leaplytics.de\/cs\/wp-json\/wp\/v2\/pages"}],"about":[{"href":"https:\/\/www.leaplytics.de\/cs\/wp-json\/wp\/v2\/types\/page"}],"author":[{"embeddable":true,"href":"https:\/\/www.leaplytics.de\/cs\/wp-json\/wp\/v2\/users\/2"}],"replies":[{"embeddable":true,"href":"https:\/\/www.leaplytics.de\/cs\/wp-json\/wp\/v2\/comments?post=14441"}],"version-history":[{"count":1,"href":"https:\/\/www.leaplytics.de\/cs\/wp-json\/wp\/v2\/pages\/14441\/revisions"}],"predecessor-version":[{"id":14448,"href":"https:\/\/www.leaplytics.de\/cs\/wp-json\/wp\/v2\/pages\/14441\/revisions\/14448"}],"wp:attachment":[{"href":"https:\/\/www.leaplytics.de\/cs\/wp-json\/wp\/v2\/media?parent=14441"}],"curies":[{"name":"wp","href":"https:\/\/api.w.org\/{rel}","templated":true}]}}