{"id":14477,"date":"2025-12-19T01:55:31","date_gmt":"2025-12-19T00:55:31","guid":{"rendered":"https:\/\/www.leaplytics.de\/?page_id=14477"},"modified":"2025-12-19T01:55:31","modified_gmt":"2025-12-19T00:55:31","slug":"tvorba-obsahu-personalizace-ai","status":"publish","type":"page","link":"https:\/\/www.leaplytics.de\/cs\/tvorba-obsahu-personalizace-ai\/","title":{"rendered":"Tvorba obsahu a personalizace AI"},"content":{"rendered":"<h2>Um\u011bl\u00e1 inteligence pro tvorbu a personalizaci obsahu: P\u0159esta\u0148te za\u010d\u00ednat od pr\u00e1zdn\u00fdch str\u00e1nek<\/h2>\n\n<p>V\u00e1\u0161 marketingov\u00fd t\u00fdm pot\u0159ebuje v\u00edce obsahu. E-maily. Reklamy. P\u0159\u00edsp\u011bvky na soci\u00e1ln\u00edch s\u00edt\u00edch. C\u00edlov\u00e9 str\u00e1nky. Popisy produkt\u016f. P\u0159\u00edsp\u011bvky na blogu. P\u0159\u00edpadov\u00e9 studie.<\/p>\n<p>A nem\u016f\u017ee b\u00fdt obecn\u00fd. Ka\u017ed\u00fd segment o\u010dek\u00e1v\u00e1 sd\u011blen\u00ed, kter\u00e1 k n\u011bmu promlouvaj\u00ed. Ka\u017ed\u00fd kan\u00e1l pot\u0159ebuje sv\u016fj vlastn\u00ed form\u00e1t. Ka\u017ed\u00e1 kampa\u0148 pot\u0159ebuje v\u00edce variant pro testov\u00e1n\u00ed.<\/p>\n<p>\u017d\u00e1d\u00e1te lidi, aby psali rychleji. Ale rychlost, jakou m\u016f\u017ee kdokoli ps\u00e1t od nuly, je omezen\u00e1.<\/p>\n<p>Um\u011bl\u00e1 inteligence nenahrazuje va\u0161e spisovatele. Poskytuje jim v\u00fdchoz\u00ed bod. Vytv\u00e1\u0159\u00ed varianty ve velk\u00e9m m\u011b\u0159\u00edtku. Automaticky personalizuje zpr\u00e1vy. V\u00e1\u0161 t\u00fdm se rychleji dostane od pr\u00e1zdn\u00e9 str\u00e1nky k vybrou\u0161en\u00e9mu obsahu.<\/p>\n\n\n<hr class=\"wp-block-separator has-alpha-channel-opacity\"\/>\n\n\n\n<h3 class=\"wp-block-heading\">Probl\u00e9m: P\u0159\u00edli\u0161 mnoho obsahu a m\u00e1lo \u010dasu<\/h3>\n\n\n<p>Ka\u017ed\u00fd marketingov\u00fd kan\u00e1l pot\u0159ebuje krmen\u00ed. Odb\u011bratel\u00e9 e-mail\u016f o\u010dek\u00e1vaj\u00ed pravideln\u00e9 zpr\u00e1vy. Soci\u00e1ln\u00ed s\u00edt\u011b pot\u0159ebuj\u00ed ka\u017edodenn\u00ed p\u0159\u00edsp\u011bvky. Reklamn\u00ed kampan\u011b pot\u0159ebuj\u00ed \u010derstvou kreativu. Prodej pot\u0159ebuje nov\u00e9 podklady.<\/p>\n<p>Obecn\u00fd obsah u\u017e nefunguje. Va\u0161e publikum o\u010dek\u00e1v\u00e1 relevanci. R\u016fzn\u00e1 odv\u011btv\u00ed pot\u0159ebuj\u00ed r\u016fzn\u00e9 \u00fahly pohledu. R\u016fzn\u00e9 role zaj\u00edmaj\u00ed r\u016fzn\u00e9 v\u011bci.<\/p>\n<p>Pot\u0159ebujete tedy v\u00edce obsahu. A mus\u00ed b\u00fdt personalizovan\u00fd. A mus\u00ed b\u00fdt dobr\u00fd. A pot\u0159ebujete ho v\u010dera.<\/p>\n<p>V\u00e1\u0161 t\u00fdm je napjat\u00fd. Bu\u010f produkujete m\u00e9n\u011b obsahu a p\u0159ich\u00e1z\u00edte o p\u0159\u00edle\u017eitosti, nebo produkujete obecn\u00fd obsah a sledujete, jak anga\u017eovanost kles\u00e1. Ani jedna mo\u017enost nen\u00ed dobr\u00e1.<\/p>\n\n\n<hr class=\"wp-block-separator has-alpha-channel-opacity\"\/>\n\n\n\n<h3 class=\"wp-block-heading\">Co d\u011bl\u00e1 um\u011bl\u00e1 inteligence pro tvorbu obsahu<\/h3>\n\n\n<p>Um\u011bl\u00e1 inteligence nep\u00ed\u0161e fin\u00e1ln\u00ed kopii. P\u00ed\u0161e prvn\u00ed n\u00e1vrhy. Vytv\u00e1\u0159\u00ed mo\u017enosti. Vykon\u00e1v\u00e1 z\u00e1kladn\u00ed pr\u00e1ci, tak\u017ee se v\u00e1\u0161 t\u00fdm m\u016f\u017ee soust\u0159edit na strategii a zdokonalov\u00e1n\u00ed.<\/p>\n\n\n<h4 class=\"wp-block-heading\">Generov\u00e1n\u00ed n\u00e1vrhu<\/h4>\n\n\n<p>Zadejte um\u011bl\u00e9 inteligenci stru\u010dn\u00fd popis. \u0158ekn\u011bte j\u00ed, co pot\u0159ebujete. Po\u0161lete e-mail s ozn\u00e1men\u00edm nov\u00e9 funkce. P\u0159\u00edsp\u011bvek na soci\u00e1ln\u00edch s\u00edt\u00edch o p\u0159\u00edpadov\u00e9 studii. Popis produktu pro technick\u00e9 n\u00e1kup\u010d\u00ed.<\/p>\n<p>Um\u011bl\u00e1 inteligence nap\u00ed\u0161e n\u00e1vrh b\u011bhem n\u011bkolika sekund. Nen\u00ed dokonal\u00fd. Ne kone\u010dn\u00fd. Ale skute\u010dn\u00fd v\u00fdchoz\u00ed bod, kter\u00fd je 70% cesty k c\u00edli.<\/p>\n<p>V\u00e1\u0161 spisovatel upravuje m\u00edsto toho, aby za\u010d\u00ednal od nuly. To je rozd\u00edl mezi 30 minutami a 2 hodinami na kus.<\/p>\n\n<p><strong>Co navrhuje:<\/strong>\n<ul>\n<li>Kopie e-mailu (p\u0159edm\u011bt, t\u011blo, CTA)<\/li>\n<li>P\u0159\u00edsp\u011bvky na soci\u00e1ln\u00edch s\u00edt\u00edch (LinkedIn, Twitter, Facebook)<\/li>\n<li>Kopie inzer\u00e1t\u016f (titulky, popisy, varianty)<\/li>\n<li>Popisy produkt\u016f<\/li>\n<li>Kopie c\u00edlov\u00e9 str\u00e1nky<\/li>\n<li>Obrysy a prvn\u00ed n\u00e1vrhy p\u0159\u00edsp\u011bvk\u016f na blogu<\/li>\n<li>Video sc\u00e9n\u00e1\u0159e<\/li>\n<li>\u0160ablony prodejn\u00edch e-mail\u016f<\/li>\n<\/ul>\n<\/p>\n\n\n<h4 class=\"wp-block-heading\">Vytv\u00e1\u0159en\u00ed variac\u00ed v m\u011b\u0159\u00edtku<\/h4>\n\n\n<p>A\/B testov\u00e1n\u00ed vy\u017eaduje varianty. R\u016fzn\u00e9 titulky. R\u016fzn\u00e9 \u00fahly pohledu. R\u016fzn\u00e9 CTA.<\/p>\n<p>Napsat 10 variant p\u0159edm\u011bt\u016f ru\u010dn\u011b zabere \u010das. Um\u011bl\u00e1 inteligence je vygeneruje b\u011bhem n\u011bkolika sekund.<\/p>\n<p>Pot\u0159ebujete reklamn\u00ed text pro r\u016fzn\u00e9 skupiny u\u017eivatel\u016f? Zadejte um\u011bl\u00e9 inteligenci jedno z\u00e1kladn\u00ed sd\u011blen\u00ed a po\u017e\u00e1dejte o verze zam\u011b\u0159en\u00e9 na r\u016fzn\u00e1 odv\u011btv\u00ed, role nebo bolestiv\u00e9 body. Okam\u017eit\u011b z\u00edsk\u00e1te 5, 10 nebo 20 variant.<\/p>\n<p>V\u00e1\u0161 t\u00fdm vybere ty nejlep\u0161\u00ed. Otestuje je. Zjist\u00ed, co funguje. Opakuje. Mnohem rychleji ne\u017e ps\u00e1t ka\u017edou variantu ru\u010dn\u011b.<\/p>\n\n\n<h4 class=\"wp-block-heading\">Personalizace zpr\u00e1vy<\/h4>\n\n\n<p>Obecn\u00e9 e-maily jsou ignorov\u00e1ny. Lid\u00e9 o\u010dek\u00e1vaj\u00ed zpr\u00e1vy, kter\u00e9 se vztahuj\u00ed k jejich situaci.<\/p>\n<p>Um\u011bl\u00e1 inteligence personalizuje ve velk\u00e9m m\u011b\u0159\u00edtku:\n<ul>\n<li>R\u016fzn\u00e9 kopie pro r\u016fzn\u00e1 odv\u011btv\u00ed (zdravotnictv\u00ed vs. v\u00fdroba vs. finance)<\/li>\n<li>R\u016fzn\u00e1 bolestiv\u00e1 m\u00edsta pro r\u016fzn\u00e9 role (finan\u010dn\u00ed \u0159editel\u00e9 se zaj\u00edmaj\u00ed o n\u00e1vratnost investic, provozn\u00ed mana\u017ee\u0159i o efektivitu).<\/li>\n<li>R\u016fzn\u00fd t\u00f3n pro r\u016fzn\u00e9 velikosti spole\u010dnost\u00ed (podniky vs. mal\u00e9 a st\u0159edn\u00ed podniky)<\/li>\n<li>Rozd\u00edln\u00e1 nal\u00e9havost v z\u00e1vislosti na f\u00e1zi n\u00e1kupu (informovanost vs. zva\u017eov\u00e1n\u00ed vs. rozhodov\u00e1n\u00ed)<\/li>\n<\/ul>\n<\/p>\n\n<p>Nap\u00ed\u0161ete jeden r\u00e1mec zpr\u00e1vy. Um\u011bl\u00e1 inteligence vygeneruje personalizovan\u00e9 verze pro ka\u017ed\u00fd segment. Ka\u017ed\u00fd dostane kopii, kter\u00e1 ho oslov\u00ed.<\/p>\n\n\n<h4 class=\"wp-block-heading\">Optimalizace \u0159\u00e1dku p\u0159edm\u011btu a titulku<\/h4>\n\n\n<p>Otev\u0159en\u00ed e-mail\u016f z\u00e1vis\u00ed na jejich p\u0159edm\u011btu. Nadpisy ur\u010duj\u00ed, zda se na reklamy klikne.<\/p>\n<p>Um\u011bl\u00e1 inteligence analyzuje, co fungovalo d\u0159\u00edve - va\u0161e p\u0159edchoz\u00ed kampan\u011b, oborov\u00e9 benchmarky, osv\u011bd\u010den\u00e9 vzorce. Navrhuje \u0159\u00e1dky p\u0159edm\u011bt\u016f a titulky optimalizovan\u00e9 pro v\u00fdkon.<\/p>\n<p>Nikoliv odhady. N\u00e1vrhy zalo\u017een\u00e9 na vzorc\u00edch dat o tom, co p\u0159itahuje pozornost a vede ke kliknut\u00ed.<\/p>\n<p>Kone\u010dn\u00e9 rozhodnut\u00ed je st\u00e1le na v\u00e1s. Za\u010dn\u011bte v\u0161ak s osv\u011bd\u010den\u00fdmi mo\u017enostmi, ne s pokusy ve tm\u011b.<\/p>\n\n\n<h4 class=\"wp-block-heading\">Konzistence hlasu zna\u010dky<\/h4>\n\n\n<p>Ka\u017ed\u00e1 zna\u010dka m\u00e1 sv\u016fj hlas. Profesion\u00e1ln\u00ed, ale ne nadut\u00fd. P\u0159\u00e1telsk\u00fd, ale ne p\u0159\u00edli\u0161 neform\u00e1ln\u00ed. Sebev\u011bdom\u00fd, ale ne arogantn\u00ed.<\/p>\n<p>Udr\u017eet tento hlas v des\u00edtk\u00e1ch obsahov\u00fdch \u010dl\u00e1nk\u016f, kter\u00e9 p\u00ed\u0161\u00ed r\u016fzn\u00ed lid\u00e9, je obt\u00ed\u017en\u00e9.<\/p>\n<p>Tr\u00e9nujte um\u011blou inteligenci na st\u00e1vaj\u00edc\u00edm obsahu. Uka\u017ete j\u00ed sv\u00e9 nejlep\u0161\u00ed kousky. Nau\u010d\u00ed se v\u00e1\u0161 t\u00f3n, v\u00e1\u0161 styl, v\u00e1\u0161 slovn\u00edk.<\/p>\n<p>Nyn\u00ed ka\u017ed\u00fd n\u00e1vrh odpov\u00edd\u00e1 hlasu va\u0161\u00ed zna\u010dky. R\u016fzn\u00ed auto\u0159i, r\u016fzn\u00e9 typy obsahu - jednotn\u00fd hlas v cel\u00e9m textu.<\/p>\n\n\n<h4 class=\"wp-block-heading\">Opakovan\u00e9 pou\u017eit\u00ed obsahu<\/h4>\n\n\n<p>Nap\u00ed\u0161ete p\u0159\u00edsp\u011bvek na blog. M\u016f\u017ee to b\u00fdt p\u0159\u00edsp\u011bvek na LinkedIn. M\u016f\u017ee to b\u00fdt vl\u00e1kno na Twitteru. M\u016f\u017ee to b\u00fdt obsah e-mailu. M\u016f\u017ee to b\u00fdt sc\u00e9n\u00e1\u0159 k videu.<\/p>\n<p>Um\u011bl\u00e1 inteligence automaticky p\u0159epracov\u00e1v\u00e1 obsah:\n<ul>\n<li>P\u0159em\u011bna dlouh\u00e9 formy na kr\u00e1tkou<\/li>\n<li>P\u0159em\u011bna p\u0159\u00edsp\u011bvk\u016f na blogu na \u00faryvky ze soci\u00e1ln\u00edch s\u00edt\u00ed<\/li>\n<li>P\u0159eveden\u00ed p\u0159\u00edpadov\u00fdch studi\u00ed do grafiky z\u00e1kaznick\u00fdch nab\u00eddek<\/li>\n<li>Rozd\u011blen\u00ed p\u0159epis\u016f webin\u00e1\u0159\u016f do p\u0159\u00edsp\u011bvk\u016f na blogu a obsahu na soci\u00e1ln\u00edch s\u00edt\u00edch<\/li>\n<\/ul>\n<\/p>\n\n<p>Vytvo\u0159it jednou, distribuovat v\u0161ude. Ani\u017e byste museli v\u0161e p\u0159episovat ru\u010dn\u011b.<\/p>\n\n\n<hr class=\"wp-block-separator has-alpha-channel-opacity\"\/>\n\n\n\n<h3 class=\"wp-block-heading\">Co to pro v\u00e1s znamen\u00e1<\/h3>\n\n\n\n<h4 class=\"wp-block-heading\">Pro spole\u010dn\u00e9 organizace trhu<\/h4>\n\n\n<p>V\u00e1\u0161 t\u00fdm vytv\u00e1\u0159\u00ed v\u00edce obsahu bez v\u011bt\u0161\u00edho po\u010dtu zam\u011bstnanc\u016f. Kampan\u011b se spou\u0161t\u011bj\u00ed rychleji, proto\u017ee tvorba obsahu nen\u00ed \u00fazk\u00fdm hrdlem.<\/p>\n<p>Hlas zna\u010dky z\u016fst\u00e1v\u00e1 konzistentn\u00ed ve velk\u00e9m m\u011b\u0159\u00edtku. A\u0165 u\u017e publikujete 10 kus\u016f t\u00fddn\u011b nebo 100, v\u0161e zn\u00ed jako vy.<\/p>\n<p>Testov\u00e1n\u00ed se zlep\u0161uje, proto\u017ee generov\u00e1n\u00ed variant je levn\u00e9. V\u00edce test\u016f znamen\u00e1 lep\u0161\u00ed \u00fadaje o tom, co m\u00e1 ohlas.<\/p>\n<p>N\u00e1vratnost investic do obsahu se zvy\u0161uje, proto\u017ee personalizace podporuje zapojen\u00ed. Obecn\u00e9 zpr\u00e1vy jsou nahrazeny c\u00edlen\u00fdmi zpr\u00e1vami, kter\u00e9 konvertuj\u00ed.<\/p>\n\n\n<h4 class=\"wp-block-heading\">Pro tv\u016frce obsahu a market\u00e9ry<\/h4>\n\n\n<p>U\u017e \u017e\u00e1dn\u00e1 paral\u00fdza pr\u00e1zdn\u00e9 str\u00e1nky. Za\u010d\u00edn\u00e1te s n\u00e1vrhem, ne s ni\u010d\u00edm. Upravujte a vylep\u0161ujte, m\u00edsto abyste z\u00edrali na pr\u00e1zdn\u00e9 obrazovky.<\/p>\n<p>M\u00e9n\u011b \u010dasu na rutinn\u00ed obsah. E-mail \u010d\u00edslo 50 nezabere tolik \u010dasu jako e-mail \u010d\u00edslo 1. Um\u011bl\u00e1 inteligence se postar\u00e1 o boilerplate, tak\u017ee se m\u016f\u017eete soust\u0159edit na strategii a hodnotn\u00e9 kousky.<\/p>\n<p>V\u00edce \u010dasu na tv\u016fr\u010d\u00ed pr\u00e1ci. M\u00e9n\u011b vym\u00fd\u0161len\u00ed variant, v\u00edce p\u0159em\u00fd\u0161len\u00ed o um\u00edst\u011bn\u00ed a sd\u011blen\u00edch, kter\u00e1 jsou d\u016fle\u017eit\u00e1.<\/p>\n<p>St\u00e1v\u00e1te se editorem a strat\u00e9gem, nikoli jen spisovatelem. To je pr\u00e1ce s vy\u0161\u0161\u00ed hodnotou.<\/p>\n\n\n<h4 class=\"wp-block-heading\">Pro podnikatele<\/h4>\n\n\n<p>Rychlej\u0161\u00ed uveden\u00ed na trh. Kampan\u011b se spou\u0161t\u011bj\u00ed, kdy maj\u00ed, ne a\u017e kdy\u017e je obsah kone\u010dn\u011b p\u0159ipraven.<\/p>\n<p>Lep\u0161\u00ed m\u00edra zapojen\u00ed, proto\u017ee zpr\u00e1vy jsou relevantn\u00ed. Personalizace ji\u017e nen\u00ed p\u0159\u00edjemn\u00e1 - je o\u010dek\u00e1van\u00e1. D\u00edky um\u011bl\u00e9 inteligenci je \u0161k\u00e1lovateln\u00e1.<\/p>\n<p>Ni\u017e\u0161\u00ed n\u00e1klady na kus. Um\u011bl\u00e1 inteligence nenahrazuje autory, ale znamen\u00e1, \u017ee ka\u017ed\u00fd autor vyprodukuje v\u00edce. To je efektivita.<\/p>\n\n\n<hr class=\"wp-block-separator has-alpha-channel-opacity\"\/>\n\n\n\n<h3 class=\"wp-block-heading\">Skute\u010dn\u00e9 p\u0159\u00edklady um\u011bl\u00e9 inteligence obsahu<\/h3>\n\n\n\n<h4 class=\"wp-block-heading\">P\u0159\u00edklad 1: Spole\u010dnost zab\u00fdvaj\u00edc\u00ed se elektronick\u00fdm obchodem<\/h4>\n\n\n<p>Internetov\u00fd prodejce m\u011bl 5 000 produkt\u016f. Mnoho z nich m\u011blo minim\u00e1ln\u00ed popis. Napsat pro ka\u017ed\u00fd z nich jedine\u010dn\u00fd a p\u0159esv\u011bd\u010div\u00fd popis bylo s dvou\u010dlenn\u00fdm t\u00fdmem pro tvorbu obsahu nemo\u017en\u00e9.<\/p>\n<p><strong>Co se zm\u011bnilo:<\/strong> Popisy produkt\u016f generovan\u00e9 um\u011blou inteligenc\u00ed na z\u00e1klad\u011b atribut\u016f produkt\u016f a pokyn\u016f pro jednotliv\u00e9 kategorie. Obsahov\u00fd t\u00fdm zkontroloval a vylep\u0161il ty nejlep\u0161\u00ed, ty dobr\u00e9 schv\u00e1lil tak, jak jsou.<\/p>\n<p><strong>V\u00fdsledek:<\/strong> Z 30% produkt\u016f s kvalitn\u00edmi popisy na 95% za 6 t\u00fddn\u016f. N\u00e1v\u0161t\u011bvnost SEO se zv\u00fd\u0161ila o 35%, proto\u017ee produkty byly objeviteln\u00e9. Zlep\u0161ila se konverze, proto\u017ee kupuj\u00edc\u00ed m\u011bli k dispozici pot\u0159ebn\u00e9 informace.<\/p>\n\n\n<h4 class=\"wp-block-heading\">P\u0159\u00edklad 2: Spole\u010dnost B2B SaaS<\/h4>\n\n\n<p>Spole\u010dnost SaaS poslala v\u0161em stejnou e-mailovou sekvenci. Marketing v\u011bd\u011bl, \u017ee r\u016fzn\u00e1 odv\u011btv\u00ed maj\u00ed r\u016fzn\u00e1 bolestiv\u00e1 m\u00edsta, ale nem\u011bl \u010das ps\u00e1t vlastn\u00ed sekvence.<\/p>\n<p><strong>Co se zm\u011bnilo:<\/strong> AI vygenerovala personalizovan\u00e9 varianty e-mail\u016f pro 5 c\u00edlov\u00fdch odv\u011btv\u00ed. Stejn\u00e9 hlavn\u00ed sd\u011blen\u00ed, r\u016fzn\u00e9 bolestiv\u00e9 body a p\u0159\u00edklady relevantn\u00ed pro ka\u017ed\u00e9 odv\u011btv\u00ed.<\/p>\n<p><strong>V\u00fdsledek:<\/strong> M\u00edra otev\u0159en\u00ed e-mail\u016f se zv\u00fd\u0161ila o 22%. M\u00edra prokliku se zv\u00fd\u0161ila o 31%. Po\u010det \u017e\u00e1dost\u00ed o uk\u00e1zku z e-mailov\u00e9 p\u00e9\u010de se zv\u00fd\u0161il o 40%, proto\u017ee zpr\u00e1vy se zd\u00e1ly b\u00fdt relevantn\u00ed.<\/p>\n\n\n<h4 class=\"wp-block-heading\">P\u0159\u00edklad 3: Marketingov\u00e1 agentura<\/h4>\n\n\n<p>Agentura spravovala soci\u00e1ln\u00ed m\u00e9dia pro 20 klient\u016f. Ka\u017ed\u00fd z nich pot\u0159eboval denn\u00ed p\u0159\u00edsp\u011bvky. Auto\u0159i str\u00e1vili 80% \u010dasu rutinn\u00edm obsahem na soci\u00e1ln\u00edch s\u00edt\u00edch, 20% \u010dasu strategi\u00ed a kreativn\u00edmi kampan\u011bmi.<\/p>\n<p><strong>Co se zm\u011bnilo:<\/strong> Um\u011bl\u00e1 inteligence generovala prvn\u00ed n\u00e1vrhy p\u0159\u00edsp\u011bvk\u016f na soci\u00e1ln\u00edch s\u00edt\u00edch na z\u00e1klad\u011b obsahov\u00fdch kalend\u00e1\u0159\u016f a pokyn\u016f pro zna\u010dku. Auto\u0159i je m\u00edsto psan\u00ed od za\u010d\u00e1tku zkontrolovali a vylep\u0161ili.<\/p>\n<p><strong>V\u00fdsledek:<\/strong> Rozd\u011blen\u00ed \u010dasu se p\u0159eklopilo na 30% rutinn\u00ed obsah, 70% strategie a kreativa. Spokojenost klient\u016f se zv\u00fd\u0161ila, proto\u017ee agentura poskytovala v\u011bt\u0161\u00ed strategickou hodnotu, nejen produkci obsahu.<\/p>\n\n\n<hr class=\"wp-block-separator has-alpha-channel-opacity\"\/>\n\n\n\n<h3 class=\"wp-block-heading\">Co AI neud\u011bl\u00e1<\/h3>\n\n\n<p>Ujasn\u011bme si, co um\u011bl\u00e1 inteligence nem\u016f\u017ee nahradit.<\/p>\n<p>Um\u011bl\u00e1 inteligence nerozum\u00ed va\u0161\u00ed strategii. Nezn\u00e1 va\u0161e um\u00edst\u011bn\u00ed. Nev\u00ed, co v\u00e1s odli\u0161uje od konkurence nebo jak\u00e9 sd\u011blen\u00ed bude pr\u00e1v\u011b te\u010f rezonovat s va\u0161\u00edm konkr\u00e9tn\u00edm trhem.<\/p>\n<p>Obsah generovan\u00fd um\u011blou inteligenc\u00ed pot\u0159ebuje lidskou kontrolu. Poka\u017ed\u00e9. Bez v\u00fdjimek. Um\u011bl\u00e1 inteligence se n\u011bkdy m\u00fdl\u00ed ve faktech. N\u011bkdy j\u00ed uniknou nuance. N\u011bkdy generuje dokonale gramatick\u00fd obsah, kter\u00fd ne\u0159\u00edk\u00e1 nic smyslupln\u00e9ho.<\/p>\n<p>Hlas va\u0161\u00ed zna\u010dky vych\u00e1z\u00ed z um\u011bl\u00e9 inteligence, kter\u00e1 se u\u010d\u00ed z va\u0161eho obsahu, ale n\u011bkdo ji mus\u00ed u\u010dit a korigovat, kdy\u017e se odch\u00fdl\u00ed. Um\u011bl\u00e1 inteligence pom\u00e1h\u00e1 autor\u016fm, ale nenahrazuje jejich \u00fasudek.<\/p>\n<p>A obsah um\u011bl\u00e9 inteligence nen\u00ed magie. \u0160patn\u00e9 um\u00edst\u011bn\u00ed s obsahem AI je st\u00e1le \u0161patn\u00e9 um\u00edst\u011bn\u00ed, jen rychlej\u0161\u00ed. Pokud va\u0161e hlavn\u00ed sd\u011blen\u00ed nerezonuje, AI to nesprav\u00ed. Na prvn\u00edm m\u00edst\u011b je strategie.<\/p>\n\n\n<hr class=\"wp-block-separator has-alpha-channel-opacity\"\/>\n\n\n\n<h3 class=\"wp-block-heading\">Jak za\u010d\u00edt<\/h3>\n\n\n<p>Nesna\u017ete se automatizovat v\u0161e najednou. Za\u010dn\u011bte tam, kde m\u016f\u017ee um\u011bl\u00e1 inteligence pomoci nejv\u00edce:\n<ul>\n<li><strong>Za\u010dn\u011bte s b\u011b\u017en\u00fdm obsahem.<\/strong> N\u00e1vrhy e-mail\u016f. P\u0159\u00edsp\u011bvky na soci\u00e1ln\u00edch s\u00edt\u00edch. Popisy produkt\u016f. Obsah, kter\u00fd se \u0159\u00edd\u00ed \u0161ablonami. Nechte prvn\u00ed n\u00e1vrhy zpracovat um\u011blou inteligenci.<\/li>\n<li><strong>Generov\u00e1n\u00ed testovac\u00edch variant.<\/strong> Pomoc\u00ed um\u011bl\u00e9 inteligence m\u016f\u017eete vytv\u00e1\u0159et varianty \u0159\u00e1dk\u016f p\u0159edm\u011bt\u016f nebo mo\u017enosti kopi\u00ed reklam. Zjist\u011bte, zda to \u0161et\u0159\u00ed \u010das a p\u0159in\u00e1\u0161\u00ed pou\u017eiteln\u00e9 v\u00fdsledky.<\/li>\n<li><strong>Tr\u00e9nujte sv\u016fj hlas.<\/strong> Poskytn\u011bte um\u011bl\u00e9 inteligenci sv\u016fj nejlep\u0161\u00ed obsah. Nechte ji nau\u010dit se v\u00e1\u0161 styl. Zkontrolujte, zda n\u00e1vrhy zn\u011bj\u00ed jako vy.<\/li>\n<li><strong>Zaveden\u00ed proces\u016f p\u0159ezkumu.<\/strong> Ka\u017ed\u00fd n\u00e1vrh um\u011bl\u00e9 inteligence projde lidskou kontrolou. \u017d\u00e1dn\u00e9 v\u00fdjimky. Za\u0159a\u010fte to do pracovn\u00edho postupu od prvn\u00edho dne.<\/li>\n<li><strong>M\u011b\u0159en\u00ed kvality a rychlosti.<\/strong> Sledujte, kolik \u010dasu u\u0161et\u0159\u00ed um\u011bl\u00e1 inteligence. Sledujte kvalitu v\u00fdsledn\u00e9ho obsahu. Upravte sv\u016fj proces na z\u00e1klad\u011b toho, co funguje.<\/li>\n<\/ul>\n<\/p>\n\n<p>C\u00edlem nen\u00ed odstranit spisovatele. Jde o to odstranit blok spisovatel\u016f a opakuj\u00edc\u00ed se pr\u00e1ci. Za\u010dn\u011bte v mal\u00e9m, m\u011b\u0159te v\u00fdsledky a roz\u0161i\u0159ujte to, co funguje.<\/p>\n\n\n<hr class=\"wp-block-separator has-alpha-channel-opacity\"\/>\n\n\n\n<h3 class=\"wp-block-heading\">Podtr\u017eeno, se\u010dteno<\/h3>\n\n\n<p>Tvorba obsahu je \u010d\u00e1ste\u010dn\u011b kreativn\u00ed a \u010d\u00e1ste\u010dn\u011b produk\u010dn\u00ed pr\u00e1ce. Um\u011bl\u00e1 inteligence se star\u00e1 o produkci, tak\u017ee se lid\u00e9 mohou soust\u0159edit na kreativitu a strategii.<\/p>\n<p>V\u00e1\u0161 t\u00fdm je st\u00e1le vlastn\u00edkem sd\u011blen\u00ed. St\u00e1le ji vylep\u0161uj\u00ed. St\u00e1le \u010din\u00ed strategick\u00e1 rozhodnut\u00ed o um\u00edst\u011bn\u00ed a t\u00f3nu.<\/p>\n<p>Jen u\u017e neza\u010d\u00ednaj\u00ed od pr\u00e1zdn\u00fdch str\u00e1nek. Nestr\u00e1v\u00ed hodiny psan\u00edm 47. popisu produktu nebo 8. varianty e-mailu.<\/p>\n<p>To znamen\u00e1 v\u00edce obsahu, rychlej\u0161\u00ed kampan\u011b, lep\u0161\u00ed personalizaci a pr\u00e1ci autor\u016f, kter\u00e1 skute\u010dn\u011b vy\u017eaduje lidskou kreativitu.<\/p>\n\n\n<hr class=\"wp-block-separator has-alpha-channel-opacity\"\/>\n\n\n\n<h3 class=\"wp-block-heading\">Chcete vytv\u00e1\u0159et obsah rychleji?<\/h3>\n\n\n<p>Ka\u017ed\u00e1 spole\u010dnost m\u00e1 jin\u00e9 pot\u0159eby v oblasti obsahu. R\u016fzn\u00e9 hlasy zna\u010dky. R\u016fzn\u00e9 publikum. R\u016fzn\u00e9 objemy.<\/p>\n<p>Neprod\u00e1v\u00e1me univerz\u00e1ln\u00ed obsahov\u00e9 n\u00e1stroje. D\u00edv\u00e1me se na v\u00e1\u0161 proces tvorby obsahu. Identifikujeme \u00fazk\u00e1 m\u00edsta. Implementujeme um\u011blou inteligenci tam, kde skute\u010dn\u011b \u0161et\u0159\u00ed \u010das bez ztr\u00e1ty kvality.<\/p>\n<p>Pot\u00e9 syst\u00e9m vy\u0161kol\u00edme podle hlasu va\u0161\u00ed zna\u010dky a nastav\u00edme pracovn\u00ed postupy kontroly, kter\u00e9 budou fungovat pro v\u00e1\u0161 t\u00fdm. Va\u0161i auto\u0159i maj\u00ed v\u0161e pod kontrolou. Jen pracuj\u00ed rychleji.<\/p>\n<p>\u017d\u00e1dn\u00fd humbuk. \u017d\u00e1dn\u00e9 sliby, \u017ee um\u011bl\u00e1 inteligence nap\u00ed\u0161e v\u0161e za v\u00e1s. Jen praktick\u00e9 n\u00e1stroje, d\u00edky kter\u00fdm je tvorba obsahu m\u00e9n\u011b bolestiv\u00e1.<\/p>\n\n<p><a href=\"https:\/\/www.leaplytics.de\/cs\/kontakt\/\">Promluvme si o va\u0161em procesu tvorby obsahu<\/a><\/p>\n\n<p><a href=\"https:\/\/www.leaplytics.de\/cs\/marketing-prodej-ai\/\">Zp\u011bt na Marketing &amp; Sales AI<\/a><\/p>","protected":false},"excerpt":{"rendered":"<p>AI for Content Creation &#038; Personalization: Stop Starting from Blank Pages Your marketing team needs more content. Emails. Ads. Social posts. Landing pages. Product descriptions. Blog posts. Case studies. And it can&#8217;t be generic. Every segment expects messages that speak to them. Every channel needs its own format. Every campaign needs multiple variations for testing. &hellip; <\/p>","protected":false},"author":2,"featured_media":0,"parent":0,"menu_order":0,"comment_status":"closed","ping_status":"closed","template":"","meta":{"footnotes":""},"class_list":["post-14477","page","type-page","status-publish","hentry","latest_post"],"_links":{"self":[{"href":"https:\/\/www.leaplytics.de\/cs\/wp-json\/wp\/v2\/pages\/14477","targetHints":{"allow":["GET"]}}],"collection":[{"href":"https:\/\/www.leaplytics.de\/cs\/wp-json\/wp\/v2\/pages"}],"about":[{"href":"https:\/\/www.leaplytics.de\/cs\/wp-json\/wp\/v2\/types\/page"}],"author":[{"embeddable":true,"href":"https:\/\/www.leaplytics.de\/cs\/wp-json\/wp\/v2\/users\/2"}],"replies":[{"embeddable":true,"href":"https:\/\/www.leaplytics.de\/cs\/wp-json\/wp\/v2\/comments?post=14477"}],"version-history":[{"count":1,"href":"https:\/\/www.leaplytics.de\/cs\/wp-json\/wp\/v2\/pages\/14477\/revisions"}],"predecessor-version":[{"id":14488,"href":"https:\/\/www.leaplytics.de\/cs\/wp-json\/wp\/v2\/pages\/14477\/revisions\/14488"}],"wp:attachment":[{"href":"https:\/\/www.leaplytics.de\/cs\/wp-json\/wp\/v2\/media?parent=14477"}],"curies":[{"name":"wp","href":"https:\/\/api.w.org\/{rel}","templated":true}]}}