{"id":14478,"date":"2025-12-19T01:55:18","date_gmt":"2025-12-19T00:55:18","guid":{"rendered":"https:\/\/www.leaplytics.de\/?page_id=14478"},"modified":"2025-12-19T01:55:19","modified_gmt":"2025-12-19T00:55:19","slug":"segmentace-zakazniku-ai","status":"publish","type":"page","link":"https:\/\/www.leaplytics.de\/cs\/segmentace-zakazniku-ai\/","title":{"rendered":"Poznatky o z\u00e1kazn\u00edc\u00edch a segmentace AI"},"content":{"rendered":"<h2>Um\u011bl\u00e1 inteligence pro p\u0159ehled o z\u00e1kazn\u00edc\u00edch a segmentaci: P\u0159esta\u0148te h\u00e1dat, co z\u00e1kazn\u00edci cht\u011bj\u00ed<\/h2>\n\n<p>M\u00e1te \u00fadaje o z\u00e1kazn\u00edc\u00edch. Historie n\u00e1kup\u016f. Chov\u00e1n\u00ed na webov\u00fdch str\u00e1nk\u00e1ch. Zapojen\u00ed do e-mailu. Pozn\u00e1mky CRM. L\u00edstky podpory. Z\u00e1znamy o pou\u017e\u00edv\u00e1n\u00ed produktu.<\/p>\n<p>V\u0161echny tyto \u00fadaje by v\u00e1m m\u011bly napov\u011bd\u011bt, kdo jsou va\u0161i nejlep\u0161\u00ed z\u00e1kazn\u00edci. Co pot\u0159ebuj\u00ed. Kdy se chystaj\u00ed odej\u00edt. Kdo je p\u0159ipraven na dal\u0161\u00ed n\u00e1kupy.<\/p>\n<p>Ale p\u0159em\u011bnit data v poznatky? To vy\u017eaduje anal\u00fdzu. Skute\u010dnou anal\u00fdzu, ne jen prohl\u00ed\u017een\u00ed informa\u010dn\u00edch panel\u016f. A na to v\u011bt\u0161ina t\u00fdm\u016f nem\u00e1 \u010das.<\/p>\n<p>Anal\u00fdzu prov\u00e1d\u00ed um\u011bl\u00e1 inteligence. Najde vzorce chov\u00e1n\u00ed z\u00e1kazn\u00edk\u016f. Vytv\u00e1\u0159\u00ed segmenty, kter\u00e9 skute\u010dn\u011b p\u0159edpov\u00eddaj\u00ed v\u00fdsledky. Odhaluje varovn\u00e9 sign\u00e1ly d\u0159\u00edve, ne\u017e z\u00e1kazn\u00edci odejdou. V\u00e1\u0161 t\u00fdm se rozhoduje na z\u00e1klad\u011b toho, co z\u00e1kazn\u00edci d\u011blaj\u00ed, ne na z\u00e1klad\u011b toho, co douf\u00e1te, \u017ee ud\u011blaj\u00ed.<\/p>\n\n\n<hr class=\"wp-block-separator has-alpha-channel-opacity\"\/>\n\n\n\n<h3 class=\"wp-block-heading\">Probl\u00e9m: data v\u0161ude, poznatky nikde<\/h3>\n\n\n<p>V\u00e1\u0161 CRM je pln\u00fd. Va\u0161e analytick\u00e9 n\u00e1stroje sleduj\u00ed v\u0161e. M\u016f\u017eete vytv\u00e1\u0159et p\u0159ehledy o jak\u00fdchkoli metrik\u00e1ch, kter\u00e9 chcete.<\/p>\n<p>Zpr\u00e1vy v\u0161ak nejsou vhledy. To, \u017ee 23% u\u017eivatel\u016f kliklo na tla\u010d\u00edtko, v\u00e1m ne\u0159ekne pro\u010d nebo co s t\u00edm d\u011blat.<\/p>\n<p>Marketingov\u00e9 segmenty podle demografick\u00fdch \u00fadaj\u016f, proto\u017ee to je snadn\u00e9. Mal\u00e9 firmy vs. podniky. V\u00fdchodn\u00ed pob\u0159e\u017e\u00ed vs. z\u00e1padn\u00ed pob\u0159e\u017e\u00ed. \u0158editel vs. viceprezident.<\/p>\n<p>Demografick\u00e9 \u00fadaje v\u0161ak nep\u0159edpov\u00eddaj\u00ed chov\u00e1n\u00ed. Z titulu zam\u011bstnance se nedozv\u00edte, jestli bude odej\u00edt. Velikost spole\u010dnosti v\u00e1m ne\u0159ekne, zda jsou p\u0159ipraveni na upgrade.<\/p>\n<p>Poznatky jsou v datech. Pot\u0159ebujete jen \u010das a n\u00e1stroje, abyste je na\u0161li. V\u011bt\u0161ina t\u00fdm\u016f nem\u00e1 ani jedno, ani druh\u00e9.<\/p>\n\n\n<hr class=\"wp-block-separator has-alpha-channel-opacity\"\/>\n\n\n\n<h3 class=\"wp-block-heading\">Co d\u011bl\u00e1 um\u011bl\u00e1 inteligence pro z\u00e1kaznick\u00e9 informace<\/h3>\n\n\n<p>AI analyzuje data z\u00e1kazn\u00edk\u016f ve velk\u00e9m m\u011b\u0159\u00edtku. Najde vzorce, kter\u00e9 lid\u00e9 p\u0159ehl\u00ed\u017eej\u00ed. Segmentuje na z\u00e1klad\u011b chov\u00e1n\u00ed, nikoli demografick\u00fdch \u00fadaj\u016f. P\u0159edpov\u00edd\u00e1 v\u00fdsledky d\u0159\u00edve, ne\u017e nastanou.<\/p>\n\n\n<h4 class=\"wp-block-heading\">Anal\u00fdza chov\u00e1n\u00ed z\u00e1kazn\u00edk\u016f<\/h4>\n\n\n<p>Co d\u011blaj\u00ed z\u00e1kazn\u00edci p\u0159ed n\u00e1kupem? Ne\u017e odejdou? Ne\u017e p\u0159ejdou na vy\u0161\u0161\u00ed verzi?<\/p>\n<p>Um\u011bl\u00e1 inteligence zkoum\u00e1 vzorce chov\u00e1n\u00ed:\n<ul>\n<li>Kter\u00e9 funkce v\u00fdkonn\u00ed u\u017eivatel\u00e9 skute\u010dn\u011b pou\u017e\u00edvaj\u00ed?<\/li>\n<li>Jak\u00e1 je cesta od zku\u0161ebn\u00ed verze k placen\u00e9mu z\u00e1kazn\u00edkovi?<\/li>\n<li>Kter\u00e9 marketingov\u00e9 kroky se odehr\u00e1vaj\u00ed p\u0159edt\u00edm, ne\u017e n\u011bkdo konvertuje?<\/li>\n<li>Jak\u00e9 zm\u011bny v chov\u00e1n\u00ed signalizuj\u00ed, \u017ee se n\u011bkdo chyst\u00e1 odej\u00edt?<\/li>\n<li>Kter\u00e9 produkty se kupuj\u00ed spole\u010dn\u011b?<\/li>\n<\/ul>\n<\/p>\n\n<p>Nen\u00ed to odhad. Je to hled\u00e1n\u00ed skute\u010dn\u00fdch vzorc\u016f v datech o tom, jak\u00e9 chov\u00e1n\u00ed z\u00e1kazn\u00edk\u016f p\u0159edpov\u00edd\u00e1 jak\u00e9 v\u00fdsledky.<\/p>\n<p>Tyto vzorce se st\u00e1vaj\u00ed pravidly. Kdy\u017e z\u00e1kazn\u00edk odpov\u00edd\u00e1 vzoru, v\u00edte, co se pravd\u011bpodobn\u011b stane d\u00e1l. A m\u016f\u017eete jednat d\u0159\u00edve, ne\u017e se tak stane.<\/p>\n\n\n<h4 class=\"wp-block-heading\">Segmentace chov\u00e1n\u00ed<\/h4>\n\n\n<p>Zapome\u0148te na demografick\u00e9 \u00fadaje. Um\u011bl\u00e1 inteligence segmentuje podle toho, co z\u00e1kazn\u00edci skute\u010dn\u011b d\u011blaj\u00ed:\n<ul>\n<li><strong>V\u00fdkonn\u00ed u\u017eivatel\u00e9:<\/strong> Vysok\u00e1 anga\u017eovanost, intenzivn\u00ed pou\u017e\u00edv\u00e1n\u00ed funkc\u00ed, pravd\u011bpodobnost doporu\u010den\u00ed ostatn\u00edm<\/li>\n<li><strong>Ohro\u017een\u00e9:<\/strong> Klesaj\u00edc\u00ed pou\u017e\u00edv\u00e1n\u00ed, l\u00edstky na podporu, zme\u0161kan\u00e9 platby, vzorce, kter\u00e9 p\u0159edpov\u00eddaj\u00ed odchod.<\/li>\n<li><strong>R\u016fstov\u00fd potenci\u00e1l:<\/strong> Pou\u017e\u00edvaj\u00ed z\u00e1kladn\u00ed funkce, ale vykazuj\u00ed zn\u00e1mky toho, \u017ee by cht\u011bli upgradovat<\/li>\n<li><strong>Vysok\u00e1 hodnota:<\/strong> Velk\u00e9 n\u00e1kupy, \u010dast\u00e9 opakovan\u00e9 objedn\u00e1vky, dlouh\u00e1 \u017eivotnost<\/li>\n<li><strong>Citlivost na cenu:<\/strong> Nakupujte pouze se slevou, opus\u0165te ko\u0161\u00edk kv\u016fli cen\u011b, porovnejte konkurenci<\/li>\n<\/ul>\n<\/p>\n\n<p>Tyto segmenty p\u0159edpov\u00eddaj\u00ed v\u00fdsledky. Trh pro v\u00fdkonn\u00e9 u\u017eivatele se li\u0161\u00ed od trhu pro rizikov\u00e9 z\u00e1kazn\u00edky. Odli\u0161n\u00e1 sd\u011blen\u00ed. Odli\u0161n\u00e9 nab\u00eddky. R\u016fzn\u00e9 kan\u00e1ly.<\/p>\n<p>Behavior\u00e1ln\u00ed segmenty funguj\u00ed, proto\u017ee jsou zalo\u017eeny na tom, co lid\u00e9 d\u011blaj\u00ed, a ne na tom, kdo jsou.<\/p>\n\n\n<h4 class=\"wp-block-heading\">P\u0159edpov\u011b\u010f odlivu<\/h4>\n\n\n<p>V\u011bt\u0161ina spole\u010dnost\u00ed pozn\u00e1, \u017ee z\u00e1kazn\u00edk ode\u0161el, a\u017e kdy\u017e u\u017e je pry\u010d. Pak u\u017e je na z\u00e1chranu pozd\u011b.<\/p>\n<p>Um\u011bl\u00e1 inteligence p\u0159edpov\u00edd\u00e1 odliv z\u00e1kazn\u00edk\u016f d\u0159\u00edve, ne\u017e k n\u011bmu dojde:\n<ul>\n<li>Pokles pou\u017e\u00edv\u00e1n\u00ed<\/li>\n<li>Klesaj\u00edc\u00ed frekvence p\u0159ihla\u0161ov\u00e1n\u00ed<\/li>\n<li>N\u00e1r\u016fst po\u010dtu \u017e\u00e1dost\u00ed o podporu<\/li>\n<li>Zastaven\u00ed zapojen\u00ed do e-mail\u016f<\/li>\n<li>Zpo\u017ed\u011bn\u00ed platby nebo ne\u00fasp\u011b\u0161n\u00e9 \u00fa\u010dtov\u00e1n\u00ed<\/li>\n<\/ul>\n<\/p>\n\n<p>Pokud se objev\u00ed v\u00edce varovn\u00fdch p\u0159\u00edznak\u016f najednou, ozna\u010d\u00ed um\u011bl\u00e1 inteligence z\u00e1kazn\u00edka jako rizikov\u00e9ho. V\u00e1\u0161 t\u00fdm jej proaktivn\u011b oslov\u00ed. Nab\u00eddn\u011bte pomoc. Odstra\u0148te probl\u00e9my. Poskytn\u011bte pob\u00eddku k setrv\u00e1n\u00ed.<\/p>\n<p>Nem\u016f\u017eete zachr\u00e1nit v\u0161echny. Ale m\u016f\u017eete zachr\u00e1nit ty, kte\u0159\u00ed se zachr\u00e1nit daj\u00ed - pokud v\u00edte, \u017ee odejdou, je\u0161t\u011b ne\u017e odejdou.<\/p>\n\n\n<h4 class=\"wp-block-heading\">Hodnocen\u00ed celo\u017eivotn\u00ed hodnoty z\u00e1kazn\u00edka<\/h4>\n\n\n<p>Ne v\u0161ichni z\u00e1kazn\u00edci maj\u00ed stejnou hodnotu. N\u011bkte\u0159\u00ed nakoup\u00ed jednou a zmiz\u00ed. Jin\u00ed z\u016fstanou roky a doporu\u010d\u00ed sv\u00e9 p\u0159\u00e1tele.<\/p>\n<p>Um\u011bl\u00e1 inteligence vypo\u010d\u00edt\u00e1v\u00e1 hodnotu \u017eivotnosti na z\u00e1klad\u011b:\n<ul>\n<li>\u010cetnost a v\u00fd\u0161e n\u00e1kup\u016f<\/li>\n<li>Sortiment v\u00fdrobk\u016f a mar\u017ee<\/li>\n<li>Vzorce udr\u017een\u00ed a ponech\u00e1n\u00ed si zam\u011bstnance<\/li>\n<li>N\u00e1klady na podporu<\/li>\n<li>Chov\u00e1n\u00ed p\u0159i doporu\u010dov\u00e1n\u00ed<\/li>\n<\/ul>\n<\/p>\n\n<p>Z\u00e1kazn\u00edk\u016fm s vysokou hodnotou LTV je v\u011bnov\u00e1na v\u011bt\u0161\u00ed pozornost. V\u011bt\u0161\u00ed podpora. V\u011bt\u0161\u00ed dosah. Lep\u0161\u00ed nab\u00eddky, aby byli spokojen\u00ed.<\/p>\n<p>Z\u00e1kazn\u00edci s n\u00edzkou hodnotou LTV nebudou ignorov\u00e1ni, ale p\u0159estanete na n\u011b vynakl\u00e1dat ne\u00fam\u011brn\u00e9 \u00fasil\u00ed. Prost\u0159edky sm\u011b\u0159uj\u00ed tam, kde p\u0159in\u00e1\u0161ej\u00ed n\u00e1vratnost.<\/p>\n\n\n<h4 class=\"wp-block-heading\">P\u0159\u00edle\u017eitosti pro k\u0159\u00ed\u017eov\u00fd a dopl\u0148kov\u00fd prodej<\/h4>\n\n\n<p>Kter\u00fdm z\u00e1kazn\u00edk\u016fm byste se m\u011bli sna\u017eit prod\u00e1vat vy\u0161\u0161\u00ed ceny? Co byste m\u011bli doporu\u010dit?<\/p>\n<p>Um\u011bl\u00e1 inteligence zkoum\u00e1 n\u00e1kupn\u00ed zvyklosti:\n<ul>\n<li>Z\u00e1kazn\u00edci, kte\u0159\u00ed si koupili produkt A, \u010dasto kupuj\u00ed produkt B.<\/li>\n<li>U\u017eivatel\u00e9 s tarifem Basic mohou p\u0159ej\u00edt na vy\u0161\u0161\u00ed tarif, kdy\u017e dos\u00e1hnou ur\u010dit\u00fdch limit\u016f vyu\u017eit\u00ed.<\/li>\n<li>Z\u00e1kazn\u00edci v tomto odv\u011btv\u00ed obvykle p\u0159id\u00e1vaj\u00ed tyto funkce po 3 m\u011bs\u00edc\u00edch.<\/li>\n<li>Vysok\u00e9 zapojen\u00ed do funkce X koreluje s n\u00e1kupem dopl\u0148ku Y<\/li>\n<\/ul>\n<\/p>\n\n<p>Tyto vzory se st\u00e1vaj\u00ed doporu\u010den\u00edmi. Zobrazte spr\u00e1vnou nab\u00eddku spr\u00e1vn\u00e9mu z\u00e1kazn\u00edkovi ve spr\u00e1vn\u00fd \u010das. Ne propaga\u010dn\u00ed akce typu \"sprej a sprej\". C\u00edlen\u00e9 nab\u00eddky zalo\u017een\u00e9 na tom, co podobn\u00ed z\u00e1kazn\u00edci skute\u010dn\u011b koupili.<\/p>\n\n\n<h4 class=\"wp-block-heading\">Mapov\u00e1n\u00ed cesty z\u00e1kazn\u00edka<\/h4>\n\n\n<p>Jak vlastn\u011b z\u00e1kazn\u00edci proch\u00e1zej\u00ed va\u0161\u00edm trycht\u00fd\u0159em? Ne cestou, kterou jste navrhli. Cesta, kterou projdou.<\/p>\n<p>Um\u011bl\u00e1 inteligence mapuje skute\u010dn\u00e9 cesty:\n<ul>\n<li>Kter\u00e9 sty\u010dn\u00e9 body jsou nejd\u016fle\u017eit\u011bj\u0161\u00ed?<\/li>\n<li>Kde se lid\u00e9 zaseknou?<\/li>\n<li>Jak se li\u0161\u00ed z\u00e1kazn\u00edci, kte\u0159\u00ed konvertuj\u00ed, od t\u011bch, kte\u0159\u00ed nekonvertuj\u00ed?<\/li>\n<li>Jak dlouho trvaj\u00ed jednotliv\u00e9 f\u00e1ze?<\/li>\n<li>Kter\u00e9 kroky m\u016f\u017eete vynechat, ani\u017e byste po\u0161kodili konverzi?<\/li>\n<\/ul>\n<\/p>\n\n<p>Vid\u00edte skute\u010dnou cestu z\u00e1kazn\u00edka, ne tu p\u0159edpokl\u00e1danou. Pak optimalizujete na z\u00e1klad\u011b skute\u010dnosti.<\/p>\n\n\n<hr class=\"wp-block-separator has-alpha-channel-opacity\"\/>\n\n\n\n<h3 class=\"wp-block-heading\">Co to pro v\u00e1s znamen\u00e1<\/h3>\n\n\n\n<h4 class=\"wp-block-heading\">Pro spole\u010dn\u00e9 organizace trhu<\/h4>\n\n\n<p>Marketingov\u00e9 v\u00fddaje jdou do segment\u016f, kter\u00e9 skute\u010dn\u011b konvertuj\u00ed. U\u017e \u017e\u00e1dn\u00e9 masov\u00e9 kampan\u011b doufaj\u00edc\u00ed, \u017ee se n\u011bco uchyt\u00ed.<\/p>\n<p>Zjist\u00edte, kter\u00e9 kan\u00e1ly a kampan\u011b p\u0159iv\u00e1d\u011bj\u00ed z\u00e1kazn\u00edky s vysokou hodnotou, a ne jen tak ledajak\u00e9 z\u00e1kazn\u00edky. Rozpo\u010det se \u0159\u00edd\u00ed n\u00e1vratnost\u00ed investic, ne odhady.<\/p>\n<p>Zlep\u0161uje se retence, proto\u017ee v\u010das zachyt\u00edte riziko odchodu. Udr\u017eet si z\u00e1kazn\u00edky je levn\u011bj\u0161\u00ed ne\u017e z\u00edsk\u00e1vat nov\u00e9. Um\u011bl\u00e1 inteligence v\u00e1m pom\u016f\u017ee udr\u017eet si ty, kte\u0159\u00ed za to stoj\u00ed.<\/p>\n<p>Rozhodujete se na z\u00e1klad\u011b vzorc\u016f chov\u00e1n\u00ed, ne na z\u00e1klad\u011b n\u00e1zor\u016f. M\u00e9n\u011b argument\u016f o strategii, v\u00edce testov\u00e1n\u00ed toho, co podle dat funguje.<\/p>\n\n\n<h4 class=\"wp-block-heading\">Pro obchodn\u00edky<\/h4>\n\n\n<p>Segmenty, kter\u00e9 skute\u010dn\u011b n\u011bco znamenaj\u00ed. Ne libovoln\u00e9 demografick\u00e9 \u0161katulky, ale skupiny, kter\u00e9 se chovaj\u00ed odli\u0161n\u011b a reaguj\u00ed na r\u016fzn\u00e1 sd\u011blen\u00ed.<\/p>\n<p>V\u00edte, na kter\u00e9 z\u00e1kazn\u00edky se zam\u011b\u0159it a na kter\u00e9 kampan\u011b. Upsellov\u00e9 kampan\u011b jsou ur\u010deny z\u00e1kazn\u00edk\u016fm s r\u016fstov\u00fdm potenci\u00e1lem. Reten\u010dn\u00ed kampan\u011b jsou ur\u010deny pro rizikov\u00e9 z\u00e1kazn\u00edky. R\u016fzn\u00e9 strategie pro r\u016fzn\u00e9 segmenty.<\/p>\n<p>Personalizace, kter\u00e1 funguje, proto\u017ee je zalo\u017eena na chov\u00e1n\u00ed. Neh\u00e1d\u00e1te, co m\u00e1 ohlas. Pou\u017e\u00edv\u00e1te vzory od z\u00e1kazn\u00edk\u016f, kte\u0159\u00ed ji\u017e konvertovali.<\/p>\n\n\n<h4 class=\"wp-block-heading\">Pro t\u00fdmy Customer Success<\/h4>\n\n\n<p>V\u00edte, kdo pot\u0159ebuje pomoc, je\u0161t\u011b ne\u017e se rozk\u0159ikne. Proaktivn\u00ed oslovov\u00e1n\u00ed nam\u00edsto reaktivn\u00ed kontroly \u0161kod.<\/p>\n<p>Z\u00e1kazn\u00edci s vysokou hodnotou jsou up\u0159ednost\u0148ov\u00e1ni. V\u00edte, koho se vyplat\u00ed udr\u017eet. Prost\u0159edky p\u016fjdou tam, kde jsou nejd\u016fle\u017eit\u011bj\u0161\u00ed.<\/p>\n<p>Vid\u00edte vzorce, pro\u010d z\u00e1kazn\u00edci usp\u011bli nebo neusp\u011bli. Tyto poznatky se prom\u00edtnou do onboardingu a v\u00fdvoje produkt\u016f.<\/p>\n\n\n<h4 class=\"wp-block-heading\">Pro podnikatele<\/h4>\n\n\n<p>Lep\u0161\u00ed retence znamen\u00e1 p\u0159edv\u00eddateln\u011bj\u0161\u00ed p\u0159\u00edjmy. Odchod z\u00e1kazn\u00edk\u016f kles\u00e1, kdy\u017e v\u010das zachyt\u00edte probl\u00e9my.<\/p>\n<p>Vy\u0161\u0161\u00ed pr\u016fm\u011brn\u00e1 hodnota objedn\u00e1vky d\u00edky c\u00edlen\u00e9mu cross-sell a upsell. Neobt\u011b\u017eujete z\u00e1kazn\u00edky nerelevantn\u00edmi nab\u00eddkami - ukazujete jim produkty, kter\u00e9 skute\u010dn\u011b cht\u011bj\u00ed.<\/p>\n<p>Efektivita akvizice se zvy\u0161uje, kdy\u017e v\u00edte, kter\u00e9 typy z\u00e1kazn\u00edk\u016f jsou nejcenn\u011bj\u0161\u00ed. M\u016f\u017eete optimalizovat kvalitu, nejen kvantitu.<\/p>\n\n\n<hr class=\"wp-block-separator has-alpha-channel-opacity\"\/>\n\n\n\n<h3 class=\"wp-block-heading\">Re\u00e1ln\u00e9 p\u0159\u00edklady um\u011bl\u00e9 inteligence pro z\u00e1kazn\u00edky<\/h3>\n\n\n\n<h4 class=\"wp-block-heading\">P\u0159\u00edklad 1: Spole\u010dnost SaaS<\/h4>\n\n\n<p>P\u0159edplacen\u00e1 softwarov\u00e1 spole\u010dnost m\u011bla ro\u010dn\u00ed odliv 12%. V\u011bd\u011bli, \u017ee odchod je vysok\u00fd, ale nev\u011bd\u011bli, kdo a pro\u010d odejde.<\/p>\n<p><strong>Co se zm\u011bnilo:<\/strong> Um\u011bl\u00e1 inteligence analyzovala vzorce chov\u00e1n\u00ed z\u00e1kazn\u00edk\u016f, kte\u0159\u00ed ode\u0161li. Zjistila, \u017ee klesaj\u00edc\u00ed frekvence p\u0159ihla\u0161ov\u00e1n\u00ed a zv\u00fd\u0161en\u00fd po\u010det l\u00edstk\u016f na podporu p\u0159edpov\u00eddaj\u00ed 73% odchod\u016f 30 dn\u00ed p\u0159edt\u00edm, ne\u017e k n\u011bmu dojde.<\/p>\n<p><strong>V\u00fdsledek:<\/strong> T\u00fdm pro \u00fasp\u011bch z\u00e1kazn\u00edk\u016f proaktivn\u011b oslovil rizikov\u00e9 \u00fa\u010dty. Nab\u00edzel dal\u0161\u00ed \u0161kolen\u00ed, \u0159e\u0161il probl\u00e9my, poskytoval pob\u00eddky. Odchod z\u00e1kazn\u00edk\u016f klesl b\u011bhem 6 m\u011bs\u00edc\u016f na 8,5%.<\/p>\n\n\n<h4 class=\"wp-block-heading\">P\u0159\u00edklad 2: Spole\u010dnost zab\u00fdvaj\u00edc\u00ed se elektronick\u00fdm obchodem<\/h4>\n\n\n<p>Jeden internetov\u00fd prodejce zaslal v\u0161em stejn\u00e9 propaga\u010dn\u00ed e-maily. Slevy v\u0161em z\u00e1kazn\u00edk\u016fm bez ohledu na jejich n\u00e1kupn\u00ed chov\u00e1n\u00ed.<\/p>\n<p><strong>Co se zm\u011bnilo:<\/strong> Um\u011bl\u00e1 inteligence segmentuje z\u00e1kazn\u00edky podle chov\u00e1n\u00ed. Z\u00e1kazn\u00edci s vysokou hodnotou z\u00edskali d\u0159\u00edv\u011bj\u0161\u00ed p\u0159\u00edstup a exkluzivn\u00ed produkty. Z\u00e1kazn\u00edci citliv\u00ed na cenu dost\u00e1vali slevy. \u010cast\u00ed z\u00e1kazn\u00edci dost\u00e1vali v\u011brnostn\u00ed odm\u011bny.<\/p>\n<p><strong>V\u00fdsledek:<\/strong> Pr\u016fm\u011brn\u00e1 hodnota objedn\u00e1vky se zv\u00fd\u0161ila o 18%, proto\u017ee z\u00e1kazn\u00edci s vysokou hodnotou nebyli nau\u010deni \u010dekat na slevy. Zlep\u0161ila se mar\u017ee, proto\u017ee slevy \u0161ly pouze do cenov\u011b citliv\u00fdch segment\u016f.<\/p>\n\n\n<h4 class=\"wp-block-heading\">P\u0159\u00edklad 3: Spole\u010dnost poskytuj\u00edc\u00ed slu\u017eby B2B<\/h4>\n\n\n<p>Firma poskytuj\u00edc\u00ed profesion\u00e1ln\u00ed slu\u017eby m\u011bla dlouh\u00e9 prodejn\u00ed cykly. Nedok\u00e1zala p\u0159edpov\u011bd\u011bt, kte\u0159\u00ed potenci\u00e1ln\u00ed z\u00e1kazn\u00edci budou uzav\u00edrat obchody a kdy.<\/p>\n<p><strong>Co se zm\u011bnilo:<\/strong> Um\u011bl\u00e1 inteligence analyzovala minul\u00e9 transakce. Zjistila, \u017ee potenci\u00e1ln\u00ed z\u00e1kazn\u00edci, kte\u0159\u00ed se zapojili do ur\u010dit\u00fdch typ\u016f obsahu a m\u011bli ur\u010dit\u00e9 interakce se z\u00fa\u010dastn\u011bn\u00fdmi stranami, m\u011bli 4x v\u011bt\u0161\u00ed pravd\u011bpodobnost uzav\u0159en\u00ed obchodu.<\/p>\n<p><strong>V\u00fdsledek:<\/strong> Obchodn\u00ed t\u00fdm se zam\u011b\u0159il na potenci\u00e1ln\u00ed z\u00e1kazn\u00edky, kte\u0159\u00ed tyto sign\u00e1ly vykazuj\u00ed. M\u00edra v\u00edt\u011bzstv\u00ed se zv\u00fd\u0161ila o 35%. Prodejn\u00ed cyklus se zkr\u00e1til, proto\u017ee obchodn\u00ed z\u00e1stupci v\u011bd\u011bli, kdy jsou potenci\u00e1ln\u00ed z\u00e1kazn\u00edci skute\u010dn\u011b p\u0159ipraveni ke koupi.<\/p>\n\n\n<hr class=\"wp-block-separator has-alpha-channel-opacity\"\/>\n\n\n\n<h3 class=\"wp-block-heading\">Co AI neud\u011bl\u00e1<\/h3>\n\n\n<p>\u0158ekn\u011bme si up\u0159\u00edmn\u011b, jak\u00e1 jsou omezen\u00ed.<\/p>\n<p>Um\u011bl\u00e1 inteligence najde vzory, ale ne\u0159ekne v\u00e1m pro\u010d. M\u016f\u017ee v\u00e1m uk\u00e1zat, \u017ee z\u00e1kazn\u00edci, kte\u0159\u00ed d\u011blaj\u00ed X, \u010dast\u011bji odch\u00e1zej\u00ed, ale nevysv\u011btl\u00ed v\u00e1m psychologii, kter\u00e1 za t\u00edm stoj\u00ed. K interpretaci poznatk\u016f st\u00e1le pot\u0159ebujete lidsk\u00fd \u00fasudek.<\/p>\n<p>P\u0159edpov\u011bdi AI nejsou dokonal\u00e9. P\u0159edpov\u011b\u010f odlivu s p\u0159esnost\u00ed 70-80% je velmi dobr\u00e1, ale znamen\u00e1 to, \u017ee 20-30% p\u0159edpov\u011bd\u00ed je chybn\u00fdch. Nepova\u017eujte v\u00fdsledky AI za jistotu. Jsou to pravd\u011bpodobnosti.<\/p>\n<p>Um\u011bl\u00e1 inteligence nedok\u00e1\u017ee napravit nefunk\u010dn\u00ed z\u00e1kaznick\u00e9 zku\u0161enosti. Pokud v\u00e1\u0161 produkt nefunguje, va\u0161e slu\u017eby jsou \u0161patn\u00e9 nebo m\u00e1te \u0161patnou cenovou politiku - AI v\u00e1m probl\u00e9m uk\u00e1\u017ee, ale nevy\u0159e\u0161\u00ed ho. St\u00e1le mus\u00edte opravit z\u00e1klady.<\/p>\n<p>A um\u011bl\u00e1 inteligence pot\u0159ebuje data. Pokud nesledujete chov\u00e1n\u00ed z\u00e1kazn\u00edk\u016f, nen\u00ed co analyzovat. Plat\u00ed zde z\u00e1sada \"odpadky dovnit\u0159, odpadky ven\".<\/p>\n\n\n<hr class=\"wp-block-separator has-alpha-channel-opacity\"\/>\n\n\n\n<h3 class=\"wp-block-heading\">Jak za\u010d\u00edt<\/h3>\n\n\n<p>Nemus\u00edte analyzovat v\u0161e najednou. Za\u010dn\u011bte s oblastmi s vysok\u00fdm dopadem:\n<ul>\n<li><strong>Za\u010dn\u011bte s p\u0159edpov\u011bd\u00ed odlivu.<\/strong> To m\u00e1 okam\u017eitou n\u00e1vratnost investice. Identifikujte rizikov\u00e9 z\u00e1kazn\u00edky, aktivn\u011b je oslovte a zm\u011b\u0159te, zda se sn\u00ed\u017e\u00ed odliv z\u00e1kazn\u00edk\u016f.<\/li>\n<li><strong>Segment jedna kampa\u0148.<\/strong> Vezm\u011bte st\u00e1vaj\u00edc\u00ed kampa\u0148 a rozd\u011blte ji podle behavior\u00e1ln\u00edch segment\u016f. Zjist\u011bte, zda c\u00edlen\u00e1 sd\u011blen\u00ed maj\u00ed lep\u0161\u00ed v\u00fdsledky ne\u017e obecn\u00e1.<\/li>\n<li><strong>Analyzujte sv\u00e9 nejlep\u0161\u00ed z\u00e1kazn\u00edky.<\/strong> Co maj\u00ed z\u00e1kazn\u00edci s vysokou hodnotou spole\u010dn\u00e9ho? Najd\u011bte vzor a pak hledejte dal\u0161\u00ed podobn\u00e9 z\u00e1kazn\u00edky.<\/li>\n<li><strong>Zmapujte jednu cestu z\u00e1kazn\u00edka.<\/strong> Vyberte si hlavn\u00ed cestu konverze. Zjist\u011bte, jak j\u00ed z\u00e1kazn\u00edci skute\u010dn\u011b proch\u00e1zej\u00ed v porovn\u00e1n\u00ed s t\u00edm, jak si mysl\u00edte, \u017ee j\u00ed proch\u00e1zej\u00ed.<\/li>\n<li><strong>Otestujte k\u0159\u00ed\u017eov\u00e1 prodejn\u00ed doporu\u010den\u00ed.<\/strong> Vyu\u017eijte um\u011blou inteligenci k navrhov\u00e1n\u00ed dal\u0161\u00edch nejlep\u0161\u00edch produkt\u016f. Porovnejte konverzi s n\u00e1hodn\u00fdmi nebo ru\u010dn\u00edmi n\u00e1vrhy.<\/li>\n<\/ul>\n<\/p>\n\n<p>Za\u010dn\u011bte v mal\u00e9m. M\u011b\u0159en\u00ed dopadu. Roz\u0161i\u0159te to, co funguje. C\u00edlem jsou vyu\u017eiteln\u00e9 poznatky, ne dokonal\u00e9 modely.<\/p>\n\n\n<hr class=\"wp-block-separator has-alpha-channel-opacity\"\/>\n\n\n\n<h3 class=\"wp-block-heading\">Podtr\u017eeno, se\u010dteno<\/h3>\n\n\n<p>Poznatky o z\u00e1kazn\u00edc\u00edch vych\u00e1zej\u00ed ze vzorc\u016f chov\u00e1n\u00ed. Co maj\u00ed spole\u010dn\u00e9ho z\u00e1kazn\u00edci, kte\u0159\u00ed nakupuj\u00ed, z\u016fst\u00e1vaj\u00ed, upgraduj\u00ed a doporu\u010duj\u00ed? \u010c\u00edm se li\u0161\u00ed ti, kte\u0159\u00ed odch\u00e1zej\u00ed?<\/p>\n<p>Lid\u00e9 nedok\u00e1\u017eou rozpoznat vzorce u tis\u00edc\u016f z\u00e1kazn\u00edk\u016f v des\u00edtk\u00e1ch prom\u011bnn\u00fdch. Um\u011bl\u00e1 inteligence ano.<\/p>\n<p>Strategie st\u00e1le pat\u0159\u00ed va\u0161emu t\u00fdmu. Oni rozhoduj\u00ed o tom, co s poznatky ud\u011blaj\u00ed. Navrhuj\u00ed kampan\u011b a z\u00e1kaznick\u00e9 zku\u0161enosti. Interpretuj\u00ed, co data znamenaj\u00ed.<\/p>\n<p>Ale u\u017e nevych\u00e1zej\u00ed z odhad\u016f. Vych\u00e1zej\u00ed ze vzorc\u016f toho, co z\u00e1kazn\u00edci skute\u010dn\u011b d\u011blaj\u00ed. To znamen\u00e1 lep\u0161\u00ed c\u00edlen\u00ed, vy\u0161\u0161\u00ed retenci a rozhodnut\u00ed zalo\u017een\u00e1 na realit\u011b.<\/p>\n\n\n<hr class=\"wp-block-separator has-alpha-channel-opacity\"\/>\n\n\n\n<h3 class=\"wp-block-heading\">Chcete l\u00e9pe porozum\u011bt sv\u00fdm z\u00e1kazn\u00edk\u016fm?<\/h3>\n\n\n<p>Ka\u017ed\u00e1 firma m\u00e1 jin\u00e9 \u00fadaje o z\u00e1kazn\u00edc\u00edch. R\u016fzn\u00e9 vzorce chov\u00e1n\u00ed. R\u016fzn\u00e9 v\u00fdsledky, na kter\u00fdch z\u00e1le\u017e\u00ed.<\/p>\n<p>Neprod\u00e1v\u00e1me obecnou anal\u00fdzu z\u00e1kazn\u00edk\u016f. Pod\u00edv\u00e1me se na va\u0161e data. Zji\u0161\u0165ujeme, kter\u00e9 vzorce skute\u010dn\u011b p\u0159edpov\u00eddaj\u00ed v\u00fdsledky va\u0161eho podnik\u00e1n\u00ed. Vytv\u00e1\u0159\u00edme modely, kter\u00e9 odpov\u00eddaj\u00ed na va\u0161e konkr\u00e9tn\u00ed ot\u00e1zky.<\/p>\n<p>Pot\u00e9 propoj\u00edme poznatky s n\u00e1stroji automatizace marketingu, CRM a n\u00e1stroji pro \u00fasp\u011bch z\u00e1kazn\u00edk\u016f. V\u00e1\u0161 t\u00fdm uvid\u00ed segmenty a predikce tam, kde pracuje. Na z\u00e1klad\u011b poznatk\u016f mohou okam\u017eit\u011b jednat.<\/p>\n<p>\u017d\u00e1dn\u00fd humbuk. \u017d\u00e1dn\u00e9 sliby dokonal\u00fdch p\u0159edpov\u011bd\u00ed. Jen lep\u0161\u00ed pochopen\u00ed chov\u00e1n\u00ed z\u00e1kazn\u00edk\u016f, abyste se mohli l\u00e9pe rozhodovat.<\/p>\n\n<p><a href=\"https:\/\/www.leaplytics.de\/cs\/kontakt\/\">Promluvme si o va\u0161ich z\u00e1kaznick\u00fdch datech<\/a><\/p>\n\n<p><a href=\"https:\/\/www.leaplytics.de\/cs\/marketing-prodej-ai\/\">Zp\u011bt na Marketing &amp; Sales AI<\/a><\/p>","protected":false},"excerpt":{"rendered":"<p>AI for Customer Insights &#038; Segmentation: Stop Guessing What Customers Want You have customer data. Purchase history. Website behavior. Email engagement. CRM notes. Support tickets. Product usage logs. All that data should tell you who your best customers are. What they need. When they&#8217;re about to leave. Who&#8217;s ready to buy more. But turning data &hellip; <\/p>","protected":false},"author":2,"featured_media":0,"parent":0,"menu_order":0,"comment_status":"closed","ping_status":"closed","template":"","meta":{"footnotes":""},"class_list":["post-14478","page","type-page","status-publish","hentry","latest_post"],"_links":{"self":[{"href":"https:\/\/www.leaplytics.de\/cs\/wp-json\/wp\/v2\/pages\/14478","targetHints":{"allow":["GET"]}}],"collection":[{"href":"https:\/\/www.leaplytics.de\/cs\/wp-json\/wp\/v2\/pages"}],"about":[{"href":"https:\/\/www.leaplytics.de\/cs\/wp-json\/wp\/v2\/types\/page"}],"author":[{"embeddable":true,"href":"https:\/\/www.leaplytics.de\/cs\/wp-json\/wp\/v2\/users\/2"}],"replies":[{"embeddable":true,"href":"https:\/\/www.leaplytics.de\/cs\/wp-json\/wp\/v2\/comments?post=14478"}],"version-history":[{"count":1,"href":"https:\/\/www.leaplytics.de\/cs\/wp-json\/wp\/v2\/pages\/14478\/revisions"}],"predecessor-version":[{"id":14486,"href":"https:\/\/www.leaplytics.de\/cs\/wp-json\/wp\/v2\/pages\/14478\/revisions\/14486"}],"wp:attachment":[{"href":"https:\/\/www.leaplytics.de\/cs\/wp-json\/wp\/v2\/media?parent=14478"}],"curies":[{"name":"wp","href":"https:\/\/api.w.org\/{rel}","templated":true}]}}