{"id":14480,"date":"2025-12-19T01:54:58","date_gmt":"2025-12-19T00:54:58","guid":{"rendered":"https:\/\/www.leaplytics.de\/?page_id=14480"},"modified":"2025-12-19T01:54:58","modified_gmt":"2025-12-19T00:54:58","slug":"predpoved-prodejniho-potrubi-ai","status":"publish","type":"page","link":"https:\/\/www.leaplytics.de\/cs\/predpoved-prodejniho-potrubi-ai\/","title":{"rendered":"Um\u011bl\u00e1 inteligence pro prodejn\u00ed potrub\u00ed a progn\u00f3zy"},"content":{"rendered":"<h2>Um\u011bl\u00e1 inteligence pro prodejn\u00ed potrub\u00ed a progn\u00f3zov\u00e1n\u00ed: P\u0159esta\u0148te h\u00e1dat, co se uzav\u0159e<\/h2>\n\n<p>Ka\u017ed\u00e9 \u010dtvrtlet\u00ed stejn\u00e1 hra. Veden\u00ed prodeje si vy\u017e\u00e1d\u00e1 progn\u00f3zu. Obchodn\u00ed z\u00e1stupci \u0159eknou, \u017ee obchody budou uzav\u0159eny. Veden\u00ed upravuje sm\u011brem dol\u016f, proto\u017ee obchodn\u00ed z\u00e1stupci jsou v\u017edy optimisti\u010dt\u00ed. Obchody jsou ve skluzu. Progn\u00f3za se m\u011bn\u00ed ka\u017ed\u00fd t\u00fdden.<\/p>\n<p>Nikdo nev\u00ed, co se skute\u010dn\u011b uzav\u0159e. Ne proto, \u017ee by prodejci lhali. Proto\u017ee p\u0159edv\u00eddat v\u00fdsledky obchod\u016f je t\u011b\u017ek\u00e9, kdy\u017e se spol\u00e9h\u00e1te na instinkt a pozn\u00e1mky CRM.<\/p>\n<p>Um\u011bl\u00e1 inteligence neodhaduje. Zkoum\u00e1 charakteristiky obchod\u016f a historick\u00e9 vzorce. Na z\u00e1klad\u011b dat p\u0159edpov\u00edd\u00e1 pravd\u011bpodobnost uzav\u0159en\u00ed obchodu. Rizikov\u00e9 obchody ozna\u010d\u00ed d\u0159\u00edve, ne\u017e zaniknou. \u0158ekne v\u00e1m, kter\u00fdm obchod\u016fm je t\u0159eba v\u011bnovat pozornost a kter\u00e9 se uzav\u0159ou samy.<\/p>\n<p>Va\u0161e p\u0159edpov\u011b\u010f p\u0159est\u00e1v\u00e1 b\u00fdt zbo\u017en\u00fdm p\u0159\u00e1n\u00edm. Za\u010dne se zakl\u00e1dat na realit\u011b.<\/p>\n\n\n<hr class=\"wp-block-separator has-alpha-channel-opacity\"\/>\n\n\n\n<h3 class=\"wp-block-heading\">Probl\u00e9m: potrub\u00ed pln\u00e9 mo\u017en\u00e1<\/h3>\n\n\n<p>V\u00e1\u0161 CRM ukazuje 50 otev\u0159en\u00fdch obchod\u016f. Z\u00e1stupci tvrd\u00ed, \u017ee v tomto \u010dtvrtlet\u00ed bude uzav\u0159eno 30. Historie \u0159\u00edk\u00e1, \u017ee se jich uzav\u0159e 12. Ale kter\u00fdch 12? To nikdo nev\u00ed.<\/p>\n<p>Obchody jsou p\u0159\u00edli\u0161 dlouho ve f\u00e1z\u00edch p\u0159\u00edpravy. N\u011bkter\u00e9 se posunou vp\u0159ed. N\u011bkter\u00e9 se zadrhnou a odum\u0159ou. N\u011bkter\u00e9 v\u00e1s p\u0159ekvap\u00ed a rychle se uzav\u0159ou. V\u011bt\u0161inou nev\u00edte, kter\u00e1 je kter\u00e1, dokud nen\u00ed po v\u0161em.<\/p>\n<p>Prodejn\u00ed mana\u017ee\u0159i tr\u00e1v\u00ed hodiny nad revizemi potrub\u00ed. \"Jak\u00fd je stav?\" \"Kdy se uzav\u0159e?\" \"Jak\u00e9 je riziko?\" Stejn\u00e9 ot\u00e1zky, ka\u017ed\u00fd t\u00fdden jin\u00e9 odpov\u011bdi.<\/p>\n<p>P\u0159edpov\u011b\u010f, kterou d\u00e1v\u00e1te veden\u00ed, je pouh\u00fdm odhadem. N\u011bkdy jste bl\u00edzko. \u010casto ne. Konec \u010dtvrtlet\u00ed se st\u00e1v\u00e1 bojem o to, abyste se trefili do \u010d\u00edsla.<\/p>\n<p>Ne proto, \u017ee by v\u00e1\u0161 prodejn\u00ed t\u00fdm byl \u0161patn\u00fd. Proto\u017ee lid\u00e9 nejsou dob\u0159\u00ed v p\u0159edpov\u00edd\u00e1n\u00ed pravd\u011bpodobnostn\u00edch v\u00fdsledk\u016f v des\u00edtk\u00e1ch prom\u011bnn\u00fdch. Um\u011bl\u00e1 inteligence ano.<\/p>\n\n\n<hr class=\"wp-block-separator has-alpha-channel-opacity\"\/>\n\n\n\n<h3 class=\"wp-block-heading\">Co d\u011bl\u00e1 um\u011bl\u00e1 inteligence pro prodejn\u00ed potrub\u00ed a progn\u00f3zov\u00e1n\u00ed<\/h3>\n\n\n<p>Um\u011bl\u00e1 inteligence nenahrazuje \u00fasudek prodejc\u016f. Poskytuje data, kter\u00e1 tento \u00fasudek zlep\u0161uj\u00ed. Zde je n\u00e1vod, jak na to:<\/p>\n\n\n<h4 class=\"wp-block-heading\">Bodov\u00e1n\u00ed pravd\u011bpodobnosti transakce<\/h4>\n\n\n<p>Ka\u017ed\u00e9mu obchodu je p\u0159i\u0159azeno sk\u00f3re pravd\u011bpodobnosti uzav\u0159en\u00ed na z\u00e1klad\u011b:\n<ul>\n<li>Charakteristika transakce (velikost, typ, slo\u017eitost)<\/li>\n<li>F\u00e1ze prodeje a doba v n\u00ed<\/li>\n<li>\u00darove\u0148 zapojen\u00ed (aktivita z\u00fa\u010dastn\u011bn\u00fdch stran, odpov\u011bdi na e-maily, \u010detnost sch\u016fzek)<\/li>\n<li>Historick\u00e9 vzorce (jak\u00e9 transakce byly skute\u010dn\u011b uzav\u0159eny?)<\/li>\n<li>Konkuren\u010dn\u00ed faktory (jedin\u00fd dodavatel nebo konkuren\u010dn\u00ed dohoda?)<\/li>\n<\/ul>\n<\/p>\n\n<p>Um\u011bl\u00e1 inteligence porovn\u00e1v\u00e1 ka\u017ed\u00fd obchod s tis\u00edci minul\u00fdmi obchody. Transakce s podobn\u00fdmi charakteristikami, kter\u00e9 byly uzav\u0159eny, z\u00edskaj\u00ed vy\u0161\u0161\u00ed sk\u00f3re. Obchody, kter\u00e9 odpov\u00eddaj\u00ed vzorc\u016fm ztracen\u00fdch obchod\u016f, dost\u00e1vaj\u00ed ni\u017e\u0161\u00ed sk\u00f3re.<\/p>\n<p>Tohle nen\u00ed pocit. Je to porovn\u00e1v\u00e1n\u00ed vzor\u016f na z\u00e1klad\u011b skute\u010dn\u00fdch \u00fadaj\u016f o v\u00fdhr\u00e1ch a prohr\u00e1ch.<\/p>\n<p>Reprezentant \u0159\u00edk\u00e1 90% \u0161ance na uzav\u0159en\u00ed, AI \u0159\u00edk\u00e1 40%? Pod\u00edvejte se bl\u00ed\u017ee. N\u011bco je \u0161patn\u011b. Bu\u010f z\u00e1stupci chyb\u00ed varovn\u00e1 znamen\u00ed, nebo existuje kontext, kter\u00fd AI nem\u00e1. Tak \u010di onak, prozkoumejte to d\u0159\u00edv, ne\u017e dohoda zanikne.<\/p>\n\n\n<h4 class=\"wp-block-heading\">Identifikace rizikov\u00fdch obchod\u016f<\/h4>\n\n\n<p>Obchody um\u00edraj\u00ed pomalu a pak najednou. Varovn\u00e9 sign\u00e1ly se objevuj\u00ed n\u011bkolik t\u00fddn\u016f p\u0159ed ofici\u00e1ln\u00edm z\u00e1nikem obchodu:\n<ul>\n<li>\u017d\u00e1dn\u00e1 aktivita za v\u00edce ne\u017e 14 dn\u00ed<\/li>\n<li>Champion p\u0159estal reagovat<\/li>\n<li>Opakovan\u00e9 p\u0159esouv\u00e1n\u00ed sch\u016fzek<\/li>\n<li>\u010casov\u00e1 osa rozhodnut\u00ed se st\u00e1le posouv\u00e1<\/li>\n<li>Z\u00fa\u010dastn\u011bn\u00e9 strany, kter\u00e9 se zapojily d\u0159\u00edve, se odml\u010dely<\/li>\n<li>P\u0159\u00edli\u0161 dlouh\u00e9 setrv\u00e1n\u00ed ve stejn\u00e9 f\u00e1zi<\/li>\n<\/ul>\n<\/p>\n\n<p>Um\u011bl\u00e1 inteligence tyto vzory sleduje. Pokud se objev\u00ed v\u00edce varovn\u00fdch p\u0159\u00edznak\u016f najednou, ozna\u010d\u00ed obchod jako rizikov\u00fd.<\/p>\n<p>Vedouc\u00ed prodeje vid\u00ed vlajku. Zept\u00e1 se z\u00e1stupce, co se d\u011bje. Reprezentant \u010dasto \u0159ekne: \"No jo, m\u011bl bych to zkontrolovat\". N\u011bkdy \u0159ekne: \"To je v po\u0159\u00e1dku.\" Ale alespo\u0148 v\u00edte, \u017ee to m\u00e1te sledovat.<\/p>\n<p>Nem\u016f\u017eete zachr\u00e1nit ka\u017ed\u00fd obchod. M\u016f\u017eete se v\u0161ak pokusit zachr\u00e1nit nab\u00eddky d\u0159\u00edve, ne\u017e budou zcela mrtv\u00e9. To ale funguje pouze tehdy, pokud v\u00edte, \u017ee jsou v ohro\u017een\u00ed.<\/p>\n\n\n<h4 class=\"wp-block-heading\">Zlep\u0161en\u00ed p\u0159esnosti p\u0159edpov\u011bd\u00ed<\/h4>\n\n\n<p>Va\u0161e progn\u00f3za je sou\u010dtem pravd\u011bpodobnost\u00ed obchod\u016f. Pokud jsou va\u0161e odhady pravd\u011bpodobnosti \u0161patn\u00e9, je va\u0161e progn\u00f3za \u0161patn\u00e1.<\/p>\n<p>Um\u011bl\u00e1 inteligence sestavuje p\u0159edpov\u011b\u010f na z\u00e1klad\u011b:\n<ul>\n<li>Pravd\u011bpodobnosti jednotliv\u00fdch transakc\u00ed (na z\u00e1klad\u011b dat, nikoliv odhad\u016f z\u00e1stupc\u016f)<\/li>\n<li>Historick\u00e9 m\u00edry uzav\u0159en\u00ed podle f\u00e1ze, z\u00e1stupce a typu obchodu<\/li>\n<li>Sez\u00f3nn\u00ed vzorce va\u0161eho podnik\u00e1n\u00ed<\/li>\n<li>Trendy d\u00e9lky prodejn\u00edho cyklu<\/li>\n<\/ul>\n<\/p>\n\n<p>Ne\u0159ekne v\u00e1m jen \u010d\u00edslo. Uv\u00e1d\u00ed rozsahy. \"S nejv\u011bt\u0161\u00ed pravd\u011bpodobnost\u00ed $X, ale m\u016f\u017ee to b\u00fdt i $Y nebo $Z.\" To je poctiv\u00e1 p\u0159edpov\u011b\u010f.<\/p>\n<p>Postupem \u010dasu zjist\u00edte, kter\u00e9 obchody um\u011bl\u00e1 inteligence p\u0159edpov\u011bd\u011bla dob\u0159e a kter\u00e9 ne. P\u0159izp\u016fsob\u00edte se. Model se u\u010d\u00ed. P\u0159esnost se zlep\u0161uje.<\/p>\n<p>Nikdy nebudete m\u00edt dokonal\u00e9 p\u0159edpov\u011bdi. Ale m\u016f\u017eete m\u00edt p\u0159edpov\u011bdi, kter\u00e9 jsou \u010dast\u011bji spr\u00e1vn\u00e9 ne\u017e chybn\u00e9. To je lep\u0161\u00ed, ne\u017e m\u00e1 nyn\u00ed v\u011bt\u0161ina prodejn\u00edch t\u00fdm\u016f.<\/p>\n\n\n<h4 class=\"wp-block-heading\">Dal\u0161\u00ed nejlep\u0161\u00ed doporu\u010den\u00ed k akci<\/h4>\n\n\n<p>Ka\u017ed\u00fd obchodn\u00ed z\u00e1stupce m\u00e1 v\u00edce nab\u00eddek, ne\u017e m\u016f\u017ee aktivn\u011b zpracovat. Na kter\u00e9 z nich by se m\u011bl dnes zam\u011b\u0159it?<\/p>\n<p>Um\u011bl\u00e1 inteligence ur\u010duje priority:\n<ul>\n<li>Rizikov\u00e9 obchody, kter\u00fdm je t\u0159eba v\u011bnovat okam\u017eitou pozornost<\/li>\n<li>Obchody s vysokou pravd\u011bpodobnost\u00ed uzav\u0159en\u00ed, kter\u00e9 jsou p\u0159ipraveny k postupu.<\/li>\n<li>transakce, u nich\u017e ur\u010dit\u00e9 kroky (sledov\u00e1n\u00ed zainteresovan\u00e9 strany, zasl\u00e1n\u00ed n\u00e1vrhu) historicky zv\u00fd\u0161ily m\u00edru uzav\u0159en\u00ed.<\/li>\n<li>Nevyu\u017eit\u00e9 obchody, kter\u00e9 pot\u0159ebuj\u00ed popohnat<\/li>\n<\/ul>\n<\/p>\n\n<p>Z\u00e1stupce se p\u0159ihl\u00e1s\u00ed, zobraz\u00ed seznam priorit, kter\u00e9 je t\u0159eba ud\u011blat. Ne v\u0161echno. 5-7 akc\u00ed, kter\u00e9 s nejv\u011bt\u0161\u00ed pravd\u011bpodobnost\u00ed posunou obchody kup\u0159edu.<\/p>\n<p>Nepln\u00ed p\u0159\u00edkazy AI. Dost\u00e1vaj\u00ed n\u00e1vrhy zalo\u017een\u00e9 na datech, kde je nejlep\u0161\u00ed tr\u00e1vit \u010das. St\u00e1le pou\u017e\u00edvaj\u00ed \u00fasudek. Jen maj\u00ed lep\u0161\u00ed informace.<\/p>\n\n\n<h4 class=\"wp-block-heading\">Anal\u00fdza vzor\u016f v\u00fdher\/ztr\u00e1t<\/h4>\n\n\n<p>Pro\u010d se obchody uzav\u00edraj\u00ed? Pro\u010d prohr\u00e1vaj\u00ed?<\/p>\n<p>Um\u011bl\u00e1 inteligence analyzuje uzav\u0159en\u00e9 obchody - vyhran\u00e9 i prohran\u00e9:\n<ul>\n<li>Jak\u00e9 spole\u010dn\u00e9 znaky maj\u00ed vyhran\u00e9 obchody?<\/li>\n<li>Jak dlouho obvykle trvaj\u00ed v\u00edt\u011bzn\u00e9 obchody?<\/li>\n<li>Kter\u00e9 \u010dinnosti koreluj\u00ed s v\u00edt\u011bzstv\u00edmi?<\/li>\n<li>Co je na ztracen\u00fdch obchodech jin\u00e9ho?<\/li>\n<li>Existuj\u00ed vzorce podle odv\u011btv\u00ed, velikosti obchodu nebo konkurenta?<\/li>\n<\/ul>\n<\/p>\n\n<p>Tyto vzorce se st\u00e1vaj\u00ed vhledy:\n<ul>\n<li>\"Transakce s v\u00edce ne\u017e 3 z\u00fa\u010dastn\u011bn\u00fdmi stranami se uzav\u00edraj\u00ed dvakr\u00e1t \u010dast\u011bji ne\u017e transakce s jednou z\u00fa\u010dastn\u011bnou stranou\"<\/li>\n<li>\"Kdy\u017e se do 4. t\u00fddne zapoj\u00ed pr\u00e1vn\u00ed odd\u011blen\u00ed, klesne m\u00edra uzav\u0159en\u00ed 30%\"<\/li>\n<li>\"Nab\u00eddky, kter\u00e9 zahrnuj\u00ed pilotn\u00ed konverzi 80% \u010dasu\"<\/li>\n<\/ul>\n<\/p>\n\n<p>Dozv\u00edte se, co vlastn\u011b vede k v\u00fdhr\u00e1m. Pak tr\u00e9nujete z\u00e1stupce, aby d\u011blali v\u00edce toho, co funguje, a m\u00e9n\u011b toho, co nefunguje. To je \u0159\u00edzen\u00ed prodeje zalo\u017een\u00e9 na datech.<\/p>\n\n\n<h4 class=\"wp-block-heading\">Monitorov\u00e1n\u00ed stavu potrub\u00ed<\/h4>\n\n\n<p>Je va\u0161e potrub\u00ed zdrav\u00e9, nebo pln\u00e9 odpadu? T\u011b\u017eko \u0159\u00edct, kdy\u017e se d\u00edv\u00e1te jen na po\u010det obchod\u016f a celkovou hodnotu.<\/p>\n<p>Um\u011bl\u00e1 inteligence vyhodnocuje stav potrub\u00ed:\n<ul>\n<li>Jak\u00e1 je re\u00e1ln\u00e1 hodnota? (Hodnota transakce v\u00e1\u017een\u00e1 podle sk\u00f3re pravd\u011bpodobnosti AI)<\/li>\n<li>Roste, nebo se zmen\u0161uje potrub\u00ed?<\/li>\n<li>Proch\u00e1zej\u00ed obchody jednotliv\u00fdmi f\u00e1zemi b\u011b\u017enou rychlost\u00ed?<\/li>\n<li>Je pokryt\u00ed potrub\u00ed dostate\u010dn\u00e9 pro dosa\u017een\u00ed c\u00edl\u016f? (Re\u00e1ln\u00e1 hodnota vs. kv\u00f3ta)<\/li>\n<li>Kter\u00e9 f\u00e1ze maj\u00ed \u00fazk\u00e1 m\u00edsta?<\/li>\n<\/ul>\n<\/p>\n\n<p>Vedouc\u00ed prodeje vid\u00ed p\u0159ehledy stavu potrub\u00ed. Ne marniv\u00e9 ukazatele. Skute\u010dn\u00e9 ukazatele toho, zda t\u00fdm dos\u00e1hne \u010d\u00edsel.<\/p>\n<p>Pokud potrub\u00ed vypad\u00e1 slab\u011b, pozn\u00e1te to brzy. M\u016f\u017eete p\u0159idat zdroje na lead gen nebo upravit c\u00edle d\u0159\u00edve, ne\u017e bude pozd\u011b.<\/p>\n\n\n<hr class=\"wp-block-separator has-alpha-channel-opacity\"\/>\n\n\n\n<h3 class=\"wp-block-heading\">Co to pro v\u00e1s znamen\u00e1<\/h3>\n\n\n\n<h4 class=\"wp-block-heading\">Pro obchodn\u00ed \u0159editele<\/h4>\n\n\n<p>P\u0159edpov\u011bdi, kter\u00fdm m\u016f\u017eete v\u011b\u0159it. Nejsou dokonal\u00e9, ale jsou mnohem lep\u0161\u00ed ne\u017e odhady. Poskytujete veden\u00ed \u010d\u00edsla zalo\u017een\u00e1 na datech, ne na nad\u011bji.<\/p>\n<p>Zlep\u0161uje se viditelnost potrub\u00ed. Okam\u017eit\u011b vid\u00edte rizikov\u00e9 obchody. V\u00edte, kde m\u00e1te tr\u00e9novat. V\u00edte, kter\u00e9 obchody pot\u0159ebuj\u00ed zapojen\u00ed vy\u0161\u0161\u00edch mana\u017eer\u016f.<\/p>\n<p>P\u0159id\u011blov\u00e1n\u00ed zdroj\u016f se st\u00e1v\u00e1 chyt\u0159ej\u0161\u00edm. V\u00edte, kter\u00e9 obchody jsou skute\u010dn\u00e9 a kter\u00e9 jsou jen sny. T\u00fdmov\u00e9 \u00fasil\u00ed se zam\u011b\u0159uje na p\u0159\u00edle\u017eitosti, kter\u00e9 lze vyhr\u00e1t.<\/p>\n<p>Tr\u00e9nujete na z\u00e1klad\u011b vzor\u016f. \"V\u00edt\u011bzov\u00e9 to d\u011blaj\u00ed jinak.\" To je \u00fa\u010dinn\u011bj\u0161\u00ed ne\u017e obecn\u00e9 prodejn\u00ed rady.<\/p>\n\n\n<h4 class=\"wp-block-heading\">Pro obchodn\u00ed z\u00e1stupce<\/h4>\n\n\n<p>V\u00edte, na kter\u00e9 obchody se zam\u011b\u0159it. U\u017e se nemus\u00edte rozptylovat mezi 50 p\u0159\u00edle\u017eitost\u00ed. Pracujte na t\u011bch, u kter\u00fdch je nejv\u011bt\u0161\u00ed pravd\u011bpodobnost uzav\u0159en\u00ed.<\/p>\n<p>Probl\u00e9my zachyt\u00edte v\u010das. Dohoda se rozpad\u00e1? Uvid\u00edte varovn\u00e9 sign\u00e1ly d\u0159\u00edv, ne\u017e bude mrtv\u00e1. M\u016f\u017eete korigovat sm\u011br.<\/p>\n<p>Dostanete pokyny k dal\u0161\u00edm krok\u016fm. Ne p\u0159\u00edkazy, ale \u00fadaje o tom, co obvykle funguje u obchod\u016f, jako je ten v\u00e1\u0161. M\u016f\u017eete se l\u00e9pe rozhodovat.<\/p>\n<p>M\u00e9n\u011b \u010dasu na aktualizaci CRM pro samotnou aktualizaci. Um\u011bl\u00e1 inteligence je t\u00edm chyt\u0159ej\u0161\u00ed, \u010d\u00edm v\u00edce dat m\u00e1, ale vyu\u017e\u00edv\u00e1 je k tomu, aby v\u00e1m pomohla prod\u00e1vat, ne jen reportovat.<\/p>\n\n\n<h4 class=\"wp-block-heading\">Pro podnikatele<\/h4>\n\n\n<p>P\u0159edv\u00eddateln\u00e9 p\u0159\u00edjmy. Kdy\u017e jsou p\u0159edpov\u011bdi p\u0159esn\u00e9, m\u016f\u017eete pl\u00e1novat. Naj\u00edm\u00e1n\u00ed zam\u011bstnanc\u016f. Z\u00e1soby. Marketingov\u00e9 v\u00fddaje. V\u0161e na z\u00e1klad\u011b spolehliv\u00fdch progn\u00f3z p\u0159\u00edjm\u016f.<\/p>\n<p>Krat\u0161\u00ed prodejn\u00ed cykly. Kdy\u017e se obchodn\u00ed z\u00e1stupci soust\u0159ed\u00ed na spr\u00e1vn\u00e9 \u010dinnosti ve spr\u00e1vn\u00fd \u010das, obchody se uzav\u00edraj\u00ed rychleji.<\/p>\n<p>Vy\u0161\u0161\u00ed po\u010det v\u00fdher. Kdy\u017e pochop\u00edte, co vede k uzav\u00edr\u00e1n\u00ed obchod\u016f, m\u016f\u017eete toho d\u011blat v\u00edce. To se \u010dasem z\u00faro\u010d\u00ed.<\/p>\n<p>M\u00e9n\u011b p\u0159ekvapen\u00ed na konci \u010dtvrtlet\u00ed. V\u00edte n\u011bkolik t\u00fddn\u016f dop\u0159edu, zda se v\u00e1m poda\u0159\u00ed dos\u00e1hnout po\u017eadovan\u00e9ho \u010d\u00edsla. \u017d\u00e1dn\u00e1 panika na posledn\u00ed chv\u00edli. \u017d\u00e1dn\u00e9 ne\u010dekan\u00e9 v\u00fdpadky.<\/p>\n\n\n<hr class=\"wp-block-separator has-alpha-channel-opacity\"\/>\n\n\n\n<h3 class=\"wp-block-heading\">Skute\u010dn\u00e9 p\u0159\u00edklady um\u011bl\u00e9 inteligence pro p\u0159edpov\u00edd\u00e1n\u00ed prodeje<\/h3>\n\n\n\n<h4 class=\"wp-block-heading\">P\u0159\u00edklad 1: Softwarov\u00e1 spole\u010dnost B2B<\/h4>\n\n\n<p>St\u0159edn\u011b velk\u00e1 softwarov\u00e1 spole\u010dnost m\u011bla p\u0159esnost p\u0159edpov\u011bdi 35%. Ka\u017ed\u00e9 \u010dtvrtlet\u00ed bylo p\u0159ekvapen\u00edm. Veden\u00ed obchodu nemohlo pl\u00e1novat, proto\u017ee nev\u011bd\u011blo, jak\u00e9 budou skute\u010dn\u00e9 tr\u017eby.<\/p>\n<p><strong>Co se zm\u011bnilo:<\/strong> AI analyzovala \u00fadaje o transakc\u00edch za 3 roky. Vytvo\u0159ila pravd\u011bpodobnostn\u00ed modely na z\u00e1klad\u011b skute\u010dn\u00fdch vzorc\u016f uzav\u00edr\u00e1n\u00ed obchod\u016f. M\u00edsto odhad\u016f z\u00e1stupc\u016f poskytla sk\u00f3re obchod\u016f zalo\u017een\u00e9 na datech.<\/p>\n<p><strong>V\u00fdsledek:<\/strong> P\u0159esnost p\u0159edpov\u011bdi se b\u011bhem dvou \u010dtvrtlet\u00ed zlep\u0161ila na 82%. Veden\u00ed mohlo pl\u00e1novat s jistotou. M\u00e9n\u011b po\u017e\u00e1rn\u00edch cvi\u010den\u00ed na konci \u010dtvrtlet\u00ed, proto\u017ee znali po\u010det t\u00fddn\u016f dop\u0159edu.<\/p>\n\n\n<h4 class=\"wp-block-heading\">P\u0159\u00edklad 2: V\u00fdrobn\u00ed spole\u010dnost<\/h4>\n\n\n<p>V\u00fdrobn\u00ed spole\u010dnost m\u011bla dlouh\u00e9 prodejn\u00ed cykly (6-12 m\u011bs\u00edc\u016f). N\u011bkolik m\u011bs\u00edc\u016f vypadaly obchody dob\u0159e a pak n\u00e1hle zanikly. Nikdo nev\u011bd\u011bl pro\u010d.<\/p>\n<p><strong>Co se zm\u011bnilo:<\/strong> Um\u011bl\u00e1 inteligence zjistila, \u017ee transakce, u nich\u017e nedo\u0161lo ke kontaktu se z\u00fa\u010dastn\u011bn\u00fdmi stranami po dobu 21 a v\u00edce dn\u00ed, maj\u00ed 72% \u0161anci, \u017ee nakonec prohraj\u00ed. Syst\u00e9m automaticky ozna\u010dil rizikov\u00e9 obchody.<\/p>\n<p><strong>V\u00fdsledek:<\/strong> Mana\u017ee\u0159i prodeje proaktivn\u011b zasahovali do ozna\u010den\u00fdch obchod\u016f. M\u00edra v\u00edt\u011bzstv\u00ed se zv\u00fd\u0161ila o 18%, proto\u017ee rizikov\u00fdm obchod\u016fm se dostalo pozornosti d\u0159\u00edve, ne\u017e zanikly. Prodejn\u00ed cyklus se zkr\u00e1til, proto\u017ee zastaven\u00e9 obchody se rychleji odblokovaly.<\/p>\n\n\n<h4 class=\"wp-block-heading\">P\u0159\u00edklad 3: Firma poskytuj\u00edc\u00ed profesion\u00e1ln\u00ed slu\u017eby<\/h4>\n\n\n<p>Poradensk\u00e1 firma nedok\u00e1zala ur\u010dit, kter\u00e9 n\u00e1vrhy budou uzav\u0159eny. M\u00edra v\u00edt\u011bzstv\u00ed byla ni\u017e\u0161\u00ed ne\u017e 30%. Odhadn\u00ed t\u00fdmy vynakl\u00e1daly obrovsk\u00e9 \u00fasil\u00ed na n\u00e1vrhy, kter\u00e9 nikam nevedly.<\/p>\n<p><strong>Co se zm\u011bnilo:<\/strong> AI analyzovala vyhran\u00e9 a prohran\u00e9 n\u00e1vrhy. Zjistila, \u017ee nab\u00eddky, u nich\u017e m\u011bl klient ji\u017e schv\u00e1len\u00fd rozpo\u010det, byly uzav\u0159eny za 65%. Obchody, u nich\u017e klient uvedl, \u017ee \"zkoum\u00e1 mo\u017enosti\", byly uzav\u0159eny za 12%.<\/p>\n<p><strong>V\u00fdsledek:<\/strong> Firma se za\u010dala v\u00edce kvalifikovat p\u0159edt\u00edm, ne\u017e za\u010dala investovat do n\u00e1vrh\u016f. Soust\u0159edila \u00fasil\u00ed p\u0159i p\u0159edkl\u00e1d\u00e1n\u00ed n\u00e1vrh\u016f na dob\u0159e kvalifikovan\u00e9 p\u0159\u00edle\u017eitosti. M\u00edra v\u00edt\u011bzstv\u00ed se zv\u00fd\u0161ila na 48%, proto\u017ee se p\u0159estali honit za \u0161patn\u00fdmi nab\u00eddkami.<\/p>\n\n\n<hr class=\"wp-block-separator has-alpha-channel-opacity\"\/>\n\n\n\n<h3 class=\"wp-block-heading\">Co AI neud\u011bl\u00e1<\/h3>\n\n\n<p>\u0158ekn\u011bme si jasn\u011b, jak\u00e9 jsou limity.<\/p>\n<p>Um\u011bl\u00e1 inteligence nem\u016f\u017ee uzav\u00edrat obchody za v\u00e1s. Nem\u016f\u017ee v\u00e9st n\u00e1ro\u010dn\u00e9 rozhovory. Neum\u00ed vyjedn\u00e1vat. Neum\u00ed budovat vztahy s kupuj\u00edc\u00edmi. To je st\u00e1le lidsk\u00e1 pr\u00e1ce.<\/p>\n<p>P\u0159edpov\u011bdi um\u011bl\u00e9 inteligence jsou pravd\u011bpodobnost\u00ed, nikoli jistotou. Dohoda, kter\u00e1 dos\u00e1hla sk\u00f3re 70%, m\u00e1 st\u00e1le \u0161anci na prohru 30%. Nepova\u017eujte v\u00fdsledky AI za z\u00e1ruky.<\/p>\n<p>Um\u011bl\u00e1 inteligence nezn\u00e1 kontext, kter\u00fd nen\u00ed v syst\u00e9mu CRM. Pokud z\u00e1stupce zn\u00e1 osobn\u011b gener\u00e1ln\u00edho \u0159editele nebo se doslechl, \u017ee byl sn\u00ed\u017een rozpo\u010det, nebo m\u00e1 jin\u00e9 souvislosti - na tom z\u00e1le\u017e\u00ed. Um\u011bl\u00e1 inteligence + lidsk\u00fd \u00fasudek je lep\u0161\u00ed ne\u017e samotn\u00e1 um\u011bl\u00e1 inteligence.<\/p>\n<p>A um\u011bl\u00e1 inteligence nem\u016f\u017ee napravit nefunk\u010dn\u00ed prodejn\u00ed proces. Pokud va\u0161i obchodn\u00ed z\u00e1stupci neprov\u00e1d\u011bj\u00ed spr\u00e1vnou kvalifikaci, v\u00e1\u0161 produkt neodpov\u00edd\u00e1 trhu nebo m\u00e1te \u0161patn\u011b nastavenou cenu - um\u011bl\u00e1 inteligence v\u00e1m probl\u00e9m uk\u00e1\u017ee, ale vy ho st\u00e1le mus\u00edte napravit.<\/p>\n\n\n<hr class=\"wp-block-separator has-alpha-channel-opacity\"\/>\n\n\n\n<h3 class=\"wp-block-heading\">Jak za\u010d\u00edt<\/h3>\n\n\n<p>Nemus\u00edte najednou upravovat cel\u00fd prodejn\u00ed proces pomoc\u00ed um\u011bl\u00e9 inteligence. Za\u010dn\u011bte tam, kde to pom\u016f\u017ee nejv\u00edce:\n<ul>\n<li><strong>Za\u010dn\u011bte s bodov\u00e1n\u00edm transakc\u00ed.<\/strong> Implementujte sk\u00f3re pravd\u011bpodobnosti AI. Porovnejte sk\u00f3re AI s odhady z\u00e1stupc\u016f. Zjist\u011bte, kter\u00e9 z nich je p\u0159esn\u011bj\u0161\u00ed po dobu 3 m\u011bs\u00edc\u016f.<\/li>\n<li><strong>Sledov\u00e1n\u00ed rizikov\u00fdch obchod\u016f.<\/strong> Nechte um\u011blou inteligenci ozna\u010dit obchody, kter\u00e9 odpov\u00eddaj\u00ed rizikov\u00fdm vzor\u016fm. Zjist\u011bte, zda z\u00e1sah n\u011bkterou z nich zachr\u00e1n\u00ed.<\/li>\n<li><strong>Analyzujte jeden vzorec v\u00edt\u011bzstv\u00ed\/proher.<\/strong> Vyberte si jednu prom\u011bnnou (velikost obchodu, odv\u011btv\u00ed, po\u010det z\u00fa\u010dastn\u011bn\u00fdch stran) a zjist\u011bte, zda um\u011bl\u00e1 inteligence najde vzorce, kter\u00e9 jste neznali.<\/li>\n<li><strong>Testov\u00e1n\u00ed p\u0159esnosti p\u0159edpov\u011bdi.<\/strong> Spus\u0165te progn\u00f3zu s um\u011blou inteligenc\u00ed soub\u011b\u017en\u011b s b\u011b\u017en\u00fdm procesem. Porovnejte, kter\u00e1 z nich je bli\u017e\u0161\u00ed skute\u010dn\u00fdm v\u00fdsledk\u016fm.<\/li>\n<li><strong>Zp\u0159esn\u011bn\u00ed na z\u00e1klad\u011b v\u00fdsledk\u016f.<\/strong> Um\u011bl\u00e1 inteligence se zlep\u0161uje d\u00edky zp\u011btn\u00e9 vazb\u011b. Kdy\u017e se obchody uzav\u00edraj\u00ed nebo prohr\u00e1vaj\u00ed, poskytn\u011bte j\u00ed zp\u011btnou vazbu. Model se u\u010d\u00ed.<\/li>\n<\/ul>\n<\/p>\n\n<p>Za\u010dn\u011bte v mal\u00e9m. Zm\u011b\u0159te p\u0159esnost. Zmen\u0161ete to, co funguje. C\u00edlem jsou lep\u0161\u00ed p\u0159edpov\u011bdi, ne dokonal\u00e9.<\/p>\n\n\n<hr class=\"wp-block-separator has-alpha-channel-opacity\"\/>\n\n\n\n<h3 class=\"wp-block-heading\">Podtr\u017eeno, se\u010dteno<\/h3>\n\n\n<p>P\u0159edpov\u00edd\u00e1n\u00ed prodeje je rozpozn\u00e1v\u00e1n\u00ed vzor\u016f. Jak vypadaj\u00ed obchody, kter\u00e9 se uzav\u00edraj\u00ed? Jak vypadaj\u00ed obchody, kter\u00e9 kon\u010d\u00ed? Jak\u00e9 \u010dinnosti posouvaj\u00ed obchody kup\u0159edu?<\/p>\n<p>Lid\u00e9 nedok\u00e1\u017eou rozpoznat vzorce ve stovk\u00e1ch obchod\u016f s des\u00edtkami prom\u011bnn\u00fdch. Um\u011bl\u00e1 inteligence ano.<\/p>\n<p>Vztahy a konverzace st\u00e1le pat\u0159\u00ed va\u0161emu prodejn\u00edmu t\u00fdmu. St\u00e1le uzav\u00edraj\u00ed obchody. St\u00e1le se rozhoduj\u00ed o tom, kter\u00e9 obchody realizovat.<\/p>\n<p>Ale u\u017e nel\u00e9taj\u00ed naslepo. Maj\u00ed k dispozici \u00fadaje o tom, kter\u00e9 obchody jsou re\u00e1ln\u00e9, kter\u00e9 jsou ohro\u017een\u00e9 a jak\u00e9 akce historicky funguj\u00ed. To je rozd\u00edl mezi odhadem a znalost\u00ed.<\/p>\n\n\n<hr class=\"wp-block-separator has-alpha-channel-opacity\"\/>\n\n\n\n<h3 class=\"wp-block-heading\">Chcete p\u0159esn\u011bj\u0161\u00ed p\u0159edpov\u011bdi?<\/h3>\n\n\n<p>Ka\u017ed\u00fd prodejn\u00ed t\u00fdm m\u00e1 jin\u00e9 vzorce obchodov\u00e1n\u00ed. R\u016fzn\u00e9 prodejn\u00ed cykly. R\u016fzn\u00e9 faktory, kter\u00e9 p\u0159edpov\u00eddaj\u00ed v\u00fdhry a prohry.<\/p>\n<p>Neprod\u00e1v\u00e1me univerz\u00e1ln\u00ed prognostick\u00e9 n\u00e1stroje. Analyzujeme va\u0161e data o obchodech. Zji\u0161\u0165ujeme, kter\u00e9 faktory skute\u010dn\u011b p\u0159edpov\u00eddaj\u00ed v\u00fdsledky va\u0161eho podnik\u00e1n\u00ed. Vytv\u00e1\u0159\u00edme modely, kter\u00e9 odpov\u00eddaj\u00ed va\u0161\u00ed realit\u011b.<\/p>\n<p>Pot\u00e9 je integrujeme s va\u0161\u00edm syst\u00e9mem CRM, aby z\u00e1stupci a mana\u017ee\u0159i vid\u011bli p\u0159edpov\u011bdi, kde pracuj\u00ed. V\u00e1\u0161 t\u00fdm z\u00edsk\u00e1 lep\u0161\u00ed data, ani\u017e by musel m\u011bnit sv\u00e9 postupy.<\/p>\n<p>\u017d\u00e1dn\u00fd humbuk. \u017d\u00e1dn\u00e9 sliby dokonal\u00fdch p\u0159edpov\u011bd\u00ed. Jen lep\u0161\u00ed p\u0159edpov\u011bdi, abyste se mohli l\u00e9pe rozhodovat a uzav\u00edrat v\u00edce obchod\u016f.<\/p>\n\n<p><a href=\"https:\/\/www.leaplytics.de\/cs\/kontakt\/\">Promluvme si o va\u0161em prodejn\u00edm potrub\u00ed<\/a><\/p>\n\n<p><a href=\"https:\/\/www.leaplytics.de\/cs\/marketing-prodej-ai\/\">Zp\u011bt na Marketing &amp; Sales AI<\/a><\/p>","protected":false},"excerpt":{"rendered":"<p>Um\u011bl\u00e1 inteligence pro prodejn\u00ed potrub\u00ed a progn\u00f3zov\u00e1n\u00ed: P\u0159esta\u0148te h\u00e1dat, co se uzav\u0159e Ka\u017ed\u00e9 \u010dtvrtlet\u00ed stejn\u00e1 hra. Veden\u00ed prodeje \u017e\u00e1d\u00e1 o progn\u00f3zu. Obchodn\u00ed z\u00e1stupci \u0159eknou, \u017ee se obchody uzav\u0159ou. Veden\u00ed upravuje sm\u011brem dol\u016f, proto\u017ee obchodn\u00ed z\u00e1stupci jsou v\u017edy optimisti\u010dt\u00ed. Obchody jsou ve skluzu. Progn\u00f3za se m\u011bn\u00ed ka\u017ed\u00fd t\u00fdden. Nikdo nev\u00ed, co se skute\u010dn\u011b uzav\u0159e. Ne proto, \u017ee by prodejci lhali. Proto\u017ee p\u0159edpov\u00edd\u00e1n\u00ed obchod\u016f ... <\/p>","protected":false},"author":2,"featured_media":0,"parent":0,"menu_order":0,"comment_status":"closed","ping_status":"closed","template":"","meta":{"footnotes":""},"class_list":["post-14480","page","type-page","status-publish","hentry","latest_post"],"_links":{"self":[{"href":"https:\/\/www.leaplytics.de\/cs\/wp-json\/wp\/v2\/pages\/14480","targetHints":{"allow":["GET"]}}],"collection":[{"href":"https:\/\/www.leaplytics.de\/cs\/wp-json\/wp\/v2\/pages"}],"about":[{"href":"https:\/\/www.leaplytics.de\/cs\/wp-json\/wp\/v2\/types\/page"}],"author":[{"embeddable":true,"href":"https:\/\/www.leaplytics.de\/cs\/wp-json\/wp\/v2\/users\/2"}],"replies":[{"embeddable":true,"href":"https:\/\/www.leaplytics.de\/cs\/wp-json\/wp\/v2\/comments?post=14480"}],"version-history":[{"count":1,"href":"https:\/\/www.leaplytics.de\/cs\/wp-json\/wp\/v2\/pages\/14480\/revisions"}],"predecessor-version":[{"id":14481,"href":"https:\/\/www.leaplytics.de\/cs\/wp-json\/wp\/v2\/pages\/14480\/revisions\/14481"}],"wp:attachment":[{"href":"https:\/\/www.leaplytics.de\/cs\/wp-json\/wp\/v2\/media?parent=14480"}],"curies":[{"name":"wp","href":"https:\/\/api.w.org\/{rel}","templated":true}]}}