{"id":14494,"date":"2025-12-19T01:58:49","date_gmt":"2025-12-19T00:58:49","guid":{"rendered":"https:\/\/www.leaplytics.de\/?page_id=14494"},"modified":"2025-12-19T01:58:49","modified_gmt":"2025-12-19T00:58:49","slug":"provozni-analytika-reportingu-ai","status":"publish","type":"page","link":"https:\/\/www.leaplytics.de\/cs\/provozni-analytika-reportingu-ai\/","title":{"rendered":"Provozn\u00ed v\u00fdkaznictv\u00ed a analytika AI"},"content":{"rendered":"<h2>AI pro provozn\u00ed reporting a anal\u00fdzu<\/h2>\n\n<p>Nem\u016f\u017eete zlep\u0161it to, co nevid\u00edte. Ale vid\u011bt, co se d\u011bje v provozu? To je t\u011b\u017e\u0161\u00ed, ne\u017e by m\u011blo b\u00fdt.<\/p>\n<p>Data jsou ulo\u017eena v deseti r\u016fzn\u00fdch syst\u00e9mech. ERP. WMS. MES. Syst\u00e9my kvality. Tabulky. Senzory IoT. Ka\u017ed\u00fd m\u00e1 sv\u016fj vlastn\u00ed form\u00e1t. Vlastn\u00edm p\u0159\u00edstupem. Vlastn\u00ed zvl\u00e1\u0161tnosti.<\/p>\n<p>V\u00e1\u0161 provozn\u00ed t\u00fdm str\u00e1v\u00ed hodiny shroma\u017e\u010fov\u00e1n\u00edm dat. Vytv\u00e1\u0159en\u00ed report\u016f. Aktualizac\u00ed \u0159\u00eddic\u00edch panel\u016f. Ne\u017e je zpr\u00e1va hotov\u00e1, situace se zm\u011bn\u00ed.<\/p>\n<p>A dokonce i v hl\u00e1\u0161en\u00edch jsou d\u016fle\u017eit\u00e9 v\u011bci poh\u0159beny. Kter\u00e9 kl\u00ed\u010dov\u00e9 ukazatele v\u00fdkonnosti jsou d\u016fle\u017eit\u00e9? Co m\u00e1 \u0161patn\u00fd trend? Kde jsou \u00fazk\u00e1 m\u00edsta? To vy\u017eaduje anal\u00fdzu - dal\u0161\u00ed \u010das, kter\u00fd v\u00e1\u0161 t\u00fdm nem\u00e1.<\/p>\n<p>Um\u011bl\u00e1 inteligence dok\u00e1\u017ee automaticky konsolidovat data. Sledov\u00e1n\u00ed metrik v re\u00e1ln\u00e9m \u010dase. V\u010dasn\u00e9 upozorn\u011bn\u00ed na probl\u00e9my. Vysv\u011btlit, co se d\u011bje a pro\u010d.<\/p>\n<p>V\u00e1\u0161 t\u00fdm z\u00edsk\u00e1 p\u0159ehled bez manu\u00e1ln\u00ed pr\u00e1ce. Tr\u00e1v\u00ed \u010das pou\u017e\u00edv\u00e1n\u00edm informac\u00ed, nikoli jejich shroma\u017e\u010fov\u00e1n\u00edm.<\/p>\n\n\n<hr class=\"wp-block-separator has-alpha-channel-opacity\"\/>\n\n\n\n<h3 class=\"wp-block-heading\">Pro\u010d je provozn\u00ed v\u00fdkaznictv\u00ed tak obt\u00ed\u017en\u00e9<\/h3>\n\n\n<p>Data existuj\u00ed. Jsou v\u0161ak rozt\u0159\u00ed\u0161t\u011bn\u00e1:<\/p>\n<ul>\n<li>\u00dadaje o objedn\u00e1vk\u00e1ch v syst\u00e9mu ERP<\/li>\n<li>\u00dadaje o z\u00e1sob\u00e1ch v syst\u00e9mu WMS<\/li>\n<li>V\u00fdrobn\u00ed data v syst\u00e9mu MES<\/li>\n<li>\u00dadaje o kvalit\u011b v syst\u00e9mu kvality<\/li>\n<li>Data za\u0159\u00edzen\u00ed ze senzor\u016f IoT<\/li>\n<li>\u00dadaje o p\u0159eprav\u011b ze syst\u00e9mu TMS<\/li>\n<li>Zp\u011btn\u00e1 vazba od z\u00e1kazn\u00edk\u016f rozpt\u00fdlen\u00e1 nap\u0159\u00ed\u010d syst\u00e9my<\/li>\n<\/ul>\n\n<p>Ka\u017ed\u00fd syst\u00e9m je navr\u017een pro transakce, nikoli pro vykazov\u00e1n\u00ed. Z\u00edsk\u00e1n\u00ed kompletn\u00edho obrazu znamen\u00e1 stahovat data odev\u0161ad, normalizovat form\u00e1ty, \u0159e\u0161it nesoulady.<\/p>\n<p>Va\u0161i analytici tr\u00e1v\u00ed v\u00edce \u010dasu manipulac\u00ed s daty ne\u017e jejich anal\u00fdzou.<\/p>\n<p>A statick\u00e9 zpr\u00e1vy p\u0159\u00edli\u0161 nepom\u00e1haj\u00ed. Chcete v\u011bd\u011bt, co se d\u011bje te\u010f, ne co se stalo v\u010dera. Chcete proniknout do probl\u00e9m\u016f, ne jen zjistit, \u017ee probl\u00e9my existuj\u00ed.<\/p>\n<p>Ne\u017e n\u011bkdo ru\u010dn\u011b sestav\u00ed pot\u0159ebnou anal\u00fdzu, je u\u017e po v\u0161em.<\/p>\n\n\n<hr class=\"wp-block-separator has-alpha-channel-opacity\"\/>\n\n\n\n<h3 class=\"wp-block-heading\">Co d\u011bl\u00e1 um\u011bl\u00e1 inteligence pro provozn\u00ed v\u00fdkaznictv\u00ed a analytiku<\/h3>\n\n\n<p>Um\u011bl\u00e1 inteligence integruje data odev\u0161ad. Pr\u016fb\u011b\u017en\u011b sleduje kl\u00ed\u010dov\u00e9 ukazatele v\u00fdkonnosti. Automaticky identifikuje probl\u00e9my. Vysv\u011btluje, co se d\u011bje, srozumiteln\u00fdm jazykem.<\/p>\n\n\n<h4 class=\"wp-block-heading\">Automatizovan\u00e1 konsolidace dat<\/h4>\n\n\n<p>AI automaticky stahuje data ze v\u0161ech va\u0161ich provozn\u00edch syst\u00e9m\u016f:<\/p>\n<ul>\n<li>Propojen\u00ed s ERP, WMS, MES, syst\u00e9my kvality, platformami IoT.<\/li>\n<li>Zpracov\u00e1v\u00e1 r\u016fzn\u00e9 form\u00e1ty a datov\u00e9 struktury<\/li>\n<li>Normalizuje a sla\u010fuje data (porovn\u00e1v\u00e1n\u00ed objedn\u00e1vek nap\u0159\u00ed\u010d syst\u00e9my, propojov\u00e1n\u00ed d\u00e1vek s dod\u00e1vkami).<\/li>\n<li>Aktualizace prob\u00edhaj\u00ed pr\u016fb\u011b\u017en\u011b, nikoli v d\u00e1vkov\u00fdch \u00faloh\u00e1ch.<\/li>\n<li>Vypl\u0148uje mezery a inteligentn\u011b zpracov\u00e1v\u00e1 chyb\u011bj\u00edc\u00ed data.<\/li>\n<\/ul>\n\n<p>Jeden jednotn\u00fd pohled na operace. Ne deset syst\u00e9m\u016f, kter\u00e9 mus\u00edte ru\u010dn\u011b skl\u00e1dat dohromady.<\/p>\n<p>V\u00e1\u0161 t\u00fdm uvid\u00ed kompletn\u00ed informace, ani\u017e by musel hledat v r\u016fzn\u00fdch syst\u00e9mech.<\/p>\n\n\n<h4 class=\"wp-block-heading\">Sledov\u00e1n\u00ed kl\u00ed\u010dov\u00fdch ukazatel\u016f v\u00fdkonnosti v re\u00e1ln\u00e9m \u010dase<\/h4>\n\n\n<p>Na kter\u00fdch ukazatel\u00edch skute\u010dn\u011b z\u00e1le\u017e\u00ed? Ty, kter\u00e9 ukazuj\u00ed provozn\u00ed zdrav\u00ed:<\/p>\n<ul>\n<li><strong>Dod\u00e1n\u00ed v\u010das:<\/strong> Pln\u00edte z\u00e1vazky v\u016f\u010di z\u00e1kazn\u00edk\u016fm?<\/li>\n<li><strong>Propustnost:<\/strong> Kolik vyr\u00e1b\u00edte v porovn\u00e1n\u00ed s kapacitou?<\/li>\n<li><strong>Doba cyklu:<\/strong> Jak dlouho trv\u00e1 doba od objedn\u00e1vky do doru\u010den\u00ed?<\/li>\n<li><strong>V\u00fdt\u011b\u017enost p\u0159i prvn\u00edm pr\u016fchodu:<\/strong> Jak\u00e9 procento v\u00fdrobk\u016f je spr\u00e1vn\u00e9 hned napoprv\u00e9?<\/li>\n<li><strong>OEE (Overall Equipment Effectiveness):<\/strong> Pracuj\u00ed stroje dob\u0159e?<\/li>\n<li><strong>Obraty z\u00e1sob:<\/strong> Jak efektivn\u011b vyu\u017e\u00edv\u00e1te provozn\u00ed kapit\u00e1l?<\/li>\n<li><strong>N\u00e1klady na jednotku:<\/strong> Kolik vlastn\u011b stoj\u00ed v\u00fdroba?<\/li>\n<\/ul>\n\n<p>AI je pr\u016fb\u011b\u017en\u011b monitoruje. Ne v\u010derej\u0161\u00ed \u010d\u00edsla - pr\u00e1v\u011b te\u010f. Kdy\u017e se kl\u00ed\u010dov\u00e9 ukazatele v\u00fdkonnosti posunou, okam\u017eit\u011b se to dozv\u00edte.<\/p>\n<p>P\u0159\u00edstrojov\u00e9 panely se aktualizuj\u00ed v re\u00e1ln\u00e9m \u010dase. Va\u0161i mana\u017ee\u0159i vid\u00ed aktu\u00e1ln\u00ed stav na prvn\u00ed pohled. \u017d\u00e1dn\u00e9 \u010dek\u00e1n\u00ed na denn\u00ed hl\u00e1\u0161en\u00ed.<\/p>\n\n\n<h4 class=\"wp-block-heading\">Automatick\u00e1 identifikace \u00fazk\u00fdch m\u00edst<\/h4>\n\n\n<p>Kde je to omezen\u00ed? Co v\u011bci zpomaluje? Kde se v\u011bci hromad\u00ed?<\/p>\n<p>AI analyzuje provozn\u00ed tok:<\/p>\n<ul>\n<li>Kde se pr\u00e1ce \u0159ad\u00ed do fronty (co\u017e ukazuje na kapacitn\u00ed omezen\u00ed).<\/li>\n<li>Kter\u00e9 procesy maj\u00ed nejdel\u0161\u00ed dobu cyklu<\/li>\n<li>Kde jsou rozd\u00edly nejvy\u0161\u0161\u00ed (nesrovnalosti ukazuj\u00ed na probl\u00e9my)<\/li>\n<li>Kter\u00e9 zdroje jsou nejv\u00edce vyu\u017e\u00edv\u00e1ny (potenci\u00e1ln\u00ed \u00fazk\u00e1 m\u00edsta).<\/li>\n<li>Kde p\u0159ed\u00e1v\u00e1n\u00ed selh\u00e1v\u00e1 (poruchy proces\u016f)<\/li>\n<\/ul>\n\n<p>Ukazuje p\u0159\u00edmo na probl\u00e9m. Ne \"propustnost klesla o 8%\", ale \"propustnost klesla o 8%, proto\u017ee stanice 3 pracuje o 15% pomaleji ne\u017e obvykle kv\u016fli del\u0161\u00edm odst\u00e1vk\u00e1m\".<\/p>\n<p>V\u00e1\u0161 t\u00fdm v\u00ed, na co se m\u00e1 zam\u011b\u0159it. Ne h\u00e1d\u00e1n\u00ed - pohled na anal\u00fdzu zalo\u017eenou na datech.<\/p>\n\n\n<h4 class=\"wp-block-heading\">Vysv\u011btlen\u00ed odchylky v\u00fdkonu<\/h4>\n\n\n<p>Kdy\u017e se v\u00fdkon zm\u011bn\u00ed, mus\u00edte v\u011bd\u011bt pro\u010d. Zv\u00fd\u0161ila se popt\u00e1vka? Zpomalilo se za\u0159\u00edzen\u00ed? Probl\u00e9my s kvalitou zp\u016fsobily p\u0159epracov\u00e1n\u00ed? Jin\u00fd sortiment v\u00fdrobk\u016f?<\/p>\n<p>Um\u011bl\u00e1 inteligence spojuje zm\u011bny v\u00fdkonu s jejich p\u0159\u00ed\u010dinami:<\/p>\n<ul>\n<li>\"Propustnost klesla o 12%, proto\u017ee stroj 5 m\u011bl o 2 hodiny del\u0161\u00ed prostoje, ne\u017e je pr\u016fm\u011br, a probl\u00e9my s kvalitou zv\u00fd\u0161ily po\u010det p\u0159epracov\u00e1n\u00ed o 18 minut na jednotku.\"<\/li>\n<li>\"Po\u010det v\u010dasn\u00fdch dod\u00e1vek klesl z 94% na 88%, proto\u017ee zpo\u017ed\u011bn\u00ed dodavatel\u016f se t\u00fdkalo 15% objedn\u00e1vek a po\u010det sp\u011b\u0161n\u00fdch objedn\u00e1vek se zv\u00fd\u0161il o 22%.\"<\/li>\n<li>\"N\u00e1klady na jednotku se zv\u00fd\u0161ily o 6%, proto\u017ee p\u0159es\u010dasy se zv\u00fd\u0161ily o 31%, aby se pokryly 2 poruchy za\u0159\u00edzen\u00ed.\"<\/li>\n<\/ul>\n\n<p>Nejen to, co se zm\u011bnilo, ale i to, pro\u010d se to zm\u011bnilo. V\u00e1\u0161 t\u00fdm se zab\u00fdv\u00e1 p\u0159\u00ed\u010dinami, ne symptomy.<\/p>\n\n\n<h4 class=\"wp-block-heading\">Zji\u0161\u0165ov\u00e1n\u00ed a p\u0159edpov\u00edd\u00e1n\u00ed trend\u016f<\/h4>\n\n\n<p>Zlep\u0161uje se nebo kles\u00e1 v\u00fdkonnost? St\u00e1vaj\u00ed se z mal\u00fdch probl\u00e9m\u016f velk\u00e9 probl\u00e9my? Jak\u00e1 je trajektorie?<\/p>\n<p>AI sleduje trendy ve v\u0161ech ukazatel\u00edch:<\/p>\n<ul>\n<li>Kter\u00e9 kl\u00ed\u010dov\u00e9 ukazatele v\u00fdkonnosti se zlep\u0161uj\u00ed a kter\u00e9 klesaj\u00ed<\/li>\n<li>Zda se odchylka zvy\u0161uje (zn\u00e1mka nestability procesu).<\/li>\n<li>Sez\u00f3nn\u00ed vzorce a srovn\u00e1n\u00ed tohoto obdob\u00ed<\/li>\n<li>P\u0159edstihov\u00e9 ukazatele (prvn\u00ed p\u0159\u00edznaky probl\u00e9m\u016f)<\/li>\n<li>P\u0159edpov\u011bdi, kam budete sm\u011b\u0159ovat, pokud budou sou\u010dasn\u00e9 trendy pokra\u010dovat.<\/li>\n<\/ul>\n\n<p>Probl\u00e9my vid\u00edte, dokud jsou mal\u00e9. Ne\u017e se z nich stanou krize. Je \u010das zasahovat aktivn\u011b, ne reagovat na katastrofy.<\/p>\n\n\n<h4 class=\"wp-block-heading\">Automatizovan\u00e9 generov\u00e1n\u00ed zpr\u00e1v<\/h4>\n\n\n<p>Stejn\u00e9 zpr\u00e1vy ka\u017ed\u00fd den. Ka\u017ed\u00fd t\u00fdden. Ka\u017ed\u00fd m\u011bs\u00edc. Hl\u00e1\u0161en\u00ed o p\u0159ed\u00e1v\u00e1n\u00ed sm\u011bn. Denn\u00ed provozn\u00ed p\u0159ehledy. T\u00fddenn\u00ed p\u0159ehledy v\u00fdkonnosti. M\u011bs\u00ed\u010dn\u00ed hl\u00e1\u0161en\u00ed na p\u0159edstavenstvu.<\/p>\n<p>Jejich ru\u010dn\u00ed vytv\u00e1\u0159en\u00ed je zdlouhav\u00e9. Um\u011bl\u00e1 inteligence je generuje automaticky:<\/p>\n<ul>\n<li>Denn\u00ed shrnut\u00ed: Co se stalo v\u010dera, co se d\u011bje dnes<\/li>\n<li>Hl\u00e1\u0161en\u00ed o sm\u011bn\u011b: V\u00fdkonnost podle sm\u011bn, zji\u0161t\u011bn\u00e9 probl\u00e9my, informace o p\u0159ed\u00e1v\u00e1n\u00ed pr\u00e1ce<\/li>\n<li>T\u00fddenn\u00ed recenze: KPI trendy, probl\u00e9mov\u00e9 oblasti, p\u0159\u00edle\u017eitosti ke zlep\u0161en\u00ed<\/li>\n<li>Hl\u00e1\u0161en\u00ed o v\u00fdjimk\u00e1ch: Co se pokazilo a pro\u010d<\/li>\n<li>Vlastn\u00ed sestavy: Jak\u00fdkoli form\u00e1t, kter\u00fd va\u0161e z\u00fa\u010dastn\u011bn\u00e9 strany pot\u0159ebuj\u00ed<\/li>\n<\/ul>\n\n<p>Zpr\u00e1vy jsou p\u0159ipraveny, kdykoli je pot\u0159ebujete. Nikdo nebude tr\u00e1vit hodiny sestavov\u00e1n\u00edm informac\u00ed. Konzistentn\u00ed form\u00e1t. Nic nevynech\u00e1te.<\/p>\n\n\n<h4 class=\"wp-block-heading\">Srovn\u00e1vac\u00ed anal\u00fdza<\/h4>\n\n\n<p>Jak si tato zm\u011bna stoj\u00ed v porovn\u00e1n\u00ed s jin\u00fdmi? Tato lokalita v porovn\u00e1n\u00ed s ostatn\u00edmi? Tato produktov\u00e1 \u0159ada v porovn\u00e1n\u00ed s ostatn\u00edmi?<\/p>\n<p>Um\u011bl\u00e1 inteligence prov\u00e1d\u00ed srovn\u00e1vac\u00ed anal\u00fdzu automaticky:<\/p>\n<ul>\n<li>V\u00fdkonnost nap\u0159\u00ed\u010d sm\u011bnami (kter\u00e1 sm\u011bna dosahuje nejlep\u0161\u00edch v\u00fdsledk\u016f? pro\u010d?)<\/li>\n<li>V\u00fdkonnost na r\u016fzn\u00fdch m\u00edstech (kter\u00e9 za\u0159\u00edzen\u00ed je nejefektivn\u011bj\u0161\u00ed?)<\/li>\n<li>V\u00fdkonnost jednotliv\u00fdch produkt\u016f (kter\u00e9 jsou nejv\u00edce\/nejm\u00e9n\u011b ziskov\u00e9?)<\/li>\n<li>V\u00fdkonnost v r\u016fzn\u00fdch \u010dasov\u00fdch obdob\u00edch (lep\u0161\u00ed\/hor\u0161\u00ed ne\u017e minul\u00fd m\u011bs\u00edc? minul\u00fd rok?)<\/li>\n<\/ul>\n\n<p>U\u010dte se od sv\u00fdch nejlep\u0161\u00edch pracovn\u00edk\u016f. Zjist\u011bte, co d\u011blaj\u00ed jinak. Zopakujte to jinde.<\/p>\n<p>Najd\u011bte sv\u00e9 nejhor\u0161\u00ed v\u00fdsledky. Pochopte, v \u010dem se li\u0161\u00ed. Napravte to.<\/p>\n\n\n<h4 class=\"wp-block-heading\">Drill-Down ko\u0159enov\u00e9 p\u0159\u00ed\u010diny<\/h4>\n\n\n<p>Kl\u00ed\u010dov\u00e9 ukazatele v\u00fdkonnosti na vysok\u00e9 \u00farovni v\u00e1s informuj\u00ed o probl\u00e9mu. K jeho odstran\u011bn\u00ed v\u0161ak pot\u0159ebujete podrobnosti.<\/p>\n<p>Um\u011bl\u00e1 inteligence umo\u017e\u0148uje hloubkovou anal\u00fdzu:<\/p>\n<ul>\n<li>Kliknut\u00edm na metriku zobraz\u00edte z\u00e1kladn\u00ed p\u0159\u00ed\u010diny<\/li>\n<li>Drill od souhrnn\u00e9ho (celkov\u00fd v\u00fdkon) ke konkr\u00e9tn\u00edmu (kter\u00e9 produkty, kter\u00e9 stroje, kter\u00e9 sm\u011bny)<\/li>\n<li>Viz korelace (co se je\u0161t\u011b zm\u011bnilo, kdy\u017e se zm\u011bnila tato metrika?)<\/li>\n<li>P\u0159\u00edstup ke zdrojov\u00fdm dat\u016fm (odkaz na konkr\u00e9tn\u00ed objedn\u00e1vky, d\u00e1vky, transakce).<\/li>\n<\/ul>\n\n<p>Od \"v\u010dasn\u00e9 dod\u00e1n\u00ed je 88%\" a\u017e po \"tyto konkr\u00e9tn\u00ed objedn\u00e1vky se zpozdily z t\u011bchto konkr\u00e9tn\u00edch d\u016fvod\u016f a t\u00fdkaly se t\u011bchto konkr\u00e9tn\u00edch dodavatel\u016f a v\u00fdrobn\u00edch probl\u00e9m\u016f\".<\/p>\n<p>V\u00e1\u0161 t\u00fdm efektivn\u011b vy\u0161et\u0159uje. Rychle najd\u011bte p\u0159\u00ed\u010diny. Prov\u00e1d\u011bjte opravy na z\u00e1klad\u011b kompletn\u00edch informac\u00ed.<\/p>\n\n\n<h4 class=\"wp-block-heading\">Upozorn\u011bn\u00ed a ozn\u00e1men\u00ed<\/h4>\n\n\n<p>Nem\u016f\u017eete se cel\u00fd den d\u00edvat na p\u0159\u00edstrojov\u00e9 panely. Um\u011bl\u00e1 inteligence se d\u00edv\u00e1 za v\u00e1s:<\/p>\n<ul>\n<li>KPI klesne pod prahovou hodnotu - odesl\u00e1no upozorn\u011bn\u00ed<\/li>\n<li>Trend nazna\u010duje bl\u00ed\u017e\u00edc\u00ed se probl\u00e9m - vyd\u00e1no varov\u00e1n\u00ed<\/li>\n<li>Zji\u0161t\u011bn neobvykl\u00fd vzor - spu\u0161t\u011bno ozn\u00e1men\u00ed<\/li>\n<li>Vyskytne se kritick\u00fd probl\u00e9m - eskalace je zasl\u00e1na p\u0159\u00edslu\u0161n\u00e9 osob\u011b.<\/li>\n<\/ul>\n\n<p>Nikoliv neust\u00e1l\u00fd hluk - inteligentn\u00ed upozorn\u011bn\u00ed. Pouze kdy\u017e n\u011bco skute\u010dn\u011b vy\u017eaduje pozornost. S kontextem, abyste v\u011bd\u011bli, co je \u0161patn\u011b a kde hledat.<\/p>\n<p>V\u00e1\u0161 t\u00fdm reaguje na probl\u00e9my proaktivn\u011b. Ne je objevovat a\u017e po hodin\u00e1ch v hl\u00e1\u0161en\u00edch.<\/p>\n\n\n<hr class=\"wp-block-separator has-alpha-channel-opacity\"\/>\n\n\n\n<h3 class=\"wp-block-heading\">Co to pro v\u00e1s znamen\u00e1<\/h3>\n\n\n\n<h4 class=\"wp-block-heading\">Pro provozn\u00ed \u0159editele a vedouc\u00ed provozu<\/h4>\n\n\n<p><strong>Skute\u010dn\u00fd p\u0159ehled o provozu.<\/strong> Pod\u00edvejte se, co se skute\u010dn\u011b d\u011bje, ne co si lid\u00e9 mysl\u00ed, \u017ee se d\u011bje. Kompletn\u00ed obraz ve v\u0161ech syst\u00e9mech.<\/p>\n\n<p><strong>Rozhodnut\u00ed zalo\u017een\u00e1 na datech.<\/strong> Ne pocit. Ne anekdoty. Fakta o tom, co funguje a co ne.<\/p>\n\n<p><strong>V\u010dasn\u00e9 odhalen\u00ed probl\u00e9mu.<\/strong> Zachy\u0165te probl\u00e9my, dokud jsou mal\u00e9. D\u0159\u00edve ne\u017e ovlivn\u00ed z\u00e1kazn\u00edky nebo zv\u00fd\u0161\u00ed n\u00e1klady.<\/p>\n\n<p><strong>Zodpov\u011bdnost za v\u00fdkon.<\/strong> P\u0159ehledn\u00e9 metriky podle sm\u011bn, lokalit a produkt\u016f. Zjist\u011bte, kdo je v\u00fdkonn\u00fd a kdo pot\u0159ebuje pomoc.<\/p>\n\n<p><strong>Strategick\u00fd pohled.<\/strong> Pochopen\u00ed omezen\u00ed. Zjist\u011bte p\u0159\u00edle\u017eitosti ke zlep\u0161en\u00ed. P\u0159ij\u00edmat informovan\u00e1 investi\u010dn\u00ed rozhodnut\u00ed.<\/p>\n\n\n<h4 class=\"wp-block-heading\">Pro provozn\u00ed mana\u017eery<\/h4>\n\n\n<p><strong>P\u0159esta\u0148te sestavovat sestavy ru\u010dn\u011b.<\/strong> Um\u011bl\u00e1 inteligence shroma\u017e\u010fuje a zpracov\u00e1v\u00e1 data. Vy se soust\u0159ed\u00edte na anal\u00fdzu a akci.<\/p>\n\n<p><strong>Zjist\u011bte, co se d\u011bje nyn\u00ed.<\/strong> P\u0159\u00edstrojov\u00e9 panely v re\u00e1ln\u00e9m \u010dase. Ne v\u010derej\u0161\u00ed \u010d\u00edsla - aktu\u00e1ln\u00ed stav.<\/p>\n\n<p><strong>Pochopte, pro\u010d se m\u011bn\u00ed v\u00fdkonnost.<\/strong> Nejen \"kles\u00e1 propustnost\", ale tak\u00e9 pro\u010d kles\u00e1 propustnost a co s t\u00edm d\u011blat.<\/p>\n\n<p><strong>V\u010dasn\u00e9 rozpozn\u00e1n\u00ed trend\u016f.<\/strong> V\u0161imn\u011bte si, \u017ee probl\u00e9my vznikaj\u00ed d\u0159\u00edve, ne\u017e se stanou kriz\u00ed. Je \u010das proaktivn\u011b zas\u00e1hnout.<\/p>\n\n<p><strong>Rychle pronikn\u011bte do detail\u016f.<\/strong> Od kl\u00ed\u010dov\u00fdch ukazatel\u016f v\u00fdkonnosti na vysok\u00e9 \u00farovni ke konkr\u00e9tn\u00ed p\u0159\u00ed\u010din\u011b b\u011bhem n\u011bkolika sekund. Efektivn\u00ed vy\u0161et\u0159ov\u00e1n\u00ed.<\/p>\n\n\n<h4 class=\"wp-block-heading\">Pro analytiky a t\u00fdmy BI<\/h4>\n\n\n<p><strong>M\u00e9n\u011b \u010dasu na pr\u00e1ci s daty.<\/strong> Um\u011bl\u00e1 inteligence zvl\u00e1d\u00e1 integraci a konsolidaci. Vy se soust\u0159ed\u00edte na anal\u00fdzu.<\/p>\n\n<p><strong>Automatizovan\u00e9 rutinn\u00ed zpr\u00e1vy.<\/strong> Automatick\u00e9 generov\u00e1n\u00ed denn\u00edch\/t\u00fddenn\u00edch\/m\u011bs\u00ed\u010dn\u00edch zpr\u00e1v. \u010cas na hlub\u0161\u00ed anal\u00fdzu.<\/p>\n\n<p><strong>Lep\u0161\u00ed n\u00e1stroje pro vy\u0161et\u0159ov\u00e1n\u00ed.<\/strong> Anal\u00fdza na b\u00e1zi um\u011bl\u00e9 inteligence v\u00e1m pom\u016f\u017ee rychleji naj\u00edt vzorce a p\u0159\u00ed\u010diny.<\/p>\n\n<p><strong>V\u00edce \u010dasu na strategickou pr\u00e1ci.<\/strong> M\u00e9n\u011b ha\u0161en\u00ed po\u017e\u00e1r\u016f. V\u00edce zlep\u0161ov\u00e1n\u00ed proces\u016f a prediktivn\u00ed anal\u00fdzy.<\/p>\n\n\n<h4 class=\"wp-block-heading\">Pro podnikatele<\/h4>\n\n\n<p><strong>Lep\u0161\u00ed provozn\u00ed v\u00fdkonnost.<\/strong> Zlep\u0161ujete to, co m\u016f\u017eete vid\u011bt a m\u011b\u0159it. \u00dapln\u00e1 viditelnost vede ke zlep\u0161en\u00ed.<\/p>\n\n<p><strong>Rychlej\u0161\u00ed \u0159e\u0161en\u00ed probl\u00e9m\u016f.<\/strong> V\u010dasn\u00e9 odhalen\u00ed probl\u00e9m\u016f. Rychl\u00e9 pochopen\u00ed p\u0159\u00ed\u010din. Odstra\u0148te probl\u00e9my d\u0159\u00edve, ne\u017e se za\u010dnou mno\u017eit.<\/p>\n\n<p><strong>Zlep\u0161en\u00ed zalo\u017een\u00e9 na d\u016fkazech.<\/strong> Zjist\u011bte, kde bude m\u00edt \u00fasil\u00ed o zlep\u0161en\u00ed nejv\u011bt\u0161\u00ed dopad. Moud\u0159e investujte zdroje.<\/p>\n\n<p><strong>Konkuren\u010dn\u00ed v\u00fdhoda.<\/strong> Provoz, kter\u00fd se u\u010d\u00ed a zlep\u0161uje rychleji ne\u017e konkurence, vyhr\u00e1v\u00e1.<\/p>\n\n\n<hr class=\"wp-block-separator has-alpha-channel-opacity\"\/>\n\n\n\n<h3 class=\"wp-block-heading\">Co AI neum\u00ed<\/h3>\n\n\n<p>AI poskytuje p\u0159ehled a anal\u00fdzu. Nenahrazuje operativn\u00ed \u00fasudek:<\/p>\n\n<p><strong>Rozhodov\u00e1n\u00ed o tom, co m\u011b\u0159it.<\/strong> AI sleduje v\u00e1mi definovan\u00e9 kl\u00ed\u010dov\u00e9 ukazatele v\u00fdkonnosti. Rozhodujete se, kter\u00e9 ukazatele jsou pro va\u0161i firmu skute\u010dn\u011b d\u016fle\u017eit\u00e9? To je strategick\u00e9 my\u0161len\u00ed, ne um\u011bl\u00e1 inteligence.<\/p>\n\n<p><strong>Interpretace kontextu.<\/strong> \u010c\u00edsla pot\u0159ebuj\u00ed kontext. Pro\u010d je tato odchylka p\u0159ijateln\u00e1, ale tato ne. Pro\u010d je tato v\u00fdjimka strategick\u00e1, ale tato je probl\u00e9m. Lidsk\u00fd \u00fasudek.<\/p>\n\n<p><strong>Rozhodov\u00e1n\u00ed o kompromisu.<\/strong> P\u0159\u00edstrojov\u00e1 deska zobrazuje probl\u00e9m. Oprav\u00edte ho p\u0159id\u00e1n\u00edm kapacity? Zm\u011bnou procesu? P\u0159ijmete ni\u017e\u0161\u00ed v\u00fdkon? Strategick\u00e1 volba, ne v\u00fdpo\u010det.<\/p>\n\n<p><strong>N\u00e1prava probl\u00e9m\u016f, kter\u00e9 identifikuje.<\/strong> Um\u011bl\u00e1 inteligence odhaluje \u00fazk\u00e1 m\u00edsta a probl\u00e9my. Jejich \u0159e\u0161en\u00ed vy\u017eaduje provozn\u00ed znalosti a \u0159\u00edzen\u00ed zm\u011bn.<\/p>\n\n<p><strong>Porozum\u011bn\u00ed pot\u0159eb\u00e1m zainteresovan\u00fdch stran.<\/strong> Jak\u00e9 informace rada pot\u0159ebuje? Co pot\u0159ebuj\u00ed vedouc\u00ed pracovn\u00edci v prvn\u00ed linii? R\u016fzn\u00ed p\u0159\u00edjemci pot\u0159ebuj\u00ed r\u016fzn\u00e9 zpr\u00e1vy. Um\u011bl\u00e1 inteligence generuje reporty, vy definujete po\u017eadavky.<\/p>\n\n<p>P\u0159edstavte si um\u011blou inteligenci jako dokonal\u00e9 informa\u010dn\u00ed pov\u011bdom\u00ed. V\u00e1\u0161 t\u00fdm st\u00e1le zaji\u0161\u0165uje provozn\u00ed inteligenci, abyste mohli tyto informace efektivn\u011b vyu\u017e\u00edvat.<\/p>\n\n\n<hr class=\"wp-block-separator has-alpha-channel-opacity\"\/>\n\n\n\n<h3 class=\"wp-block-heading\">Za\u010d\u00edn\u00e1me s provozn\u00ed anal\u00fdzou<\/h3>\n\n\n<p>Za\u010dn\u011bte tam, kde informa\u010dn\u00ed mezery bol\u00ed nejv\u00edce:<\/p>\n\n<p><strong>\u017d\u00e1dn\u00fd konsolidovan\u00fd pohled na operace?<\/strong> Za\u010dn\u011bte s integrac\u00ed dat. Jednotn\u00fd p\u0159\u00edstrojov\u00fd panel zobrazuj\u00edc\u00ed kl\u00ed\u010dov\u00e9 metriky ze v\u0161ech syst\u00e9m\u016f.<\/p>\n\n<p><strong>Nev\u00edte, kde jsou \u00fazk\u00e1 m\u00edsta?<\/strong> Za\u010dn\u011bte s anal\u00fdzou toku. Systematicky identifikujte omezen\u00ed.<\/p>\n\n<p><strong>Tr\u00e1v\u00edte p\u0159\u00edli\u0161 mnoho \u010dasu manu\u00e1ln\u00edmi v\u00fdkazy?<\/strong> Nejprve automatizujte \u010dasov\u011b nejn\u00e1ro\u010dn\u011bj\u0161\u00ed sestavy. Rychl\u00e9 zv\u00fd\u0161en\u00ed produktivity.<\/p>\n\n<p><strong>Nem\u016f\u017eete sledovat v\u00fdkon v re\u00e1ln\u00e9m \u010dase?<\/strong> Za\u010dn\u011bte s p\u0159ehledy kl\u00ed\u010dov\u00fdch ukazatel\u016f v\u00fdkonnosti. P\u0159ehled v re\u00e1ln\u00e9m \u010dase o tom, co je nejd\u016fle\u017eit\u011bj\u0161\u00ed.<\/p>\n\n<p>Nemus\u00edte vytv\u00e1\u0159et kompletn\u00ed analytickou platformu hned prvn\u00ed den. Za\u010dn\u011bte s nejv\u011bt\u0161\u00edm informa\u010dn\u00edm probl\u00e9mem. Proka\u017ete hodnotu. Odtud se roz\u0161i\u0159ujte.<\/p>\n\n\n<hr class=\"wp-block-separator has-alpha-channel-opacity\"\/>\n\n\n\n<h3 class=\"wp-block-heading\">Podtr\u017eeno, se\u010dteno<\/h3>\n\n\n<p>Operace generuj\u00ed obrovsk\u00e9 mno\u017estv\u00ed dat. Data rozpt\u00fdlen\u00e1 v r\u016fzn\u00fdch syst\u00e9mech v\u0161ak nejsou u\u017eite\u010dn\u00e1. Je to \u0161um.<\/p>\n\n<p>Um\u011bl\u00e1 inteligence m\u011bn\u00ed data na informace. Konsoliduje v\u0161e. Sleduje, co je d\u016fle\u017eit\u00e9. Identifikuje probl\u00e9my. Vysv\u011btluje p\u0159\u00ed\u010diny. V\u0161e automaticky.<\/p>\n\n<p>V\u00e1\u0161 t\u00fdm z\u00edsk\u00e1 p\u0159ehled bez manu\u00e1ln\u00ed pr\u00e1ce. Probl\u00e9my vid\u00ed v\u010das. Pochop\u00ed z\u00e1kladn\u00ed p\u0159\u00ed\u010diny. Rychleji p\u0159ij\u00edmaj\u00ed lep\u0161\u00ed rozhodnut\u00ed.<\/p>\n\n<p>V\u00fdsledek? Provoz, kter\u00fd se neust\u00e1le u\u010d\u00ed a zlep\u0161uje. V\u010dasn\u00e9 odhalen\u00ed probl\u00e9m\u016f. Zdroje zam\u011b\u0159en\u00e9 tam, kde jsou nejd\u016fle\u017eit\u011bj\u0161\u00ed. \u0158\u00edzen\u00ed podle fakt\u016f, ne podle pocit\u016f.<\/p>\n\n<p>Pr\u00e1v\u011b to p\u0159in\u00e1\u0161\u00ed um\u011bl\u00e1 inteligence pro provozn\u00ed v\u00fdkaznictv\u00ed a analytiku. Nenahrazuje provozn\u00ed odbornost, ale zefektiv\u0148uje ji d\u00edky lep\u0161\u00edm informac\u00edm.<\/p>\n\n\n<hr class=\"wp-block-separator has-alpha-channel-opacity\"\/>\n\n\n\n<h3 class=\"wp-block-heading\">Jste p\u0159ipraveni vid\u011bt sv\u016fj provoz jasn\u011b?<\/h3>\n\n\n<p>Ka\u017ed\u00e1 operace m\u00e1 jin\u00e9 informa\u010dn\u00ed pot\u0159eby. Va\u0161e syst\u00e9my, metriky a priority jsou pro v\u00e1\u0161 podnik jedine\u010dn\u00e9.<\/p>\n\n<p>Neprod\u00e1v\u00e1me obecn\u00e9 \u0159\u00eddic\u00ed panely BI. Zab\u00fdv\u00e1me se va\u0161\u00ed konkr\u00e9tn\u00ed situac\u00ed. Jak\u00e9 informace pot\u0159ebujete, ale nem\u00e1te je? Kde jsou datov\u00e1 sila? Vytvo\u0159en\u00ed jak\u00fdch report\u016f trv\u00e1 p\u0159\u00edli\u0161 dlouho?<\/p>\n\n<p>Pot\u00e9 vytvo\u0159\u00edme analytiku, kter\u00e1 bude vyhovovat va\u0161emu provozu. Integrovan\u00e1 s va\u0161imi syst\u00e9my. Sledov\u00e1n\u00ed va\u0161ich kl\u00ed\u010dov\u00fdch ukazatel\u016f v\u00fdkonnosti. Odpov\u011bdi na va\u0161e ot\u00e1zky. Ne p\u0159edstava n\u011bkoho jin\u00e9ho o tom, co byste m\u011bli m\u011b\u0159it - co skute\u010dn\u011b pot\u0159ebujete v\u011bd\u011bt.<\/p>\n\n<p><a href=\"https:\/\/www.leaplytics.de\/cs\/kontakt\/\">Promluvte si s n\u00e1mi o sv\u00fdch pot\u0159eb\u00e1ch v oblasti reportingu<\/a><\/p>\n\n<p><a href=\"https:\/\/www.leaplytics.de\/cs\/operace-ai\/\">Zp\u011bt na Operace AI<\/a><\/p>","protected":false},"excerpt":{"rendered":"<p>AI for Operational Reporting &#038; Analytics You can&#8217;t improve what you can&#8217;t see. But seeing what&#8217;s happening in operations? That&#8217;s harder than it should be. Data lives in ten different systems. ERP. WMS. MES. Quality systems. Spreadsheets. IoT sensors. Each with its own format. Its own access. Its own quirks. Your operations team spends hours &hellip; <\/p>","protected":false},"author":2,"featured_media":0,"parent":0,"menu_order":0,"comment_status":"closed","ping_status":"closed","template":"","meta":{"footnotes":""},"class_list":["post-14494","page","type-page","status-publish","hentry","latest_post"],"_links":{"self":[{"href":"https:\/\/www.leaplytics.de\/cs\/wp-json\/wp\/v2\/pages\/14494","targetHints":{"allow":["GET"]}}],"collection":[{"href":"https:\/\/www.leaplytics.de\/cs\/wp-json\/wp\/v2\/pages"}],"about":[{"href":"https:\/\/www.leaplytics.de\/cs\/wp-json\/wp\/v2\/types\/page"}],"author":[{"embeddable":true,"href":"https:\/\/www.leaplytics.de\/cs\/wp-json\/wp\/v2\/users\/2"}],"replies":[{"embeddable":true,"href":"https:\/\/www.leaplytics.de\/cs\/wp-json\/wp\/v2\/comments?post=14494"}],"version-history":[{"count":1,"href":"https:\/\/www.leaplytics.de\/cs\/wp-json\/wp\/v2\/pages\/14494\/revisions"}],"predecessor-version":[{"id":14498,"href":"https:\/\/www.leaplytics.de\/cs\/wp-json\/wp\/v2\/pages\/14494\/revisions\/14498"}],"wp:attachment":[{"href":"https:\/\/www.leaplytics.de\/cs\/wp-json\/wp\/v2\/media?parent=14494"}],"curies":[{"name":"wp","href":"https:\/\/api.w.org\/{rel}","templated":true}]}}