{"id":14495,"date":"2025-12-19T01:58:56","date_gmt":"2025-12-19T00:58:56","guid":{"rendered":"https:\/\/www.leaplytics.de\/?page_id=14495"},"modified":"2025-12-19T01:58:57","modified_gmt":"2025-12-19T00:58:57","slug":"automatizace-procesu-workflow-ai","status":"publish","type":"page","link":"https:\/\/www.leaplytics.de\/cs\/automatizace-procesu-workflow-ai\/","title":{"rendered":"Automatizace proces\u016f a um\u011bl\u00e1 inteligence pracovn\u00edch postup\u016f"},"content":{"rendered":"<h2>AI pro automatizaci proces\u016f a pracovn\u00edch postup\u016f<\/h2>\n\n<p>Operace prob\u00edhaj\u00ed v procesech. Od objedn\u00e1vky po realizaci. Od po\u017eadavku k \u0159e\u0161en\u00ed. \u00dakol k dokon\u010den\u00ed. V\u0161e prob\u00edh\u00e1 po kroc\u00edch.<\/p>\n<p>Kdy\u017e procesy funguj\u00ed hladce, v\u011bci plynou. Kdy\u017e ne, v\u0161e se zasekne. \u00dakoly se hromad\u00ed. P\u0159ed\u00e1v\u00e1n\u00ed \u00fakol\u016f selh\u00e1v\u00e1. Lid\u00e9 ztr\u00e1cej\u00ed \u010das ot\u00e1zkami \"kde je tohle?\" a \"kdo m\u00e1 tohle?\".<\/p>\n<p>V\u011bt\u0161ina probl\u00e9m\u016f s procesy nevznik\u00e1 proto, \u017ee by se o n\u011b lid\u00e9 nezaj\u00edmali. Je to proto, \u017ee procesy jsou manu\u00e1ln\u00ed. N\u011bkdo to mus\u00ed \u0159\u00eddit. N\u011bkdo mus\u00ed schv\u00e1lit tohle. N\u011bkdo mus\u00ed zkontrolovat, zda byl p\u0159edchoz\u00ed krok dokon\u010den.<\/p>\n<p>Um\u011bl\u00e1 inteligence m\u016f\u017ee automatizovat rutinn\u00ed \u010d\u00e1sti. Nenahrazuje lidsk\u00fd \u00fasudek - pouze zpracov\u00e1v\u00e1 pr\u00e1ci zalo\u017eenou na pravidlech, kter\u00e1 ho nepot\u0159ebuje.<\/p>\n<p>V\u00e1\u0161 t\u00fdm se p\u0159estane honit za procesy a za\u010dne \u0159e\u0161it probl\u00e9my.<\/p>\n\n\n<hr class=\"wp-block-separator has-alpha-channel-opacity\"\/>\n\n\n\n<h3 class=\"wp-block-heading\">Pro\u010d se ru\u010dn\u00ed procesy porouch\u00e1vaj\u00ed<\/h3>\n\n\n<p>M\u00e1te SOP. Zdokumentovan\u00e9 postupy. Jasn\u00e9 kroky, jak by v\u011bci m\u011bly fungovat.<\/p>\n<p>Proveden\u00ed je v\u0161ak manu\u00e1ln\u00ed. N\u011bkdo obdr\u017e\u00ed po\u017eadavek. Zjist\u00ed, kdo ho m\u00e1 vy\u0159\u00eddit. Po\u0161le ji d\u00e1l. Sleduj\u00ed, zda k tomu do\u0161lo.<\/p>\n<p>P\u0159i n\u00edzk\u00e9m objemu to funguje. Kdy\u017e je objem vysok\u00fd, v\u011bci se propadaj\u00ed:<\/p>\n<ul>\n<li>\u00dakoly p\u0159esm\u011brovan\u00e9 na nespr\u00e1vn\u00fd t\u00fdm<\/li>\n<li>Schv\u00e1len\u00ed \u010dekaj\u00edc\u00ed ve schr\u00e1nce n\u011bkoho, kdo je mimo kancel\u00e1\u0159.<\/li>\n<li>P\u0159esko\u010den\u00e9 kroky, proto\u017ee nikdo neov\u011b\u0159il dokon\u010den\u00ed<\/li>\n<li>V\u00fdjimky zachycen\u00e9 a\u017e p\u0159\u00edli\u0161 pozd\u011b<\/li>\n<li>Nikdo nev\u00ed, kde se co nach\u00e1z\u00ed<\/li>\n<\/ul>\n\n<p>V\u00e1\u0161 t\u00fdm tr\u00e1v\u00ed v\u00edce \u010dasu koordinac\u00ed ne\u017e realizac\u00ed. Sch\u016fzky ke sledov\u00e1n\u00ed stavu. E-maily sleduj\u00edc\u00ed aktualizace. Eskalace, proto\u017ee se n\u011bco zaseklo.<\/p>\n<p>Ne proto, \u017ee by lid\u00e9 \u0161patn\u011b vykon\u00e1vali svou pr\u00e1ci. Proto\u017ee manu\u00e1ln\u00ed koordinace nen\u00ed na \u00farovni.<\/p>\n\n\n<hr class=\"wp-block-separator has-alpha-channel-opacity\"\/>\n\n\n\n<h3 class=\"wp-block-heading\">Co d\u011bl\u00e1 um\u011bl\u00e1 inteligence pro automatizaci proces\u016f<\/h3>\n\n\n<p>Um\u011bl\u00e1 inteligence zvl\u00e1d\u00e1 rutinn\u00ed rozhodov\u00e1n\u00ed ve va\u0161ich procesech. Okam\u017eit\u011b aplikuje pravidla. Spr\u00e1vn\u011b sm\u011bruje pr\u00e1ci. Sleduje pr\u016fb\u011bh. Zachycuje v\u00fdjimky.<\/p>\n<p>V\u00e1\u0161 t\u00fdm se soust\u0159ed\u00ed na samotnou pr\u00e1ci, nikoli na koordinaci kolem n\u00ed.<\/p>\n\n\n<h4 class=\"wp-block-heading\">Inteligentn\u00ed sm\u011brov\u00e1n\u00ed \u00faloh<\/h4>\n\n\n<p>P\u0159ich\u00e1z\u00ed nov\u00e1 objedn\u00e1vka. Kam p\u016fjde? Do kter\u00e9ho skladu? Kter\u00fd t\u00fdm? Z\u00e1le\u017e\u00ed na lokalit\u011b, typu produktu, stavu z\u00e1sob, kapacit\u011b t\u00fdmu.<\/p>\n<p>N\u011bkdo se na to v\u0161echno mus\u00ed pod\u00edvat ru\u010dn\u011b a rozhodnout. S um\u011blou inteligenc\u00ed se to d\u011bje okam\u017eit\u011b:<\/p>\n<ul>\n<li>Analyzuje podrobnosti po\u017eadavku<\/li>\n<li>kontroluje aktu\u00e1ln\u00ed pracovn\u00ed zat\u00ed\u017een\u00ed v t\u00fdmech<\/li>\n<li>Zohled\u0148uje pot\u0159ebn\u00e9 dovednosti a certifikace<\/li>\n<li>Faktory t\u00fdkaj\u00edc\u00ed se um\u00edst\u011bn\u00ed a logistiky<\/li>\n<li>Cesty k optim\u00e1ln\u00edmu t\u00fdmu<\/li>\n<\/ul>\n\n<p>Nejen rychlej\u0161\u00ed - ale i d\u016fsledn\u011bj\u0161\u00ed. Stejn\u00e1 logika plat\u00ed poka\u017ed\u00e9. \u017d\u00e1dn\u00e9 rozd\u00edly podle toho, kdo to zrovna zpracov\u00e1v\u00e1.<\/p>\n<p>Zvl\u00e1\u0161tn\u00ed p\u0159\u00edpady? Um\u011bl\u00e1 inteligence je ozna\u010d\u00ed pro sm\u011brov\u00e1n\u00ed \u010dlov\u011bkem. Ale b\u011b\u017en\u00e9 p\u0159\u00edpady (co\u017e je v\u011bt\u0161ina p\u0159\u00edpad\u016f) prob\u00edhaj\u00ed automaticky.<\/p>\n\n\n<h4 class=\"wp-block-heading\">Inteligentn\u00ed spr\u00e1va schvalov\u00e1n\u00ed<\/h4>\n\n\n<p>Schvalov\u00e1n\u00ed v\u0161e zpomaluje. Ka\u017ed\u00fd n\u00e1kup je t\u0159eba schv\u00e1lit. Ka\u017ed\u00e1 v\u00fdjimka pot\u0159ebuje schv\u00e1len\u00ed. Ka\u017edou zm\u011bnu je t\u0159eba zkontrolovat.<\/p>\n<p>V\u011bt\u0161ina z nich je v\u0161ak rutinn\u00ed. Standardn\u00ed po\u017eadavek v r\u00e1mci z\u00e1sad? M\u011bl by b\u00fdt automaticky schv\u00e1len. Neobvykl\u00fd po\u017eadavek mimo parametry? M\u011bl by b\u00fdt p\u0159esm\u011brov\u00e1n spr\u00e1vn\u00e9mu schvalovateli s pln\u00fdm kontextem.<\/p>\n<p>Um\u011bl\u00e1 inteligence zpracov\u00e1v\u00e1 logiku schvalov\u00e1n\u00ed:<\/p>\n<ul>\n<li>Standardn\u00ed po\u017eadavky v r\u00e1mci prahov\u00fdch hodnot: automaticky schv\u00e1len\u00e9 s auditn\u00ed stopou<\/li>\n<li>\u017d\u00e1dosti vy\u017eaduj\u00edc\u00ed p\u0159ezkoum\u00e1n\u00ed: sm\u011brov\u00e1ny na p\u0159\u00edslu\u0161nou \u00farove\u0148 podle mno\u017estv\u00ed, typu a rizika.<\/li>\n<li>Slo\u017eit\u00e9 po\u017eadavky: eskalov\u00e1ny s \u00fapln\u00fdm kontextem a histori\u00ed<\/li>\n<li>Zastaven\u00e1 schv\u00e1len\u00ed: automatick\u00e1 eskalace p\u0159i p\u0159\u00edli\u0161 dlouh\u00e9m prodlen\u00ed<\/li>\n<\/ul>\n\n<p>Va\u0161i mana\u017ee\u0159i tr\u00e1v\u00ed \u010das rozhodov\u00e1n\u00edm, kter\u00e9 skute\u010dn\u011b vy\u017eaduje posouzen\u00ed. Nikoli raz\u00edtkov\u00e1n\u00ed rutinn\u00edch po\u017eadavk\u016f.<\/p>\n<p>A kdy\u017e je n\u011bkdo venku? Um\u011bl\u00e1 inteligence se p\u0159esune do z\u00e1lohy. \u017d\u00e1dn\u00e9 \u017e\u00e1dosti o \u010dek\u00e1n\u00ed na n\u011bkoho, kdo je na dovolen\u00e9.<\/p>\n\n\n<h4 class=\"wp-block-heading\">Monitorov\u00e1n\u00ed proces\u016f v re\u00e1ln\u00e9m \u010dase<\/h4>\n\n\n<p>Kde je v\u0161echno? Co se zaseklo? Co je ohro\u017eeno nedodr\u017een\u00edm term\u00edn\u016f?<\/p>\n<p>Um\u011bl\u00e1 inteligence sleduje ka\u017ed\u00fd \u00fakol v ka\u017ed\u00e9m kroku. Ne t\u00edm, \u017ee by \u017e\u00e1dala lidi o aktualizace - automaticky sleduje syst\u00e9my. V\u00ed:<\/p>\n<ul>\n<li>Na \u010dem se pracuje a kdo na tom pracuje<\/li>\n<li>Co \u010dek\u00e1 (a jak dlouho \u010dek\u00e1)<\/li>\n<li>Co se bl\u00ed\u017e\u00ed k term\u00edn\u016fm<\/li>\n<li>Kde vznikaj\u00ed \u00fazk\u00e1 m\u00edsta<\/li>\n<li>Kter\u00e9 procesy b\u011b\u017e\u00ed pomaleji ne\u017e obvykle<\/li>\n<\/ul>\n\n<p>P\u0159\u00edstrojov\u00fd panel zobrazuje stav v re\u00e1ln\u00e9m \u010dase. Ne zpr\u00e1vy \"ke v\u010derej\u0161\u00edmu dni\" - pr\u00e1v\u011b te\u010f. Va\u0161i mana\u017ee\u0159i v\u011bd\u00ed, \u010demu je t\u0159eba v\u011bnovat pozornost, ani\u017e by se museli honit za aktualizacemi.<\/p>\n\n\n<h4 class=\"wp-block-heading\">Skute\u010dn\u011b funguj\u00edc\u00ed detekce v\u00fdjimek<\/h4>\n\n\n<p>V\u00fdjimky jsou drah\u00e9. Objednejte si chyb\u011bj\u00edc\u00ed informace. Krok trv\u00e1 p\u0159\u00edli\u0161 dlouho. Nespr\u00e1vn\u011b dodr\u017een\u00fd postup. Ne\u017e si toho n\u011bkdo v\u0161imne, je to u\u017e probl\u00e9m.<\/p>\n<p>Um\u011bl\u00e1 inteligence zachyt\u00ed v\u00fdjimky v\u010das:<\/p>\n<ul>\n<li><strong>Chyb\u011bj\u00edc\u00ed \u00fadaje:<\/strong> Objedn\u00e1vka odeslan\u00e1 bez povinn\u00fdch pol\u00ed? Ozna\u010dena okam\u017eit\u011b, ne a\u017e po doru\u010den\u00ed do skladu.<\/li>\n<li><strong>Odchylky procesu:<\/strong> Kroky proveden\u00e9 mimo po\u0159ad\u00ed? P\u0159esko\u010den\u00ed kontroln\u00edho seznamu? Upozorn\u011bn\u00ed AI.<\/li>\n<li><strong>Probl\u00e9my s na\u010dasov\u00e1n\u00edm:<\/strong> Krok trv\u00e1 3x d\u00e9le ne\u017e obvykle? Upozorn\u011bn\u00ed AI p\u0159ed vypr\u0161en\u00edm lh\u016fty.<\/li>\n<li><strong>Obavy o kvalitu:<\/strong> Zv\u00fd\u0161en\u00ed chybovosti v ur\u010dit\u00e9m procesu? V\u010dasn\u00e9 odhalen\u00ed vzoru.<\/li>\n<li><strong>Nedostatky v dodr\u017eov\u00e1n\u00ed p\u0159edpis\u016f:<\/strong> Chyb\u00ed po\u017eadovan\u00e1 dokumentace? P\u0159ekro\u010den\u00ed schvalovac\u00edho prahu? Zachyceno automaticky.<\/li>\n<\/ul>\n\n<p>V\u00e1\u0161 t\u00fdm \u0159e\u0161\u00ed v\u00fdjimky, kdy\u017e jsou je\u0161t\u011b mal\u00e9. D\u0159\u00edve, ne\u017e se roz\u0161\u00ed\u0159\u00ed. D\u0159\u00edve, ne\u017e jsou ovlivn\u011bni z\u00e1kazn\u00edci.<\/p>\n\n\n<h4 class=\"wp-block-heading\">Automatizovan\u00e1 kontrola dodr\u017eov\u00e1n\u00ed p\u0159edpis\u016f<\/h4>\n\n\n<p>Ka\u017ed\u00fd proces m\u00e1 sv\u00e9 po\u017eadavky. Kroky mus\u00ed prob\u00edhat v ur\u010dit\u00e9m po\u0159ad\u00ed. Dokumentace mus\u00ed b\u00fdt \u00fapln\u00e1. Mus\u00ed b\u00fdt z\u00edsk\u00e1no schv\u00e1len\u00ed. Mus\u00ed b\u00fdt provedeny kontroly kvality.<\/p>\n<p>Ru\u010dn\u00ed ov\u011b\u0159en\u00ed toho v\u0161eho? N\u011bkdo to mus\u00ed kontrolovat. V nejlep\u0161\u00edm p\u0159\u00edpad\u011b vzorov\u00e9 kontroly. Dodr\u017eov\u00e1n\u00ed p\u0159edpis\u016f podle nad\u011bje.<\/p>\n<p>Um\u011bl\u00e1 inteligence ov\u011b\u0159uje ka\u017ed\u00fd p\u0159\u00edpad:<\/p>\n<ul>\n<li>Byl dokon\u010den ka\u017ed\u00fd po\u017eadovan\u00fd krok?<\/li>\n<li>Byla dodr\u017eena spr\u00e1vn\u00e1 posloupnost?<\/li>\n<li>Je dokumentace \u00fapln\u00e1 a p\u0159esn\u00e1?<\/li>\n<li>Byla z\u00edsk\u00e1na pot\u0159ebn\u00e1 povolen\u00ed?<\/li>\n<li>Ukazuje auditn\u00ed stopa, kdo a kdy co ud\u011blal?<\/li>\n<\/ul>\n\n<p>Proces, kter\u00fd nen\u00ed v souladu s p\u0159edpisy? Okam\u017eit\u011b ozna\u010deno. Nikoliv zji\u0161t\u011bno o n\u011bkolik t\u00fddn\u016f pozd\u011bji p\u0159i auditu. V\u00e1\u0161 soulad je skute\u010dn\u00fd, nikoliv o\u010dek\u00e1van\u00fd.<\/p>\n\n\n<h4 class=\"wp-block-heading\">Anal\u00fdza v\u00fdkonnosti proces\u016f<\/h4>\n\n\n<p>Jak dlouho procesy skute\u010dn\u011b trvaj\u00ed? Kde se zpomaluj\u00ed? Kter\u00e9 t\u00fdmy jsou rychlej\u0161\u00ed? Pro\u010d?<\/p>\n<p>Um\u011bl\u00e1 inteligence sleduje v\u00fdkonnostn\u00ed metriky v\u0161ech va\u0161ich proces\u016f:<\/p>\n<ul>\n<li>Doba cyklu podle typu procesu<\/li>\n<li>Pr\u016fchodnost podle t\u00fdm\u016f a jednotlivc\u016f<\/li>\n<li>Kde doch\u00e1z\u00ed ke zpo\u017ed\u011bn\u00ed (kter\u00e9 kroky, kter\u00e1 p\u0159ed\u00e1n\u00ed).<\/li>\n<li>M\u00edra chybovosti a \u010detnost p\u0159epracov\u00e1n\u00ed<\/li>\n<li>Variabilita (na konzistenci z\u00e1le\u017e\u00ed stejn\u011b jako na rychlosti)<\/li>\n<\/ul>\n\n<p>Zjist\u00edte, kde se m\u016f\u017eete zlep\u0161it. Ne h\u00e1d\u00e1n\u00ed - pohled na data. Je tento t\u00fdm trvale rychlej\u0161\u00ed? Zjist\u011bte, co d\u011blaj\u00ed jinak. Tento krok d\u016fsledn\u011b pomal\u00fd? Zjist\u011bte pro\u010d.<\/p>\n<p>Zlep\u0161ov\u00e1n\u00ed proces\u016f na z\u00e1klad\u011b fakt\u016f, ne pocit\u016f.<\/p>\n\n\n<hr class=\"wp-block-separator has-alpha-channel-opacity\"\/>\n\n\n\n<h3 class=\"wp-block-heading\">Co to pro v\u00e1s znamen\u00e1<\/h3>\n\n\n\n<h4 class=\"wp-block-heading\">Pro provozn\u00ed \u0159editele a vedouc\u00ed provozu<\/h4>\n\n\n<p><strong>Konzistentn\u00ed prov\u00e1d\u011bn\u00ed na r\u016fzn\u00fdch m\u00edstech.<\/strong> V\u0161ude plat\u00ed stejn\u00e1 pravidla. \u017d\u00e1dn\u00e9 rozd\u00edly podle toho, kdo pracuje nebo jak je zanepr\u00e1zdn\u011bn.<\/p>\n\n<p><strong>\u0160k\u00e1lovateln\u00e9 operace.<\/strong> Zvl\u00e1dn\u011bte dvojn\u00e1sobn\u00fd objem pr\u00e1ce bez dvojn\u00e1sobn\u00e9ho po\u010dtu zam\u011bstnanc\u016f. Koordina\u010dn\u00ed pr\u00e1ce se s objemem nezn\u00e1sobuje.<\/p>\n\n<p><strong>Lep\u0161\u00ed dodr\u017eov\u00e1n\u00ed p\u0159edpis\u016f a auditn\u00ed z\u00e1znamy.<\/strong> Ka\u017ed\u00fd proces je dokumentov\u00e1n automaticky. Kompletn\u00ed auditn\u00ed stopa pro ka\u017edou transakci. Dodr\u017eov\u00e1n\u00ed p\u0159edpis\u016f na z\u00e1klad\u011b n\u00e1vrhu, nikoli kontroly.<\/p>\n\n<p><strong>Viditelnost operac\u00ed.<\/strong> P\u0159ehled o d\u011bn\u00ed v re\u00e1ln\u00e9m \u010dase. Zjist\u011bte, \u017ee se \u00fazk\u00e1 m\u00edsta tvo\u0159\u00ed d\u0159\u00edve, ne\u017e se stanou kriz\u00ed.<\/p>\n\n<p><strong>Ni\u017e\u0161\u00ed chybovost.<\/strong> Automatick\u00e1 kontrola zachyt\u00ed chyby v\u010das. V\u00fdjimky jsou ozna\u010deny d\u0159\u00edve, ne\u017e zp\u016fsob\u00ed probl\u00e9my.<\/p>\n\n\n<h4 class=\"wp-block-heading\">Pro provozn\u00ed mana\u017eery<\/h4>\n\n\n<p><strong>P\u0159esta\u0148te se honit za aktualizacemi stavu.<\/strong> Syst\u00e9m sleduje v\u0161e. Vid\u00edte, co pot\u0159ebuje pozornost, ani\u017e byste se museli pt\u00e1t.<\/p>\n\n<p><strong>Zam\u011b\u0159te se na v\u00fdjimky, ne na rutinu.<\/strong> AI zvl\u00e1d\u00e1 standardn\u00ed pracovn\u00ed postupy. Vy \u0159e\u0161\u00edte neobvykl\u00e9 p\u0159\u00edpady, kter\u00e9 vy\u017eaduj\u00ed posouzen\u00ed.<\/p>\n\n<p><strong>Zjist\u011bte, kde se v\u011bci zasekly.<\/strong> Ne\u010dekat na \u010dleny t\u00fdmu, aby eskalovali probl\u00e9m. Vid\u00edte to v re\u00e1ln\u00e9m \u010dase.<\/p>\n\n<p><strong>\u00dadaje pro zlep\u0161en\u00ed.<\/strong> Zjist\u011bte, kter\u00e9 procesy funguj\u00ed dob\u0159e a kter\u00e9 je t\u0159eba opravit. Skute\u010dn\u00e9 \u010dasy cykl\u016f, ne odhady.<\/p>\n\n<p><strong>Spravedliv\u00e9 rozd\u011blen\u00ed pracovn\u00ed z\u00e1t\u011b\u017ee.<\/strong> Zjist\u011bte, kdo je p\u0159et\u00ed\u017een\u00fd a kdo m\u00e1 kapacitu. Vyva\u017eujte pr\u00e1ci na z\u00e1klad\u011b skute\u010dnosti.<\/p>\n\n\n<h4 class=\"wp-block-heading\">Pro t\u00fdmy vykon\u00e1vaj\u00edc\u00ed pr\u00e1ci<\/h4>\n\n\n<p><strong>Vymaz\u00e1n\u00ed fronty \u00faloh.<\/strong> \u017d\u00e1dn\u00e9 p\u0159em\u00fd\u0161len\u00ed \"na \u010dem m\u00e1m pracovat?\" Priority se vypo\u010d\u00edt\u00e1vaj\u00ed automaticky na z\u00e1klad\u011b term\u00edn\u016f a d\u016fle\u017eitosti.<\/p>\n\n<p><strong>U\u017e \u017e\u00e1dn\u00e9 pron\u00e1sledov\u00e1n\u00ed.<\/strong> Syst\u00e9m sm\u011bruje pr\u00e1ci na v\u00e1s. \u0158ekne v\u00e1m, co pot\u0159ebujete v\u011bd\u011bt. Automaticky eskaluje, pokud se zaseknete.<\/p>\n\n<p><strong>M\u00e9n\u011b re\u017eijn\u00edch n\u00e1klad\u016f na koordinaci.<\/strong> Tr\u00e1vit \u010das prac\u00ed, ne koordinac\u00ed pr\u00e1ce. \u017d\u00e1dn\u00e9 sch\u016fzky ke sledov\u00e1n\u00ed stavu.<\/p>\n\n<p><strong>Rychl\u00e9 schvalov\u00e1n\u00ed.<\/strong> Rutinn\u00ed v\u011bci jsou automaticky schvalov\u00e1ny. \u017d\u00e1dn\u00e9 dny \u010dek\u00e1n\u00ed, ne\u017e n\u011bkdo d\u00e1 raz\u00edtko.<\/p>\n\n<p><strong>M\u00e9n\u011b po\u017e\u00e1rn\u00edch cvi\u010den\u00ed.<\/strong> V\u010dasn\u00e9 zachycen\u00ed v\u00fdjimek. Probl\u00e9my jsou odhaleny d\u0159\u00edve, ne\u017e propuknou. M\u00e9n\u011b paniky, v\u00edce pl\u00e1nov\u00e1n\u00ed.<\/p>\n\n\n<hr class=\"wp-block-separator has-alpha-channel-opacity\"\/>\n\n\n\n<h3 class=\"wp-block-heading\">Co AI neum\u00ed<\/h3>\n\n\n<p>Um\u011bl\u00e1 inteligence automatizuje pr\u00e1ci zalo\u017eenou na pravidlech. Nenahrazuje \u00fasudek. Zde je to, co st\u00e1le pot\u0159ebuje lidi:<\/p>\n\n<p><strong>\u0158e\u0161en\u00ed skute\u010dn\u011b neobvykl\u00fdch situac\u00ed.<\/strong> AI sm\u011bruje standardn\u00ed p\u0159\u00edpady a ozna\u010duje v\u00fdjimky. Ale opravdu podivn\u00e9 okrajov\u00e9 p\u0159\u00edpady? Ty mus\u00ed \u0159e\u0161it \u010dlov\u011bk.<\/p>\n\n<p><strong>Vyjedn\u00e1v\u00e1n\u00ed a \u0159\u00edzen\u00ed vztah\u016f.<\/strong> Z\u00e1kazn\u00edk na\u0161tvan\u00fd kv\u016fli zpo\u017ed\u011bn\u00ed? Dodavatel pot\u0159ebuje zvl\u00e1\u0161tn\u00ed zach\u00e1zen\u00ed? To je lidsk\u00e1 pr\u00e1ce.<\/p>\n\n<p><strong>Navrhov\u00e1n\u00ed lep\u0161\u00edch proces\u016f.<\/strong> Um\u011bl\u00e1 inteligence sleduje, jak funguj\u00ed aktu\u00e1ln\u00ed procesy. P\u0159epracovat je pro lep\u0161\u00ed v\u00fdsledky? To je na va\u0161em t\u00fdmu.<\/p>\n\n<p><strong>Posuzov\u00e1n\u00ed.<\/strong> M\u011bli bychom to urychlit? Ud\u011blat v\u00fdjimku? P\u0159ijmout ztr\u00e1tu, abychom zachovali vztah? Po\u010d\u00edta\u010de nedok\u00e1\u017eou tyto kompromisy zv\u00e1\u017eit.<\/p>\n\n<p><strong>Komplexn\u00ed schvalov\u00e1n\u00ed.<\/strong> Jednoduch\u00e9 schvalov\u00e1n\u00ed (v r\u00e1mci $X, v r\u00e1mci z\u00e1sad) lze automatizovat. Slo\u017eit\u00e1 rozhodnut\u00ed (strategick\u00e1 rozhodnut\u00ed, v\u00fdznamn\u00e9 v\u00fdjimky, dopady nap\u0159\u00ed\u010d funkcemi) vy\u017eaduj\u00ed lidskou kontrolu.<\/p>\n\n<p>P\u0159edstavte si um\u011blou inteligenci jako koordina\u010dn\u00ed vrstvu. V\u00e1\u0161 t\u00fdm se star\u00e1 o vrstvu my\u0161len\u00ed. Jen to d\u011blaj\u00ed rychleji, proto\u017ee hrub\u00e1 pr\u00e1ce je hotov\u00e1.<\/p>\n\n\n<hr class=\"wp-block-separator has-alpha-channel-opacity\"\/>\n\n\n\n<h3 class=\"wp-block-heading\">Za\u010d\u00edn\u00e1me s automatizac\u00ed proces\u016f<\/h3>\n\n\n<p>Nemus\u00edte automatizovat v\u0161echno najednou. Za\u010dn\u011bte s nejobjemn\u011bj\u0161\u00edmi a nejstandardizovan\u011bj\u0161\u00edmi procesy:<\/p>\n\n<p><strong>Dob\u0159\u00ed prvn\u00ed kandid\u00e1ti:<\/strong><\/p>\n<ul>\n<li>Sm\u011brov\u00e1n\u00ed a p\u0159i\u0159azov\u00e1n\u00ed objedn\u00e1vek<\/li>\n<li>Standardn\u00ed schvalovac\u00ed pracovn\u00ed postupy<\/li>\n<li>P\u0159\u00edjem a t\u0159\u00edd\u011bn\u00ed \u017e\u00e1dost\u00ed<\/li>\n<li>Ov\u011b\u0159en\u00ed dokon\u010den\u00ed \u00fakolu<\/li>\n<li>Ozn\u00e1men\u00ed o stavu a eskalace<\/li>\n<\/ul>\n\n<p><strong>Ne zrovna skv\u011bl\u00ed prvn\u00ed kandid\u00e1ti:<\/strong><\/p>\n<ul>\n<li>Velmi variabiln\u00ed procesy s mnoha v\u00fdjimkami<\/li>\n<li>Procesy, kter\u00e9 se \u010dasto m\u011bn\u00ed<\/li>\n<li>Oblasti, ve kter\u00fdch je lidsk\u00fd \u00fasudek rozhoduj\u00edc\u00ed pro ka\u017ed\u00fd p\u0159\u00edpad<\/li>\n<li>Procesy, kter\u00e9 zat\u00edm nikdo nezdokumentoval<\/li>\n<\/ul>\n\n<p>Za\u010dn\u011bte tam, kde je jasn\u00fd proces, vysok\u00fd objem a zjevn\u00e1 bolest. Proka\u017ete hodnotu. Pak se roz\u0161i\u0159te na slo\u017eit\u011bj\u0161\u00ed p\u0159\u00edpady.<\/p>\n\n\n<hr class=\"wp-block-separator has-alpha-channel-opacity\"\/>\n\n\n\n<h3 class=\"wp-block-heading\">Podtr\u017eeno, se\u010dteno<\/h3>\n\n\n<p>Ru\u010dn\u00ed koordinace proces\u016f se ne\u0161k\u00e1luje. V\u011bt\u0161\u00ed objem znamen\u00e1 v\u011bt\u0161\u00ed re\u017eijn\u00ed n\u00e1klady na koordinaci. V\u00e1\u0161 t\u00fdm je zahlcen sm\u011brov\u00e1n\u00edm, sledov\u00e1n\u00edm a honbou za v\u00fdsledky, m\u00edsto aby se v\u011bnoval skute\u010dn\u00e9 pr\u00e1ci.<\/p>\n\n<p>Koordinaci zaji\u0161\u0165uje um\u011bl\u00e1 inteligence. Trasy funguj\u00ed spr\u00e1vn\u011b. Sleduje postup prac\u00ed. Zachycuje v\u00fdjimky. Udr\u017euje soulad s p\u0159edpisy. V\u0161e automaticky.<\/p>\n\n<p>V\u00e1\u0161 t\u00fdm pracuje na samotn\u00e9 pr\u00e1ci. Ne na sch\u016fzk\u00e1ch o pr\u00e1ci. Ne e-maily sleduj\u00edc\u00ed pr\u00e1ci. Ne tabulky sleduj\u00edc\u00ed pr\u00e1ci.<\/p>\n\n<p>V\u00fdsledkem jsou plynul\u00e9 operace. Rychlej\u0161\u00ed \u010dasy cykl\u016f. M\u00e9n\u011b chyb. Lep\u0161\u00ed shoda s p\u0159edpisy. A profesion\u00e1lov\u00e9 d\u011blaj\u00ed to, v \u010dem jsou dob\u0159\u00ed, m\u00edsto aby se honili za procesem.<\/p>\n\n<p>To je to, co automatizace proces\u016f s um\u011blou inteligenc\u00ed skute\u010dn\u011b p\u0159in\u00e1\u0161\u00ed. Ne \"zhasnut\u00e9 sv\u011btlo\". Jen m\u00e9n\u011b t\u0159en\u00ed a v\u011bt\u0161\u00ed soust\u0159ed\u011bn\u00ed na to, co je d\u016fle\u017eit\u00e9.<\/p>\n\n\n<hr class=\"wp-block-separator has-alpha-channel-opacity\"\/>\n\n\n\n<h3 class=\"wp-block-heading\">Jste p\u0159ipraveni automatizovat sv\u00e9 pracovn\u00ed postupy?<\/h3>\n\n\n<p>Ka\u017ed\u00e1 operace m\u00e1 jin\u00e9 procesy. To, co funguje ve va\u0161\u00ed firm\u011b, z\u00e1vis\u00ed na tom, jak fungujete dnes.<\/p>\n\n<p>Neprosazujeme obecn\u00e9 n\u00e1stroje pro pracovn\u00ed postupy. Zab\u00fdv\u00e1me se va\u0161imi konkr\u00e9tn\u00edmi procesy. Kde je re\u017eie koordinace? Kde se v\u011bci zasek\u00e1vaj\u00ed? Co je vzhledem k va\u0161im syst\u00e9m\u016fm re\u00e1ln\u00e9 automatizovat?<\/p>\n\n<p>Pot\u00e9 vytvo\u0159\u00edme automatizaci, kter\u00e1 bude vyhovovat va\u0161im pracovn\u00edm postup\u016fm. Nebudeme v\u00e1s nutit m\u011bnit zp\u016fsob pr\u00e1ce, aby vyhovoval softwaru. Software, kter\u00fd funguje tak, jak pracujete vy.<\/p>\n\n<p><a href=\"https:\/\/www.leaplytics.de\/cs\/kontakt\/\">Promluvme si o va\u0161ich procesech<\/a><\/p>\n\n<p><a href=\"https:\/\/www.leaplytics.de\/cs\/operace-ai\/\">Zp\u011bt na Operace AI<\/a><\/p>","protected":false},"excerpt":{"rendered":"<p>Um\u011bl\u00e1 inteligence pro automatizaci proces\u016f a provoz pracovn\u00edch postup\u016f b\u011b\u017e\u00ed na procesech. Od objedn\u00e1vky po realizaci. Od po\u017eadavku po vy\u0159e\u0161en\u00ed. \u00dakol k dokon\u010den\u00ed. V\u0161e prob\u00edh\u00e1 po kroc\u00edch. Kdy\u017e procesy funguj\u00ed hladce, v\u011bci plynou. Kdy\u017e ne, v\u0161e se zasekne. \u00dakoly se hromad\u00ed. P\u0159ed\u00e1v\u00e1n\u00ed \u00fakol\u016f selh\u00e1v\u00e1. Lid\u00e9 ztr\u00e1cej\u00ed \u010das ot\u00e1zkami \"kde je tohle?\" a \"kdo m\u00e1 tohle?\". V\u011bt\u0161ina probl\u00e9m\u016f s procesy nevznik\u00e1 proto, \u017ee by ... <\/p>","protected":false},"author":2,"featured_media":0,"parent":0,"menu_order":0,"comment_status":"closed","ping_status":"closed","template":"","meta":{"footnotes":""},"class_list":["post-14495","page","type-page","status-publish","hentry","latest_post"],"_links":{"self":[{"href":"https:\/\/www.leaplytics.de\/cs\/wp-json\/wp\/v2\/pages\/14495","targetHints":{"allow":["GET"]}}],"collection":[{"href":"https:\/\/www.leaplytics.de\/cs\/wp-json\/wp\/v2\/pages"}],"about":[{"href":"https:\/\/www.leaplytics.de\/cs\/wp-json\/wp\/v2\/types\/page"}],"author":[{"embeddable":true,"href":"https:\/\/www.leaplytics.de\/cs\/wp-json\/wp\/v2\/users\/2"}],"replies":[{"embeddable":true,"href":"https:\/\/www.leaplytics.de\/cs\/wp-json\/wp\/v2\/comments?post=14495"}],"version-history":[{"count":1,"href":"https:\/\/www.leaplytics.de\/cs\/wp-json\/wp\/v2\/pages\/14495\/revisions"}],"predecessor-version":[{"id":14501,"href":"https:\/\/www.leaplytics.de\/cs\/wp-json\/wp\/v2\/pages\/14495\/revisions\/14501"}],"wp:attachment":[{"href":"https:\/\/www.leaplytics.de\/cs\/wp-json\/wp\/v2\/media?parent=14495"}],"curies":[{"name":"wp","href":"https:\/\/api.w.org\/{rel}","templated":true}]}}