{"id":14511,"date":"2025-12-19T02:02:31","date_gmt":"2025-12-19T01:02:31","guid":{"rendered":"https:\/\/www.leaplytics.de\/?page_id=14511"},"modified":"2025-12-19T02:02:32","modified_gmt":"2025-12-19T01:02:32","slug":"objednavani-nakupnich-pozadavku-ai","status":"publish","type":"page","link":"https:\/\/www.leaplytics.de\/cs\/objednavani-nakupnich-pozadavku-ai\/","title":{"rendered":"Po\u017eadavky na n\u00e1kup a objedn\u00e1v\u00e1n\u00ed AI"},"content":{"rendered":"<h2>UI pro zad\u00e1v\u00e1n\u00ed po\u017eadavk\u016f na n\u00e1kup a objedn\u00e1v\u00e1n\u00ed: Zrychlen\u00ed n\u00e1kupn\u00edho procesu<\/h2>\n\n<p>N\u00e1kupn\u00ed po\u017eadavky a objedn\u00e1v\u00e1n\u00ed by m\u011bly b\u00fdt jednoduch\u00e9. N\u011bkdo n\u011bco pot\u0159ebuje. Po\u017e\u00e1d\u00e1 o to. Je to schv\u00e1leno. Objedn\u00e1vka se ode\u0161le. Hotovo.<\/p>\n<p>Nen\u00ed to v\u0161ak jednoduch\u00e9. Po\u017eadavky le\u017e\u00ed ve schr\u00e1nk\u00e1ch a \u010dekaj\u00ed na schv\u00e1len\u00ed. N\u00e1kup\u010d\u00ed zpracov\u00e1vaj\u00ed rutinn\u00ed objedn\u00e1vky ru\u010dn\u011b. Lid\u00e9 nev\u011bd\u00ed, kter\u00e9ho dodavatele pou\u017e\u00edt. Objedn\u00e1vky jdou k nesmluvn\u00edm dodavatel\u016fm, proto\u017ee schvalovac\u00ed proces je p\u0159\u00edli\u0161 pomal\u00fd.<\/p>\n<p>V\u00fdsledek? T\u00fdmy pro zad\u00e1v\u00e1n\u00ed ve\u0159ejn\u00fdch zak\u00e1zek jsou zahlceny transak\u010dn\u00ed prac\u00ed. Maverick spending, proto\u017ee lid\u00e9 obch\u00e1zej\u00ed syst\u00e9m. \u00daniky smluv, proto\u017ee zak\u00e1zky se ne\u0159\u00edd\u00ed vyjednan\u00fdmi podm\u00ednkami.<\/p>\n<p>Um\u011bl\u00e1 inteligence to napravuje. Automaticky zpracov\u00e1v\u00e1 standardn\u00ed po\u017eadavky. Inteligentn\u011b sm\u011bruje schvalov\u00e1n\u00ed. Zaji\u0161\u0165uje, aby se objedn\u00e1vky \u0159\u00eddily smluvn\u00edmi podm\u00ednkami. Zrychluje proces natolik, \u017ee ho lid\u00e9 skute\u010dn\u011b pou\u017e\u00edvaj\u00ed.<\/p>\n\n\n<hr class=\"wp-block-separator has-alpha-channel-opacity\"\/>\n\n\n\n<h3 class=\"wp-block-heading\">Pro\u010d jsou procesy od n\u00e1kupu k platb\u011b pomal\u00e9<\/h3>\n\n\n<p>Procesy od po\u017eadavku k objedn\u00e1vce jsou ve v\u011bt\u0161in\u011b spole\u010dnost\u00ed nefunk\u010dn\u00ed. Ne proto, \u017ee by n\u00e1kupn\u00ed t\u00fdmy d\u011blaly svou pr\u00e1ci \u0161patn\u011b. Proto\u017ee tento proces vy\u017eaduje p\u0159\u00edli\u0161 mnoho manu\u00e1ln\u00ed pr\u00e1ce.<\/p>\n<p>N\u011bkdo pod\u00e1 \u017e\u00e1dost. N\u00e1kup\u010d\u00ed ji mus\u00ed zkontrolovat. Zkontroluje, zda je v souladu se z\u00e1sadami. Ur\u010dete, kdo ji m\u00e1 schv\u00e1lit. P\u0159esm\u011brujte ji ke spr\u00e1vn\u00e9mu schvalovateli. Po\u010dkejte na schv\u00e1len\u00ed. Pot\u00e9 ru\u010dn\u011b vytvo\u0159it n\u00e1kupn\u00ed objedn\u00e1vku. Vyberte dodavatele. Znovu zadejte v\u0161echny \u00fadaje.<\/p>\n<p>Pro standardn\u00ed, rutinn\u00ed zak\u00e1zky. Poka\u017ed\u00e9.<\/p>\n<p>N\u00e1kup\u010d\u00ed tr\u00e1v\u00ed hodiny zpracov\u00e1n\u00edm popt\u00e1vek, kter\u00e9 maj\u00ed stejn\u00e9 vzory. Kancel\u00e1\u0159sk\u00e9 pot\u0159eby. Standardn\u00ed komponenty. Opakuj\u00edc\u00ed se slu\u017eby. Objedn\u00e1vky, kter\u00e9 nepot\u0159ebuj\u00ed lidsk\u00e9 znalosti, ale p\u0159esto je dost\u00e1vaj\u00ed, proto\u017ee proces vy\u017eaduje ru\u010dn\u00ed zpracov\u00e1n\u00ed.<\/p>\n<p>Kdy\u017e je proces pomal\u00fd, lid\u00e9 ho obch\u00e1zej\u00ed. Nakupuj\u00ed p\u0159\u00edmo od dodavatel\u016f. Pou\u017e\u00edvaj\u00ed osobn\u00ed kreditn\u00ed karty. P\u0159esko\u010d\u00ed schvalov\u00e1n\u00ed. Maverick spending nen\u00ed zl\u00fd \u00famysl - lid\u00e9 se sna\u017e\u00ed ud\u011blat svou pr\u00e1ci.<\/p>\n<p>A zad\u00e1v\u00e1n\u00ed ve\u0159ejn\u00fdch zak\u00e1zek ztr\u00e1c\u00ed kontrolu. Smluvn\u00ed dodavatel\u00e9 nedostanou sl\u00edben\u00fd objem. Vyjednan\u00e9 podm\u00ednky se nevyu\u017e\u00edvaj\u00ed. Miz\u00ed p\u0159ehled o v\u00fddaj\u00edch.<\/p>\n\n\n<hr class=\"wp-block-separator has-alpha-channel-opacity\"\/>\n\n\n\n<h3 class=\"wp-block-heading\">Co d\u011bl\u00e1 AI pro zad\u00e1v\u00e1n\u00ed po\u017eadavk\u016f na n\u00e1kup a objedn\u00e1v\u00e1n\u00ed<\/h3>\n\n\n<p>Um\u011bl\u00e1 inteligence neurychluje pouze proces zad\u00e1v\u00e1n\u00ed po\u017eadavk\u016f. D\u011bl\u00e1 ho inteligentn\u00edm. Zde je n\u00e1vod, jak na to.<\/p>\n\n\n<h4 class=\"wp-block-heading\">Automaticky zpracov\u00e1v\u00e1 po\u017eadavky<\/h4>\n\n\n<p>UI obdr\u017e\u00ed po\u017eadavek. Analyzuje, co je po\u017eadov\u00e1no.<\/p>\n<p>Jedn\u00e1 se o standardn\u00ed polo\u017eku? Um\u011bl\u00e1 inteligence ji rozpozn\u00e1 z p\u0159edchoz\u00edch objedn\u00e1vek. Ov\u011b\u0159\u00ed po\u017eadavek podle z\u00e1sad. Zkontroluje dostupnost rozpo\u010dtu. Potvrd\u00ed, \u017ee po\u017eadovan\u00e9 informace jsou \u00fapln\u00e9.<\/p>\n<p>Pokud je v\u0161e v po\u0159\u00e1dku, um\u011bl\u00e1 inteligence ji automaticky nasm\u011bruje ke schv\u00e1len\u00ed. U b\u011b\u017en\u00fdch po\u017eadavk\u016f nen\u00ed nutn\u00fd z\u00e1sah kupuj\u00edc\u00edho.<\/p>\n<p>Pokud je n\u011bco v nepo\u0159\u00e1dku, um\u011bl\u00e1 inteligence ozna\u010d\u00ed konkr\u00e9tn\u00ed probl\u00e9my:<\/p>\n<ul>\n<li>Chyb\u011bj\u00edc\u00ed n\u00e1kladov\u00e9 st\u0159edisko nebo GL k\u00f3d<\/li>\n<li>P\u0159ekro\u010den\u00ed prahov\u00e9 hodnoty rozpo\u010dtu vy\u017eaduj\u00edc\u00ed zvl\u00e1\u0161tn\u00ed schv\u00e1len\u00ed<\/li>\n<li>Polo\u017eka neodpov\u00edd\u00e1 schv\u00e1len\u00fdm kategori\u00edm<\/li>\n<li>Po\u017eadovan\u00e1 dokumentace nen\u00ed p\u0159ilo\u017eena<\/li>\n<li>Nejasn\u00e9 specifikace, kter\u00e9 je t\u0159eba vyjasnit<\/li>\n<\/ul>\n<p>\u017dadatel dostane okam\u017eit\u011b jasnou zp\u011btnou vazbu. Nikoliv obecn\u00e9 odm\u00edtnut\u00ed. Konkr\u00e9tn\u00ed probl\u00e9my k odstran\u011bn\u00ed.<\/p>\n<p>Standardn\u00ed po\u017eadavky proch\u00e1zej\u00ed syst\u00e9mem b\u011bhem n\u011bkolika minut. Slo\u017eit\u00e9 po\u017eadavky jsou sm\u011brov\u00e1ny n\u00e1kup\u010d\u00edm s informacemi o tom, co je t\u0159eba zkontrolovat.<\/p>\n\n\n<h4 class=\"wp-block-heading\">Inteligentn\u00ed schvalovac\u00ed trasy<\/h4>\n\n\n<p>Pracovn\u00ed postupy schvalov\u00e1n\u00ed jsou slo\u017eit\u00e9. R\u016fzn\u00ed schvalovatel\u00e9 pro r\u016fzn\u00e9 \u010d\u00e1stky. R\u016fzn\u00e9 cesty pro r\u016fzn\u00e9 kategorie. R\u016fzn\u00e1 pravidla pro r\u016fzn\u00e1 odd\u011blen\u00ed.<\/p>\n<p>Lid\u00e9 jsou zmaten\u00ed. Po\u017eadavky se dostanou ke \u0161patn\u00e9mu schvalovateli. Vracej\u00ed se zp\u011bt. Zdr\u017e\u00ed se, ne\u017e lid\u00e9 zjist\u00ed, kdo by m\u011bl vlastn\u011b schvalovat.<\/p>\n<p>UI zn\u00e1 pravidla schvalov\u00e1n\u00ed:<\/p>\n<ul>\n<li><strong>Sm\u011brov\u00e1n\u00ed na z\u00e1klad\u011b \u010d\u00e1stky:<\/strong> Pod $1 000 p\u0159ipad\u00e1 na jednoho schvalovatele. Nad $10,000 je t\u0159eba dal\u0161\u00edho schv\u00e1len\u00ed.<\/li>\n<li><strong>Sm\u011brov\u00e1n\u00ed podle kategori\u00ed:<\/strong> N\u00e1kupy v oblasti IT mus\u00ed b\u00fdt schv\u00e1leny IT odd\u011blen\u00edm. Kapit\u00e1lov\u00e9 vybaven\u00ed vy\u017eaduje finan\u010dn\u00ed kontrolu.<\/li>\n<li><strong>Pravidla ministerstva:<\/strong> R\u016fzn\u00e1 odd\u011blen\u00ed maj\u00ed r\u016fzn\u00e9 \u00farovn\u011b delegov\u00e1n\u00ed a schvalovac\u00ed \u0159et\u011bzce.<\/li>\n<li><strong>V\u00fdjimky ze z\u00e1sad:<\/strong> Nekatalogov\u00e9 polo\u017eky. Nesmluvn\u00ed dodavatel\u00e9. Zvl\u00e1\u0161tn\u00ed po\u017eadavky na schv\u00e1len\u00ed.<\/li>\n<li><strong>Substitu\u010dn\u00ed logika:<\/strong> Prim\u00e1rn\u00ed schvalovatel nen\u00ed k dispozici? Automaticky p\u0159esm\u011brujte na ur\u010den\u00e9ho n\u00e1hradn\u00edka.<\/li>\n<\/ul>\n<p>Ka\u017ed\u00fd po\u017eadavek se hned napoprv\u00e9 dostane ke spr\u00e1vn\u00e9mu schvalovateli. \u017d\u00e1dn\u00e9 zmatky. \u017d\u00e1dn\u00e9 prodlevy p\u0159i kontrole, kdo m\u00e1 co schv\u00e1lit.<\/p>\n<p>A schvalovatel\u00e9? Ti dostanou kontext s ka\u017edou \u017e\u00e1dost\u00ed. Co se objedn\u00e1v\u00e1. Pro\u010d. Stav rozpo\u010dtu. Soulad se smlouvou. Zda se jedn\u00e1 o rutinn\u00ed z\u00e1le\u017eitost, nebo je t\u0159eba ji prov\u011b\u0159it. V p\u0159\u00edpad\u011b pot\u0159eby mohou rychle schv\u00e1lit.<\/p>\n\n\n<h4 class=\"wp-block-heading\">Navrhuje preferovan\u00e9 dodavatele<\/h4>\n\n\n<p>N\u011bkdo si vy\u017e\u00e1d\u00e1 kancel\u00e1\u0159sk\u00e9 pot\u0159eby. Kter\u00e9ho dodavatele byste m\u011bli pou\u017e\u00edt?<\/p>\n<p>Va\u0161e spole\u010dnost m\u00e1 t\u0159i smluvn\u00ed dodavatele kancel\u00e1\u0159sk\u00fdch pot\u0159eb. Ka\u017ed\u00fd z nich m\u00e1 jin\u00e9 ceny za r\u016fzn\u00e9 polo\u017eky. R\u016fzn\u00e9 dodac\u00ed lh\u016fty. R\u016fzn\u00e9 minim\u00e1ln\u00ed objedn\u00e1vky.<\/p>\n<p>Kupuj\u00edc\u00ed to v\u011bd\u00ed. Vyjedn\u00e1vaj\u00ed o smlouv\u00e1ch. Ale \u017eadatel\u00e9 to nev\u011bd\u00ed. A n\u00e1kup\u010d\u00ed necht\u011bj\u00ed ru\u010dn\u011b vyhled\u00e1vat, kter\u00fd dodavatel je pro ka\u017edou zak\u00e1zku nejlep\u0161\u00ed.<\/p>\n<p>Um\u011bl\u00e1 inteligence automaticky doporu\u010duje dodavatele:<\/p>\n<ul>\n<li><strong>Nejlep\u0161\u00ed ceny:<\/strong> Porovn\u00e1v\u00e1 smluvn\u00ed ceny po\u017eadovan\u00fdch polo\u017eek u r\u016fzn\u00fdch dodavatel\u016f.<\/li>\n<li><strong>Rychlost dod\u00e1n\u00ed:<\/strong> Faktory nal\u00e9havosti a dodac\u00ed lh\u016fty.<\/li>\n<li><strong>P\u0159\u00edle\u017eitost ke konsolidaci:<\/strong> Pokud existuj\u00ed dal\u0161\u00ed otev\u0159en\u00e9 objedn\u00e1vky, navrhn\u011bte jejich kombinaci, abyste splnili po\u017eadavky na minim\u00e1ln\u00ed objedn\u00e1vku.<\/li>\n<li><strong>Dodr\u017eov\u00e1n\u00ed smlouvy:<\/strong> Up\u0159ednost\u0148uje dodavatele, u nich\u017e je t\u0159eba splnit objemov\u00e9 z\u00e1vazky.<\/li>\n<li><strong>Dosavadn\u00ed v\u00fdkonnost:<\/strong> Zohled\u0148uje spolehlivost dod\u00e1vek a historii kvality.<\/li>\n<\/ul>\n<p>Objedn\u00e1vku obdr\u017e\u00ed dodavatel, kter\u00fd v\u00e1m nab\u00eddne nejlep\u0161\u00ed cenu. Ne n\u00e1hodn\u011b. Ne tomu, koho zadavatel n\u00e1hodou zn\u00e1. Tomu dodavateli, se kter\u00fdm byla uzav\u0159ena smlouva a kter\u00fd m\u00e1 pro danou zak\u00e1zku nejlep\u0161\u00ed podm\u00ednky.<\/p>\n<p>Zvy\u0161uje se dodr\u017eov\u00e1n\u00ed smluv. Va\u0161e vyjednan\u00e9 podm\u00ednky se skute\u010dn\u011b pou\u017e\u00edvaj\u00ed. Dodavatel\u00e9 pln\u00ed objemov\u00e9 z\u00e1vazky, proto\u017ee objedn\u00e1vky proud\u00ed tam, kam maj\u00ed.<\/p>\n\n\n<h4 class=\"wp-block-heading\">Ov\u011b\u0159uje platnost objedn\u00e1vek na z\u00e1klad\u011b smluv<\/h4>\n\n\n<p>Smlouvy jste sjedn\u00e1vali z n\u011bjak\u00e9ho d\u016fvodu. Lep\u0161\u00ed ceny. Dohodnut\u00e9 podm\u00ednky. Mno\u017estevn\u00ed slevy. Pokud v\u0161ak objedn\u00e1vky neodpov\u00eddaj\u00ed smluvn\u00edm podm\u00ednk\u00e1m, o v\u00fdhody p\u0159ijdete.<\/p>\n<p>UI ov\u011b\u0159uje platnost ka\u017ed\u00e9 objedn\u00e1vky podle smluvn\u00edch podm\u00ednek:<\/p>\n<ul>\n<li><strong>Ov\u011b\u0159en\u00ed ceny:<\/strong> Jedn\u00e1 se o smluvn\u00ed cenu? Pokud ne, ozna\u010dte ji a vysv\u011btlete odchylku.<\/li>\n<li><strong>Dodr\u017eov\u00e1n\u00ed term\u00edn\u016f:<\/strong> Objedn\u00e1v\u00e1me v r\u00e1mci dohodnut\u00e9ho minim\u00e1ln\u00edho\/maxim\u00e1ln\u00edho mno\u017estv\u00ed?<\/li>\n<li><strong>Ov\u011b\u0159en\u00ed slevy:<\/strong> Jsou uplat\u0148ov\u00e1ny smluvn\u00ed slevy? Jsou spr\u00e1vn\u011b vypo\u010dteny objemov\u00e9 p\u0159est\u00e1vky?<\/li>\n<li><strong>Shodn\u00fd v\u00fdrobek:<\/strong> Jedn\u00e1 se o smluvn\u00ed polo\u017eku nebo o podobnou n\u00e1hradu za jinou cenu?<\/li>\n<li><strong>Platebn\u00ed podm\u00ednky:<\/strong> Pou\u017e\u00edv\u00e1me vyjednan\u00e9 platebn\u00ed podm\u00ednky nebo jin\u00e9 podm\u00ednky?<\/li>\n<\/ul>\n<p>Pokud objedn\u00e1vka neodpov\u00edd\u00e1 smlouv\u011b, UI ji ozna\u010d\u00ed je\u0161t\u011b p\u0159ed odesl\u00e1n\u00edm PO.<\/p>\n<p>Mo\u017en\u00e1 je cena vy\u0161\u0161\u00ed, ne\u017e bylo dohodnuto. Mo\u017en\u00e1 dodavatel \"omylem\" odstranil slevu. Mo\u017en\u00e1 n\u011bkdo objedn\u00e1v\u00e1 nesmluvn\u00ed polo\u017eku, i kdy\u017e existuje smluvn\u00ed alternativa.<\/p>\n<p>Chyt\u00edte ji d\u0159\u00edve, ne\u017e za ni zaplat\u00edte. Ne p\u0159i odsouhlasov\u00e1n\u00ed faktur, kdy u\u017e je pozd\u011b.<\/p>\n<p>Nejde o ned\u016fv\u011bru k dodavatel\u016fm. Jde o to, aby se podm\u00ednky, kter\u00e9 jste vyjednali, skute\u010dn\u011b uplat\u0148ovaly na ka\u017edou objedn\u00e1vku.<\/p>\n\n\n<h4 class=\"wp-block-heading\">Proaktivn\u00ed sledov\u00e1n\u00ed stavu objedn\u00e1vky<\/h4>\n\n\n<p>Objedn\u00e1vky se odes\u00edlaj\u00ed. Pak za\u010dnou ot\u00e1zky. \"Kde je moje objedn\u00e1vka?\" \"Kdy doraz\u00ed?\" \"Potvrdil ji dodavatel?\"<\/p>\n<p>Kupuj\u00edc\u00ed se na tyto ot\u00e1zky ptaj\u00ed neust\u00e1le. Kontroluj\u00ed syst\u00e9my. Obvol\u00e1vaj\u00ed dodavatele. Pos\u00edlaj\u00ed e-maily. Aktualizace stavu jako pr\u00e1ce na pln\u00fd \u00favazek.<\/p>\n<p>AI automaticky sleduje stav objedn\u00e1vky:<\/p>\n<ul>\n<li><strong>Potvrzen\u00ed dodavatele:<\/strong> Potvrdil dodavatel objedn\u00e1vku? Akceptoval term\u00edn dod\u00e1n\u00ed? Ozna\u010dil n\u011bjak\u00e9 nesrovnalosti?<\/li>\n<li><strong>Sledov\u00e1n\u00ed v\u00fdroby\/odes\u00edl\u00e1n\u00ed:<\/strong> Prob\u00edh\u00e1 objedn\u00e1vka podle pl\u00e1nu? Byla odesl\u00e1na? Kde se nach\u00e1z\u00ed na cest\u011b?<\/li>\n<li><strong>Sledov\u00e1n\u00ed dod\u00e1vek:<\/strong> Bl\u00ed\u017e\u00ed se p\u0159edpokl\u00e1dan\u00e9 datum dod\u00e1n\u00ed. Dorazila? Byla p\u0159ijata do skladu?<\/li>\n<li><strong>Upozorn\u011bn\u00ed na v\u00fdjimky:<\/strong> Zpo\u017ed\u011bn\u00ed. Zp\u011btn\u00e9 objedn\u00e1vky. Probl\u00e9my s kvalitou ozna\u010den\u00e9 p\u0159i p\u0159\u00edjmu. Nesrovnalosti v mno\u017estv\u00ed.<\/li>\n<li><strong>Proaktivn\u00ed komunikace:<\/strong> Automaticky aktualizuje \u017eadatele. Eskaluje na kupuj\u00edc\u00ed pouze v p\u0159\u00edpad\u011b pot\u0159eby z\u00e1sahu.<\/li>\n<\/ul>\n<p>\u017dadatel\u00e9 dost\u00e1vaj\u00ed aktualizace stavu bez \u017e\u00e1dosti. Kupuj\u00edc\u00ed se zam\u011b\u0159uj\u00ed na v\u00fdjimky, nikoli na rutinn\u00ed kontroly stavu.<\/p>\n<p>Zpo\u017ed\u011bn\u00ed objedn\u00e1vky? Um\u011bl\u00e1 inteligence upozorn\u00ed zadavatele a kupuj\u00edc\u00edho d\u0159\u00edve, ne\u017e se n\u011bkdo zept\u00e1. Poskytuje kontext - pro\u010d se zpozdila, nov\u00e9 o\u010dek\u00e1van\u00e9 datum, zda existuj\u00ed alternativy.<\/p>\n<p>Probl\u00e9my se \u0159e\u0161\u00ed proaktivn\u011b. Neodhal\u00ed se, kdy\u017e se n\u011bkdo zept\u00e1: \"Hele, kde je ta objedn\u00e1vka, kterou jsem zadal p\u0159ed t\u0159emi t\u00fddny?\".<\/p>\n\n\n<hr class=\"wp-block-separator has-alpha-channel-opacity\"\/>\n\n\n\n<h3 class=\"wp-block-heading\">Co to pro v\u00e1s znamen\u00e1<\/h3>\n\n\n\n<h4 class=\"wp-block-heading\">Pro CPO a vedouc\u00ed pracovn\u00edky v oblasti n\u00e1kupu<\/h4>\n\n\n<p>Z\u00edsk\u00e1te kontrolu a p\u0159ehled nad cel\u00fdm procesem od n\u00e1kupu po objedn\u00e1vku.<\/p>\n<ul>\n<li><strong>Vy\u0161\u0161\u00ed dodr\u017eov\u00e1n\u00ed smluv:<\/strong> Objedn\u00e1vky sm\u011b\u0159uj\u00ed ke smluvn\u00edm dodavatel\u016fm. Vyu\u017e\u00edvaj\u00ed se vyjednan\u00e9 podm\u00ednky. Objemov\u00e9 z\u00e1vazky jsou pln\u011bny.<\/li>\n<li><strong>M\u00e9n\u011b rozma\u0159il\u00fdch v\u00fddaj\u016f:<\/strong> Pokud je schv\u00e1len\u00fd proces rychl\u00fd, lid\u00e9 ho vyu\u017e\u00edvaj\u00ed, m\u00edsto aby ho obch\u00e1zeli.<\/li>\n<li><strong>Rychlej\u0161\u00ed cykly zad\u00e1v\u00e1n\u00ed zak\u00e1zek:<\/strong> Standardn\u00ed objedn\u00e1vky jsou zpracov\u00e1ny b\u011bhem n\u011bkolika minut, nikoli dn\u016f. Rychlej\u0161\u00ed uspokojen\u00ed obchodn\u00edch pot\u0159eb.<\/li>\n<li><strong>Lep\u0161\u00ed p\u0159id\u011blov\u00e1n\u00ed zdroj\u016f:<\/strong> N\u00e1kup\u010d\u00ed pracuj\u00ed na slo\u017eit\u00fdch n\u00e1kupech a jedn\u00e1n\u00edch, nikoli na b\u011b\u017en\u00e9m zpracov\u00e1n\u00ed objedn\u00e1vek.<\/li>\n<li><strong>Viditelnost v\u00fddaj\u016f:<\/strong> V\u0161echny objedn\u00e1vky proch\u00e1zej\u00ed syst\u00e9mem. \u00dapln\u00fd p\u0159ehled o tom, co se nakupuje a od koho.<\/li>\n<\/ul>\n\n\n<h4 class=\"wp-block-heading\">Pro mana\u017eery n\u00e1kupu a n\u00e1kup\u010d\u00ed<\/h4>\n\n\n<p>P\u0159estanete b\u00fdt centrem pro zpracov\u00e1n\u00ed po\u017eadavk\u016f a stanete se strategickou funkc\u00ed.<\/p>\n<ul>\n<li><strong>P\u0159estat zpracov\u00e1vat rutinn\u00ed objedn\u00e1vky:<\/strong> Standardn\u00ed po\u017eadavky proud\u00ed automaticky. Vy\u0159izujete pouze to, co vy\u017eaduje odbornost.<\/li>\n<li><strong>Zam\u011b\u0159te se na komplexn\u00ed n\u00e1kupy:<\/strong> \u010cas na vyjedn\u00e1v\u00e1n\u00ed. \u0158\u00edzen\u00ed vztah\u016f s dodavateli. Strategick\u00e9 z\u00e1sobov\u00e1n\u00ed.<\/li>\n<li><strong>Lep\u0161\u00ed vyu\u017eit\u00ed smlouvy:<\/strong> Objedn\u00e1vky se automaticky zas\u00edlaj\u00ed spr\u00e1vn\u00fdm dodavatel\u016fm za spr\u00e1vn\u00fdch podm\u00ednek.<\/li>\n<li><strong>M\u00e9n\u011b kontroly stavu:<\/strong> Rutinn\u00ed ot\u00e1zky \u0159e\u0161\u00ed automatizovan\u00e9 sledov\u00e1n\u00ed. Vy se zam\u011b\u0159te na v\u00fdjimky.<\/li>\n<li><strong>Jasn\u00e1 pracovn\u00ed z\u00e1t\u011b\u017e:<\/strong> Zjist\u011bte, \u010demu je t\u0159eba v\u011bnovat pozornost. Co je rutinn\u00ed, je vy\u0159\u00edzeno automaticky.<\/li>\n<\/ul>\n\n\n<h4 class=\"wp-block-heading\">Pro \u017eadatele a podnikov\u00e9 u\u017eivatele<\/h4>\n\n\n<p>Z\u00edsk\u00e1te to, co pot\u0159ebujete, rychleji a s men\u0161\u00edmi probl\u00e9my.<\/p>\n<ul>\n<li><strong>Rychlej\u0161\u00ed objedn\u00e1vky:<\/strong> Standardn\u00ed po\u017eadavky jsou schv\u00e1leny a objedn\u00e1ny b\u011bhem n\u011bkolika minut. U\u017e \u017e\u00e1dn\u00e9 dny \u010dek\u00e1n\u00ed na b\u011b\u017en\u00e9 polo\u017eky.<\/li>\n<li><strong>Stav vy\u010di\u0161t\u011bn\u00ed:<\/strong> V\u00edte, kde je va\u0161e objedn\u00e1vka, ani\u017e byste se museli pt\u00e1t. Proaktivn\u00ed informace o doru\u010den\u00ed.<\/li>\n<li><strong>Snadn\u00fd postup:<\/strong> Jasn\u00e9 pokyny k tomu, co je pot\u0159eba. Okam\u017eit\u00e1 zp\u011btn\u00e1 vazba, pokud je n\u011bco \u0161patn\u011b.<\/li>\n<li><strong>Lep\u0161\u00ed slu\u017eby:<\/strong> Automaticky navr\u017een\u00ed preferovan\u00ed dodavatel\u00e9. Nejlep\u0161\u00ed dodac\u00ed lh\u016fty a podm\u00ednky.<\/li>\n<li><strong>U\u017e \u017e\u00e1dn\u00e9 obch\u00e1zen\u00ed:<\/strong> Schv\u00e1len\u00fd proces je dostate\u010dn\u011b rychl\u00fd, abyste ho nemuseli obch\u00e1zet.<\/li>\n<\/ul>\n\n\n<hr class=\"wp-block-separator has-alpha-channel-opacity\"\/>\n\n\n\n<h3 class=\"wp-block-heading\">Co AI neud\u011bl\u00e1<\/h3>\n\n\n<p>Ujasn\u011bme si, co to nen\u00ed.<\/p>\n<p>AI n\u00e1kupy neschvaluje. Schvaluj\u00ed je lid\u00e9. Um\u011bl\u00e1 inteligence pouze p\u0159esm\u011bruje po\u017eadavky na spr\u00e1vn\u00e9ho schvalovatele se spr\u00e1vn\u00fdmi informacemi.<\/p>\n<p>Um\u011bl\u00e1 inteligence nenahrazuje \u00fasudek kupuj\u00edc\u00edho p\u0159i slo\u017eit\u00fdch n\u00e1kupech. Nov\u00ed dodavatel\u00e9. Nestandardn\u00ed polo\u017eky. Kapit\u00e1lov\u00e9 vybaven\u00ed. Strategick\u00e9 n\u00e1kupy. Ty pot\u0159ebuj\u00ed lidsk\u00e9 znalosti.<\/p>\n<p>Um\u011bl\u00e1 inteligence neodstra\u0148uje ve\u0161kerou manu\u00e1ln\u00ed pr\u00e1ci. N\u011bkter\u00e9 po\u017eadavky jsou slo\u017eit\u00e9. N\u011bkter\u00e9 objedn\u00e1vky vy\u017eaduj\u00ed speci\u00e1ln\u00ed zach\u00e1zen\u00ed. N\u011bkter\u00e9 situace vy\u017eaduj\u00ed lidsk\u00fd \u00fasudek o riziku, kvalit\u011b nebo v\u00fdb\u011bru dodavatele.<\/p>\n<p>Um\u011bl\u00e1 inteligence se star\u00e1 o rutinu. Standardn\u00ed p\u0159\u00edkazy, kter\u00e9 se \u0159\u00edd\u00ed vzory. 80% objedn\u00e1vek, kter\u00e9 nepot\u0159ebuj\u00ed lidskou odbornost, ale historicky ji stejn\u011b dostaly, proto\u017ee proces vy\u017eadoval ru\u010dn\u00ed zpracov\u00e1n\u00ed.<\/p>\n<p>Va\u0161i kupuj\u00edc\u00ed se st\u00e1le rozhoduj\u00ed. Jen se rozhoduj\u00ed o v\u011bcech, kter\u00e9 skute\u010dn\u011b pot\u0159ebuj\u00ed jejich odborn\u00e9 znalosti.<\/p>\n\n\n<hr class=\"wp-block-separator has-alpha-channel-opacity\"\/>\n\n\n\n<h3 class=\"wp-block-heading\">Re\u00e1ln\u00e9 v\u00fdsledky z um\u011bl\u00e9 inteligence pro zad\u00e1v\u00e1n\u00ed a objedn\u00e1v\u00e1n\u00ed zak\u00e1zek<\/h3>\n\n\n<p>Jak to vypad\u00e1 v praxi:<\/p>\n\n<p><strong>70-80% automaticky zpracovan\u00fdch po\u017eadavk\u016f:<\/strong> Standardn\u00ed objedn\u00e1vky prob\u00edhaj\u00ed bez z\u00e1sahu kupuj\u00edc\u00edho. Kupuj\u00edc\u00ed se zam\u011b\u0159uj\u00ed na 20-30%, kter\u00e9 pot\u0159ebuj\u00ed odborn\u00e9 znalosti.<\/p>\n\n<p><strong>Zkr\u00e1cen\u00ed doby schvalovac\u00edho cyklu o 50-70%:<\/strong> Po\u017eadavky se okam\u017eit\u011b dostanou ke spr\u00e1vn\u00e9mu schvalovateli. \u017d\u00e1dn\u00e9 zmatky, \u017e\u00e1dn\u00e9 zpo\u017ed\u011bn\u00ed, \u017e\u00e1dn\u00e9 p\u0159epos\u00edl\u00e1n\u00ed.<\/p>\n\n<p><strong>Zv\u00fd\u0161en\u00ed souladu se smlouvou 15-30%:<\/strong> Objedn\u00e1vky automaticky plynou smluvn\u00edm dodavatel\u016fm za smluvn\u00edch podm\u00ednek. Maverick v\u00fddaje klesaj\u00ed.<\/p>\n\n<p><strong>Uvoln\u011bn\u00ed kapacity kupuj\u00edc\u00edch:<\/strong> Hodiny denn\u011b z\u00edskan\u00e9 z b\u011b\u017en\u00e9ho zpracov\u00e1n\u00ed objedn\u00e1vek. P\u0159esun \u010dasu na strategick\u00e9 vyhled\u00e1v\u00e1n\u00ed a vyjedn\u00e1v\u00e1n\u00ed.<\/p>\n\n<p><strong>Lep\u0161\u00ed u\u017eivatelsk\u00e1 zku\u0161enost:<\/strong> Dostate\u010dn\u011b rychle na to, aby lid\u00e9 pou\u017e\u00edvali syst\u00e9m a nehledali obch\u00e1zen\u00ed. Vy\u0161\u0161\u00ed m\u00edra p\u0159ijet\u00ed znamen\u00e1 lep\u0161\u00ed p\u0159ehled o v\u00fddaj\u00edch.<\/p>\n\n<p>Nejde o sni\u017eov\u00e1n\u00ed po\u010dtu zam\u011bstnanc\u016f v oblasti ve\u0159ejn\u00fdch zak\u00e1zek. Jde o to, aby ve\u0159ejn\u00e9 zak\u00e1zky mohly se stejn\u00fdmi zdroji vykon\u00e1vat v\u00edce strategick\u00e9 pr\u00e1ce.<\/p>\n\n\n<hr class=\"wp-block-separator has-alpha-channel-opacity\"\/>\n\n\n\n<h3 class=\"wp-block-heading\">Jste p\u0159ipraveni urychlit proces od n\u00e1kupu k objedn\u00e1vce?<\/h3>\n\n\n<p>Ka\u017ed\u00e1 spole\u010dnost m\u00e1 jin\u00fd proces zad\u00e1v\u00e1n\u00ed a objedn\u00e1v\u00e1n\u00ed. Va\u0161e schvalovac\u00ed pracovn\u00ed postupy odr\u00e1\u017eej\u00ed va\u0161i organiza\u010dn\u00ed strukturu. Va\u0161e dodavatelsk\u00e1 z\u00e1kladna m\u00e1 jedine\u010dn\u00e9 vlastnosti. Va\u0161e kategorie maj\u00ed r\u016fzn\u00e9 po\u017eadavky.<\/p>\n<p>Neprod\u00e1v\u00e1me obecnou automatizaci n\u00e1kupu. Zab\u00fdv\u00e1me se va\u0161\u00edm konkr\u00e9tn\u00edm procesem od po\u017eadavku k objedn\u00e1vce. Zjist\u00edme, kter\u00e9 zak\u00e1zky lze automatizovat a kter\u00e9 pot\u0159ebuj\u00ed lidsk\u00e9 znalosti. Vytv\u00e1\u0159\u00edme syst\u00e9my, kter\u00e9 odpov\u00eddaj\u00ed tomu, jak va\u0161e organizace skute\u010dn\u011b funguje.<\/p>\n<p>Neslibujeme, \u017ee v\u0161e bude automatizovan\u00e9. Jen praktick\u00e1 um\u011bl\u00e1 inteligence, kter\u00e1 se postar\u00e1 o rutinn\u00ed zak\u00e1zky, aby se va\u0161i n\u00e1kup\u010d\u00ed mohli soust\u0159edit na strategick\u00e9 n\u00e1kupy.<\/p>\n\n<p><a href=\"https:\/\/www.leaplytics.de\/cs\/kontakt\/\">Poj\u010fme si promluvit o va\u0161em procesu zad\u00e1v\u00e1n\u00ed po\u017eadavk\u016f<\/a><\/p>\n\n<p><a href=\"https:\/\/www.leaplytics.de\/cs\/zadavani-verejnych-zakazek-ai\/\">Zp\u011bt na Sourcing &amp; Procurement AI<\/a><\/p>","protected":false},"excerpt":{"rendered":"<p>AI for Purchase Requisition &#038; Ordering: Speed Up the Buying Process Purchase requisitions and ordering should be simple. Someone needs something. They request it. It gets approved. The order goes out. Done. But it&#8217;s not simple. Requisitions sit in inboxes waiting for approval. Buyers manually process routine orders. People don&#8217;t know which supplier to use. &hellip; <\/p>","protected":false},"author":2,"featured_media":0,"parent":0,"menu_order":0,"comment_status":"closed","ping_status":"closed","template":"","meta":{"footnotes":""},"class_list":["post-14511","page","type-page","status-publish","hentry","latest_post"],"_links":{"self":[{"href":"https:\/\/www.leaplytics.de\/cs\/wp-json\/wp\/v2\/pages\/14511","targetHints":{"allow":["GET"]}}],"collection":[{"href":"https:\/\/www.leaplytics.de\/cs\/wp-json\/wp\/v2\/pages"}],"about":[{"href":"https:\/\/www.leaplytics.de\/cs\/wp-json\/wp\/v2\/types\/page"}],"author":[{"embeddable":true,"href":"https:\/\/www.leaplytics.de\/cs\/wp-json\/wp\/v2\/users\/2"}],"replies":[{"embeddable":true,"href":"https:\/\/www.leaplytics.de\/cs\/wp-json\/wp\/v2\/comments?post=14511"}],"version-history":[{"count":1,"href":"https:\/\/www.leaplytics.de\/cs\/wp-json\/wp\/v2\/pages\/14511\/revisions"}],"predecessor-version":[{"id":14518,"href":"https:\/\/www.leaplytics.de\/cs\/wp-json\/wp\/v2\/pages\/14511\/revisions\/14518"}],"wp:attachment":[{"href":"https:\/\/www.leaplytics.de\/cs\/wp-json\/wp\/v2\/media?parent=14511"}],"curies":[{"name":"wp","href":"https:\/\/api.w.org\/{rel}","templated":true}]}}