{"id":14513,"date":"2025-12-19T02:02:54","date_gmt":"2025-12-19T01:02:54","guid":{"rendered":"https:\/\/www.leaplytics.de\/?page_id=14513"},"modified":"2025-12-19T02:02:55","modified_gmt":"2025-12-19T01:02:55","slug":"hodnoceni-dodavatelu-ai","status":"publish","type":"page","link":"https:\/\/www.leaplytics.de\/cs\/hodnoceni-dodavatelu-ai\/","title":{"rendered":"Vyhled\u00e1v\u00e1n\u00ed a hodnocen\u00ed dodavatel\u016f AI"},"content":{"rendered":"<h2>AI pro vyhled\u00e1v\u00e1n\u00ed a hodnocen\u00ed dodavatel\u016f: Rychlej\u0161\u00ed nalezen\u00ed lep\u0161\u00edch dodavatel\u016f<\/h2>\n\n<p>Nalezen\u00ed spr\u00e1vn\u00e9ho dodavatele je jedn\u00edm z nejd\u016fle\u017eit\u011bj\u0161\u00edch rozhodnut\u00ed p\u0159i zad\u00e1v\u00e1n\u00ed ve\u0159ejn\u00fdch zak\u00e1zek. Pokud ho vyberete spr\u00e1vn\u011b, z\u00edsk\u00e1te kvalitn\u00ed v\u00fdrobky, spolehliv\u00e9 dod\u00e1vky a konkurenceschopn\u00e9 ceny. Pokud ho vyberete \u0161patn\u011b, budete se pot\u00fdkat se zpo\u017ed\u011bn\u00edm, probl\u00e9my s kvalitou a p\u0159ekro\u010den\u00edm rozpo\u010dtu.<\/p>\n<p>Vyhled\u00e1n\u00ed a vyhodnocen\u00ed dodavatel\u016f v\u0161ak vy\u017eaduje \u010das. V re\u00e1ln\u00e9m \u010dase. V\u00fdzkum. Telefon\u00e1ty. Porovn\u00e1v\u00e1n\u00ed nab\u00eddek. Posouzen\u00ed rizik. Prov\u011b\u0159ov\u00e1n\u00ed z\u00e1zem\u00ed. U ka\u017ed\u00e9ho jednotliv\u00e9ho dodavatele.<\/p>\n<p>A v\u011bt\u0161ina n\u00e1kupn\u00edch t\u00fdm\u016f? Z\u016fst\u00e1vaj\u00ed u stejn\u00fdch dodavatel\u016f, proto\u017ee hled\u00e1n\u00ed nov\u00fdch je p\u0159\u00edli\u0161 pracn\u00e9. A to i v p\u0159\u00edpad\u011b, \u017ee tito dodavatel\u00e9 nep\u0159in\u00e1\u0161ej\u00ed nejlep\u0161\u00ed hodnotu.<\/p>\n<p>Um\u011bl\u00e1 inteligence to m\u011bn\u00ed. Vyhled\u00e1v\u00e1, vyhodnocuje a porovn\u00e1v\u00e1 dodavatele rychleji, ne\u017e by to dok\u00e1zal jak\u00fdkoli t\u00fdm ru\u010dn\u011b. Neunavuje se. Neomezuje se v ni\u010dem. Objektivn\u011b analyzuje ka\u017edou mo\u017enost.<\/p>\n\n\n<hr class=\"wp-block-separator has-alpha-channel-opacity\"\/>\n\n\n\n<h3 class=\"wp-block-heading\">Probl\u00e9m s vyhled\u00e1v\u00e1n\u00edm dodavatel\u016f v sou\u010dasnosti<\/h3>\n\n\n<p>Takto vypad\u00e1 zji\u0161\u0165ov\u00e1n\u00ed dodavatel\u016f u v\u011bt\u0161iny n\u00e1kupn\u00edch t\u00fdm\u016f:<\/p>\n<p>N\u011bkdo pot\u0159ebuje nov\u00e9ho dodavatele. Mo\u017en\u00e1 ten sou\u010dasn\u00fd zv\u00fd\u0161il ceny. Mo\u017en\u00e1 se sn\u00ed\u017eila kvalita. Mo\u017en\u00e1 zav\u00e1d\u00edte n\u011bco nov\u00e9ho.<\/p>\n<p>Kupuj\u00edc\u00ed tedy za\u010d\u00edn\u00e1 s pr\u016fzkumem. Vyhled\u00e1v\u00e1 na Googlu. Oborov\u00e9 katalogy. Veletrhy. Doporu\u010den\u00ed od koleg\u016f. Hodiny str\u00e1ven\u00e9 hled\u00e1n\u00edm potenci\u00e1ln\u00edch mo\u017enost\u00ed.<\/p>\n<p>Pot\u00e9 n\u00e1sleduje hodnocen\u00ed. Finan\u010dn\u00ed kontroly. Posouzen\u00ed schopnost\u00ed. Referen\u010dn\u00ed hovory. Porovn\u00e1n\u00ed nab\u00eddek, kter\u00e9 nejsou strukturov\u00e1ny stejn\u011b. Snaha posoudit riziko bez \u00fapln\u00fdch informac\u00ed.<\/p>\n<p>Trv\u00e1 to t\u00fddny. U kritick\u00fdch dodavatel\u016f n\u011bkdy i m\u011bs\u00edce. A nakonec? Mo\u017en\u00e1 v\u00e1m st\u00e1le unik\u00e1 ta nejlep\u0161\u00ed mo\u017enost, proto\u017ee jste nev\u011bd\u011bli, \u017ee existuje.<\/p>\n<p>Nebo je\u0161t\u011b h\u016f\u0159 - najdete dodavatele, kter\u00fd na pap\u00ed\u0159e vypad\u00e1 dob\u0159e, ale o p\u016fl roku pozd\u011bji zp\u016fsobuje probl\u00e9my, kter\u00e9 jste m\u011bli zachytit p\u0159i hodnocen\u00ed.<\/p>\n\n\n<hr class=\"wp-block-separator has-alpha-channel-opacity\"\/>\n\n\n\n<h3 class=\"wp-block-heading\">Co d\u011bl\u00e1 um\u011bl\u00e1 inteligence pro vyhled\u00e1v\u00e1n\u00ed a hodnocen\u00ed dodavatel\u016f<\/h3>\n\n\n<p>Um\u011bl\u00e1 inteligence nejen zrychluje vyhled\u00e1v\u00e1n\u00ed dodavatel\u016f. D\u011bl\u00e1 ho lep\u0161\u00edm. D\u016fkladn\u011bj\u0161\u00ed. Objektivn\u011bj\u0161\u00ed. Zde je n\u00e1vod, jak na to.<\/p>\n\n\n<h4 class=\"wp-block-heading\">Automaticky identifikuje potenci\u00e1ln\u00ed dodavatele<\/h4>\n\n\n<p>\u0158ekn\u011bte um\u011bl\u00e9 inteligenci, co pot\u0159ebujete. Specifikace produktu. Po\u017eadavky na slu\u017eby. Geografick\u00e9 preference. Objem. Certifikace.<\/p>\n<p>Hled\u00e1 v\u0161ude. Ve\u0159ejn\u00e9 datab\u00e1ze. Odv\u011btvov\u00e9 seznamy. Obchodn\u00ed rejst\u0159\u00edky. Obchodn\u00ed publikace. Dokonce analyzuje, kte\u0159\u00ed dodavatel\u00e9 slou\u017e\u00ed va\u0161im konkurent\u016fm.<\/p>\n<p>Nenajde jen z\u0159ejm\u00e1 jm\u00e9na, kter\u00e1 zn\u00e1 ka\u017ed\u00fd. Objevuje i men\u0161\u00ed dodavatele, kter\u00e9 byste ru\u010dn\u011b nikdy nena\u0161li. Region\u00e1ln\u00ed hr\u00e1\u010de s lep\u0161\u00edmi cenami. Specialisty s jedine\u010dn\u00fdmi schopnostmi.<\/p>\n<p>Kompletn\u00ed seznam z\u00edsk\u00e1te b\u011bhem n\u011bkolika minut. Ne t\u0159i dodavatel\u00e9, kter\u00e9 n\u011bkdo n\u00e1hodou zn\u00e1. Ka\u017edou re\u00e1lnou mo\u017enost.<\/p>\n\n\n<h4 class=\"wp-block-heading\">Komplexn\u00ed posouzen\u00ed rizik dodavatele<\/h4>\n\n\n<p>UI shroma\u017e\u010fuje informace o rizic\u00edch z v\u00edce zdroj\u016f:<\/p>\n<ul>\n<li><strong>Finan\u010dn\u00ed stabilita:<\/strong> Finan\u010dn\u00ed \u00fadaje spole\u010dnosti. \u00dav\u011brov\u00e9 hodnocen\u00ed. Platebn\u00ed historie. Ukazatele pen\u011b\u017en\u00edch tok\u016f.<\/li>\n<li><strong>Historie dodr\u017eov\u00e1n\u00ed p\u0159edpis\u016f:<\/strong> Poru\u0161en\u00ed pr\u00e1vn\u00edch p\u0159edpis\u016f. Pr\u00e1vn\u00ed probl\u00e9my. Sankce v odv\u011btv\u00ed. Certifikace kvality.<\/li>\n<li><strong>Reputa\u010dn\u00ed sign\u00e1ly:<\/strong> Zm\u00ednky ve zpr\u00e1v\u00e1ch. Hodnocen\u00ed z\u00e1kazn\u00edk\u016f. Hodnocen\u00ed v odv\u011btv\u00ed. N\u00e1lady v soci\u00e1ln\u00edch m\u00e9di\u00edch.<\/li>\n<li><strong>Provozn\u00ed kapacita:<\/strong> V\u00fdrobn\u00ed kapacita. Seznam klient\u016f. Geografick\u00e1 p\u016fsobnost. Technologick\u00e1 infrastruktura.<\/li>\n<li><strong>Riziko dodavatelsk\u00e9ho \u0159et\u011bzce:<\/strong> Z\u00e1vislost na jednotliv\u00fdch zdroj\u00edch. Geografick\u00e1 koncentrace. Geopolitick\u00e1 expozice.<\/li>\n<\/ul>\n<p>Neshroma\u017e\u010fuje pouze data. Analyzuje je. Vyhled\u00e1v\u00e1 \u010derven\u00e9 vlajky. Vyhodnocuje \u00farove\u0148 rizika. Ukazuje, co je d\u016fle\u017eit\u00e9.<\/p>\n<p>Dodavatel vypad\u00e1 skv\u011ble, ale m\u00e1 t\u0159i \u017ealoby od z\u00e1kazn\u00edk\u016f? Um\u011bl\u00e1 inteligence ho ozna\u010d\u00ed. Mal\u00e1 spole\u010dnost se solidn\u00edmi finan\u010dn\u00edmi v\u00fdsledky, ale z\u00e1visl\u00e1 na jedin\u00e9m z\u00e1kazn\u00edkovi? Dozv\u00edte se to, ne\u017e se zav\u00e1\u017eete.<\/p>\n\n\n<h4 class=\"wp-block-heading\">Hodnocen\u00ed kvalifikace dodavatele podle va\u0161ich krit\u00e9ri\u00ed<\/h4>\n\n\n<p>Ka\u017ed\u00e1 spole\u010dnost m\u00e1 jin\u00e9 po\u017eadavky na dodavatele. N\u011bkter\u00e9 d\u00e1vaj\u00ed p\u0159ednost certifikac\u00edm. N\u011bkter\u00e9 pot\u0159ebuj\u00ed specifick\u00e9 schopnosti. N\u011bkter\u00e9 vy\u017eaduj\u00ed geografickou bl\u00edzkost.<\/p>\n<p>Sv\u00e1 krit\u00e9ria si ur\u010d\u00edte sami. Um\u011bl\u00e1 inteligence podle nich vyhodnot\u00ed ka\u017ed\u00e9ho dodavatele:<\/p>\n<ul>\n<li>Maj\u00ed spr\u00e1vn\u00e1 osv\u011bd\u010den\u00ed? (ISO, oborov\u00e9 normy, normy kvality)<\/li>\n<li>Zvl\u00e1dnou v\u00e1\u0161 objem? (V\u00fdrobn\u00ed kapacita, \u0161k\u00e1lovatelnost, dodac\u00ed lh\u016fty)<\/li>\n<li>Maj\u00ed relevantn\u00ed zku\u0161enosti? (Podobn\u00e9 produkty, znalosti v oboru, reference klient\u016f)<\/li>\n<li>Jsou finan\u010dn\u011b stabiln\u00ed? (P\u0159\u00edjmy, ziskovost, \u00fav\u011brov\u00fd rating)<\/li>\n<li>Spl\u0148uj\u00ed technick\u00e9 po\u017eadavky? (vybaven\u00ed, procesy, technologie)<\/li>\n<\/ul>\n<p>Ka\u017ed\u00fd dodavatel je hodnocen. Hodnocen\u00ed. Porovn\u00e1v\u00e1 se. Zjist\u00edte, kdo skute\u010dn\u011b spl\u0148uje va\u0161e pot\u0159eby, ne kdo m\u00e1 nejlep\u0161\u00ed obchodn\u00ed nab\u00eddku.<\/p>\n<p>A kdy\u017e se va\u0161e krit\u00e9ria zm\u011bn\u00ed? Jednou aktualizujte sk\u00f3rovac\u00ed model. Ka\u017ed\u00fd dodavatel bude okam\u017eit\u011b p\u0159ehodnocen.<\/p>\n\n\n<h4 class=\"wp-block-heading\">Inteligentn\u011b porovn\u00e1v\u00e1 cit\u00e1ty<\/h4>\n\n\n<p>T\u0159i dodavatel\u00e9 zas\u00edlaj\u00ed nab\u00eddky. V\u0161echny vypadaj\u00ed jinak. R\u016fzn\u00e9 polo\u017eky. R\u016fzn\u00e9 podm\u00ednky. R\u016fzn\u00e9 struktury slev. Porovn\u00e1vat je ru\u010dn\u011b znamen\u00e1 vytv\u00e1\u0159et tabulky a doufat, \u017ee jste nic nevynechali.<\/p>\n<p>UI standardizuje porovn\u00e1v\u00e1n\u00ed nab\u00eddek:<\/p>\n<ul>\n<li><strong>Anal\u00fdza celkov\u00fdch n\u00e1klad\u016f:<\/strong> Nejen jednotkov\u00e1 cena. Doprava. Minim\u00e1ln\u00ed po\u010det objedn\u00e1vek. Platebn\u00ed podm\u00ednky. Skryt\u00e9 poplatky. Skute\u010dn\u00e9 celkov\u00e9 n\u00e1klady.<\/li>\n<li><strong>Normalizace term\u00edn\u016f:<\/strong> P\u0159ev\u00e1d\u00ed r\u016fzn\u00e9 struktury cenov\u00fdch nab\u00eddek na srovnateln\u00e9. Vid\u00ed p\u0159es cenov\u00e9 hry.<\/li>\n<li><strong>Ukazatele kvality:<\/strong> Faktory z\u00e1ru\u010dn\u00edch podm\u00ednek. Certifikace kvality. M\u00edra z\u00e1vad z minul\u00fdch zak\u00e1zek. Pravidla pro vracen\u00ed zbo\u017e\u00ed.<\/li>\n<li><strong>Rozd\u00edly v \u00farovni slu\u017eeb:<\/strong> Rychlost dod\u00e1n\u00ed. Flexibilita objedn\u00e1vek. Z\u00e1kaznick\u00e1 podpora. Technick\u00e1 pomoc. Ne v\u0161echno je o cen\u011b.<\/li>\n<li><strong>Smluvn\u00ed podm\u00ednky:<\/strong> Platebn\u00ed podm\u00ednky. Objemov\u00e9 z\u00e1vazky. Dolo\u017eky o \u00faprav\u011b ceny. Podm\u00ednky ukon\u010den\u00ed smlouvy.<\/li>\n<\/ul>\n<p>Um\u011bl\u00e1 inteligence v\u00e1m uk\u00e1\u017ee, kter\u00e1 nab\u00eddka je ve skute\u010dnosti lep\u0161\u00ed. Nejen levn\u011bj\u0161\u00ed, ale i v\u00fdhodn\u011bj\u0161\u00ed.<\/p>\n<p>N\u011bkdy je nejni\u017e\u0161\u00ed cena dra\u017e\u0161\u00ed, kdy\u017e zohledn\u00edte probl\u00e9my s kvalitou, pomal\u00e9 dod\u00e1n\u00ed nebo nepru\u017en\u00e9 podm\u00ednky. Um\u011bl\u00e1 inteligence to spo\u010d\u00edt\u00e1.<\/p>\n\n\n<h4 class=\"wp-block-heading\">Pr\u016fb\u011b\u017en\u011b sleduje zpravodajstv\u00ed o trhu<\/h4>\n\n\n<p>Hodnocen\u00ed dodavatele nen\u00ed jednor\u00e1zov\u00e1 akce. Trhy se m\u011bn\u00ed. Ceny kol\u00edsaj\u00ed. Podm\u00ednky dod\u00e1vek se m\u011bn\u00ed. Na trh vstupuj\u00ed nov\u00ed dodavatel\u00e9.<\/p>\n<p>Um\u011bl\u00e1 inteligence monitoruje nep\u0159etr\u017eit\u011b:<\/p>\n<ul>\n<li><strong>Cenov\u00e9 trendy:<\/strong> Plat\u00edte vy\u0161\u0161\u00ed ne\u017e tr\u017en\u00ed cenu? Rostou nebo klesaj\u00ed ceny? Kdy byste m\u011bli znovu vyjedn\u00e1vat?<\/li>\n<li><strong>Podm\u00ednky z\u00e1sobov\u00e1n\u00ed:<\/strong> Nedostatek materi\u00e1lu. Kapacitn\u00ed omezen\u00ed. Zm\u011bny dodac\u00edch lh\u016ft. Ukazatele dodavatelsk\u00fdch rizik.<\/li>\n<li><strong>Zm\u011bny v odv\u011btv\u00ed:<\/strong> Nov\u00e9 technologie. Zm\u011bny v pr\u00e1vn\u00edch p\u0159edpisech. Konsolidace trhu. F\u00faze nebo uzav\u0159en\u00ed dodavatel\u016f.<\/li>\n<li><strong>Konkuren\u010dn\u00ed zpravodajstv\u00ed:<\/strong> Kolik plat\u00ed podobn\u00e9 spole\u010dnosti? Kter\u00e9 dodavatele pou\u017e\u00edvaj\u00ed? Posuny v postaven\u00ed na trhu.<\/li>\n<li><strong>Alternativn\u00ed zdroje:<\/strong> Vstup nov\u00fdch dodavatel\u016f na trh. Geografick\u00e9 zm\u011bny ve v\u00fdrob\u011b. N\u00e1hradn\u00ed materi\u00e1ly nebo v\u00fdrobky.<\/li>\n<\/ul>\n<p>Podm\u00ednky na trhu nemus\u00edte zji\u0161\u0165ovat ru\u010dn\u011b. Um\u011bl\u00e1 inteligence v\u00e1m p\u0159in\u00e1\u0161\u00ed informace, kdy\u017e je to d\u016fle\u017eit\u00e9.<\/p>\n<p>Do va\u0161\u00ed kategorie pr\u00e1v\u011b vstoupil nov\u00fd dodavatel s lep\u0161\u00ed technologi\u00ed? Um\u011bl\u00e1 inteligence v\u00e1m to \u0159ekne. Ceny surovin klesaj\u00ed, ale v\u00e1\u0161 dodavatel se nep\u0159izp\u016fsobil? Dozv\u00edte se to p\u0159ed dal\u0161\u00edm jedn\u00e1n\u00edm.<\/p>\n\n\n<hr class=\"wp-block-separator has-alpha-channel-opacity\"\/>\n\n\n\n<h3 class=\"wp-block-heading\">Co to pro v\u00e1s znamen\u00e1<\/h3>\n\n\n\n<h4 class=\"wp-block-heading\">Pro CPO a vedouc\u00ed pracovn\u00edky v oblasti n\u00e1kupu<\/h4>\n\n\n<p>Z\u00edsk\u00e1te schopnost strategick\u00e9ho z\u00edsk\u00e1v\u00e1n\u00ed zdroj\u016f, ani\u017e byste museli roz\u0161i\u0159ovat sv\u016fj t\u00fdm.<\/p>\n<ul>\n<li><strong>Lep\u0161\u00ed v\u00fdb\u011br dodavatel\u016f:<\/strong> Dal\u0161\u00ed vyhodnocen\u00e9 mo\u017enosti. Objektivn\u00ed hodnocen\u00ed. Rozhodnut\u00ed zalo\u017een\u00e1 na d\u016fkazech.<\/li>\n<li><strong>Ni\u017e\u0161\u00ed riziko:<\/strong> V\u010dasn\u00e9 varov\u00e1n\u00ed p\u0159ed probl\u00e9my s dodavateli. Komplexn\u00ed posouzen\u00ed rizik p\u0159edt\u00edm, ne\u017e se zav\u00e1\u017eete.<\/li>\n<li><strong>Konkurenceschopn\u011bj\u0161\u00ed ceny:<\/strong> Zpravodajstv\u00ed o trhu pro vyjedn\u00e1v\u00e1n\u00ed. P\u0159ehled o cenov\u00fdch trendech a alternativ\u00e1ch.<\/li>\n<li><strong>Strategick\u00e9 zam\u011b\u0159en\u00ed:<\/strong> V\u00e1\u0161 t\u00fdm vyjedn\u00e1v\u00e1 a buduje vztahy nam\u00edsto vyhled\u00e1v\u00e1n\u00ed dodavatel\u016f.<\/li>\n<li><strong>Zrychlen\u00ed cykl\u016f z\u00edsk\u00e1v\u00e1n\u00ed zdroj\u016f:<\/strong> T\u00fddny v\u00fdzkumu zhu\u0161t\u011bn\u00e9 do n\u011bkolika dn\u016f. Rychlej\u0161\u00ed reakce na obchodn\u00ed pot\u0159eby.<\/li>\n<\/ul>\n\n\n<h4 class=\"wp-block-heading\">Pro mana\u017eery n\u00e1kupu a n\u00e1kup\u010d\u00ed<\/h4>\n\n\n<p>\u010cas v\u011bnujete vyjedn\u00e1v\u00e1n\u00ed a vztah\u016fm, nikoli v\u00fdzkumu.<\/p>\n<ul>\n<li><strong>Komplexn\u00ed mo\u017enosti dodavatele:<\/strong> Prohl\u00e9dn\u011bte si v\u0161echny mo\u017en\u00e9 dodavatele, nejen ty, kter\u00e9 ji\u017e zn\u00e1te.<\/li>\n<li><strong>D\u016fv\u011bra ve v\u00fdb\u011br dodavatele:<\/strong> Doporu\u010den\u00ed podlo\u017een\u00e1 daty. D\u016fkazy pro rozhodov\u00e1n\u00ed o dodavateli.<\/li>\n<li><strong>Lep\u0161\u00ed anal\u00fdza citac\u00ed:<\/strong> Srovn\u00e1n\u00ed skute\u010dn\u00fdch n\u00e1klad\u016f. U\u017e \u017e\u00e1dn\u00e1 ru\u010dn\u00ed pr\u00e1ce s tabulkami.<\/li>\n<li><strong>Pohled na trh:<\/strong> Zjist\u011bte, co se d\u011bje ve va\u0161ich kategori\u00edch. Vyjedn\u00e1vejte z pozice znalce.<\/li>\n<li><strong>\u010cas na strategickou pr\u00e1ci:<\/strong> M\u00e9n\u011b \u010dasu p\u0159i hled\u00e1n\u00ed dodavatel\u016f. V\u00edce \u010dasu na optimalizaci vztah\u016f s dodavateli.<\/li>\n<\/ul>\n\n\n<h4 class=\"wp-block-heading\">Pro podnikatele<\/h4>\n\n\n<p>Lep\u0161\u00ed dodavatel\u00e9 znamenaj\u00ed lep\u0161\u00ed provoz a vy\u0161\u0161\u00ed mar\u017ee.<\/p>\n<ul>\n<li><strong>Lep\u0161\u00ed dodavatel\u00e9:<\/strong> Najd\u011bte dodavatele, kte\u0159\u00ed skute\u010dn\u011b poskytuj\u00ed kvalitu, spolehlivost a hodnotu.<\/li>\n<li><strong>Lep\u0161\u00ed ceny:<\/strong> Znalost trhu vede k lep\u0161\u00edmu vyjedn\u00e1v\u00e1n\u00ed. Konkurence vede k lep\u0161\u00edm podm\u00ednk\u00e1m.<\/li>\n<li><strong>M\u00e9n\u011b p\u0159eru\u0161en\u00ed dod\u00e1vek:<\/strong> Hodnocen\u00ed rizik zachyt\u00ed probl\u00e9my d\u0159\u00edve, ne\u017e ovlivn\u00ed v\u00fdrobu.<\/li>\n<li><strong>Rychlej\u0161\u00ed uveden\u00ed na trh:<\/strong> Rychl\u00e9 vyhled\u00e1v\u00e1n\u00ed dodavatel\u016f pro nov\u00e9 produkty nebo projekty.<\/li>\n<li><strong>Konkuren\u010dn\u00ed v\u00fdhoda:<\/strong> P\u0159\u00edstup k lep\u0161\u00edm dodavatel\u016fm ne\u017e konkurence, kter\u00e1 z\u016fstala u star\u0161\u00edch vztah\u016f.<\/li>\n<\/ul>\n\n\n<hr class=\"wp-block-separator has-alpha-channel-opacity\"\/>\n\n\n\n<h3 class=\"wp-block-heading\">Co AI neud\u011bl\u00e1<\/h3>\n\n\n<p>\u0158ekn\u011bme si jasn\u011b, jak\u00e9 jsou limity.<\/p>\n<p>Um\u011bl\u00e1 inteligence nenahrazuje lidsk\u00fd \u00fasudek ve vztaz\u00edch s dodavateli. Nevyjedn\u00e1v\u00e1 o obchodech. Neposuzuje, zda je dodavatel vhodn\u00fdm kulturn\u00edm partnerem pro va\u0161i organizaci. Nep\u0159ij\u00edm\u00e1 kone\u010dn\u00e1 rozhodnut\u00ed o strategick\u00fdch partnerstv\u00edch.<\/p>\n<p>N\u011bkter\u00e1 rozhodnut\u00ed dodavatel\u016f vy\u017eaduj\u00ed lidsk\u00fd vhled:<\/p>\n<ul>\n<li>Strategick\u00e1 partnerstv\u00ed s dodavateli, kter\u00e1 zahrnuj\u00ed spole\u010dn\u00fd v\u00fdvoj nebo investice<\/li>\n<li>Komplexn\u00ed vyjedn\u00e1v\u00e1n\u00ed, kde z\u00e1le\u017e\u00ed na vztaz\u00edch a vlivu<\/li>\n<li>Situace, kdy tolerance k riziku z\u00e1vis\u00ed na obchodn\u00ed strategii<\/li>\n<li>Dodavatel\u00e9 kritick\u00fdch komponent\u016f, u nich\u017e kvalifikace p\u0159esahuje r\u00e1mec dat.<\/li>\n<li>Vztahov\u00e9 faktory, kter\u00e9 se neprojevuj\u00ed v hodnocen\u00ed nebo zn\u00e1mk\u00e1ch<\/li>\n<\/ul>\n<p>AI se zab\u00fdv\u00e1 v\u00fdzkumem, anal\u00fdzou a hodnocen\u00edm. V\u00e1\u0161 t\u00fdm pro zad\u00e1v\u00e1n\u00ed zak\u00e1zek se star\u00e1 o strategii, vztahy a \u00fasudek.<\/p>\n<p>Rozhoduj\u00ed se v\u0161ak na z\u00e1klad\u011b lep\u0161\u00edch informac\u00ed, v\u00edce mo\u017enost\u00ed a m\u00e9n\u011b \u010dasu str\u00e1ven\u00e9ho manu\u00e1ln\u00edm vyhled\u00e1v\u00e1n\u00edm.<\/p>\n\n\n<hr class=\"wp-block-separator has-alpha-channel-opacity\"\/>\n\n\n\n<h3 class=\"wp-block-heading\">Re\u00e1ln\u00e9 v\u00fdsledky um\u011bl\u00e9 inteligence p\u0159i vyhled\u00e1v\u00e1n\u00ed dodavatel\u016f<\/h3>\n\n\n<p>Jak to vypad\u00e1 v praxi:<\/p>\n\n<p><strong>Zrychlen\u00ed cykl\u016f z\u00edsk\u00e1v\u00e1n\u00ed zdroj\u016f:<\/strong> Objeven\u00ed dodavatele, kter\u00e9 trvalo 3-4 t\u00fddny, nyn\u00ed trv\u00e1 n\u011bkolik dn\u00ed. V\u00e1\u0161 t\u00fdm vyhodnot\u00ed v\u00edce dodavatel\u016f za krat\u0161\u00ed dobu.<\/p>\n\n<p><strong>Lep\u0161\u00ed ceny:<\/strong> Kdy\u017e vyhodnot\u00edte 10 dodavatel\u016f m\u00edsto 3, najdete lep\u0161\u00ed ceny. Konkurence pracuje ve v\u00e1\u0161 prosp\u011bch.<\/p>\n\n<p><strong>Vyh\u00fdb\u00e1n\u00ed se riziku:<\/strong> Dodavatel\u00e9 s finan\u010dn\u00edmi probl\u00e9my nebo probl\u00e9my s dodr\u017eov\u00e1n\u00edm p\u0159edpis\u016f jsou ozna\u010deni je\u0161t\u011b p\u0159ed podpisem smlouvy. Probl\u00e9m\u016fm se p\u0159edch\u00e1z\u00ed, ne\u0159e\u0161\u00ed se.<\/p>\n\n<p><strong>Pohled na trh:<\/strong> Va\u0161i kupuj\u00edc\u00ed vyjedn\u00e1vaj\u00ed se znalost\u00ed trhu, m\u00edsto aby doufali, \u017ee dostanou f\u00e9rovou nab\u00eddku.<\/p>\n\n<p><strong>Strategick\u00e9 z\u00e1sobov\u00e1n\u00ed:<\/strong> V\u00e1\u0161 t\u00fdm se soust\u0159ed\u00ed na budov\u00e1n\u00ed vztah\u016f s dodavateli a vyjedn\u00e1v\u00e1n\u00ed podm\u00ednek, nikoli na pr\u016fzkum mo\u017enost\u00ed.<\/p>\n\n<p>Nejde o nahrazen\u00ed odborn\u00fdch znalost\u00ed kupuj\u00edc\u00edho. Jde o to d\u00e1t jim n\u00e1stroje, kter\u00e9 jim umo\u017en\u00ed b\u00fdt strategi\u010dt\u011bj\u0161\u00ed.<\/p>\n\n\n<hr class=\"wp-block-separator has-alpha-channel-opacity\"\/>\n\n\n\n<h3 class=\"wp-block-heading\">Jste p\u0159ipraveni zlep\u0161it sv\u016fj proces vyhled\u00e1v\u00e1n\u00ed dodavatel\u016f?<\/h3>\n\n\n<p>Pot\u0159eby ka\u017ed\u00e9 spole\u010dnosti v oblasti zji\u0161\u0165ov\u00e1n\u00ed dodavatel\u016f jsou jin\u00e9. Va\u0161e kategorie maj\u00ed jedine\u010dn\u00e9 po\u017eadavky. Va\u0161e tolerance k riziku z\u00e1vis\u00ed na va\u0161em obchodn\u00edm modelu. Va\u0161e krit\u00e9ria pro dodavatele odr\u00e1\u017eej\u00ed va\u0161e priority.<\/p>\n<p>Neprod\u00e1v\u00e1me obecn\u00e9 n\u00e1stroje pro vyhled\u00e1v\u00e1n\u00ed dodavatel\u016f. Zab\u00fdv\u00e1me se va\u0161imi specifick\u00fdmi probl\u00e9my v oblasti sourcingu. Zji\u0161\u0165ujeme, kde m\u016f\u017ee um\u011bl\u00e1 inteligence skute\u010dn\u011b zlep\u0161it a zrychlit hodnocen\u00ed dodavatel\u016f. Vytv\u00e1\u0159\u00edme syst\u00e9my, kter\u00e9 odpov\u00eddaj\u00ed zp\u016fsobu pr\u00e1ce va\u0161eho n\u00e1kupn\u00edho t\u00fdmu.<\/p>\n<p>\u017d\u00e1dn\u00fd humbuk kolem \"revolu\u010dn\u00ed um\u011bl\u00e9 inteligence\". Jen praktick\u00e9 n\u00e1stroje, d\u00edky kter\u00fdm budou va\u0161i n\u00e1kup\u010d\u00ed efektivn\u011bji vyhled\u00e1vat a hodnotit dodavatele.<\/p>\n\n<p><a href=\"https:\/\/www.leaplytics.de\/cs\/kontakt\/\">Poj\u010fme si promluvit o va\u0161em procesu z\u00edsk\u00e1v\u00e1n\u00ed dodavatel\u016f<\/a><\/p>\n\n<p><a href=\"https:\/\/www.leaplytics.de\/cs\/zadavani-verejnych-zakazek-ai\/\">Zp\u011bt na Sourcing &amp; Procurement AI<\/a><\/p>","protected":false},"excerpt":{"rendered":"<p>AI for Supplier Discovery &#038; Evaluation: Find Better Suppliers Faster Finding the right supplier is one of the most important decisions in procurement. Get it right and you have quality products, reliable delivery, and competitive prices. Get it wrong and you&#8217;re dealing with delays, quality issues, and budget overruns. But finding and evaluating suppliers takes &hellip; <\/p>","protected":false},"author":2,"featured_media":0,"parent":0,"menu_order":0,"comment_status":"closed","ping_status":"closed","template":"","meta":{"footnotes":""},"class_list":["post-14513","page","type-page","status-publish","hentry","latest_post"],"_links":{"self":[{"href":"https:\/\/www.leaplytics.de\/cs\/wp-json\/wp\/v2\/pages\/14513","targetHints":{"allow":["GET"]}}],"collection":[{"href":"https:\/\/www.leaplytics.de\/cs\/wp-json\/wp\/v2\/pages"}],"about":[{"href":"https:\/\/www.leaplytics.de\/cs\/wp-json\/wp\/v2\/types\/page"}],"author":[{"embeddable":true,"href":"https:\/\/www.leaplytics.de\/cs\/wp-json\/wp\/v2\/users\/2"}],"replies":[{"embeddable":true,"href":"https:\/\/www.leaplytics.de\/cs\/wp-json\/wp\/v2\/comments?post=14513"}],"version-history":[{"count":1,"href":"https:\/\/www.leaplytics.de\/cs\/wp-json\/wp\/v2\/pages\/14513\/revisions"}],"predecessor-version":[{"id":14522,"href":"https:\/\/www.leaplytics.de\/cs\/wp-json\/wp\/v2\/pages\/14513\/revisions\/14522"}],"wp:attachment":[{"href":"https:\/\/www.leaplytics.de\/cs\/wp-json\/wp\/v2\/media?parent=14513"}],"curies":[{"name":"wp","href":"https:\/\/api.w.org\/{rel}","templated":true}]}}