{"id":1785,"date":"2021-04-30T00:16:19","date_gmt":"2021-04-29T22:16:19","guid":{"rendered":"https:\/\/www.leaplytics.de\/?page_id=1785"},"modified":"2024-10-29T13:47:21","modified_gmt":"2024-10-29T12:47:21","slug":"sada-pro-rizeni-projektu-pro-qliksense","status":"publish","type":"page","link":"https:\/\/www.leaplytics.de\/cs\/titulni-stranka\/rozsireni-qlik-sense\/sada-pro-rizeni-projektu-pro-qliksense\/","title":{"rendered":"Sada pro \u0159\u00edzen\u00ed projekt\u016f pro Qlik Sense"},"content":{"rendered":"<p>Zbavte se nevyhovuj\u00edc\u00ed a nevyzr\u00e1l\u00e9 mozaiky pro \u0159\u00edzen\u00ed projekt\u016f v Qlik Sense pomoc\u00ed sady LeapLytics Project Management Suite!<\/p>\n\n\n\n<p>Sada pro \u0159\u00edzen\u00ed projekt\u016f pro Qlik Sense obsahuje v\u0161e, co pot\u0159ebujete k vytvo\u0159en\u00ed komplexn\u00edho hl\u00e1\u0161en\u00ed o stavu \u0159\u00edzen\u00ed projekt\u016f. Obsahuje 3 jedine\u010dn\u00e9 vizualizace: Semafor, matice rizik a \u010dasov\u00e1 osa. Krom\u011b toho z\u00edsk\u00e1te pot\u0159ebn\u00e9 dopl\u0148ky pro n\u00e1vrh \u0159\u00eddic\u00edho panelu pro \u0159\u00edzen\u00ed projekt\u016f. Roz\u0161\u00ed\u0159en\u00ed vykazuj\u00ed vysok\u00fd v\u00fdkon, vysokou \u00farove\u0148 vysp\u011blosti a pou\u017eitelnosti a tak\u00e9 flexibilitu, kter\u00e1 se p\u0159izp\u016fsob\u00ed va\u0161im individu\u00e1ln\u00edm pot\u0159eb\u00e1m.<\/p>\n\n\n\n<p>Sada obsahuje p\u0159\u00edslu\u0161n\u00e9 dopl\u0148ky, kter\u00e9 skute\u010dn\u011b zlep\u0161uj\u00ed tvorbu \u0159\u00eddic\u00edho panelu projektu. Rozd\u011blovac\u00ed tahy mohou strukturovat \u0159\u00eddic\u00ed panel v oblastech, kter\u00e9 u\u017eivatele provedou maxim\u00e1ln\u00edm v\u00fdkonem. Prohl\u00ed\u017ee\u010d zralosti p\u0159in\u00e1\u0161\u00ed v\u011bt\u0161\u00ed p\u0159ehlednost o f\u00e1z\u00edch nebo etap\u00e1ch projektu. Roz\u0161\u00ed\u0159en\u00ed Logo spole\u010dnosti p\u0159en\u00e1\u0161\u00ed individu\u00e1ln\u00ed logo spole\u010dnosti do pou\u017eiteln\u00e9ho objektu QlikSense. P\u0159evod va\u0161eho loga je zdarma.<\/p>\n\n\n\n<p>Sou\u010d\u00e1st\u00ed sady je tak\u00e9 snadno pou\u017eiteln\u00e1 integrace svazk\u016f, kter\u00e1 umo\u017e\u0148uje p\u0159ehledn\u00e9 zobrazen\u00ed roz\u0161\u00ed\u0159en\u00ed pro spr\u00e1vu projekt\u016f. Roz\u0161\u00ed\u0159en\u00ed vykazuj\u00ed harmonizovan\u00e9 veden\u00ed u\u017eivatele prost\u0159ednictv\u00edm nastaven\u00ed a tak\u00e9 intuitivn\u00ed ovl\u00e1d\u00e1n\u00ed bez nutnosti zku\u0161enost\u00ed s k\u00f3dov\u00e1n\u00edm. Snadn\u00e9 pou\u017e\u00edv\u00e1n\u00ed dopl\u0148uje obs\u00e1hl\u00e1 dokumentace s obchodn\u00edmi p\u0159\u00edpady pou\u017eit\u00ed. \u010cast\u00e9 a solidn\u00ed verze udr\u017euj\u00ed p\u0159\u00edpady pou\u017eit\u00ed v aktu\u00e1ln\u00edm stavu.<\/p>\n\n\n\n<h3 class=\"wp-block-heading\">Obsah sady pro \u0159\u00edzen\u00ed projekt\u016f pro Qlik Sense<\/h3>\n\n\n\n<p>Ofici\u00e1ln\u00ed dokumentaci otev\u0159ete kliknut\u00edm na obr\u00e1zek. <\/p>\n\n\n\n<div class=\"wp-block-columns is-layout-flex wp-container-core-columns-is-layout-1 wp-block-columns-is-layout-flex\">\n<div class=\"wp-block-column is-layout-flow wp-block-column-is-layout-flow\">\n<h4 class=\"wp-block-heading\"><strong>Semafor<\/strong><\/h4>\n<\/div>\n\n\n\n<div class=\"wp-block-column is-layout-flow wp-block-column-is-layout-flow\">\n<h4 class=\"wp-block-heading\"><strong>Mapa rizik<\/strong><\/h4>\n<\/div>\n\n\n\n<div class=\"wp-block-column is-layout-flow wp-block-column-is-layout-flow\">\n<h4 class=\"wp-block-heading\"><strong>\u010casov\u00e1 osa<\/strong><\/h4>\n<\/div>\n\n\n\n<div class=\"wp-block-column is-layout-flow wp-block-column-is-layout-flow\">\n<h4 class=\"wp-block-heading\"><strong>Akceler\u00e1tory<\/strong><\/h4>\n<\/div>\n<\/div>\n\n\n\n<div class=\"wp-block-columns is-layout-flex wp-container-core-columns-is-layout-2 wp-block-columns-is-layout-flex\">\n<div class=\"wp-block-column is-layout-flow wp-block-column-is-layout-flow\">\n<figure class=\"wp-block-image size-full\"><img loading=\"lazy\" decoding=\"async\" width=\"287\" height=\"300\" src=\"https:\/\/www.leaplytics.de\/wp-content\/uploads\/2021\/11\/TrafficLight300pixel.png\" alt=\"\" class=\"wp-image-2361\" title=\"Sada pro \u0159\u00edzen\u00ed projekt\u016f Semafor\" srcset=\"https:\/\/www.leaplytics.de\/wp-content\/uploads\/2021\/11\/TrafficLight300pixel.png 287w, https:\/\/www.leaplytics.de\/wp-content\/uploads\/2021\/11\/TrafficLight300pixel-57x60.png 57w\" sizes=\"auto, (max-width: 287px) 100vw, 287px\" \/><\/figure>\n<\/div>\n\n\n\n<div class=\"wp-block-column is-layout-flow wp-block-column-is-layout-flow\">\n<figure class=\"wp-block-image size-full\"><img loading=\"lazy\" decoding=\"async\" width=\"287\" height=\"300\" src=\"https:\/\/www.leaplytics.de\/wp-content\/uploads\/2021\/11\/RiskHeatmap-Kasten-Blau_300pixel.png\" alt=\"\" class=\"wp-image-2363\" title=\"Mapa rizik sady pro \u0159\u00edzen\u00ed projekt\u016f\" srcset=\"https:\/\/www.leaplytics.de\/wp-content\/uploads\/2021\/11\/RiskHeatmap-Kasten-Blau_300pixel.png 287w, https:\/\/www.leaplytics.de\/wp-content\/uploads\/2021\/11\/RiskHeatmap-Kasten-Blau_300pixel-57x60.png 57w\" sizes=\"auto, (max-width: 287px) 100vw, 287px\" \/><\/figure>\n<\/div>\n\n\n\n<div class=\"wp-block-column is-vertically-aligned-center is-layout-flow wp-block-column-is-layout-flow\"><div class=\"wp-block-image\">\n<figure class=\"aligncenter size-full\"><img loading=\"lazy\" decoding=\"async\" width=\"287\" height=\"300\" src=\"https:\/\/www.leaplytics.de\/wp-content\/uploads\/2021\/11\/TIMELINE_300pixel.png\" alt=\"\" class=\"wp-image-2364\" title=\"Zobrazen\u00ed miln\u00edk\u016f sady Project Management Suite\" srcset=\"https:\/\/www.leaplytics.de\/wp-content\/uploads\/2021\/11\/TIMELINE_300pixel.png 287w, https:\/\/www.leaplytics.de\/wp-content\/uploads\/2021\/11\/TIMELINE_300pixel-57x60.png 57w\" sizes=\"auto, (max-width: 287px) 100vw, 287px\" \/><\/figure><\/div><\/div>\n\n\n\n<div class=\"wp-block-column is-layout-flow wp-block-column-is-layout-flow\">\n<figure class=\"wp-block-image size-full\"><img loading=\"lazy\" decoding=\"async\" width=\"567\" height=\"593\" src=\"https:\/\/www.leaplytics.de\/wp-content\/uploads\/2021\/11\/Accelerators_1_300pixel.png\" alt=\"\" class=\"wp-image-2365\" title=\"Project Management Suite Accelerator\" srcset=\"https:\/\/www.leaplytics.de\/wp-content\/uploads\/2021\/11\/Accelerators_1_300pixel.png 567w, https:\/\/www.leaplytics.de\/wp-content\/uploads\/2021\/11\/Accelerators_1_300pixel-287x300.png 287w, https:\/\/www.leaplytics.de\/wp-content\/uploads\/2021\/11\/Accelerators_1_300pixel-57x60.png 57w\" sizes=\"auto, (max-width: 567px) 100vw, 567px\" \/><\/figure>\n<\/div>\n<\/div>\n\n\n\n<div class=\"wp-block-columns is-layout-flex wp-container-core-columns-is-layout-3 wp-block-columns-is-layout-flex\">\n<div class=\"wp-block-column is-layout-flow wp-block-column-is-layout-flow\">\n<h6 class=\"wp-block-heading\">Vymaz\u00e1n\u00ed indikace stavu<\/h6>\n\n\n\n<h6 class=\"wp-block-heading\">Flexibiln\u00ed rozsahy pro v\u0161echny typy jednotek<\/h6>\n\n\n\n<h6 class=\"wp-block-heading\">Individu\u00e1ln\u00ed vzhled a snadn\u00e9 pou\u017eit\u00ed<\/h6>\n<\/div>\n\n\n\n<div class=\"wp-block-column is-layout-flow wp-block-column-is-layout-flow\">\n<h6 class=\"wp-block-heading\">Kompletn\u00ed rizikov\u00e9 profily<\/h6>\n\n\n\n<h6 class=\"wp-block-heading\">Stabiln\u00ed a jednoduch\u00e1 m\u0159\u00ed\u017eka pro 2 kategorie<\/h6>\n\n\n\n<h6 class=\"wp-block-heading\">R\u016fzn\u00e9 sady pol\u00ed a barevn\u00e9 k\u00f3dov\u00e1n\u00ed<\/h6>\n<\/div>\n\n\n\n<div class=\"wp-block-column is-layout-flow wp-block-column-is-layout-flow\">\n<h6 class=\"wp-block-heading\">Zobrazen\u00ed miln\u00edk\u016f s \u010dasov\u00fdm m\u011b\u0159\u00edtkem<\/h6>\n\n\n\n<h6 class=\"wp-block-heading\">Automatick\u00e9 \u0161k\u00e1lov\u00e1n\u00ed \u010dasov\u00e9 osy s po\u010d\u00e1tkem a koncem<\/h6>\n\n\n\n<h6 class=\"wp-block-heading\">Flexibiln\u00ed popisy a barvy odchylek<\/h6>\n<\/div>\n\n\n\n<div class=\"wp-block-column is-layout-flow wp-block-column-is-layout-flow\">\n<h6 class=\"wp-block-heading\">Dopl\u0148ky Performant<\/h6>\n\n\n\n<h6 class=\"wp-block-heading\">Individu\u00e1ln\u00ed logo spole\u010dnosti<\/h6>\n\n\n\n<h6 class=\"wp-block-heading\">Zobrazen\u00ed vysp\u011blosti pro mnoho p\u0159\u00edpad\u016f pou\u017eit\u00ed<\/h6>\n<\/div>\n<\/div>\n\n\n\n<hr class=\"wp-block-separator has-css-opacity\"\/>\n\n\n\n<p>Zde se m\u016f\u017eete p\u0159ihl\u00e1sit k odb\u011bru exkluzivn\u00edch aktualizac\u00ed a novinek: <a href=\"https:\/\/www.leaplytics.de\/cs\/subscribe_product\/\"><strong>P\u0159edplatn\u00e9<\/strong><\/a><\/p>\n\n\n\n<div class=\"wp-block-columns are-vertically-aligned-center is-layout-flex wp-container-core-columns-is-layout-4 wp-block-columns-is-layout-flex\">\n<div class=\"wp-block-column is-vertically-aligned-center is-layout-flow wp-block-column-is-layout-flow\" style=\"flex-basis:100%\">\n<p><\/p>\n<\/div>\n<\/div>\n\n\n\n<p><\/p>","protected":false},"excerpt":{"rendered":"<p>Z\u00edskejte ostr\u00fd vizu\u00e1ln\u00ed pohled na sv\u00e9 rizikov\u00e9 profily pomoc\u00ed mapy rizik pro QilkSense! Roz\u0161\u00ed\u0159en\u00ed je vytvo\u0159eno pro vizualizaci profil\u016f, kter\u00e9 jsou m\u011b\u0159eny v matici dvou kl\u00ed\u010dov\u00fdch ukazatel\u016f v\u00fdkonnosti a r\u016fzn\u00fdch kategori\u00ed. Dok\u00e1\u017ee vizualizovat v\u00edce ukazatel\u016f (ve verzi zdarma a\u017e 4) na jedno pole. R\u016fzn\u00e1 nastaven\u00ed, jako je snadn\u00e9 p\u0159ep\u00edn\u00e1n\u00ed mezi matic\u00ed 3\u00d73 a 5\u00d75 pol\u00ed, nastaven\u00ed r\u00e1me\u010dk\u016f a textu, p\u0159izp\u016fsob\u00ed toto roz\u0161\u00ed\u0159en\u00ed va\u0161im pot\u0159eb\u00e1m v oblasti reportingu. <\/p>\n<p>Toto roz\u0161\u00ed\u0159en\u00ed lze tak\u00e9 pou\u017e\u00edt pro sledov\u00e1n\u00ed a ur\u010dov\u00e1n\u00ed prahov\u00fdch hodnot pro v\u0161echny typy fyzik\u00e1ln\u00edch m\u011b\u0159en\u00ed, ukazatel\u016f kvality a odchylek obecn\u011b. D\u00edky tomu jej lze pou\u017e\u00edt pro \u0161irok\u00fd po\u010det p\u0159\u00edpad\u016f pou\u017eit\u00ed, kter\u00e9 se vyskytuj\u00ed v r\u016fzn\u00fdch podnic\u00edch.<\/p>","protected":false},"author":1,"featured_media":0,"parent":227,"menu_order":1,"comment_status":"closed","ping_status":"closed","template":"","meta":{"footnotes":""},"class_list":["post-1785","page","type-page","status-publish","hentry","latest_post"],"_links":{"self":[{"href":"https:\/\/www.leaplytics.de\/cs\/wp-json\/wp\/v2\/pages\/1785","targetHints":{"allow":["GET"]}}],"collection":[{"href":"https:\/\/www.leaplytics.de\/cs\/wp-json\/wp\/v2\/pages"}],"about":[{"href":"https:\/\/www.leaplytics.de\/cs\/wp-json\/wp\/v2\/types\/page"}],"author":[{"embeddable":true,"href":"https:\/\/www.leaplytics.de\/cs\/wp-json\/wp\/v2\/users\/1"}],"replies":[{"embeddable":true,"href":"https:\/\/www.leaplytics.de\/cs\/wp-json\/wp\/v2\/comments?post=1785"}],"version-history":[{"count":3,"href":"https:\/\/www.leaplytics.de\/cs\/wp-json\/wp\/v2\/pages\/1785\/revisions"}],"predecessor-version":[{"id":13665,"href":"https:\/\/www.leaplytics.de\/cs\/wp-json\/wp\/v2\/pages\/1785\/revisions\/13665"}],"up":[{"embeddable":true,"href":"https:\/\/www.leaplytics.de\/cs\/wp-json\/wp\/v2\/pages\/227"}],"wp:attachment":[{"href":"https:\/\/www.leaplytics.de\/cs\/wp-json\/wp\/v2\/media?parent=1785"}],"curies":[{"name":"wp","href":"https:\/\/api.w.org\/{rel}","templated":true}]}}