{"id":2170,"date":"2021-06-21T21:09:50","date_gmt":"2021-06-21T19:09:50","guid":{"rendered":"https:\/\/www.leaplytics.de\/?page_id=2170"},"modified":"2023-02-09T15:48:24","modified_gmt":"2023-02-09T14:48:24","slug":"vizualizace-semaforu-pro-napajeni-bi","status":"publish","type":"page","link":"https:\/\/www.leaplytics.de\/cs\/titulni-stranka\/rizeni-projektu-vlastni-vizualizace-microsoft-powerbi\/vizualizace-semaforu-pro-napajeni-bi\/","title":{"rendered":"Semafor Visual pro Microsoft Power BI"},"content":{"rendered":"<p><img loading=\"lazy\" decoding=\"async\" width=\"150\" height=\"37\" class=\"wp-image-8358\" style=\"width: 150px;\" src=\"https:\/\/www.leaplytics.de\/wp-content\/uploads\/2022\/05\/PBI-Certified.png\" alt=\"\" srcset=\"https:\/\/www.leaplytics.de\/wp-content\/uploads\/2022\/05\/PBI-Certified.png 152w, https:\/\/www.leaplytics.de\/wp-content\/uploads\/2022\/05\/PBI-Certified-150x37.png 150w\" sizes=\"auto, (max-width: 150px) 100vw, 150px\" \/><\/p>\n\n\n\n<p>\"Semafor\" je p\u0159izp\u016fsobiteln\u00fd vizu\u00e1ln\u00ed n\u00e1stroj Microsoft Power BI, kter\u00fd nab\u00edz\u00ed vizu\u00e1ln\u00ed upozorn\u011bn\u00ed pro v\u0161echny kl\u00ed\u010dov\u00e9 ukazatele v\u00fdkonnosti. D\u00edky funkc\u00edm, jako je horizont\u00e1ln\u00ed a vertik\u00e1ln\u00ed zarovn\u00e1n\u00ed a syst\u00e9m jednoho\/dvou\/t\u0159\u00ed sv\u011btel, lze tento vizu\u00e1l p\u0159izp\u016fsobit va\u0161im pot\u0159eb\u00e1m v oblasti v\u00fdkaznictv\u00ed a z\u00edskat tak lep\u0161\u00ed kontrolu nad kl\u00ed\u010dov\u00fdmi ukazateli v\u00fdkonnosti!<\/p>\n\n\n\n<div style=\"height:10px\" aria-hidden=\"true\" class=\"wp-block-spacer\"><\/div>\n\n\n\n<figure class=\"wp-block-image size-full\"><img loading=\"lazy\" decoding=\"async\" width=\"1140\" height=\"641\" src=\"https:\/\/www.leaplytics.de\/wp-content\/uploads\/2022\/04\/First_Slice_Traffic_Light_PowerBI.png\" alt=\"Semafor Visual pro Microsoft Power BI\" class=\"wp-image-6582\" srcset=\"https:\/\/www.leaplytics.de\/wp-content\/uploads\/2022\/04\/First_Slice_Traffic_Light_PowerBI.png 1140w, https:\/\/www.leaplytics.de\/wp-content\/uploads\/2022\/04\/First_Slice_Traffic_Light_PowerBI-300x169.png 300w, https:\/\/www.leaplytics.de\/wp-content\/uploads\/2022\/04\/First_Slice_Traffic_Light_PowerBI-1024x576.png 1024w, https:\/\/www.leaplytics.de\/wp-content\/uploads\/2022\/04\/First_Slice_Traffic_Light_PowerBI-768x432.png 768w, https:\/\/www.leaplytics.de\/wp-content\/uploads\/2022\/04\/First_Slice_Traffic_Light_PowerBI-107x60.png 107w\" sizes=\"auto, (max-width: 1140px) 100vw, 1140px\" \/><\/figure>\n\n\n\n<div style=\"height:50px\" aria-hidden=\"true\" class=\"wp-block-spacer\"><\/div>\n\n\n\n<h3 class=\"has-text-align-center wp-block-heading\" id=\"benefits\">V\u00fdhody<\/h3>\n\n\n\n<h5 class=\"wp-block-heading\" id=\"decision-maker\">Rozhodovac\u00ed org\u00e1n<\/h5>\n\n\n\n<p>Jako osoba s rozhodovac\u00ed pravomoc\u00ed pot\u0159ebujete jasn\u00fd a smyslupln\u00fd reporting, kter\u00fd v\u00e1m umo\u017en\u00ed na prvn\u00ed pohled zjistit, kde je t\u0159eba v\u011bnovat \u010das a pozornost. N\u00e1\u0161 vizu\u00e1ln\u00ed semafor pro Microsoft Power BI to umo\u017e\u0148uje a poskytuje okam\u017eit\u00e1 upozorn\u011bn\u00ed, kdy\u017e se kl\u00ed\u010dov\u00e9 \u00fadaje dostanou mimo \u00fanosn\u00e9 rozmez\u00ed.<\/p>\n\n\n\n<p class=\"has-text-align-left\"><em>Rychle identifikujte oblasti, kter\u00e9 mohou vy\u017eadovat va\u0161i pozornost nebo zlep\u0161en\u00ed, co\u017e v\u00e1m umo\u017en\u00ed p\u0159ij\u00edmat informovan\u011bj\u0161\u00ed a v\u010dasn\u011bj\u0161\u00ed rozhodnut\u00ed. To v\u00e1m pom\u016f\u017ee optimalizovat v\u00fdkonnost va\u0161\u00ed organizace a v kone\u010dn\u00e9m d\u016fsledku dos\u00e1hnout lep\u0161\u00edch v\u00fdsledk\u016f.<\/em><\/p>\n\n\n\n<h5 class=\"wp-block-heading\" id=\"department-manager-consultant\">Vedouc\u00ed odd\u011blen\u00ed \/ konzultant<\/h5>\n\n\n\n<p>Jako mana\u017eer nebo konzultant nepot\u0159ebujete k pou\u017e\u00edv\u00e1n\u00ed aplikace Traffic Light Visual for Microsoft Power BI \u017e\u00e1dn\u00e9 znalosti programov\u00e1n\u00ed. V\u0161echny slo\u017eit\u00e9 implementace jsou ji\u017e provedeny za v\u00e1s, tak\u017ee jej m\u016f\u017eete za\u010d\u00edt pou\u017e\u00edvat ihned. Sta\u010d\u00ed definovat rozsahy kritick\u00fdch hodnot a p\u0159izp\u016fsobit n\u00e1vrh tak, aby vyhovoval pot\u0159eb\u00e1m va\u0161\u00ed firmy. <\/p>\n\n\n\n<p><em>Na\u0161e roz\u0161\u00ed\u0159en\u00ed se hladce integruje do va\u0161ich \u0159\u00eddic\u00edch panel\u016f, \u0161et\u0159\u00ed v\u00e1\u0161 \u010das a zvy\u0161uje smysluplnost va\u0161ich report\u016f. Ud\u011blejte dojem na sv\u00e9 klienty nebo nad\u0159\u00edzen\u00e9 pomoc\u00ed vizu\u00e1ln\u00ed aplikace Semafor pro Power BI.<\/em><\/p>\n\n\n\n<h5 class=\"wp-block-heading\" id=\"engineer-developer\">In\u017een\u00fdr \/ v\u00fdvoj\u00e1\u0159<\/h5>\n\n\n\n<p>Pokud vytv\u00e1\u0159\u00edte \u0159\u00eddic\u00ed panely BI, pom\u016f\u017eeme v\u00e1m \u00fasp\u011b\u0161n\u011b dokon\u010dit v\u00e1\u0161 projekt. Na\u0161e vizu\u00e1ln\u00ed \u0159e\u0161en\u00ed Traffic Light pro Power BI nab\u00edz\u00ed flexibiln\u00ed logiku a pln\u011b p\u0159izp\u016fsobiteln\u00fd design, d\u00edky \u010demu\u017e m\u016f\u017eete na sv\u00e9 klienty zap\u016fsobit p\u016fsobiv\u00fdmi, profesion\u00e1ln\u00edmi dashboardy. S na\u0161\u00edm vizu\u00e1lem u\u0161et\u0159\u00edte \u010das a energii a vyu\u017eijete na\u0161i osobn\u00ed a p\u0159\u00edmou podporu v p\u0159\u00edpad\u011b jak\u00fdchkoli dotaz\u016f nebo probl\u00e9m\u016f.<\/p>\n\n\n\n<p><em>Jasn\u00e1 komunikace a snadn\u00e9 ovl\u00e1d\u00e1n\u00ed zlep\u0161uj\u00ed va\u0161e slu\u017eby a usnad\u0148uj\u00ed v\u00e1m pr\u00e1ci.<\/em><\/p>\n\n\n\n<div style=\"height:50px\" aria-hidden=\"true\" class=\"wp-block-spacer\"><\/div>\n\n\n\n<div class=\"wp-block-group alignfull has-black-color has-text-color has-background has-link-color wp-elements-d994ed8cdde441663adf95149c771378\" style=\"background-color:#eeeeee\"><div class=\"wp-block-group__inner-container is-layout-flow wp-block-group-is-layout-flow\">\n<div style=\"height:50px\" aria-hidden=\"true\" class=\"wp-block-spacer\"><\/div>\n\n\n\n<h3 class=\"has-text-align-center wp-block-heading\">Funkce<\/h3>\n\n\n\n<div style=\"height:50px\" aria-hidden=\"true\" class=\"wp-block-spacer\"><\/div>\n\n\n\n<div class=\"wp-block-columns is-layout-flex wp-container-core-columns-is-layout-1 wp-block-columns-is-layout-flex\">\n<div class=\"wp-block-column is-layout-flow wp-block-column-is-layout-flow\">\n<div class=\"wp-block-media-text alignwide is-stacked-on-mobile\" style=\"grid-template-columns:15% auto\"><figure class=\"wp-block-media-text__media\"><img loading=\"lazy\" decoding=\"async\" width=\"1024\" height=\"1024\" src=\"https:\/\/www.leaplytics.de\/wp-content\/uploads\/2022\/05\/Light-System-1024x1024.png\" alt=\"\" class=\"wp-image-7708 size-full\" srcset=\"https:\/\/www.leaplytics.de\/wp-content\/uploads\/2022\/05\/Light-System-1024x1024.png 1024w, https:\/\/www.leaplytics.de\/wp-content\/uploads\/2022\/05\/Light-System-300x300.png 300w, https:\/\/www.leaplytics.de\/wp-content\/uploads\/2022\/05\/Light-System-150x150.png 150w, https:\/\/www.leaplytics.de\/wp-content\/uploads\/2022\/05\/Light-System-768x768.png 768w, https:\/\/www.leaplytics.de\/wp-content\/uploads\/2022\/05\/Light-System-1536x1536.png 1536w, https:\/\/www.leaplytics.de\/wp-content\/uploads\/2022\/05\/Light-System-2048x2048.png 2048w, https:\/\/www.leaplytics.de\/wp-content\/uploads\/2022\/05\/Light-System-370x370.png 370w, https:\/\/www.leaplytics.de\/wp-content\/uploads\/2022\/05\/Light-System-60x60.png 60w, https:\/\/www.leaplytics.de\/wp-content\/uploads\/2022\/05\/Light-System-600x600.png 600w, https:\/\/www.leaplytics.de\/wp-content\/uploads\/2022\/05\/Light-System-100x100.png 100w\" sizes=\"auto, (max-width: 1024px) 100vw, 1024px\" \/><\/figure><div class=\"wp-block-media-text__content\">\n<p style=\"font-size:22px\"><strong>Sv\u011bteln\u00fd syst\u00e9m<\/strong><\/p>\n\n\n\n<p>M\u016f\u017eete si vybrat syst\u00e9m s jedn\u00edm, dv\u011bma nebo t\u0159emi sv\u011btly.<\/p>\n<\/div><\/div>\n<\/div>\n\n\n\n<div class=\"wp-block-column is-layout-flow wp-block-column-is-layout-flow\">\n<div class=\"wp-block-media-text alignwide is-stacked-on-mobile\" style=\"grid-template-columns:15% auto\"><figure class=\"wp-block-media-text__media\"><img loading=\"lazy\" decoding=\"async\" width=\"1024\" height=\"1024\" src=\"https:\/\/www.leaplytics.de\/wp-content\/uploads\/2022\/05\/Alignment-1024x1024.png\" alt=\"\" class=\"wp-image-7709 size-full\" srcset=\"https:\/\/www.leaplytics.de\/wp-content\/uploads\/2022\/05\/Alignment-1024x1024.png 1024w, https:\/\/www.leaplytics.de\/wp-content\/uploads\/2022\/05\/Alignment-300x300.png 300w, https:\/\/www.leaplytics.de\/wp-content\/uploads\/2022\/05\/Alignment-150x150.png 150w, https:\/\/www.leaplytics.de\/wp-content\/uploads\/2022\/05\/Alignment-768x768.png 768w, https:\/\/www.leaplytics.de\/wp-content\/uploads\/2022\/05\/Alignment-1536x1536.png 1536w, https:\/\/www.leaplytics.de\/wp-content\/uploads\/2022\/05\/Alignment-2048x2048.png 2048w, https:\/\/www.leaplytics.de\/wp-content\/uploads\/2022\/05\/Alignment-370x370.png 370w, https:\/\/www.leaplytics.de\/wp-content\/uploads\/2022\/05\/Alignment-60x60.png 60w, https:\/\/www.leaplytics.de\/wp-content\/uploads\/2022\/05\/Alignment-600x600.png 600w, https:\/\/www.leaplytics.de\/wp-content\/uploads\/2022\/05\/Alignment-100x100.png 100w\" sizes=\"auto, (max-width: 1024px) 100vw, 1024px\" \/><\/figure><div class=\"wp-block-media-text__content\">\n<p style=\"font-size:22px\"><strong>Zarovn\u00e1n\u00ed<\/strong><\/p>\n\n\n\n<p>Vizu\u00e1ln\u00ed zobrazen\u00ed pou\u017e\u00edvejte ve svisl\u00e9m nebo vodorovn\u00e9m zarovn\u00e1n\u00ed.<\/p>\n<\/div><\/div>\n<\/div>\n<\/div>\n\n\n\n<div style=\"height:50px\" aria-hidden=\"true\" class=\"wp-block-spacer\"><\/div>\n\n\n\n<div class=\"wp-block-columns is-layout-flex wp-container-core-columns-is-layout-2 wp-block-columns-is-layout-flex\">\n<div class=\"wp-block-column is-layout-flow wp-block-column-is-layout-flow\">\n<div class=\"wp-block-media-text alignwide is-stacked-on-mobile\" style=\"grid-template-columns:15% auto\"><figure class=\"wp-block-media-text__media\"><img loading=\"lazy\" decoding=\"async\" width=\"1024\" height=\"1024\" src=\"https:\/\/www.leaplytics.de\/wp-content\/uploads\/2022\/05\/Color-Settings-1024x1024.png\" alt=\"\" class=\"wp-image-7710 size-full\" srcset=\"https:\/\/www.leaplytics.de\/wp-content\/uploads\/2022\/05\/Color-Settings-1024x1024.png 1024w, https:\/\/www.leaplytics.de\/wp-content\/uploads\/2022\/05\/Color-Settings-300x300.png 300w, https:\/\/www.leaplytics.de\/wp-content\/uploads\/2022\/05\/Color-Settings-150x150.png 150w, https:\/\/www.leaplytics.de\/wp-content\/uploads\/2022\/05\/Color-Settings-768x768.png 768w, https:\/\/www.leaplytics.de\/wp-content\/uploads\/2022\/05\/Color-Settings-1536x1536.png 1536w, https:\/\/www.leaplytics.de\/wp-content\/uploads\/2022\/05\/Color-Settings-2048x2048.png 2048w, https:\/\/www.leaplytics.de\/wp-content\/uploads\/2022\/05\/Color-Settings-370x370.png 370w, https:\/\/www.leaplytics.de\/wp-content\/uploads\/2022\/05\/Color-Settings-60x60.png 60w, https:\/\/www.leaplytics.de\/wp-content\/uploads\/2022\/05\/Color-Settings-600x600.png 600w, https:\/\/www.leaplytics.de\/wp-content\/uploads\/2022\/05\/Color-Settings-100x100.png 100w\" sizes=\"auto, (max-width: 1024px) 100vw, 1024px\" \/><\/figure><div class=\"wp-block-media-text__content\">\n<p style=\"font-size:22px\"><strong>Nastaven\u00ed barev<\/strong><\/p>\n\n\n\n<p>Zm\u011b\u0148te barvu v\u0161ech grafick\u00fdch prvk\u016f tak, aby odpov\u00eddala va\u0161im standard\u016fm CI.<\/p>\n<\/div><\/div>\n<\/div>\n\n\n\n<div class=\"wp-block-column is-layout-flow wp-block-column-is-layout-flow\">\n<div class=\"wp-block-media-text alignwide is-stacked-on-mobile\" style=\"grid-template-columns:15% auto\"><figure class=\"wp-block-media-text__media\"><img loading=\"lazy\" decoding=\"async\" width=\"1021\" height=\"1024\" src=\"https:\/\/www.leaplytics.de\/wp-content\/uploads\/2022\/05\/Text-Settings-1021x1024.png\" alt=\"\" class=\"wp-image-7711 size-full\" srcset=\"https:\/\/www.leaplytics.de\/wp-content\/uploads\/2022\/05\/Text-Settings-1021x1024.png 1021w, https:\/\/www.leaplytics.de\/wp-content\/uploads\/2022\/05\/Text-Settings-300x300.png 300w, https:\/\/www.leaplytics.de\/wp-content\/uploads\/2022\/05\/Text-Settings-150x150.png 150w, https:\/\/www.leaplytics.de\/wp-content\/uploads\/2022\/05\/Text-Settings-768x771.png 768w, https:\/\/www.leaplytics.de\/wp-content\/uploads\/2022\/05\/Text-Settings-1531x1536.png 1531w, https:\/\/www.leaplytics.de\/wp-content\/uploads\/2022\/05\/Text-Settings-2041x2048.png 2041w, https:\/\/www.leaplytics.de\/wp-content\/uploads\/2022\/05\/Text-Settings-370x370.png 370w, https:\/\/www.leaplytics.de\/wp-content\/uploads\/2022\/05\/Text-Settings-60x60.png 60w, https:\/\/www.leaplytics.de\/wp-content\/uploads\/2022\/05\/Text-Settings-600x602.png 600w, https:\/\/www.leaplytics.de\/wp-content\/uploads\/2022\/05\/Text-Settings-100x100.png 100w\" sizes=\"auto, (max-width: 1021px) 100vw, 1021px\" \/><\/figure><div class=\"wp-block-media-text__content\">\n<p style=\"font-size:22px\"><strong>Nastaven\u00ed textu<\/strong><\/p>\n\n\n\n<p>Vyu\u017eijte nastaven\u00ed textu a p\u0159izp\u016fsobte vzhled textu sv\u00fdm individu\u00e1ln\u00edm pot\u0159eb\u00e1m. <\/p>\n<\/div><\/div>\n<\/div>\n<\/div>\n\n\n\n<div style=\"height:50px\" aria-hidden=\"true\" class=\"wp-block-spacer\"><\/div>\n\n\n\n<div class=\"wp-block-columns is-layout-flex wp-container-core-columns-is-layout-3 wp-block-columns-is-layout-flex\">\n<div class=\"wp-block-column is-layout-flow wp-block-column-is-layout-flow\">\n<div class=\"wp-block-media-text alignwide is-stacked-on-mobile\" style=\"grid-template-columns:15% auto\"><figure class=\"wp-block-media-text__media\"><img loading=\"lazy\" decoding=\"async\" width=\"1024\" height=\"1024\" src=\"https:\/\/www.leaplytics.de\/wp-content\/uploads\/2022\/06\/Certification-1-1024x1024.png\" alt=\"\" class=\"wp-image-8453 size-full\" srcset=\"https:\/\/www.leaplytics.de\/wp-content\/uploads\/2022\/06\/Certification-1-1024x1024.png 1024w, https:\/\/www.leaplytics.de\/wp-content\/uploads\/2022\/06\/Certification-1-300x300.png 300w, https:\/\/www.leaplytics.de\/wp-content\/uploads\/2022\/06\/Certification-1-150x150.png 150w, https:\/\/www.leaplytics.de\/wp-content\/uploads\/2022\/06\/Certification-1-768x768.png 768w, https:\/\/www.leaplytics.de\/wp-content\/uploads\/2022\/06\/Certification-1-1536x1536.png 1536w, https:\/\/www.leaplytics.de\/wp-content\/uploads\/2022\/06\/Certification-1-2048x2048.png 2048w, https:\/\/www.leaplytics.de\/wp-content\/uploads\/2022\/06\/Certification-1-370x370.png 370w, https:\/\/www.leaplytics.de\/wp-content\/uploads\/2022\/06\/Certification-1-60x60.png 60w\" sizes=\"auto, (max-width: 1024px) 100vw, 1024px\" \/><\/figure><div class=\"wp-block-media-text__content\">\n<p style=\"font-size:22px\"><strong>Certifikace PBI<\/strong><\/p>\n\n\n\n<p>Tento vizu\u00e1l spl\u0148uje nejvy\u0161\u0161\u00ed bezpe\u010dnostn\u00ed standardy spole\u010dnosti Microsoft a podporuje export do soubor\u016f PDF a PowerPoint.<\/p>\n<\/div><\/div>\n<\/div>\n\n\n\n<div class=\"wp-block-column is-layout-flow wp-block-column-is-layout-flow\"><\/div>\n<\/div>\n\n\n\n<div style=\"height:50px\" aria-hidden=\"true\" class=\"wp-block-spacer\"><\/div>\n<\/div><\/div>\n\n\n\n<div style=\"height:75px\" aria-hidden=\"true\" class=\"wp-block-spacer\"><\/div>\n\n\n\n<figure class=\"wp-block-embed is-type-video is-provider-youtube wp-block-embed-youtube wp-embed-aspect-16-9 wp-has-aspect-ratio\"><div class=\"wp-block-embed__wrapper\" align=\"center\">\n<iframe loading=\"lazy\" title=\"Power BI - Semafor KPI Visual\" width=\"770\" height=\"433\" src=\"https:\/\/www.youtube.com\/embed\/Ss6B1O-qtnA?feature=oembed\" frameborder=\"0\" allow=\"accelerometer; autoplay; clipboard-write; encrypted-media; gyroscope; picture-in-picture; web-share\" allowfullscreen><\/iframe>\n<\/div><\/figure>\n\n\n\n<div style=\"height:45px\" aria-hidden=\"true\" class=\"wp-block-spacer\"><\/div>\n\n\n\n<h3 class=\"has-text-align-center wp-block-heading\">Z\u00edskejte ji hned!<\/h3>\n\n\n\n<div style=\"height:50px\" aria-hidden=\"true\" class=\"wp-block-spacer\"><\/div>\n\n\n\n<div class=\"wp-block-columns alignwide is-layout-flex wp-container-core-columns-is-layout-4 wp-block-columns-is-layout-flex\">\n<div class=\"wp-block-column has-text-color has-background has-link-color wp-elements-6226b2130b508035f3b09a7442aec556 is-layout-flow wp-block-column-is-layout-flow\" style=\"color:#000000;background-color:#eeeeee;padding-top:2em;padding-right:2em;padding-bottom:2em;padding-left:2em\">\n<h2 class=\"wp-block-heading\" id=\"single\" style=\"font-size:40px\"><strong>Zku\u0161ebn\u00ed verze<\/strong><\/h2>\n\n\n\n<div style=\"height:10px\" aria-hidden=\"true\" class=\"wp-block-spacer\"><\/div>\n\n\n\n<p class=\"has-normal-font-size\" style=\"line-height:1.5\">Zku\u0161ebn\u00ed verzi LeapLytics - Traffic Light m\u016f\u017eete pou\u017e\u00edvat po dobu \u010dty\u0159 t\u00fddn\u016f zdarma na libovoln\u00e9m serveru a v libovoln\u00e9 spole\u010dnosti. Vyzkou\u0161ejte si nyn\u00ed, zda na\u0161e \u0159e\u0161en\u00ed spl\u0148uje va\u0161e po\u017eadavky.<\/p>\n\n\n\n<div style=\"height:10px\" aria-hidden=\"true\" class=\"wp-block-spacer\"><\/div>\n\n\n\n<hr class=\"wp-block-separator has-text-color has-css-opacity has-background is-style-wide\" style=\"background-color:#000000;color:#000000\"\/>\n\n\n\n<div style=\"height:10px\" aria-hidden=\"true\" class=\"wp-block-spacer\"><\/div>\n\n\n\n<p><i class=\"fas fa-check\"><\/i> Syst\u00e9m t\u0159\u00ed sv\u011btel<\/p>\n\n\n\n<p><i class=\"fas fa-check\"><\/i>  Syst\u00e9m dvou sv\u011btel<\/p>\n\n\n\n<p><i class=\"fas fa-check\"><\/i> Syst\u00e9m jednoho sv\u011btla<\/p>\n\n\n\n<p><i class=\"fas fa-check\"><\/i> Vertik\u00e1ln\u00ed zarovn\u00e1n\u00ed<\/p>\n\n\n\n<p><i class=\"fas fa-check\"><\/i> Vodorovn\u00e9 zarovn\u00e1n\u00ed<\/p>\n\n\n\n<p><i class=\"fas fa-check\"><\/i> Nastaven\u00ed hranic<\/p>\n\n\n\n<p><i class=\"fas fa-check\"><\/i> Nastaven\u00ed textu<\/p>\n\n\n\n<p><i class=\"fas fa-check\"><\/i> Nastaven\u00ed barev<\/p>\n\n\n\n<div class=\"wp-block-buttons alignfull is-horizontal is-content-justification-center is-layout-flex wp-container-core-buttons-is-layout-1 wp-block-buttons-is-layout-flex\">\n<div class=\"wp-block-button\"><a class=\"wp-block-button__link has-white-color has-text-color wp-element-button\" href=\"https:\/\/appsource.microsoft.com\/en-en\/product\/power-bi-visuals\/leaplyticsgmbh1633373694058.leaplytics_traffic_light\" target=\"_blank\" rel=\"noreferrer noopener\">Ke sta\u017een\u00ed ZDARMA<\/a><\/div>\n\n\n\n<div class=\"wp-block-button\"><a class=\"wp-block-button__link has-white-color has-text-color wp-element-button\" href=\"https:\/\/www.leaplytics.de\/cs\/zkusebni-provoz-se-svetelnou-signalizaci\/\">Vy\u017e\u00e1dat si TRIAL<\/a><\/div>\n<\/div>\n<\/div>\n\n\n\n<div class=\"wp-block-column has-text-color has-background has-link-color wp-elements-60bfb23c4dfc59182e0371e21c3f4f32 is-layout-flow wp-block-column-is-layout-flow\" style=\"color:#000000;background-color:#f2c80f;padding-top:2em;padding-right:2em;padding-bottom:2em;padding-left:2em\">\n<h2 class=\"wp-block-heading\" id=\"family\" style=\"font-size:40px\"><strong>Verze PRO<\/strong><\/h2>\n\n\n\n<div style=\"height:10px\" aria-hidden=\"true\" class=\"wp-block-spacer\"><\/div>\n\n\n\n<p class=\"has-normal-font-size\" style=\"line-height:1.5\">Verze PRO aplikace LeapLytics - Semafor uvol\u0148uje plnou s\u00edlu tohoto vizu\u00e1lu. Jedna licence na server a spole\u010dnost - jedna cena na rok. <\/p>\n\n\n\n<div style=\"height:10px\" aria-hidden=\"true\" class=\"wp-block-spacer\"><\/div>\n\n\n\n<hr class=\"wp-block-separator has-text-color has-black-color has-css-opacity has-black-background-color has-background is-style-wide\"\/>\n\n\n\n<div style=\"height:10px\" aria-hidden=\"true\" class=\"wp-block-spacer\"><\/div>\n\n\n\n<p><i class=\"fas fa-check\"><\/i>   Syst\u00e9m t\u0159\u00ed sv\u011btel<\/p>\n\n\n\n<p><i class=\"fas fa-check\"><\/i>   Syst\u00e9m dvou sv\u011btel<\/p>\n\n\n\n<p><i class=\"fas fa-check\"><\/i> Syst\u00e9m jednoho sv\u011btla<\/p>\n\n\n\n<p><i class=\"fas fa-check\"><\/i> Vertik\u00e1ln\u00ed zarovn\u00e1n\u00ed<\/p>\n\n\n\n<p><i class=\"fas fa-check\"><\/i> Vodorovn\u00e9 zarovn\u00e1n\u00ed<\/p>\n\n\n\n<p><i class=\"fas fa-check\"><\/i> Nastaven\u00ed hranic<\/p>\n\n\n\n<p><i class=\"fas fa-check\"><\/i> Nastaven\u00ed textu<\/p>\n\n\n\n<p><i class=\"fas fa-check\"><\/i> Nastaven\u00ed barev<\/p>\n\n\n\n<div class=\"wp-block-buttons alignfull is-horizontal is-content-justification-center is-layout-flex wp-container-core-buttons-is-layout-2 wp-block-buttons-is-layout-flex\">\n<div class=\"wp-block-button\"><a class=\"wp-block-button__link has-white-color has-text-color wp-element-button\" href=\"https:\/\/shop.leaplytics.de\/product\/power-bi-traffic-light\/\">Z\u00edskat verzi PRO<\/a><\/div>\n<\/div>\n<\/div>\n<\/div>\n\n\n\n<h3 class=\"has-text-align-center wp-block-heading\">V\u00fdukov\u00e9 programy<\/h3>\n\n\n\n<figure class=\"wp-block-embed is-type-wp-embed is-provider-leaplytics wp-block-embed-leaplytics\"><div class=\"wp-block-embed__wrapper\">\n<blockquote class=\"wp-embedded-content\" data-secret=\"cwg50Zk5fq\"><a href=\"https:\/\/www.leaplytics.de\/cs\/zaciname-svetelnou-signalizaci-bi\/\">Za\u010d\u00edn\u00e1me - Semafor<\/a><\/blockquote><iframe loading=\"lazy\" class=\"wp-embedded-content\" sandbox=\"allow-scripts\" security=\"restricted\" style=\"position: absolute; clip: rect(1px, 1px, 1px, 1px);\" title=\"&quot;Za\u010d\u00edn\u00e1me - Semafor&quot; - LeapLytics\" src=\"https:\/\/www.leaplytics.de\/getting-started-traffic-light-power-bi\/embed\/#?secret=JIdoTDIlqE#?secret=cwg50Zk5fq\" data-secret=\"cwg50Zk5fq\" width=\"600\" height=\"338\" frameborder=\"0\" marginwidth=\"0\" marginheight=\"0\" scrolling=\"no\"><\/iframe>\n<\/div><\/figure>\n\n\n\n<figure class=\"wp-block-embed is-type-wp-embed is-provider-leaplytics wp-block-embed-leaplytics\"><div class=\"wp-block-embed__wrapper\">\n<blockquote class=\"wp-embedded-content\" data-secret=\"UYaIRF2azY\"><a href=\"https:\/\/www.leaplytics.de\/cs\/moznosti-formatu-svetelna-signalizace-napajeni-bi\/\">Mo\u017enosti form\u00e1tu - Semafor<\/a><\/blockquote><iframe loading=\"lazy\" class=\"wp-embedded-content\" sandbox=\"allow-scripts\" security=\"restricted\" style=\"position: absolute; clip: rect(1px, 1px, 1px, 1px);\" title=\"&quot;Mo\u017enosti form\u00e1tu - Semafor&quot; - LeapLytics\" src=\"https:\/\/www.leaplytics.de\/format-options-traffic-light-power-bi\/embed\/#?secret=AAuzBxTRft#?secret=UYaIRF2azY\" data-secret=\"UYaIRF2azY\" width=\"600\" height=\"338\" frameborder=\"0\" marginwidth=\"0\" marginheight=\"0\" scrolling=\"no\"><\/iframe>\n<\/div><\/figure>\n\n\n\n<div style=\"height:100px\" aria-hidden=\"true\" class=\"wp-block-spacer\"><\/div>\n\n\n\n<h3 class=\"has-text-align-center wp-block-heading\">Dokumentace:<\/h3>\n\n\n<div class=\"_df_book df-lite\" id=\"df_2352\"  _slug=\"traffic-light-power-bi\" data-title=\"traffic-light-power-bi\" wpoptions=\"true\" thumb=\"https:\/\/www.leaplytics.de\/wp-content\/uploads\/2020\/10\/Three-Traffic-Lights-e1613769321194.png\" thumbtype=\"\" ><\/div><script class=\"df-shortcode-script\" nowprocket type=\"application\/javascript\">window.option_df_2352 = {\"outline\":[],\"autoEnableOutline\":\"false\",\"autoEnableThumbnail\":\"false\",\"overwritePDFOutline\":\"false\",\"direction\":\"1\",\"pageSize\":\"0\",\"source\":\"https:\\\/\\\/www.leaplytics.de\\\/wp-content\\\/uploads\\\/2021\\\/11\\\/Traffic-Light-PowerBI-User-Documentation_1.0.pdf\",\"wpOptions\":\"true\"}; if(window.DFLIP && window.DFLIP.parseBooks){window.DFLIP.parseBooks();}<\/script>\n\n\n\n<div style=\"height:50px\" aria-hidden=\"true\" class=\"wp-block-spacer\"><\/div>\n\n\n\n<div class=\"wp-block-buttons is-content-justification-center is-layout-flex wp-container-core-buttons-is-layout-3 wp-block-buttons-is-layout-flex\">\n<div class=\"wp-block-button aligncenter has-custom-font-size\" style=\"font-size:16px\"><a class=\"wp-block-button__link wp-element-button\" href=\"https:\/\/www.leaplytics.de\/wp-content\/uploads\/2021\/11\/Traffic-Light-PowerBI-User-Documentation_1.0.pdf\" target=\"_blank\" rel=\"noreferrer noopener\">St\u00e1hnout dokumentaci<\/a><\/div>\n<\/div>\n\n\n\n<p class=\"has-text-align-right\"><a href=\"#\">Zp\u011bt na za\u010d\u00e1tek \u25b2<\/a><\/p>","protected":false},"excerpt":{"rendered":"<p>Sledujte stav projektu a jeho miln\u00edky pomoc\u00ed tohoto vizu\u00e1ln\u00edho semaforu! To je hlavn\u00edm c\u00edlem tohoto vizu\u00e1ln\u00edho \u0159e\u0161en\u00ed Traffic Light Custom Visual pro Microsoft Power BI. \"Semafor\" je vysoce p\u0159izp\u016fsobiteln\u00e9 vizu\u00e1ln\u00ed \u0159e\u0161en\u00ed Power BI pro sledov\u00e1n\u00ed va\u0161ich kl\u00ed\u010dov\u00fdch ukazatel\u016f v\u00fdkonnosti. N\u011bkolik nastaven\u00ed, jako je horizont\u00e1ln\u00ed a vertik\u00e1ln\u00ed zarovn\u00e1n\u00ed nebo syst\u00e9m dvou\/t\u0159\u00ed sv\u011btel, p\u0159izp\u016fsob\u00ed tento vizu\u00e1l va\u0161im pot\u0159eb\u00e1m reportov\u00e1n\u00ed.<br \/>\nTuto vizu\u00e1ln\u00ed pom\u016fcku lze tak\u00e9 pou\u017e\u00edt pro sledov\u00e1n\u00ed a ozna\u010dov\u00e1n\u00ed prahov\u00fdch hodnot pro v\u0161echny typy fyzik\u00e1ln\u00edch m\u011b\u0159en\u00ed, ukazatel\u016f kvality a odchylek obecn\u011b. D\u00edky tomu jej lze aplikovat na \u0161irok\u00fd po\u010det p\u0159\u00edpad\u016f pou\u017eit\u00ed, kter\u00e9 se vyskytuj\u00ed v r\u016fzn\u00fdch podnic\u00edch.<\/p>","protected":false},"author":1,"featured_media":0,"parent":2301,"menu_order":1,"comment_status":"closed","ping_status":"closed","template":"","meta":{"footnotes":""},"class_list":["post-2170","page","type-page","status-publish","hentry","latest_post"],"_links":{"self":[{"href":"https:\/\/www.leaplytics.de\/cs\/wp-json\/wp\/v2\/pages\/2170","targetHints":{"allow":["GET"]}}],"collection":[{"href":"https:\/\/www.leaplytics.de\/cs\/wp-json\/wp\/v2\/pages"}],"about":[{"href":"https:\/\/www.leaplytics.de\/cs\/wp-json\/wp\/v2\/types\/page"}],"author":[{"embeddable":true,"href":"https:\/\/www.leaplytics.de\/cs\/wp-json\/wp\/v2\/users\/1"}],"replies":[{"embeddable":true,"href":"https:\/\/www.leaplytics.de\/cs\/wp-json\/wp\/v2\/comments?post=2170"}],"version-history":[{"count":0,"href":"https:\/\/www.leaplytics.de\/cs\/wp-json\/wp\/v2\/pages\/2170\/revisions"}],"up":[{"embeddable":true,"href":"https:\/\/www.leaplytics.de\/cs\/wp-json\/wp\/v2\/pages\/2301"}],"wp:attachment":[{"href":"https:\/\/www.leaplytics.de\/cs\/wp-json\/wp\/v2\/media?parent=2170"}],"curies":[{"name":"wp","href":"https:\/\/api.w.org\/{rel}","templated":true}]}}