{"id":227,"date":"2020-10-17T14:47:14","date_gmt":"2020-10-17T12:47:14","guid":{"rendered":"https:\/\/www.leaplytics.de\/?page_id=227"},"modified":"2024-10-29T13:34:48","modified_gmt":"2024-10-29T12:34:48","slug":"rozsireni-qlik-sense","status":"publish","type":"page","link":"https:\/\/www.leaplytics.de\/cs\/titulni-stranka\/rozsireni-qlik-sense\/","title":{"rendered":"Roz\u0161\u00ed\u0159en\u00ed pro \u0159\u00edzen\u00ed projekt\u016f Qlik Sense"},"content":{"rendered":"<p><strong>Efektivn\u00ed a obchodn\u00ed -\u00a0<\/strong>Jedn\u00e1 se o ochrannou zn\u00e1mku spole\u010dnosti LeapLytics a p\u0159idanou hodnotu na\u0161ich \u0159e\u0161en\u00ed, nap\u0159. roz\u0161\u00ed\u0159en\u00ed pro \u0159\u00edzen\u00ed projekt\u016f Qlik Sense.\u00a0<\/p>\n<p>Na\u0161e roz\u0161\u00ed\u0159en\u00ed pro \u0159\u00edzen\u00ed projekt\u016f jsou ofici\u00e1ln\u011b schv\u00e1lena spole\u010dnost\u00ed Qlik a zahrnuj\u00ed va\u0161e individu\u00e1ln\u00ed \u0159e\u0161en\u00ed. Vyu\u017eijte r\u016fzn\u00e9 mo\u017enosti k vylep\u0161en\u00ed sv\u00e9ho \u0159\u00eddic\u00edho panelu a k realizaci sv\u00fdch n\u00e1pad\u016f. Roz\u0161\u00ed\u0159en\u00ed se \u0159\u00edd\u00ed jasnou strukturou a jsou vytv\u00e1\u0159ena se zam\u011b\u0159en\u00edm na u\u017eivatele, aby byla co nejintuitivn\u011bj\u0161\u00ed, ani\u017e by se vzd\u00e1vala d\u016fle\u017eit\u00e9 funkcionality.<\/p>\n<p style=\"text-align: left;\">Komplexn\u00ed dokumentace s podrobn\u00fdm popisem mo\u017en\u00fdch p\u0159\u00edpad\u016f pou\u017eit\u00ed proto urychluje pou\u017eit\u00ed a implementaci.<\/p>\n\n\n<div class=\"wp-block-media-text is-stacked-on-mobile\" style=\"grid-template-columns:42% auto\"><figure class=\"wp-block-media-text__media\"><img decoding=\"async\" src=\"https:\/\/www.leaplytics.de\/wp-content\/uploads\/2021\/11\/Accelerators_1_300pixel.png\" alt=\"\"\/><\/figure><div class=\"wp-block-media-text__content\">\n<h1 class=\"wp-block-heading\" style=\"font-size:40px;font-style:normal;font-weight:500;letter-spacing:2px\">Sada pro \u0159\u00edzen\u00ed projekt\u016f LeapLytics<\/h1>\n<\/div><\/div>\n\n\n\n<div class=\"wp-block-media-text is-stacked-on-mobile\" style=\"grid-template-columns:42% auto\"><figure class=\"wp-block-media-text__media\"><img loading=\"lazy\" decoding=\"async\" width=\"287\" height=\"300\" src=\"https:\/\/www.leaplytics.de\/wp-content\/uploads\/2021\/11\/TrafficLight300pixel.png\" alt=\"\" class=\"wp-image-2361 size-full\" srcset=\"https:\/\/www.leaplytics.de\/wp-content\/uploads\/2021\/11\/TrafficLight300pixel.png 287w, https:\/\/www.leaplytics.de\/wp-content\/uploads\/2021\/11\/TrafficLight300pixel-57x60.png 57w\" sizes=\"auto, (max-width: 287px) 100vw, 287px\" \/><\/figure><div class=\"wp-block-media-text__content\">\n<h1 class=\"wp-block-heading\" style=\"font-size:40px;font-style:normal;font-weight:500;letter-spacing:2px\">Semafor pro QlikSense<\/h1>\n<\/div><\/div>\n\n\n\n<div class=\"wp-block-media-text is-stacked-on-mobile\" style=\"grid-template-columns:42% auto\"><figure class=\"wp-block-media-text__media\"><img loading=\"lazy\" decoding=\"async\" width=\"287\" height=\"300\" src=\"https:\/\/www.leaplytics.de\/wp-content\/uploads\/2021\/11\/RiskHeatmap-Kasten-Blau_300pixel.png\" alt=\"\" class=\"wp-image-2363 size-full\" srcset=\"https:\/\/www.leaplytics.de\/wp-content\/uploads\/2021\/11\/RiskHeatmap-Kasten-Blau_300pixel.png 287w, https:\/\/www.leaplytics.de\/wp-content\/uploads\/2021\/11\/RiskHeatmap-Kasten-Blau_300pixel-57x60.png 57w\" sizes=\"auto, (max-width: 287px) 100vw, 287px\" \/><\/figure><div class=\"wp-block-media-text__content\">\n<h1 class=\"wp-block-heading\" style=\"font-size:40px;font-style:normal;font-weight:500;letter-spacing:2px\">Matice rizik pro QlikSense<\/h1>\n<\/div><\/div>\n\n\n\n<div class=\"wp-block-media-text is-stacked-on-mobile\" style=\"grid-template-columns:42% auto\"><figure class=\"wp-block-media-text__media\"><img loading=\"lazy\" decoding=\"async\" width=\"287\" height=\"300\" src=\"https:\/\/www.leaplytics.de\/wp-content\/uploads\/2021\/11\/TIMELINE_300pixel.png\" alt=\"\" class=\"wp-image-2364 size-full\" srcset=\"https:\/\/www.leaplytics.de\/wp-content\/uploads\/2021\/11\/TIMELINE_300pixel.png 287w, https:\/\/www.leaplytics.de\/wp-content\/uploads\/2021\/11\/TIMELINE_300pixel-57x60.png 57w\" sizes=\"auto, (max-width: 287px) 100vw, 287px\" \/><\/figure><div class=\"wp-block-media-text__content\">\n<h1 class=\"wp-block-heading\" style=\"font-size:40px;font-style:normal;font-weight:500;letter-spacing:2px\">\u010casov\u00e1 osa pro QlikSense<\/h1>\n<\/div><\/div>\n\n\n\n<p><\/p>\n\n\n\n<p>Dal\u0161\u00ed podrobnosti najdete v \u010d\u00e1sti:<a rel=\"noreferrer noopener\" href=\"https:\/\/github.com\/leaplytics\" target=\"_blank\"> https:\/\/github.com\/leaplytics<\/a><\/p>\n\n\n\n<p>Pokud v\u00e1s zaj\u00edm\u00e1, co by roz\u0161\u00ed\u0159en\u00ed Qlik Sense pro \u0159\u00edzen\u00ed projekt\u016f znamenalo pro va\u0161e prost\u0159ed\u00ed, r\u00e1di si s v\u00e1mi domluv\u00edme sch\u016fzku. V takov\u00e9m p\u0159\u00edpad\u011b nebo pokud m\u00e1te dotazy t\u00fdkaj\u00edc\u00ed se podrobnost\u00ed, informac\u00ed o implementaci a cen\u011b, dejte n\u00e1m pros\u00edm v\u011bd\u011bt a my se s v\u00e1mi spoj\u00edme v kr\u00e1tk\u00e9m \u010dase:<\/p>\n\n\n<div class=\"wpforms-container wpforms-container-full\" id=\"wpforms-10645\"><form id=\"wpforms-form-10645\" class=\"wpforms-validate wpforms-form wpforms-ajax-form\" data-formid=\"10645\" method=\"post\" enctype=\"multipart\/form-data\" action=\"\/cs\/wp-json\/wp\/v2\/pages\/227\" data-token=\"41977e70f35c3d60b9389276a11a8831\" data-token-time=\"1776080431\" data-trp-original-action=\"\/cs\/wp-json\/wp\/v2\/pages\/227\"><noscript class=\"wpforms-error-noscript\">Chcete-li vyplnit tento formul\u00e1\u0159, pros\u00edm povolte v prohl\u00ed\u017ee\u010di JavaScript.<\/noscript><div class=\"wpforms-field-container\"><div id=\"wpforms-10645-field_0-container\" class=\"wpforms-field wpforms-field-name\" data-field-id=\"0\"><label class=\"wpforms-field-label\">N\u00e1zev <span class=\"wpforms-required-label\">*<\/span><\/label><div class=\"wpforms-field-row wpforms-field-medium\"><div class=\"wpforms-field-row-block wpforms-first wpforms-one-half\"><input type=\"text\" id=\"wpforms-10645-field_0\" class=\"wpforms-field-name-first wpforms-field-required\" name=\"wpforms[fields][0][first]\" required><label for=\"wpforms-10645-field_0\" class=\"wpforms-field-sublabel after\">K\u0159estn\u00ed jm\u00e9no<\/label><\/div><div class=\"wpforms-field-row-block wpforms-one-half\"><input type=\"text\" id=\"wpforms-10645-field_0-last\" class=\"wpforms-field-name-last wpforms-field-required\" name=\"wpforms[fields][0][last]\" required><label for=\"wpforms-10645-field_0-last\" class=\"wpforms-field-sublabel after\">P\u0159\u00edjmen\u00ed<\/label><\/div><\/div><\/div><div id=\"wpforms-10645-field_1-container\" class=\"wpforms-field wpforms-field-email\" data-field-id=\"1\"><label class=\"wpforms-field-label\" for=\"wpforms-10645-field_1\">E-mail <span class=\"wpforms-required-label\">*<\/span><\/label><input type=\"email\" id=\"wpforms-10645-field_1\" class=\"wpforms-field-medium wpforms-field-required\" data-rule-restricted-email=\"1\" name=\"wpforms[fields][1]\" spellcheck=\"false\" required><\/div><div id=\"wpforms-10645-field_3-container\" class=\"wpforms-field wpforms-field-text\" data-field-id=\"3\"><label class=\"wpforms-field-label\" for=\"wpforms-10645-field_3\">Spole\u010dnost <span class=\"wpforms-required-label\">*<\/span><\/label><input type=\"text\" id=\"wpforms-10645-field_3\" class=\"wpforms-field-medium wpforms-field-required\" name=\"wpforms[fields][3]\" required><\/div><div id=\"wpforms-10645-field_2-container\" class=\"wpforms-field wpforms-field-textarea\" data-field-id=\"2\"><label class=\"wpforms-field-label\" for=\"wpforms-10645-field_2\">Koment\u00e1\u0159 nebo zpr\u00e1va<\/label><textarea id=\"wpforms-10645-field_2\" class=\"wpforms-field-medium\" name=\"wpforms[fields][2]\" ><\/textarea><\/div><div id=\"wpforms-10645-field_4-container\" class=\"wpforms-field wpforms-field-gdpr-checkbox\" data-field-id=\"4\"><label class=\"wpforms-field-label\">Dohoda o GDPR <span class=\"wpforms-required-label\">*<\/span><\/label><ul id=\"wpforms-10645-field_4\" class=\"wpforms-field-required\"><li class=\"choice-1\"><input type=\"checkbox\" id=\"wpforms-10645-field_4_1\" name=\"wpforms[fields][4][]\" value=\"I consent to having this website store my submitted information so they can respond to my inquiry.\" required><label class=\"wpforms-field-label-inline\" for=\"wpforms-10645-field_4_1\">Souhlas\u00edm s t\u00edm, aby tyto webov\u00e9 str\u00e1nky ukl\u00e1daly mnou zaslan\u00e9 informace a mohly tak odpov\u011bd\u011bt na m\u016fj dotaz.<\/label><\/li><\/ul><\/div><\/div><!-- .wpforms-field-container --><div class=\"wpforms-recaptcha-container wpforms-is-recaptcha wpforms-is-recaptcha-type-v3\" ><input type=\"hidden\" name=\"wpforms[recaptcha]\" value=\"\"><\/div><div class=\"wpforms-submit-container\" ><input type=\"hidden\" name=\"wpforms[id]\" value=\"10645\"><input type=\"hidden\" name=\"page_title\" value=\"\"><input type=\"hidden\" name=\"page_url\" value=\"https:\/\/www.leaplytics.de\/cs\/wp-json\/wp\/v2\/pages\/227\"><input type=\"hidden\" name=\"url_referer\" value=\"\"><button type=\"submit\" name=\"wpforms[submit]\" id=\"wpforms-submit-10645\" class=\"wpforms-submit\" data-alt-text=\"Sending...\" data-submit-text=\"Submit\" aria-live=\"assertive\" value=\"wpforms-submit\">Odeslat<\/button><img loading=\"lazy\" decoding=\"async\" src=\"https:\/\/www.leaplytics.de\/wp-content\/plugins\/wpforms-lite\/assets\/images\/submit-spin.svg\" class=\"wpforms-submit-spinner\" style=\"display: none;\" width=\"26\" height=\"26\" alt=\"Na\u010d\u00edt\u00e1n\u00ed\"><\/div><input type=\"hidden\" name=\"trp-form-language\" value=\"cs\"\/><\/form><\/div>  <!-- .wpforms-container -->","protected":false},"excerpt":{"rendered":"<p>Efektivn\u00ed a s obchodem souvisej\u00edc\u00ed je ochrannou zn\u00e1mkou spole\u010dnosti LeapLytics a p\u0159idanou hodnotou na\u0161ich \u0159e\u0161en\u00ed.\u00a0<\/p>","protected":false},"author":1,"featured_media":0,"parent":111,"menu_order":0,"comment_status":"closed","ping_status":"closed","template":"","meta":{"footnotes":""},"class_list":["post-227","page","type-page","status-publish","hentry","latest_post"],"_links":{"self":[{"href":"https:\/\/www.leaplytics.de\/cs\/wp-json\/wp\/v2\/pages\/227","targetHints":{"allow":["GET"]}}],"collection":[{"href":"https:\/\/www.leaplytics.de\/cs\/wp-json\/wp\/v2\/pages"}],"about":[{"href":"https:\/\/www.leaplytics.de\/cs\/wp-json\/wp\/v2\/types\/page"}],"author":[{"embeddable":true,"href":"https:\/\/www.leaplytics.de\/cs\/wp-json\/wp\/v2\/users\/1"}],"replies":[{"embeddable":true,"href":"https:\/\/www.leaplytics.de\/cs\/wp-json\/wp\/v2\/comments?post=227"}],"version-history":[{"count":3,"href":"https:\/\/www.leaplytics.de\/cs\/wp-json\/wp\/v2\/pages\/227\/revisions"}],"predecessor-version":[{"id":13662,"href":"https:\/\/www.leaplytics.de\/cs\/wp-json\/wp\/v2\/pages\/227\/revisions\/13662"}],"up":[{"embeddable":true,"href":"https:\/\/www.leaplytics.de\/cs\/wp-json\/wp\/v2\/pages\/111"}],"wp:attachment":[{"href":"https:\/\/www.leaplytics.de\/cs\/wp-json\/wp\/v2\/media?parent=227"}],"curies":[{"name":"wp","href":"https:\/\/api.w.org\/{rel}","templated":true}]}}