{"id":23,"date":"2020-10-13T23:19:51","date_gmt":"2020-10-13T21:19:51","guid":{"rendered":"https:\/\/www.blytics.de\/?page_id=23"},"modified":"2025-04-15T20:00:36","modified_gmt":"2025-04-15T18:00:36","slug":"o","status":"publish","type":"page","link":"https:\/\/www.leaplytics.de\/cs\/o\/","title":{"rendered":"Vznik spole\u010dnosti LeapLytics"},"content":{"rendered":"<p>P\u0159\u00edb\u011bh dvou p\u0159\u00e1tel z n\u011bmeck\u00e9ho Frankfurtu. Psal se rok 2020. Pracovali jsme v n\u011bkolika projektov\u00fdch rol\u00edch, nap\u0159\u00edklad jako vedouc\u00ed projektu, strategick\u00fd a operativn\u00ed PMO. A uv\u011bdomili jsme si, \u017ee skute\u010dn\u00e9 \u0159e\u0161en\u00ed pro reporting a anal\u00fdzu projektov\u00e9ho \u0159\u00edzen\u00ed, kter\u00e9 by vyhovovalo pot\u0159eb\u00e1m n\u011bkolika rol\u00ed projektov\u00e9ho \u0159\u00edzen\u00ed, nen\u00ed po ruce. Proto jsme za\u010dali p\u0159eskakovat projektov\u00e9 \u0159\u00edzen\u00ed s nov\u00fdmi n\u00e1pady na analytick\u00e1 \u0159e\u0161en\u00ed.<\/p>\n\n\n\n<p>Spole\u010dnost LeapLytics jsme zalo\u017eili s viz\u00ed uv\u00e9st do \u017eivota analytiku souvisej\u00edc\u00ed s \u0159\u00edzen\u00edm projekt\u016f. Od po\u010d\u00e1tku bylo jasn\u00e9, \u017ee integrovan\u00fd reporting nelze zajistit samostatn\u00fdmi \u0159e\u0161en\u00edmi, ale integrovan\u00fdm p\u0159\u00edstupem. Projektov\u00fd reporting by m\u011bl b\u00fdt mo\u017en\u00fd s ji\u017e existuj\u00edc\u00edmi \u0159e\u0161en\u00edmi ve firm\u00e1ch a skupin\u00e1ch.<\/p>\n\n\n\n<p>Spole\u010dnost LeapLytics dnes p\u0159edstavuje sv\u011b\u017e\u00ed a inovativn\u00ed \u0159e\u0161en\u00ed pro reporting, kter\u00e1 se hod\u00ed pro r\u016fzn\u00e9 \u00farovn\u011b integrace: od roz\u0161\u00ed\u0159en\u00ed, kter\u00e1 lze integrovat do va\u0161ich \u0159\u00eddic\u00edch panel\u016f, p\u0159es hotov\u00e9 a p\u0159ipraven\u00e9 \u0159\u00eddic\u00ed panely pro ur\u010dit\u00e9 p\u0159\u00edpady pou\u017eit\u00ed a\u017e po individu\u00e1ln\u00ed poradenstv\u00ed pro reporting a modelov\u00e1n\u00ed dat.<\/p>\n\n\n\n<p>Jako zakladatel\u00e9 chceme v r\u00e1mci sv\u00fdch produkt\u016f a poradensk\u00e9ho p\u0159\u00edstupu poskytovat profesion\u00e1ln\u00ed \u0159e\u0161en\u00ed v oblasti reportingu.<\/p>\n\n\n\n<figure class=\"wp-block-gallery has-nested-images columns-default is-cropped wp-block-gallery-1 is-layout-flex wp-block-gallery-is-layout-flex\">\n<figure class=\"wp-block-image size-large\"><a href=\"https:\/\/www.linkedin.com\/in\/stefanpreusler\/\"><img loading=\"lazy\" decoding=\"async\" width=\"768\" height=\"1024\" data-id=\"480\" src=\"https:\/\/www.leaplytics.de\/wp-content\/uploads\/2020\/11\/stefan-v2-2-768x1024.jpeg\" alt=\"\" class=\"wp-image-480\" srcset=\"https:\/\/www.leaplytics.de\/wp-content\/uploads\/2020\/11\/stefan-v2-2-768x1024.jpeg 768w, https:\/\/www.leaplytics.de\/wp-content\/uploads\/2020\/11\/stefan-v2-2-scaled-600x800.jpeg 600w, https:\/\/www.leaplytics.de\/wp-content\/uploads\/2020\/11\/stefan-v2-2-225x300.jpeg 225w, https:\/\/www.leaplytics.de\/wp-content\/uploads\/2020\/11\/stefan-v2-2-1152x1536.jpeg 1152w, https:\/\/www.leaplytics.de\/wp-content\/uploads\/2020\/11\/stefan-v2-2-1536x2048.jpeg 1536w, https:\/\/www.leaplytics.de\/wp-content\/uploads\/2020\/11\/stefan-v2-2-45x60.jpeg 45w, https:\/\/www.leaplytics.de\/wp-content\/uploads\/2020\/11\/stefan-v2-2-scaled.jpeg 1920w\" sizes=\"auto, (max-width: 768px) 100vw, 768px\" \/><\/a><figcaption class=\"wp-element-caption\">Stefan Preusler<\/figcaption><\/figure>\n\n\n\n<figure class=\"wp-block-image size-large\"><a href=\"https:\/\/www.linkedin.com\/in\/dominik-galsheimer-3233461b9\/\"><img loading=\"lazy\" decoding=\"async\" width=\"851\" height=\"1024\" data-id=\"488\" src=\"https:\/\/www.leaplytics.de\/wp-content\/uploads\/2020\/11\/Dominik_About-scaled-e1604523139831-851x1024.jpg\" alt=\"\" class=\"wp-image-488\" srcset=\"https:\/\/www.leaplytics.de\/wp-content\/uploads\/2020\/11\/Dominik_About-scaled-e1604523139831-851x1024.jpg 851w, https:\/\/www.leaplytics.de\/wp-content\/uploads\/2020\/11\/Dominik_About-scaled-e1604523139831-600x722.jpg 600w, https:\/\/www.leaplytics.de\/wp-content\/uploads\/2020\/11\/Dominik_About-scaled-e1604523139831-249x300.jpg 249w, https:\/\/www.leaplytics.de\/wp-content\/uploads\/2020\/11\/Dominik_About-scaled-e1604523139831-768x924.jpg 768w, https:\/\/www.leaplytics.de\/wp-content\/uploads\/2020\/11\/Dominik_About-scaled-e1604523139831-1277x1536.jpg 1277w, https:\/\/www.leaplytics.de\/wp-content\/uploads\/2020\/11\/Dominik_About-scaled-e1604523139831-1702x2048.jpg 1702w, https:\/\/www.leaplytics.de\/wp-content\/uploads\/2020\/11\/Dominik_About-scaled-e1604523139831-50x60.jpg 50w, https:\/\/www.leaplytics.de\/wp-content\/uploads\/2020\/11\/Dominik_About-scaled-e1604523139831.jpg 1920w\" sizes=\"auto, (max-width: 851px) 100vw, 851px\" \/><\/a><figcaption class=\"wp-element-caption\">Dominik Galsheimer<\/figcaption><\/figure>\n<\/figure>","protected":false},"excerpt":{"rendered":"<p>LeapLytics p\u0159edstavuje sv\u011b\u017e\u00ed a inovativn\u00ed \u0159e\u0161en\u00ed reportingu, kter\u00e9 se hod\u00ed pro r\u016fzn\u00e9 \u00farovn\u011b integrace.<\/p>","protected":false},"author":1,"featured_media":3395,"parent":0,"menu_order":0,"comment_status":"closed","ping_status":"closed","template":"","meta":{"footnotes":""},"class_list":["post-23","page","type-page","status-publish","has-post-thumbnail","hentry","latest_post"],"_links":{"self":[{"href":"https:\/\/www.leaplytics.de\/cs\/wp-json\/wp\/v2\/pages\/23","targetHints":{"allow":["GET"]}}],"collection":[{"href":"https:\/\/www.leaplytics.de\/cs\/wp-json\/wp\/v2\/pages"}],"about":[{"href":"https:\/\/www.leaplytics.de\/cs\/wp-json\/wp\/v2\/types\/page"}],"author":[{"embeddable":true,"href":"https:\/\/www.leaplytics.de\/cs\/wp-json\/wp\/v2\/users\/1"}],"replies":[{"embeddable":true,"href":"https:\/\/www.leaplytics.de\/cs\/wp-json\/wp\/v2\/comments?post=23"}],"version-history":[{"count":15,"href":"https:\/\/www.leaplytics.de\/cs\/wp-json\/wp\/v2\/pages\/23\/revisions"}],"predecessor-version":[{"id":13709,"href":"https:\/\/www.leaplytics.de\/cs\/wp-json\/wp\/v2\/pages\/23\/revisions\/13709"}],"wp:featuredmedia":[{"embeddable":true,"href":"https:\/\/www.leaplytics.de\/cs\/wp-json\/wp\/v2\/media\/3395"}],"wp:attachment":[{"href":"https:\/\/www.leaplytics.de\/cs\/wp-json\/wp\/v2\/media?parent=23"}],"curies":[{"name":"wp","href":"https:\/\/api.w.org\/{rel}","templated":true}]}}