{"id":2301,"date":"2021-09-10T23:49:33","date_gmt":"2021-09-10T21:49:33","guid":{"rendered":"https:\/\/www.leaplytics.de\/?page_id=2301"},"modified":"2022-05-08T00:34:51","modified_gmt":"2022-05-07T22:34:51","slug":"rizeni-projektu-vlastni-vizualizace-microsoft-powerbi","status":"publish","type":"page","link":"https:\/\/www.leaplytics.de\/cs\/titulni-stranka\/rizeni-projektu-vlastni-vizualizace-microsoft-powerbi\/","title":{"rendered":"Vlastn\u00ed vizualizace pro \u0159\u00edzen\u00ed projekt\u016f pro Microsoft Power BI"},"content":{"rendered":"<p><strong>Efektivn\u00ed a souvisej\u00edc\u00ed s podnik\u00e1n\u00edm<\/strong> je ochrannou zn\u00e1mkou spole\u010dnosti LeapLytics a p\u0159idanou hodnotou na\u0161ich \u0159e\u0161en\u00ed.<\/p>\n<p>Na\u0161e vlastn\u00ed vizualizace pro \u0159\u00edzen\u00ed projekt\u016f pro Microsoft Power BI jsou ofici\u00e1ln\u011b schv\u00e1leny spole\u010dnost\u00ed Microsoft a zahrnuj\u00ed va\u0161e individu\u00e1ln\u00ed \u0159e\u0161en\u00ed. Vyu\u017eijte r\u016fzn\u00e9 mo\u017enosti k vylep\u0161en\u00ed sv\u00e9ho \u0159\u00eddic\u00edho panelu a k realizaci sv\u00fdch n\u00e1pad\u016f. Roz\u0161\u00ed\u0159en\u00ed se \u0159\u00edd\u00ed jasnou strukturou a jsou vytv\u00e1\u0159ena se zam\u011b\u0159en\u00edm na u\u017eivatele, aby byla co nejv\u00edce inituitivn\u00ed, ani\u017e by se vzd\u00e1vala d\u016fle\u017eit\u00e9 funcionality.<\/p>\n<p>Komplexn\u00ed dokumentace s podrobn\u00fdm popisem mo\u017en\u00fdch p\u0159\u00edpad\u016f pou\u017eit\u00ed proto urychluje pou\u017eit\u00ed a implementaci.<\/p>\n<p>N\u00ed\u017ee naleznete dostupn\u00e9 vizualizace a prozkoumejte jejich funk\u010dnost kliknut\u00edm na obr\u00e1zky.<\/p>\n<p>\u00a0<\/p>\n\n\n<div class=\"wp-block-media-text alignwide is-stacked-on-mobile\" style=\"grid-template-columns:43% auto\"><figure class=\"wp-block-media-text__media\"><a href=\"https:\/\/www.leaplytics.de\/cs\/titulni-stranka\/project-management-visuals-ms-powerbi\/vizualizace-semaforu-pro-napajeni-bi\/\"><img loading=\"lazy\" decoding=\"async\" width=\"287\" height=\"300\" src=\"https:\/\/www.leaplytics.de\/wp-content\/uploads\/2021\/11\/TrafficLight300pixel.png\" alt=\"\" class=\"wp-image-2361 size-full\" srcset=\"https:\/\/www.leaplytics.de\/wp-content\/uploads\/2021\/11\/TrafficLight300pixel.png 287w, https:\/\/www.leaplytics.de\/wp-content\/uploads\/2021\/11\/TrafficLight300pixel-57x60.png 57w\" sizes=\"auto, (max-width: 287px) 100vw, 287px\" \/><\/a><\/figure><div class=\"wp-block-media-text__content\">\n<p class=\"has-large-font-size\">Semafor Vlastn\u00ed vizu\u00e1ln\u00ed<\/p>\n<\/div><\/div>\n\n\n\n<p><\/p>","protected":false},"excerpt":{"rendered":"<p>Efektivn\u00ed a s obchodem souvisej\u00edc\u00ed je ochrannou zn\u00e1mkou spole\u010dnosti LeapLytics a p\u0159idanou hodnotou na\u0161ich \u0159e\u0161en\u00ed.\u00a0<\/p>","protected":false},"author":1,"featured_media":0,"parent":111,"menu_order":0,"comment_status":"closed","ping_status":"closed","template":"","meta":{"footnotes":""},"class_list":["post-2301","page","type-page","status-publish","hentry","latest_post"],"_links":{"self":[{"href":"https:\/\/www.leaplytics.de\/cs\/wp-json\/wp\/v2\/pages\/2301","targetHints":{"allow":["GET"]}}],"collection":[{"href":"https:\/\/www.leaplytics.de\/cs\/wp-json\/wp\/v2\/pages"}],"about":[{"href":"https:\/\/www.leaplytics.de\/cs\/wp-json\/wp\/v2\/types\/page"}],"author":[{"embeddable":true,"href":"https:\/\/www.leaplytics.de\/cs\/wp-json\/wp\/v2\/users\/1"}],"replies":[{"embeddable":true,"href":"https:\/\/www.leaplytics.de\/cs\/wp-json\/wp\/v2\/comments?post=2301"}],"version-history":[{"count":0,"href":"https:\/\/www.leaplytics.de\/cs\/wp-json\/wp\/v2\/pages\/2301\/revisions"}],"up":[{"embeddable":true,"href":"https:\/\/www.leaplytics.de\/cs\/wp-json\/wp\/v2\/pages\/111"}],"wp:attachment":[{"href":"https:\/\/www.leaplytics.de\/cs\/wp-json\/wp\/v2\/media?parent=2301"}],"curies":[{"name":"wp","href":"https:\/\/api.w.org\/{rel}","templated":true}]}}