{"id":6464,"date":"2022-04-25T20:31:18","date_gmt":"2022-04-25T18:31:18","guid":{"rendered":"https:\/\/www.leaplytics.de\/?page_id=6464"},"modified":"2022-04-26T20:20:47","modified_gmt":"2022-04-26T18:20:47","slug":"rozsireni-ridiciho-panelu-qlik-sense","status":"publish","type":"page","link":"https:\/\/www.leaplytics.de\/cs\/rozsireni-ridiciho-panelu-qlik-sense\/","title":{"rendered":"Qlik Sense Dashboard a roz\u0161\u00ed\u0159en\u00ed"},"content":{"rendered":"<p style=\"font-size:18px\"><strong>Efektivn\u00ed a souvisej\u00edc\u00ed s podnik\u00e1n\u00edm<\/strong> je ochrannou zn\u00e1mkou spole\u010dnosti LeapLytics a p\u0159idanou hodnotou na\u0161ich \u0159e\u0161en\u00ed.<\/p>\n\n\n\n<figure class=\"wp-block-image size-full\"><img loading=\"lazy\" decoding=\"async\" width=\"1510\" height=\"785\" src=\"https:\/\/www.leaplytics.de\/wp-content\/uploads\/2022\/04\/Dashboard_QlikSense.png\" alt=\"\" class=\"wp-image-6468\" srcset=\"https:\/\/www.leaplytics.de\/wp-content\/uploads\/2022\/04\/Dashboard_QlikSense.png 1510w, https:\/\/www.leaplytics.de\/wp-content\/uploads\/2022\/04\/Dashboard_QlikSense-300x156.png 300w, https:\/\/www.leaplytics.de\/wp-content\/uploads\/2022\/04\/Dashboard_QlikSense-1024x532.png 1024w, https:\/\/www.leaplytics.de\/wp-content\/uploads\/2022\/04\/Dashboard_QlikSense-768x399.png 768w, https:\/\/www.leaplytics.de\/wp-content\/uploads\/2022\/04\/Dashboard_QlikSense-115x60.png 115w\" sizes=\"auto, (max-width: 1510px) 100vw, 1510px\" \/><\/figure>\n\n\n\n<div class=\"wp-block-buttons is-content-justification-center is-layout-flex wp-container-core-buttons-is-layout-1 wp-block-buttons-is-layout-flex\">\n<div class=\"wp-block-button\"><a class=\"wp-block-button__link has-background\" href=\"https:\/\/www.leaplytics.de\/cs\/titulni-stranka\/ovladaci-panel-pro-rizeni-projektu-qlik-sense\/\" style=\"background:linear-gradient(135deg,rgb(202,248,128) 0%,rgb(0,152,69) 100%)\">Zobrazit p\u0159\u00edstrojovou desku<\/a><\/div>\n<\/div>\n\n\n\n<div style=\"height:100px\" aria-hidden=\"true\" class=\"wp-block-spacer\"><\/div>\n\n\n\n<p style=\"font-size:18px\">Na\u0161e roz\u0161\u00ed\u0159en\u00ed pro \u0159\u00edzen\u00ed projekt\u016f jsou ofici\u00e1ln\u011b schv\u00e1lena spole\u010dnost\u00ed Qlik a zahrnuj\u00ed va\u0161e individu\u00e1ln\u00ed \u0159e\u0161en\u00ed. Vyu\u017eijte r\u016fzn\u00e9 mo\u017enosti k vylep\u0161en\u00ed sv\u00e9ho \u0159\u00eddic\u00edho panelu a k realizaci sv\u00fdch n\u00e1pad\u016f. Roz\u0161\u00ed\u0159en\u00ed se \u0159\u00edd\u00ed jasnou strukturou a jsou vytv\u00e1\u0159ena s d\u016frazem na u\u017eivatele, aby byla co nejintuitivn\u011bj\u0161\u00ed, ani\u017e by se vzdala d\u016fle\u017eit\u00fdch funkc\u00ed.<\/p>\n\n\n\n<div style=\"height:100px\" aria-hidden=\"true\" class=\"wp-block-spacer\"><\/div>\n\n\n\n<div class=\"wp-block-media-text alignwide is-stacked-on-mobile\" style=\"grid-template-columns:60% auto\"><figure class=\"wp-block-media-text__media\"><img loading=\"lazy\" decoding=\"async\" width=\"1024\" height=\"576\" src=\"https:\/\/www.leaplytics.de\/wp-content\/uploads\/2022\/04\/First_Slice_Traffic_Light_QlikSense_green-1024x576.png\" alt=\"\" class=\"wp-image-6469 size-full\" srcset=\"https:\/\/www.leaplytics.de\/wp-content\/uploads\/2022\/04\/First_Slice_Traffic_Light_QlikSense_green-1024x576.png 1024w, https:\/\/www.leaplytics.de\/wp-content\/uploads\/2022\/04\/First_Slice_Traffic_Light_QlikSense_green-300x169.png 300w, https:\/\/www.leaplytics.de\/wp-content\/uploads\/2022\/04\/First_Slice_Traffic_Light_QlikSense_green-768x432.png 768w, https:\/\/www.leaplytics.de\/wp-content\/uploads\/2022\/04\/First_Slice_Traffic_Light_QlikSense_green-107x60.png 107w, https:\/\/www.leaplytics.de\/wp-content\/uploads\/2022\/04\/First_Slice_Traffic_Light_QlikSense_green.png 1140w\" sizes=\"auto, (max-width: 1024px) 100vw, 1024px\" \/><\/figure><div class=\"wp-block-media-text__content\">\n<p style=\"font-size:30px\"><strong>Semafor <\/strong><em>Prodlou\u017een\u00ed<\/em><\/p>\n\n\n\n<p style=\"font-size:18px\">M\u011bjte p\u0159ehled o stavu projektu a jak\u00fdchkoli prahov\u00fdch hodnot\u00e1ch pomoc\u00ed tohoto vizu\u00e1ln\u00edho semaforu! To je hlavn\u00edm c\u00edlem tohoto roz\u0161\u00ed\u0159en\u00ed semaforu. \"Semafor\" je vysoce p\u0159izp\u016fsobiteln\u00e9 roz\u0161\u00ed\u0159en\u00ed Qlik Sense pro sledov\u00e1n\u00ed va\u0161ich kl\u00ed\u010dov\u00fdch ukazatel\u016f v\u00fdkonnosti. <\/p>\n<\/div><\/div>\n\n\n\n<div class=\"wp-block-media-text alignwide has-media-on-the-right is-stacked-on-mobile\" style=\"grid-template-columns:auto 40%\"><figure class=\"wp-block-media-text__media\"><img loading=\"lazy\" decoding=\"async\" width=\"1024\" height=\"576\" src=\"https:\/\/www.leaplytics.de\/wp-content\/uploads\/2022\/04\/Second_Slice_Traffic_light_QlikSense_green-1024x576.png\" alt=\"\" class=\"wp-image-6470 size-full\" srcset=\"https:\/\/www.leaplytics.de\/wp-content\/uploads\/2022\/04\/Second_Slice_Traffic_light_QlikSense_green-1024x576.png 1024w, https:\/\/www.leaplytics.de\/wp-content\/uploads\/2022\/04\/Second_Slice_Traffic_light_QlikSense_green-300x169.png 300w, https:\/\/www.leaplytics.de\/wp-content\/uploads\/2022\/04\/Second_Slice_Traffic_light_QlikSense_green-768x432.png 768w, https:\/\/www.leaplytics.de\/wp-content\/uploads\/2022\/04\/Second_Slice_Traffic_light_QlikSense_green-107x60.png 107w, https:\/\/www.leaplytics.de\/wp-content\/uploads\/2022\/04\/Second_Slice_Traffic_light_QlikSense_green.png 1140w\" sizes=\"auto, (max-width: 1024px) 100vw, 1024px\" \/><\/figure><div class=\"wp-block-media-text__content\">\n<p style=\"font-size:18px\">Roz\u0161\u00ed\u0159en\u00ed semaforu pro Qlik Sense lze tak\u00e9 pou\u017e\u00edt ke sledov\u00e1n\u00ed a indikaci prahov\u00fdch hodnot pro v\u0161echny typy fyzik\u00e1ln\u00edch m\u011b\u0159en\u00ed, ukazatel\u016f kvality a odchylek obecn\u011b. Lze jej pou\u017e\u00edt pro \u0161irokou \u0159adu p\u0159\u00edpad\u016f pou\u017eit\u00ed, kter\u00e9 se vyskytuj\u00ed v r\u016fzn\u00fdch podnic\u00edch.<\/p>\n\n\n\n<div class=\"wp-block-buttons is-layout-flex wp-block-buttons-is-layout-flex\">\n<div class=\"wp-block-button\"><a class=\"wp-block-button__link has-very-light-gray-to-cyan-bluish-gray-gradient-background has-background\" href=\"https:\/\/www.leaplytics.de\/cs\/titulni-stranka\/rozsireni-qlik-sense\/rozsireni-semaforu-pro-qliksense\/\"> Dozv\u011bd\u011bt se v\u00edce<\/a><\/div>\n<\/div>\n<\/div><\/div>\n\n\n\n<div style=\"height:100px\" aria-hidden=\"true\" class=\"wp-block-spacer\"><\/div>\n\n\n\n<div style=\"height:100px\" aria-hidden=\"true\" class=\"wp-block-spacer\"><\/div>\n\n\n\n<div class=\"wp-block-media-text alignwide is-stacked-on-mobile\" style=\"grid-template-columns:60% auto\"><figure class=\"wp-block-media-text__media\"><img loading=\"lazy\" decoding=\"async\" width=\"1024\" height=\"576\" src=\"https:\/\/www.leaplytics.de\/wp-content\/uploads\/2022\/04\/First_Slice_Risk_Map_QlikSense_stone-1024x576.png\" alt=\"\" class=\"wp-image-6471 size-full\" srcset=\"https:\/\/www.leaplytics.de\/wp-content\/uploads\/2022\/04\/First_Slice_Risk_Map_QlikSense_stone-1024x576.png 1024w, https:\/\/www.leaplytics.de\/wp-content\/uploads\/2022\/04\/First_Slice_Risk_Map_QlikSense_stone-300x169.png 300w, https:\/\/www.leaplytics.de\/wp-content\/uploads\/2022\/04\/First_Slice_Risk_Map_QlikSense_stone-768x432.png 768w, https:\/\/www.leaplytics.de\/wp-content\/uploads\/2022\/04\/First_Slice_Risk_Map_QlikSense_stone-107x60.png 107w, https:\/\/www.leaplytics.de\/wp-content\/uploads\/2022\/04\/First_Slice_Risk_Map_QlikSense_stone.png 1140w\" sizes=\"auto, (max-width: 1024px) 100vw, 1024px\" \/><\/figure><div class=\"wp-block-media-text__content\">\n<p style=\"font-size:30px\"><strong>Mapa rizik <\/strong><em>Prodlou\u017een\u00ed<\/em><\/p>\n\n\n\n<p style=\"font-size:18px\">Z\u00edskejte ostr\u00fd vizu\u00e1ln\u00ed pohled na sv\u00e9 rizikov\u00e9 profily pomoc\u00ed Risk Heatmap pro Qlik Sense! Roz\u0161\u00ed\u0159en\u00ed je vytvo\u0159eno pro vizualizaci profil\u016f, kter\u00e9 jsou m\u011b\u0159eny v matici dvou kl\u00ed\u010dov\u00fdch ukazatel\u016f v\u00fdkonnosti a r\u016fzn\u00fdch kategori\u00ed. Dok\u00e1\u017ee vizualizovat v\u00edce ukazatel\u016f na jedno pole.<\/p>\n<\/div><\/div>\n\n\n\n<div class=\"wp-block-media-text alignwide has-media-on-the-right is-stacked-on-mobile\" style=\"grid-template-columns:auto 40%\"><figure class=\"wp-block-media-text__media\"><img loading=\"lazy\" decoding=\"async\" width=\"1024\" height=\"576\" src=\"https:\/\/www.leaplytics.de\/wp-content\/uploads\/2022\/04\/Second_Slice_Risk_Map_QlikSense_stone-1024x576.png\" alt=\"\" class=\"wp-image-6472 size-full\" srcset=\"https:\/\/www.leaplytics.de\/wp-content\/uploads\/2022\/04\/Second_Slice_Risk_Map_QlikSense_stone-1024x576.png 1024w, https:\/\/www.leaplytics.de\/wp-content\/uploads\/2022\/04\/Second_Slice_Risk_Map_QlikSense_stone-300x169.png 300w, https:\/\/www.leaplytics.de\/wp-content\/uploads\/2022\/04\/Second_Slice_Risk_Map_QlikSense_stone-768x432.png 768w, https:\/\/www.leaplytics.de\/wp-content\/uploads\/2022\/04\/Second_Slice_Risk_Map_QlikSense_stone-107x60.png 107w, https:\/\/www.leaplytics.de\/wp-content\/uploads\/2022\/04\/Second_Slice_Risk_Map_QlikSense_stone.png 1140w\" sizes=\"auto, (max-width: 1024px) 100vw, 1024px\" \/><\/figure><div class=\"wp-block-media-text__content\">\n<p style=\"font-size:18px\">Toto roz\u0161\u00ed\u0159en\u00ed lze tak\u00e9 pou\u017e\u00edt pro sledov\u00e1n\u00ed a ur\u010dov\u00e1n\u00ed prahov\u00fdch hodnot pro v\u0161echny typy fyzik\u00e1ln\u00edch m\u011b\u0159en\u00ed, ukazatel\u016f kvality a odchylek obecn\u011b. D\u00edky tomu jej lze pou\u017e\u00edt pro \u0161irok\u00fd po\u010det p\u0159\u00edpad\u016f pou\u017eit\u00ed, kter\u00e9 se vyskytuj\u00ed v r\u016fzn\u00fdch podnic\u00edch.<\/p>\n\n\n\n<div class=\"wp-block-buttons is-layout-flex wp-block-buttons-is-layout-flex\">\n<div class=\"wp-block-button\"><a class=\"wp-block-button__link has-background\" href=\"https:\/\/www.leaplytics.de\/cs\/titulni-stranka\/rozsireni-qlik-sense\/risk-heatmap-extension-for-qliksense\/\" style=\"background:linear-gradient(135deg,rgb(202,248,128) 0%,rgb(0,152,69) 100%)\">Dozv\u011bd\u011bt se v\u00edce<\/a><\/div>\n<\/div>\n<\/div><\/div>\n\n\n\n<div style=\"height:100px\" aria-hidden=\"true\" class=\"wp-block-spacer\"><\/div>\n\n\n\n<div style=\"height:100px\" aria-hidden=\"true\" class=\"wp-block-spacer\"><\/div>\n\n\n\n<div class=\"wp-block-media-text alignwide is-stacked-on-mobile\" style=\"grid-template-columns:60% auto\"><figure class=\"wp-block-media-text__media\"><img loading=\"lazy\" decoding=\"async\" width=\"1024\" height=\"576\" src=\"https:\/\/www.leaplytics.de\/wp-content\/uploads\/2022\/04\/First_Slice_Timeline_QlikSense-1024x576.png\" alt=\"\" class=\"wp-image-6976 size-full\" srcset=\"https:\/\/www.leaplytics.de\/wp-content\/uploads\/2022\/04\/First_Slice_Timeline_QlikSense-1024x576.png 1024w, https:\/\/www.leaplytics.de\/wp-content\/uploads\/2022\/04\/First_Slice_Timeline_QlikSense-300x169.png 300w, https:\/\/www.leaplytics.de\/wp-content\/uploads\/2022\/04\/First_Slice_Timeline_QlikSense-768x432.png 768w, https:\/\/www.leaplytics.de\/wp-content\/uploads\/2022\/04\/First_Slice_Timeline_QlikSense-107x60.png 107w, https:\/\/www.leaplytics.de\/wp-content\/uploads\/2022\/04\/First_Slice_Timeline_QlikSense.png 1140w\" sizes=\"auto, (max-width: 1024px) 100vw, 1024px\" \/><\/figure><div class=\"wp-block-media-text__content\">\n<p style=\"font-size:30px\"><strong>\u010casov\u00e1 osa<\/strong> <em>Prodlou\u017een\u00ed<\/em><\/p>\n\n\n\n<p style=\"font-size:18px\">Z\u00edskejte vizu\u00e1ln\u00ed profil sv\u00fdch kl\u00ed\u010dov\u00fdch miln\u00edk\u016f z hlediska distribuce a stavu zpo\u017ed\u011bn\u00ed.<\/p>\n<\/div><\/div>\n\n\n\n<div class=\"wp-block-media-text alignwide has-media-on-the-right is-stacked-on-mobile\" style=\"grid-template-columns:auto 40%\"><figure class=\"wp-block-media-text__media\"><img loading=\"lazy\" decoding=\"async\" width=\"1024\" height=\"576\" src=\"https:\/\/www.leaplytics.de\/wp-content\/uploads\/2022\/04\/Second_Slice_Traffic_light_QlikSense_green-1024x576.png\" alt=\"\" class=\"wp-image-6470 size-full\" srcset=\"https:\/\/www.leaplytics.de\/wp-content\/uploads\/2022\/04\/Second_Slice_Traffic_light_QlikSense_green-1024x576.png 1024w, https:\/\/www.leaplytics.de\/wp-content\/uploads\/2022\/04\/Second_Slice_Traffic_light_QlikSense_green-300x169.png 300w, https:\/\/www.leaplytics.de\/wp-content\/uploads\/2022\/04\/Second_Slice_Traffic_light_QlikSense_green-768x432.png 768w, https:\/\/www.leaplytics.de\/wp-content\/uploads\/2022\/04\/Second_Slice_Traffic_light_QlikSense_green-107x60.png 107w, https:\/\/www.leaplytics.de\/wp-content\/uploads\/2022\/04\/Second_Slice_Traffic_light_QlikSense_green.png 1140w\" sizes=\"auto, (max-width: 1024px) 100vw, 1024px\" \/><\/figure><div class=\"wp-block-media-text__content\">\n<p style=\"font-size:18px\">Ve v\u0161ech projektech slou\u017e\u00ed miln\u00edky a \u010dasov\u00e9 pl\u00e1ny jako relevantn\u00ed metriky \u0159\u00edzen\u00ed, kter\u00e9 poskytuj\u00ed prost\u0159edky k definov\u00e1n\u00ed priorit projektu, sledov\u00e1n\u00ed pokroku a vypov\u00eddaj\u00ed o tom, v jak\u00e9m stavu se projekt nach\u00e1z\u00ed. S t\u00edmto roz\u0161\u00ed\u0159en\u00edm jste schopni jej sledovat.<\/p>\n\n\n\n<div class=\"wp-block-buttons is-layout-flex wp-block-buttons-is-layout-flex\">\n<div class=\"wp-block-button\"><a class=\"wp-block-button__link has-very-light-gray-to-cyan-bluish-gray-gradient-background has-background\" href=\"https:\/\/www.leaplytics.de\/cs\/titulni-stranka\/rozsireni-qlik-sense\/rozsireni-casove-osy-pro-qliksense\/\">Dozv\u011bd\u011bt se v\u00edce<\/a><\/div>\n<\/div>\n<\/div><\/div>","protected":false},"excerpt":{"rendered":"<p>Efektivn\u00ed a s obchodem souvisej\u00edc\u00ed je ochrannou zn\u00e1mkou spole\u010dnosti LeapLytics a p\u0159idanou hodnotou na\u0161ich \u0159e\u0161en\u00ed. Na\u0161e roz\u0161\u00ed\u0159en\u00ed pro \u0159\u00edzen\u00ed projekt\u016f jsou ofici\u00e1ln\u011b schv\u00e1lena spole\u010dnost\u00ed Qlik a zahrnuj\u00ed va\u0161e individu\u00e1ln\u00ed \u0159e\u0161en\u00ed. Vyu\u017eijte r\u016fzn\u00e9 mo\u017enosti k vylep\u0161en\u00ed sv\u00e9ho \u0159\u00eddic\u00edho panelu a k realizaci sv\u00fdch n\u00e1pad\u016f. Roz\u0161\u00ed\u0159en\u00ed se \u0159\u00edd\u00ed jasnou strukturou a jsou vytv\u00e1\u0159ena se zam\u011b\u0159en\u00edm na ... <\/p>","protected":false},"author":3,"featured_media":0,"parent":0,"menu_order":0,"comment_status":"closed","ping_status":"closed","template":"","meta":{"footnotes":""},"class_list":["post-6464","page","type-page","status-publish","hentry","latest_post"],"_links":{"self":[{"href":"https:\/\/www.leaplytics.de\/cs\/wp-json\/wp\/v2\/pages\/6464","targetHints":{"allow":["GET"]}}],"collection":[{"href":"https:\/\/www.leaplytics.de\/cs\/wp-json\/wp\/v2\/pages"}],"about":[{"href":"https:\/\/www.leaplytics.de\/cs\/wp-json\/wp\/v2\/types\/page"}],"author":[{"embeddable":true,"href":"https:\/\/www.leaplytics.de\/cs\/wp-json\/wp\/v2\/users\/3"}],"replies":[{"embeddable":true,"href":"https:\/\/www.leaplytics.de\/cs\/wp-json\/wp\/v2\/comments?post=6464"}],"version-history":[{"count":0,"href":"https:\/\/www.leaplytics.de\/cs\/wp-json\/wp\/v2\/pages\/6464\/revisions"}],"wp:attachment":[{"href":"https:\/\/www.leaplytics.de\/cs\/wp-json\/wp\/v2\/media?parent=6464"}],"curies":[{"name":"wp","href":"https:\/\/api.w.org\/{rel}","templated":true}]}}