{"id":6466,"date":"2022-04-25T20:37:23","date_gmt":"2022-04-25T18:37:23","guid":{"rendered":"https:\/\/www.leaplytics.de\/?page_id=6466"},"modified":"2024-10-29T13:14:46","modified_gmt":"2024-10-29T12:14:46","slug":"vizualizace-aplikaci-power-bi","status":"publish","type":"page","link":"https:\/\/www.leaplytics.de\/cs\/vizualizace-aplikaci-power-bi\/","title":{"rendered":"Aplikace a vizualizace Power BI"},"content":{"rendered":"<p style=\"font-size:18px\">Na\u0161e vizualizace pro Power BI jsou certifikov\u00e1ny spole\u010dnost\u00ed Microsoft a lze je p\u0159izp\u016fsobit tak, aby zahrnovaly va\u0161e individu\u00e1ln\u00ed \u0159e\u0161en\u00ed. D\u00edky jasn\u00e9 struktu\u0159e a designu zam\u011b\u0159en\u00e9mu na u\u017eivatele na\u0161e vizualizace vylep\u0161uj\u00ed v\u00e1\u0161 \u0159\u00eddic\u00ed panel a usnad\u0148uj\u00ed realizaci va\u0161ich n\u00e1pad\u016f, ani\u017e byste museli ob\u011btovat d\u016fle\u017eit\u00e9 funkce!<\/p>\n\n\n\n<figure class=\"wp-block-image size-full\"><img loading=\"lazy\" decoding=\"async\" width=\"1510\" height=\"785\" src=\"https:\/\/www.leaplytics.de\/wp-content\/uploads\/2022\/04\/Dashboard_PowerBI.png\" alt=\"\" class=\"wp-image-6494\" srcset=\"https:\/\/www.leaplytics.de\/wp-content\/uploads\/2022\/04\/Dashboard_PowerBI.png 1510w, https:\/\/www.leaplytics.de\/wp-content\/uploads\/2022\/04\/Dashboard_PowerBI-300x156.png 300w, https:\/\/www.leaplytics.de\/wp-content\/uploads\/2022\/04\/Dashboard_PowerBI-1024x532.png 1024w, https:\/\/www.leaplytics.de\/wp-content\/uploads\/2022\/04\/Dashboard_PowerBI-768x399.png 768w, https:\/\/www.leaplytics.de\/wp-content\/uploads\/2022\/04\/Dashboard_PowerBI-115x60.png 115w\" sizes=\"auto, (max-width: 1510px) 100vw, 1510px\" \/><\/figure>\n\n\n\n<div style=\"height:85px\" aria-hidden=\"true\" class=\"wp-block-spacer\"><\/div>\n\n\n\n<div class=\"wp-block-media-text alignwide is-stacked-on-mobile\" style=\"grid-template-columns:60% auto\"><figure class=\"wp-block-media-text__media\"><img loading=\"lazy\" decoding=\"async\" width=\"1024\" height=\"576\" src=\"https:\/\/www.leaplytics.de\/wp-content\/uploads\/2022\/04\/First_Slice_Traffic_Light_PowerBI-1024x576.png\" alt=\"\" class=\"wp-image-6582 size-full\" srcset=\"https:\/\/www.leaplytics.de\/wp-content\/uploads\/2022\/04\/First_Slice_Traffic_Light_PowerBI-1024x576.png 1024w, https:\/\/www.leaplytics.de\/wp-content\/uploads\/2022\/04\/First_Slice_Traffic_Light_PowerBI-300x169.png 300w, https:\/\/www.leaplytics.de\/wp-content\/uploads\/2022\/04\/First_Slice_Traffic_Light_PowerBI-768x432.png 768w, https:\/\/www.leaplytics.de\/wp-content\/uploads\/2022\/04\/First_Slice_Traffic_Light_PowerBI-107x60.png 107w, https:\/\/www.leaplytics.de\/wp-content\/uploads\/2022\/04\/First_Slice_Traffic_Light_PowerBI.png 1140w\" sizes=\"auto, (max-width: 1024px) 100vw, 1024px\" \/><\/figure><div class=\"wp-block-media-text__content\">\n<p style=\"font-size:30px\"><strong>Semafor<\/strong> <em>Power BI Visual<\/em><\/p>\n\n\n\n<p><img loading=\"lazy\" decoding=\"async\" width=\"130\" height=\"32\" class=\"wp-image-8358\" style=\"width: 130px;\" src=\"https:\/\/www.leaplytics.de\/wp-content\/uploads\/2022\/05\/PBI-Certified.png\" alt=\"\" srcset=\"https:\/\/www.leaplytics.de\/wp-content\/uploads\/2022\/05\/PBI-Certified.png 152w, https:\/\/www.leaplytics.de\/wp-content\/uploads\/2022\/05\/PBI-Certified-150x37.png 150w\" sizes=\"auto, (max-width: 130px) 100vw, 130px\" \/><\/p>\n\n\n\n<p style=\"font-size:18px\">Toto \u0159e\u0161en\u00ed semaforu umo\u017e\u0148uje snadno sledovat stav projektu a p\u0159\u00edpadn\u00e9 prahov\u00e9 hodnoty, co\u017e z n\u011bj \u010din\u00ed cenn\u00fd vizu\u00e1ln\u00ed n\u00e1stroj Power BI pro sledov\u00e1n\u00ed kl\u00ed\u010dov\u00fdch ukazatel\u016f v\u00fdkonnosti. D\u00edky vysok\u00e9 \u00farovni p\u0159izp\u016fsoben\u00ed je \"semafor\" ide\u00e1ln\u00edm n\u00e1strojem pro udr\u017een\u00ed p\u0159ehledu o va\u0161ich kl\u00ed\u010dov\u00fdch ukazatel\u00edch v\u00fdkonnosti.<\/p>\n<\/div><\/div>\n\n\n\n<div class=\"wp-block-media-text alignwide has-media-on-the-right is-stacked-on-mobile\" style=\"grid-template-columns:auto 40%\"><div class=\"wp-block-media-text__content\">\n<p style=\"font-size:18px\">\"Semafor\" je v\u0161estrann\u00fd vizu\u00e1ln\u00ed n\u00e1stroj Power BI, kter\u00fd lze pou\u017e\u00edt ke sledov\u00e1n\u00ed a ozna\u010dov\u00e1n\u00ed prahov\u00fdch hodnot pro v\u0161echny typy fyzik\u00e1ln\u00edch m\u011b\u0159en\u00ed, ukazatel\u016f kvality a odchylek. D\u00edky \u0161irok\u00e9mu spektru pou\u017eit\u00ed je tento vizu\u00e1l \u00fa\u010dinn\u00fdm n\u00e1strojem pro podniky v jak\u00e9mkoli odv\u011btv\u00ed.<\/p>\n\n\n\n<div class=\"wp-block-buttons is-layout-flex wp-block-buttons-is-layout-flex\">\n<div class=\"wp-block-button\"><a class=\"wp-block-button__link has-very-light-gray-to-cyan-bluish-gray-gradient-background has-background wp-element-button\" href=\"https:\/\/www.leaplytics.de\/cs\/titulni-stranka\/rizeni-projektu-vlastni-vizualizace-microsoft-powerbi\/vizualizace-semaforu-pro-napajeni-bi\/\">Dozv\u011bd\u011bt se v\u00edce<\/a><\/div>\n<\/div>\n<\/div><figure class=\"wp-block-media-text__media\"><img loading=\"lazy\" decoding=\"async\" width=\"1024\" height=\"576\" src=\"https:\/\/www.leaplytics.de\/wp-content\/uploads\/2022\/04\/Second_Slice_Traffic_light_QlikSense_yellow-1024x576.png\" alt=\"\" class=\"wp-image-6479 size-full\" srcset=\"https:\/\/www.leaplytics.de\/wp-content\/uploads\/2022\/04\/Second_Slice_Traffic_light_QlikSense_yellow-1024x576.png 1024w, https:\/\/www.leaplytics.de\/wp-content\/uploads\/2022\/04\/Second_Slice_Traffic_light_QlikSense_yellow-300x169.png 300w, https:\/\/www.leaplytics.de\/wp-content\/uploads\/2022\/04\/Second_Slice_Traffic_light_QlikSense_yellow-768x432.png 768w, https:\/\/www.leaplytics.de\/wp-content\/uploads\/2022\/04\/Second_Slice_Traffic_light_QlikSense_yellow-107x60.png 107w, https:\/\/www.leaplytics.de\/wp-content\/uploads\/2022\/04\/Second_Slice_Traffic_light_QlikSense_yellow.png 1140w\" sizes=\"auto, (max-width: 1024px) 100vw, 1024px\" \/><\/figure><\/div>\n\n\n\n<div style=\"height:100px\" aria-hidden=\"true\" class=\"wp-block-spacer\"><\/div>\n\n\n\n<div style=\"height:100px\" aria-hidden=\"true\" class=\"wp-block-spacer\"><\/div>\n\n\n\n<div class=\"wp-block-media-text alignwide is-stacked-on-mobile\" style=\"grid-template-columns:60% auto\"><figure class=\"wp-block-media-text__media\"><img loading=\"lazy\" decoding=\"async\" width=\"1024\" height=\"576\" src=\"https:\/\/www.leaplytics.de\/wp-content\/uploads\/2022\/04\/First_Slice_Risk_Map_PowerBI-1024x576.png\" alt=\"\" class=\"wp-image-6585 size-full\" srcset=\"https:\/\/www.leaplytics.de\/wp-content\/uploads\/2022\/04\/First_Slice_Risk_Map_PowerBI-1024x576.png 1024w, https:\/\/www.leaplytics.de\/wp-content\/uploads\/2022\/04\/First_Slice_Risk_Map_PowerBI-300x169.png 300w, https:\/\/www.leaplytics.de\/wp-content\/uploads\/2022\/04\/First_Slice_Risk_Map_PowerBI-768x432.png 768w, https:\/\/www.leaplytics.de\/wp-content\/uploads\/2022\/04\/First_Slice_Risk_Map_PowerBI-107x60.png 107w, https:\/\/www.leaplytics.de\/wp-content\/uploads\/2022\/04\/First_Slice_Risk_Map_PowerBI.png 1140w\" sizes=\"auto, (max-width: 1024px) 100vw, 1024px\" \/><\/figure><div class=\"wp-block-media-text__content\">\n<p style=\"font-size:30px\"><strong>Matice rizik <\/strong><em>Power BI Visual<\/em><\/p>\n\n\n\n<p><img loading=\"lazy\" decoding=\"async\" width=\"130\" height=\"32\" class=\"wp-image-8358\" style=\"width: 130px;\" src=\"https:\/\/www.leaplytics.de\/wp-content\/uploads\/2022\/05\/PBI-Certified.png\" alt=\"\" srcset=\"https:\/\/www.leaplytics.de\/wp-content\/uploads\/2022\/05\/PBI-Certified.png 152w, https:\/\/www.leaplytics.de\/wp-content\/uploads\/2022\/05\/PBI-Certified-150x37.png 150w\" sizes=\"auto, (max-width: 130px) 100vw, 130px\" \/><\/p>\n\n\n\n<p style=\"font-size:18px\">Matice rizik pro Power BI nab\u00edz\u00ed p\u0159ehledn\u00e9 vizu\u00e1ln\u00ed zobrazen\u00ed rizikov\u00fdch profil\u016f, kter\u00e9 usnad\u0148uje sledov\u00e1n\u00ed a lep\u0161\u00ed pochopen\u00ed rizik. D\u00edky mo\u017enosti vizualizovat v\u00edce ukazatel\u016f pro ka\u017ed\u00e9 pole je tento vizu\u00e1ln\u00ed n\u00e1stroj cenn\u00fdm n\u00e1strojem pro z\u00edsk\u00e1n\u00ed p\u0159ehledu o va\u0161ich rizikov\u00fdch profilech.<\/p>\n<\/div><\/div>\n\n\n\n<div class=\"wp-block-media-text alignwide has-media-on-the-right is-stacked-on-mobile\" style=\"grid-template-columns:auto 40%\"><div class=\"wp-block-media-text__content\">\n<p style=\"font-size:18px\">Matice rizik je \u00fa\u010dinn\u00fdm n\u00e1strojem, kter\u00fd v\u00e1m pom\u016f\u017ee p\u0159evz\u00edt kontrolu nad hodnocen\u00edm rizik. D\u00edky p\u0159ehledn\u00e9mu vizu\u00e1ln\u00edmu zn\u00e1zorn\u011bn\u00ed va\u0161ich rizikov\u00fdch profil\u016f umo\u017e\u0148uje ostr\u00e9 pochopen\u00ed va\u0161ich rizik.<\/p>\n\n\n\n<div class=\"wp-block-buttons is-layout-flex wp-block-buttons-is-layout-flex\">\n<div class=\"wp-block-button\"><a class=\"wp-block-button__link has-background wp-element-button\" href=\"https:\/\/www.leaplytics.de\/cs\/titulni-stranka\/rizeni-projektu-vlastni-vizualizace-microsoft-powerbi\/vlastni-vizualni-mapa-rizik-pro-power-bi\/\" style=\"background:linear-gradient(135deg,rgb(252,185,0) 0%,rgb(242,200,17) 100%)\">Dozv\u011bd\u011bt se v\u00edce<\/a><\/div>\n<\/div>\n<\/div><figure class=\"wp-block-media-text__media\"><img loading=\"lazy\" decoding=\"async\" width=\"1024\" height=\"576\" src=\"https:\/\/www.leaplytics.de\/wp-content\/uploads\/2022\/04\/Second_Slice_Risk_Map_QlikSense_stone-1-1024x576.png\" alt=\"\" class=\"wp-image-6480 size-full\" srcset=\"https:\/\/www.leaplytics.de\/wp-content\/uploads\/2022\/04\/Second_Slice_Risk_Map_QlikSense_stone-1-1024x576.png 1024w, https:\/\/www.leaplytics.de\/wp-content\/uploads\/2022\/04\/Second_Slice_Risk_Map_QlikSense_stone-1-300x169.png 300w, https:\/\/www.leaplytics.de\/wp-content\/uploads\/2022\/04\/Second_Slice_Risk_Map_QlikSense_stone-1-768x432.png 768w, https:\/\/www.leaplytics.de\/wp-content\/uploads\/2022\/04\/Second_Slice_Risk_Map_QlikSense_stone-1-107x60.png 107w, https:\/\/www.leaplytics.de\/wp-content\/uploads\/2022\/04\/Second_Slice_Risk_Map_QlikSense_stone-1.png 1140w\" sizes=\"auto, (max-width: 1024px) 100vw, 1024px\" \/><\/figure><\/div>","protected":false},"excerpt":{"rendered":"<p>Na\u0161e vizualizace pro Power BI jsou certifikov\u00e1ny spole\u010dnost\u00ed Microsoft a lze je p\u0159izp\u016fsobit tak, aby zahrnovaly va\u0161e individu\u00e1ln\u00ed \u0159e\u0161en\u00ed. D\u00edky p\u0159ehledn\u00e9 struktu\u0159e a designu zam\u011b\u0159en\u00e9mu na u\u017eivatele na\u0161e vizualizace vylep\u0161uj\u00ed v\u00e1\u0161 \u0159\u00eddic\u00ed panel a usnad\u0148uj\u00ed realizaci va\u0161ich n\u00e1pad\u016f, ani\u017e byste museli ob\u011btovat d\u016fle\u017eit\u00e9 funkce! Semafor Power BI Vizu\u00e1l Toto \u0159e\u0161en\u00ed semaforu v\u00e1m umo\u017en\u00ed snadno ... <\/p>","protected":false},"author":3,"featured_media":0,"parent":0,"menu_order":0,"comment_status":"closed","ping_status":"closed","template":"","meta":{"footnotes":""},"class_list":["post-6466","page","type-page","status-publish","hentry","latest_post"],"_links":{"self":[{"href":"https:\/\/www.leaplytics.de\/cs\/wp-json\/wp\/v2\/pages\/6466","targetHints":{"allow":["GET"]}}],"collection":[{"href":"https:\/\/www.leaplytics.de\/cs\/wp-json\/wp\/v2\/pages"}],"about":[{"href":"https:\/\/www.leaplytics.de\/cs\/wp-json\/wp\/v2\/types\/page"}],"author":[{"embeddable":true,"href":"https:\/\/www.leaplytics.de\/cs\/wp-json\/wp\/v2\/users\/3"}],"replies":[{"embeddable":true,"href":"https:\/\/www.leaplytics.de\/cs\/wp-json\/wp\/v2\/comments?post=6466"}],"version-history":[{"count":1,"href":"https:\/\/www.leaplytics.de\/cs\/wp-json\/wp\/v2\/pages\/6466\/revisions"}],"predecessor-version":[{"id":13658,"href":"https:\/\/www.leaplytics.de\/cs\/wp-json\/wp\/v2\/pages\/6466\/revisions\/13658"}],"wp:attachment":[{"href":"https:\/\/www.leaplytics.de\/cs\/wp-json\/wp\/v2\/media?parent=6466"}],"curies":[{"name":"wp","href":"https:\/\/api.w.org\/{rel}","templated":true}]}}