{"id":799,"date":"2021-01-04T21:52:31","date_gmt":"2021-01-04T20:52:31","guid":{"rendered":"https:\/\/www.leaplytics.de\/?page_id=799"},"modified":"2024-11-04T09:23:33","modified_gmt":"2024-11-04T08:23:33","slug":"ovladaci-panel-pro-rizeni-projektu-qlik-sense","status":"publish","type":"page","link":"https:\/\/www.leaplytics.de\/cs\/titulni-stranka\/ovladaci-panel-pro-rizeni-projektu-qlik-sense\/","title":{"rendered":"Dashboard pro \u0159\u00edzen\u00ed projekt\u016f Qlik Sense"},"content":{"rendered":"<h2 class=\"wp-block-heading\" id=\"dashboard\">P\u0159\u00edstrojov\u00e1 deska<\/h2>\n\n\n\n<p>Dashboard pro \u0159\u00edzen\u00ed projekt\u016f Qlik Sense se \u0159\u00edd\u00ed jednoduch\u00fdm pravidlem: <strong>zobrazit odpov\u011bdn\u00fdm osob\u00e1m na prvn\u00ed pohled spr\u00e1vn\u00e9 informace o projektu ve spr\u00e1vn\u00e9 agregaci a umo\u017enit jim tak u\u010dinit spr\u00e1vn\u00e1 rozhodnut\u00ed.<\/strong>. <\/p>\n\n\n\n<p>V projektov\u00e9m prost\u0159ed\u00ed existuj\u00ed r\u016fzn\u00e9 zainteresovan\u00e9 strany, kter\u00e9 maj\u00ed r\u016fzn\u00e9 po\u017eadavky na informace a ka\u017ed\u00e1 z nich m\u00e1 jinou \u00farove\u0148 podrobnosti. N\u00e1sleduj\u00edc\u00ed p\u0159\u00edklady ukazuj\u00ed nej\u010dast\u011bj\u0161\u00ed dva protiklady.  <\/p>\n\n\n\n<p><strong>\u00darove\u0148 portfolia:<\/strong> Existuj\u00ed mana\u017ee\u0159i portfolia, kte\u0159\u00ed mus\u00ed zajistit, aby byly spr\u00e1vn\u00e9 projekty up\u0159ednost\u0148ov\u00e1ny s vyu\u017eit\u00edm spr\u00e1vn\u00fdch zdroj\u016f. Je t\u0159eba identifikovat \"hrdla ucp\u00e1v\u00e1n\u00ed\" a \u0159\u00eddit projektov\u00e9 pipeline.<\/p>\n\n\n\n<p><strong>\u00darove\u0148 projektu: <\/strong>Projektov\u00ed mana\u017ee\u0159i pot\u0159ebuj\u00ed z\u00edskat co nejni\u017e\u0161\u00ed \u00farove\u0148 informac\u00ed, aby m\u011bli k dispozici v\u0161echny \u0159\u00eddic\u00ed prom\u011bnn\u00e9. Na druh\u00e9 stran\u011b sponzo\u0159i, \u010dlenov\u00e9 revizn\u00ed komise a gener\u00e1ln\u00ed \u0159editel\u00e9 pot\u0159ebuj\u00ed z\u00edskat relevantn\u00ed podstatu informac\u00ed, aby mohli vyvodit spr\u00e1vn\u00e1 rozhodnut\u00ed v r\u00e1mci zast\u0159e\u0161uj\u00edc\u00edho \u0159\u00edzen\u00ed projektu.<\/p>\n\n\n\n<p>Pokro\u010dil\u00fd reporting pro \u0159\u00edzen\u00ed projekt\u016f LeapLytics zaji\u0161\u0165uje, \u017ee v\u0161echny po\u017eadavky na reporting jsou mo\u017en\u00e9 bez ohledu na druh zainteresovan\u00e9 strany nebo \u00farove\u0148 agregace. D\u00edky integrovan\u00e9mu informa\u010dn\u00edmu procesu jsou v\u0161echny informace shroma\u017e\u010fov\u00e1ny na nejni\u017e\u0161\u00ed \u00farovni a jsou agregov\u00e1ny podle pot\u0159eb v\u0161ech mo\u017en\u00fdch p\u0159\u00edjemc\u016f.<\/p>\n\n\n\n<p>Zde jsou dva p\u0159\u00edklady vykazov\u00e1n\u00ed stavu projektu, kter\u00e9 lze realizovat pomoc\u00ed na\u0161\u00ed sady roz\u0161\u00ed\u0159en\u00ed LeapLytics Extension Suite pro QlikSense. Dashboardy pou\u017e\u00edvaj\u00ed z\u00e1kladn\u00ed datov\u00fd model, kter\u00fd se \u0159\u00edd\u00ed standardn\u00edmi pravidly PMI pro \u0159\u00edzen\u00ed projekt\u016f. D\u00edky tomu lze vykazovat projekty v r\u00e1mci cel\u00e9ho podniku harmonizovan\u00fdm, efektivn\u00edm a u\u017eivatelsky p\u0159\u00edv\u011btiv\u00fdm zp\u016fsobem.<\/p>\n\n\n\n<h2 class=\"wp-block-heading\" id=\"project-status-report-qlik-sense\">Zpr\u00e1va o stavu projektu Qlik Sense<\/h2>\n\n\n\n<p>Z\u00e1kladn\u00ed zpr\u00e1va o stavu projektu je jedn\u00edm z p\u0159\u00edklad\u016f panelu Qlik Sense pro \u0159\u00edzen\u00ed projekt\u016f a umo\u017e\u0148uje u\u017eivateli vybrat vyhrazen\u00fd projekt i datum sestaven\u00ed zpr\u00e1vy. Z\u00edsk\u00e1 v\u0161echny pot\u0159ebn\u00e9 informace prezentovan\u00e9 ve t\u0159\u00edsloupcov\u00e9m uspo\u0159\u00e1d\u00e1n\u00ed s p\u0159\u00edslu\u0161n\u00fdmi hlavn\u00edmi \u00fadaji v z\u00e1hlav\u00ed. Hlavn\u00edmi funkcemi jsou <a href=\"https:\/\/www.leaplytics.de\/cs\/extensions\/traffic-light\/\">Semafor<\/a> a <a href=\"https:\/\/www.leaplytics.de\/cs\/extensions\/risk-heatmap-extension-for-qliksense\/\">Matice rizik<\/a>.<\/p>\n\n\n\n<figure class=\"wp-block-image size-large\"><img loading=\"lazy\" decoding=\"async\" width=\"1024\" height=\"600\" src=\"https:\/\/www.leaplytics.de\/wp-content\/uploads\/2021\/11\/Laptop-with-Dashboard-Page2-1024x600.png\" alt=\"\" class=\"wp-image-2407\" srcset=\"https:\/\/www.leaplytics.de\/wp-content\/uploads\/2021\/11\/Laptop-with-Dashboard-Page2-1024x600.png 1024w, https:\/\/www.leaplytics.de\/wp-content\/uploads\/2021\/11\/Laptop-with-Dashboard-Page2-300x176.png 300w, https:\/\/www.leaplytics.de\/wp-content\/uploads\/2021\/11\/Laptop-with-Dashboard-Page2-768x450.png 768w, https:\/\/www.leaplytics.de\/wp-content\/uploads\/2021\/11\/Laptop-with-Dashboard-Page2-1536x901.png 1536w, https:\/\/www.leaplytics.de\/wp-content\/uploads\/2021\/11\/Laptop-with-Dashboard-Page2-2048x1201.png 2048w, https:\/\/www.leaplytics.de\/wp-content\/uploads\/2021\/11\/Laptop-with-Dashboard-Page2-102x60.png 102w\" sizes=\"auto, (max-width: 1024px) 100vw, 1024px\" \/><figcaption class=\"wp-element-caption\">Dashboard pro \u0159\u00edzen\u00ed projekt\u016f Qlik Sense<\/figcaption><\/figure>\n\n\n\n<p>Varianta z\u00e1kladn\u00ed zpr\u00e1vy o stavu projektu m\u011bn\u00ed rozlo\u017een\u00ed na horizont\u00e1ln\u00ed a p\u0159id\u00e1v\u00e1 zobrazen\u00ed miln\u00edk\u016f jako hlavn\u00ed funkci pro z\u00edsk\u00e1n\u00ed p\u0159ehledu o p\u0159\u00edslu\u0161n\u00fdch miln\u00edc\u00edch a jejich c\u00edlov\u00e9m dosa\u017een\u00ed.<\/p>\n\n\n\n<figure class=\"wp-block-image size-large\"><img loading=\"lazy\" decoding=\"async\" width=\"1024\" height=\"602\" src=\"https:\/\/www.leaplytics.de\/wp-content\/uploads\/2021\/11\/Laptop-with-Dashboard-Page3-1024x602.png\" alt=\"\" class=\"wp-image-2408\" srcset=\"https:\/\/www.leaplytics.de\/wp-content\/uploads\/2021\/11\/Laptop-with-Dashboard-Page3-1024x602.png 1024w, https:\/\/www.leaplytics.de\/wp-content\/uploads\/2021\/11\/Laptop-with-Dashboard-Page3-300x176.png 300w, https:\/\/www.leaplytics.de\/wp-content\/uploads\/2021\/11\/Laptop-with-Dashboard-Page3-768x451.png 768w, https:\/\/www.leaplytics.de\/wp-content\/uploads\/2021\/11\/Laptop-with-Dashboard-Page3-1536x903.png 1536w, https:\/\/www.leaplytics.de\/wp-content\/uploads\/2021\/11\/Laptop-with-Dashboard-Page3-2048x1204.png 2048w, https:\/\/www.leaplytics.de\/wp-content\/uploads\/2021\/11\/Laptop-with-Dashboard-Page3-102x60.png 102w\" sizes=\"auto, (max-width: 1024px) 100vw, 1024px\" \/><figcaption class=\"wp-element-caption\">Dashboard pro \u0159\u00edzen\u00ed projekt\u016f Qlik Sense<\/figcaption><\/figure>\n\n\n\n<p>Na\u0161e roz\u0161\u00ed\u0159en\u00ed lze pou\u017e\u00edt tak\u00e9 v zast\u0159e\u0161uj\u00edc\u00edch n\u00e1stroj\u00edch Portfolio-Dashboards.<\/p>\n\n\n\n<figure class=\"wp-block-image size-large\"><img loading=\"lazy\" decoding=\"async\" width=\"1024\" height=\"599\" src=\"https:\/\/www.leaplytics.de\/wp-content\/uploads\/2021\/11\/Laptop-with-Dashboard-Page1-1024x599.png\" alt=\"\" class=\"wp-image-2406\" srcset=\"https:\/\/www.leaplytics.de\/wp-content\/uploads\/2021\/11\/Laptop-with-Dashboard-Page1-1024x599.png 1024w, https:\/\/www.leaplytics.de\/wp-content\/uploads\/2021\/11\/Laptop-with-Dashboard-Page1-300x175.png 300w, https:\/\/www.leaplytics.de\/wp-content\/uploads\/2021\/11\/Laptop-with-Dashboard-Page1-768x449.png 768w, https:\/\/www.leaplytics.de\/wp-content\/uploads\/2021\/11\/Laptop-with-Dashboard-Page1-1536x898.png 1536w, https:\/\/www.leaplytics.de\/wp-content\/uploads\/2021\/11\/Laptop-with-Dashboard-Page1-2048x1198.png 2048w, https:\/\/www.leaplytics.de\/wp-content\/uploads\/2021\/11\/Laptop-with-Dashboard-Page1-103x60.png 103w\" sizes=\"auto, (max-width: 1024px) 100vw, 1024px\" \/><figcaption class=\"wp-element-caption\">Dashboard portfolia projekt\u016f Qlik Sense<\/figcaption><\/figure>\n\n\n\n<p>Pokud v\u00e1s zaj\u00edm\u00e1, co by to znamenalo pro va\u0161e prost\u0159ed\u00ed \u0159\u00edzen\u00ed projekt\u016f, r\u00e1di si s v\u00e1mi domluv\u00edme sch\u016fzku. V takov\u00e9m p\u0159\u00edpad\u011b nebo pokud m\u00e1te dotazy t\u00fdkaj\u00edc\u00ed se podrobnost\u00ed, implementace a informac\u00ed o cen\u00e1ch, dejte n\u00e1m pros\u00edm v\u011bd\u011bt a my v\u00e1s v kr\u00e1tk\u00e9 dob\u011b kontaktujeme:<\/p>\n\n\n<div class=\"wpforms-container wpforms-container-full\" id=\"wpforms-10645\"><form id=\"wpforms-form-10645\" class=\"wpforms-validate wpforms-form wpforms-ajax-form\" data-formid=\"10645\" method=\"post\" enctype=\"multipart\/form-data\" action=\"\/cs\/wp-json\/wp\/v2\/pages\/799\" data-token=\"28f3ef07fd5c71083e51fe95017e2f15\" data-token-time=\"1775902050\" data-trp-original-action=\"\/cs\/wp-json\/wp\/v2\/pages\/799\"><noscript class=\"wpforms-error-noscript\">Chcete-li vyplnit tento formul\u00e1\u0159, pros\u00edm povolte v prohl\u00ed\u017ee\u010di JavaScript.<\/noscript><div class=\"wpforms-field-container\"><div id=\"wpforms-10645-field_0-container\" class=\"wpforms-field wpforms-field-name\" data-field-id=\"0\"><label class=\"wpforms-field-label\">N\u00e1zev <span class=\"wpforms-required-label\">*<\/span><\/label><div class=\"wpforms-field-row wpforms-field-medium\"><div class=\"wpforms-field-row-block wpforms-first wpforms-one-half\"><input type=\"text\" id=\"wpforms-10645-field_0\" class=\"wpforms-field-name-first wpforms-field-required\" name=\"wpforms[fields][0][first]\" required><label for=\"wpforms-10645-field_0\" class=\"wpforms-field-sublabel after\">K\u0159estn\u00ed jm\u00e9no<\/label><\/div><div class=\"wpforms-field-row-block wpforms-one-half\"><input type=\"text\" id=\"wpforms-10645-field_0-last\" class=\"wpforms-field-name-last wpforms-field-required\" name=\"wpforms[fields][0][last]\" required><label for=\"wpforms-10645-field_0-last\" class=\"wpforms-field-sublabel after\">P\u0159\u00edjmen\u00ed<\/label><\/div><\/div><\/div><div id=\"wpforms-10645-field_1-container\" class=\"wpforms-field wpforms-field-email\" data-field-id=\"1\"><label class=\"wpforms-field-label\" for=\"wpforms-10645-field_1\">E-mail <span class=\"wpforms-required-label\">*<\/span><\/label><input type=\"email\" id=\"wpforms-10645-field_1\" class=\"wpforms-field-medium wpforms-field-required\" data-rule-restricted-email=\"1\" name=\"wpforms[fields][1]\" spellcheck=\"false\" required><\/div><div id=\"wpforms-10645-field_3-container\" class=\"wpforms-field wpforms-field-text\" data-field-id=\"3\"><label class=\"wpforms-field-label\" for=\"wpforms-10645-field_3\">Spole\u010dnost <span class=\"wpforms-required-label\">*<\/span><\/label><input type=\"text\" id=\"wpforms-10645-field_3\" class=\"wpforms-field-medium wpforms-field-required\" name=\"wpforms[fields][3]\" required><\/div><div id=\"wpforms-10645-field_2-container\" class=\"wpforms-field wpforms-field-textarea\" data-field-id=\"2\"><label class=\"wpforms-field-label\" for=\"wpforms-10645-field_2\">Koment\u00e1\u0159 nebo zpr\u00e1va<\/label><textarea id=\"wpforms-10645-field_2\" class=\"wpforms-field-medium\" name=\"wpforms[fields][2]\" ><\/textarea><\/div><div id=\"wpforms-10645-field_4-container\" class=\"wpforms-field wpforms-field-gdpr-checkbox\" data-field-id=\"4\"><label class=\"wpforms-field-label\">Dohoda o GDPR <span class=\"wpforms-required-label\">*<\/span><\/label><ul id=\"wpforms-10645-field_4\" class=\"wpforms-field-required\"><li class=\"choice-1\"><input type=\"checkbox\" id=\"wpforms-10645-field_4_1\" name=\"wpforms[fields][4][]\" value=\"I consent to having this website store my submitted information so they can respond to my inquiry.\" required><label class=\"wpforms-field-label-inline\" for=\"wpforms-10645-field_4_1\">Souhlas\u00edm s t\u00edm, aby tyto webov\u00e9 str\u00e1nky ukl\u00e1daly mnou zaslan\u00e9 informace a mohly tak odpov\u011bd\u011bt na m\u016fj dotaz.<\/label><\/li><\/ul><\/div><\/div><!-- .wpforms-field-container --><div class=\"wpforms-recaptcha-container wpforms-is-recaptcha wpforms-is-recaptcha-type-v3\" ><input type=\"hidden\" name=\"wpforms[recaptcha]\" value=\"\"><\/div><div class=\"wpforms-submit-container\" ><input type=\"hidden\" name=\"wpforms[id]\" value=\"10645\"><input type=\"hidden\" name=\"page_title\" value=\"\"><input type=\"hidden\" name=\"page_url\" value=\"https:\/\/www.leaplytics.de\/cs\/wp-json\/wp\/v2\/pages\/799\"><input type=\"hidden\" name=\"url_referer\" value=\"\"><button type=\"submit\" name=\"wpforms[submit]\" id=\"wpforms-submit-10645\" class=\"wpforms-submit\" data-alt-text=\"Sending...\" data-submit-text=\"Submit\" aria-live=\"assertive\" value=\"wpforms-submit\">Odeslat<\/button><img loading=\"lazy\" decoding=\"async\" src=\"https:\/\/www.leaplytics.de\/wp-content\/plugins\/wpforms-lite\/assets\/images\/submit-spin.svg\" class=\"wpforms-submit-spinner\" style=\"display: none;\" width=\"26\" height=\"26\" alt=\"Na\u010d\u00edt\u00e1n\u00ed\"><\/div><input type=\"hidden\" name=\"trp-form-language\" value=\"cs\"\/><\/form><\/div>  <!-- .wpforms-container -->","protected":false},"excerpt":{"rendered":"<p>Dashboard Dashboard pro \u0159\u00edzen\u00ed projekt\u016f Qlik Sense se \u0159\u00edd\u00ed jednoduch\u00fdm pravidlem: zobrazit spr\u00e1vn\u00e9 informace o projektu ve spr\u00e1vn\u00e9 agregaci odpov\u011bdn\u00fdm osob\u00e1m na prvn\u00ed pohled, aby mohly u\u010dinit spr\u00e1vn\u00e1 rozhodnut\u00ed. V projektov\u00e9m prost\u0159ed\u00ed existuj\u00ed r\u016fzn\u00e9 zainteresovan\u00e9 strany, kter\u00e9 maj\u00ed r\u016fzn\u00e9 po\u017eadavky na informace a ka\u017ed\u00e1 s jinou \u00farovn\u00ed podrobnosti. Pro tyto \u00fa\u010dely je nutn\u00e9, aby se v r\u00e1mci ... <\/p>","protected":false},"author":1,"featured_media":0,"parent":111,"menu_order":0,"comment_status":"closed","ping_status":"closed","template":"","meta":{"footnotes":""},"class_list":["post-799","page","type-page","status-publish","hentry","latest_post"],"_links":{"self":[{"href":"https:\/\/www.leaplytics.de\/cs\/wp-json\/wp\/v2\/pages\/799","targetHints":{"allow":["GET"]}}],"collection":[{"href":"https:\/\/www.leaplytics.de\/cs\/wp-json\/wp\/v2\/pages"}],"about":[{"href":"https:\/\/www.leaplytics.de\/cs\/wp-json\/wp\/v2\/types\/page"}],"author":[{"embeddable":true,"href":"https:\/\/www.leaplytics.de\/cs\/wp-json\/wp\/v2\/users\/1"}],"replies":[{"embeddable":true,"href":"https:\/\/www.leaplytics.de\/cs\/wp-json\/wp\/v2\/comments?post=799"}],"version-history":[{"count":3,"href":"https:\/\/www.leaplytics.de\/cs\/wp-json\/wp\/v2\/pages\/799\/revisions"}],"predecessor-version":[{"id":13668,"href":"https:\/\/www.leaplytics.de\/cs\/wp-json\/wp\/v2\/pages\/799\/revisions\/13668"}],"up":[{"embeddable":true,"href":"https:\/\/www.leaplytics.de\/cs\/wp-json\/wp\/v2\/pages\/111"}],"wp:attachment":[{"href":"https:\/\/www.leaplytics.de\/cs\/wp-json\/wp\/v2\/media?parent=799"}],"curies":[{"name":"wp","href":"https:\/\/api.w.org\/{rel}","templated":true}]}}