{"id":8471,"date":"2022-06-07T22:47:30","date_gmt":"2022-06-07T20:47:30","guid":{"rendered":"https:\/\/www.leaplytics.de\/?page_id=8471"},"modified":"2022-06-08T11:19:35","modified_gmt":"2022-06-08T09:19:35","slug":"jak-aktivovat-licenci-microsoft-power-bi","status":"publish","type":"page","link":"https:\/\/www.leaplytics.de\/cs\/jak-aktivovat-licenci-microsoft-power-bi\/","title":{"rendered":"Jak: Aktivace licence v aplikaci Microsoft Power BI"},"content":{"rendered":"<p>Obdr\u017eeli jste licen\u010dn\u00ed kl\u00ed\u010d a chcete za\u010d\u00edt. Kam ho ale m\u00e1te vlo\u017eit? To v\u00e1m vysv\u011btl\u00edme zde.<\/p>\n\n\n\n<h2 class=\"wp-block-heading\">Power BI Web<\/h2>\n\n\n\n<div class=\"wp-block-columns is-layout-flex wp-container-core-columns-is-layout-1 wp-block-columns-is-layout-flex\">\n<div class=\"wp-block-column is-layout-flow wp-block-column-is-layout-flow\">\n<p>V re\u017eimu editoru nejprve klikn\u011bte na na\u0161i vizualizaci. V postrann\u00edm panelu se pak otev\u0159ou mo\u017enosti nastaven\u00ed na\u0161\u00ed vizualizace. Kliknete na mo\u017enost \"Form\u00e1t\". Jedn\u00e1 se o druhou ikonu zleva. Vypad\u00e1 jako rolovac\u00ed \u0161t\u011btec.<\/p>\n<\/div>\n\n\n\n<div class=\"wp-block-column is-layout-flow wp-block-column-is-layout-flow\">\n<figure class=\"wp-block-gallery has-nested-images columns-default is-cropped wp-block-gallery-1 is-layout-flex wp-block-gallery-is-layout-flex\">\n<figure class=\"wp-block-image size-large\"><img loading=\"lazy\" decoding=\"async\" width=\"322\" height=\"357\" src=\"https:\/\/www.leaplytics.de\/wp-content\/uploads\/2022\/06\/grafik.png\" alt=\"\" class=\"wp-image-8472\" srcset=\"https:\/\/www.leaplytics.de\/wp-content\/uploads\/2022\/06\/grafik.png 322w, https:\/\/www.leaplytics.de\/wp-content\/uploads\/2022\/06\/grafik-271x300.png 271w, https:\/\/www.leaplytics.de\/wp-content\/uploads\/2022\/06\/grafik-54x60.png 54w\" sizes=\"auto, (max-width: 322px) 100vw, 322px\" \/><\/figure>\n<\/figure>\n<\/div>\n<\/div>\n\n\n\n<div class=\"wp-block-columns is-layout-flex wp-container-core-columns-is-layout-2 wp-block-columns-is-layout-flex\">\n<div class=\"wp-block-column is-layout-flow wp-block-column-is-layout-flow\">\n<figure class=\"wp-block-image size-full\"><img loading=\"lazy\" decoding=\"async\" width=\"314\" height=\"636\" src=\"https:\/\/www.leaplytics.de\/wp-content\/uploads\/2022\/06\/grafik-1.png\" alt=\"\" class=\"wp-image-8476\" srcset=\"https:\/\/www.leaplytics.de\/wp-content\/uploads\/2022\/06\/grafik-1.png 314w, https:\/\/www.leaplytics.de\/wp-content\/uploads\/2022\/06\/grafik-1-148x300.png 148w, https:\/\/www.leaplytics.de\/wp-content\/uploads\/2022\/06\/grafik-1-30x60.png 30w\" sizes=\"auto, (max-width: 314px) 100vw, 314px\" \/><\/figure>\n<\/div>\n\n\n\n<div class=\"wp-block-column is-layout-flow wp-block-column-is-layout-flow\">\n<p>Nyn\u00ed se zobraz\u00ed n\u011bkolik rozev\u00edrac\u00edch nab\u00eddek. Jedna z nich m\u00e1 ozna\u010den\u00ed \"Licence\". Kliknete na ni a pod n\u00ed se zobraz\u00ed textov\u00e9 pole, do kter\u00e9ho m\u016f\u017eete zadat svou licenci.<\/p>\n\n\n\n<p>Hotovo! Licence je aktivov\u00e1na a v\u0161echna omezen\u00ed jsou zru\u0161ena. Nyn\u00ed m\u016f\u017eete za\u010d\u00edt!<\/p>\n<\/div>\n<\/div>\n\n\n\n<h2 class=\"wp-block-heading\">Power BI Desktop<\/h2>\n\n\n\n<div class=\"wp-block-columns is-layout-flex wp-container-core-columns-is-layout-3 wp-block-columns-is-layout-flex\">\n<div class=\"wp-block-column is-layout-flow wp-block-column-is-layout-flow\">\n<p>V re\u017eimu editoru nejprve klikn\u011bte na na\u0161i vizualizaci. V postrann\u00edm panelu se pak otev\u0159ou mo\u017enosti nastaven\u00ed na\u0161\u00ed vizualizace. Kliknete na mo\u017enost \"Form\u00e1tovat vizualizaci\". Jedn\u00e1 se o druhou ikonu zleva. Vypad\u00e1 jako sloupcov\u00fd graf se \u0161t\u011btcem.<\/p>\n<\/div>\n\n\n\n<div class=\"wp-block-column is-layout-flow wp-block-column-is-layout-flow\">\n<figure class=\"wp-block-image size-full\"><img loading=\"lazy\" decoding=\"async\" width=\"301\" height=\"348\" src=\"https:\/\/www.leaplytics.de\/wp-content\/uploads\/2022\/06\/grafik-2.png\" alt=\"\" class=\"wp-image-8477\" srcset=\"https:\/\/www.leaplytics.de\/wp-content\/uploads\/2022\/06\/grafik-2.png 301w, https:\/\/www.leaplytics.de\/wp-content\/uploads\/2022\/06\/grafik-2-259x300.png 259w, https:\/\/www.leaplytics.de\/wp-content\/uploads\/2022\/06\/grafik-2-52x60.png 52w\" sizes=\"auto, (max-width: 301px) 100vw, 301px\" \/><\/figure>\n<\/div>\n<\/div>\n\n\n\n<div class=\"wp-block-columns is-layout-flex wp-container-core-columns-is-layout-4 wp-block-columns-is-layout-flex\">\n<div class=\"wp-block-column is-layout-flow wp-block-column-is-layout-flow\">\n<figure class=\"wp-block-image size-full\"><img loading=\"lazy\" decoding=\"async\" width=\"252\" height=\"410\" src=\"https:\/\/www.leaplytics.de\/wp-content\/uploads\/2022\/06\/grafik-3.png\" alt=\"\" class=\"wp-image-8478\" srcset=\"https:\/\/www.leaplytics.de\/wp-content\/uploads\/2022\/06\/grafik-3.png 252w, https:\/\/www.leaplytics.de\/wp-content\/uploads\/2022\/06\/grafik-3-184x300.png 184w, https:\/\/www.leaplytics.de\/wp-content\/uploads\/2022\/06\/grafik-3-37x60.png 37w\" sizes=\"auto, (max-width: 252px) 100vw, 252px\" \/><\/figure>\n<\/div>\n\n\n\n<div class=\"wp-block-column is-layout-flow wp-block-column-is-layout-flow\">\n<p>Nyn\u00ed se zobraz\u00ed n\u011bkolik rozev\u00edrac\u00edch nab\u00eddek. Jedna z nich m\u00e1 ozna\u010den\u00ed \"Licence\". Kliknete na ni a pod n\u00ed se zobraz\u00ed textov\u00e9 pole, do kter\u00e9ho m\u016f\u017eete zadat svou licenci.<\/p>\n\n\n\n<p>Hotovo! Licence je aktivov\u00e1na a v\u0161echna omezen\u00ed jsou zru\u0161ena.<\/p>\n<\/div>\n<\/div>","protected":false},"excerpt":{"rendered":"<p>Obdr\u017eeli jste licen\u010dn\u00ed kl\u00ed\u010d a chcete za\u010d\u00edt. Kam ho ale m\u00e1te vlo\u017eit? To v\u00e1m vysv\u011btl\u00edme zde. Power BI Web V re\u017eimu editoru nejprve klikn\u011bte na na\u0161i vizualizaci. V postrann\u00edm panelu se pak otev\u0159ou mo\u017enosti nastaven\u00ed na\u0161\u00ed vizualizace. Kliknete na mo\u017enost \"Form\u00e1t\". Jedn\u00e1 se o druhou mo\u017enost, kter\u00e1 se nach\u00e1z\u00ed na str\u00e1nce ... <\/p>","protected":false},"author":2,"featured_media":0,"parent":0,"menu_order":0,"comment_status":"closed","ping_status":"closed","template":"","meta":{"footnotes":""},"class_list":["post-8471","page","type-page","status-publish","hentry","latest_post"],"_links":{"self":[{"href":"https:\/\/www.leaplytics.de\/cs\/wp-json\/wp\/v2\/pages\/8471","targetHints":{"allow":["GET"]}}],"collection":[{"href":"https:\/\/www.leaplytics.de\/cs\/wp-json\/wp\/v2\/pages"}],"about":[{"href":"https:\/\/www.leaplytics.de\/cs\/wp-json\/wp\/v2\/types\/page"}],"author":[{"embeddable":true,"href":"https:\/\/www.leaplytics.de\/cs\/wp-json\/wp\/v2\/users\/2"}],"replies":[{"embeddable":true,"href":"https:\/\/www.leaplytics.de\/cs\/wp-json\/wp\/v2\/comments?post=8471"}],"version-history":[{"count":0,"href":"https:\/\/www.leaplytics.de\/cs\/wp-json\/wp\/v2\/pages\/8471\/revisions"}],"wp:attachment":[{"href":"https:\/\/www.leaplytics.de\/cs\/wp-json\/wp\/v2\/media?parent=8471"}],"curies":[{"name":"wp","href":"https:\/\/api.w.org\/{rel}","templated":true}]}}