{"id":8499,"date":"2022-06-13T21:38:40","date_gmt":"2022-06-13T19:38:40","guid":{"rendered":"https:\/\/www.leaplytics.de\/?page_id=8499"},"modified":"2024-10-29T11:53:22","modified_gmt":"2024-10-29T10:53:22","slug":"diskretizace-pro-matrici-heatmap-rizika-power-bi","status":"publish","type":"page","link":"https:\/\/www.leaplytics.de\/cs\/diskretizace-pro-matrici-heatmap-rizika-power-bi\/","title":{"rendered":"Diskretizace a transformace"},"content":{"rendered":"<p>Na\u0161e mapa rizik \/ matice vy\u017eaduje jako hodnoty 1 a\u017e 10, ale co d\u011blat, pokud jsou va\u0161e data spojit\u00e1 a nejsou v tomto intervalu? Nebo pokud se vyj\u00e1d\u0159en\u00ed va\u0161ich rizik skl\u00e1d\u00e1 ze slov? N\u00ed\u017ee jsou uvedena \u010dty\u0159i \u0159e\u0161en\u00ed s binningem, kvantily, vlastn\u00edmi prahov\u00fdmi hodnotami a mapov\u00e1n\u00edm slov na \u010d\u00edsla.<\/p>\n\n\n\n<h2 class=\"wp-block-heading\" id=\"binning\">Binning<\/h2>\n\n\n\n<p>V tomto p\u0159\u00edstupu \u0159e\u0161en\u00ed jsou v\u0161echny spojit\u00e9 hodnoty v souboru dat rozd\u011bleny do p\u011bti bin\u016f. V\u0161imn\u011bte si, \u017ee velikost ko\u0161e je v\u017edy stejn\u00e1.<\/p>\n\n\n\n<p><em>P\u0159\u00edklad: Va\u0161e hodnoty jsou v rozmez\u00ed 0 a\u017e 100: Vytvo\u0159\u00ed se n\u00e1sleduj\u00edc\u00ed ko\u0161e:<\/em><\/p>\n\n\n\n<ul class=\"wp-block-list\">\n<li><em>0 a\u017e 20<\/em><\/li>\n\n\n\n<li><em>21 a\u017e 40<\/em><\/li>\n\n\n\n<li><em>41 a\u017e 60<\/em><\/li>\n\n\n\n<li><em>61 a\u017e 80<\/em><\/li>\n\n\n\n<li><em>81 a\u017e 100<\/em><\/li>\n<\/ul>\n\n\n\n<p><em><strong>Nezohled\u0148uje tedy mno\u017estv\u00ed rizik v jednotliv\u00fdch ko\u0161\u00edch.<\/strong> Rozsahy dat jsou rozd\u011bleny pouze rovnom\u011brn\u011b.<\/em><\/p>\n\n\n\n<div class=\"wp-block-columns is-layout-flex wp-container-core-columns-is-layout-1 wp-block-columns-is-layout-flex\">\n<div class=\"wp-block-column is-layout-flow wp-block-column-is-layout-flow\" style=\"flex-basis:66.66%\">\n<figure class=\"wp-block-image size-full\"><img loading=\"lazy\" decoding=\"async\" width=\"400\" height=\"606\" src=\"https:\/\/www.leaplytics.de\/wp-content\/uploads\/2022\/06\/grafik-4.png\" alt=\"\" class=\"wp-image-8500\" srcset=\"https:\/\/www.leaplytics.de\/wp-content\/uploads\/2022\/06\/grafik-4.png 400w, https:\/\/www.leaplytics.de\/wp-content\/uploads\/2022\/06\/grafik-4-198x300.png 198w, https:\/\/www.leaplytics.de\/wp-content\/uploads\/2022\/06\/grafik-4-40x60.png 40w\" sizes=\"auto, (max-width: 400px) 100vw, 400px\" \/><\/figure>\n<\/div>\n\n\n\n<div class=\"wp-block-column is-layout-flow wp-block-column-is-layout-flow\" style=\"flex-basis:33.33%\">\n<p>Na postrann\u00edm panelu nejprve klikn\u011bte prav\u00fdm tla\u010d\u00edtkem my\u0161i na pole, kter\u00e9 chcete transformovat. V na\u0161em p\u0159\u00edpad\u011b pole \"P\u0159\u00edklad dopadu\".<\/p>\n\n\n\n<p>Pot\u00e9 kliknut\u00edm lev\u00fdm tla\u010d\u00edtkem my\u0161i vyberte mo\u017enost \"Nov\u00e1 skupina\". Otev\u0159e se okno \"Skupiny\".<\/p>\n<\/div>\n<\/div>\n\n\n\n<div class=\"wp-block-columns is-layout-flex wp-container-core-columns-is-layout-2 wp-block-columns-is-layout-flex\">\n<div class=\"wp-block-column is-layout-flow wp-block-column-is-layout-flow\" style=\"flex-basis:33.33%\">\n<p>Zde vyberte mo\u017enost \"Number of bins\" (Po\u010det ko\u0161\u016f) pro \"Bin type\" (Typ ko\u0161e). Vlevo dole zad\u00e1te hodnotu \"10\" jako \"Bin Count\". Pot\u00e9 se automaticky vypo\u010d\u00edt\u00e1 \u0161\u00ed\u0159ka ko\u0161\u016f v polo\u017ece \"Bin size\" (Velikost ko\u0161e).<\/p>\n\n\n\n<p>Nakonec klikn\u011bte na tla\u010d\u00edtko \"OK\".<\/p>\n<\/div>\n\n\n\n<div class=\"wp-block-column is-layout-flow wp-block-column-is-layout-flow\" style=\"flex-basis:66.66%\">\n<figure class=\"wp-block-image size-full\"><img loading=\"lazy\" decoding=\"async\" width=\"806\" height=\"635\" src=\"https:\/\/www.leaplytics.de\/wp-content\/uploads\/2022\/06\/grafik-5.png\" alt=\"\" class=\"wp-image-8501\" srcset=\"https:\/\/www.leaplytics.de\/wp-content\/uploads\/2022\/06\/grafik-5.png 806w, https:\/\/www.leaplytics.de\/wp-content\/uploads\/2022\/06\/grafik-5-300x236.png 300w, https:\/\/www.leaplytics.de\/wp-content\/uploads\/2022\/06\/grafik-5-768x605.png 768w, https:\/\/www.leaplytics.de\/wp-content\/uploads\/2022\/06\/grafik-5-76x60.png 76w\" sizes=\"auto, (max-width: 806px) 100vw, 806px\" \/><\/figure>\n<\/div>\n<\/div>\n\n\n\n<div class=\"wp-block-columns is-layout-flex wp-container-core-columns-is-layout-3 wp-block-columns-is-layout-flex\">\n<div class=\"wp-block-column is-layout-flow wp-block-column-is-layout-flow\" style=\"flex-basis:66.66%\">\n<figure class=\"wp-block-image size-full\"><img loading=\"lazy\" decoding=\"async\" width=\"402\" height=\"664\" src=\"https:\/\/www.leaplytics.de\/wp-content\/uploads\/2022\/06\/grafik-6.png\" alt=\"\" class=\"wp-image-8503\" srcset=\"https:\/\/www.leaplytics.de\/wp-content\/uploads\/2022\/06\/grafik-6.png 402w, https:\/\/www.leaplytics.de\/wp-content\/uploads\/2022\/06\/grafik-6-182x300.png 182w, https:\/\/www.leaplytics.de\/wp-content\/uploads\/2022\/06\/grafik-6-36x60.png 36w\" sizes=\"auto, (max-width: 402px) 100vw, 402px\" \/><\/figure>\n<\/div>\n\n\n\n<div class=\"wp-block-column is-layout-flow wp-block-column-is-layout-flow\" style=\"flex-basis:33.33%\">\n<p>V posledn\u00edm kroku znovu klikn\u011bte na nov\u011b vytvo\u0159en\u00e9 pole v postrann\u00edm panelu.<\/p>\n\n\n\n<p>Nyn\u00ed se op\u011bt zobraz\u00ed okno \"Skupiny\".<\/p>\n<\/div>\n<\/div>\n\n\n\n<div class=\"wp-block-columns is-layout-flex wp-container-core-columns-is-layout-4 wp-block-columns-is-layout-flex\">\n<div class=\"wp-block-column is-layout-flow wp-block-column-is-layout-flow\" style=\"flex-basis:33.33%\">\n<p>Zde vyberte typ skupiny \"Seznam\" nam\u00edsto \"Ko\u0161\". Neseskupen\u00e9 hodnoty se zobraz\u00ed v lev\u00e9m poli.<\/p>\n\n\n\n<p>Nyn\u00ed spust\u00edte a vyberete jednotliv\u00e9 hodnoty a p\u0159esunete je do prav\u00e9ho sloupce pomoc\u00ed tla\u010d\u00edtka \"Seskupit\".<\/p>\n<\/div>\n\n\n\n<div class=\"wp-block-column is-layout-flow wp-block-column-is-layout-flow\" style=\"flex-basis:66.66%\">\n<figure class=\"wp-block-image size-full\"><img loading=\"lazy\" decoding=\"async\" width=\"796\" height=\"631\" src=\"https:\/\/www.leaplytics.de\/wp-content\/uploads\/2022\/06\/grafik-7.png\" alt=\"\" class=\"wp-image-8504\" srcset=\"https:\/\/www.leaplytics.de\/wp-content\/uploads\/2022\/06\/grafik-7.png 796w, https:\/\/www.leaplytics.de\/wp-content\/uploads\/2022\/06\/grafik-7-300x238.png 300w, https:\/\/www.leaplytics.de\/wp-content\/uploads\/2022\/06\/grafik-7-768x609.png 768w, https:\/\/www.leaplytics.de\/wp-content\/uploads\/2022\/06\/grafik-7-76x60.png 76w\" sizes=\"auto, (max-width: 796px) 100vw, 796px\" \/><\/figure>\n<\/div>\n<\/div>\n\n\n\n<div class=\"wp-block-columns is-layout-flex wp-container-core-columns-is-layout-5 wp-block-columns-is-layout-flex\">\n<div class=\"wp-block-column is-layout-flow wp-block-column-is-layout-flow\" style=\"flex-basis:66.66%\">\n<figure class=\"wp-block-image size-full\"><img loading=\"lazy\" decoding=\"async\" width=\"797\" height=\"631\" src=\"https:\/\/www.leaplytics.de\/wp-content\/uploads\/2022\/06\/grafik-8.png\" alt=\"\" class=\"wp-image-8505\" srcset=\"https:\/\/www.leaplytics.de\/wp-content\/uploads\/2022\/06\/grafik-8.png 797w, https:\/\/www.leaplytics.de\/wp-content\/uploads\/2022\/06\/grafik-8-300x238.png 300w, https:\/\/www.leaplytics.de\/wp-content\/uploads\/2022\/06\/grafik-8-768x608.png 768w, https:\/\/www.leaplytics.de\/wp-content\/uploads\/2022\/06\/grafik-8-76x60.png 76w\" sizes=\"auto, (max-width: 797px) 100vw, 797px\" \/><\/figure>\n<\/div>\n\n\n\n<div class=\"wp-block-column is-layout-flow wp-block-column-is-layout-flow\" style=\"flex-basis:33.33%\">\n<p>T\u00e9m\u011b\u0159 hotovo! Nyn\u00ed p\u0159i\u0159ad\u00edte hodnoty 1 a\u017e 10 deseti hodnot\u00e1m tak, \u017ee dvakr\u00e1t kliknete na ka\u017edou nadskupinu a vlo\u017e\u00edte hodnoty. Nakonec kliknete na \"OK\".<\/p>\n<\/div>\n<\/div>\n\n\n\n<div class=\"wp-block-columns is-layout-flex wp-container-core-columns-is-layout-6 wp-block-columns-is-layout-flex\">\n<div class=\"wp-block-column is-layout-flow wp-block-column-is-layout-flow\" style=\"flex-basis:33.33%\">\n<p>Hotovo! Data jste transformovali a nyn\u00ed je m\u016f\u017eete p\u0159et\u00e1hnout na osu v na\u0161\u00ed matici rizik.<\/p>\n<\/div>\n\n\n\n<div class=\"wp-block-column is-layout-flow wp-block-column-is-layout-flow\" style=\"flex-basis:66.66%\">\n<figure class=\"wp-block-image size-full\"><img loading=\"lazy\" decoding=\"async\" width=\"416\" height=\"634\" src=\"https:\/\/www.leaplytics.de\/wp-content\/uploads\/2022\/06\/grafik-9.png\" alt=\"\" class=\"wp-image-8506\" srcset=\"https:\/\/www.leaplytics.de\/wp-content\/uploads\/2022\/06\/grafik-9.png 416w, https:\/\/www.leaplytics.de\/wp-content\/uploads\/2022\/06\/grafik-9-197x300.png 197w, https:\/\/www.leaplytics.de\/wp-content\/uploads\/2022\/06\/grafik-9-39x60.png 39w\" sizes=\"auto, (max-width: 416px) 100vw, 416px\" \/><\/figure>\n<\/div>\n<\/div>\n\n\n\n<h2 class=\"wp-block-heading\" id=\"quintiles\">Quintiles<\/h2>\n\n\n\n<div class=\"wp-block-columns is-layout-flex wp-container-core-columns-is-layout-7 wp-block-columns-is-layout-flex\">\n<div class=\"wp-block-column is-layout-flow wp-block-column-is-layout-flow\" style=\"flex-basis:66.66%\">\n<figure class=\"wp-block-image size-full\"><img loading=\"lazy\" decoding=\"async\" width=\"393\" height=\"677\" src=\"https:\/\/www.leaplytics.de\/wp-content\/uploads\/2022\/06\/grafik-11.png\" alt=\"\" class=\"wp-image-8541\" srcset=\"https:\/\/www.leaplytics.de\/wp-content\/uploads\/2022\/06\/grafik-11.png 393w, https:\/\/www.leaplytics.de\/wp-content\/uploads\/2022\/06\/grafik-11-174x300.png 174w, https:\/\/www.leaplytics.de\/wp-content\/uploads\/2022\/06\/grafik-11-35x60.png 35w\" sizes=\"auto, (max-width: 393px) 100vw, 393px\" \/><\/figure>\n<\/div>\n\n\n\n<div class=\"wp-block-column is-layout-flow wp-block-column-is-layout-flow\" style=\"flex-basis:33.33%\">\n<p>Nejprve op\u011bt klikneme prav\u00fdm tla\u010d\u00edtkem my\u0161i na pole, kter\u00e9 chceme diskretizovat. V na\u0161em p\u0159\u00edkladu je to \"Impact Example\". Pot\u00e9 vybereme mo\u017enost \"Nov\u00e9 opat\u0159en\u00ed\". Nad p\u0159\u00edstrojovou deskou se otev\u0159e editor DAX.<\/p>\n<\/div>\n<\/div>\n\n\n\n<p>Nyn\u00ed p\u0159id\u00e1me n\u00e1sleduj\u00edc\u00ed k\u00f3d, p\u0159izp\u016fsoben\u00fd tabulce a po\u017eadovan\u00e9mu sloupci v datov\u00e9 sad\u011b. D\u016fle\u017eit\u00e9 - toto je p\u0159\u00edklad pro kvantily. V p\u0159\u00edpad\u011b pot\u0159eby jej m\u016f\u017eete upravit pro percentily:<\/p>\n\n\n\n<pre class=\"wp-block-code\"><code>Kvantil =\nvar FirstQuantile = CALCULATE(PERCENTILE.INC(Table[Column], .2), ALL(Table[Column]))\nvar SecondQuantile = CALCULATE(PERCENTILE.INC(Table[Column], .4), ALL(Table[Column])\nvar ThirdQuantile = CALCULATE(PERCENTILE.INC(Table[Column], .6), ALL(Table[Column])\nvar FourthQuantile = CALCULATE(PERCENTILE.INC(Table[Column], .8), ALL(Table[Column])\nvar ThisVal = Min(Tabulka[Sloupec])\nreturn\nIF(HASONEVALUE(Tabulka[Sloupec]),\n\t\tIF(ThisVal  FirstQuantile &amp;&amp; ThisVal  SecondQuantile &amp;&amp; ThisVal  ThirdQuantile &amp;&amp; ThisVal &lt;= FourthQuantile, 4,\n\t\t\t\t5)\n\t\t\t)\n\t\t)\n) )<\/code><\/pre>\n\n\n\n<div class=\"wp-block-columns is-layout-flex wp-container-core-columns-is-layout-8 wp-block-columns-is-layout-flex\">\n<div class=\"wp-block-column is-layout-flow wp-block-column-is-layout-flow\" style=\"flex-basis:33.33%\">\n<p>P\u0159ipraveno! T\u00edm jsme diskretizovali a z\u00edskali hodnoty 1 a\u017e 5. Nyn\u00ed m\u016f\u017eeme toto pole pou\u017e\u00edt pro na\u0161i matici rizik!<\/p>\n<\/div>\n\n\n\n<div class=\"wp-block-column is-layout-flow wp-block-column-is-layout-flow\" style=\"flex-basis:66.66%\">\n<figure class=\"wp-block-image size-full\"><img loading=\"lazy\" decoding=\"async\" width=\"244\" height=\"493\" src=\"https:\/\/www.leaplytics.de\/wp-content\/uploads\/2022\/06\/grafik-12.png\" alt=\"\" class=\"wp-image-8542\" srcset=\"https:\/\/www.leaplytics.de\/wp-content\/uploads\/2022\/06\/grafik-12.png 244w, https:\/\/www.leaplytics.de\/wp-content\/uploads\/2022\/06\/grafik-12-148x300.png 148w, https:\/\/www.leaplytics.de\/wp-content\/uploads\/2022\/06\/grafik-12-30x60.png 30w\" sizes=\"auto, (max-width: 244px) 100vw, 244px\" \/><\/figure>\n<\/div>\n<\/div>\n\n\n\n<h2 class=\"wp-block-heading\" id=\"custom-thresholds\">Vlastn\u00ed prahov\u00e9 hodnoty<\/h2>\n\n\n\n<div class=\"wp-block-columns is-layout-flex wp-container-core-columns-is-layout-9 wp-block-columns-is-layout-flex\">\n<div class=\"wp-block-column is-layout-flow wp-block-column-is-layout-flow\" style=\"flex-basis:66.66%\">\n<figure class=\"wp-block-image size-full\"><img loading=\"lazy\" decoding=\"async\" width=\"393\" height=\"677\" src=\"https:\/\/www.leaplytics.de\/wp-content\/uploads\/2022\/06\/grafik-11.png\" alt=\"\" class=\"wp-image-8541\" srcset=\"https:\/\/www.leaplytics.de\/wp-content\/uploads\/2022\/06\/grafik-11.png 393w, https:\/\/www.leaplytics.de\/wp-content\/uploads\/2022\/06\/grafik-11-174x300.png 174w, https:\/\/www.leaplytics.de\/wp-content\/uploads\/2022\/06\/grafik-11-35x60.png 35w\" sizes=\"auto, (max-width: 393px) 100vw, 393px\" \/><\/figure>\n<\/div>\n\n\n\n<div class=\"wp-block-column is-layout-flow wp-block-column-is-layout-flow\" style=\"flex-basis:33.33%\">\n<p>Nejprve op\u011bt klikneme prav\u00fdm tla\u010d\u00edtkem my\u0161i na pole, kter\u00e9 chceme diskretizovat. V na\u0161em p\u0159\u00edkladu je to \"Impact Example\". Pot\u00e9 vybereme mo\u017enost \"Nov\u00e9 opat\u0159en\u00ed\". Nad p\u0159\u00edstrojovou deskou se otev\u0159e editor DAX.<\/p>\n<\/div>\n<\/div>\n\n\n\n<p>Nyn\u00ed p\u0159id\u00e1me n\u00e1sleduj\u00edc\u00ed k\u00f3d, p\u0159izp\u016fsoben\u00fd tabulce a po\u017eadovan\u00e9mu sloupci v datov\u00e9 sad\u011b:<\/p>\n\n\n\n<pre class=\"wp-block-code\"><code>Custom_Thresholds =\nvar FirstThreshold = your_first_threshold_value_here\nvar SecondThreshold = your_second_threshold_value_here\nvar ThirdThreshold = your_third_threshold_value_here\nvar FourthThreshold = your_fourth_threshold_value_here\nvar ThisVal = Min(Tabulka[Sloupec])\nreturn\nIF(HASONEVALUE(Table[Column]),\n\t\tIF(ThisVal  FirstThreshold &amp;&amp; ThisVal  SecondThreshold &amp;&amp; ThisVal  ThirdThreshold &amp;&amp; ThisVal &lt;= FourthThreshold, 4,\n\t\t\t\t5)\n\t\t\t)\n\t\t)\n) )<\/code><\/pre>\n\n\n\n<h2 class=\"wp-block-heading\" id=\"words-to-numbers\">P\u0159evod slova na \u010d\u00edsla<\/h2>\n\n\n\n<div class=\"wp-block-columns is-layout-flex wp-container-core-columns-is-layout-10 wp-block-columns-is-layout-flex\">\n<div class=\"wp-block-column is-layout-flow wp-block-column-is-layout-flow\" style=\"flex-basis:66.66%\">\n<figure class=\"wp-block-image size-full\"><img loading=\"lazy\" decoding=\"async\" width=\"627\" height=\"439\" src=\"https:\/\/www.leaplytics.de\/wp-content\/uploads\/2022\/06\/grafik-17.png\" alt=\"\" class=\"wp-image-8963\" srcset=\"https:\/\/www.leaplytics.de\/wp-content\/uploads\/2022\/06\/grafik-17.png 627w, https:\/\/www.leaplytics.de\/wp-content\/uploads\/2022\/06\/grafik-17-300x210.png 300w, https:\/\/www.leaplytics.de\/wp-content\/uploads\/2022\/06\/grafik-17-86x60.png 86w\" sizes=\"auto, (max-width: 627px) 100vw, 627px\" \/><\/figure>\n<\/div>\n\n\n\n<div class=\"wp-block-column is-layout-flow wp-block-column-is-layout-flow\" style=\"flex-basis:33.33%\">\n<p>Nejprve klikn\u011bte na mo\u017enost \"Transformovat data\" v nab\u00eddce. T\u00edm se otev\u0159e editor dotaz\u016f Power Query.<\/p>\n<\/div>\n<\/div>\n\n\n\n<div class=\"wp-block-columns is-layout-flex wp-container-core-columns-is-layout-11 wp-block-columns-is-layout-flex\">\n<div class=\"wp-block-column is-layout-flow wp-block-column-is-layout-flow\" style=\"flex-basis:33.33%\">\n<p>Vyberete sloupec, kter\u00fd chcete transformovat. V tomto p\u0159\u00edkladu je to sloupec \"Text pravd\u011bpodobnosti\". Pot\u00e9 klikn\u011bte na \"Sloupec z p\u0159\u00edklad\u016f\" v lev\u00e9m horn\u00edm rohu a vyberte \"Z v\u00fdb\u011bru\".<\/p>\n<\/div>\n\n\n\n<div class=\"wp-block-column is-layout-flow wp-block-column-is-layout-flow\" style=\"flex-basis:66.66%\">\n<figure class=\"wp-block-image size-full\"><img loading=\"lazy\" decoding=\"async\" width=\"627\" height=\"268\" src=\"https:\/\/www.leaplytics.de\/wp-content\/uploads\/2022\/06\/grafik-18.png\" alt=\"\" class=\"wp-image-8964\" srcset=\"https:\/\/www.leaplytics.de\/wp-content\/uploads\/2022\/06\/grafik-18.png 627w, https:\/\/www.leaplytics.de\/wp-content\/uploads\/2022\/06\/grafik-18-300x128.png 300w, https:\/\/www.leaplytics.de\/wp-content\/uploads\/2022\/06\/grafik-18-140x60.png 140w\" sizes=\"auto, (max-width: 627px) 100vw, 627px\" \/><\/figure>\n<\/div>\n<\/div>\n\n\n\n<div class=\"wp-block-columns is-layout-flex wp-container-core-columns-is-layout-12 wp-block-columns-is-layout-flex\">\n<div class=\"wp-block-column is-layout-flow wp-block-column-is-layout-flow\" style=\"flex-basis:66.66%\">\n<figure class=\"wp-block-image size-full\"><img loading=\"lazy\" decoding=\"async\" width=\"627\" height=\"268\" src=\"https:\/\/www.leaplytics.de\/wp-content\/uploads\/2022\/06\/grafik-19.png\" alt=\"\" class=\"wp-image-8965\" srcset=\"https:\/\/www.leaplytics.de\/wp-content\/uploads\/2022\/06\/grafik-19.png 627w, https:\/\/www.leaplytics.de\/wp-content\/uploads\/2022\/06\/grafik-19-300x128.png 300w, https:\/\/www.leaplytics.de\/wp-content\/uploads\/2022\/06\/grafik-19-140x60.png 140w\" sizes=\"auto, (max-width: 627px) 100vw, 627px\" \/><\/figure>\n<\/div>\n\n\n\n<div class=\"wp-block-column is-layout-flow wp-block-column-is-layout-flow\" style=\"flex-basis:33.33%\">\n<p>Je p\u0159id\u00e1n nov\u00fd sloupec. Klikn\u011bte na prvn\u00ed bu\u0148ku nov\u00e9ho sloupce a vlo\u017ete po\u017eadovanou \u010d\u00edselnou hodnotu. V na\u0161em p\u0159\u00edkladu odpov\u00edd\u00e1 \"Remote\" (nejni\u017e\u0161\u00ed v\u00fdraz) hodnot\u011b \"1\".&nbsp; <em><strong>Nemus\u00edte m\u011bnit v\u0161echny hodnoty jednotliv\u011b. Power BI rozpozn\u00e1 \u010d\u00edsla a automaticky je namapuje podle nich. <\/strong><\/em><strong>dva<\/strong><em><strong> va\u0161e p\u0159\u00edklady.<\/strong><\/em><\/p>\n<\/div>\n<\/div>\n\n\n\n<div class=\"wp-block-columns is-layout-flex wp-container-core-columns-is-layout-13 wp-block-columns-is-layout-flex\">\n<div class=\"wp-block-column is-layout-flow wp-block-column-is-layout-flow\" style=\"flex-basis:33.33%\">\n<p>Tento postup opakujte pro ka\u017ed\u00fd v\u00fdraz v souboru dat...<\/p>\n<\/div>\n\n\n\n<div class=\"wp-block-column is-layout-flow wp-block-column-is-layout-flow\" style=\"flex-basis:66.66%\">\n<figure class=\"wp-block-image size-full\"><img loading=\"lazy\" decoding=\"async\" width=\"627\" height=\"317\" src=\"https:\/\/www.leaplytics.de\/wp-content\/uploads\/2022\/06\/grafik-20.png\" alt=\"\" class=\"wp-image-8966\" srcset=\"https:\/\/www.leaplytics.de\/wp-content\/uploads\/2022\/06\/grafik-20.png 627w, https:\/\/www.leaplytics.de\/wp-content\/uploads\/2022\/06\/grafik-20-300x152.png 300w, https:\/\/www.leaplytics.de\/wp-content\/uploads\/2022\/06\/grafik-20-119x60.png 119w\" sizes=\"auto, (max-width: 627px) 100vw, 627px\" \/><\/figure>\n<\/div>\n<\/div>\n\n\n\n<div class=\"wp-block-columns is-layout-flex wp-container-core-columns-is-layout-14 wp-block-columns-is-layout-flex\">\n<div class=\"wp-block-column is-layout-flow wp-block-column-is-layout-flow\" style=\"flex-basis:66.66%\">\n<figure class=\"wp-block-image size-full\"><img loading=\"lazy\" decoding=\"async\" width=\"627\" height=\"315\" src=\"https:\/\/www.leaplytics.de\/wp-content\/uploads\/2022\/06\/grafik-21.png\" alt=\"\" class=\"wp-image-8969\" srcset=\"https:\/\/www.leaplytics.de\/wp-content\/uploads\/2022\/06\/grafik-21.png 627w, https:\/\/www.leaplytics.de\/wp-content\/uploads\/2022\/06\/grafik-21-300x151.png 300w, https:\/\/www.leaplytics.de\/wp-content\/uploads\/2022\/06\/grafik-21-119x60.png 119w\" sizes=\"auto, (max-width: 627px) 100vw, 627px\" \/><\/figure>\n<\/div>\n\n\n\n<div class=\"wp-block-column is-layout-flow wp-block-column-is-layout-flow\" style=\"flex-basis:33.33%\">\n<p>Po namapov\u00e1n\u00ed posledn\u00edho v\u00fdrazu nakonec klikn\u011bte na tla\u010d\u00edtko \"OK\" . A je to: Transformovan\u00fd sloupec \"Pravd\u011bpodobnost\". Tento postup zopakujete s \"Dopadem\" a m\u00e1te po\u017eadovan\u00fd form\u00e1t dat. Zvolili jsme tuto logiku 1 a\u017e 10, proto\u017ee ka\u017ed\u00fd m\u00e1 jin\u00e9 zn\u011bn\u00ed p\u011bti kategori\u00ed.<\/p>\n<\/div>\n<\/div>","protected":false},"excerpt":{"rendered":"<p>Our Risk Heatmap \/ Matrix requires 1 to 10 as values, but what to do if your data is continuous and not in this interval? Or if the expressions of your risks consist of words? Below are four solutions with binning, quintiles, custom thresholds and words to numbers mapping. Binning In this solution approach, all &hellip; <\/p>","protected":false},"author":2,"featured_media":0,"parent":0,"menu_order":0,"comment_status":"closed","ping_status":"closed","template":"","meta":{"footnotes":""},"class_list":["post-8499","page","type-page","status-publish","hentry","latest_post"],"_links":{"self":[{"href":"https:\/\/www.leaplytics.de\/cs\/wp-json\/wp\/v2\/pages\/8499","targetHints":{"allow":["GET"]}}],"collection":[{"href":"https:\/\/www.leaplytics.de\/cs\/wp-json\/wp\/v2\/pages"}],"about":[{"href":"https:\/\/www.leaplytics.de\/cs\/wp-json\/wp\/v2\/types\/page"}],"author":[{"embeddable":true,"href":"https:\/\/www.leaplytics.de\/cs\/wp-json\/wp\/v2\/users\/2"}],"replies":[{"embeddable":true,"href":"https:\/\/www.leaplytics.de\/cs\/wp-json\/wp\/v2\/comments?post=8499"}],"version-history":[{"count":2,"href":"https:\/\/www.leaplytics.de\/cs\/wp-json\/wp\/v2\/pages\/8499\/revisions"}],"predecessor-version":[{"id":13647,"href":"https:\/\/www.leaplytics.de\/cs\/wp-json\/wp\/v2\/pages\/8499\/revisions\/13647"}],"wp:attachment":[{"href":"https:\/\/www.leaplytics.de\/cs\/wp-json\/wp\/v2\/media?parent=8499"}],"curies":[{"name":"wp","href":"https:\/\/api.w.org\/{rel}","templated":true}]}}