{"id":8873,"date":"2022-06-25T15:01:05","date_gmt":"2022-06-25T13:01:05","guid":{"rendered":"https:\/\/www.leaplytics.de\/?page_id=8873"},"modified":"2024-09-13T15:22:46","modified_gmt":"2024-09-13T13:22:46","slug":"vlastni-barvy-pro-matici-heatmap-rizik-power-bi","status":"publish","type":"page","link":"https:\/\/www.leaplytics.de\/cs\/vlastni-barvy-pro-matici-heatmap-rizik-power-bi\/","title":{"rendered":"Vlastn\u00ed barvy a \u0161t\u00edtky os"},"content":{"rendered":"<p>Chcete navrhnout mapu rizik \/ matici s v\u00fdrazn\u00fdmi barvami a popisky os? N\u00e1\u0161 n\u00e1vrh\u00e1\u0159 rozvr\u017een\u00ed v\u00e1m pom\u016f\u017ee s p\u0159izp\u016fsoben\u00edm v\u0161ech pot\u0159ebn\u00fdch prvk\u016f!<\/p>\n\n\n\n<div class=\"wp-block-buttons is-content-justification-center is-layout-flex wp-container-core-buttons-is-layout-1 wp-block-buttons-is-layout-flex\">\n<div class=\"wp-block-button\"><a class=\"wp-block-button__link has-text-align-center wp-element-button\" href=\"https:\/\/www.leaplytics.de\/cs\/custom-colors\/\">P\u0159ej\u00edt na n\u00e1vrh\u00e1\u0159e rozvr\u017een\u00ed<\/a><\/div>\n<\/div>","protected":false},"excerpt":{"rendered":"<p>Chcete navrhnout mapu rizik \/ matici s v\u00fdrazn\u00fdmi barvami a popisky os? N\u00e1\u0161 n\u00e1vrh\u00e1\u0159 rozvr\u017een\u00ed v\u00e1m pom\u016f\u017ee s p\u0159izp\u016fsoben\u00edm v\u0161ech pot\u0159ebn\u00fdch prvk\u016f!<\/p>","protected":false},"author":2,"featured_media":0,"parent":0,"menu_order":0,"comment_status":"closed","ping_status":"closed","template":"","meta":{"footnotes":""},"class_list":["post-8873","page","type-page","status-publish","hentry","latest_post"],"_links":{"self":[{"href":"https:\/\/www.leaplytics.de\/cs\/wp-json\/wp\/v2\/pages\/8873","targetHints":{"allow":["GET"]}}],"collection":[{"href":"https:\/\/www.leaplytics.de\/cs\/wp-json\/wp\/v2\/pages"}],"about":[{"href":"https:\/\/www.leaplytics.de\/cs\/wp-json\/wp\/v2\/types\/page"}],"author":[{"embeddable":true,"href":"https:\/\/www.leaplytics.de\/cs\/wp-json\/wp\/v2\/users\/2"}],"replies":[{"embeddable":true,"href":"https:\/\/www.leaplytics.de\/cs\/wp-json\/wp\/v2\/comments?post=8873"}],"version-history":[{"count":5,"href":"https:\/\/www.leaplytics.de\/cs\/wp-json\/wp\/v2\/pages\/8873\/revisions"}],"predecessor-version":[{"id":13562,"href":"https:\/\/www.leaplytics.de\/cs\/wp-json\/wp\/v2\/pages\/8873\/revisions\/13562"}],"wp:attachment":[{"href":"https:\/\/www.leaplytics.de\/cs\/wp-json\/wp\/v2\/media?parent=8873"}],"curies":[{"name":"wp","href":"https:\/\/api.w.org\/{rel}","templated":true}]}}