{"id":9141,"date":"2022-07-21T14:51:23","date_gmt":"2022-07-21T12:51:23","guid":{"rendered":"https:\/\/www.leaplytics.de\/?page_id=9141"},"modified":"2022-07-21T14:51:24","modified_gmt":"2022-07-21T12:51:24","slug":"prekryvajici-se-text-pro-matrici-heatmap-rizika-power-bi","status":"publish","type":"page","link":"https:\/\/www.leaplytics.de\/cs\/prekryvajici-se-text-pro-matrici-heatmap-rizika-power-bi\/","title":{"rendered":"P\u0159ekr\u00fdvaj\u00edc\u00ed se text"},"content":{"rendered":"<p>Texty rizik jsou dlouh\u00e9 a ve vizualizaci se p\u0159ekr\u00fdvaj\u00ed? Shrom\u00e1\u017edili jsme pro v\u00e1s n\u011bkolik \u0159e\u0161en\u00ed.<\/p>\n\n\n\n<h3 class=\"wp-block-heading\">Omezen\u00ed po\u010dtu znak\u016f<\/h3>\n\n\n\n<p>D\u00e1le je mo\u017en\u00e9 omezit po\u010det znak\u016f v dimenzi nebo sloupci. To umo\u017e\u0148uje individu\u00e1ln\u011b definovat d\u00e9lku \u0159et\u011bzce tak, aby bylo riziko st\u00e1le \u010diteln\u00e9.<\/p>\n\n\n\n<div class=\"wp-block-columns is-layout-flex wp-container-core-columns-is-layout-1 wp-block-columns-is-layout-flex\">\n<div class=\"wp-block-column is-layout-flow wp-block-column-is-layout-flow\" style=\"flex-basis:66.66%\">\n<figure class=\"wp-block-image size-full\"><img loading=\"lazy\" decoding=\"async\" width=\"604\" height=\"446\" src=\"https:\/\/www.leaplytics.de\/wp-content\/uploads\/2022\/07\/grafik-8.png\" alt=\"\" class=\"wp-image-9159\" srcset=\"https:\/\/www.leaplytics.de\/wp-content\/uploads\/2022\/07\/grafik-8.png 604w, https:\/\/www.leaplytics.de\/wp-content\/uploads\/2022\/07\/grafik-8-300x222.png 300w, https:\/\/www.leaplytics.de\/wp-content\/uploads\/2022\/07\/grafik-8-570x420.png 570w, https:\/\/www.leaplytics.de\/wp-content\/uploads\/2022\/07\/grafik-8-81x60.png 81w\" sizes=\"auto, (max-width: 604px) 100vw, 604px\" \/><\/figure>\n<\/div>\n\n\n\n<div class=\"wp-block-column is-layout-flow wp-block-column-is-layout-flow\" style=\"flex-basis:33.33%\">\n<p>Zde jsme omezili popis rizika na prvn\u00edch osm znak\u016f a pot\u00e9 p\u0159idali t\u0159i te\u010dky pro lep\u0161\u00ed \u010ditelnost. Podrobn\u00fd popis m\u016f\u017eete st\u00e1le zobrazit po najet\u00ed my\u0161\u00ed.<\/p>\n<\/div>\n<\/div>\n\n\n\n<div class=\"wp-block-columns is-layout-flex wp-container-core-columns-is-layout-2 wp-block-columns-is-layout-flex\">\n<div class=\"wp-block-column is-layout-flow wp-block-column-is-layout-flow\" style=\"flex-basis:33.33%\">\n<p>Za t\u00edmto \u00fa\u010delem nejprve klikneme na kartu \"Modelov\u00e1n\u00ed\" v aplikaci Power BI a pot\u00e9 na \"Nov\u00fd sloupec\".<\/p>\n\n\n\n<p>Otev\u0159e se editor DAX.<\/p>\n<\/div>\n\n\n\n<div class=\"wp-block-column is-layout-flow wp-block-column-is-layout-flow\" style=\"flex-basis:66.66%\">\n<figure class=\"wp-block-image size-full\"><img loading=\"lazy\" decoding=\"async\" width=\"709\" height=\"616\" src=\"https:\/\/www.leaplytics.de\/wp-content\/uploads\/2022\/07\/grafik-9.png\" alt=\"\" class=\"wp-image-9160\" srcset=\"https:\/\/www.leaplytics.de\/wp-content\/uploads\/2022\/07\/grafik-9.png 709w, https:\/\/www.leaplytics.de\/wp-content\/uploads\/2022\/07\/grafik-9-300x261.png 300w, https:\/\/www.leaplytics.de\/wp-content\/uploads\/2022\/07\/grafik-9-69x60.png 69w\" sizes=\"auto, (max-width: 709px) 100vw, 709px\" \/><\/figure>\n<\/div>\n<\/div>\n\n\n\n<p>V na\u0161em p\u0159\u00edkladu obsahuje sloupec \"Dlouh\u00fd popis\" text, kter\u00fd chceme zkr\u00e1tit. K\u00f3d je t\u0159eba odpov\u00eddaj\u00edc\u00edm zp\u016fsobem upravit podle jeho popisu. Zde nyn\u00ed do tohoto p\u0159\u00edkladu vlo\u017e\u00edme n\u00e1sleduj\u00edc\u00ed k\u00f3d:<\/p>\n\n\n\n<pre class=\"wp-block-code\"><code>Description Short = CONCATENATE(LEFT([Description Long], 8),\"...\")<\/code><\/pre>\n\n\n\n<div class=\"wp-block-columns is-layout-flex wp-container-core-columns-is-layout-3 wp-block-columns-is-layout-flex\">\n<div class=\"wp-block-column is-layout-flow wp-block-column-is-layout-flow\" style=\"flex-basis:66.66%\">\n<figure class=\"wp-block-image size-full\"><img loading=\"lazy\" decoding=\"async\" width=\"634\" height=\"459\" src=\"https:\/\/www.leaplytics.de\/wp-content\/uploads\/2022\/07\/grafik-10.png\" alt=\"\" class=\"wp-image-9161\" srcset=\"https:\/\/www.leaplytics.de\/wp-content\/uploads\/2022\/07\/grafik-10.png 634w, https:\/\/www.leaplytics.de\/wp-content\/uploads\/2022\/07\/grafik-10-300x217.png 300w, https:\/\/www.leaplytics.de\/wp-content\/uploads\/2022\/07\/grafik-10-83x60.png 83w\" sizes=\"auto, (max-width: 634px) 100vw, 634px\" \/><\/figure>\n<\/div>\n\n\n\n<div class=\"wp-block-column is-layout-flow wp-block-column-is-layout-flow\" style=\"flex-basis:33.33%\">\n<p>Vnit\u0159n\u00ed funkce LEFT zkr\u00e1t\u00ed rozm\u011br na prvn\u00edch osm p\u00edsmen od za\u010d\u00e1tku. Funkc\u00ed CONCATENATE se zkr\u00e1cen\u00fd \u0159et\u011bzec a t\u0159\u00edbodov\u00fd \u0159et\u011bzec \"...\" spoj\u00ed.<\/p>\n<\/div>\n<\/div>\n\n\n\n<div class=\"wp-block-columns is-layout-flex wp-container-core-columns-is-layout-4 wp-block-columns-is-layout-flex\">\n<div class=\"wp-block-column is-layout-flow wp-block-column-is-layout-flow\" style=\"flex-basis:33.33%\">\n<p>Nyn\u00ed pou\u017eijeme sloupec \"Kr\u00e1tk\u00fd popis\" a p\u0159i\u0159ad\u00edme jej poli \"ID rizika\" vizualizace.<\/p>\n<\/div>\n\n\n\n<div class=\"wp-block-column is-layout-flow wp-block-column-is-layout-flow\" style=\"flex-basis:66.66%\">\n<figure class=\"wp-block-image size-full\"><img loading=\"lazy\" decoding=\"async\" width=\"560\" height=\"639\" src=\"https:\/\/www.leaplytics.de\/wp-content\/uploads\/2022\/07\/grafik-11.png\" alt=\"\" class=\"wp-image-9162\" srcset=\"https:\/\/www.leaplytics.de\/wp-content\/uploads\/2022\/07\/grafik-11.png 560w, https:\/\/www.leaplytics.de\/wp-content\/uploads\/2022\/07\/grafik-11-263x300.png 263w, https:\/\/www.leaplytics.de\/wp-content\/uploads\/2022\/07\/grafik-11-53x60.png 53w\" sizes=\"auto, (max-width: 560px) 100vw, 560px\" \/><\/figure>\n<\/div>\n<\/div>\n\n\n\n<h3 class=\"wp-block-heading\">Pou\u017eit\u00ed vnit\u0159n\u00edho ID rizika syst\u00e9mu<\/h3>\n\n\n\n<div class=\"wp-block-columns is-layout-flex wp-container-core-columns-is-layout-5 wp-block-columns-is-layout-flex\">\n<div class=\"wp-block-column is-layout-flow wp-block-column-is-layout-flow\" style=\"flex-basis:66.66%\">\n<figure class=\"wp-block-image size-full\"><img loading=\"lazy\" decoding=\"async\" width=\"701\" height=\"510\" src=\"https:\/\/www.leaplytics.de\/wp-content\/uploads\/2022\/07\/grafik-1.png\" alt=\"\" class=\"wp-image-9145\" srcset=\"https:\/\/www.leaplytics.de\/wp-content\/uploads\/2022\/07\/grafik-1.png 701w, https:\/\/www.leaplytics.de\/wp-content\/uploads\/2022\/07\/grafik-1-300x218.png 300w, https:\/\/www.leaplytics.de\/wp-content\/uploads\/2022\/07\/grafik-1-82x60.png 82w\" sizes=\"auto, (max-width: 701px) 100vw, 701px\" \/><\/figure>\n<\/div>\n\n\n\n<div class=\"wp-block-column is-layout-flow wp-block-column-is-layout-flow\" style=\"flex-basis:33.33%\">\n<p>P\u0159edpokl\u00e1dejme, \u017ee jste do pole \"ID rizika\" na\u010detli sv\u00e1 rizika. Nyn\u00ed se texty p\u0159ekr\u00fdvaj\u00ed. Prvn\u00ed mo\u017enost\u00ed je pou\u017e\u00edt intern\u00ed ID - pokud je to mo\u017en\u00e9 - syst\u00e9mov\u00e9ho rizika m\u00edsto del\u0161\u00edho popisu rizika. Ten m\u00e1 \u010dasto m\u00e9n\u011b znak\u016f.<\/p>\n<\/div>\n<\/div>\n\n\n\n<div class=\"wp-block-columns is-layout-flex wp-container-core-columns-is-layout-6 wp-block-columns-is-layout-flex\">\n<div class=\"wp-block-column is-layout-flow wp-block-column-is-layout-flow\" style=\"flex-basis:33.33%\">\n<p>M\u00edsto del\u0161\u00edho popisu se zde pou\u017e\u00edv\u00e1 ID. T\u00edm se sn\u00ed\u017e\u00ed po\u010det znak\u016f a je to p\u0159ehledn\u011bj\u0161\u00ed. Popis rizika lze nyn\u00ed zobrazit najet\u00edm my\u0161\u00ed na bublinu.<\/p>\n<\/div>\n\n\n\n<div class=\"wp-block-column is-layout-flow wp-block-column-is-layout-flow\" style=\"flex-basis:66.66%\">\n<figure class=\"wp-block-image size-full\"><img loading=\"lazy\" decoding=\"async\" width=\"684\" height=\"519\" src=\"https:\/\/www.leaplytics.de\/wp-content\/uploads\/2022\/07\/grafik-3.png\" alt=\"\" class=\"wp-image-9147\" srcset=\"https:\/\/www.leaplytics.de\/wp-content\/uploads\/2022\/07\/grafik-3.png 684w, https:\/\/www.leaplytics.de\/wp-content\/uploads\/2022\/07\/grafik-3-300x228.png 300w, https:\/\/www.leaplytics.de\/wp-content\/uploads\/2022\/07\/grafik-3-370x280.png 370w, https:\/\/www.leaplytics.de\/wp-content\/uploads\/2022\/07\/grafik-3-79x60.png 79w\" sizes=\"auto, (max-width: 684px) 100vw, 684px\" \/><\/figure>\n<\/div>\n<\/div>\n\n\n\n<div class=\"wp-block-columns is-layout-flex wp-container-core-columns-is-layout-7 wp-block-columns-is-layout-flex\">\n<div class=\"wp-block-column is-layout-flow wp-block-column-is-layout-flow\" style=\"flex-basis:50%\">\n<figure class=\"wp-block-image size-full\"><img loading=\"lazy\" decoding=\"async\" width=\"562\" height=\"616\" src=\"https:\/\/www.leaplytics.de\/wp-content\/uploads\/2022\/07\/grafik-5.png\" alt=\"\" class=\"wp-image-9154\" srcset=\"https:\/\/www.leaplytics.de\/wp-content\/uploads\/2022\/07\/grafik-5.png 562w, https:\/\/www.leaplytics.de\/wp-content\/uploads\/2022\/07\/grafik-5-274x300.png 274w, https:\/\/www.leaplytics.de\/wp-content\/uploads\/2022\/07\/grafik-5-55x60.png 55w\" sizes=\"auto, (max-width: 562px) 100vw, 562px\" \/><\/figure>\n<\/div>\n\n\n\n<div class=\"wp-block-column is-layout-flow wp-block-column-is-layout-flow\" style=\"flex-basis:33.33%\">\n<p>Za t\u00edmto \u00fa\u010delem p\u0159esu\u0148te sloupec nebo dimenzi s del\u0161\u00edm textem do pole \"Tooltip (voliteln\u00e9)\" a identifik\u00e1tor rizika ze syst\u00e9mu do pole \"Risk ID\".<\/p>\n<\/div>\n<\/div>\n\n\n\n<h3 class=\"wp-block-heading\">Minimalizace po\u010dtu zobrazen\u00fdch rizik na dla\u017edici<\/h3>\n\n\n\n<div class=\"wp-block-columns is-layout-flex wp-container-core-columns-is-layout-8 wp-block-columns-is-layout-flex\">\n<div class=\"wp-block-column is-layout-flow wp-block-column-is-layout-flow\" style=\"flex-basis:66.66%\">\n<figure class=\"wp-block-image size-full\"><img loading=\"lazy\" decoding=\"async\" width=\"708\" height=\"512\" src=\"https:\/\/www.leaplytics.de\/wp-content\/uploads\/2022\/07\/grafik-6.png\" alt=\"\" class=\"wp-image-9157\" srcset=\"https:\/\/www.leaplytics.de\/wp-content\/uploads\/2022\/07\/grafik-6.png 708w, https:\/\/www.leaplytics.de\/wp-content\/uploads\/2022\/07\/grafik-6-300x217.png 300w, https:\/\/www.leaplytics.de\/wp-content\/uploads\/2022\/07\/grafik-6-83x60.png 83w\" sizes=\"auto, (max-width: 708px) 100vw, 708px\" \/><\/figure>\n<\/div>\n\n\n\n<div class=\"wp-block-column is-layout-flow wp-block-column-is-layout-flow\" style=\"flex-basis:33.33%\">\n<p>Dal\u0161\u00ed mo\u017enost\u00ed je minimalizovat po\u010det zobrazen\u00fdch rizik. P\u016fvodn\u011b jsme tuto mo\u017enost zavedli, abychom u\u017eivateli umo\u017enili sn\u00ed\u017eit po\u010det rizik na dla\u017edici. Cokoli nad tento po\u010det se zobraz\u00ed jako sou\u010det rizik s koso\u010dtvercem vp\u0159edu.<\/p>\n<\/div>\n<\/div>\n\n\n\n<div class=\"wp-block-columns is-layout-flex wp-container-core-columns-is-layout-9 wp-block-columns-is-layout-flex\">\n<div class=\"wp-block-column is-layout-flow wp-block-column-is-layout-flow\" style=\"flex-basis:33.33%\">\n<p>V tomto p\u0159\u00edkladu jsme nastavili po\u010det zobrazen\u00fdch rizik na hodnotu 1. Pokud je zde tedy dla\u017edici p\u0159i\u0159azeno v\u00edce ne\u017e jedno riziko, vytvo\u0159\u00ed se sou\u010det, kter\u00fd se zobraz\u00ed.<\/p>\n<\/div>\n\n\n\n<div class=\"wp-block-column is-layout-flow wp-block-column-is-layout-flow\" style=\"flex-basis:66.66%\">\n<figure class=\"wp-block-image size-full\"><img loading=\"lazy\" decoding=\"async\" width=\"559\" height=\"615\" src=\"https:\/\/www.leaplytics.de\/wp-content\/uploads\/2022\/07\/grafik-7.png\" alt=\"\" class=\"wp-image-9158\" srcset=\"https:\/\/www.leaplytics.de\/wp-content\/uploads\/2022\/07\/grafik-7.png 559w, https:\/\/www.leaplytics.de\/wp-content\/uploads\/2022\/07\/grafik-7-273x300.png 273w, https:\/\/www.leaplytics.de\/wp-content\/uploads\/2022\/07\/grafik-7-55x60.png 55w\" sizes=\"auto, (max-width: 559px) 100vw, 559px\" \/><\/figure>\n<\/div>\n<\/div>","protected":false},"excerpt":{"rendered":"<p>Texty rizik jsou dlouh\u00e9 a ve vizualizaci se p\u0159ekr\u00fdvaj\u00ed? Shrom\u00e1\u017edili jsme pro v\u00e1s n\u011bkolik \u0159e\u0161en\u00ed. Omezen\u00ed po\u010dtu znak\u016f D\u00e1le je mo\u017en\u00e9 omezit po\u010det znak\u016f v dimenzi nebo sloupci. To v\u00e1m umo\u017en\u00ed individu\u00e1ln\u011b definovat d\u00e9lku \u0159et\u011bzce tak, aby se rizika ... <\/p>","protected":false},"author":2,"featured_media":0,"parent":0,"menu_order":0,"comment_status":"closed","ping_status":"closed","template":"","meta":{"footnotes":""},"class_list":["post-9141","page","type-page","status-publish","hentry","latest_post"],"_links":{"self":[{"href":"https:\/\/www.leaplytics.de\/cs\/wp-json\/wp\/v2\/pages\/9141","targetHints":{"allow":["GET"]}}],"collection":[{"href":"https:\/\/www.leaplytics.de\/cs\/wp-json\/wp\/v2\/pages"}],"about":[{"href":"https:\/\/www.leaplytics.de\/cs\/wp-json\/wp\/v2\/types\/page"}],"author":[{"embeddable":true,"href":"https:\/\/www.leaplytics.de\/cs\/wp-json\/wp\/v2\/users\/2"}],"replies":[{"embeddable":true,"href":"https:\/\/www.leaplytics.de\/cs\/wp-json\/wp\/v2\/comments?post=9141"}],"version-history":[{"count":0,"href":"https:\/\/www.leaplytics.de\/cs\/wp-json\/wp\/v2\/pages\/9141\/revisions"}],"wp:attachment":[{"href":"https:\/\/www.leaplytics.de\/cs\/wp-json\/wp\/v2\/media?parent=9141"}],"curies":[{"name":"wp","href":"https:\/\/api.w.org\/{rel}","templated":true}]}}