{"id":9171,"date":"2022-07-25T14:37:58","date_gmt":"2022-07-25T12:37:58","guid":{"rendered":"https:\/\/www.leaplytics.de\/?page_id=9171"},"modified":"2025-12-11T17:22:50","modified_gmt":"2025-12-11T16:22:50","slug":"zaciname-s-mapou-rizik-heatmap-power-bi","status":"publish","type":"page","link":"https:\/\/www.leaplytics.de\/cs\/zaciname-s-mapou-rizik-heatmap-power-bi\/","title":{"rendered":"Za\u010d\u00edn\u00e1me - matice rizik \/ mapa rizik"},"content":{"rendered":"<h3 class=\"wp-block-heading\">Nejrychlej\u0161\u00ed cesta k \u00fasp\u011bchu<\/h3>\n\n\n\n<p>Je to snadn\u00e9. Zaj\u00edm\u00e1 v\u00e1s na\u0161e matice rizik? Zde se s v\u00e1mi pod\u011bl\u00edme o v\u0161e, co pot\u0159ebujete, abyste mohli za\u010d\u00edt co nejrychleji. Nejprve se dozv\u00edte, jak\u00e9 jsou po\u017eadavky v datech. Pot\u00e9 n\u00e1sleduje p\u0159ehled v\u0161ech funkc\u00ed Risk Matrix s kr\u00e1tk\u00fdmi videi na YouTube.<\/p>\n\n\n\n<h3 class=\"wp-block-heading\">Jak p\u0159ipravit data<\/h3>\n\n\n\n<div class=\"wp-block-columns is-layout-flex wp-container-core-columns-is-layout-1 wp-block-columns-is-layout-flex\">\n<div class=\"wp-block-column is-layout-flow wp-block-column-is-layout-flow\" style=\"flex-basis:66.66%\">\n<figure class=\"wp-block-image size-large\"><img loading=\"lazy\" decoding=\"async\" width=\"1024\" height=\"434\" src=\"https:\/\/www.leaplytics.de\/wp-content\/uploads\/2022\/07\/grafik-12-1024x434.png\" alt=\"\" class=\"wp-image-9172\" srcset=\"https:\/\/www.leaplytics.de\/wp-content\/uploads\/2022\/07\/grafik-12-1024x434.png 1024w, https:\/\/www.leaplytics.de\/wp-content\/uploads\/2022\/07\/grafik-12-300x127.png 300w, https:\/\/www.leaplytics.de\/wp-content\/uploads\/2022\/07\/grafik-12-768x325.png 768w, https:\/\/www.leaplytics.de\/wp-content\/uploads\/2022\/07\/grafik-12-142x60.png 142w, https:\/\/www.leaplytics.de\/wp-content\/uploads\/2022\/07\/grafik-12.png 1074w\" sizes=\"auto, (max-width: 1024px) 100vw, 1024px\" \/><\/figure>\n<\/div>\n\n\n\n<div class=\"wp-block-column is-layout-flow wp-block-column-is-layout-flow\" style=\"flex-basis:33.33%\">\n<p>Na\u0161e matice rizik vy\u017eaduje pro dv\u011b mo\u017en\u00e9 dimenze cel\u00e1 \u010d\u00edsla v rozsahu 1 a\u017e 10.<\/p>\n\n\n\n<p>Pokud tomu tak ve va\u0161ich datech nen\u00ed, vytvo\u0159ili jsme <a href=\"https:\/\/www.leaplytics.de\/cs\/diskretizace-pro-matrici-heatmap-rizika-power-bi\/\">podstr\u00e1nka s pokyny pro transformaci \u0159et\u011bzc\u016f a jin\u00fdch \u010d\u00edseln\u00fdch hodnot<\/a>.<\/p>\n\n\n\n<figure class=\"wp-block-embed is-type-wp-embed is-provider-leaplytics wp-block-embed-leaplytics\"><div class=\"wp-block-embed__wrapper\">\n<blockquote class=\"wp-embedded-content\" data-secret=\"7mXanV1i1h\"><a href=\"https:\/\/www.leaplytics.de\/cs\/diskretizace-pro-matrici-heatmap-rizika-power-bi\/\">Diskretizace a transformace<\/a><\/blockquote><iframe loading=\"lazy\" class=\"wp-embedded-content\" sandbox=\"allow-scripts\" security=\"restricted\" style=\"position: absolute; visibility: hidden;\" title=\"&quot;Diskretizace a transformace&quot; - LeapLytics\" src=\"https:\/\/www.leaplytics.de\/discretization-for-risk-heatmap-matrix-power-bi\/embed\/#?secret=kmJhx9MjAJ#?secret=7mXanV1i1h\" data-secret=\"7mXanV1i1h\" width=\"600\" height=\"338\" frameborder=\"0\" marginwidth=\"0\" marginheight=\"0\" scrolling=\"no\"><\/iframe>\n<\/div><\/figure>\n<\/div>\n<\/div>\n\n\n\n<h3 class=\"wp-block-heading has-text-align-left\">St\u00e1hnout vizu\u00e1ln\u00ed<\/h3>\n\n\n\n<figure class=\"wp-block-embed is-type-video is-provider-youtube wp-block-embed-youtube wp-embed-aspect-16-9 wp-has-aspect-ratio\"><div class=\"wp-block-embed__wrapper\">\n<iframe loading=\"lazy\" title=\"V\u00fdukov\u00fd program ke sta\u017een\u00ed - Matice rizik LeapLytics pro Power BI\" width=\"770\" height=\"433\" src=\"https:\/\/www.youtube.com\/embed\/_n9x8k2_gMY?feature=oembed\" frameborder=\"0\" allow=\"accelerometer; autoplay; clipboard-write; encrypted-media; gyroscope; picture-in-picture; web-share\" referrerpolicy=\"strict-origin-when-cross-origin\" allowfullscreen><\/iframe>\n<\/div><figcaption class=\"wp-element-caption\">V tomto kr\u00e1tk\u00e9m videu v\u00e1m uk\u00e1\u017eeme, jak st\u00e1hnout vizualizaci z Microsoft AppSource pro va\u0161e hl\u00e1\u0161en\u00ed.<\/figcaption><\/figure>\n\n\n\n<h3 class=\"wp-block-heading has-text-align-left\">Na\u010d\u00edt\u00e1n\u00ed dat a licence<\/h3>\n\n\n\n<figure class=\"wp-block-embed aligncenter is-type-video is-provider-youtube wp-block-embed-youtube wp-embed-aspect-16-9 wp-has-aspect-ratio\"><div class=\"wp-block-embed__wrapper\">\n<iframe loading=\"lazy\" title=\"Import dat a aktivace licence - LeapLytics Risk Matrix pro Power BI\" width=\"770\" height=\"433\" src=\"https:\/\/www.youtube.com\/embed\/nK7rkWzEH74?start=26&#038;feature=oembed\" frameborder=\"0\" allow=\"accelerometer; autoplay; clipboard-write; encrypted-media; gyroscope; picture-in-picture; web-share\" referrerpolicy=\"strict-origin-when-cross-origin\" allowfullscreen><\/iframe>\n<\/div><\/figure>\n\n\n<div class=\"wp-block-image\">\n<figure class=\"aligncenter size-full\"><img loading=\"lazy\" decoding=\"async\" width=\"1024\" height=\"453\" src=\"https:\/\/www.leaplytics.de\/wp-content\/uploads\/2025\/12\/grafik.png\" alt=\"\" class=\"wp-image-14315\" srcset=\"https:\/\/www.leaplytics.de\/wp-content\/uploads\/2025\/12\/grafik.png 1024w, https:\/\/www.leaplytics.de\/wp-content\/uploads\/2025\/12\/grafik-300x133.png 300w, https:\/\/www.leaplytics.de\/wp-content\/uploads\/2025\/12\/grafik-768x340.png 768w, https:\/\/www.leaplytics.de\/wp-content\/uploads\/2025\/12\/grafik-18x8.png 18w, https:\/\/www.leaplytics.de\/wp-content\/uploads\/2025\/12\/grafik-136x60.png 136w\" sizes=\"auto, (max-width: 1024px) 100vw, 1024px\" \/><\/figure><\/div>\n\n\n<div class=\"wp-block-columns is-layout-flex wp-container-core-columns-is-layout-2 wp-block-columns-is-layout-flex\">\n<div class=\"wp-block-column is-layout-flow wp-block-column-is-layout-flow\" style=\"flex-basis:33.33%\">\n<p>Po p\u0159\u00edprav\u011b dat a p\u0159eveden\u00ed vyj\u00e1d\u0159en\u00ed rizik na rozsah hodnot 1 a\u017e 10 m\u016f\u017eete data propojit s vizualizac\u00ed.<\/p>\n\n\n\n<p>Zpo\u010d\u00e1tku jsou vy\u017eadov\u00e1na t\u0159i pole:<\/p>\n\n\n\n<ul class=\"wp-block-list\">\n<li>ID rizika (ozna\u010den\u00ed, kter\u00e9 va\u0161e riziko dostane v matici)<\/li>\n\n\n\n<li>Vodorovn\u00e1 osa (Rozm\u011br, kter\u00fd se m\u00e1 vykreslit na vodorovnou osu)<\/li>\n\n\n\n<li>Vertik\u00e1ln\u00ed osa (vertik\u00e1ln\u00ed rozm\u011br)<\/li>\n<\/ul>\n\n\n\n<p>Vyhn\u011bte se agregac\u00edm \"Po\u010det\", \"Po\u010det (odli\u0161n\u00fd)\", \"Sm\u011brodatn\u00e1 odchylka\", \"Rozptyl\" a \"Medi\u00e1n\" pro osy, proto\u017ee ty generuj\u00ed pouze celkov\u00fd kl\u00ed\u010dov\u00fd \u00fadaj!<\/p>\n<\/div>\n\n\n\n<div class=\"wp-block-column is-layout-flow wp-block-column-is-layout-flow\" style=\"flex-basis:66.66%\"><div class=\"wp-block-image\">\n<figure class=\"aligncenter size-full\"><img loading=\"lazy\" decoding=\"async\" width=\"185\" height=\"529\" src=\"https:\/\/www.leaplytics.de\/wp-content\/uploads\/2022\/08\/grafik-13.png\" alt=\"\" class=\"wp-image-9406\" srcset=\"https:\/\/www.leaplytics.de\/wp-content\/uploads\/2022\/08\/grafik-13.png 185w, https:\/\/www.leaplytics.de\/wp-content\/uploads\/2022\/08\/grafik-13-105x300.png 105w, https:\/\/www.leaplytics.de\/wp-content\/uploads\/2022\/08\/grafik-13-21x60.png 21w\" sizes=\"auto, (max-width: 185px) 100vw, 185px\" \/><\/figure><\/div><\/div>\n<\/div>\n\n\n\n<h4 class=\"wp-block-heading\">Vlastn\u00ed barvy<\/h4>\n\n\n\n<p>V syst\u00e9mu Windows sta\u010d\u00ed podr\u017eet kl\u00e1vesu <strong>ALT<\/strong> a klikn\u011bte lev\u00fdm tla\u010d\u00edtkem my\u0161i na dla\u017edici. Jakmile tak u\u010din\u00edte, zobraz\u00ed se re\u017eim \u00faprav barev.<\/p>\n\n\n\n<figure class=\"wp-block-image size-full\"><img loading=\"lazy\" decoding=\"async\" width=\"383\" height=\"328\" src=\"https:\/\/www.leaplytics.de\/wp-content\/uploads\/2025\/10\/grafik-1.png\" alt=\"\" class=\"wp-image-14039\" srcset=\"https:\/\/www.leaplytics.de\/wp-content\/uploads\/2025\/10\/grafik-1.png 383w, https:\/\/www.leaplytics.de\/wp-content\/uploads\/2025\/10\/grafik-1-300x257.png 300w, https:\/\/www.leaplytics.de\/wp-content\/uploads\/2025\/10\/grafik-1-14x12.png 14w, https:\/\/www.leaplytics.de\/wp-content\/uploads\/2025\/10\/grafik-1-70x60.png 70w\" sizes=\"auto, (max-width: 383px) 100vw, 383px\" \/><\/figure>\n\n\n\n<p> Klikn\u011bte na barevn\u00fd obd\u00e9ln\u00edk a vyberte po\u017eadovanou barvu. Po jej\u00edm v\u00fdb\u011bru klikn\u011bte na <strong>\"Pou\u017e\u00edt.\"<\/strong><\/p>\n\n\n\n<div style=\"height:27px\" aria-hidden=\"true\" class=\"wp-block-spacer\"><\/div>\n\n\n\n<h4 class=\"wp-block-heading\">Nastaven\u00ed m\u0159\u00ed\u017eky<\/h4>\n\n\n\n<figure class=\"wp-block-embed is-type-video is-provider-youtube wp-block-embed-youtube wp-embed-aspect-16-9 wp-has-aspect-ratio\"><div class=\"wp-block-embed__wrapper\">\n<iframe loading=\"lazy\" title=\"Nastaven\u00ed m\u0159\u00ed\u017eky - LeapLytics Risk Matrix pro Power BI\" width=\"770\" height=\"433\" src=\"https:\/\/www.youtube.com\/embed\/oqx7gLN2kMs?feature=oembed\" frameborder=\"0\" allow=\"accelerometer; autoplay; clipboard-write; encrypted-media; gyroscope; picture-in-picture; web-share\" referrerpolicy=\"strict-origin-when-cross-origin\" allowfullscreen><\/iframe>\n<\/div><figcaption class=\"wp-element-caption\">Toto je na\u0161e instrukt\u00e1\u017en\u00ed video o p\u0159izp\u016fsoben\u00ed nastaven\u00ed m\u0159\u00ed\u017eky va\u0161im pot\u0159eb\u00e1m.<\/figcaption><\/figure>\n\n\n\n<h4 class=\"wp-block-heading\">Nastaven\u00ed osy<\/h4>\n\n\n\n<figure class=\"wp-block-embed is-type-video is-provider-youtube wp-block-embed-youtube wp-embed-aspect-16-9 wp-has-aspect-ratio\"><div class=\"wp-block-embed__wrapper\">\n<iframe loading=\"lazy\" title=\"Nastaven\u00ed osy - LeapLytics Risk Matrix pro Power BI\" width=\"770\" height=\"433\" src=\"https:\/\/www.youtube.com\/embed\/0-rcR5c84_k?feature=oembed\" frameborder=\"0\" allow=\"accelerometer; autoplay; clipboard-write; encrypted-media; gyroscope; picture-in-picture; web-share\" referrerpolicy=\"strict-origin-when-cross-origin\" allowfullscreen><\/iframe>\n<\/div><figcaption class=\"wp-element-caption\">V tomto kr\u00e1tk\u00e9m videu prozkoum\u00e1me r\u016fzn\u00e1 nastaven\u00ed os.<\/figcaption><\/figure>\n\n\n\n<div style=\"height:27px\" aria-hidden=\"true\" class=\"wp-block-spacer\"><\/div>\n\n\n\n<h4 class=\"wp-block-heading\">Nastaven\u00ed indik\u00e1toru<\/h4>\n\n\n\n<figure class=\"wp-block-embed is-type-video is-provider-youtube wp-block-embed-youtube wp-embed-aspect-16-9 wp-has-aspect-ratio\"><div class=\"wp-block-embed__wrapper\">\n<iframe loading=\"lazy\" title=\"Nastaven\u00ed indik\u00e1tor\u016f - Matice rizik LeapLytics pro Power BI\" width=\"770\" height=\"433\" src=\"https:\/\/www.youtube.com\/embed\/pv5HGyIsiK0?feature=oembed\" frameborder=\"0\" allow=\"accelerometer; autoplay; clipboard-write; encrypted-media; gyroscope; picture-in-picture; web-share\" referrerpolicy=\"strict-origin-when-cross-origin\" allowfullscreen><\/iframe>\n<\/div><figcaption class=\"wp-element-caption\">Zaj\u00edmaj\u00ed v\u00e1s mo\u017enosti r\u016fzn\u00fdch nastaven\u00ed indik\u00e1tor\u016f? Pod\u00edvejte se na na\u0161e video a dozv\u00edte se v\u00edce.<\/figcaption><\/figure>\n\n\n\n<div style=\"height:27px\" aria-hidden=\"true\" class=\"wp-block-spacer\"><\/div>\n\n\n\n<h4 class=\"wp-block-heading\">Podm\u00edn\u011bn\u00e9 form\u00e1tov\u00e1n\u00ed<\/h4>\n\n\n\n<figure class=\"wp-block-embed is-type-video is-provider-youtube wp-block-embed-youtube wp-embed-aspect-16-9 wp-has-aspect-ratio\"><div class=\"wp-block-embed__wrapper\">\n<iframe loading=\"lazy\" title=\"Podm\u00edn\u011bn\u00e9 form\u00e1tov\u00e1n\u00ed ukazatel\u016f - LeapLytics Risk Matrix pro Power BI\" width=\"770\" height=\"433\" src=\"https:\/\/www.youtube.com\/embed\/2MNtkeeb6ZI?feature=oembed\" frameborder=\"0\" allow=\"accelerometer; autoplay; clipboard-write; encrypted-media; gyroscope; picture-in-picture; web-share\" referrerpolicy=\"strict-origin-when-cross-origin\" allowfullscreen><\/iframe>\n<\/div><figcaption class=\"wp-element-caption\">M\u00e1te z\u00e1jem p\u0159idat do sv\u00e9 matice rizik dal\u0161\u00ed rozm\u011br? Pak je toto video ur\u010deno pr\u00e1v\u011b v\u00e1m!<\/figcaption><\/figure>\n\n\n\n<div style=\"height:27px\" aria-hidden=\"true\" class=\"wp-block-spacer\"><\/div>\n\n\n\n<h4 class=\"wp-block-heading\">Ukazatele n\u00e1stroj\u016f<\/h4>\n\n\n\n<figure class=\"wp-block-embed is-type-video is-provider-youtube wp-block-embed-youtube wp-embed-aspect-16-9 wp-has-aspect-ratio\"><div class=\"wp-block-embed__wrapper\">\n<iframe loading=\"lazy\" title=\"Mo\u017enost n\u00e1pov\u011bdy - Matice rizik LeapLytics pro Power BI\" width=\"770\" height=\"433\" src=\"https:\/\/www.youtube.com\/embed\/HsGGM3QmWuU?feature=oembed\" frameborder=\"0\" allow=\"accelerometer; autoplay; clipboard-write; encrypted-media; gyroscope; picture-in-picture; web-share\" referrerpolicy=\"strict-origin-when-cross-origin\" allowfullscreen><\/iframe>\n<\/div><figcaption class=\"wp-element-caption\">V tomto videu si uk\u00e1\u017eeme, jak pou\u017e\u00edvat standardn\u00ed popisky n\u00e1stroj\u016f i popisky na pl\u00e1tn\u011b. To poskytuje v\u00edce informac\u00ed o va\u0161em riziku po najet\u00ed my\u0161\u00ed.<\/figcaption><\/figure>\n\n\n\n<div style=\"height:27px\" aria-hidden=\"true\" class=\"wp-block-spacer\"><\/div>\n\n\n\n<h4 class=\"wp-block-heading\">Pr\u016fchoz\u00ed vrt\u00e1n\u00ed<\/h4>\n\n\n\n<figure class=\"wp-block-embed is-type-video is-provider-youtube wp-block-embed-youtube wp-embed-aspect-16-9 wp-has-aspect-ratio\"><div class=\"wp-block-embed__wrapper\">\n<iframe loading=\"lazy\" title=\"Mo\u017enost pr\u016fchodu - Matice rizik LeapLytics pro Power BI\" width=\"770\" height=\"433\" src=\"https:\/\/www.youtube.com\/embed\/0Kp7p_2AuSI?list=PLILJBdWmJP3Jegh_31AsIIaf5Y7mxjq4H\" frameborder=\"0\" allow=\"accelerometer; autoplay; clipboard-write; encrypted-media; gyroscope; picture-in-picture; web-share\" referrerpolicy=\"strict-origin-when-cross-origin\" allowfullscreen><\/iframe>\n<\/div><figcaption class=\"wp-element-caption\">Pokud se chcete pono\u0159it do konkr\u00e9tn\u00edho rizika prost\u0159ednictv\u00edm matice rizik, pak je to pr\u00e1v\u011b pro v\u00e1s.<\/figcaption><\/figure>\n\n\n\n<div style=\"height:27px\" aria-hidden=\"true\" class=\"wp-block-spacer\"><\/div>\n\n\n\n<h4 class=\"wp-block-heading\">Historie nebo inherentn\u00ed\/rezidu\u00e1ln\u00ed riziko<\/h4>\n\n\n\n<figure class=\"wp-block-embed is-type-video is-provider-youtube wp-block-embed-youtube wp-embed-aspect-16-9 wp-has-aspect-ratio\"><div class=\"wp-block-embed__wrapper\">\n<iframe loading=\"lazy\" title=\"Pokrok v rizic\u00edch - Matice rizik LeapLytics pro Power BI\" width=\"770\" height=\"433\" src=\"https:\/\/www.youtube.com\/embed\/LrpK0XZtXrM?feature=oembed\" frameborder=\"0\" allow=\"accelerometer; autoplay; clipboard-write; encrypted-media; gyroscope; picture-in-picture; web-share\" referrerpolicy=\"strict-origin-when-cross-origin\" allowfullscreen><\/iframe>\n<\/div><figcaption class=\"wp-element-caption\">Kone\u010dn\u011b v\u00e1m p\u0159edstavujeme funkci historie v na\u0161\u00ed matici rizik!<\/figcaption><\/figure>\n\n\n\n<div style=\"height:27px\" aria-hidden=\"true\" class=\"wp-block-spacer\"><\/div>\n\n\n\n<p>Nyn\u00ed jste p\u0159ipraveni pou\u017e\u00edvat na\u0161i mapu rizik a vylep\u0161it sv\u00e9 v\u00fdkazy! N\u00ed\u017ee uv\u00e1d\u00edme podrobn\u011bj\u0161\u00ed pokyny pro v\u0161echna dal\u0161\u00ed p\u0159izp\u016fsoben\u00ed:<\/p>\n\n\n\n<figure class=\"wp-block-embed is-type-wp-embed is-provider-leaplytics wp-block-embed-leaplytics\"><div class=\"wp-block-embed__wrapper\">\n<blockquote class=\"wp-embedded-content\" data-secret=\"pgdTKCl3D2\"><a href=\"https:\/\/www.leaplytics.de\/cs\/prekryvajici-se-text-pro-matrici-heatmap-rizika-power-bi\/\">P\u0159ekr\u00fdvaj\u00edc\u00ed se text<\/a><\/blockquote><iframe loading=\"lazy\" class=\"wp-embedded-content\" sandbox=\"allow-scripts\" security=\"restricted\" style=\"position: absolute; visibility: hidden;\" title=\"&quot;P\u0159ekr\u00fdvaj\u00edc\u00ed se text&quot; - LeapLytics\" src=\"https:\/\/www.leaplytics.de\/overlapping-text-for-risk-heatmap-matrix-power-bi\/embed\/#?secret=MOdhCvhh48#?secret=pgdTKCl3D2\" data-secret=\"pgdTKCl3D2\" width=\"600\" height=\"338\" frameborder=\"0\" marginwidth=\"0\" marginheight=\"0\" scrolling=\"no\"><\/iframe>\n<\/div><\/figure>\n\n\n\n<figure class=\"wp-block-embed is-type-wp-embed is-provider-leaplytics wp-block-embed-leaplytics\"><div class=\"wp-block-embed__wrapper\">\n<blockquote class=\"wp-embedded-content\" data-secret=\"K6ho5QUDYx\"><a href=\"https:\/\/www.leaplytics.de\/cs\/jak-aktivovat-licenci-microsoft-power-bi\/\">Jak: Aktivace licence v aplikaci Microsoft Power BI<\/a><\/blockquote><iframe loading=\"lazy\" class=\"wp-embedded-content\" sandbox=\"allow-scripts\" security=\"restricted\" style=\"position: absolute; visibility: hidden;\" title=\"&quot;Jak: Aktivace licence v aplikaci Microsoft Power BI&quot; - LeapLytics\" src=\"https:\/\/www.leaplytics.de\/how-to-activate-license-microsoft-power-bi\/embed\/#?secret=7RloTinAc5#?secret=K6ho5QUDYx\" data-secret=\"K6ho5QUDYx\" width=\"600\" height=\"338\" frameborder=\"0\" marginwidth=\"0\" marginheight=\"0\" scrolling=\"no\"><\/iframe>\n<\/div><\/figure>\n\n\n\n<p><\/p>","protected":false},"excerpt":{"rendered":"<p>Nejrychlej\u0161\u00ed cesta k \u00fasp\u011bchu Je to snadn\u00e9. Zaj\u00edm\u00e1 v\u00e1s na\u0161e matice rizik? Zde se s v\u00e1mi pod\u011bl\u00edme o v\u0161e, co pot\u0159ebujete, abyste mohli za\u010d\u00edt co nejrychleji. Nejprve se dozv\u00edte po\u017eadavky v datech. Pot\u00e9 n\u00e1sleduje p\u0159ehled v\u0161ech funkc\u00ed Risk Matrix s kr\u00e1tk\u00fdmi uk\u00e1zkami na YouTube, kter\u00e9 v\u00e1m pomohou ... <\/p>","protected":false},"author":2,"featured_media":0,"parent":0,"menu_order":0,"comment_status":"closed","ping_status":"closed","template":"","meta":{"footnotes":""},"class_list":["post-9171","page","type-page","status-publish","hentry","latest_post"],"_links":{"self":[{"href":"https:\/\/www.leaplytics.de\/cs\/wp-json\/wp\/v2\/pages\/9171","targetHints":{"allow":["GET"]}}],"collection":[{"href":"https:\/\/www.leaplytics.de\/cs\/wp-json\/wp\/v2\/pages"}],"about":[{"href":"https:\/\/www.leaplytics.de\/cs\/wp-json\/wp\/v2\/types\/page"}],"author":[{"embeddable":true,"href":"https:\/\/www.leaplytics.de\/cs\/wp-json\/wp\/v2\/users\/2"}],"replies":[{"embeddable":true,"href":"https:\/\/www.leaplytics.de\/cs\/wp-json\/wp\/v2\/comments?post=9171"}],"version-history":[{"count":33,"href":"https:\/\/www.leaplytics.de\/cs\/wp-json\/wp\/v2\/pages\/9171\/revisions"}],"predecessor-version":[{"id":14317,"href":"https:\/\/www.leaplytics.de\/cs\/wp-json\/wp\/v2\/pages\/9171\/revisions\/14317"}],"wp:attachment":[{"href":"https:\/\/www.leaplytics.de\/cs\/wp-json\/wp\/v2\/media?parent=9171"}],"curies":[{"name":"wp","href":"https:\/\/api.w.org\/{rel}","templated":true}]}}