{"id":9298,"date":"2022-08-01T18:12:55","date_gmt":"2022-08-01T16:12:55","guid":{"rendered":"https:\/\/www.leaplytics.de\/?page_id=9298"},"modified":"2024-10-29T10:26:15","modified_gmt":"2024-10-29T09:26:15","slug":"zaciname-svetelnou-signalizaci-bi","status":"publish","type":"page","link":"https:\/\/www.leaplytics.de\/cs\/zaciname-svetelnou-signalizaci-bi\/","title":{"rendered":"Za\u010d\u00edn\u00e1me - Semafor"},"content":{"rendered":"<p>Pr\u00e1v\u011b jste se dozv\u011bd\u011bli o vizu\u00e1ln\u00ed aplikaci Semafor v Power BI a zaj\u00edm\u00e1 v\u00e1s, jak\u00e9 jsou dal\u0161\u00ed kroky?<\/p>\n\n\n\n<p>Pak jste na spr\u00e1vn\u00e9m m\u00edst\u011b! V na\u0161em pr\u016fvodci krok za krokem, podpo\u0159en\u00e9m na\u0161imi videon\u00e1vody, v\u00e1s provedeme nastaven\u00edm a p\u0159izp\u016fsoben\u00edm na\u0161eho vizu\u00e1lu.<\/p>\n\n\n\n<div style=\"height:40px\" aria-hidden=\"true\" class=\"wp-block-spacer\"><\/div>\n\n\n\n<h3 class=\"wp-block-heading\">1. St\u00e1hn\u011bte si vizu\u00e1ln\u00ed<\/h3>\n\n\n\n<figure class=\"wp-block-embed is-type-video is-provider-youtube wp-block-embed-youtube wp-embed-aspect-16-9 wp-has-aspect-ratio\"><div class=\"wp-block-embed__wrapper\">\n<iframe loading=\"lazy\" title=\"St\u00e1hnout v\u00fdukov\u00fd program - LeapLytics Traffic Light pro Power BI\" width=\"770\" height=\"433\" src=\"https:\/\/www.youtube.com\/embed\/_u8gc4RcyO0?feature=oembed\" frameborder=\"0\" allow=\"accelerometer; autoplay; clipboard-write; encrypted-media; gyroscope; picture-in-picture; web-share\" referrerpolicy=\"strict-origin-when-cross-origin\" allowfullscreen><\/iframe>\n<\/div><figcaption class=\"wp-element-caption\">Prvn\u00edm krokem je samoz\u0159ejm\u011b sta\u017een\u00ed vizu\u00e1ln\u00ed aplikace Semafor z webu Microsoft AppSource. V na\u0161em videu v\u00e1m cel\u00fd proces stahov\u00e1n\u00ed vysv\u011btl\u00edme b\u011bhem 1 minuty.<\/figcaption><\/figure>\n\n\n\n<div style=\"height:40px\" aria-hidden=\"true\" class=\"wp-block-spacer\"><\/div>\n\n\n\n<h3 class=\"wp-block-heading\">2. P\u0159ipravte si data<\/h3>\n\n\n\n<div class=\"wp-block-columns is-layout-flex wp-container-core-columns-is-layout-1 wp-block-columns-is-layout-flex\">\n<div class=\"wp-block-column is-layout-flow wp-block-column-is-layout-flow\"><div class=\"wp-block-image\">\n<figure class=\"alignleft size-full is-resized\"><img loading=\"lazy\" decoding=\"async\" width=\"2285\" height=\"1538\" src=\"https:\/\/www.leaplytics.de\/wp-content\/uploads\/2024\/08\/data-preparation.png\" alt=\"\" class=\"wp-image-13550\" style=\"width:389px;height:auto\" srcset=\"https:\/\/www.leaplytics.de\/wp-content\/uploads\/2024\/08\/data-preparation.png 2285w, https:\/\/www.leaplytics.de\/wp-content\/uploads\/2024\/08\/data-preparation-300x202.png 300w, https:\/\/www.leaplytics.de\/wp-content\/uploads\/2024\/08\/data-preparation-1024x689.png 1024w, https:\/\/www.leaplytics.de\/wp-content\/uploads\/2024\/08\/data-preparation-768x517.png 768w, https:\/\/www.leaplytics.de\/wp-content\/uploads\/2024\/08\/data-preparation-1536x1034.png 1536w, https:\/\/www.leaplytics.de\/wp-content\/uploads\/2024\/08\/data-preparation-2048x1378.png 2048w, https:\/\/www.leaplytics.de\/wp-content\/uploads\/2024\/08\/data-preparation-89x60.png 89w\" sizes=\"auto, (max-width: 2285px) 100vw, 2285px\" \/><\/figure><\/div><\/div>\n\n\n\n<div class=\"wp-block-column is-layout-flow wp-block-column-is-layout-flow\">\n<p>N\u00e1\u0161 semafor vy\u017eaduje bu\u010f \u010d\u00edseln\u00e9, procentu\u00e1ln\u00ed nebo \u010dasov\u00e9 hodnoty (nap\u0159. datum) pro nastaven\u00ed rozsah\u016f pro jednotliv\u00e9 barvy sv\u011btla.<\/p>\n\n\n\n<p>Nezapome\u0148te upravit data, kter\u00e1 v\u00e1s zaj\u00edmaj\u00ed, do jednoho z podporovan\u00fdch datov\u00fdch form\u00e1t\u016f.<\/p>\n<\/div>\n<\/div>\n\n\n\n<div style=\"height:40px\" aria-hidden=\"true\" class=\"wp-block-spacer\"><\/div>\n\n\n\n<h3 class=\"wp-block-heading\">3. Import dat a licenc\u00ed<\/h3>\n\n\n\n<figure class=\"wp-block-embed is-type-video is-provider-youtube wp-block-embed-youtube wp-embed-aspect-16-9 wp-has-aspect-ratio\"><div class=\"wp-block-embed__wrapper\">\n<iframe loading=\"lazy\" title=\"Import dat a aktivace licence - LeapLytics Traffic Light pro Power BI\" width=\"770\" height=\"433\" src=\"https:\/\/www.youtube.com\/embed\/S1HhF9H03K0?feature=oembed\" frameborder=\"0\" allow=\"accelerometer; autoplay; clipboard-write; encrypted-media; gyroscope; picture-in-picture; web-share\" referrerpolicy=\"strict-origin-when-cross-origin\" allowfullscreen><\/iframe>\n<\/div><figcaption class=\"wp-element-caption\">Jakmile jsme p\u0159ipravili data, je \u010das je importovat do Power BI. V tomto videu v\u00e1m pom\u016f\u017eeme s importem dat a aktivac\u00ed licen\u010dn\u00edho k\u00f3du.<\/figcaption><\/figure>\n\n\n<div class=\"wp-block-image\">\n<figure class=\"alignleft size-full is-resized\"><img loading=\"lazy\" decoding=\"async\" width=\"964\" height=\"1875\" src=\"https:\/\/www.leaplytics.de\/wp-content\/uploads\/2024\/08\/datalicense.png\" alt=\"\" class=\"wp-image-13551\" style=\"width:204px;height:auto\" srcset=\"https:\/\/www.leaplytics.de\/wp-content\/uploads\/2024\/08\/datalicense.png 964w, https:\/\/www.leaplytics.de\/wp-content\/uploads\/2024\/08\/datalicense-154x300.png 154w, https:\/\/www.leaplytics.de\/wp-content\/uploads\/2024\/08\/datalicense-526x1024.png 526w, https:\/\/www.leaplytics.de\/wp-content\/uploads\/2024\/08\/datalicense-768x1494.png 768w, https:\/\/www.leaplytics.de\/wp-content\/uploads\/2024\/08\/datalicense-790x1536.png 790w, https:\/\/www.leaplytics.de\/wp-content\/uploads\/2024\/08\/datalicense-31x60.png 31w\" sizes=\"auto, (max-width: 964px) 100vw, 964px\" \/><\/figure><\/div>\n\n\n<p>Chcete-li importovat data, klikn\u011bte v podokn\u011b dat na mo\u017enost \"Z\u00edskat data\" a vyberte p\u0159\u00edslu\u0161n\u00fd zdroj dat, nap\u0159\u00edklad se\u0161it aplikace Excel.<\/p>\n\n\n\n<p><\/p>\n\n\n\n<p>V dal\u0161\u00edm kroku vyberte vizu\u00e1l ze seznamu vizu\u00e1l\u016f a p\u0159idejte jej do sestavy Power BI. Nyn\u00ed klikn\u011bte na polo\u017eku \"Format your visual\" (Form\u00e1tovat vizualizaci) v \u010d\u00e1sti vizualizac\u00ed a vyberte \u010d\u00e1st \"license\" (Licence).<\/p>\n\n\n\n<p>Zde m\u016f\u017eete jednodu\u0161e vlo\u017eit licen\u010dn\u00ed k\u00f3d pomoc\u00ed kl\u00e1vesov\u00e9 zkratky CTRL + V.<\/p>\n\n\n\n<div style=\"height:40px\" aria-hidden=\"true\" class=\"wp-block-spacer\"><\/div>\n\n\n\n<h3 class=\"wp-block-heading\">4. Vizu\u00e1ln\u00ed nastaven\u00ed<\/h3>\n\n\n\n<figure class=\"wp-block-embed is-type-video is-provider-youtube wp-block-embed-youtube wp-embed-aspect-16-9 wp-has-aspect-ratio\"><div class=\"wp-block-embed__wrapper\">\n<iframe loading=\"lazy\" title=\"Vizu\u00e1ln\u00ed nastaven\u00ed - LeapLytics Semafor pro Power BI\" width=\"770\" height=\"433\" src=\"https:\/\/www.youtube.com\/embed\/rY4INTDBFAA?feature=oembed\" frameborder=\"0\" allow=\"accelerometer; autoplay; clipboard-write; encrypted-media; gyroscope; picture-in-picture; web-share\" referrerpolicy=\"strict-origin-when-cross-origin\" allowfullscreen><\/iframe>\n<\/div><figcaption class=\"wp-element-caption\">D\u00e1le je t\u0159eba p\u0159idat na\u0161e data do vizu\u00e1ln\u00ed podoby. Zde v\u00e1s krok za krokem provedeme t\u00edm, jak p\u0159idat data do vizu\u00e1lu a jak vhodn\u011b definovat rozsahy dat.<\/figcaption><\/figure>\n\n\n\n<div class=\"wp-block-columns is-layout-flex wp-container-core-columns-is-layout-2 wp-block-columns-is-layout-flex\">\n<div class=\"wp-block-column is-layout-flow wp-block-column-is-layout-flow\" style=\"flex-basis:33.33%\"><div class=\"wp-block-image\">\n<figure class=\"alignleft size-full is-resized\"><img loading=\"lazy\" decoding=\"async\" width=\"1019\" height=\"1675\" src=\"https:\/\/www.leaplytics.de\/wp-content\/uploads\/2024\/08\/measure.png\" alt=\"\" class=\"wp-image-13554\" style=\"width:204px;height:auto\" srcset=\"https:\/\/www.leaplytics.de\/wp-content\/uploads\/2024\/08\/measure.png 1019w, https:\/\/www.leaplytics.de\/wp-content\/uploads\/2024\/08\/measure-183x300.png 183w, https:\/\/www.leaplytics.de\/wp-content\/uploads\/2024\/08\/measure-623x1024.png 623w, https:\/\/www.leaplytics.de\/wp-content\/uploads\/2024\/08\/measure-768x1262.png 768w, https:\/\/www.leaplytics.de\/wp-content\/uploads\/2024\/08\/measure-934x1536.png 934w, https:\/\/www.leaplytics.de\/wp-content\/uploads\/2024\/08\/measure-37x60.png 37w\" sizes=\"auto, (max-width: 1019px) 100vw, 1019px\" \/><\/figure><\/div><\/div>\n\n\n\n<div class=\"wp-block-column is-layout-flow wp-block-column-is-layout-flow\" style=\"flex-basis:66.66%\">\n<p>Vyberte m\u011b\u0159\u00edtko, kter\u00e9 v\u00e1s zaj\u00edm\u00e1, v \u010d\u00e1sti \"Data\" kliknut\u00edm na n\u011bj nebo jeho p\u0159eta\u017een\u00edm do pole \"M\u011b\u0159\u00edtko\" ve vizu\u00e1ln\u00edm zobrazen\u00ed.<\/p>\n\n\n\n<p><strong>Voliteln\u011b: <\/strong>Kliknut\u00edm na rozev\u00edrac\u00ed seznam si m\u016f\u017eete vybrat spr\u00e1vnou agregaci pro sv\u00e9 pot\u0159eby (Sou\u010det, Pr\u016fm\u011br atd.).<\/p>\n\n\n\n<p>P\u0159i pou\u017eit\u00ed \u010dasov\u00fdch form\u00e1t\u016f je t\u0159eba db\u00e1t na to, aby byl form\u00e1t nastaven v souladu s form\u00e1tem zvolen\u00e9ho opat\u0159en\u00ed.<\/p>\n<\/div>\n<\/div>\n\n\n\n<div style=\"height:40px\" aria-hidden=\"true\" class=\"wp-block-spacer\"><\/div>\n\n\n\n<h3 class=\"wp-block-heading\">5. Nastaven\u00ed rozsah\u016f<\/h3>\n\n\n<div class=\"wp-block-image\">\n<figure class=\"alignleft size-full\"><img loading=\"lazy\" decoding=\"async\" width=\"185\" height=\"377\" src=\"https:\/\/www.leaplytics.de\/wp-content\/uploads\/2024\/08\/ranges.png\" alt=\"\" class=\"wp-image-13553\" srcset=\"https:\/\/www.leaplytics.de\/wp-content\/uploads\/2024\/08\/ranges.png 185w, https:\/\/www.leaplytics.de\/wp-content\/uploads\/2024\/08\/ranges-147x300.png 147w, https:\/\/www.leaplytics.de\/wp-content\/uploads\/2024\/08\/ranges-29x60.png 29w\" sizes=\"auto, (max-width: 185px) 100vw, 185px\" \/><\/figure><\/div>\n\n\n<p>D\u00e1le je t\u0159eba definovat rozsahy pro zobrazen\u00ed sv\u011bteln\u00fdch barev, aby vizualizace \"Semaforu\" fungovala spr\u00e1vn\u011b. V \u010d\u00e1sti \"Rozsahy\" v \u010d\u00e1sti \"Formt your visual\" m\u016f\u017eete definovat minim\u00e1ln\u00ed a maxim\u00e1ln\u00ed hodnoty pro p\u0159\u00edslu\u0161nou barvu*.<\/p>\n\n\n\n<p>Pokud je v sekci m\u011b\u0159en\u00ed vybr\u00e1no m\u011b\u0159en\u00ed s datem nebo intervalem, je t\u0159eba v sekci form\u00e1tu \u010dasu definovat rozsahy podle vybran\u00e9ho form\u00e1tu \u010dasu.<\/p>\n\n\n\n<p><em>*\u017dlut\u00e9 minimum a \u017elut\u00e9 maximum je deaktivov\u00e1no, pokud je zvolen \"syst\u00e9m dvou sv\u011btel\".<\/em><\/p>\n\n\n\n<div style=\"height:40px\" aria-hidden=\"true\" class=\"wp-block-spacer\"><\/div>\n\n\n\n<h3 class=\"wp-block-heading\">6. P\u0159izp\u016fsobte si sv\u016fj obl\u00edben\u00fd design<\/h3>\n\n\n\n<figure class=\"wp-block-embed is-type-video is-provider-youtube wp-block-embed-youtube wp-embed-aspect-16-9 wp-has-aspect-ratio\"><div class=\"wp-block-embed__wrapper\">\n<iframe loading=\"lazy\" title=\"Vlastn\u00ed nastaven\u00ed n\u00e1vrhu - LeapLytics Semafor pro Power BI\" width=\"770\" height=\"433\" src=\"https:\/\/www.youtube.com\/embed\/GpFtfzbQ_OE?feature=oembed\" frameborder=\"0\" allow=\"accelerometer; autoplay; clipboard-write; encrypted-media; gyroscope; picture-in-picture; web-share\" referrerpolicy=\"strict-origin-when-cross-origin\" allowfullscreen><\/iframe>\n<\/div><figcaption class=\"wp-element-caption\">N\u00e1\u0161 vizu\u00e1l v\u00e1m nab\u00edz\u00ed \u0161irokou \u0161k\u00e1lu mo\u017enost\u00ed p\u0159izp\u016fsoben\u00ed. Pod\u00edvejte se na n\u00e1\u0161 videon\u00e1vod v\u00fd\u0161e, kde se dozv\u00edte, jak p\u0159izp\u016fsobit semafor va\u0161im individu\u00e1ln\u00edm preferenc\u00edm.<\/figcaption><\/figure>\n\n\n<div class=\"wp-block-image\">\n<figure class=\"alignleft size-full is-resized\"><img loading=\"lazy\" decoding=\"async\" width=\"538\" height=\"1697\" src=\"https:\/\/www.leaplytics.de\/wp-content\/uploads\/2024\/08\/formats.png\" alt=\"\" class=\"wp-image-13552\" style=\"width:198px;height:auto\" srcset=\"https:\/\/www.leaplytics.de\/wp-content\/uploads\/2024\/08\/formats.png 538w, https:\/\/www.leaplytics.de\/wp-content\/uploads\/2024\/08\/formats-95x300.png 95w, https:\/\/www.leaplytics.de\/wp-content\/uploads\/2024\/08\/formats-325x1024.png 325w, https:\/\/www.leaplytics.de\/wp-content\/uploads\/2024\/08\/formats-487x1536.png 487w, https:\/\/www.leaplytics.de\/wp-content\/uploads\/2024\/08\/formats-19x60.png 19w\" sizes=\"auto, (max-width: 538px) 100vw, 538px\" \/><\/figure><\/div>\n\n\n<p>V posledn\u00edm kroku m\u016f\u017eeme p\u0159izp\u016fsobit vizu\u00e1l individu\u00e1ln\u00edmu designu. Po kliknut\u00ed na mo\u017enost \"Form\u00e1tovat vizu\u00e1l\" v \u010d\u00e1sti vizualizace se zobraz\u00ed n\u00e1sleduj\u00edc\u00ed panel.<\/p>\n\n\n\n<p>Zde si m\u016f\u017eete p\u0159izp\u016fsobit v\u0161echny mo\u017enosti form\u00e1tov\u00e1n\u00ed v\u00fdb\u011brem obl\u00edben\u00e9ho vzoru. <\/p>\n\n\n\n<p>Pokyny k jednotliv\u00fdm mo\u017enostem form\u00e1tov\u00e1n\u00ed najdete v na\u0161em videon\u00e1vodu v\u00fd\u0161e.<\/p>\n\n\n\n<div style=\"height:40px\" aria-hidden=\"true\" class=\"wp-block-spacer\"><\/div>\n\n\n\n<p>Perfektn\u00ed, nyn\u00ed jste p\u0159ipraveni pou\u017e\u00edvat n\u00e1\u0161 semafor a vylep\u0161it sv\u00e9 hl\u00e1\u0161en\u00ed!<\/p>\n\n\n\n<div style=\"height:40px\" aria-hidden=\"true\" class=\"wp-block-spacer\"><\/div>\n\n\n\n<div class=\"wp-block-buttons is-layout-flex wp-block-buttons-is-layout-flex\">\n<div class=\"wp-block-button\"><a class=\"wp-block-button__link has-background wp-element-button\" href=\"https:\/\/www.leaplytics.de\/cs\/titulni-stranka\/rizeni-projektu-vlastni-vizualizace-microsoft-powerbi\/vlastni-vizualni-mapa-rizik-pro-power-bi\/\" style=\"background-color:#44546a\">Chcete je\u0161t\u011b v\u00edce zv\u00fd\u0161it \u00farove\u0148 sv\u00fdch zpr\u00e1v? Pod\u00edvejte se na na\u0161i matici rizik pro Power BI!<\/a><\/div>\n<\/div>","protected":false},"excerpt":{"rendered":"<p>Pr\u00e1v\u011b jste se dozv\u011bd\u011bli o vizu\u00e1ln\u00ed aplikaci Semafor v Power BI a zaj\u00edm\u00e1 v\u00e1s, jak\u00e9 jsou dal\u0161\u00ed kroky? Pak jste na spr\u00e1vn\u00e9m m\u00edst\u011b! V na\u0161em pr\u016fvodci krok za krokem, podpo\u0159en\u00e9m na\u0161imi videon\u00e1vody, v\u00e1s provedeme nastaven\u00edm a p\u0159izp\u016fsoben\u00edm vizu\u00e1lu. 1. St\u00e1hn\u011bte si vizu\u00e1l 2. P\u0159ipravte si vizu\u00e1l na pou\u017eit\u00ed a ... 3. P\u0159ipravte si vizu\u00e1l na pou\u017eit\u00ed. <\/p>","protected":false},"author":2,"featured_media":0,"parent":0,"menu_order":0,"comment_status":"closed","ping_status":"closed","template":"","meta":{"footnotes":""},"class_list":["post-9298","page","type-page","status-publish","hentry","latest_post"],"_links":{"self":[{"href":"https:\/\/www.leaplytics.de\/cs\/wp-json\/wp\/v2\/pages\/9298","targetHints":{"allow":["GET"]}}],"collection":[{"href":"https:\/\/www.leaplytics.de\/cs\/wp-json\/wp\/v2\/pages"}],"about":[{"href":"https:\/\/www.leaplytics.de\/cs\/wp-json\/wp\/v2\/types\/page"}],"author":[{"embeddable":true,"href":"https:\/\/www.leaplytics.de\/cs\/wp-json\/wp\/v2\/users\/2"}],"replies":[{"embeddable":true,"href":"https:\/\/www.leaplytics.de\/cs\/wp-json\/wp\/v2\/comments?post=9298"}],"version-history":[{"count":11,"href":"https:\/\/www.leaplytics.de\/cs\/wp-json\/wp\/v2\/pages\/9298\/revisions"}],"predecessor-version":[{"id":13635,"href":"https:\/\/www.leaplytics.de\/cs\/wp-json\/wp\/v2\/pages\/9298\/revisions\/13635"}],"wp:attachment":[{"href":"https:\/\/www.leaplytics.de\/cs\/wp-json\/wp\/v2\/media?parent=9298"}],"curies":[{"name":"wp","href":"https:\/\/api.w.org\/{rel}","templated":true}]}}