{"id":9336,"date":"2022-08-01T20:19:06","date_gmt":"2022-08-01T18:19:06","guid":{"rendered":"https:\/\/www.leaplytics.de\/?page_id=9336"},"modified":"2022-08-01T20:19:06","modified_gmt":"2022-08-01T18:19:06","slug":"moznosti-formatu-svetelna-signalizace-napajeni-bi","status":"publish","type":"page","link":"https:\/\/www.leaplytics.de\/cs\/moznosti-formatu-svetelna-signalizace-napajeni-bi\/","title":{"rendered":"Mo\u017enosti form\u00e1tu - Semafor"},"content":{"rendered":"<h3 class=\"wp-block-heading\">1. \u010casov\u00fd form\u00e1t<\/h3>\n\n\n<div class=\"wp-block-image\">\n<figure class=\"alignleft size-full\"><img loading=\"lazy\" decoding=\"async\" width=\"197\" height=\"238\" src=\"https:\/\/www.leaplytics.de\/wp-content\/uploads\/2022\/08\/grafik-7.png\" alt=\"\" class=\"wp-image-9337\" srcset=\"https:\/\/www.leaplytics.de\/wp-content\/uploads\/2022\/08\/grafik-7.png 197w, https:\/\/www.leaplytics.de\/wp-content\/uploads\/2022\/08\/grafik-7-50x60.png 50w\" sizes=\"auto, (max-width: 197px) 100vw, 197px\" \/><\/figure><\/div>\n\n\n<p>Odd\u00edl \"Form\u00e1t \u010dasu\" je nepovinn\u00fd odd\u00edl. V t\u00e9to sekci m\u016f\u017eete vybrat \u010dasov\u00fd nebo intervalov\u00fd form\u00e1t, kter\u00fd se pou\u017e\u00edv\u00e1 pro v\u00fdpo\u010det rozsah\u016f a v\u00fdstupn\u00edho textu vedle symbolu semaforu. Ujist\u011bte se, \u017ee jste vybrali \u010dasov\u00fd form\u00e1t odpov\u00eddaj\u00edc\u00ed vstupn\u00edm pol\u00edm rozsah\u016f.<\/p>\n\n\n\n<div style=\"height:16px\" aria-hidden=\"true\" class=\"wp-block-spacer\"><\/div>\n\n\n\n<h3 class=\"wp-block-heading\">2. Sv\u011bteln\u00fd syst\u00e9m<\/h3>\n\n\n<div class=\"wp-block-image\">\n<figure class=\"alignleft size-full\"><img loading=\"lazy\" decoding=\"async\" width=\"199\" height=\"187\" src=\"https:\/\/www.leaplytics.de\/wp-content\/uploads\/2022\/08\/grafik-8.png\" alt=\"\" class=\"wp-image-9338\" srcset=\"https:\/\/www.leaplytics.de\/wp-content\/uploads\/2022\/08\/grafik-8.png 199w, https:\/\/www.leaplytics.de\/wp-content\/uploads\/2022\/08\/grafik-8-64x60.png 64w\" sizes=\"auto, (max-width: 199px) 100vw, 199px\" \/><\/figure><\/div>\n\n\n<p>V \u010d\u00e1sti \"Syst\u00e9m sv\u011btel\" si m\u016f\u017eete vybrat mezi syst\u00e9mem s jedn\u00edm, dv\u011bma a t\u0159emi sv\u011btly.<\/p>\n\n\n\n<p><strong>Syst\u00e9m t\u0159\u00ed sv\u011btel:<\/strong> Zelen\u00e1, \u017elut\u00e1 a \u010derven\u00e1 maj\u00ed ka\u017ed\u00fd sv\u016fj vlastn\u00ed kruh.<\/p>\n\n\n\n<p><strong>Syst\u00e9m dvou sv\u011btel:<\/strong> Zelen\u00e1 a \u010derven\u00e1 barva maj\u00ed ka\u017ed\u00fd sv\u016fj vlastn\u00ed kruh. \u017dlut\u00e9 sv\u011btlo nen\u00ed podporov\u00e1no.<\/p>\n\n\n\n<p><strong>Syst\u00e9m jednoho sv\u011btla:<\/strong> Zelen\u00e1, \u017elut\u00e1 a \u010derven\u00e1 maj\u00ed stejn\u00fd kruh.<\/p>\n\n\n\n<div style=\"height:0px\" aria-hidden=\"true\" class=\"wp-block-spacer\"><\/div>\n\n\n\n<h3 class=\"wp-block-heading\">3. Zarovn\u00e1n\u00ed<\/h3>\n\n\n<div class=\"wp-block-image\">\n<figure class=\"alignleft size-full\"><img loading=\"lazy\" decoding=\"async\" width=\"198\" height=\"167\" src=\"https:\/\/www.leaplytics.de\/wp-content\/uploads\/2022\/08\/grafik-9.png\" alt=\"\" class=\"wp-image-9339\" srcset=\"https:\/\/www.leaplytics.de\/wp-content\/uploads\/2022\/08\/grafik-9.png 198w, https:\/\/www.leaplytics.de\/wp-content\/uploads\/2022\/08\/grafik-9-71x60.png 71w\" sizes=\"auto, (max-width: 198px) 100vw, 198px\" \/><\/figure><\/div>\n\n\n<p>V \u010d\u00e1sti \"Zarovn\u00e1n\u00ed\" si m\u016f\u017eete vybrat mezi vertik\u00e1ln\u00edm a horizont\u00e1ln\u00edm zarovn\u00e1n\u00edm vizu\u00e1ln\u00edho semaforu. V\u0161echna st\u00e1vaj\u00edc\u00ed nastaven\u00ed jsou k dispozici pro ob\u011b zarovn\u00e1n\u00ed.<\/p>\n\n\n\n<div style=\"height:0px\" aria-hidden=\"true\" class=\"wp-block-spacer\"><\/div>\n\n\n\n<h3 class=\"wp-block-heading\">4. Nastaven\u00ed hranic<\/h3>\n\n\n<div class=\"wp-block-image\">\n<figure class=\"alignleft size-full\"><img loading=\"lazy\" decoding=\"async\" width=\"198\" height=\"211\" src=\"https:\/\/www.leaplytics.de\/wp-content\/uploads\/2022\/08\/grafik-10.png\" alt=\"\" class=\"wp-image-9344\" srcset=\"https:\/\/www.leaplytics.de\/wp-content\/uploads\/2022\/08\/grafik-10.png 198w, https:\/\/www.leaplytics.de\/wp-content\/uploads\/2022\/08\/grafik-10-56x60.png 56w\" sizes=\"auto, (max-width: 198px) 100vw, 198px\" \/><\/figure><\/div>\n\n\n<p>V \u010d\u00e1sti \"Nastaven\u00ed ohrani\u010den\u00ed\" m\u016f\u017eete zm\u011bnit viditelnost vn\u011bj\u0161\u00edho ohrani\u010den\u00ed semaforu i vnit\u0159n\u00edch sv\u011bteln\u00fdch odst\u00edn\u016f.<\/p>\n\n\n\n<div style=\"height:0px\" aria-hidden=\"true\" class=\"wp-block-spacer\"><\/div>\n\n\n\n<h3 class=\"wp-block-heading\">5. Nastaven\u00ed textu<\/h3>\n\n\n<div class=\"wp-block-image\">\n<figure class=\"alignleft size-full\"><img loading=\"lazy\" decoding=\"async\" width=\"196\" height=\"403\" src=\"https:\/\/www.leaplytics.de\/wp-content\/uploads\/2022\/08\/grafik-11.png\" alt=\"\" class=\"wp-image-9346\" srcset=\"https:\/\/www.leaplytics.de\/wp-content\/uploads\/2022\/08\/grafik-11.png 196w, https:\/\/www.leaplytics.de\/wp-content\/uploads\/2022\/08\/grafik-11-146x300.png 146w, https:\/\/www.leaplytics.de\/wp-content\/uploads\/2022\/08\/grafik-11-29x60.png 29w\" sizes=\"auto, (max-width: 196px) 100vw, 196px\" \/><\/figure><\/div>\n\n\n<p>Tento vizu\u00e1ln\u00ed semafor nab\u00edz\u00ed \u0161irokou \u0161k\u00e1lu nastaven\u00ed textu. M\u016f\u017eete zapnout a vypnout textov\u00fd prvek, kter\u00fd se zobrazuje ve stejn\u00e9m okn\u011b jako semafor. Kdy\u017e je text viditeln\u00fd, m\u016f\u017eete m\u011bnit styl textu, jeho velikost, polohu a rodinu p\u00edsma podle sv\u00fdch individu\u00e1ln\u00edch pot\u0159eb.<\/p>\n\n\n\n<div style=\"height:0px\" aria-hidden=\"true\" class=\"wp-block-spacer\"><\/div>\n\n\n\n<h3 class=\"wp-block-heading\">6. Nastaven\u00ed barev<\/h3>\n\n\n<div class=\"wp-block-image\">\n<figure class=\"alignleft size-full\"><img loading=\"lazy\" decoding=\"async\" width=\"198\" height=\"482\" src=\"https:\/\/www.leaplytics.de\/wp-content\/uploads\/2022\/08\/grafik-12.png\" alt=\"\" class=\"wp-image-9349\" srcset=\"https:\/\/www.leaplytics.de\/wp-content\/uploads\/2022\/08\/grafik-12.png 198w, https:\/\/www.leaplytics.de\/wp-content\/uploads\/2022\/08\/grafik-12-123x300.png 123w, https:\/\/www.leaplytics.de\/wp-content\/uploads\/2022\/08\/grafik-12-25x60.png 25w\" sizes=\"auto, (max-width: 198px) 100vw, 198px\" \/><\/figure><\/div>\n\n\n<p>V \u010d\u00e1sti \"Nastaven\u00ed barev\" m\u016f\u017eete zm\u011bnit barvu ka\u017ed\u00e9 \u010d\u00e1sti tohoto vizu\u00e1lu. Jednodu\u0161e klikn\u011bte na rozev\u00edrac\u00ed seznam a vyberte barvu z p\u0159eddefinovan\u00fdch barev motivu nebo pou\u017eijte rgb- a hex-k\u00f3dy pro definov\u00e1n\u00ed barvy podle vlastn\u00edho uv\u00e1\u017een\u00ed.<\/p>","protected":false},"excerpt":{"rendered":"<p>1. Time format The \u201cTime Format\u201d section is an optional section. Within this section, you can select a time or interval format, which is used to calculate the ranges and the output text next to the traffic light symbol. Please make sure, to select the time format accordingly to the range input fields. 2. Light &hellip; <\/p>","protected":false},"author":2,"featured_media":0,"parent":0,"menu_order":0,"comment_status":"closed","ping_status":"closed","template":"","meta":{"footnotes":""},"class_list":["post-9336","page","type-page","status-publish","hentry","latest_post"],"_links":{"self":[{"href":"https:\/\/www.leaplytics.de\/cs\/wp-json\/wp\/v2\/pages\/9336","targetHints":{"allow":["GET"]}}],"collection":[{"href":"https:\/\/www.leaplytics.de\/cs\/wp-json\/wp\/v2\/pages"}],"about":[{"href":"https:\/\/www.leaplytics.de\/cs\/wp-json\/wp\/v2\/types\/page"}],"author":[{"embeddable":true,"href":"https:\/\/www.leaplytics.de\/cs\/wp-json\/wp\/v2\/users\/2"}],"replies":[{"embeddable":true,"href":"https:\/\/www.leaplytics.de\/cs\/wp-json\/wp\/v2\/comments?post=9336"}],"version-history":[{"count":0,"href":"https:\/\/www.leaplytics.de\/cs\/wp-json\/wp\/v2\/pages\/9336\/revisions"}],"wp:attachment":[{"href":"https:\/\/www.leaplytics.de\/cs\/wp-json\/wp\/v2\/media?parent=9336"}],"curies":[{"name":"wp","href":"https:\/\/api.w.org\/{rel}","templated":true}]}}