{"id":9526,"date":"2022-09-08T20:29:04","date_gmt":"2022-09-08T18:29:04","guid":{"rendered":"https:\/\/www.leaplytics.de\/?page_id=9526"},"modified":"2024-05-21T13:00:58","modified_gmt":"2024-05-21T11:00:58","slug":"matice-rizik-heatmap-power-bi-trial","status":"publish","type":"page","link":"https:\/\/www.leaplytics.de\/cs\/matice-rizik-heatmap-power-bi-trial\/","title":{"rendered":"Power BI Risk Matrix \/ Heatmap - Vyzkou\u0161ejte nyn\u00ed!"},"content":{"rendered":"<h3 class=\"wp-block-heading\">Chyb\u011bj\u00edc\u00ed d\u00edl skl\u00e1da\u010dky pro \u0159\u00edzen\u00ed rizik<\/h3>\n\n\n\n<figure class=\"wp-block-image size-full\"><img loading=\"lazy\" decoding=\"async\" width=\"152\" height=\"37\" src=\"https:\/\/www.leaplytics.de\/wp-content\/uploads\/2022\/05\/PBI-Certified.png\" alt=\"\" class=\"wp-image-8358\" srcset=\"https:\/\/www.leaplytics.de\/wp-content\/uploads\/2022\/05\/PBI-Certified.png 152w, https:\/\/www.leaplytics.de\/wp-content\/uploads\/2022\/05\/PBI-Certified-150x37.png 150w\" sizes=\"auto, (max-width: 152px) 100vw, 152px\" \/><\/figure>\n\n\n\n<p>Je to snadn\u00e9: vypl\u0148te n\u00ed\u017ee uveden\u00fd formul\u00e1\u0159 a my v\u00e1m za\u0161leme bezplatnou \u010dty\u0159t\u00fddenn\u00ed zku\u0161ebn\u00ed licenci.<\/p>\n\n\n<div class=\"wpforms-container wpforms-container-full\" id=\"wpforms-10592\"><form id=\"wpforms-form-10592\" class=\"wpforms-validate wpforms-form wpforms-ajax-form\" data-formid=\"10592\" method=\"post\" enctype=\"multipart\/form-data\" action=\"\/cs\/wp-json\/wp\/v2\/pages\/9526\" data-token=\"93e31137e329d7940839fcaafb5f94cb\" data-token-time=\"1776963611\" data-trp-original-action=\"\/cs\/wp-json\/wp\/v2\/pages\/9526\"><noscript class=\"wpforms-error-noscript\">Chcete-li vyplnit tento formul\u00e1\u0159, pros\u00edm povolte v prohl\u00ed\u017ee\u010di JavaScript.<\/noscript><div class=\"wpforms-field-container\"><div id=\"wpforms-10592-field_0-container\" class=\"wpforms-field wpforms-field-name\" data-field-id=\"0\"><label class=\"wpforms-field-label\">N\u00e1zev <span class=\"wpforms-required-label\">*<\/span><\/label><div class=\"wpforms-field-row wpforms-field-medium\"><div class=\"wpforms-field-row-block wpforms-first wpforms-one-half\"><input type=\"text\" id=\"wpforms-10592-field_0\" class=\"wpforms-field-name-first wpforms-field-required\" name=\"wpforms[fields][0][first]\" required><label for=\"wpforms-10592-field_0\" class=\"wpforms-field-sublabel after\">K\u0159estn\u00ed jm\u00e9no<\/label><\/div><div class=\"wpforms-field-row-block wpforms-one-half\"><input type=\"text\" id=\"wpforms-10592-field_0-last\" class=\"wpforms-field-name-last wpforms-field-required\" name=\"wpforms[fields][0][last]\" required><label for=\"wpforms-10592-field_0-last\" class=\"wpforms-field-sublabel after\">P\u0159\u00edjmen\u00ed<\/label><\/div><\/div><\/div><div id=\"wpforms-10592-field_1-container\" class=\"wpforms-field wpforms-field-email\" data-field-id=\"1\"><label class=\"wpforms-field-label\" for=\"wpforms-10592-field_1\">Obchodn\u00ed e-mail <span class=\"wpforms-required-label\">*<\/span><\/label><input type=\"email\" id=\"wpforms-10592-field_1\" class=\"wpforms-field-medium wpforms-field-required\" data-rule-restricted-email=\"1\" name=\"wpforms[fields][1]\" spellcheck=\"false\" required><\/div><div id=\"wpforms-10592-field_4-container\" class=\"wpforms-field wpforms-field-text\" data-field-id=\"4\"><label class=\"wpforms-field-label\" for=\"wpforms-10592-field_4\">Spole\u010dnost <span class=\"wpforms-required-label\">*<\/span><\/label><input type=\"text\" id=\"wpforms-10592-field_4\" class=\"wpforms-field-medium wpforms-field-required\" name=\"wpforms[fields][4]\" required><\/div><div id=\"wpforms-10592-field_3-container\" class=\"wpforms-field wpforms-field-gdpr-checkbox\" data-field-id=\"3\"><label class=\"wpforms-field-label\">Dohoda o GDPR <span class=\"wpforms-required-label\">*<\/span><\/label><ul id=\"wpforms-10592-field_3\" class=\"wpforms-field-required\"><li class=\"choice-1\"><input type=\"checkbox\" id=\"wpforms-10592-field_3_1\" name=\"wpforms[fields][3][]\" value=\"I consent to having this website store my submitted information so they can respond to my inquiry.\" required><label class=\"wpforms-field-label-inline\" for=\"wpforms-10592-field_3_1\">Souhlas\u00edm s t\u00edm, aby tyto webov\u00e9 str\u00e1nky ukl\u00e1daly mnou zaslan\u00e9 informace a mohly tak odpov\u011bd\u011bt na m\u016fj dotaz.<\/label><\/li><\/ul><\/div><\/div><!-- .wpforms-field-container --><div class=\"wpforms-recaptcha-container wpforms-is-recaptcha wpforms-is-recaptcha-type-v3\" ><input type=\"hidden\" name=\"wpforms[recaptcha]\" value=\"\"><\/div><div class=\"wpforms-submit-container\" ><input type=\"hidden\" name=\"wpforms[id]\" value=\"10592\"><input type=\"hidden\" name=\"page_title\" value=\"\"><input type=\"hidden\" name=\"page_url\" value=\"https:\/\/www.leaplytics.de\/cs\/wp-json\/wp\/v2\/pages\/9526\"><input type=\"hidden\" name=\"url_referer\" value=\"\"><button type=\"submit\" name=\"wpforms[submit]\" id=\"wpforms-submit-10592\" class=\"wpforms-submit\" data-alt-text=\"Sending...\" data-submit-text=\"Submit\" aria-live=\"assertive\" value=\"wpforms-submit\">Odeslat<\/button><img loading=\"lazy\" decoding=\"async\" src=\"https:\/\/www.leaplytics.de\/wp-content\/plugins\/wpforms-lite\/assets\/images\/submit-spin.svg\" class=\"wpforms-submit-spinner\" style=\"display: none;\" width=\"26\" height=\"26\" alt=\"Na\u010d\u00edt\u00e1n\u00ed\"><\/div><input type=\"hidden\" name=\"trp-form-language\" value=\"cs\"\/><\/form><\/div>  <!-- .wpforms-container -->\n\n\n\n<div style=\"height:27px\" aria-hidden=\"true\" class=\"wp-block-spacer\"><\/div>\n\n\n\n<h3 class=\"wp-block-heading\">D\u016fv\u011bryhodn\u00fd by:<\/h3>\n\n\n<div class=\"wp-block-image\">\n<figure class=\"aligncenter size-medium is-resized\"><a href=\"https:\/\/www.railbaltica.org\/\" target=\"_blank\" rel=\"noreferrer noopener nofollow\"><img loading=\"lazy\" decoding=\"async\" width=\"300\" height=\"225\" src=\"https:\/\/www.leaplytics.de\/wp-content\/uploads\/2024\/05\/rb-logo-300x225.png\" alt=\"\" class=\"wp-image-13461\" style=\"width:300px\" srcset=\"https:\/\/www.leaplytics.de\/wp-content\/uploads\/2024\/05\/rb-logo-300x225.png 300w, https:\/\/www.leaplytics.de\/wp-content\/uploads\/2024\/05\/rb-logo-1024x768.png 1024w, https:\/\/www.leaplytics.de\/wp-content\/uploads\/2024\/05\/rb-logo-768x576.png 768w, https:\/\/www.leaplytics.de\/wp-content\/uploads\/2024\/05\/rb-logo-80x60.png 80w, https:\/\/www.leaplytics.de\/wp-content\/uploads\/2024\/05\/rb-logo.png 1200w\" sizes=\"auto, (max-width: 300px) 100vw, 300px\" \/><\/a><\/figure><\/div>\n\n\n<p><em>\"Vynikaj\u00edc\u00ed n\u00e1stroj pro vizualizaci a zaji\u0161t\u011bn\u00ed ucelen\u00e9ho p\u0159ehledu o rizikov\u00e9m portfoliu. Mo\u017enost p\u0159izp\u016fsoben\u00ed barev, prahov\u00fdch hodnot a matice rizik je ide\u00e1ln\u00ed - snadno se nastavuje a poskytuje mo\u017enost pou\u017e\u00edvat \u0159e\u0161en\u00ed pro r\u016fzn\u00e9 \u00farovn\u011b rizik - podnik, projekt, program atd. Nov\u00e1 funkce vizualizace zm\u011bny jednotliv\u00fdch rizikov\u00fdch pozic na heatmap\u011b je ide\u00e1ln\u00ed pro reporting, proto\u017ee p\u0159esn\u00e1 zm\u011bna pravd\u011bpodobnosti nebo dopadu je jasn\u011b srozumiteln\u00e1 i pro neprofesion\u00e1ly v oblasti \u0159\u00edzen\u00ed rizik a umo\u017e\u0148uje jim sledovat zm\u011bny.\"<\/em> <a href=\"https:\/\/www.railbaltica.org\/\" target=\"_blank\" rel=\"noreferrer noopener nofollow\">Rail Baltica<\/a><\/p>\n\n\n\n<h3 class=\"wp-block-heading\">Dopis gener\u00e1ln\u00edho \u0159editele<\/h3>\n\n\n\n<blockquote class=\"wp-block-quote is-layout-flow wp-block-quote-is-layout-flow\">\n<div class=\"wp-block-columns is-layout-flex wp-container-core-columns-is-layout-1 wp-block-columns-is-layout-flex\">\n<div class=\"wp-block-column is-layout-flow wp-block-column-is-layout-flow\" style=\"flex-basis:100%\">\n<h3 class=\"wp-block-heading has-text-align-left\"><img loading=\"lazy\" decoding=\"async\" width=\"150\" height=\"150\" class=\"wp-image-10452\" style=\"width: 150px;\" src=\"https:\/\/www.leaplytics.de\/wp-content\/uploads\/2023\/01\/stefan-profile.png\" alt=\"\" srcset=\"https:\/\/www.leaplytics.de\/wp-content\/uploads\/2023\/01\/stefan-profile.png 612w, https:\/\/www.leaplytics.de\/wp-content\/uploads\/2023\/01\/stefan-profile-300x300.png 300w, https:\/\/www.leaplytics.de\/wp-content\/uploads\/2023\/01\/stefan-profile-150x150.png 150w, https:\/\/www.leaplytics.de\/wp-content\/uploads\/2023\/01\/stefan-profile-370x370.png 370w, https:\/\/www.leaplytics.de\/wp-content\/uploads\/2023\/01\/stefan-profile-60x60.png 60w\" sizes=\"auto, (max-width: 150px) 100vw, 150px\" \/>Na\u0161e \u0159e\u0161en\u00ed pro profesion\u00e1ly<\/h3>\n<\/div>\n<\/div>\n\n\n\n<p class=\"has-text-align-left\">Ahoj v\u0161ichni...<br><br>Jsem Stefan, gener\u00e1ln\u00ed \u0159editel spole\u010dnosti LeapLytics.<br><br>To je matice rizik, kterou jsme v\u017edy hledali sami. A nyn\u00ed se o ni chceme pod\u011blit s v\u00e1mi.<br><br>Je skv\u011bl\u00e9 m\u00edt matici rizik, kter\u00e1 v\u00e1m pom\u016f\u017ee pochopit hrozby a p\u0159\u00edle\u017eitosti. Proto\u017ee p\u0159edt\u00edm jste za\u010dali vid\u011bt rizika, kter\u00e1 jste ne\u010dekali, ze zdroj\u016f, kter\u00e9 jste nevid\u011bli. Ztratili jste kontrolu nad pochopen\u00edm sv\u00e9ho rizikov\u00e9ho prost\u0159ed\u00ed. Lavina dat v\u0161e zahltila.<\/p>\n\n\n\n<p class=\"has-text-align-left\"><br>Zde v\u00e1m m\u016f\u017eeme pomoci. Matrici rizik jsme za\u010dali vyv\u00edjet v roce 2020. Od t\u00e9 doby jsme p\u0159idali mnoho nov\u00fdch funkc\u00ed. P\u0159itom jsme se zam\u011b\u0159ili na u\u017eivatele. Podm\u00edn\u011bn\u00e9 form\u00e1tov\u00e1n\u00ed byl n\u00e1pad jedn\u00e9 italsk\u00e9 spole\u010dnosti. Po\u017eadavek na prezentaci rizik podle \u010dasu p\u0159i\u0161el od z\u00e1kazn\u00edka z Austr\u00e1lie. Pr\u00e1v\u011b na komunitu na\u0161ich z\u00e1kazn\u00edk\u016f jsme hrd\u00ed. Ale tak\u00e9 to, co n\u00e1s poh\u00e1n\u00ed ke zlep\u0161ov\u00e1n\u00ed na\u0161\u00ed matice rizik.<br><br>Matice rizik by nem\u011bla p\u016fsobit jako z\u00e1t\u011b\u017e. N\u011bco, co nest\u00edh\u00e1te. N\u011bco, co vy\u010dist\u00edte, nikoliv opatrujete. Sp\u00ed\u0161e ne\u017e abyste se z n\u00ed t\u011b\u0161ili, se s n\u00ed vypo\u0159\u00e1d\u00e1te. M\u00edsto toho by m\u011bla b\u00fdt spolehliv\u00e1. A informativn\u00ed. M\u011bly by v\u00e1m a va\u0161im t\u00fdm\u016fm usnadnit slad\u011bn\u00ed jejich \u010dinnost\u00ed. Aby se v\u00e1m da\u0159ilo.<br><br>Tak\u017ee dobr\u00e1 zpr\u00e1va, kouzlo st\u00e1le existuje. Je zast\u0159eno - poh\u0159beno pod spoustou obch\u00e1zen\u00ed a neuspokojiv\u00fdch \u0159e\u0161en\u00ed. V\u00e1\u0161 p\u0159\u00edstrojov\u00fd panel si zaslou\u017e\u00ed opr\u00e1\u0161it. Renovaci. Modernizovan\u00fd pro dne\u0161n\u00ed zp\u016fsob \u0159\u00edzen\u00ed rizik. S na\u0161\u00edm \u0159e\u0161en\u00edm Risk Matrix jsme to ud\u011blali. Je to p\u0159ed\u011bl\u00e1n\u00ed, p\u0159ehodnocen\u00ed, zjednodu\u0161en\u00e9, siln\u00e9 znovuzaveden\u00ed \u0159\u00edzen\u00ed rizik.<br><br>Nov\u00fd za\u010d\u00e1tek, jak m\u00e1 b\u00fdt.<\/p>\n\n\n\n<p><br>P\u0159eji hezk\u00fd den,<br>Stefan<br><br>Spoluzakladatel a gener\u00e1ln\u00ed \u0159editel spole\u010dnosti LeapLytics GmbH<\/p>\n<\/blockquote>\n\n\n<div class=\"wp-block-image\">\n<figure class=\"aligncenter size-large\"><img loading=\"lazy\" decoding=\"async\" width=\"1024\" height=\"576\" src=\"https:\/\/www.leaplytics.de\/wp-content\/uploads\/2022\/04\/First_Slice_Risk_Map_PowerBI-1024x576.png\" alt=\"\" class=\"wp-image-6585\" srcset=\"https:\/\/www.leaplytics.de\/wp-content\/uploads\/2022\/04\/First_Slice_Risk_Map_PowerBI-1024x576.png 1024w, https:\/\/www.leaplytics.de\/wp-content\/uploads\/2022\/04\/First_Slice_Risk_Map_PowerBI-300x169.png 300w, https:\/\/www.leaplytics.de\/wp-content\/uploads\/2022\/04\/First_Slice_Risk_Map_PowerBI-768x432.png 768w, https:\/\/www.leaplytics.de\/wp-content\/uploads\/2022\/04\/First_Slice_Risk_Map_PowerBI-107x60.png 107w, https:\/\/www.leaplytics.de\/wp-content\/uploads\/2022\/04\/First_Slice_Risk_Map_PowerBI.png 1140w\" sizes=\"auto, (max-width: 1024px) 100vw, 1024px\" \/><\/figure><\/div>\n\n\n<div style=\"height:29px\" aria-hidden=\"true\" class=\"wp-block-spacer\"><\/div>\n\n\n\n<blockquote class=\"wp-block-quote has-text-align-left is-layout-flow wp-block-quote-is-layout-flow\">\n<p>Rozhodn\u011b stoj\u00ed za to<\/p>\n<cite>\"V\u0161e, \u010deho jsme cht\u011bli dos\u00e1hnout pomoc\u00ed matice rizik, se n\u00e1m poda\u0159ilo realizovat pomoc\u00ed t\u00e9to vizualizace. Rozhodn\u011b to stoj\u00ed za to.\" - <a href=\"https:\/\/appsource.microsoft.com\/en-us\/product\/power-bi-visuals\/leaplyticsgmbh1633373694058.leaplytics_risk_heatmap?tab=Reviews\" target=\"_blank\" rel=\"noreferrer noopener\">Microsoft AppSource Recenze Hodnocen\u00ed: <img loading=\"lazy\" decoding=\"async\" width=\"89\" height=\"14\" class=\"wp-image-13274\" style=\"width: 89px;\" src=\"https:\/\/www.leaplytics.de\/wp-content\/uploads\/2024\/04\/stars.png\" alt=\"\"><\/a><\/cite><\/blockquote>\n\n\n\n<h3 class=\"wp-block-heading\">Co dostanu?<\/h3>\n\n\n\n<i class=\"fa-solid fa-key\"><\/i> \u010cty\u0159t\u00fddenn\u00ed zku\u0161ebn\u00ed obdob\u00ed <b>Licen\u010dn\u00ed kl\u00ed\u010d<\/b>\n<br><br>\n<i class=\"fa-solid fa-eye\"><\/i> Vizu\u00e1ln\u00ed nastaven\u00ed <b>V\u00fdukov\u00fd program<\/b>\n<br><br>\n<i class=\"fas fa-directions\"><\/i> <b>'Jak na to'<\/b> Pr\u016fvodci na YouTube\n<br><br>\n<i class=\"fa-solid fa-question\"><\/i> \u010casto kladen\u00e9 ot\u00e1zky (<b>Nej\u010dast\u011bj\u0161\u00ed dotazy<\/b>)\n\n\n\n<div style=\"height:29px\" aria-hidden=\"true\" class=\"wp-block-spacer\"><\/div>\n\n\n\n<h3 class=\"wp-block-heading\">Pro\u010d bych m\u011bl otestovat v\u00e1\u0161 vizu\u00e1l?<\/h3>\n\n\n\n<p>Na\u0161e matice rizik LeapLytics je <strong>pouze<\/strong> matice rizik, kter\u00e1 dok\u00e1\u017ee ka\u017ed\u00e9 riziko zobrazit jako samostatnou entitu. Nab\u00edz\u00ed klikac\u00ed funkce a umo\u017e\u0148uje zobrazit podrobn\u00e9 zkoum\u00e1n\u00ed prost\u0159ednictv\u00edm n\u00e1pov\u011bdy. Nav\u00edc je to jedin\u00fd vizu\u00e1ln\u00ed prvek v Power BI, kter\u00fd umo\u017e\u0148uje u\u017eivatel\u016fm p\u0159\u00edstup k hloubkov\u00fdm informac\u00edm o rizic\u00edch pomoc\u00ed jednoduch\u00e9ho drill-down na konkr\u00e9tn\u00ed riziko.<\/p>\n\n\n\n<ul class=\"wp-block-list\">\n<li><strong>\u017d\u00e1dn\u00e9 p\u0159edplatn\u00e9<\/strong>: Jednodu\u0161e ji nechte vypr\u0161et. <strong>Nebudeme v\u00e1m nic \u00fa\u010dtovat.<\/strong><\/li>\n<\/ul>\n\n\n\n<figure class=\"wp-block-embed is-type-video is-provider-youtube wp-block-embed-youtube wp-embed-aspect-16-9 wp-has-aspect-ratio\"><div class=\"wp-block-embed__wrapper\" align=\"center\">\n<iframe loading=\"lazy\" title=\"Matice rizik Power BI \/ Heatmap LeapLytics Visual\" width=\"770\" height=\"433\" src=\"https:\/\/www.youtube.com\/embed\/SsN0lgNJX6A?feature=oembed\" frameborder=\"0\" allow=\"accelerometer; autoplay; clipboard-write; encrypted-media; gyroscope; picture-in-picture; web-share\" referrerpolicy=\"strict-origin-when-cross-origin\" allowfullscreen><\/iframe>\n<\/div><\/figure>\n\n\n\n<div style=\"height:55px\" aria-hidden=\"true\" class=\"wp-block-spacer\"><\/div>\n\n\n\n<blockquote class=\"wp-block-quote is-layout-flow wp-block-quote-is-layout-flow\">\n<p>Funguje p\u0159esn\u011b podle o\u010dek\u00e1v\u00e1n\u00ed a reklamy.<\/p>\n\n\n\n<h3 class=\"wp-block-heading\"><\/h3>\n<cite>\"Licenci na tuto aplikaci jsem si zakoupil t\u00e9m\u011b\u0159 p\u0159ed 9 m\u011bs\u00edci, nainstaloval jsem ji do n\u011bkolika zpr\u00e1v, kter\u00e9 pou\u017e\u00edvaj\u00ed stovky lid\u00ed po cel\u00e9m sv\u011bt\u011b, a od u\u017eivatel\u016f m\u00e1m jen pozitivn\u00ed ohlasy.\" - <a href=\"https:\/\/appsource.microsoft.com\/en-us\/product\/power-bi-visuals\/leaplyticsgmbh1633373694058.leaplytics_risk_heatmap?tab=Reviews\" target=\"_blank\" rel=\"noreferrer noopener\">Microsoft AppSource Recenze Hodnocen\u00ed: <img loading=\"lazy\" decoding=\"async\" width=\"89\" height=\"14\" class=\"wp-image-13274\" style=\"width: 89px;\" src=\"https:\/\/www.leaplytics.de\/wp-content\/uploads\/2024\/04\/stars.png\" alt=\"\"><\/a><\/cite><\/blockquote>\n\n\n\n<p>M\u00e1te z\u00e1jem? Do p\u011bti minut obdr\u017e\u00edte e-mail se \u010dty\u0159t\u00fddenn\u00ed zku\u0161ebn\u00ed licenc\u00ed.<\/p>\n\n\n<div class=\"wpforms-container wpforms-container-full\" id=\"wpforms-10592\"><form id=\"wpforms-form-10592\" class=\"wpforms-validate wpforms-form wpforms-ajax-form\" data-formid=\"10592\" method=\"post\" enctype=\"multipart\/form-data\" action=\"\/cs\/wp-json\/wp\/v2\/pages\/9526\" data-token=\"93e31137e329d7940839fcaafb5f94cb\" data-token-time=\"1776963611\" data-trp-original-action=\"\/cs\/wp-json\/wp\/v2\/pages\/9526\"><noscript class=\"wpforms-error-noscript\">Chcete-li vyplnit tento formul\u00e1\u0159, pros\u00edm povolte v prohl\u00ed\u017ee\u010di JavaScript.<\/noscript><div class=\"wpforms-field-container\"><div id=\"wpforms-10592-field_0-container\" class=\"wpforms-field wpforms-field-name\" data-field-id=\"0\"><label class=\"wpforms-field-label\">N\u00e1zev <span class=\"wpforms-required-label\">*<\/span><\/label><div class=\"wpforms-field-row wpforms-field-medium\"><div class=\"wpforms-field-row-block wpforms-first wpforms-one-half\"><input type=\"text\" id=\"wpforms-10592-field_0\" class=\"wpforms-field-name-first wpforms-field-required\" name=\"wpforms[fields][0][first]\" required><label for=\"wpforms-10592-field_0\" class=\"wpforms-field-sublabel after\">K\u0159estn\u00ed jm\u00e9no<\/label><\/div><div class=\"wpforms-field-row-block wpforms-one-half\"><input type=\"text\" id=\"wpforms-10592-field_0-last\" class=\"wpforms-field-name-last wpforms-field-required\" name=\"wpforms[fields][0][last]\" required><label for=\"wpforms-10592-field_0-last\" class=\"wpforms-field-sublabel after\">P\u0159\u00edjmen\u00ed<\/label><\/div><\/div><\/div><div id=\"wpforms-10592-field_1-container\" class=\"wpforms-field wpforms-field-email\" data-field-id=\"1\"><label class=\"wpforms-field-label\" for=\"wpforms-10592-field_1\">Obchodn\u00ed e-mail <span class=\"wpforms-required-label\">*<\/span><\/label><input type=\"email\" id=\"wpforms-10592-field_1\" class=\"wpforms-field-medium wpforms-field-required\" data-rule-restricted-email=\"1\" name=\"wpforms[fields][1]\" spellcheck=\"false\" required><\/div><div id=\"wpforms-10592-field_4-container\" class=\"wpforms-field wpforms-field-text\" data-field-id=\"4\"><label class=\"wpforms-field-label\" for=\"wpforms-10592-field_4\">Spole\u010dnost <span class=\"wpforms-required-label\">*<\/span><\/label><input type=\"text\" id=\"wpforms-10592-field_4\" class=\"wpforms-field-medium wpforms-field-required\" name=\"wpforms[fields][4]\" required><\/div><div id=\"wpforms-10592-field_3-container\" class=\"wpforms-field wpforms-field-gdpr-checkbox\" data-field-id=\"3\"><label class=\"wpforms-field-label\">Dohoda o GDPR <span class=\"wpforms-required-label\">*<\/span><\/label><ul id=\"wpforms-10592-field_3\" class=\"wpforms-field-required\"><li class=\"choice-1\"><input type=\"checkbox\" id=\"wpforms-10592-field_3_1\" name=\"wpforms[fields][3][]\" value=\"I consent to having this website store my submitted information so they can respond to my inquiry.\" required><label class=\"wpforms-field-label-inline\" for=\"wpforms-10592-field_3_1\">Souhlas\u00edm s t\u00edm, aby tyto webov\u00e9 str\u00e1nky ukl\u00e1daly mnou zaslan\u00e9 informace a mohly tak odpov\u011bd\u011bt na m\u016fj dotaz.<\/label><\/li><\/ul><\/div><\/div><!-- .wpforms-field-container --><div class=\"wpforms-recaptcha-container wpforms-is-recaptcha wpforms-is-recaptcha-type-v3\" ><input type=\"hidden\" name=\"wpforms[recaptcha]\" value=\"\"><\/div><div class=\"wpforms-submit-container\" ><input type=\"hidden\" name=\"wpforms[id]\" value=\"10592\"><input type=\"hidden\" name=\"page_title\" value=\"\"><input type=\"hidden\" name=\"page_url\" value=\"https:\/\/www.leaplytics.de\/cs\/wp-json\/wp\/v2\/pages\/9526\"><input type=\"hidden\" name=\"url_referer\" value=\"\"><button type=\"submit\" name=\"wpforms[submit]\" id=\"wpforms-submit-10592\" class=\"wpforms-submit\" data-alt-text=\"Sending...\" data-submit-text=\"Submit\" aria-live=\"assertive\" value=\"wpforms-submit\">Odeslat<\/button><img loading=\"lazy\" decoding=\"async\" src=\"https:\/\/www.leaplytics.de\/wp-content\/plugins\/wpforms-lite\/assets\/images\/submit-spin.svg\" class=\"wpforms-submit-spinner\" style=\"display: none;\" width=\"26\" height=\"26\" alt=\"Na\u010d\u00edt\u00e1n\u00ed\"><\/div><input type=\"hidden\" name=\"trp-form-language\" value=\"cs\"\/><\/form><\/div>  <!-- .wpforms-container -->","protected":false},"excerpt":{"rendered":"<p>The missing puzzle piece for your risk management It&#8217;s easy: fill out the form below, and we&#8217;ll send you a free four-week trial license. Trusted By: &#8220;An excellent tool to visualize and ensure a holistic overview of the risk portfolio. The possibility to customize colors, thresholds, and the risk matrix is ideal\u2014easy to set up &hellip; <\/p>","protected":false},"author":2,"featured_media":0,"parent":0,"menu_order":0,"comment_status":"closed","ping_status":"closed","template":"","meta":{"footnotes":""},"class_list":["post-9526","page","type-page","status-publish","hentry","latest_post"],"_links":{"self":[{"href":"https:\/\/www.leaplytics.de\/cs\/wp-json\/wp\/v2\/pages\/9526","targetHints":{"allow":["GET"]}}],"collection":[{"href":"https:\/\/www.leaplytics.de\/cs\/wp-json\/wp\/v2\/pages"}],"about":[{"href":"https:\/\/www.leaplytics.de\/cs\/wp-json\/wp\/v2\/types\/page"}],"author":[{"embeddable":true,"href":"https:\/\/www.leaplytics.de\/cs\/wp-json\/wp\/v2\/users\/2"}],"replies":[{"embeddable":true,"href":"https:\/\/www.leaplytics.de\/cs\/wp-json\/wp\/v2\/comments?post=9526"}],"version-history":[{"count":51,"href":"https:\/\/www.leaplytics.de\/cs\/wp-json\/wp\/v2\/pages\/9526\/revisions"}],"predecessor-version":[{"id":13475,"href":"https:\/\/www.leaplytics.de\/cs\/wp-json\/wp\/v2\/pages\/9526\/revisions\/13475"}],"wp:attachment":[{"href":"https:\/\/www.leaplytics.de\/cs\/wp-json\/wp\/v2\/media?parent=9526"}],"curies":[{"name":"wp","href":"https:\/\/api.w.org\/{rel}","templated":true}]}}