{"id":11871,"date":"2023-06-17T21:49:52","date_gmt":"2023-06-17T19:49:52","guid":{"rendered":"https:\/\/www.leaplytics.de\/?page_id=11871"},"modified":"2023-11-03T11:27:35","modified_gmt":"2023-11-03T10:27:35","slug":"at-komme-i-gang-markdown-viewer-power-bi","status":"publish","type":"page","link":"https:\/\/www.leaplytics.de\/da\/at-komme-i-gang-markdown-viewer-power-bi\/","title":{"rendered":"Kom godt i gang - Markdown Viewer"},"content":{"rendered":"<p>N\u00e5r du har indl\u00e6st vores visualisering, sp\u00f8rger du sikkert dig selv, hvad du skal g\u00f8re nu. Det er det, vi vil forklare dig her i denne vejledning.<\/p>\n\n\n\n<h3 class=\"wp-block-heading\">1. Tr\u00e6k Visual ind p\u00e5 regnearket<\/h3>\n\n\n<div class=\"wp-block-image\">\n<figure class=\"alignleft size-full\"><img loading=\"lazy\" decoding=\"async\" width=\"281\" height=\"350\" src=\"https:\/\/www.leaplytics.de\/wp-content\/uploads\/2023\/11\/md.png\" alt=\"\" class=\"wp-image-12805\" srcset=\"https:\/\/www.leaplytics.de\/wp-content\/uploads\/2023\/11\/md.png 281w, https:\/\/www.leaplytics.de\/wp-content\/uploads\/2023\/11\/md-241x300.png 241w, https:\/\/www.leaplytics.de\/wp-content\/uploads\/2023\/11\/md-48x60.png 48w\" sizes=\"auto, (max-width: 281px) 100vw, 281px\" \/><\/figure><\/div>\n\n\n<div class=\"wp-block-columns is-layout-flex wp-container-core-columns-is-layout-1 wp-block-columns-is-layout-flex\">\n<div class=\"wp-block-column is-layout-flow wp-block-column-is-layout-flow\" style=\"flex-basis:66.66%\">\n<p>\u00c5bn Microsoft Power BI og den relevante rapport eller det relevante regneark, hvor du vil bruge \"Markdown Viewer\"-visualiseringen. \u00c5bn dit regneark i redigeringstilstand, og du vil finde \"Markdown Viewer\"-billedet samt alle dine andre k\u00f8bte LeapLytics-produkter i afsnittet \"Visualiseringer\". Klik p\u00e5 visualiseringerne for at placere dem p\u00e5 dit regneark (<em>Du kan \u00e6ndre udseendet af det visuelle senere via \"Format\"-ruden<\/em>).<\/p>\n<\/div>\n<\/div>\n\n\n\n<div style=\"height:16px\" aria-hidden=\"true\" class=\"wp-block-spacer\"><\/div>\n\n\n\n<h3 class=\"wp-block-heading\">2. Panel for ejendomme<\/h3>\n\n\n<div class=\"wp-block-image\">\n<figure class=\"alignleft size-full\"><img loading=\"lazy\" decoding=\"async\" width=\"187\" height=\"411\" src=\"https:\/\/www.leaplytics.de\/wp-content\/uploads\/2023\/11\/md2.png\" alt=\"\" class=\"wp-image-12806\" srcset=\"https:\/\/www.leaplytics.de\/wp-content\/uploads\/2023\/11\/md2.png 187w, https:\/\/www.leaplytics.de\/wp-content\/uploads\/2023\/11\/md2-136x300.png 136w, https:\/\/www.leaplytics.de\/wp-content\/uploads\/2023\/11\/md2-27x60.png 27w\" sizes=\"auto, (max-width: 187px) 100vw, 187px\" \/><\/figure><\/div>\n\n\n<div class=\"wp-block-columns is-layout-flex wp-container-core-columns-is-layout-2 wp-block-columns-is-layout-flex\">\n<div class=\"wp-block-column is-layout-flow wp-block-column-is-layout-flow\" style=\"flex-basis:33.33%\">\n<p>N\u00e5r du har placeret en eller flere forekomster af det visuelle p\u00e5 dit dashboard, vises egenskabspanelet i h\u00f8jre side. Egenskabspanelet er opdelt i sektionerne \"Felter\", \"Format\" og \"Analyse\".<\/p>\n\n\n\n<p>I de f\u00f8lgende kapitler l\u00e6rer du, hvordan du bruger LeapLytics \"Markdown Viewer\" visuelt, og hvordan du tilpasser den til dine behov ved at bruge egenskaberne korrekt.<\/p>\n<\/div>\n<\/div>\n\n\n\n<div style=\"height:16px\" aria-hidden=\"true\" class=\"wp-block-spacer\"><\/div>\n\n\n\n<h3 class=\"wp-block-heading\">3. Tilf\u00f8j foranstaltning<\/h3>\n\n\n<div class=\"wp-block-image\">\n<figure class=\"alignleft size-full\"><img loading=\"lazy\" decoding=\"async\" width=\"364\" height=\"409\" src=\"https:\/\/www.leaplytics.de\/wp-content\/uploads\/2023\/11\/md3.png\" alt=\"\" class=\"wp-image-12807\" srcset=\"https:\/\/www.leaplytics.de\/wp-content\/uploads\/2023\/11\/md3.png 364w, https:\/\/www.leaplytics.de\/wp-content\/uploads\/2023\/11\/md3-267x300.png 267w, https:\/\/www.leaplytics.de\/wp-content\/uploads\/2023\/11\/md3-53x60.png 53w\" sizes=\"auto, (max-width: 364px) 100vw, 364px\" \/><\/figure><\/div>\n\n\n<div class=\"wp-block-columns is-layout-flex wp-container-core-columns-is-layout-3 wp-block-columns-is-layout-flex\">\n<div class=\"wp-block-column is-layout-flow wp-block-column-is-layout-flow\" style=\"flex-basis:66.66%\">\n<p>V\u00e6lg en dimension fra \"Data\"-sektionen ved at klikke p\u00e5 den eller tr\u00e6kke den ind i \"Data\"-feltet i det visuelle billede.<\/p>\n\n\n\n<p><strong>N\u00e5r man bruger vores Markdown Viewer, skal man sikre sig, at dataene i en dimension er i Markdown-format.<\/strong><\/p>\n<\/div>\n<\/div>\n\n\n\n<div style=\"height:16px\" aria-hidden=\"true\" class=\"wp-block-spacer\"><\/div>\n\n\n\n<h3 class=\"wp-block-heading\">4. Resultat<\/h3>\n\n\n\n<figure class=\"wp-block-image size-large\"><img loading=\"lazy\" decoding=\"async\" width=\"1024\" height=\"407\" src=\"https:\/\/www.leaplytics.de\/wp-content\/uploads\/2023\/11\/grafik-2-1024x407.png\" alt=\"\" class=\"wp-image-12810\" srcset=\"https:\/\/www.leaplytics.de\/wp-content\/uploads\/2023\/11\/grafik-2-1024x407.png 1024w, https:\/\/www.leaplytics.de\/wp-content\/uploads\/2023\/11\/grafik-2-300x119.png 300w, https:\/\/www.leaplytics.de\/wp-content\/uploads\/2023\/11\/grafik-2-768x305.png 768w, https:\/\/www.leaplytics.de\/wp-content\/uploads\/2023\/11\/grafik-2-1536x610.png 1536w, https:\/\/www.leaplytics.de\/wp-content\/uploads\/2023\/11\/grafik-2-151x60.png 151w, https:\/\/www.leaplytics.de\/wp-content\/uploads\/2023\/11\/grafik-2.png 1880w\" sizes=\"auto, (max-width: 1024px) 100vw, 1024px\" \/><\/figure>","protected":false},"excerpt":{"rendered":"<p>N\u00e5r du har indl\u00e6st vores visualisering, sp\u00f8rger du sikkert dig selv, hvad du skal g\u00f8re nu. Det er det, vi vil forklare dig her i denne vejledning. 1. Tr\u00e6k visualisering til regnearket \u00c5bn Microsoft Power BI og den relevante rapport eller det relevante regneark, hvor du vil bruge visualisering \"Markdown Viewer\". \u00c5bn dit regneark i ... <\/p>","protected":false},"author":2,"featured_media":0,"parent":0,"menu_order":0,"comment_status":"closed","ping_status":"closed","template":"","meta":{"footnotes":""},"class_list":["post-11871","page","type-page","status-publish","hentry","latest_post"],"_links":{"self":[{"href":"https:\/\/www.leaplytics.de\/da\/wp-json\/wp\/v2\/pages\/11871","targetHints":{"allow":["GET"]}}],"collection":[{"href":"https:\/\/www.leaplytics.de\/da\/wp-json\/wp\/v2\/pages"}],"about":[{"href":"https:\/\/www.leaplytics.de\/da\/wp-json\/wp\/v2\/types\/page"}],"author":[{"embeddable":true,"href":"https:\/\/www.leaplytics.de\/da\/wp-json\/wp\/v2\/users\/2"}],"replies":[{"embeddable":true,"href":"https:\/\/www.leaplytics.de\/da\/wp-json\/wp\/v2\/comments?post=11871"}],"version-history":[{"count":0,"href":"https:\/\/www.leaplytics.de\/da\/wp-json\/wp\/v2\/pages\/11871\/revisions"}],"wp:attachment":[{"href":"https:\/\/www.leaplytics.de\/da\/wp-json\/wp\/v2\/media?parent=11871"}],"curies":[{"name":"wp","href":"https:\/\/api.w.org\/{rel}","templated":true}]}}