{"id":11926,"date":"2023-07-18T10:22:34","date_gmt":"2023-07-18T08:22:34","guid":{"rendered":"https:\/\/www.leaplytics.de\/?page_id=11926"},"modified":"2024-10-29T12:39:50","modified_gmt":"2024-10-29T11:39:50","slug":"markdown-viewer-visual-til-power-bi","status":"publish","type":"page","link":"https:\/\/www.leaplytics.de\/da\/markdown-viewer-visual-til-power-bi\/","title":{"rendered":"Markdown Viewer Visual til Power BI"},"content":{"rendered":"<p>Vi pr\u00e6senterer Markdown-to-HTML Custom Visual til Power BI: Fort\u00e6l din datahistorie med en fuldgyldig teksteditor i dit datadashboard! Fremh\u00e6v relevante oplysninger via formateret tekst i din datavisualiseringsoplevelse!<\/p>\n\n\n\n<p>Vi er glade for at kunne pr\u00e6sentere en banebrydende l\u00f8sning, der giver Power BI-brugere mulighed for problemfrit at integrere smukt formateret tekst i deres rapporter og dashboards.<\/p>\n\n\n\n<h3 class=\"wp-block-heading has-text-align-left\">Fordele<\/h3>\n\n\n\n<h5 class=\"wp-block-heading\">Slip kraften i Markdown l\u00f8s<\/h5>\n\n\n\n<p>Et udbredt markup-sprog med enkle og udtryksfulde tekstformateringsfunktioner giver dig mulighed for at oprette overskrifter, lister, links og andre formaterede tekstelementer lige ved siden af dine datavisualiseringer!<\/p>\n\n\n\n<h5 class=\"wp-block-heading\">Skab overbevisende visuelle fort\u00e6llinger<\/h5>\n\n\n\n<p>Markdown-to-HTML Custom Visual giver dig mulighed for at skabe f\u00e6ngslende fort\u00e6llinger i din datahistorie ved problemfrit at blande rigt formateret tekst med dine visualiseringer. Du kan give detaljerede forklaringer, indsigter og underst\u00f8ttende dokumentation lige ved siden af dine data, hvilket forbedrer klarheden og effekten af dit budskab.<\/p>\n\n\n\n<h5 class=\"wp-block-heading\">Str\u00f8mlinet integration<\/h5>\n\n\n\n<p>Vores brugerdefinerede visualisering integreres problemfrit i dit Power BI-milj\u00f8 og sikrer en brugervenlig oplevelse. Du skal blot indtaste din Markdown-kode eller oprette forbindelse til en datakilde, der indeholder Markdown-indhold, s\u00e5 klarer vores grafik resten.<\/p>\n\n\n\n<h5 class=\"wp-block-heading\">Tilpas til at matche din stil<\/h5>\n\n\n\n<p>Vores Markdown-to-HTML Custom Visual tilbyder omfattende tilpasningsmuligheder for at inddrage din unikke brandidentitet. Skr\u00e6ddersy visualiseringens udseende, f.eks. skrifttyper, farver og baggrunde, s\u00e5 de passer til din branding eller dit rapporttema og pr\u00e6senterer din organisations identitet p\u00e5 en sammenh\u00e6ngende og professionel m\u00e5de.<\/p>\n\n\n\n<h5 class=\"wp-block-heading\">Fremme samarbejde og videndeling<\/h5>\n\n\n\n<p>Fremme samarbejde, videndeling og str\u00f8mlinede arbejdsgange i din organisation med dette popul\u00e6re format til samarbejde og videndeling.<\/p>\n\n\n\n<p>L\u00f8ft dit datavisualiseringsspil med vores Markdown-to-HTML Custom Visual til Power BI. Pr\u00e6senter dine indsigter og analyser p\u00e5 en visuelt imponerende og engagerende m\u00e5de, der fanger dit publikum. Uanset om du er dataanalytiker, forretningsekspert eller leder, er dette billede designet til at hj\u00e6lpe dig med at kommunikere komplekse ideer ubesv\u00e6ret og g\u00f8re en varig forskel.<\/p>\n\n\n\n<p>Er du klar til at forvandle dine Power BI-rapporter og -dashboards? Download vores Markdown-to-HTML Custom Visual i dag, og f\u00e5 adgang til en verden af dynamiske tekstformateringsmuligheder.<\/p>\n\n\n\n<p><em>Styrk dine datapr\u00e6sentationer med den perfekte blanding af visuel \u00e6stetik og informativt indhold. Oplev fremtidens datafort\u00e6lling med Markdown og Power BI.<\/em><\/p>\n\n\n\n<p><\/p>\n\n\n\n<h3 class=\"wp-block-heading\">Anmod om din pr\u00f8velicens<\/h3>\n\n\n<div class=\"wpforms-container wpforms-container-full\" id=\"wpforms-11888\"><form id=\"wpforms-form-11888\" class=\"wpforms-validate wpforms-form wpforms-ajax-form\" data-formid=\"11888\" method=\"post\" enctype=\"multipart\/form-data\" action=\"\/da\/wp-json\/wp\/v2\/pages\/11926\" data-token=\"eea5bbbf8bd8d59fccefd3b72b8ac8b9\" data-token-time=\"1775926311\" data-trp-original-action=\"\/da\/wp-json\/wp\/v2\/pages\/11926\"><noscript class=\"wpforms-error-noscript\">Aktiver venligst JavaScript i din browser for at udfylde denne formular.<\/noscript><div class=\"wpforms-field-container\"><div id=\"wpforms-11888-field_0-container\" class=\"wpforms-field wpforms-field-name\" data-field-id=\"0\"><label class=\"wpforms-field-label\">Navn <span class=\"wpforms-required-label\">*<\/span><\/label><div class=\"wpforms-field-row wpforms-field-medium\"><div class=\"wpforms-field-row-block wpforms-first wpforms-one-half\"><input type=\"text\" id=\"wpforms-11888-field_0\" class=\"wpforms-field-name-first wpforms-field-required\" name=\"wpforms[fields][0][first]\" required><label for=\"wpforms-11888-field_0\" class=\"wpforms-field-sublabel after\">F\u00f8rste gang<\/label><\/div><div class=\"wpforms-field-row-block wpforms-one-half\"><input type=\"text\" id=\"wpforms-11888-field_0-last\" class=\"wpforms-field-name-last wpforms-field-required\" name=\"wpforms[fields][0][last]\" required><label for=\"wpforms-11888-field_0-last\" class=\"wpforms-field-sublabel after\">Sidste gang<\/label><\/div><\/div><\/div><div id=\"wpforms-11888-field_1-container\" class=\"wpforms-field wpforms-field-email\" data-field-id=\"1\"><label class=\"wpforms-field-label\" for=\"wpforms-11888-field_1\">Forretnings-e-mail <span class=\"wpforms-required-label\">*<\/span><\/label><input type=\"email\" id=\"wpforms-11888-field_1\" class=\"wpforms-field-medium wpforms-field-required\" data-rule-restricted-email=\"1\" name=\"wpforms[fields][1]\" spellcheck=\"false\" required><\/div><div id=\"wpforms-11888-field_4-container\" class=\"wpforms-field wpforms-field-text\" data-field-id=\"4\"><label class=\"wpforms-field-label\" for=\"wpforms-11888-field_4\">Virksomhed <span class=\"wpforms-required-label\">*<\/span><\/label><input type=\"text\" id=\"wpforms-11888-field_4\" class=\"wpforms-field-medium wpforms-field-required\" name=\"wpforms[fields][4]\" required><\/div><div id=\"wpforms-11888-field_3-container\" class=\"wpforms-field wpforms-field-gdpr-checkbox\" data-field-id=\"3\"><label class=\"wpforms-field-label\">GDPR-aftale <span class=\"wpforms-required-label\">*<\/span><\/label><ul id=\"wpforms-11888-field_3\" class=\"wpforms-field-required\"><li class=\"choice-1\"><input type=\"checkbox\" id=\"wpforms-11888-field_3_1\" name=\"wpforms[fields][3][]\" value=\"I consent to having this website store my submitted information so they can respond to my inquiry.\" required><label class=\"wpforms-field-label-inline\" for=\"wpforms-11888-field_3_1\">Jeg giver samtykke til, at dette websted gemmer mine indsendte oplysninger, s\u00e5 de kan svare p\u00e5 min foresp\u00f8rgsel.<\/label><\/li><\/ul><\/div><\/div><!-- .wpforms-field-container --><div class=\"wpforms-recaptcha-container wpforms-is-recaptcha wpforms-is-recaptcha-type-v3\" ><input type=\"hidden\" name=\"wpforms[recaptcha]\" value=\"\"><\/div><div class=\"wpforms-submit-container\" ><input type=\"hidden\" name=\"wpforms[id]\" value=\"11888\"><input type=\"hidden\" name=\"page_title\" value=\"\"><input type=\"hidden\" name=\"page_url\" value=\"https:\/\/www.leaplytics.de\/da\/wp-json\/wp\/v2\/pages\/11926\"><input type=\"hidden\" name=\"url_referer\" value=\"\"><button type=\"submit\" name=\"wpforms[submit]\" id=\"wpforms-submit-11888\" class=\"wpforms-submit\" data-alt-text=\"Sending...\" data-submit-text=\"Submit\" aria-live=\"assertive\" value=\"wpforms-submit\">Send ind<\/button><img loading=\"lazy\" decoding=\"async\" src=\"https:\/\/www.leaplytics.de\/wp-content\/plugins\/wpforms-lite\/assets\/images\/submit-spin.svg\" class=\"wpforms-submit-spinner\" style=\"display: none;\" width=\"26\" height=\"26\" alt=\"Indl\u00e6sning\"><\/div><input type=\"hidden\" name=\"trp-form-language\" value=\"da\"\/><\/form><\/div>  <!-- .wpforms-container -->\n\n\n\n<div style=\"height:50px\" aria-hidden=\"true\" class=\"wp-block-spacer\"><\/div>\n\n\n\n<h3 class=\"wp-block-heading has-text-align-left\" id=\"tutorial\">Kom godt i gang<\/h3>\n\n\n\n<p><em>Hvordan kommer jeg i gang?<\/em> Anmod om en pr\u00f8velicens ovenfor. Og n\u00e5r du har modtaget en licenskode? Klik nedenfor for at starte vores vejledning.<\/p>\n\n\n\n<figure class=\"wp-block-embed is-type-wp-embed is-provider-leaplytics wp-block-embed-leaplytics\"><div class=\"wp-block-embed__wrapper\">\n<blockquote class=\"wp-embedded-content\" data-secret=\"IL8vEweSWi\"><a href=\"https:\/\/www.leaplytics.de\/da\/at-komme-i-gang-markdown-viewer-power-bi\/\">Kom godt i gang - Markdown Viewer<\/a><\/blockquote><iframe loading=\"lazy\" class=\"wp-embedded-content\" sandbox=\"allow-scripts\" security=\"restricted\" style=\"position: absolute; clip: rect(1px, 1px, 1px, 1px);\" title=\"&quot;Kom godt i gang - Markdown Viewer&quot; - LeapLytics\" src=\"https:\/\/www.leaplytics.de\/getting-started-markdown-viewer-power-bi\/embed\/#?secret=huMdA44Ho4#?secret=IL8vEweSWi\" data-secret=\"IL8vEweSWi\" width=\"600\" height=\"338\" frameborder=\"0\" marginwidth=\"0\" marginheight=\"0\" scrolling=\"no\"><\/iframe>\n<\/div><\/figure>","protected":false},"excerpt":{"rendered":"<p>Vi introducerer Markdown-to-HTML Custom Visual til Power BI: Fort\u00e6l din datahistorie med en fuldgyldig teksteditor i dit datadashboard! Fremh\u00e6v relevante oplysninger via formateret tekst i din datavisualiseringsoplevelse! Vi er glade for at kunne pr\u00e6sentere en banebrydende l\u00f8sning, der giver Power BI-brugere mulighed for problemfrit at integrere smukt formateret tekst i deres rapporter og ... <\/p>","protected":false},"author":2,"featured_media":0,"parent":0,"menu_order":0,"comment_status":"closed","ping_status":"closed","template":"","meta":{"footnotes":""},"class_list":["post-11926","page","type-page","status-publish","hentry","latest_post"],"_links":{"self":[{"href":"https:\/\/www.leaplytics.de\/da\/wp-json\/wp\/v2\/pages\/11926","targetHints":{"allow":["GET"]}}],"collection":[{"href":"https:\/\/www.leaplytics.de\/da\/wp-json\/wp\/v2\/pages"}],"about":[{"href":"https:\/\/www.leaplytics.de\/da\/wp-json\/wp\/v2\/types\/page"}],"author":[{"embeddable":true,"href":"https:\/\/www.leaplytics.de\/da\/wp-json\/wp\/v2\/users\/2"}],"replies":[{"embeddable":true,"href":"https:\/\/www.leaplytics.de\/da\/wp-json\/wp\/v2\/comments?post=11926"}],"version-history":[{"count":3,"href":"https:\/\/www.leaplytics.de\/da\/wp-json\/wp\/v2\/pages\/11926\/revisions"}],"predecessor-version":[{"id":13652,"href":"https:\/\/www.leaplytics.de\/da\/wp-json\/wp\/v2\/pages\/11926\/revisions\/13652"}],"wp:attachment":[{"href":"https:\/\/www.leaplytics.de\/da\/wp-json\/wp\/v2\/media?parent=11926"}],"curies":[{"name":"wp","href":"https:\/\/api.w.org\/{rel}","templated":true}]}}