{"id":12086,"date":"2023-08-02T17:05:19","date_gmt":"2023-08-02T15:05:19","guid":{"rendered":"https:\/\/www.leaplytics.de\/?page_id=12086"},"modified":"2023-08-06T14:32:15","modified_gmt":"2023-08-06T12:32:15","slug":"qlikview-migration-til-power-bi","status":"publish","type":"page","link":"https:\/\/www.leaplytics.de\/da\/qlikview-migration-til-power-bi\/","title":{"rendered":"QlikView-migrering til Power BI - vores tilgang"},"content":{"rendered":"<p>Bruger du i \u00f8jeblikket QlikView, men overvejer at skifte til Power BI?  Hos LeapLytics har vi specialiseret os i at levere ekspertmigreringstjenester, der hj\u00e6lper dig med en problemfri overgang fra QlikView til Power BI. Vores team af dygtige fagfolk har stor erfaring med at h\u00e5ndtere s\u00e5danne migreringer, hvilket sikrer en smidig og effektiv proces for din organisation.<\/p>\n\n\n\n<h3 class=\"wp-block-heading\"><strong>Hvorfor migrere fra QlikView til Power BI?<\/strong><\/h3>\n\n\n\n<p>Efterh\u00e5nden som business intelligence-teknologierne forts\u00e6tter med at udvikle sig, finder organisationer det ofte fordelagtigt at opgradere til mere moderne og robuste platforme som Power BI. Her er nogle overbevisende grunde til at overveje at migrere fra QlikView til Power BI:<\/p>\n\n\n\n<ol class=\"wp-block-list\">\n<li><strong>Forbedret datavisualisering:<\/strong> Power BI tilbyder en bred vifte af visualiseringsmuligheder, s\u00e5 du kan pr\u00e6sentere data p\u00e5 mere indsigtsfulde og interaktive m\u00e5der og give dine beslutningstagere bedre indsigt.<\/li>\n\n\n\n<li><strong>Integration med Microsofts \u00f8kosystem:<\/strong> Hvis din organisation allerede bruger Microsoft-v\u00e6rkt\u00f8jer som Excel, SharePoint eller Office 365, kan Power BI problemfrit integreres med disse platforme og effektivisere din arbejdsgang.<\/li>\n\n\n\n<li><strong>Skalerbarhed og ydeevne:<\/strong> N\u00e5r dine databehov vokser, kan Power BI h\u00e5ndtere store datas\u00e6t og komplekse foresp\u00f8rgsler med bem\u00e6rkelsesv\u00e6rdig effektivitet og hastighed.<\/li>\n\n\n\n<li><strong>Cloud-kapaciteter:<\/strong> Med Power BI's cloud-funktioner kan du nemt dele rapporter og samarbejde med kolleger, hvilket sikrer adgang til vigtige oplysninger i realtid.<\/li>\n\n\n\n<li><strong>Regelm\u00e6ssige opdateringer og support:<\/strong> Power BI modtager hyppige opdateringer og forbedringer fra Microsoft, hvilket sikrer, at du har adgang til de nyeste funktioner og forbedringer.<\/li>\n<\/ol>\n\n\n\n<h3 class=\"wp-block-heading\"><strong>Overvejelser for en vellykket migration fra QlikView til Power BI<\/strong><\/h3>\n\n\n\n<p>At migrere fra en business intelligence-platform til en anden kan v\u00e6re en kompleks opgave. For at sikre en vellykket migrering er det vigtigt at tage stilling til f\u00f8lgende vigtige overvejelser:<\/p>\n\n\n\n<ol class=\"wp-block-list\">\n<li><strong>Vurdering af data:<\/strong> Analyser dine eksisterende QlikView-data for at bestemme deres struktur, kvalitet og relevans for migrering. Identificer potentielle krav til datarensning og -transformation.<\/li>\n\n\n\n<li><strong>Kortl\u00e6gning af arkiver, rapporter og dashboards:<\/strong> Forst\u00e5 dine nuv\u00e6rende QlikView-arkiver, -rapporter og -dashboards grundigt. Lav en kortl\u00e6gningsplan for at replikere disse visualiseringer i Power BI, mens du udnytter dets unikke funktioner.<\/li>\n\n\n\n<li><strong>Datamodellering i Power BI:<\/strong> Design en effektiv datamodel i Power BI, der passer til dine forretningskrav og optimerer ydeevnen.<\/li>\n\n\n\n<li><strong>Sikkerhed og tilladelser:<\/strong> Definer sikkerhedsroller og tilladelser i Power BI for at sikre, at dataadgang administreres og begr\u00e6nses korrekt.<\/li>\n\n\n\n<li><strong>Brugertr\u00e6ning og -adoption:<\/strong> Forbered dit team p\u00e5 migreringen ved at tilbyde omfattende tr\u00e6ning i Power BI's funktioner og muligheder.<\/li>\n\n\n\n<li><strong>Test og kvalitetssikring:<\/strong> Gennemf\u00f8r grundige tests for at identificere og l\u00f8se eventuelle problemer, f\u00f8r l\u00f8sningen tages i brug.<\/li>\n\n\n\n<li><strong>Support efter migration:<\/strong> Tilbyd l\u00f8bende support for at l\u00f8se eventuelle udfordringer efter migrationen og hj\u00e6lpe brugerne med at udnytte Power BI's muligheder fuldt ud.<\/li>\n<\/ol>\n\n\n\n<h3 class=\"wp-block-heading\"><strong>Hvorfor LeapLytics til din migration fra QlikView til Power BI?<\/strong><\/h3>\n\n\n\n<p>Hos LeapLytics er vi stolte af vores kundecentrerede tilgang og vores dybe forst\u00e5else af b\u00e5de QlikView og Power BI. Vores team af eksperter har de f\u00e6rdigheder og den viden, der kr\u00e6ves for at navigere problemfrit i migrationsprocessen og sikre minimale forstyrrelser i din forretningsdrift. N\u00e5r du v\u00e6lger os, f\u00e5r du gavn af:<\/p>\n\n\n\n<ul class=\"wp-block-list\">\n<li><strong>Erfaring og ekspertise:<\/strong> Vores erfarne fagfolk har med succes udf\u00f8rt adskillige QlikView til Power BI-migrationer, hvilket g\u00f8r dem dygtige til at h\u00e5ndtere enhver kompleksitet, der m\u00e5tte opst\u00e5.<\/li>\n\n\n\n<li><strong>Skr\u00e6ddersyede l\u00f8sninger:<\/strong> Vi forst\u00e5r, at hver organisations behov er unikke. Derfor tilbyder vi personlige migrationsstrategier, der passer til dine specifikke krav.<\/li>\n\n\n\n<li><strong>Datasikkerhed:<\/strong> Vi prioriterer sikkerheden af dine f\u00f8lsomme oplysninger og f\u00f8lger branchens bedste praksis for at beskytte dine data under og efter migreringen.<\/li>\n\n\n\n<li><strong>Kontinuerlig st\u00f8tte:<\/strong> Vores engagement i din succes str\u00e6kker sig ud over migrationsprocessen. Vi yder l\u00f8bende support for at l\u00f8se eventuelle problemer og hj\u00e6lpe med at indf\u00f8re Power BI.<\/li>\n<\/ul>\n\n\n\n<p>LeapLytics er din betroede partner i at g\u00f8re skiftet fra QlikView til Power BI s\u00e5 problemfrit som muligt. Kontakt os i dag for at f\u00e5 mere at vide om vores migrationstjenester og tag det f\u00f8rste skridt mod at frig\u00f8re det sande potentiale i dine data.<\/p>\n\n\n\n<h4 class=\"wp-block-heading\"><strong>Kontakt os i dag<\/strong><\/h4>\n\n\n\n<p>Har du sp\u00f8rgsm\u00e5l om migrering fra QlikView til Power BI, eller er du interesseret i vores tjenester? T\u00f8v ikke med at kontakte os for at f\u00e5 en konsultation. Vi er her for at hj\u00e6lpe dig med at f\u00e5 en problemfri og vellykket overgang til Power BI. Kom i kontakt med vores eksperter og <a href=\"https:\/\/www.leaplytics.de\/da\/kontakt\/\"><strong>Send os en besked<\/strong><\/a>.<\/p>\n\n\n\n<p>(<em>Du er ogs\u00e5 velkommen til at kontakte os, hvis du har brug for vejledning om et andet aspekt af business intelligence, dataanalyse eller visualisering. Vores team er veludstyret til at hj\u00e6lpe dig med forskellige datarelaterede opgaver.<\/em>)<\/p>","protected":false},"excerpt":{"rendered":"<p>Bruger du i \u00f8jeblikket QlikView, men overvejer at skifte til Power BI? Hos LeapLytics har vi specialiseret os i at levere ekspertmigreringstjenester, der hj\u00e6lper dig med en problemfri overgang fra QlikView til Power BI. Vores team af dygtige fagfolk har stor erfaring med at h\u00e5ndtere s\u00e5danne migreringer, hvilket sikrer en smidig og effektiv proces for din organisation. Hvorfor migrere fra ... <\/p>","protected":false},"author":2,"featured_media":0,"parent":0,"menu_order":0,"comment_status":"closed","ping_status":"closed","template":"","meta":{"footnotes":""},"class_list":["post-12086","page","type-page","status-publish","hentry","latest_post"],"_links":{"self":[{"href":"https:\/\/www.leaplytics.de\/da\/wp-json\/wp\/v2\/pages\/12086","targetHints":{"allow":["GET"]}}],"collection":[{"href":"https:\/\/www.leaplytics.de\/da\/wp-json\/wp\/v2\/pages"}],"about":[{"href":"https:\/\/www.leaplytics.de\/da\/wp-json\/wp\/v2\/types\/page"}],"author":[{"embeddable":true,"href":"https:\/\/www.leaplytics.de\/da\/wp-json\/wp\/v2\/users\/2"}],"replies":[{"embeddable":true,"href":"https:\/\/www.leaplytics.de\/da\/wp-json\/wp\/v2\/comments?post=12086"}],"version-history":[{"count":0,"href":"https:\/\/www.leaplytics.de\/da\/wp-json\/wp\/v2\/pages\/12086\/revisions"}],"wp:attachment":[{"href":"https:\/\/www.leaplytics.de\/da\/wp-json\/wp\/v2\/media?parent=12086"}],"curies":[{"name":"wp","href":"https:\/\/api.w.org\/{rel}","templated":true}]}}