{"id":12944,"date":"2023-12-18T23:03:40","date_gmt":"2023-12-18T22:03:40","guid":{"rendered":"https:\/\/www.leaplytics.de\/?page_id=12944"},"modified":"2023-12-18T23:03:40","modified_gmt":"2023-12-18T22:03:40","slug":"ehs-risikostyring-power-bi-til-mine-og-olieindustrien","status":"publish","type":"page","link":"https:\/\/www.leaplytics.de\/da\/ehs-risikostyring-power-bi-til-mine-og-olieindustrien\/","title":{"rendered":"EHS Risk Management Power BI til mine- og olieindustrien"},"content":{"rendered":"<h3 class=\"wp-block-heading\">Introduktion<\/h3>\n\n\n\n<p>Industrier som minedrift og olie er afg\u00f8rende for den globale \u00f8konomi og leverer ressourcer og energi. Men de st\u00e5r over for udfordringer med hensyn til milj\u00f8-, sundheds- og sikkerhedsrisici (EHS). Virksomheder ser nu solid EHS-risikostyring som grundl\u00e6ggende for succes. Denne artikel ser p\u00e5, hvordan vores Power BI Risk Matrix kan forbedre EHS risk management.<\/p>\n\n\n\n<h3 class=\"wp-block-heading\"><strong>Forst\u00e5else af EHS Risk Management<\/strong><\/h3>\n\n\n\n<p>Inden for minedrift og olie er de st\u00f8rste bekymringer milj\u00f8-, sundheds- og sikkerhedsrisici. De omfatter forstyrrelse af levesteder, forurening, ulykker og juridiske sp\u00f8rgsm\u00e5l. Streng EHS risikostyring er afg\u00f8rende for en b\u00e6redygtig og succesfuld drift.<\/p>\n\n\n\n<h3 class=\"wp-block-heading\"><strong>Power BI-risikomatrix<\/strong><\/h3>\n\n\n\n<p>Risikomatrixen er et st\u00e6rkt v\u00e6rkt\u00f8j til at h\u00e5ndtere EHS risici med Power BI. Se her, hvordan den hj\u00e6lper:<\/p>\n\n\n\n<ol class=\"wp-block-list\">\n<li><strong>Identifikation af risici:<\/strong> Indsamler data for at spotte sikkerheds-, compliance- eller sundhedsrisici.<\/li>\n\n\n\n<li><strong>Visualisering:<\/strong> Kategoriserer risici og hj\u00e6lper beslutningstagere med at se presserende problemer.<\/li>\n\n\n\n<li><strong>Overv\u00e5gning af ydeevne:<\/strong> Holder EHS data opdateret til proaktiv risikostyring.<\/li>\n\n\n\n<li><strong>Interaktive dashboards: <\/strong>Vis risikom\u00e5linger, h\u00e6ndelser og tendenser i realtid for at g\u00f8re det lettere at spore resultater.<\/li>\n<\/ol>\n\n\n\n<div class=\"wp-block-buttons is-layout-flex wp-block-buttons-is-layout-flex\" id=\"https:\/\/www.leaplytics.de\/frontpage\/project-management-custom-visuals-microsoft-powerbi\/risk-heatmap-custom-visual-for-power-bi\/\">\n<div class=\"wp-block-button has-custom-width wp-block-button__width-75 has-custom-font-size is-style-fill\" style=\"font-size:18px\"><a class=\"wp-block-button__link has-background wp-element-button\" href=\"https:\/\/www.leaplytics.de\/da\/forside\/projektledelse-brugerdefinerede-visualiseringer-microsoft-powerbi\/risiko-heatmap-brugerdefineret-visuel-til-power-bi\/\" style=\"background-color:#22316d\" rel=\"https:\/\/www.leaplytics.de\/frontpage\/project-management-custom-visuals-microsoft-powerbi\/risk-heatmap-custom-visual-for-power-bi\/\">Se vores tilpassede visuelle 'risikomatrix' til Power BI her!<\/a><\/div>\n<\/div>\n\n\n\n<p><\/p>\n\n\n\n<h3 class=\"wp-block-heading\"><strong>\u00d8get performance gennem EHS Risk Management<\/strong><\/h3>\n\n\n\n<p>Effektiv EHS risikostyring forbedrer resultaterne:<\/p>\n\n\n\n<ul class=\"wp-block-list\">\n<li><strong>Operationel effektivitet:<\/strong> Reducerer ulykker, udstyrssvigt og milj\u00f8h\u00e6ndelser. Det forbedrer effektiviteten og reducerer nedetiden.<\/li>\n\n\n\n<li><strong>Omkostningsbesparelser:<\/strong> Minimerer h\u00e6ndelser, reducerer b\u00f8der, advokatsal\u00e6rer og oprydningsomkostninger.<\/li>\n\n\n\n<li><strong>B\u00e6redygtighed og omd\u00f8mme:<\/strong> Viser engagement i b\u00e6redygtighed. Det forbedrer omd\u00f8mmet og appellerer til investorer og kunder.<\/li>\n\n\n\n<li><strong>Overholdelse af reglerne:<\/strong> F\u00f8lger EHS reglerne, opretholder et godt forhold til myndighederne og undg\u00e5r sanktioner.<\/li>\n\n\n\n<li><strong>Medarbejdernes trivsel:<\/strong> Prioriterer arbejdsgiverens sikkerhed og sundhed. Dermed forbedres motivationen og produktiviteten, og oms\u00e6tning og frav\u00e6r reduceres.<\/li>\n<\/ul>\n\n\n\n<h3 class=\"wp-block-heading\"><strong>Konklusion<\/strong><\/h3>\n\n\n\n<p>EHS risikostyring er afg\u00f8rende for en fremragende drift. Vores risikomatrix i Power BI er et godt v\u00e6rkt\u00f8j til at styre risici effektivt. EHS-risikostyring hj\u00e6lper virksomheder med at pr\u00e6stere bedre og reducere omkostningerne. Det hj\u00e6lper dem ogs\u00e5 med at overholde regler og opbygge en kultur med b\u00e6redygtighed og sikkerhed. I forhold til nutidens udfordringer er EHS-risikostyring gennem Power BI n\u00f8glen til succes.<\/p>","protected":false},"excerpt":{"rendered":"<p>Introduktion Industrier som minedrift og olie er afg\u00f8rende for den globale \u00f8konomi, da de leverer ressourcer og energi. Men de st\u00e5r over for udfordringer med hensyn til milj\u00f8-, sundheds- og sikkerhedsrisici (EHS). Virksomheder ser nu solid EHS-risikostyring som grundl\u00e6ggende for succes. Denne artikel ser p\u00e5, hvordan vores Power BI Risk Matrix kan forbedre EHS-risikostyringen. Forst\u00e5else af EHS-risici ... <\/p>","protected":false},"author":55,"featured_media":12952,"parent":0,"menu_order":0,"comment_status":"closed","ping_status":"closed","template":"","meta":{"footnotes":""},"class_list":["post-12944","page","type-page","status-publish","has-post-thumbnail","hentry","latest_post"],"_links":{"self":[{"href":"https:\/\/www.leaplytics.de\/da\/wp-json\/wp\/v2\/pages\/12944","targetHints":{"allow":["GET"]}}],"collection":[{"href":"https:\/\/www.leaplytics.de\/da\/wp-json\/wp\/v2\/pages"}],"about":[{"href":"https:\/\/www.leaplytics.de\/da\/wp-json\/wp\/v2\/types\/page"}],"author":[{"embeddable":true,"href":"https:\/\/www.leaplytics.de\/da\/wp-json\/wp\/v2\/users\/55"}],"replies":[{"embeddable":true,"href":"https:\/\/www.leaplytics.de\/da\/wp-json\/wp\/v2\/comments?post=12944"}],"version-history":[{"count":0,"href":"https:\/\/www.leaplytics.de\/da\/wp-json\/wp\/v2\/pages\/12944\/revisions"}],"wp:featuredmedia":[{"embeddable":true,"href":"https:\/\/www.leaplytics.de\/da\/wp-json\/wp\/v2\/media\/12952"}],"wp:attachment":[{"href":"https:\/\/www.leaplytics.de\/da\/wp-json\/wp\/v2\/media?parent=12944"}],"curies":[{"name":"wp","href":"https:\/\/api.w.org\/{rel}","templated":true}]}}