{"id":13065,"date":"2024-01-02T13:16:49","date_gmt":"2024-01-02T12:16:49","guid":{"rendered":"https:\/\/www.leaplytics.de\/?page_id=13065"},"modified":"2024-01-02T13:16:50","modified_gmt":"2024-01-02T12:16:50","slug":"power-bi-cybersecurity-risk-management","status":"publish","type":"page","link":"https:\/\/www.leaplytics.de\/da\/power-bi-cybersecurity-risk-management\/","title":{"rendered":"Power BI: Styring af cybersikkerhedsrisici"},"content":{"rendered":"<h3 class=\"wp-block-heading has-medium-font-size\">Introduktion<\/h3>\n\n\n\n<p>I dagens tempofyldte digitale verden er det afg\u00f8rende at styre cybersikkerhedsrisici. Denne artikel dykker ned i n\u00f8gleindsigter omkring risikostyring af cybersikkerhed. Vi understreger behovet for, at organisationer indf\u00f8rer risikostyringsstrategier i Power BI.<\/p>\n\n\n\n<h3 class=\"wp-block-heading has-medium-font-size\">Forst\u00e5else og optimering af cybersikkerhedsstrategier<\/h3>\n\n\n\n<p>Organisationer verden over investerer i cybersikkerhedsinitiativer for at mindske risici og reducere omkostninger ved at forhindre databrud og uplanlagt nedetid. Et grundl\u00e6ggende aspekt er at forst\u00e5 de typer af risici, man st\u00e5r over for. Det giver virksomhederne mulighed for at skr\u00e6ddersy effektive risikostyringsstrategier.<\/p>\n\n\n\n<p><strong>Trin 1 - Granul\u00e6r risikoklassificering: <\/strong><br>Effektiv risikostyring indeb\u00e6rer en pr\u00e6cis klassificering af risici. Denne granul\u00e6re tilgang g\u00f8r det muligt for organisationer at identificere og rangordne potentielle trusler.<\/p>\n\n\n\n<p><strong>Trin 2 - Proaktiv opdagelse af risici: <\/strong><br>En proaktiv tilgang til risikoopsporing er afg\u00f8rende. Organisationer er n\u00f8dt til at identificere potentielle trusler, f\u00f8r de eskalerer, hvilket forbedrer sikkerhedsberedskabet.<\/p>\n\n\n\n<p><strong>Trin 3 - Effektiv risikominimering: <\/strong><br>Effektiv risikobegr\u00e6nsning vurderer risici ud fra sandsynlighed og konsekvens. Ved at tildele ressourcer p\u00e5 passende vis minimeres sandsynligheden for h\u00e6ndelser, og risikostyringen optimeres.<\/p>\n\n\n\n<h3 class=\"wp-block-heading has-medium-font-size\">Key Performance Indicators (KPI'er) inden for cybersikkerhed<\/h3>\n\n\n\n<p>Integrering af KPI'er i risikostyring af cybersikkerhed giver brugbar indsigt:<\/p>\n\n\n\n<ul class=\"wp-block-list\">\n<li> Hurtig reaktion p\u00e5 h\u00e6ndelser: \u00d8jeblikkelig handling, n\u00e5r der er et problem, er n\u00f8glen til at holde tingene under kontrol. (KPI: <strong>Svartid<\/strong>)<\/li>\n<\/ul>\n\n\n\n<ul class=\"wp-block-list\">\n<li> Spotting af s\u00e5rbarheder: Hurtig identifikation og l\u00f8sning af svage punkter sikrer forbedret digital sikkerhed. (KPI: <strong>Identificerede risici<\/strong>\/mitigeret)<\/li>\n<\/ul>\n\n\n\n<ul class=\"wp-block-list\">\n<li>Kontrol af risikol\u00f8sninger: Overv\u00e5gning af effektiviteten af risikominimeringsplaner sikrer l\u00f8bende forbedringer. (KPI: <strong>Der opstod risici<\/strong>, [Finansiel] risikop\u00e5virkning)<\/li>\n<\/ul>\n\n\n\n<h3 class=\"wp-block-heading has-medium-font-size\">Risikomatrix til Power BI<\/h3>\n\n\n\n<figure class=\"wp-block-image size-full\"><img loading=\"lazy\" decoding=\"async\" width=\"1024\" height=\"576\" src=\"https:\/\/www.leaplytics.de\/wp-content\/uploads\/2024\/01\/Risk-Matrix.jpg\" alt=\"\" class=\"wp-image-13066\" srcset=\"https:\/\/www.leaplytics.de\/wp-content\/uploads\/2024\/01\/Risk-Matrix.jpg 1024w, https:\/\/www.leaplytics.de\/wp-content\/uploads\/2024\/01\/Risk-Matrix-300x169.jpg 300w, https:\/\/www.leaplytics.de\/wp-content\/uploads\/2024\/01\/Risk-Matrix-768x432.jpg 768w, https:\/\/www.leaplytics.de\/wp-content\/uploads\/2024\/01\/Risk-Matrix-107x60.jpg 107w\" sizes=\"auto, (max-width: 1024px) 100vw, 1024px\" \/><\/figure>\n\n\n\n<p>Hvordan risikomatrixen i Power BI vurderer risici:<\/p>\n\n\n\n<p>At forst\u00e5 sandsynligheden for og den potentielle effekt af en risiko hj\u00e6lper med at skabe et risikoscorekort.  Ved at kombinere disse dimensioner kan organisationer prioritere alvorlige risici.<\/p>\n\n\n\n<p>I form af vores Risk Matrix for Power BI leverer vi f\u00f8lgende l\u00f8sninger:<\/p>\n\n\n\n<ul class=\"wp-block-list\">\n<li> Dashboards i realtid: Vi kan oprette dashboards, der viser sikkerhedsinformation i realtid. Det hj\u00e6lper os med at vide, hvor sikre tingene er til enhver tid.<\/li>\n<\/ul>\n\n\n\n<ul class=\"wp-block-list\">\n<li>Visualisering af risikodata: Matrixen og de integrerede grafer viser risikom\u00e5l. Det g\u00f8r det nemt for alle at forst\u00e5, hvor alvorlige risiciene er.<\/li>\n<\/ul>\n\n\n\n<ul class=\"wp-block-list\">\n<li> Overv\u00e5gning og identifikation af tendenser: Vi kan bruge risikomatrixen til at kontrollere, om vi f\u00f8lger sikkerhedsreglerne. Den hj\u00e6lper os med at finde omr\u00e5der, hvor der er brug for flere sikkerhedsforanstaltninger, og med at forst\u00e5 tendenser til bedre sikkerhed.<\/li>\n<\/ul>\n\n\n\n<div class=\"wp-block-buttons is-layout-flex wp-block-buttons-is-layout-flex\">\n<div class=\"wp-block-button has-custom-font-size\" style=\"font-size:18px\"><a class=\"wp-block-button__link has-background wp-element-button\" href=\"https:\/\/www.leaplytics.de\/da\/forside\/projektledelse-brugerdefinerede-visualiseringer-microsoft-powerbi\/risiko-heatmap-brugerdefineret-visuel-til-power-bi\/\" style=\"background-color:#22316d\" rel=\"https:\/\/www.leaplytics.de\/frontpage\/project-management-custom-visuals-microsoft-powerbi\/risk-heatmap-custom-visual-for-power-bi\/\">Se vores tilpassede visuelle 'risikomatrix' til Power BI her!<\/a><\/div>\n<\/div>\n\n\n\n<p><\/p>\n\n\n\n<h3 class=\"wp-block-heading has-medium-font-size\">Konklusion<\/h3>\n\n\n\n<p>I lyset af de nye digitale trusler har organisationer brug for optimale risikostyringsstrategier. Det er vigtigt at forst\u00e5 dimensionerne af risici. En proaktiv tilgang til at afb\u00f8de trusler styrker virksomhedernes cybersikkerhed. Fokus er p\u00e5 at forenkle processer for at f\u00e5 en smart og effektiv tilgang til cybersikkerhed.<\/p>","protected":false},"excerpt":{"rendered":"<p>Introduktion I dagens tempofyldte digitale verden er det afg\u00f8rende at styre cybersikkerhedsrisici. Denne artikel dykker ned i n\u00f8gleindsigter omkring risikostyring af cybersikkerhed. Vi understreger behovet for, at organisationer indf\u00f8rer risikostyringsstrategier i Power BI. Forst\u00e5else og optimering af cybersikkerhedsstrategier Organisationer verden over investerer i cybersikkerhedsinitiativer for at mindske risici og reducere omkostninger ved at forhindre data... <\/p>","protected":false},"author":55,"featured_media":13070,"parent":0,"menu_order":0,"comment_status":"closed","ping_status":"closed","template":"","meta":{"footnotes":""},"class_list":["post-13065","page","type-page","status-publish","has-post-thumbnail","hentry","latest_post"],"_links":{"self":[{"href":"https:\/\/www.leaplytics.de\/da\/wp-json\/wp\/v2\/pages\/13065","targetHints":{"allow":["GET"]}}],"collection":[{"href":"https:\/\/www.leaplytics.de\/da\/wp-json\/wp\/v2\/pages"}],"about":[{"href":"https:\/\/www.leaplytics.de\/da\/wp-json\/wp\/v2\/types\/page"}],"author":[{"embeddable":true,"href":"https:\/\/www.leaplytics.de\/da\/wp-json\/wp\/v2\/users\/55"}],"replies":[{"embeddable":true,"href":"https:\/\/www.leaplytics.de\/da\/wp-json\/wp\/v2\/comments?post=13065"}],"version-history":[{"count":0,"href":"https:\/\/www.leaplytics.de\/da\/wp-json\/wp\/v2\/pages\/13065\/revisions"}],"wp:featuredmedia":[{"embeddable":true,"href":"https:\/\/www.leaplytics.de\/da\/wp-json\/wp\/v2\/media\/13070"}],"wp:attachment":[{"href":"https:\/\/www.leaplytics.de\/da\/wp-json\/wp\/v2\/media?parent=13065"}],"curies":[{"name":"wp","href":"https:\/\/api.w.org\/{rel}","templated":true}]}}